{"id":34406,"date":"2026-02-12T14:39:03","date_gmt":"2026-02-12T12:39:03","guid":{"rendered":"https:\/\/bunnyboo.ro\/?post_type=product&#038;p=34406"},"modified":"2026-02-12T14:39:03","modified_gmt":"2026-02-12T12:39:03","slug":"set-magnetic-pastel-mini-pack-32-piese-connetix","status":"publish","type":"product","link":"https:\/\/bunnyboo.ro\/en\/produs\/set-magnetic-pastel-mini-pack-32-piese-connetix\/","title":{"rendered":"Set magnetic Pastel Mini Pack 32 piese &#8211; Connetix"},"content":{"rendered":"<p>Descoper\u0103 bucuria construc\u021biilor magnetice \u0219i las\u0103 imagina\u021bia s\u0103 prind\u0103 via\u021b\u0103! Setul CONNETIX 32 piese Pastel Mini Pack este alegerea ideal\u0103 pentru a introduce copiii \u00een universul CONNETIX, oferind o experien\u021b\u0103 educativ\u0103 STEAM, fie acas\u0103, fie \u00een c\u0103l\u0103torii.<\/p>\n<p>Cu piese \u00een nuan\u021be pastel naturale, setul include p\u0103trate \u0219i triunghiuri (isoscele \u0219i echilaterale), perfecte pentru primele construc\u021bii creative.<\/p>\n<p><strong>Posibilit\u0103\u021bi nelimitate de joac\u0103<\/strong><\/p>\n<p>Fie c\u0103 este primul set CONNETIX sau o extensie a colec\u021biei existente, Mini Pack 32 piese este alegerea perfect\u0103 pentru:<\/p>\n<ul>\n<li>cadouri inspirate<\/li>\n<li>distrac\u021bie f\u0103r\u0103 ecrane \u00een vacan\u021be<\/li>\n<li>dezvoltarea creativit\u0103\u021bii zilnice<\/li>\n<\/ul>\n<p>Copiii vor fi \u00eencuraja\u021bi s\u0103 exploreze culorile, formele \u0219i tiparele, construind case, b\u0103rci, animale, parc\u0103ri, mandale \u0219i multe altele. Joaca liber\u0103 stimuleaz\u0103 imagina\u021bia, g\u00e2ndirea logic\u0103 \u0219i \u00eenv\u0103\u021barea prin experien\u021b\u0103.<\/p>\n<p><strong>Creat pentru m\u00e2ini mici<\/strong><\/p>\n<p>Designul special CONNETIX cu margini te\u015fite (bevel design) ofer\u0103 un efect vizual clar \u0219i construc\u021bii mai rezistente. Piesele sunt proiectate s\u0103 \u201ecreasc\u0103\u201d odat\u0103 cu copilul, pe m\u0103sur\u0103 ce abilit\u0103\u021bile \u0219i complexitatea construc\u021biilor evolueaz\u0103.<\/p>\n<p>Poate fi combinat cu orice alt set din gama CONNETIX pentru construc\u021bii mai mari \u0219i mai spectaculoase.<\/p>\n<p><strong>Siguran\u021b\u0103 premium<\/strong><\/p>\n<ul>\n<li>Fabricat din plastic ABS non-toxic<\/li>\n<li>F\u0103r\u0103 BPA \u0219i ftala\u021bi<\/li>\n<li>Sigilat ultrasonic \u0219i nituit pentru durabilitate \u0219i siguran\u021b\u0103 suplimentar\u0103<\/li>\n<li>Recomandat pentru copii 3+ ani<\/li>\n<\/ul>\n","protected":false},"excerpt":{"rendered":"<p>Descoper\u0103 bucuria construc\u021biilor magnetice \u0219i las\u0103 imagina\u021bia s\u0103 prind\u0103 via\u021b\u0103! Setul CONNETIX 32 piese Pastel Mini Pack este alegerea ideal\u0103 pentru a introduce copiii \u00een universul CONNETIX, oferind o experien\u021b\u0103 educativ\u0103 STEAM, fie acas\u0103, fie \u00een c\u0103l\u0103torii. Cu piese \u00een nuan\u021be pastel naturale, setul include p\u0103trate \u0219i triunghiuri (isoscele \u0219i echilaterale), perfecte pentru primele construc\u021bii [&hellip;]<\/p>\n","protected":false},"featured_media":34407,"comment_status":"open","ping_status":"closed","template":"","meta":{"site-sidebar-layout":"default","site-content-layout":"","ast-site-content-layout":"default","site-content-style":"default","site-sidebar-style":"default","ast-global-header-display":"","ast-banner-title-visibility":"","ast-main-header-display":"","ast-hfb-above-header-display":"","ast-hfb-below-header-display":"","ast-hfb-mobile-header-display":"","site-post-title":"","ast-breadcrumbs-content":"","ast-featured-img":"","footer-sml-layout":"","theme-transparent-header-meta":"default","adv-header-id-meta":"","stick-header-meta":"default","header-above-stick-meta":"","header-main-stick-meta":"","header-below-stick-meta":"","astra-migrate-meta-layouts":"set","ast-page-background-enabled":"default","ast-page-background-meta":{"desktop":{"background-color":"","background-image":"","background-repeat":"repeat","background-position":"center center","background-size":"auto","background-attachment":"scroll","background-type":"","background-media":"","overlay-type":"","overlay-color":"","overlay-opacity":"","overlay-gradient":""},"tablet":{"background-color":"","background-image":"","background-repeat":"repeat","background-position":"center center","background-size":"auto","background-attachment":"scroll","background-type":"","background-media":"","overlay-type":"","overlay-color":"","overlay-opacity":"","overlay-gradient":""},"mobile":{"background-color":"","background-image":"","background-repeat":"repeat","background-position":"center center","background-size":"auto","background-attachment":"scroll","background-type":"","background-media":"","overlay-type":"","overlay-color":"","overlay-opacity":"","overlay-gradient":""}},"ast-content-background-meta":{"desktop":{"background-color":"var(--ast-global-color-5)","background-image":"","background-repeat":"repeat","background-position":"center center","background-size":"auto","background-attachment":"scroll","background-type":"","background-media":"","overlay-type":"","overlay-color":"","overlay-opacity":"","overlay-gradient":""},"tablet":{"background-color":"var(--ast-global-color-5)","background-image":"","background-repeat":"repeat","background-position":"center center","background-size":"auto","background-attachment":"scroll","background-type":"","background-media":"","overlay-type":"","overlay-color":"","overlay-opacity":"","overlay-gradient":""},"mobile":{"background-color":"var(--ast-global-color-5)","background-image":"","background-repeat":"repeat","background-position":"center center","background-size":"auto","background-attachment":"scroll","background-type":"","background-media":"","overlay-type":"","overlay-color":"","overlay-opacity":"","overlay-gradient":""}}},"product_brand":[],"product_cat":[65,95],"product_tag":[],"class_list":{"0":"post-34406","1":"product","2":"type-product","3":"status-publish","4":"has-post-thumbnail","6":"product_cat-noutati-minunate-pentru-puiul-tau","7":"product_cat-distractie-fara-limite-cu-seturile-magnetice","8":"desktop-align-left","9":"tablet-align-left","10":"mobile-align-left","11":"ast-product-gallery-layout-horizontal-slider","12":"ast-product-tabs-layout-vertical","13":"ast-qv-on-image","15":"first","16":"instock","17":"shipping-taxable","18":"purchasable","19":"product-type-simple"},"yoast_head":"<!-- This site is optimized with the Yoast SEO plugin v22.6 - https:\/\/yoast.com\/wordpress\/plugins\/seo\/ -->\n<title>Set magnetic Pastel Mini Pack 32 piese - Connetix<\/title>\n<meta name=\"robots\" content=\"index, follow, max-snippet:-1, max-image-preview:large, max-video-preview:-1\" \/>\n<link rel=\"canonical\" href=\"https:\/\/bunnyboo.ro\/produs\/set-magnetic-pastel-mini-pack-32-piese-connetix\/\" \/>\n<meta property=\"og:locale\" content=\"en_US\" \/>\n<meta property=\"og:type\" content=\"article\" \/>\n<meta property=\"og:title\" content=\"Set magnetic Pastel Mini Pack 32 piese - Connetix\" \/>\n<meta property=\"og:description\" content=\"Descoper\u0103 bucuria construc\u021biilor magnetice \u0219i las\u0103 imagina\u021bia s\u0103 prind\u0103 via\u021b\u0103! Setul CONNETIX 32 piese Pastel Mini Pack este alegerea ideal\u0103 pentru a introduce copiii \u00een universul CONNETIX, oferind o experien\u021b\u0103 educativ\u0103 STEAM, fie acas\u0103, fie \u00een c\u0103l\u0103torii. Cu piese \u00een nuan\u021be pastel naturale, setul include p\u0103trate \u0219i triunghiuri (isoscele \u0219i echilaterale), perfecte pentru primele construc\u021bii [&hellip;]\" \/>\n<meta property=\"og:url\" content=\"https:\/\/bunnyboo.ro\/produs\/set-magnetic-pastel-mini-pack-32-piese-connetix\/\" \/>\n<meta property=\"og:site_name\" content=\"Bunny Boo\" \/>\n<meta property=\"og:image\" content=\"https:\/\/bunnyboo.ro\/wp-content\/uploads\/2026\/02\/1-removebg-preview.png\" \/>\n\t<meta property=\"og:image:width\" content=\"500\" \/>\n\t<meta property=\"og:image:height\" content=\"500\" \/>\n\t<meta property=\"og:image:type\" content=\"image\/png\" \/>\n<meta name=\"twitter:card\" content=\"summary_large_image\" \/>\n<meta name=\"twitter:label1\" content=\"Est. reading time\" \/>\n\t<meta name=\"twitter:data1\" content=\"2 minutes\" \/>\n<script type=\"application\/ld+json\" class=\"yoast-schema-graph\">{\"@context\":\"https:\/\/schema.org\",\"@graph\":[{\"@type\":\"WebPage\",\"@id\":\"https:\/\/bunnyboo.ro\/produs\/set-magnetic-pastel-mini-pack-32-piese-connetix\/\",\"url\":\"https:\/\/bunnyboo.ro\/produs\/set-magnetic-pastel-mini-pack-32-piese-connetix\/\",\"name\":\"Set magnetic Pastel Mini Pack 32 piese - Connetix\",\"isPartOf\":{\"@id\":\"https:\/\/bunnyboo.ro\/#website\"},\"primaryImageOfPage\":{\"@id\":\"https:\/\/bunnyboo.ro\/produs\/set-magnetic-pastel-mini-pack-32-piese-connetix\/#primaryimage\"},\"image\":{\"@id\":\"https:\/\/bunnyboo.ro\/produs\/set-magnetic-pastel-mini-pack-32-piese-connetix\/#primaryimage\"},\"thumbnailUrl\":\"https:\/\/bunnyboo.ro\/wp-content\/uploads\/2026\/02\/1-removebg-preview.png\",\"datePublished\":\"2026-02-12T12:39:03+00:00\",\"dateModified\":\"2026-02-12T12:39:03+00:00\",\"breadcrumb\":{\"@id\":\"https:\/\/bunnyboo.ro\/produs\/set-magnetic-pastel-mini-pack-32-piese-connetix\/#breadcrumb\"},\"inLanguage\":\"en-US\",\"potentialAction\":[{\"@type\":\"ReadAction\",\"target\":[\"https:\/\/bunnyboo.ro\/produs\/set-magnetic-pastel-mini-pack-32-piese-connetix\/\"]}]},{\"@type\":\"ImageObject\",\"inLanguage\":\"en-US\",\"@id\":\"https:\/\/bunnyboo.ro\/produs\/set-magnetic-pastel-mini-pack-32-piese-connetix\/#primaryimage\",\"url\":\"https:\/\/bunnyboo.ro\/wp-content\/uploads\/2026\/02\/1-removebg-preview.png\",\"contentUrl\":\"https:\/\/bunnyboo.ro\/wp-content\/uploads\/2026\/02\/1-removebg-preview.png\",\"width\":500,\"height\":500},{\"@type\":\"BreadcrumbList\",\"@id\":\"https:\/\/bunnyboo.ro\/produs\/set-magnetic-pastel-mini-pack-32-piese-connetix\/#breadcrumb\",\"itemListElement\":[{\"@type\":\"ListItem\",\"position\":1,\"name\":\"Home\",\"item\":\"https:\/\/bunnyboo.ro\/en\/\"},{\"@type\":\"ListItem\",\"position\":2,\"name\":\"New\",\"item\":\"https:\/\/bunnyboo.ro\/en\/shop\/\"},{\"@type\":\"ListItem\",\"position\":3,\"name\":\"Set magnetic Pastel Mini Pack 32 piese &#8211; Connetix\"}]},{\"@type\":\"WebSite\",\"@id\":\"https:\/\/bunnyboo.ro\/#website\",\"url\":\"https:\/\/bunnyboo.ro\/\",\"name\":\"Bunny Boo\",\"description\":\"Bunny Boo\",\"publisher\":{\"@id\":\"https:\/\/bunnyboo.ro\/#organization\"},\"potentialAction\":[{\"@type\":\"SearchAction\",\"target\":{\"@type\":\"EntryPoint\",\"urlTemplate\":\"https:\/\/bunnyboo.ro\/?s={search_term_string}\"},\"query-input\":\"required name=search_term_string\"}],\"inLanguage\":\"en-US\"},{\"@type\":\"Organization\",\"@id\":\"https:\/\/bunnyboo.ro\/#organization\",\"name\":\"Bunny Boo\",\"url\":\"https:\/\/bunnyboo.ro\/\",\"logo\":{\"@type\":\"ImageObject\",\"inLanguage\":\"en-US\",\"@id\":\"https:\/\/bunnyboo.ro\/#\/schema\/logo\/image\/\",\"url\":\"https:\/\/bunnyboo.ro\/wp-content\/uploads\/2024\/03\/Logo-website-black.png\",\"contentUrl\":\"https:\/\/bunnyboo.ro\/wp-content\/uploads\/2024\/03\/Logo-website-black.png\",\"width\":2422,\"height\":946,\"caption\":\"Bunny Boo\"},\"image\":{\"@id\":\"https:\/\/bunnyboo.ro\/#\/schema\/logo\/image\/\"}}]}<\/script>\n<!-- \/ Yoast SEO plugin. -->","yoast_head_json":{"title":"Set magnetic Pastel Mini Pack 32 piese - Connetix","robots":{"index":"index","follow":"follow","max-snippet":"max-snippet:-1","max-image-preview":"max-image-preview:large","max-video-preview":"max-video-preview:-1"},"canonical":"https:\/\/bunnyboo.ro\/produs\/set-magnetic-pastel-mini-pack-32-piese-connetix\/","og_locale":"en_US","og_type":"article","og_title":"Set magnetic Pastel Mini Pack 32 piese - Connetix","og_description":"Descoper\u0103 bucuria construc\u021biilor magnetice \u0219i las\u0103 imagina\u021bia s\u0103 prind\u0103 via\u021b\u0103! Setul CONNETIX 32 piese Pastel Mini Pack este alegerea ideal\u0103 pentru a introduce copiii \u00een universul CONNETIX, oferind o experien\u021b\u0103 educativ\u0103 STEAM, fie acas\u0103, fie \u00een c\u0103l\u0103torii. Cu piese \u00een nuan\u021be pastel naturale, setul include p\u0103trate \u0219i triunghiuri (isoscele \u0219i echilaterale), perfecte pentru primele construc\u021bii [&hellip;]","og_url":"https:\/\/bunnyboo.ro\/produs\/set-magnetic-pastel-mini-pack-32-piese-connetix\/","og_site_name":"Bunny Boo","og_image":[{"width":500,"height":500,"url":"https:\/\/bunnyboo.ro\/wp-content\/uploads\/2026\/02\/1-removebg-preview.png","type":"image\/png"}],"twitter_card":"summary_large_image","twitter_misc":{"Est. reading time":"2 minutes"},"schema":{"@context":"https:\/\/schema.org","@graph":[{"@type":"WebPage","@id":"https:\/\/bunnyboo.ro\/produs\/set-magnetic-pastel-mini-pack-32-piese-connetix\/","url":"https:\/\/bunnyboo.ro\/produs\/set-magnetic-pastel-mini-pack-32-piese-connetix\/","name":"Set magnetic Pastel Mini Pack 32 piese - Connetix","isPartOf":{"@id":"https:\/\/bunnyboo.ro\/#website"},"primaryImageOfPage":{"@id":"https:\/\/bunnyboo.ro\/produs\/set-magnetic-pastel-mini-pack-32-piese-connetix\/#primaryimage"},"image":{"@id":"https:\/\/bunnyboo.ro\/produs\/set-magnetic-pastel-mini-pack-32-piese-connetix\/#primaryimage"},"thumbnailUrl":"https:\/\/bunnyboo.ro\/wp-content\/uploads\/2026\/02\/1-removebg-preview.png","datePublished":"2026-02-12T12:39:03+00:00","dateModified":"2026-02-12T12:39:03+00:00","breadcrumb":{"@id":"https:\/\/bunnyboo.ro\/produs\/set-magnetic-pastel-mini-pack-32-piese-connetix\/#breadcrumb"},"inLanguage":"en-US","potentialAction":[{"@type":"ReadAction","target":["https:\/\/bunnyboo.ro\/produs\/set-magnetic-pastel-mini-pack-32-piese-connetix\/"]}]},{"@type":"ImageObject","inLanguage":"en-US","@id":"https:\/\/bunnyboo.ro\/produs\/set-magnetic-pastel-mini-pack-32-piese-connetix\/#primaryimage","url":"https:\/\/bunnyboo.ro\/wp-content\/uploads\/2026\/02\/1-removebg-preview.png","contentUrl":"https:\/\/bunnyboo.ro\/wp-content\/uploads\/2026\/02\/1-removebg-preview.png","width":500,"height":500},{"@type":"BreadcrumbList","@id":"https:\/\/bunnyboo.ro\/produs\/set-magnetic-pastel-mini-pack-32-piese-connetix\/#breadcrumb","itemListElement":[{"@type":"ListItem","position":1,"name":"Home","item":"https:\/\/bunnyboo.ro\/en\/"},{"@type":"ListItem","position":2,"name":"New","item":"https:\/\/bunnyboo.ro\/en\/shop\/"},{"@type":"ListItem","position":3,"name":"Set magnetic Pastel Mini Pack 32 piese &#8211; Connetix"}]},{"@type":"WebSite","@id":"https:\/\/bunnyboo.ro\/#website","url":"https:\/\/bunnyboo.ro\/","name":"Bunny Boo","description":"Bunny Boo","publisher":{"@id":"https:\/\/bunnyboo.ro\/#organization"},"potentialAction":[{"@type":"SearchAction","target":{"@type":"EntryPoint","urlTemplate":"https:\/\/bunnyboo.ro\/?s={search_term_string}"},"query-input":"required name=search_term_string"}],"inLanguage":"en-US"},{"@type":"Organization","@id":"https:\/\/bunnyboo.ro\/#organization","name":"Bunny Boo","url":"https:\/\/bunnyboo.ro\/","logo":{"@type":"ImageObject","inLanguage":"en-US","@id":"https:\/\/bunnyboo.ro\/#\/schema\/logo\/image\/","url":"https:\/\/bunnyboo.ro\/wp-content\/uploads\/2024\/03\/Logo-website-black.png","contentUrl":"https:\/\/bunnyboo.ro\/wp-content\/uploads\/2024\/03\/Logo-website-black.png","width":2422,"height":946,"caption":"Bunny Boo"},"image":{"@id":"https:\/\/bunnyboo.ro\/#\/schema\/logo\/image\/"}}]}},"_links":{"self":[{"href":"https:\/\/bunnyboo.ro\/en\/wp-json\/wp\/v2\/product\/34406","targetHints":{"allow":["GET"]}}],"collection":[{"href":"https:\/\/bunnyboo.ro\/en\/wp-json\/wp\/v2\/product"}],"about":[{"href":"https:\/\/bunnyboo.ro\/en\/wp-json\/wp\/v2\/types\/product"}],"replies":[{"embeddable":true,"href":"https:\/\/bunnyboo.ro\/en\/wp-json\/wp\/v2\/comments?post=34406"}],"wp:featuredmedia":[{"embeddable":true,"href":"https:\/\/bunnyboo.ro\/en\/wp-json\/wp\/v2\/media\/34407"}],"wp:attachment":[{"href":"https:\/\/bunnyboo.ro\/en\/wp-json\/wp\/v2\/media?parent=34406"}],"wp:term":[{"taxonomy":"product_brand","embeddable":true,"href":"https:\/\/bunnyboo.ro\/en\/wp-json\/wp\/v2\/product_brand?post=34406"},{"taxonomy":"product_cat","embeddable":true,"href":"https:\/\/bunnyboo.ro\/en\/wp-json\/wp\/v2\/product_cat?post=34406"},{"taxonomy":"product_tag","embeddable":true,"href":"https:\/\/bunnyboo.ro\/en\/wp-json\/wp\/v2\/product_tag?post=34406"}],"curies":[{"name":"wp","href":"https:\/\/api.w.org\/{rel}","templated":true}]}}