{"id":34293,"date":"2026-02-10T14:31:07","date_gmt":"2026-02-10T12:31:07","guid":{"rendered":"https:\/\/bunnyboo.ro\/?post_type=product&#038;p=34293"},"modified":"2026-02-10T14:45:46","modified_gmt":"2026-02-10T12:45:46","slug":"espressor-de-cafea-din-lemn-fsc-green-little-dutch","status":"publish","type":"product","link":"https:\/\/bunnyboo.ro\/en\/produs\/espressor-de-cafea-din-lemn-fsc-green-little-dutch\/","title":{"rendered":"Espressor de cafea din lemn FSC &#8211; Green &#8211; Little Dutch"},"content":{"rendered":"<p>Copiii sunt fascina\u021bi s\u0103 fac\u0103 activit\u0103\u021bi pe care le fac adul\u021bii. Cum ar fi s\u0103 preg\u0103teasc\u0103 o cafea delicioas\u0103. Cafetiera din lemn Little Dutch este echipat\u0103 cu dou\u0103 ce\u0219ti, dou\u0103 linguri\u021be \u0219i cinci variante de cafea pentru amuzamentul \u0219i distrac\u021bia copiilor. Este un accesoriu care se integreaz\u0103 perfect \u00een buc\u0103t\u0103ria Little Dutch, al\u0103turi de pr\u0103jitorul de p\u00e2ine din lemn.<\/p>\n<p>Este realizat\u0103 integral din lemn, respect\u00e2nd toate standardele de siguran\u021b\u0103, vopsit\u0103 doar cu lacuri \u0219i vopsele pe baz\u0103 de ap\u0103, iar \u00eembin\u0103rile sunt realizate cu adezivi care nu con\u021bin formaldehide \u0219i nu eman\u0103 compu\u0219i organici volatili care ar putea fi nocivi pentru s\u0103n\u0103tatea uman\u0103.<\/p>\n<p>Prin utilizarea juc\u0103riilor de rol, copiii sunt \u00eencuraja\u021bi s\u0103 exploreze \u0219i s\u0103 dob\u00e2ndeasc\u0103 abilit\u0103\u021bi sociale, lingvistice \u0219i s\u0103-\u0219i dezvolte imagina\u021bia. Jocurile de rol implic\u0103 limbajul, cogni\u021bia, emo\u021biile, iar prin intermediul lor se realizeaz\u0103 conexiuni sinaptice \u00eentre p\u0103r\u021bi ale creierului.<\/p>\n<p>&nbsp;<\/p>\n<p>V\u00e2rsta recomandat\u0103: 3 ani+<\/p>\n<p>Dimensiuni produs: 23,1 \u00d7 24,2 \u00d7 13 cm<\/p>\n<p>Greutate produs: 1,4 kg<\/p>\n<p>Material: Lemn cu certificare FSC<\/p>\n<p>Marca: Little Dutch<\/p>\n<p>&nbsp;<\/p>\n","protected":false},"excerpt":{"rendered":"<p>Copiii sunt fascina\u021bi s\u0103 fac\u0103 activit\u0103\u021bi pe care le fac adul\u021bii. Cum ar fi s\u0103 preg\u0103teasc\u0103 o cafea delicioas\u0103. Cafetiera din lemn Little Dutch este echipat\u0103 cu dou\u0103 ce\u0219ti, dou\u0103 linguri\u021be \u0219i cinci variante de cafea pentru amuzamentul \u0219i distrac\u021bia copiilor. Este un accesoriu care se integreaz\u0103 perfect \u00een buc\u0103t\u0103ria Little Dutch, al\u0103turi de pr\u0103jitorul [&hellip;]<\/p>\n","protected":false},"featured_media":34339,"comment_status":"open","ping_status":"closed","template":"","meta":{"site-sidebar-layout":"default","site-content-layout":"","ast-site-content-layout":"default","site-content-style":"default","site-sidebar-style":"default","ast-global-header-display":"","ast-banner-title-visibility":"","ast-main-header-display":"","ast-hfb-above-header-display":"","ast-hfb-below-header-display":"","ast-hfb-mobile-header-display":"","site-post-title":"","ast-breadcrumbs-content":"","ast-featured-img":"","footer-sml-layout":"","theme-transparent-header-meta":"default","adv-header-id-meta":"","stick-header-meta":"default","header-above-stick-meta":"","header-main-stick-meta":"","header-below-stick-meta":"","astra-migrate-meta-layouts":"set","ast-page-background-enabled":"default","ast-page-background-meta":{"desktop":{"background-color":"","background-image":"","background-repeat":"repeat","background-position":"center center","background-size":"auto","background-attachment":"scroll","background-type":"","background-media":"","overlay-type":"","overlay-color":"","overlay-opacity":"","overlay-gradient":""},"tablet":{"background-color":"","background-image":"","background-repeat":"repeat","background-position":"center center","background-size":"auto","background-attachment":"scroll","background-type":"","background-media":"","overlay-type":"","overlay-color":"","overlay-opacity":"","overlay-gradient":""},"mobile":{"background-color":"","background-image":"","background-repeat":"repeat","background-position":"center center","background-size":"auto","background-attachment":"scroll","background-type":"","background-media":"","overlay-type":"","overlay-color":"","overlay-opacity":"","overlay-gradient":""}},"ast-content-background-meta":{"desktop":{"background-color":"var(--ast-global-color-5)","background-image":"","background-repeat":"repeat","background-position":"center center","background-size":"auto","background-attachment":"scroll","background-type":"","background-media":"","overlay-type":"","overlay-color":"","overlay-opacity":"","overlay-gradient":""},"tablet":{"background-color":"var(--ast-global-color-5)","background-image":"","background-repeat":"repeat","background-position":"center center","background-size":"auto","background-attachment":"scroll","background-type":"","background-media":"","overlay-type":"","overlay-color":"","overlay-opacity":"","overlay-gradient":""},"mobile":{"background-color":"var(--ast-global-color-5)","background-image":"","background-repeat":"repeat","background-position":"center center","background-size":"auto","background-attachment":"scroll","background-type":"","background-media":"","overlay-type":"","overlay-color":"","overlay-opacity":"","overlay-gradient":""}}},"product_brand":[],"product_cat":[50,65,67],"product_tag":[],"class_list":{"0":"post-34293","1":"product","2":"type-product","3":"status-publish","4":"has-post-thumbnail","6":"product_cat-jucarii-din-lemn-pentru-puiul-tau","7":"product_cat-noutati-minunate-pentru-puiul-tau","8":"product_cat-papusi-adorabile-si-accesoriile-lor-deosebite","9":"desktop-align-left","10":"tablet-align-left","11":"mobile-align-left","12":"ast-product-gallery-layout-horizontal-slider","13":"ast-product-tabs-layout-vertical","14":"ast-qv-on-image","16":"first","17":"instock","18":"shipping-taxable","19":"purchasable","20":"product-type-simple"},"yoast_head":"<!-- This site is optimized with the Yoast SEO plugin v22.6 - https:\/\/yoast.com\/wordpress\/plugins\/seo\/ -->\n<title>Espressor de cafea din lemn FSC - Green - Little Dutch<\/title>\n<meta name=\"robots\" content=\"index, follow, max-snippet:-1, max-image-preview:large, max-video-preview:-1\" \/>\n<link rel=\"canonical\" href=\"https:\/\/bunnyboo.ro\/produs\/espressor-de-cafea-din-lemn-fsc-green-little-dutch\/\" \/>\n<meta property=\"og:locale\" content=\"en_US\" \/>\n<meta property=\"og:type\" content=\"article\" \/>\n<meta property=\"og:title\" content=\"Espressor de cafea din lemn FSC - Green - Little Dutch\" \/>\n<meta property=\"og:description\" content=\"Copiii sunt fascina\u021bi s\u0103 fac\u0103 activit\u0103\u021bi pe care le fac adul\u021bii. Cum ar fi s\u0103 preg\u0103teasc\u0103 o cafea delicioas\u0103. Cafetiera din lemn Little Dutch este echipat\u0103 cu dou\u0103 ce\u0219ti, dou\u0103 linguri\u021be \u0219i cinci variante de cafea pentru amuzamentul \u0219i distrac\u021bia copiilor. Este un accesoriu care se integreaz\u0103 perfect \u00een buc\u0103t\u0103ria Little Dutch, al\u0103turi de pr\u0103jitorul [&hellip;]\" \/>\n<meta property=\"og:url\" content=\"https:\/\/bunnyboo.ro\/produs\/espressor-de-cafea-din-lemn-fsc-green-little-dutch\/\" \/>\n<meta property=\"og:site_name\" content=\"Bunny Boo\" \/>\n<meta property=\"article:modified_time\" content=\"2026-02-10T12:45:46+00:00\" \/>\n<meta property=\"og:image\" content=\"https:\/\/bunnyboo.ro\/wp-content\/uploads\/2026\/02\/aa.png\" \/>\n\t<meta property=\"og:image:width\" content=\"500\" \/>\n\t<meta property=\"og:image:height\" content=\"500\" \/>\n\t<meta property=\"og:image:type\" content=\"image\/png\" \/>\n<meta name=\"twitter:card\" content=\"summary_large_image\" \/>\n<meta name=\"twitter:label1\" content=\"Est. reading time\" \/>\n\t<meta name=\"twitter:data1\" content=\"1 minute\" \/>\n<script type=\"application\/ld+json\" class=\"yoast-schema-graph\">{\"@context\":\"https:\/\/schema.org\",\"@graph\":[{\"@type\":\"WebPage\",\"@id\":\"https:\/\/bunnyboo.ro\/produs\/espressor-de-cafea-din-lemn-fsc-green-little-dutch\/\",\"url\":\"https:\/\/bunnyboo.ro\/produs\/espressor-de-cafea-din-lemn-fsc-green-little-dutch\/\",\"name\":\"Espressor de cafea din lemn FSC - Green - Little Dutch\",\"isPartOf\":{\"@id\":\"https:\/\/bunnyboo.ro\/#website\"},\"primaryImageOfPage\":{\"@id\":\"https:\/\/bunnyboo.ro\/produs\/espressor-de-cafea-din-lemn-fsc-green-little-dutch\/#primaryimage\"},\"image\":{\"@id\":\"https:\/\/bunnyboo.ro\/produs\/espressor-de-cafea-din-lemn-fsc-green-little-dutch\/#primaryimage\"},\"thumbnailUrl\":\"https:\/\/bunnyboo.ro\/wp-content\/uploads\/2026\/02\/aa.png\",\"datePublished\":\"2026-02-10T12:31:07+00:00\",\"dateModified\":\"2026-02-10T12:45:46+00:00\",\"breadcrumb\":{\"@id\":\"https:\/\/bunnyboo.ro\/produs\/espressor-de-cafea-din-lemn-fsc-green-little-dutch\/#breadcrumb\"},\"inLanguage\":\"en-US\",\"potentialAction\":[{\"@type\":\"ReadAction\",\"target\":[\"https:\/\/bunnyboo.ro\/produs\/espressor-de-cafea-din-lemn-fsc-green-little-dutch\/\"]}]},{\"@type\":\"ImageObject\",\"inLanguage\":\"en-US\",\"@id\":\"https:\/\/bunnyboo.ro\/produs\/espressor-de-cafea-din-lemn-fsc-green-little-dutch\/#primaryimage\",\"url\":\"https:\/\/bunnyboo.ro\/wp-content\/uploads\/2026\/02\/aa.png\",\"contentUrl\":\"https:\/\/bunnyboo.ro\/wp-content\/uploads\/2026\/02\/aa.png\",\"width\":500,\"height\":500},{\"@type\":\"BreadcrumbList\",\"@id\":\"https:\/\/bunnyboo.ro\/produs\/espressor-de-cafea-din-lemn-fsc-green-little-dutch\/#breadcrumb\",\"itemListElement\":[{\"@type\":\"ListItem\",\"position\":1,\"name\":\"Home\",\"item\":\"https:\/\/bunnyboo.ro\/en\/\"},{\"@type\":\"ListItem\",\"position\":2,\"name\":\"New\",\"item\":\"https:\/\/bunnyboo.ro\/en\/shop\/\"},{\"@type\":\"ListItem\",\"position\":3,\"name\":\"Espressor de cafea din lemn FSC &#8211; Green &#8211; Little Dutch\"}]},{\"@type\":\"WebSite\",\"@id\":\"https:\/\/bunnyboo.ro\/#website\",\"url\":\"https:\/\/bunnyboo.ro\/\",\"name\":\"Bunny Boo\",\"description\":\"Bunny Boo\",\"publisher\":{\"@id\":\"https:\/\/bunnyboo.ro\/#organization\"},\"potentialAction\":[{\"@type\":\"SearchAction\",\"target\":{\"@type\":\"EntryPoint\",\"urlTemplate\":\"https:\/\/bunnyboo.ro\/?s={search_term_string}\"},\"query-input\":\"required name=search_term_string\"}],\"inLanguage\":\"en-US\"},{\"@type\":\"Organization\",\"@id\":\"https:\/\/bunnyboo.ro\/#organization\",\"name\":\"Bunny Boo\",\"url\":\"https:\/\/bunnyboo.ro\/\",\"logo\":{\"@type\":\"ImageObject\",\"inLanguage\":\"en-US\",\"@id\":\"https:\/\/bunnyboo.ro\/#\/schema\/logo\/image\/\",\"url\":\"https:\/\/bunnyboo.ro\/wp-content\/uploads\/2024\/03\/Logo-website-black.png\",\"contentUrl\":\"https:\/\/bunnyboo.ro\/wp-content\/uploads\/2024\/03\/Logo-website-black.png\",\"width\":2422,\"height\":946,\"caption\":\"Bunny Boo\"},\"image\":{\"@id\":\"https:\/\/bunnyboo.ro\/#\/schema\/logo\/image\/\"}}]}<\/script>\n<!-- \/ Yoast SEO plugin. -->","yoast_head_json":{"title":"Espressor de cafea din lemn FSC - Green - Little Dutch","robots":{"index":"index","follow":"follow","max-snippet":"max-snippet:-1","max-image-preview":"max-image-preview:large","max-video-preview":"max-video-preview:-1"},"canonical":"https:\/\/bunnyboo.ro\/produs\/espressor-de-cafea-din-lemn-fsc-green-little-dutch\/","og_locale":"en_US","og_type":"article","og_title":"Espressor de cafea din lemn FSC - Green - Little Dutch","og_description":"Copiii sunt fascina\u021bi s\u0103 fac\u0103 activit\u0103\u021bi pe care le fac adul\u021bii. Cum ar fi s\u0103 preg\u0103teasc\u0103 o cafea delicioas\u0103. Cafetiera din lemn Little Dutch este echipat\u0103 cu dou\u0103 ce\u0219ti, dou\u0103 linguri\u021be \u0219i cinci variante de cafea pentru amuzamentul \u0219i distrac\u021bia copiilor. Este un accesoriu care se integreaz\u0103 perfect \u00een buc\u0103t\u0103ria Little Dutch, al\u0103turi de pr\u0103jitorul [&hellip;]","og_url":"https:\/\/bunnyboo.ro\/produs\/espressor-de-cafea-din-lemn-fsc-green-little-dutch\/","og_site_name":"Bunny Boo","article_modified_time":"2026-02-10T12:45:46+00:00","og_image":[{"width":500,"height":500,"url":"https:\/\/bunnyboo.ro\/wp-content\/uploads\/2026\/02\/aa.png","type":"image\/png"}],"twitter_card":"summary_large_image","twitter_misc":{"Est. reading time":"1 minute"},"schema":{"@context":"https:\/\/schema.org","@graph":[{"@type":"WebPage","@id":"https:\/\/bunnyboo.ro\/produs\/espressor-de-cafea-din-lemn-fsc-green-little-dutch\/","url":"https:\/\/bunnyboo.ro\/produs\/espressor-de-cafea-din-lemn-fsc-green-little-dutch\/","name":"Espressor de cafea din lemn FSC - Green - Little Dutch","isPartOf":{"@id":"https:\/\/bunnyboo.ro\/#website"},"primaryImageOfPage":{"@id":"https:\/\/bunnyboo.ro\/produs\/espressor-de-cafea-din-lemn-fsc-green-little-dutch\/#primaryimage"},"image":{"@id":"https:\/\/bunnyboo.ro\/produs\/espressor-de-cafea-din-lemn-fsc-green-little-dutch\/#primaryimage"},"thumbnailUrl":"https:\/\/bunnyboo.ro\/wp-content\/uploads\/2026\/02\/aa.png","datePublished":"2026-02-10T12:31:07+00:00","dateModified":"2026-02-10T12:45:46+00:00","breadcrumb":{"@id":"https:\/\/bunnyboo.ro\/produs\/espressor-de-cafea-din-lemn-fsc-green-little-dutch\/#breadcrumb"},"inLanguage":"en-US","potentialAction":[{"@type":"ReadAction","target":["https:\/\/bunnyboo.ro\/produs\/espressor-de-cafea-din-lemn-fsc-green-little-dutch\/"]}]},{"@type":"ImageObject","inLanguage":"en-US","@id":"https:\/\/bunnyboo.ro\/produs\/espressor-de-cafea-din-lemn-fsc-green-little-dutch\/#primaryimage","url":"https:\/\/bunnyboo.ro\/wp-content\/uploads\/2026\/02\/aa.png","contentUrl":"https:\/\/bunnyboo.ro\/wp-content\/uploads\/2026\/02\/aa.png","width":500,"height":500},{"@type":"BreadcrumbList","@id":"https:\/\/bunnyboo.ro\/produs\/espressor-de-cafea-din-lemn-fsc-green-little-dutch\/#breadcrumb","itemListElement":[{"@type":"ListItem","position":1,"name":"Home","item":"https:\/\/bunnyboo.ro\/en\/"},{"@type":"ListItem","position":2,"name":"New","item":"https:\/\/bunnyboo.ro\/en\/shop\/"},{"@type":"ListItem","position":3,"name":"Espressor de cafea din lemn FSC &#8211; Green &#8211; Little Dutch"}]},{"@type":"WebSite","@id":"https:\/\/bunnyboo.ro\/#website","url":"https:\/\/bunnyboo.ro\/","name":"Bunny Boo","description":"Bunny Boo","publisher":{"@id":"https:\/\/bunnyboo.ro\/#organization"},"potentialAction":[{"@type":"SearchAction","target":{"@type":"EntryPoint","urlTemplate":"https:\/\/bunnyboo.ro\/?s={search_term_string}"},"query-input":"required name=search_term_string"}],"inLanguage":"en-US"},{"@type":"Organization","@id":"https:\/\/bunnyboo.ro\/#organization","name":"Bunny Boo","url":"https:\/\/bunnyboo.ro\/","logo":{"@type":"ImageObject","inLanguage":"en-US","@id":"https:\/\/bunnyboo.ro\/#\/schema\/logo\/image\/","url":"https:\/\/bunnyboo.ro\/wp-content\/uploads\/2024\/03\/Logo-website-black.png","contentUrl":"https:\/\/bunnyboo.ro\/wp-content\/uploads\/2024\/03\/Logo-website-black.png","width":2422,"height":946,"caption":"Bunny Boo"},"image":{"@id":"https:\/\/bunnyboo.ro\/#\/schema\/logo\/image\/"}}]}},"_links":{"self":[{"href":"https:\/\/bunnyboo.ro\/en\/wp-json\/wp\/v2\/product\/34293","targetHints":{"allow":["GET"]}}],"collection":[{"href":"https:\/\/bunnyboo.ro\/en\/wp-json\/wp\/v2\/product"}],"about":[{"href":"https:\/\/bunnyboo.ro\/en\/wp-json\/wp\/v2\/types\/product"}],"replies":[{"embeddable":true,"href":"https:\/\/bunnyboo.ro\/en\/wp-json\/wp\/v2\/comments?post=34293"}],"wp:featuredmedia":[{"embeddable":true,"href":"https:\/\/bunnyboo.ro\/en\/wp-json\/wp\/v2\/media\/34339"}],"wp:attachment":[{"href":"https:\/\/bunnyboo.ro\/en\/wp-json\/wp\/v2\/media?parent=34293"}],"wp:term":[{"taxonomy":"product_brand","embeddable":true,"href":"https:\/\/bunnyboo.ro\/en\/wp-json\/wp\/v2\/product_brand?post=34293"},{"taxonomy":"product_cat","embeddable":true,"href":"https:\/\/bunnyboo.ro\/en\/wp-json\/wp\/v2\/product_cat?post=34293"},{"taxonomy":"product_tag","embeddable":true,"href":"https:\/\/bunnyboo.ro\/en\/wp-json\/wp\/v2\/product_tag?post=34293"}],"curies":[{"name":"wp","href":"https:\/\/api.w.org\/{rel}","templated":true}]}}