{"id":34139,"date":"2026-01-22T14:17:51","date_gmt":"2026-01-22T12:17:51","guid":{"rendered":"https:\/\/bunnyboo.ro\/?post_type=product&#038;p=34139"},"modified":"2026-02-04T14:01:19","modified_gmt":"2026-02-04T12:01:19","slug":"jucarie-muzicala-cu-lampa-incorporata-moonie-bear-caramel","status":"publish","type":"product","link":"https:\/\/bunnyboo.ro\/en\/produs\/jucarie-muzicala-cu-lampa-incorporata-moonie-bear-caramel\/","title":{"rendered":"Jucarie muzicala cu lampa incorporata Moonie &#8211; Bear Caramel"},"content":{"rendered":"<p style=\"margin-bottom: 10px;\"><b>Indragosteste-te de ursuletii Moonie&#8230; cei mai indragiti prieteni la somn din lume!<\/b><\/p>\n<p style=\"margin-bottom: 10px;\">Acesti ursuleti adorabili perfect de imbratisat au 5 sunete diferite, 7 setari de lumina diferite si senzor de zgomot activat astfel ca atunci cand bebe incepe sa planga se activeaza sunetul pentru a-l linisti pe micutul tau. Ursuletul Moonie este cel mai moale si iubit ursulet perfect pentru micutul tau oferindu-i un sentiment de siguranta si in aceleasi timp facilitand hranirea si schimbatul de peste noapte.<\/p>\n<p style=\"margin-bottom: 10px;\"><u>Realizati din 100% bumbac organic.\u00a0<\/u><\/p>\n<p style=\"margin-bottom: 10px;\">Sunete albe naturale (pink noises):<\/p>\n<p class=\"MsoNormal\" style=\"margin: 0cm 0cm 0.0001pt;\"><span lang=\"RO\">Ursuletii Moonie Humming Bears au cinci sunete albe diferite pentru a ajuta copilul s\u0103 se simt\u0103 calm \u0219i \u00een siguran\u021b\u0103. Aceste sunete nu sunt generate de computer, ci sunt \u00eenregistr\u0103ri reale de sunete albe naturale!\u00a0 Sunetul b\u0103t\u0103ilor inimii este o \u00eenregistrare real\u0103 a zgomotului din burtica mamei. Ii permite copilului sa se calmeze si sa se simta in siguranta, cu un sunet deja binecunoscut. Valurile m\u0103rii pe care le auzi\u021bi sunt ale M\u0103rii Baltice, iar sunetul p\u00e2r\u00e2ului de munte sunt \u00eenregistr\u0103ri ale p\u00e2r\u00e2ului din Mun\u021bii Tatra. Sunetele lini\u0219titoare ale lui Moonie filtreaz\u0103 sunetele din jur \u0219i asigur\u0103 copiilor un somn calm \u0219i lini\u0219tit. Moonie vine cu un volum reglabil, astfel \u00eenc\u00e2t s\u0103 pute\u021bi alege nivelul de volum potrivit pentru nevoile copilului dumneavoastr\u0103. Moonie are, de asemenea, c\u00e2ntece de leag\u0103n lini\u0219titoare special concepute pentru nou-n\u0103scu\u021bi.<\/span><\/p>\n<p class=\"MsoNormal\" style=\"margin: 0cm 0cm 0.0001pt;\"><span lang=\"RO\">\u00a0<\/span><\/p>\n<p class=\"MsoNormal\" style=\"margin: 0cm 0cm 0.0001pt;\"><span lang=\"RO\">Fiecare ursule\u021b Moonie este, de asemenea, o lampa de veghe care poate str\u0103luci \u00een \u0219apte culori diferite.\u00a0 Lumina bl\u00e2nd\u0103 v\u0103 permite s\u0103 v\u0103 hr\u0103ni\u021bi \u0219i s\u0103 v\u0103 schimba\u021bi copilul f\u0103r\u0103 a aprinde o lumin\u0103 puternic\u0103. C\u00e2nd bebelu\u0219ul \u00eencepe s\u0103 pl\u00e2ng\u0103, lampa se aprinde cu sunetul, lumineaz\u0103 \u0219i lini\u0219te\u0219te copilul.<\/span><\/p>\n<p class=\"MsoNormal\" style=\"margin: 0cm 0cm 0.0001pt;\"><span lang=\"RO\">Lampa ursuletului Moonie care fredoneaz\u0103 este grozav\u0103 \u0219i pentru copiii mai mari, care au adesea co\u0219maruri \u0219i se tem de \u00eentuneric. Pute\u021bi aprinde lampa de noapte \u00eens\u0103\u0219i f\u0103r\u0103 sunet \u0219i o pute\u021bi l\u0103sa aprins\u0103, pentru toat\u0103 noaptea.<\/span><\/p>\n<p class=\"MsoNormal\" style=\"margin: 0cm 0cm 0.0001pt;\"><span lang=\"RO\">MOONIE are un detector inteligent de pl\u00e2ns, conceput pentru momentele \u00een care micutul t\u0103u se treze\u0219te brusc. De \u00eendat\u0103 ce copilul \u00eencepe s\u0103 se mi\u0219te, detectorul inteligent de pl\u00e2ns declan\u0219eaz\u0103 un zgomot alb, natural, care lini\u0219te\u0219te copilul, asigur\u00e2ndu-se c\u0103 revine la un somn odihnitor.\u00a0 MOONIE se opre\u0219te \u00eentotdeauna dup\u0103 30 de minute \u0219i intr\u0103 automat \u00een modul de a\u0219teptare de 3 ore. Pl\u00e2nsul bebelu\u0219ului declan\u0219eaz\u0103 ultimul sunet selectat pentru \u00eenc\u0103 30 de minute, apoi ciclul se repet\u0103. Detectorul inteligent de sunete poate fi, de asemenea, pornit direct, f\u0103r\u0103 a reda sunetul.<\/span><\/p>\n<p class=\"MsoNormal\" style=\"margin: 0cm 0cm 0.0001pt;\"><span lang=\"RO\">\u00a0<\/span><\/p>\n<p class=\"MsoNormal\" style=\"margin: 0cm 0cm 0.0001pt;\"><span lang=\"RO\">\u0218tim c\u0103 a avea un copil nu este usor, de aceea modulul Moonie are o baterie re\u00eenc\u0103rcabil\u0103 USB \u00eencorporat\u0103, ceea ce face ca Moonie s\u0103 fie convenabil, economic \u0219i ecologic. Modulul vine deja \u00eenc\u0103rcat \u0219i poate fi folosit imediat din cutie. Modulul Moonie are nevoie de 3 ore pentru a fi \u00eenc\u0103rcat complet. O baterie complet \u00eenc\u0103rcat\u0103 \u021bine p\u00e2n\u0103 la 8 ore de func\u021bionare continu\u0103 cu lumina \u0219i sunetul pornite.<\/span><\/p>\n<p class=\"MsoNormal\" style=\"margin: 0cm 0cm 0.0001pt;\"><span lang=\"RO\">\u00a0<\/span><\/p>\n<p style=\"margin-bottom: 10px;\"><b>Jucaria muzicala Moonie este perfecta pentru cei mici, avand o lampa incorporata, ce lumineaza in 7 culori diferite si produce 5 sunete naturale, calmante: pantece, vant, parau de munte, valurile marii si ploaie. De asemenea, jucaria emite si un cantec special compus pentru copii. Sunetul este emis timp de 30 de minute, dupa care se estompeaza. Detectorul pentru plans activeaza sunetul imediat ce bebelusul incepe sa planga. Jucaria poate fi folosita ca o lampa de veghe, atunci cand sunetul este oprit.<\/b><\/p>\n<h3 style=\"line-height: normal; margin-right: 0px; margin-bottom: 20px; margin-left: 0px;\">Descriere<\/h3>\n<ul style=\"margin-bottom: 10px;\">\n<li>Culoare: Caramel<\/li>\n<li>Materiale: 100% bumbac organic<\/li>\n<li>Sunete naturale si de muzica clasica<\/li>\n<li>Volum si timp de fredonare ajustabil<\/li>\n<li>Optiune de inregistrare a vocii mamei<\/li>\n<li>Se activeaza lampa simplu prin miscarea modulului<\/li>\n<li>Lampa in 7 nuante placute<\/li>\n<li>Detector de plans<\/li>\n<li>Dimensiuni: inaltime &#8211; 27 cm<\/li>\n<li>Reincarcabil USB<\/li>\n<li>Instructiuni de ingrijire: Lavabila la masina de spalat (scoateti modulul inainte de spalare)<\/li>\n<li>Originea: Produsa in Polonia<\/li>\n<\/ul>\n","protected":false},"excerpt":{"rendered":"<p>Indragosteste-te de ursuletii Moonie&#8230; cei mai indragiti prieteni la somn din lume! Acesti ursuleti adorabili perfect de imbratisat au 5 sunete diferite, 7 setari de lumina diferite si senzor de zgomot activat astfel ca atunci cand bebe incepe sa planga se activeaza sunetul pentru a-l linisti pe micutul tau. Ursuletul Moonie este cel mai moale [&hellip;]<\/p>\n","protected":false},"featured_media":34140,"comment_status":"open","ping_status":"closed","template":"","meta":{"site-sidebar-layout":"default","site-content-layout":"","ast-site-content-layout":"default","site-content-style":"default","site-sidebar-style":"default","ast-global-header-display":"","ast-banner-title-visibility":"","ast-main-header-display":"","ast-hfb-above-header-display":"","ast-hfb-below-header-display":"","ast-hfb-mobile-header-display":"","site-post-title":"","ast-breadcrumbs-content":"","ast-featured-img":"","footer-sml-layout":"","theme-transparent-header-meta":"default","adv-header-id-meta":"","stick-header-meta":"default","header-above-stick-meta":"","header-main-stick-meta":"","header-below-stick-meta":"","astra-migrate-meta-layouts":"set","ast-page-background-enabled":"default","ast-page-background-meta":{"desktop":{"background-color":"","background-image":"","background-repeat":"repeat","background-position":"center center","background-size":"auto","background-attachment":"scroll","background-type":"","background-media":"","overlay-type":"","overlay-color":"","overlay-opacity":"","overlay-gradient":""},"tablet":{"background-color":"","background-image":"","background-repeat":"repeat","background-position":"center center","background-size":"auto","background-attachment":"scroll","background-type":"","background-media":"","overlay-type":"","overlay-color":"","overlay-opacity":"","overlay-gradient":""},"mobile":{"background-color":"","background-image":"","background-repeat":"repeat","background-position":"center center","background-size":"auto","background-attachment":"scroll","background-type":"","background-media":"","overlay-type":"","overlay-color":"","overlay-opacity":"","overlay-gradient":""}},"ast-content-background-meta":{"desktop":{"background-color":"var(--ast-global-color-5)","background-image":"","background-repeat":"repeat","background-position":"center center","background-size":"auto","background-attachment":"scroll","background-type":"","background-media":"","overlay-type":"","overlay-color":"","overlay-opacity":"","overlay-gradient":""},"tablet":{"background-color":"var(--ast-global-color-5)","background-image":"","background-repeat":"repeat","background-position":"center center","background-size":"auto","background-attachment":"scroll","background-type":"","background-media":"","overlay-type":"","overlay-color":"","overlay-opacity":"","overlay-gradient":""},"mobile":{"background-color":"var(--ast-global-color-5)","background-image":"","background-repeat":"repeat","background-position":"center center","background-size":"auto","background-attachment":"scroll","background-type":"","background-media":"","overlay-type":"","overlay-color":"","overlay-opacity":"","overlay-gradient":""}}},"product_brand":[],"product_cat":[51,53],"product_tag":[],"class_list":{"0":"post-34139","1":"product","2":"type-product","3":"status-publish","4":"has-post-thumbnail","6":"product_cat-jucarii-pentru-puiul-tau-mic","7":"product_cat-somn-linistit-pentru-puiul-tau","8":"desktop-align-left","9":"tablet-align-left","10":"mobile-align-left","11":"ast-product-gallery-layout-horizontal-slider","12":"ast-product-tabs-layout-vertical","13":"ast-qv-on-image","15":"first","16":"instock","17":"shipping-taxable","18":"purchasable","19":"product-type-simple"},"yoast_head":"<!-- This site is optimized with the Yoast SEO plugin v22.6 - https:\/\/yoast.com\/wordpress\/plugins\/seo\/ -->\n<title>Jucarie muzicala cu lampa incorporata Moonie - Bear Caramel<\/title>\n<meta name=\"robots\" content=\"index, follow, max-snippet:-1, max-image-preview:large, max-video-preview:-1\" \/>\n<link rel=\"canonical\" href=\"https:\/\/bunnyboo.ro\/produs\/jucarie-muzicala-cu-lampa-incorporata-moonie-bear-caramel\/\" \/>\n<meta property=\"og:locale\" content=\"en_US\" \/>\n<meta property=\"og:type\" content=\"article\" \/>\n<meta property=\"og:title\" content=\"Jucarie muzicala cu lampa incorporata Moonie - Bear Caramel\" \/>\n<meta property=\"og:description\" content=\"Indragosteste-te de ursuletii Moonie&#8230; cei mai indragiti prieteni la somn din lume! Acesti ursuleti adorabili perfect de imbratisat au 5 sunete diferite, 7 setari de lumina diferite si senzor de zgomot activat astfel ca atunci cand bebe incepe sa planga se activeaza sunetul pentru a-l linisti pe micutul tau. Ursuletul Moonie este cel mai moale [&hellip;]\" \/>\n<meta property=\"og:url\" content=\"https:\/\/bunnyboo.ro\/produs\/jucarie-muzicala-cu-lampa-incorporata-moonie-bear-caramel\/\" \/>\n<meta property=\"og:site_name\" content=\"Bunny Boo\" \/>\n<meta property=\"article:modified_time\" content=\"2026-02-04T12:01:19+00:00\" \/>\n<meta property=\"og:image\" content=\"https:\/\/bunnyboo.ro\/wp-content\/uploads\/2026\/01\/IMG_9278.png\" \/>\n\t<meta property=\"og:image:width\" content=\"500\" \/>\n\t<meta property=\"og:image:height\" content=\"500\" \/>\n\t<meta property=\"og:image:type\" content=\"image\/png\" \/>\n<meta name=\"twitter:card\" content=\"summary_large_image\" \/>\n<meta name=\"twitter:label1\" content=\"Est. reading time\" \/>\n\t<meta name=\"twitter:data1\" content=\"4 minutes\" \/>\n<script type=\"application\/ld+json\" class=\"yoast-schema-graph\">{\"@context\":\"https:\/\/schema.org\",\"@graph\":[{\"@type\":\"WebPage\",\"@id\":\"https:\/\/bunnyboo.ro\/produs\/jucarie-muzicala-cu-lampa-incorporata-moonie-bear-caramel\/\",\"url\":\"https:\/\/bunnyboo.ro\/produs\/jucarie-muzicala-cu-lampa-incorporata-moonie-bear-caramel\/\",\"name\":\"Jucarie muzicala cu lampa incorporata Moonie - Bear Caramel\",\"isPartOf\":{\"@id\":\"https:\/\/bunnyboo.ro\/#website\"},\"primaryImageOfPage\":{\"@id\":\"https:\/\/bunnyboo.ro\/produs\/jucarie-muzicala-cu-lampa-incorporata-moonie-bear-caramel\/#primaryimage\"},\"image\":{\"@id\":\"https:\/\/bunnyboo.ro\/produs\/jucarie-muzicala-cu-lampa-incorporata-moonie-bear-caramel\/#primaryimage\"},\"thumbnailUrl\":\"https:\/\/bunnyboo.ro\/wp-content\/uploads\/2026\/01\/IMG_9278.png\",\"datePublished\":\"2026-01-22T12:17:51+00:00\",\"dateModified\":\"2026-02-04T12:01:19+00:00\",\"breadcrumb\":{\"@id\":\"https:\/\/bunnyboo.ro\/produs\/jucarie-muzicala-cu-lampa-incorporata-moonie-bear-caramel\/#breadcrumb\"},\"inLanguage\":\"en-US\",\"potentialAction\":[{\"@type\":\"ReadAction\",\"target\":[\"https:\/\/bunnyboo.ro\/produs\/jucarie-muzicala-cu-lampa-incorporata-moonie-bear-caramel\/\"]}]},{\"@type\":\"ImageObject\",\"inLanguage\":\"en-US\",\"@id\":\"https:\/\/bunnyboo.ro\/produs\/jucarie-muzicala-cu-lampa-incorporata-moonie-bear-caramel\/#primaryimage\",\"url\":\"https:\/\/bunnyboo.ro\/wp-content\/uploads\/2026\/01\/IMG_9278.png\",\"contentUrl\":\"https:\/\/bunnyboo.ro\/wp-content\/uploads\/2026\/01\/IMG_9278.png\",\"width\":500,\"height\":500},{\"@type\":\"BreadcrumbList\",\"@id\":\"https:\/\/bunnyboo.ro\/produs\/jucarie-muzicala-cu-lampa-incorporata-moonie-bear-caramel\/#breadcrumb\",\"itemListElement\":[{\"@type\":\"ListItem\",\"position\":1,\"name\":\"Home\",\"item\":\"https:\/\/bunnyboo.ro\/en\/\"},{\"@type\":\"ListItem\",\"position\":2,\"name\":\"New\",\"item\":\"https:\/\/bunnyboo.ro\/en\/shop\/\"},{\"@type\":\"ListItem\",\"position\":3,\"name\":\"Jucarie muzicala cu lampa incorporata Moonie &#8211; Bear Caramel\"}]},{\"@type\":\"WebSite\",\"@id\":\"https:\/\/bunnyboo.ro\/#website\",\"url\":\"https:\/\/bunnyboo.ro\/\",\"name\":\"Bunny Boo\",\"description\":\"Bunny Boo\",\"publisher\":{\"@id\":\"https:\/\/bunnyboo.ro\/#organization\"},\"potentialAction\":[{\"@type\":\"SearchAction\",\"target\":{\"@type\":\"EntryPoint\",\"urlTemplate\":\"https:\/\/bunnyboo.ro\/?s={search_term_string}\"},\"query-input\":\"required name=search_term_string\"}],\"inLanguage\":\"en-US\"},{\"@type\":\"Organization\",\"@id\":\"https:\/\/bunnyboo.ro\/#organization\",\"name\":\"Bunny Boo\",\"url\":\"https:\/\/bunnyboo.ro\/\",\"logo\":{\"@type\":\"ImageObject\",\"inLanguage\":\"en-US\",\"@id\":\"https:\/\/bunnyboo.ro\/#\/schema\/logo\/image\/\",\"url\":\"https:\/\/bunnyboo.ro\/wp-content\/uploads\/2024\/03\/Logo-website-black.png\",\"contentUrl\":\"https:\/\/bunnyboo.ro\/wp-content\/uploads\/2024\/03\/Logo-website-black.png\",\"width\":2422,\"height\":946,\"caption\":\"Bunny Boo\"},\"image\":{\"@id\":\"https:\/\/bunnyboo.ro\/#\/schema\/logo\/image\/\"}}]}<\/script>\n<!-- \/ Yoast SEO plugin. -->","yoast_head_json":{"title":"Jucarie muzicala cu lampa incorporata Moonie - Bear Caramel","robots":{"index":"index","follow":"follow","max-snippet":"max-snippet:-1","max-image-preview":"max-image-preview:large","max-video-preview":"max-video-preview:-1"},"canonical":"https:\/\/bunnyboo.ro\/produs\/jucarie-muzicala-cu-lampa-incorporata-moonie-bear-caramel\/","og_locale":"en_US","og_type":"article","og_title":"Jucarie muzicala cu lampa incorporata Moonie - Bear Caramel","og_description":"Indragosteste-te de ursuletii Moonie&#8230; cei mai indragiti prieteni la somn din lume! Acesti ursuleti adorabili perfect de imbratisat au 5 sunete diferite, 7 setari de lumina diferite si senzor de zgomot activat astfel ca atunci cand bebe incepe sa planga se activeaza sunetul pentru a-l linisti pe micutul tau. Ursuletul Moonie este cel mai moale [&hellip;]","og_url":"https:\/\/bunnyboo.ro\/produs\/jucarie-muzicala-cu-lampa-incorporata-moonie-bear-caramel\/","og_site_name":"Bunny Boo","article_modified_time":"2026-02-04T12:01:19+00:00","og_image":[{"width":500,"height":500,"url":"https:\/\/bunnyboo.ro\/wp-content\/uploads\/2026\/01\/IMG_9278.png","type":"image\/png"}],"twitter_card":"summary_large_image","twitter_misc":{"Est. reading time":"4 minutes"},"schema":{"@context":"https:\/\/schema.org","@graph":[{"@type":"WebPage","@id":"https:\/\/bunnyboo.ro\/produs\/jucarie-muzicala-cu-lampa-incorporata-moonie-bear-caramel\/","url":"https:\/\/bunnyboo.ro\/produs\/jucarie-muzicala-cu-lampa-incorporata-moonie-bear-caramel\/","name":"Jucarie muzicala cu lampa incorporata Moonie - Bear Caramel","isPartOf":{"@id":"https:\/\/bunnyboo.ro\/#website"},"primaryImageOfPage":{"@id":"https:\/\/bunnyboo.ro\/produs\/jucarie-muzicala-cu-lampa-incorporata-moonie-bear-caramel\/#primaryimage"},"image":{"@id":"https:\/\/bunnyboo.ro\/produs\/jucarie-muzicala-cu-lampa-incorporata-moonie-bear-caramel\/#primaryimage"},"thumbnailUrl":"https:\/\/bunnyboo.ro\/wp-content\/uploads\/2026\/01\/IMG_9278.png","datePublished":"2026-01-22T12:17:51+00:00","dateModified":"2026-02-04T12:01:19+00:00","breadcrumb":{"@id":"https:\/\/bunnyboo.ro\/produs\/jucarie-muzicala-cu-lampa-incorporata-moonie-bear-caramel\/#breadcrumb"},"inLanguage":"en-US","potentialAction":[{"@type":"ReadAction","target":["https:\/\/bunnyboo.ro\/produs\/jucarie-muzicala-cu-lampa-incorporata-moonie-bear-caramel\/"]}]},{"@type":"ImageObject","inLanguage":"en-US","@id":"https:\/\/bunnyboo.ro\/produs\/jucarie-muzicala-cu-lampa-incorporata-moonie-bear-caramel\/#primaryimage","url":"https:\/\/bunnyboo.ro\/wp-content\/uploads\/2026\/01\/IMG_9278.png","contentUrl":"https:\/\/bunnyboo.ro\/wp-content\/uploads\/2026\/01\/IMG_9278.png","width":500,"height":500},{"@type":"BreadcrumbList","@id":"https:\/\/bunnyboo.ro\/produs\/jucarie-muzicala-cu-lampa-incorporata-moonie-bear-caramel\/#breadcrumb","itemListElement":[{"@type":"ListItem","position":1,"name":"Home","item":"https:\/\/bunnyboo.ro\/en\/"},{"@type":"ListItem","position":2,"name":"New","item":"https:\/\/bunnyboo.ro\/en\/shop\/"},{"@type":"ListItem","position":3,"name":"Jucarie muzicala cu lampa incorporata Moonie &#8211; Bear Caramel"}]},{"@type":"WebSite","@id":"https:\/\/bunnyboo.ro\/#website","url":"https:\/\/bunnyboo.ro\/","name":"Bunny Boo","description":"Bunny Boo","publisher":{"@id":"https:\/\/bunnyboo.ro\/#organization"},"potentialAction":[{"@type":"SearchAction","target":{"@type":"EntryPoint","urlTemplate":"https:\/\/bunnyboo.ro\/?s={search_term_string}"},"query-input":"required name=search_term_string"}],"inLanguage":"en-US"},{"@type":"Organization","@id":"https:\/\/bunnyboo.ro\/#organization","name":"Bunny Boo","url":"https:\/\/bunnyboo.ro\/","logo":{"@type":"ImageObject","inLanguage":"en-US","@id":"https:\/\/bunnyboo.ro\/#\/schema\/logo\/image\/","url":"https:\/\/bunnyboo.ro\/wp-content\/uploads\/2024\/03\/Logo-website-black.png","contentUrl":"https:\/\/bunnyboo.ro\/wp-content\/uploads\/2024\/03\/Logo-website-black.png","width":2422,"height":946,"caption":"Bunny Boo"},"image":{"@id":"https:\/\/bunnyboo.ro\/#\/schema\/logo\/image\/"}}]}},"_links":{"self":[{"href":"https:\/\/bunnyboo.ro\/en\/wp-json\/wp\/v2\/product\/34139","targetHints":{"allow":["GET"]}}],"collection":[{"href":"https:\/\/bunnyboo.ro\/en\/wp-json\/wp\/v2\/product"}],"about":[{"href":"https:\/\/bunnyboo.ro\/en\/wp-json\/wp\/v2\/types\/product"}],"replies":[{"embeddable":true,"href":"https:\/\/bunnyboo.ro\/en\/wp-json\/wp\/v2\/comments?post=34139"}],"wp:featuredmedia":[{"embeddable":true,"href":"https:\/\/bunnyboo.ro\/en\/wp-json\/wp\/v2\/media\/34140"}],"wp:attachment":[{"href":"https:\/\/bunnyboo.ro\/en\/wp-json\/wp\/v2\/media?parent=34139"}],"wp:term":[{"taxonomy":"product_brand","embeddable":true,"href":"https:\/\/bunnyboo.ro\/en\/wp-json\/wp\/v2\/product_brand?post=34139"},{"taxonomy":"product_cat","embeddable":true,"href":"https:\/\/bunnyboo.ro\/en\/wp-json\/wp\/v2\/product_cat?post=34139"},{"taxonomy":"product_tag","embeddable":true,"href":"https:\/\/bunnyboo.ro\/en\/wp-json\/wp\/v2\/product_tag?post=34139"}],"curies":[{"name":"wp","href":"https:\/\/api.w.org\/{rel}","templated":true}]}}