{"id":34098,"date":"2026-01-16T11:45:24","date_gmt":"2026-01-16T09:45:24","guid":{"rendered":"https:\/\/bunnyboo.ro\/?post_type=product&#038;p=34098"},"modified":"2026-03-31T12:13:16","modified_gmt":"2026-03-31T09:13:16","slug":"miffy-bundle-of-light-colectia-colourful-surprise","status":"publish","type":"product","link":"https:\/\/bunnyboo.ro\/en\/produs\/miffy-bundle-of-light-colectia-colourful-surprise\/","title":{"rendered":"Miffy Bundle of Light &#8211; Colectia Colourful Surprise"},"content":{"rendered":"<p><strong>Miffy \u2013 Colourful Surprise Bundle of Light<\/strong><\/p>\n<p>&nbsp;<\/p>\n<p>O lamp\u0103. O culoare-surpriz\u0103. O emo\u021bie nea\u0219teptat\u0103.<\/p>\n<p>Colec\u021bia Colourful Surprise aduce celebra lamp\u0103 Miffy \u00eentr-o experien\u021b\u0103 juc\u0103u\u0219\u0103: fiecare produs este ambalat \u00eentr-o cutie identic\u0103, iar culoarea r\u0103m\u00e2ne un mister p\u00e2n\u0103 la deschidere.<\/p>\n<p>&nbsp;<\/p>\n<p>\u2714\ufe0f 6 culori vesele + 1 variant\u0103 secret\u0103<\/p>\n<p>\u2714\ufe0f Cutie-surpriz\u0103 \u2013 nu \u0219tii ce culoare prime\u0219ti<\/p>\n<p>\u2714\ufe0f Include un mic ghid cu semnifica\u021bia culorii<\/p>\n<p>\u2714\ufe0f Perfect\u0103 pentru cadou<\/p>\n<p>&nbsp;<\/p>\n<p>Dimensiuni: 8 cm x 15 cm inaltime<\/p>\n<p>Material: silicon fara BPA<\/p>\n<p>Functii: wireless, timer<\/p>\n<p>Se stinge automat dupa 15 minute.<\/p>\n<p>Baterie inclusa CR2032, bateria este inlocuibila.<\/p>\n<p>Ingrijire: stergeti cu o carpa umeda.<\/p>\n<p>Lumina calda LED alb.<\/p>\n<p>&nbsp;<\/p>\n<p style=\"margin: 0in 0in 9.0pt 0in;\"><span style=\"font-size: 14.5pt; font-family: 'Times New Roman',serif;\">Un mic strop de lumin\u0103 pentru momentele care conteaz\u0103.<\/span><\/p>\n<p style=\"font-variant-caps: normal; font-width: normal; font-size-adjust: none; font-kerning: auto; font-variant-alternates: normal; font-variant-ligatures: normal; font-variant-numeric: normal; font-variant-east-asian: normal; font-variant-position: normal; font-variant-emoji: normal; font-feature-settings: normal; font-optical-sizing: auto; font-variation-settings: normal; -webkit-text-stroke-width: 0px; -webkit-text-stroke-color: #000000; margin: 0in 0in 9.0pt 0in;\"><em><span style=\"font-kerning: none;\"><span style=\"font-size: 14.5pt; font-family: 'Times New Roman',serif;\">Aceast\u0103 mini-lamp\u0103 Miffy and Friends aduce un plus de c\u0103ldur\u0103 \u0219i bucurie \u00een orice col\u021b al casei \u2013 perfect\u0103 pe rafturi, noptiere sau ca un cadou delicat pentru cineva drag.<\/span><\/span><\/em><\/p>\n<p style=\"font-variant-caps: normal; font-width: normal; font-size-adjust: none; font-kerning: auto; font-variant-alternates: normal; font-variant-ligatures: normal; font-variant-numeric: normal; font-variant-east-asian: normal; font-variant-position: normal; font-variant-emoji: normal; font-feature-settings: normal; font-optical-sizing: auto; font-variation-settings: normal; -webkit-text-stroke-width: 0px; -webkit-text-stroke-color: #000000; margin: 0in 0in 9.0pt 0in;\"><em><span style=\"font-kerning: none;\"><span style=\"font-size: 14.5pt; font-family: 'Times New Roman',serif;\">Un obiect decorativ simplu, dar plin de farmec, creat pentru a lumina ziua, casa \u0219i micile momente de fericire.<\/span><\/span><\/em><\/p>\n<p>&nbsp;<\/p>\n<p><strong>Uneori, surpriza spune mai mult dec\u00e2t alegerea.<\/strong><\/p>\n<p>&nbsp;<\/p>\n","protected":false},"excerpt":{"rendered":"<p>Miffy \u2013 Colourful Surprise Bundle of Light &nbsp; O lamp\u0103. O culoare-surpriz\u0103. O emo\u021bie nea\u0219teptat\u0103. Colec\u021bia Colourful Surprise aduce celebra lamp\u0103 Miffy \u00eentr-o experien\u021b\u0103 juc\u0103u\u0219\u0103: fiecare produs este ambalat \u00eentr-o cutie identic\u0103, iar culoarea r\u0103m\u00e2ne un mister p\u00e2n\u0103 la deschidere. &nbsp; \u2714\ufe0f 6 culori vesele + 1 variant\u0103 secret\u0103 \u2714\ufe0f Cutie-surpriz\u0103 \u2013 nu \u0219tii ce [&hellip;]<\/p>\n","protected":false},"featured_media":34345,"comment_status":"open","ping_status":"closed","template":"","meta":{"site-sidebar-layout":"default","site-content-layout":"","ast-site-content-layout":"default","site-content-style":"default","site-sidebar-style":"default","ast-global-header-display":"","ast-banner-title-visibility":"","ast-main-header-display":"","ast-hfb-above-header-display":"","ast-hfb-below-header-display":"","ast-hfb-mobile-header-display":"","site-post-title":"","ast-breadcrumbs-content":"","ast-featured-img":"","footer-sml-layout":"","theme-transparent-header-meta":"default","adv-header-id-meta":"","stick-header-meta":"default","header-above-stick-meta":"","header-main-stick-meta":"","header-below-stick-meta":"","astra-migrate-meta-layouts":"set","ast-page-background-enabled":"default","ast-page-background-meta":{"desktop":{"background-color":"","background-image":"","background-repeat":"repeat","background-position":"center center","background-size":"auto","background-attachment":"scroll","background-type":"","background-media":"","overlay-type":"","overlay-color":"","overlay-opacity":"","overlay-gradient":""},"tablet":{"background-color":"","background-image":"","background-repeat":"repeat","background-position":"center center","background-size":"auto","background-attachment":"scroll","background-type":"","background-media":"","overlay-type":"","overlay-color":"","overlay-opacity":"","overlay-gradient":""},"mobile":{"background-color":"","background-image":"","background-repeat":"repeat","background-position":"center center","background-size":"auto","background-attachment":"scroll","background-type":"","background-media":"","overlay-type":"","overlay-color":"","overlay-opacity":"","overlay-gradient":""}},"ast-content-background-meta":{"desktop":{"background-color":"var(--ast-global-color-5)","background-image":"","background-repeat":"repeat","background-position":"center center","background-size":"auto","background-attachment":"scroll","background-type":"","background-media":"","overlay-type":"","overlay-color":"","overlay-opacity":"","overlay-gradient":""},"tablet":{"background-color":"var(--ast-global-color-5)","background-image":"","background-repeat":"repeat","background-position":"center center","background-size":"auto","background-attachment":"scroll","background-type":"","background-media":"","overlay-type":"","overlay-color":"","overlay-opacity":"","overlay-gradient":""},"mobile":{"background-color":"var(--ast-global-color-5)","background-image":"","background-repeat":"repeat","background-position":"center center","background-size":"auto","background-attachment":"scroll","background-type":"","background-media":"","overlay-type":"","overlay-color":"","overlay-opacity":"","overlay-gradient":""}}},"product_brand":[],"product_cat":[53,65],"product_tag":[],"class_list":{"0":"post-34098","1":"product","2":"type-product","3":"status-publish","4":"has-post-thumbnail","6":"product_cat-somn-linistit-pentru-puiul-tau","7":"product_cat-noutati-minunate-pentru-puiul-tau","8":"desktop-align-left","9":"tablet-align-left","10":"mobile-align-left","11":"ast-product-gallery-layout-horizontal-slider","12":"ast-product-tabs-layout-vertical","13":"ast-qv-on-image","15":"first","16":"instock","17":"shipping-taxable","18":"purchasable","19":"product-type-simple"},"yoast_head":"<!-- This site is optimized with the Yoast SEO plugin v22.6 - https:\/\/yoast.com\/wordpress\/plugins\/seo\/ -->\n<title>Miffy Bundle of Light - Colectia Colourful Surprise<\/title>\n<meta name=\"robots\" content=\"index, follow, max-snippet:-1, max-image-preview:large, max-video-preview:-1\" \/>\n<link rel=\"canonical\" href=\"https:\/\/bunnyboo.ro\/produs\/miffy-bundle-of-light-colectia-colourful-surprise\/\" \/>\n<meta property=\"og:locale\" content=\"en_US\" \/>\n<meta property=\"og:type\" content=\"article\" \/>\n<meta property=\"og:title\" content=\"Miffy Bundle of Light - Colectia Colourful Surprise\" \/>\n<meta property=\"og:description\" content=\"Miffy \u2013 Colourful Surprise Bundle of Light &nbsp; O lamp\u0103. O culoare-surpriz\u0103. O emo\u021bie nea\u0219teptat\u0103. Colec\u021bia Colourful Surprise aduce celebra lamp\u0103 Miffy \u00eentr-o experien\u021b\u0103 juc\u0103u\u0219\u0103: fiecare produs este ambalat \u00eentr-o cutie identic\u0103, iar culoarea r\u0103m\u00e2ne un mister p\u00e2n\u0103 la deschidere. &nbsp; \u2714\ufe0f 6 culori vesele + 1 variant\u0103 secret\u0103 \u2714\ufe0f Cutie-surpriz\u0103 \u2013 nu \u0219tii ce [&hellip;]\" \/>\n<meta property=\"og:url\" content=\"https:\/\/bunnyboo.ro\/produs\/miffy-bundle-of-light-colectia-colourful-surprise\/\" \/>\n<meta property=\"og:site_name\" content=\"Bunny Boo\" \/>\n<meta property=\"article:modified_time\" content=\"2026-03-31T09:13:16+00:00\" \/>\n<meta property=\"og:image\" content=\"https:\/\/bunnyboo.ro\/wp-content\/uploads\/2026\/01\/4-removebg-preview.png\" \/>\n\t<meta property=\"og:image:width\" content=\"408\" \/>\n\t<meta property=\"og:image:height\" content=\"612\" \/>\n\t<meta property=\"og:image:type\" content=\"image\/png\" \/>\n<meta name=\"twitter:card\" content=\"summary_large_image\" \/>\n<meta name=\"twitter:label1\" content=\"Est. reading time\" \/>\n\t<meta name=\"twitter:data1\" content=\"1 minute\" \/>\n<script type=\"application\/ld+json\" class=\"yoast-schema-graph\">{\"@context\":\"https:\/\/schema.org\",\"@graph\":[{\"@type\":\"WebPage\",\"@id\":\"https:\/\/bunnyboo.ro\/produs\/miffy-bundle-of-light-colectia-colourful-surprise\/\",\"url\":\"https:\/\/bunnyboo.ro\/produs\/miffy-bundle-of-light-colectia-colourful-surprise\/\",\"name\":\"Miffy Bundle of Light - Colectia Colourful Surprise\",\"isPartOf\":{\"@id\":\"https:\/\/bunnyboo.ro\/#website\"},\"primaryImageOfPage\":{\"@id\":\"https:\/\/bunnyboo.ro\/produs\/miffy-bundle-of-light-colectia-colourful-surprise\/#primaryimage\"},\"image\":{\"@id\":\"https:\/\/bunnyboo.ro\/produs\/miffy-bundle-of-light-colectia-colourful-surprise\/#primaryimage\"},\"thumbnailUrl\":\"https:\/\/bunnyboo.ro\/wp-content\/uploads\/2026\/01\/4-removebg-preview.png\",\"datePublished\":\"2026-01-16T09:45:24+00:00\",\"dateModified\":\"2026-03-31T09:13:16+00:00\",\"breadcrumb\":{\"@id\":\"https:\/\/bunnyboo.ro\/produs\/miffy-bundle-of-light-colectia-colourful-surprise\/#breadcrumb\"},\"inLanguage\":\"en-US\",\"potentialAction\":[{\"@type\":\"ReadAction\",\"target\":[\"https:\/\/bunnyboo.ro\/produs\/miffy-bundle-of-light-colectia-colourful-surprise\/\"]}]},{\"@type\":\"ImageObject\",\"inLanguage\":\"en-US\",\"@id\":\"https:\/\/bunnyboo.ro\/produs\/miffy-bundle-of-light-colectia-colourful-surprise\/#primaryimage\",\"url\":\"https:\/\/bunnyboo.ro\/wp-content\/uploads\/2026\/01\/4-removebg-preview.png\",\"contentUrl\":\"https:\/\/bunnyboo.ro\/wp-content\/uploads\/2026\/01\/4-removebg-preview.png\",\"width\":408,\"height\":612},{\"@type\":\"BreadcrumbList\",\"@id\":\"https:\/\/bunnyboo.ro\/produs\/miffy-bundle-of-light-colectia-colourful-surprise\/#breadcrumb\",\"itemListElement\":[{\"@type\":\"ListItem\",\"position\":1,\"name\":\"Home\",\"item\":\"https:\/\/bunnyboo.ro\/en\/\"},{\"@type\":\"ListItem\",\"position\":2,\"name\":\"New\",\"item\":\"https:\/\/bunnyboo.ro\/en\/shop\/\"},{\"@type\":\"ListItem\",\"position\":3,\"name\":\"Miffy Bundle of Light &#8211; Colectia Colourful Surprise\"}]},{\"@type\":\"WebSite\",\"@id\":\"https:\/\/bunnyboo.ro\/#website\",\"url\":\"https:\/\/bunnyboo.ro\/\",\"name\":\"Bunny Boo\",\"description\":\"Bunny Boo\",\"publisher\":{\"@id\":\"https:\/\/bunnyboo.ro\/#organization\"},\"potentialAction\":[{\"@type\":\"SearchAction\",\"target\":{\"@type\":\"EntryPoint\",\"urlTemplate\":\"https:\/\/bunnyboo.ro\/?s={search_term_string}\"},\"query-input\":\"required name=search_term_string\"}],\"inLanguage\":\"en-US\"},{\"@type\":\"Organization\",\"@id\":\"https:\/\/bunnyboo.ro\/#organization\",\"name\":\"Bunny Boo\",\"url\":\"https:\/\/bunnyboo.ro\/\",\"logo\":{\"@type\":\"ImageObject\",\"inLanguage\":\"en-US\",\"@id\":\"https:\/\/bunnyboo.ro\/#\/schema\/logo\/image\/\",\"url\":\"https:\/\/bunnyboo.ro\/wp-content\/uploads\/2024\/03\/Logo-website-black.png\",\"contentUrl\":\"https:\/\/bunnyboo.ro\/wp-content\/uploads\/2024\/03\/Logo-website-black.png\",\"width\":2422,\"height\":946,\"caption\":\"Bunny Boo\"},\"image\":{\"@id\":\"https:\/\/bunnyboo.ro\/#\/schema\/logo\/image\/\"}}]}<\/script>\n<!-- \/ Yoast SEO plugin. -->","yoast_head_json":{"title":"Miffy Bundle of Light - Colectia Colourful Surprise","robots":{"index":"index","follow":"follow","max-snippet":"max-snippet:-1","max-image-preview":"max-image-preview:large","max-video-preview":"max-video-preview:-1"},"canonical":"https:\/\/bunnyboo.ro\/produs\/miffy-bundle-of-light-colectia-colourful-surprise\/","og_locale":"en_US","og_type":"article","og_title":"Miffy Bundle of Light - Colectia Colourful Surprise","og_description":"Miffy \u2013 Colourful Surprise Bundle of Light &nbsp; O lamp\u0103. O culoare-surpriz\u0103. O emo\u021bie nea\u0219teptat\u0103. Colec\u021bia Colourful Surprise aduce celebra lamp\u0103 Miffy \u00eentr-o experien\u021b\u0103 juc\u0103u\u0219\u0103: fiecare produs este ambalat \u00eentr-o cutie identic\u0103, iar culoarea r\u0103m\u00e2ne un mister p\u00e2n\u0103 la deschidere. &nbsp; \u2714\ufe0f 6 culori vesele + 1 variant\u0103 secret\u0103 \u2714\ufe0f Cutie-surpriz\u0103 \u2013 nu \u0219tii ce [&hellip;]","og_url":"https:\/\/bunnyboo.ro\/produs\/miffy-bundle-of-light-colectia-colourful-surprise\/","og_site_name":"Bunny Boo","article_modified_time":"2026-03-31T09:13:16+00:00","og_image":[{"width":408,"height":612,"url":"https:\/\/bunnyboo.ro\/wp-content\/uploads\/2026\/01\/4-removebg-preview.png","type":"image\/png"}],"twitter_card":"summary_large_image","twitter_misc":{"Est. reading time":"1 minute"},"schema":{"@context":"https:\/\/schema.org","@graph":[{"@type":"WebPage","@id":"https:\/\/bunnyboo.ro\/produs\/miffy-bundle-of-light-colectia-colourful-surprise\/","url":"https:\/\/bunnyboo.ro\/produs\/miffy-bundle-of-light-colectia-colourful-surprise\/","name":"Miffy Bundle of Light - Colectia Colourful Surprise","isPartOf":{"@id":"https:\/\/bunnyboo.ro\/#website"},"primaryImageOfPage":{"@id":"https:\/\/bunnyboo.ro\/produs\/miffy-bundle-of-light-colectia-colourful-surprise\/#primaryimage"},"image":{"@id":"https:\/\/bunnyboo.ro\/produs\/miffy-bundle-of-light-colectia-colourful-surprise\/#primaryimage"},"thumbnailUrl":"https:\/\/bunnyboo.ro\/wp-content\/uploads\/2026\/01\/4-removebg-preview.png","datePublished":"2026-01-16T09:45:24+00:00","dateModified":"2026-03-31T09:13:16+00:00","breadcrumb":{"@id":"https:\/\/bunnyboo.ro\/produs\/miffy-bundle-of-light-colectia-colourful-surprise\/#breadcrumb"},"inLanguage":"en-US","potentialAction":[{"@type":"ReadAction","target":["https:\/\/bunnyboo.ro\/produs\/miffy-bundle-of-light-colectia-colourful-surprise\/"]}]},{"@type":"ImageObject","inLanguage":"en-US","@id":"https:\/\/bunnyboo.ro\/produs\/miffy-bundle-of-light-colectia-colourful-surprise\/#primaryimage","url":"https:\/\/bunnyboo.ro\/wp-content\/uploads\/2026\/01\/4-removebg-preview.png","contentUrl":"https:\/\/bunnyboo.ro\/wp-content\/uploads\/2026\/01\/4-removebg-preview.png","width":408,"height":612},{"@type":"BreadcrumbList","@id":"https:\/\/bunnyboo.ro\/produs\/miffy-bundle-of-light-colectia-colourful-surprise\/#breadcrumb","itemListElement":[{"@type":"ListItem","position":1,"name":"Home","item":"https:\/\/bunnyboo.ro\/en\/"},{"@type":"ListItem","position":2,"name":"New","item":"https:\/\/bunnyboo.ro\/en\/shop\/"},{"@type":"ListItem","position":3,"name":"Miffy Bundle of Light &#8211; Colectia Colourful Surprise"}]},{"@type":"WebSite","@id":"https:\/\/bunnyboo.ro\/#website","url":"https:\/\/bunnyboo.ro\/","name":"Bunny Boo","description":"Bunny Boo","publisher":{"@id":"https:\/\/bunnyboo.ro\/#organization"},"potentialAction":[{"@type":"SearchAction","target":{"@type":"EntryPoint","urlTemplate":"https:\/\/bunnyboo.ro\/?s={search_term_string}"},"query-input":"required name=search_term_string"}],"inLanguage":"en-US"},{"@type":"Organization","@id":"https:\/\/bunnyboo.ro\/#organization","name":"Bunny Boo","url":"https:\/\/bunnyboo.ro\/","logo":{"@type":"ImageObject","inLanguage":"en-US","@id":"https:\/\/bunnyboo.ro\/#\/schema\/logo\/image\/","url":"https:\/\/bunnyboo.ro\/wp-content\/uploads\/2024\/03\/Logo-website-black.png","contentUrl":"https:\/\/bunnyboo.ro\/wp-content\/uploads\/2024\/03\/Logo-website-black.png","width":2422,"height":946,"caption":"Bunny Boo"},"image":{"@id":"https:\/\/bunnyboo.ro\/#\/schema\/logo\/image\/"}}]}},"_links":{"self":[{"href":"https:\/\/bunnyboo.ro\/en\/wp-json\/wp\/v2\/product\/34098","targetHints":{"allow":["GET"]}}],"collection":[{"href":"https:\/\/bunnyboo.ro\/en\/wp-json\/wp\/v2\/product"}],"about":[{"href":"https:\/\/bunnyboo.ro\/en\/wp-json\/wp\/v2\/types\/product"}],"replies":[{"embeddable":true,"href":"https:\/\/bunnyboo.ro\/en\/wp-json\/wp\/v2\/comments?post=34098"}],"wp:featuredmedia":[{"embeddable":true,"href":"https:\/\/bunnyboo.ro\/en\/wp-json\/wp\/v2\/media\/34345"}],"wp:attachment":[{"href":"https:\/\/bunnyboo.ro\/en\/wp-json\/wp\/v2\/media?parent=34098"}],"wp:term":[{"taxonomy":"product_brand","embeddable":true,"href":"https:\/\/bunnyboo.ro\/en\/wp-json\/wp\/v2\/product_brand?post=34098"},{"taxonomy":"product_cat","embeddable":true,"href":"https:\/\/bunnyboo.ro\/en\/wp-json\/wp\/v2\/product_cat?post=34098"},{"taxonomy":"product_tag","embeddable":true,"href":"https:\/\/bunnyboo.ro\/en\/wp-json\/wp\/v2\/product_tag?post=34098"}],"curies":[{"name":"wp","href":"https:\/\/api.w.org\/{rel}","templated":true}]}}