{"id":33940,"date":"2025-11-24T14:13:35","date_gmt":"2025-11-24T12:13:35","guid":{"rendered":"https:\/\/bunnyboo.ro\/?post_type=product&#038;p=33940"},"modified":"2026-03-05T11:51:32","modified_gmt":"2026-03-05T09:51:32","slug":"soricel-zana-maseluta-little-sister-in-cutie-de-chibrituri-maileg","status":"publish","type":"product","link":"https:\/\/bunnyboo.ro\/en\/produs\/soricel-zana-maseluta-little-sister-in-cutie-de-chibrituri-maileg\/","title":{"rendered":"\u0218oricel Z\u00e2na M\u0103selu\u021b\u0103 \u2013 Little Sister \u00een Cutie de Chibrituri &#8211; Maileg"},"content":{"rendered":"<p>\u0218oricel Z\u00e2na M\u0103selu\u021b\u0103 \u2013 Little Sister \u00een Cutie de Chibrituri<\/p>\n<p>Seara, Z\u00e2na M\u0103selu\u021b\u0103 presar\u0103 praf magic, adun\u0103 din\u021bi\u0219orii \u0219i aduce micile surprize, asigur\u00e2nd cele mai dulci vise. \u0218oricelul este \u00eembr\u0103cat \u00eentr-o \u021binut\u0103 fermecat\u0103 \u0219i doarme lini\u0219tit \u00een lenjerii moi. Setul include o cutiu\u021b\u0103 pentru din\u021bi\u0219ori \u0219i o cutie de chibrituri decorat\u0103. \u021aes\u0103turile pot varia.<\/p>\n<p>Detalii produs:<\/p>\n<ul>\n<li>Dimensiuni: \u00cen\u0103l\u021bime 11 cm, L\u0103\u021bime 8 cm, Ad\u00e2ncime 5 cm<\/li>\n<li>Greutate net\u0103: 0,12 kg<\/li>\n<li>V\u00e2rst\u0103 recomandat\u0103: 3+ ani<\/li>\n<li>Materiale: Bumbac \/ In \/ Carton \/ Metal<\/li>\n<\/ul>\n","protected":false},"excerpt":{"rendered":"<p>\u0218oricel Z\u00e2na M\u0103selu\u021b\u0103 \u2013 Little Sister \u00een Cutie de Chibrituri Seara, Z\u00e2na M\u0103selu\u021b\u0103 presar\u0103 praf magic, adun\u0103 din\u021bi\u0219orii \u0219i aduce micile surprize, asigur\u00e2nd cele mai dulci vise. \u0218oricelul este \u00eembr\u0103cat \u00eentr-o \u021binut\u0103 fermecat\u0103 \u0219i doarme lini\u0219tit \u00een lenjerii moi. Setul include o cutiu\u021b\u0103 pentru din\u021bi\u0219ori \u0219i o cutie de chibrituri decorat\u0103. \u021aes\u0103turile pot varia. Detalii [&hellip;]<\/p>\n","protected":false},"featured_media":33974,"comment_status":"open","ping_status":"closed","template":"","meta":{"site-sidebar-layout":"default","site-content-layout":"","ast-site-content-layout":"default","site-content-style":"default","site-sidebar-style":"default","ast-global-header-display":"","ast-banner-title-visibility":"","ast-main-header-display":"","ast-hfb-above-header-display":"","ast-hfb-below-header-display":"","ast-hfb-mobile-header-display":"","site-post-title":"","ast-breadcrumbs-content":"","ast-featured-img":"","footer-sml-layout":"","theme-transparent-header-meta":"default","adv-header-id-meta":"","stick-header-meta":"default","header-above-stick-meta":"","header-main-stick-meta":"","header-below-stick-meta":"","astra-migrate-meta-layouts":"set","ast-page-background-enabled":"default","ast-page-background-meta":{"desktop":{"background-color":"","background-image":"","background-repeat":"repeat","background-position":"center center","background-size":"auto","background-attachment":"scroll","background-type":"","background-media":"","overlay-type":"","overlay-color":"","overlay-opacity":"","overlay-gradient":""},"tablet":{"background-color":"","background-image":"","background-repeat":"repeat","background-position":"center center","background-size":"auto","background-attachment":"scroll","background-type":"","background-media":"","overlay-type":"","overlay-color":"","overlay-opacity":"","overlay-gradient":""},"mobile":{"background-color":"","background-image":"","background-repeat":"repeat","background-position":"center center","background-size":"auto","background-attachment":"scroll","background-type":"","background-media":"","overlay-type":"","overlay-color":"","overlay-opacity":"","overlay-gradient":""}},"ast-content-background-meta":{"desktop":{"background-color":"var(--ast-global-color-5)","background-image":"","background-repeat":"repeat","background-position":"center center","background-size":"auto","background-attachment":"scroll","background-type":"","background-media":"","overlay-type":"","overlay-color":"","overlay-opacity":"","overlay-gradient":""},"tablet":{"background-color":"var(--ast-global-color-5)","background-image":"","background-repeat":"repeat","background-position":"center center","background-size":"auto","background-attachment":"scroll","background-type":"","background-media":"","overlay-type":"","overlay-color":"","overlay-opacity":"","overlay-gradient":""},"mobile":{"background-color":"var(--ast-global-color-5)","background-image":"","background-repeat":"repeat","background-position":"center center","background-size":"auto","background-attachment":"scroll","background-type":"","background-media":"","overlay-type":"","overlay-color":"","overlay-opacity":"","overlay-gradient":""}}},"product_brand":[],"product_cat":[293,51,52,65,67],"product_tag":[],"class_list":{"0":"post-33940","1":"product","2":"type-product","3":"status-publish","4":"has-post-thumbnail","6":"product_cat-decoratiuni-fairytale-si-jucarii-minunate","7":"product_cat-jucarii-pentru-puiul-tau-mic","8":"product_cat-cei-mai-buni-prieteni","9":"product_cat-noutati-minunate-pentru-puiul-tau","10":"product_cat-papusi-adorabile-si-accesoriile-lor-deosebite","11":"desktop-align-left","12":"tablet-align-left","13":"mobile-align-left","14":"ast-product-gallery-layout-horizontal-slider","15":"ast-product-tabs-layout-vertical","16":"ast-qv-on-image","18":"first","19":"instock","20":"shipping-taxable","21":"purchasable","22":"product-type-simple"},"yoast_head":"<!-- This site is optimized with the Yoast SEO plugin v22.6 - https:\/\/yoast.com\/wordpress\/plugins\/seo\/ -->\n<title>\u0218oricel Z\u00e2na M\u0103selu\u021b\u0103 \u2013 Little Sister \u00een Cutie de Chibrituri - Maileg<\/title>\n<meta name=\"robots\" content=\"index, follow, max-snippet:-1, max-image-preview:large, max-video-preview:-1\" \/>\n<link rel=\"canonical\" href=\"https:\/\/bunnyboo.ro\/produs\/soricel-zana-maseluta-little-sister-in-cutie-de-chibrituri-maileg\/\" \/>\n<meta property=\"og:locale\" content=\"en_US\" \/>\n<meta property=\"og:type\" content=\"article\" \/>\n<meta property=\"og:title\" content=\"\u0218oricel Z\u00e2na M\u0103selu\u021b\u0103 \u2013 Little Sister \u00een Cutie de Chibrituri - Maileg\" \/>\n<meta property=\"og:description\" content=\"\u0218oricel Z\u00e2na M\u0103selu\u021b\u0103 \u2013 Little Sister \u00een Cutie de Chibrituri Seara, Z\u00e2na M\u0103selu\u021b\u0103 presar\u0103 praf magic, adun\u0103 din\u021bi\u0219orii \u0219i aduce micile surprize, asigur\u00e2nd cele mai dulci vise. \u0218oricelul este \u00eembr\u0103cat \u00eentr-o \u021binut\u0103 fermecat\u0103 \u0219i doarme lini\u0219tit \u00een lenjerii moi. Setul include o cutiu\u021b\u0103 pentru din\u021bi\u0219ori \u0219i o cutie de chibrituri decorat\u0103. \u021aes\u0103turile pot varia. Detalii [&hellip;]\" \/>\n<meta property=\"og:url\" content=\"https:\/\/bunnyboo.ro\/produs\/soricel-zana-maseluta-little-sister-in-cutie-de-chibrituri-maileg\/\" \/>\n<meta property=\"og:site_name\" content=\"Bunny Boo\" \/>\n<meta property=\"article:modified_time\" content=\"2026-03-05T09:51:32+00:00\" \/>\n<meta property=\"og:image\" content=\"https:\/\/bunnyboo.ro\/wp-content\/uploads\/2025\/11\/IMG_5860-1-978x1024.png\" \/>\n\t<meta property=\"og:image:width\" content=\"978\" \/>\n\t<meta property=\"og:image:height\" content=\"1024\" \/>\n\t<meta property=\"og:image:type\" content=\"image\/png\" \/>\n<meta name=\"twitter:card\" content=\"summary_large_image\" \/>\n<meta name=\"twitter:label1\" content=\"Est. reading time\" \/>\n\t<meta name=\"twitter:data1\" content=\"1 minute\" \/>\n<script type=\"application\/ld+json\" class=\"yoast-schema-graph\">{\"@context\":\"https:\/\/schema.org\",\"@graph\":[{\"@type\":\"WebPage\",\"@id\":\"https:\/\/bunnyboo.ro\/produs\/soricel-zana-maseluta-little-sister-in-cutie-de-chibrituri-maileg\/\",\"url\":\"https:\/\/bunnyboo.ro\/produs\/soricel-zana-maseluta-little-sister-in-cutie-de-chibrituri-maileg\/\",\"name\":\"\u0218oricel Z\u00e2na M\u0103selu\u021b\u0103 \u2013 Little Sister \u00een Cutie de Chibrituri - Maileg\",\"isPartOf\":{\"@id\":\"https:\/\/bunnyboo.ro\/#website\"},\"primaryImageOfPage\":{\"@id\":\"https:\/\/bunnyboo.ro\/produs\/soricel-zana-maseluta-little-sister-in-cutie-de-chibrituri-maileg\/#primaryimage\"},\"image\":{\"@id\":\"https:\/\/bunnyboo.ro\/produs\/soricel-zana-maseluta-little-sister-in-cutie-de-chibrituri-maileg\/#primaryimage\"},\"thumbnailUrl\":\"https:\/\/bunnyboo.ro\/wp-content\/uploads\/2025\/11\/IMG_5860-1.png\",\"datePublished\":\"2025-11-24T12:13:35+00:00\",\"dateModified\":\"2026-03-05T09:51:32+00:00\",\"breadcrumb\":{\"@id\":\"https:\/\/bunnyboo.ro\/produs\/soricel-zana-maseluta-little-sister-in-cutie-de-chibrituri-maileg\/#breadcrumb\"},\"inLanguage\":\"en-US\",\"potentialAction\":[{\"@type\":\"ReadAction\",\"target\":[\"https:\/\/bunnyboo.ro\/produs\/soricel-zana-maseluta-little-sister-in-cutie-de-chibrituri-maileg\/\"]}]},{\"@type\":\"ImageObject\",\"inLanguage\":\"en-US\",\"@id\":\"https:\/\/bunnyboo.ro\/produs\/soricel-zana-maseluta-little-sister-in-cutie-de-chibrituri-maileg\/#primaryimage\",\"url\":\"https:\/\/bunnyboo.ro\/wp-content\/uploads\/2025\/11\/IMG_5860-1.png\",\"contentUrl\":\"https:\/\/bunnyboo.ro\/wp-content\/uploads\/2025\/11\/IMG_5860-1.png\",\"width\":1242,\"height\":1301},{\"@type\":\"BreadcrumbList\",\"@id\":\"https:\/\/bunnyboo.ro\/produs\/soricel-zana-maseluta-little-sister-in-cutie-de-chibrituri-maileg\/#breadcrumb\",\"itemListElement\":[{\"@type\":\"ListItem\",\"position\":1,\"name\":\"Home\",\"item\":\"https:\/\/bunnyboo.ro\/en\/\"},{\"@type\":\"ListItem\",\"position\":2,\"name\":\"New\",\"item\":\"https:\/\/bunnyboo.ro\/en\/shop\/\"},{\"@type\":\"ListItem\",\"position\":3,\"name\":\"\u0218oricel Z\u00e2na M\u0103selu\u021b\u0103 \u2013 Little Sister \u00een Cutie de Chibrituri &#8211; Maileg\"}]},{\"@type\":\"WebSite\",\"@id\":\"https:\/\/bunnyboo.ro\/#website\",\"url\":\"https:\/\/bunnyboo.ro\/\",\"name\":\"Bunny Boo\",\"description\":\"Bunny Boo\",\"publisher\":{\"@id\":\"https:\/\/bunnyboo.ro\/#organization\"},\"potentialAction\":[{\"@type\":\"SearchAction\",\"target\":{\"@type\":\"EntryPoint\",\"urlTemplate\":\"https:\/\/bunnyboo.ro\/?s={search_term_string}\"},\"query-input\":\"required name=search_term_string\"}],\"inLanguage\":\"en-US\"},{\"@type\":\"Organization\",\"@id\":\"https:\/\/bunnyboo.ro\/#organization\",\"name\":\"Bunny Boo\",\"url\":\"https:\/\/bunnyboo.ro\/\",\"logo\":{\"@type\":\"ImageObject\",\"inLanguage\":\"en-US\",\"@id\":\"https:\/\/bunnyboo.ro\/#\/schema\/logo\/image\/\",\"url\":\"https:\/\/bunnyboo.ro\/wp-content\/uploads\/2024\/03\/Logo-website-black.png\",\"contentUrl\":\"https:\/\/bunnyboo.ro\/wp-content\/uploads\/2024\/03\/Logo-website-black.png\",\"width\":2422,\"height\":946,\"caption\":\"Bunny Boo\"},\"image\":{\"@id\":\"https:\/\/bunnyboo.ro\/#\/schema\/logo\/image\/\"}}]}<\/script>\n<!-- \/ Yoast SEO plugin. -->","yoast_head_json":{"title":"\u0218oricel Z\u00e2na M\u0103selu\u021b\u0103 \u2013 Little Sister \u00een Cutie de Chibrituri - Maileg","robots":{"index":"index","follow":"follow","max-snippet":"max-snippet:-1","max-image-preview":"max-image-preview:large","max-video-preview":"max-video-preview:-1"},"canonical":"https:\/\/bunnyboo.ro\/produs\/soricel-zana-maseluta-little-sister-in-cutie-de-chibrituri-maileg\/","og_locale":"en_US","og_type":"article","og_title":"\u0218oricel Z\u00e2na M\u0103selu\u021b\u0103 \u2013 Little Sister \u00een Cutie de Chibrituri - Maileg","og_description":"\u0218oricel Z\u00e2na M\u0103selu\u021b\u0103 \u2013 Little Sister \u00een Cutie de Chibrituri Seara, Z\u00e2na M\u0103selu\u021b\u0103 presar\u0103 praf magic, adun\u0103 din\u021bi\u0219orii \u0219i aduce micile surprize, asigur\u00e2nd cele mai dulci vise. \u0218oricelul este \u00eembr\u0103cat \u00eentr-o \u021binut\u0103 fermecat\u0103 \u0219i doarme lini\u0219tit \u00een lenjerii moi. Setul include o cutiu\u021b\u0103 pentru din\u021bi\u0219ori \u0219i o cutie de chibrituri decorat\u0103. \u021aes\u0103turile pot varia. Detalii [&hellip;]","og_url":"https:\/\/bunnyboo.ro\/produs\/soricel-zana-maseluta-little-sister-in-cutie-de-chibrituri-maileg\/","og_site_name":"Bunny Boo","article_modified_time":"2026-03-05T09:51:32+00:00","og_image":[{"width":978,"height":1024,"url":"https:\/\/bunnyboo.ro\/wp-content\/uploads\/2025\/11\/IMG_5860-1-978x1024.png","type":"image\/png"}],"twitter_card":"summary_large_image","twitter_misc":{"Est. reading time":"1 minute"},"schema":{"@context":"https:\/\/schema.org","@graph":[{"@type":"WebPage","@id":"https:\/\/bunnyboo.ro\/produs\/soricel-zana-maseluta-little-sister-in-cutie-de-chibrituri-maileg\/","url":"https:\/\/bunnyboo.ro\/produs\/soricel-zana-maseluta-little-sister-in-cutie-de-chibrituri-maileg\/","name":"\u0218oricel Z\u00e2na M\u0103selu\u021b\u0103 \u2013 Little Sister \u00een Cutie de Chibrituri - Maileg","isPartOf":{"@id":"https:\/\/bunnyboo.ro\/#website"},"primaryImageOfPage":{"@id":"https:\/\/bunnyboo.ro\/produs\/soricel-zana-maseluta-little-sister-in-cutie-de-chibrituri-maileg\/#primaryimage"},"image":{"@id":"https:\/\/bunnyboo.ro\/produs\/soricel-zana-maseluta-little-sister-in-cutie-de-chibrituri-maileg\/#primaryimage"},"thumbnailUrl":"https:\/\/bunnyboo.ro\/wp-content\/uploads\/2025\/11\/IMG_5860-1.png","datePublished":"2025-11-24T12:13:35+00:00","dateModified":"2026-03-05T09:51:32+00:00","breadcrumb":{"@id":"https:\/\/bunnyboo.ro\/produs\/soricel-zana-maseluta-little-sister-in-cutie-de-chibrituri-maileg\/#breadcrumb"},"inLanguage":"en-US","potentialAction":[{"@type":"ReadAction","target":["https:\/\/bunnyboo.ro\/produs\/soricel-zana-maseluta-little-sister-in-cutie-de-chibrituri-maileg\/"]}]},{"@type":"ImageObject","inLanguage":"en-US","@id":"https:\/\/bunnyboo.ro\/produs\/soricel-zana-maseluta-little-sister-in-cutie-de-chibrituri-maileg\/#primaryimage","url":"https:\/\/bunnyboo.ro\/wp-content\/uploads\/2025\/11\/IMG_5860-1.png","contentUrl":"https:\/\/bunnyboo.ro\/wp-content\/uploads\/2025\/11\/IMG_5860-1.png","width":1242,"height":1301},{"@type":"BreadcrumbList","@id":"https:\/\/bunnyboo.ro\/produs\/soricel-zana-maseluta-little-sister-in-cutie-de-chibrituri-maileg\/#breadcrumb","itemListElement":[{"@type":"ListItem","position":1,"name":"Home","item":"https:\/\/bunnyboo.ro\/en\/"},{"@type":"ListItem","position":2,"name":"New","item":"https:\/\/bunnyboo.ro\/en\/shop\/"},{"@type":"ListItem","position":3,"name":"\u0218oricel Z\u00e2na M\u0103selu\u021b\u0103 \u2013 Little Sister \u00een Cutie de Chibrituri &#8211; Maileg"}]},{"@type":"WebSite","@id":"https:\/\/bunnyboo.ro\/#website","url":"https:\/\/bunnyboo.ro\/","name":"Bunny Boo","description":"Bunny Boo","publisher":{"@id":"https:\/\/bunnyboo.ro\/#organization"},"potentialAction":[{"@type":"SearchAction","target":{"@type":"EntryPoint","urlTemplate":"https:\/\/bunnyboo.ro\/?s={search_term_string}"},"query-input":"required name=search_term_string"}],"inLanguage":"en-US"},{"@type":"Organization","@id":"https:\/\/bunnyboo.ro\/#organization","name":"Bunny Boo","url":"https:\/\/bunnyboo.ro\/","logo":{"@type":"ImageObject","inLanguage":"en-US","@id":"https:\/\/bunnyboo.ro\/#\/schema\/logo\/image\/","url":"https:\/\/bunnyboo.ro\/wp-content\/uploads\/2024\/03\/Logo-website-black.png","contentUrl":"https:\/\/bunnyboo.ro\/wp-content\/uploads\/2024\/03\/Logo-website-black.png","width":2422,"height":946,"caption":"Bunny Boo"},"image":{"@id":"https:\/\/bunnyboo.ro\/#\/schema\/logo\/image\/"}}]}},"_links":{"self":[{"href":"https:\/\/bunnyboo.ro\/en\/wp-json\/wp\/v2\/product\/33940","targetHints":{"allow":["GET"]}}],"collection":[{"href":"https:\/\/bunnyboo.ro\/en\/wp-json\/wp\/v2\/product"}],"about":[{"href":"https:\/\/bunnyboo.ro\/en\/wp-json\/wp\/v2\/types\/product"}],"replies":[{"embeddable":true,"href":"https:\/\/bunnyboo.ro\/en\/wp-json\/wp\/v2\/comments?post=33940"}],"wp:featuredmedia":[{"embeddable":true,"href":"https:\/\/bunnyboo.ro\/en\/wp-json\/wp\/v2\/media\/33974"}],"wp:attachment":[{"href":"https:\/\/bunnyboo.ro\/en\/wp-json\/wp\/v2\/media?parent=33940"}],"wp:term":[{"taxonomy":"product_brand","embeddable":true,"href":"https:\/\/bunnyboo.ro\/en\/wp-json\/wp\/v2\/product_brand?post=33940"},{"taxonomy":"product_cat","embeddable":true,"href":"https:\/\/bunnyboo.ro\/en\/wp-json\/wp\/v2\/product_cat?post=33940"},{"taxonomy":"product_tag","embeddable":true,"href":"https:\/\/bunnyboo.ro\/en\/wp-json\/wp\/v2\/product_tag?post=33940"}],"curies":[{"name":"wp","href":"https:\/\/api.w.org\/{rel}","templated":true}]}}