{"id":33505,"date":"2025-10-20T17:39:39","date_gmt":"2025-10-20T14:39:39","guid":{"rendered":"https:\/\/bunnyboo.ro\/?post_type=product&#038;p=33505"},"modified":"2026-01-12T03:46:44","modified_gmt":"2026-01-12T01:46:44","slug":"traseu-pentru-curse-cu-masinute-multicolored-little-dutch","status":"publish","type":"product","link":"https:\/\/bunnyboo.ro\/en\/produs\/traseu-pentru-curse-cu-masinute-multicolored-little-dutch\/","title":{"rendered":"Traseu pentru curse cu ma\u0219inu\u021be \u2013 Multicolored \u2013 Little Dutch"},"content":{"rendered":"<p>Descriere:<\/p>\n<p>Construie\u0219te, descoper\u0103 \u0219i distreaz\u0103-te! Acest set con\u021bine 6 cuburi ilustrate din carton, fiecare cu propriul vehicul. Copiii pot construi turnuri, pot stivui cuburile sau le pot a\u0219eza pe circuitul Little Dutch Train Track XL, astfel \u00eenc\u00e2t ma\u0219inu\u021bele s\u0103 treac\u0103 pe dedesubt.<\/p>\n<p>Fiecare cub are ilustra\u021bii unice \u0219i un vehicul asortat, stimul\u00e2nd recunoa\u0219terea vizual\u0103, coordonarea \u0219i motricitatea fin\u0103. Este o modalitate distractiv\u0103 \u0219i educativ\u0103 de a \u00eencuraja imagina\u021bia \u0219i jocul interactiv.<\/p>\n<p>Un cadou minunat pentru copiii curio\u0219i \u0219i creativi care ador\u0103 s\u0103 construiasc\u0103 \u0219i s\u0103 inventeze scenarii de joac\u0103.<\/p>\n<p>&nbsp;<\/p>\n<p>Material: Lemn FSC, mix h\u00e2rtie FSC<\/p>\n<p>V\u00e2rst\u0103 recomandat\u0103: 18 luni +<\/p>\n<p>&nbsp;<\/p>\n","protected":false},"excerpt":{"rendered":"<p>Descriere: Construie\u0219te, descoper\u0103 \u0219i distreaz\u0103-te! Acest set con\u021bine 6 cuburi ilustrate din carton, fiecare cu propriul vehicul. Copiii pot construi turnuri, pot stivui cuburile sau le pot a\u0219eza pe circuitul Little Dutch Train Track XL, astfel \u00eenc\u00e2t ma\u0219inu\u021bele s\u0103 treac\u0103 pe dedesubt. Fiecare cub are ilustra\u021bii unice \u0219i un vehicul asortat, stimul\u00e2nd recunoa\u0219terea vizual\u0103, coordonarea [&hellip;]<\/p>\n","protected":false},"featured_media":33506,"comment_status":"open","ping_status":"closed","template":"","meta":{"site-sidebar-layout":"default","site-content-layout":"","ast-site-content-layout":"default","site-content-style":"default","site-sidebar-style":"default","ast-global-header-display":"","ast-banner-title-visibility":"","ast-main-header-display":"","ast-hfb-above-header-display":"","ast-hfb-below-header-display":"","ast-hfb-mobile-header-display":"","site-post-title":"","ast-breadcrumbs-content":"","ast-featured-img":"","footer-sml-layout":"","theme-transparent-header-meta":"default","adv-header-id-meta":"","stick-header-meta":"default","header-above-stick-meta":"","header-main-stick-meta":"","header-below-stick-meta":"","astra-migrate-meta-layouts":"set","ast-page-background-enabled":"default","ast-page-background-meta":{"desktop":{"background-color":"","background-image":"","background-repeat":"repeat","background-position":"center center","background-size":"auto","background-attachment":"scroll","background-type":"","background-media":"","overlay-type":"","overlay-color":"","overlay-opacity":"","overlay-gradient":""},"tablet":{"background-color":"","background-image":"","background-repeat":"repeat","background-position":"center center","background-size":"auto","background-attachment":"scroll","background-type":"","background-media":"","overlay-type":"","overlay-color":"","overlay-opacity":"","overlay-gradient":""},"mobile":{"background-color":"","background-image":"","background-repeat":"repeat","background-position":"center center","background-size":"auto","background-attachment":"scroll","background-type":"","background-media":"","overlay-type":"","overlay-color":"","overlay-opacity":"","overlay-gradient":""}},"ast-content-background-meta":{"desktop":{"background-color":"var(--ast-global-color-5)","background-image":"","background-repeat":"repeat","background-position":"center center","background-size":"auto","background-attachment":"scroll","background-type":"","background-media":"","overlay-type":"","overlay-color":"","overlay-opacity":"","overlay-gradient":""},"tablet":{"background-color":"var(--ast-global-color-5)","background-image":"","background-repeat":"repeat","background-position":"center center","background-size":"auto","background-attachment":"scroll","background-type":"","background-media":"","overlay-type":"","overlay-color":"","overlay-opacity":"","overlay-gradient":""},"mobile":{"background-color":"var(--ast-global-color-5)","background-image":"","background-repeat":"repeat","background-position":"center center","background-size":"auto","background-attachment":"scroll","background-type":"","background-media":"","overlay-type":"","overlay-color":"","overlay-opacity":"","overlay-gradient":""}}},"product_brand":[],"product_cat":[293,50,65],"product_tag":[],"class_list":{"0":"post-33505","1":"product","2":"type-product","3":"status-publish","4":"has-post-thumbnail","6":"product_cat-decoratiuni-fairytale-si-jucarii-minunate","7":"product_cat-jucarii-din-lemn-pentru-puiul-tau","8":"product_cat-noutati-minunate-pentru-puiul-tau","9":"desktop-align-left","10":"tablet-align-left","11":"mobile-align-left","12":"ast-product-gallery-layout-horizontal-slider","13":"ast-product-tabs-layout-vertical","14":"ast-qv-on-image","16":"first","17":"instock","18":"shipping-taxable","19":"purchasable","20":"product-type-simple"},"yoast_head":"<!-- This site is optimized with the Yoast SEO plugin v22.6 - https:\/\/yoast.com\/wordpress\/plugins\/seo\/ -->\n<title>Traseu pentru curse cu ma\u0219inu\u021be \u2013 Multicolored \u2013 Little Dutch<\/title>\n<meta name=\"robots\" content=\"index, follow, max-snippet:-1, max-image-preview:large, max-video-preview:-1\" \/>\n<link rel=\"canonical\" href=\"https:\/\/bunnyboo.ro\/produs\/traseu-pentru-curse-cu-masinute-multicolored-little-dutch\/\" \/>\n<meta property=\"og:locale\" content=\"en_US\" \/>\n<meta property=\"og:type\" content=\"article\" \/>\n<meta property=\"og:title\" content=\"Traseu pentru curse cu ma\u0219inu\u021be \u2013 Multicolored \u2013 Little Dutch\" \/>\n<meta property=\"og:description\" content=\"Descriere: Construie\u0219te, descoper\u0103 \u0219i distreaz\u0103-te! Acest set con\u021bine 6 cuburi ilustrate din carton, fiecare cu propriul vehicul. Copiii pot construi turnuri, pot stivui cuburile sau le pot a\u0219eza pe circuitul Little Dutch Train Track XL, astfel \u00eenc\u00e2t ma\u0219inu\u021bele s\u0103 treac\u0103 pe dedesubt. Fiecare cub are ilustra\u021bii unice \u0219i un vehicul asortat, stimul\u00e2nd recunoa\u0219terea vizual\u0103, coordonarea [&hellip;]\" \/>\n<meta property=\"og:url\" content=\"https:\/\/bunnyboo.ro\/produs\/traseu-pentru-curse-cu-masinute-multicolored-little-dutch\/\" \/>\n<meta property=\"og:site_name\" content=\"Bunny Boo\" \/>\n<meta property=\"article:modified_time\" content=\"2026-01-12T01:46:44+00:00\" \/>\n<meta property=\"og:image\" content=\"https:\/\/bunnyboo.ro\/wp-content\/uploads\/2025\/10\/IMG_4178.png\" \/>\n\t<meta property=\"og:image:width\" content=\"1200\" \/>\n\t<meta property=\"og:image:height\" content=\"1200\" \/>\n\t<meta property=\"og:image:type\" content=\"image\/png\" \/>\n<meta name=\"twitter:card\" content=\"summary_large_image\" \/>\n<meta name=\"twitter:label1\" content=\"Est. reading time\" \/>\n\t<meta name=\"twitter:data1\" content=\"1 minute\" \/>\n<script type=\"application\/ld+json\" class=\"yoast-schema-graph\">{\"@context\":\"https:\/\/schema.org\",\"@graph\":[{\"@type\":\"WebPage\",\"@id\":\"https:\/\/bunnyboo.ro\/produs\/traseu-pentru-curse-cu-masinute-multicolored-little-dutch\/\",\"url\":\"https:\/\/bunnyboo.ro\/produs\/traseu-pentru-curse-cu-masinute-multicolored-little-dutch\/\",\"name\":\"Traseu pentru curse cu ma\u0219inu\u021be \u2013 Multicolored \u2013 Little Dutch\",\"isPartOf\":{\"@id\":\"https:\/\/bunnyboo.ro\/#website\"},\"primaryImageOfPage\":{\"@id\":\"https:\/\/bunnyboo.ro\/produs\/traseu-pentru-curse-cu-masinute-multicolored-little-dutch\/#primaryimage\"},\"image\":{\"@id\":\"https:\/\/bunnyboo.ro\/produs\/traseu-pentru-curse-cu-masinute-multicolored-little-dutch\/#primaryimage\"},\"thumbnailUrl\":\"https:\/\/bunnyboo.ro\/wp-content\/uploads\/2025\/10\/IMG_4178.png\",\"datePublished\":\"2025-10-20T14:39:39+00:00\",\"dateModified\":\"2026-01-12T01:46:44+00:00\",\"breadcrumb\":{\"@id\":\"https:\/\/bunnyboo.ro\/produs\/traseu-pentru-curse-cu-masinute-multicolored-little-dutch\/#breadcrumb\"},\"inLanguage\":\"en-US\",\"potentialAction\":[{\"@type\":\"ReadAction\",\"target\":[\"https:\/\/bunnyboo.ro\/produs\/traseu-pentru-curse-cu-masinute-multicolored-little-dutch\/\"]}]},{\"@type\":\"ImageObject\",\"inLanguage\":\"en-US\",\"@id\":\"https:\/\/bunnyboo.ro\/produs\/traseu-pentru-curse-cu-masinute-multicolored-little-dutch\/#primaryimage\",\"url\":\"https:\/\/bunnyboo.ro\/wp-content\/uploads\/2025\/10\/IMG_4178.png\",\"contentUrl\":\"https:\/\/bunnyboo.ro\/wp-content\/uploads\/2025\/10\/IMG_4178.png\",\"width\":1200,\"height\":1200},{\"@type\":\"BreadcrumbList\",\"@id\":\"https:\/\/bunnyboo.ro\/produs\/traseu-pentru-curse-cu-masinute-multicolored-little-dutch\/#breadcrumb\",\"itemListElement\":[{\"@type\":\"ListItem\",\"position\":1,\"name\":\"Home\",\"item\":\"https:\/\/bunnyboo.ro\/en\/\"},{\"@type\":\"ListItem\",\"position\":2,\"name\":\"New\",\"item\":\"https:\/\/bunnyboo.ro\/en\/shop\/\"},{\"@type\":\"ListItem\",\"position\":3,\"name\":\"Traseu pentru curse cu ma\u0219inu\u021be \u2013 Multicolored \u2013 Little Dutch\"}]},{\"@type\":\"WebSite\",\"@id\":\"https:\/\/bunnyboo.ro\/#website\",\"url\":\"https:\/\/bunnyboo.ro\/\",\"name\":\"Bunny Boo\",\"description\":\"Bunny Boo\",\"publisher\":{\"@id\":\"https:\/\/bunnyboo.ro\/#organization\"},\"potentialAction\":[{\"@type\":\"SearchAction\",\"target\":{\"@type\":\"EntryPoint\",\"urlTemplate\":\"https:\/\/bunnyboo.ro\/?s={search_term_string}\"},\"query-input\":\"required name=search_term_string\"}],\"inLanguage\":\"en-US\"},{\"@type\":\"Organization\",\"@id\":\"https:\/\/bunnyboo.ro\/#organization\",\"name\":\"Bunny Boo\",\"url\":\"https:\/\/bunnyboo.ro\/\",\"logo\":{\"@type\":\"ImageObject\",\"inLanguage\":\"en-US\",\"@id\":\"https:\/\/bunnyboo.ro\/#\/schema\/logo\/image\/\",\"url\":\"https:\/\/bunnyboo.ro\/wp-content\/uploads\/2024\/03\/Logo-website-black.png\",\"contentUrl\":\"https:\/\/bunnyboo.ro\/wp-content\/uploads\/2024\/03\/Logo-website-black.png\",\"width\":2422,\"height\":946,\"caption\":\"Bunny Boo\"},\"image\":{\"@id\":\"https:\/\/bunnyboo.ro\/#\/schema\/logo\/image\/\"}}]}<\/script>\n<!-- \/ Yoast SEO plugin. -->","yoast_head_json":{"title":"Traseu pentru curse cu ma\u0219inu\u021be \u2013 Multicolored \u2013 Little Dutch","robots":{"index":"index","follow":"follow","max-snippet":"max-snippet:-1","max-image-preview":"max-image-preview:large","max-video-preview":"max-video-preview:-1"},"canonical":"https:\/\/bunnyboo.ro\/produs\/traseu-pentru-curse-cu-masinute-multicolored-little-dutch\/","og_locale":"en_US","og_type":"article","og_title":"Traseu pentru curse cu ma\u0219inu\u021be \u2013 Multicolored \u2013 Little Dutch","og_description":"Descriere: Construie\u0219te, descoper\u0103 \u0219i distreaz\u0103-te! Acest set con\u021bine 6 cuburi ilustrate din carton, fiecare cu propriul vehicul. Copiii pot construi turnuri, pot stivui cuburile sau le pot a\u0219eza pe circuitul Little Dutch Train Track XL, astfel \u00eenc\u00e2t ma\u0219inu\u021bele s\u0103 treac\u0103 pe dedesubt. Fiecare cub are ilustra\u021bii unice \u0219i un vehicul asortat, stimul\u00e2nd recunoa\u0219terea vizual\u0103, coordonarea [&hellip;]","og_url":"https:\/\/bunnyboo.ro\/produs\/traseu-pentru-curse-cu-masinute-multicolored-little-dutch\/","og_site_name":"Bunny Boo","article_modified_time":"2026-01-12T01:46:44+00:00","og_image":[{"width":1200,"height":1200,"url":"https:\/\/bunnyboo.ro\/wp-content\/uploads\/2025\/10\/IMG_4178.png","type":"image\/png"}],"twitter_card":"summary_large_image","twitter_misc":{"Est. reading time":"1 minute"},"schema":{"@context":"https:\/\/schema.org","@graph":[{"@type":"WebPage","@id":"https:\/\/bunnyboo.ro\/produs\/traseu-pentru-curse-cu-masinute-multicolored-little-dutch\/","url":"https:\/\/bunnyboo.ro\/produs\/traseu-pentru-curse-cu-masinute-multicolored-little-dutch\/","name":"Traseu pentru curse cu ma\u0219inu\u021be \u2013 Multicolored \u2013 Little Dutch","isPartOf":{"@id":"https:\/\/bunnyboo.ro\/#website"},"primaryImageOfPage":{"@id":"https:\/\/bunnyboo.ro\/produs\/traseu-pentru-curse-cu-masinute-multicolored-little-dutch\/#primaryimage"},"image":{"@id":"https:\/\/bunnyboo.ro\/produs\/traseu-pentru-curse-cu-masinute-multicolored-little-dutch\/#primaryimage"},"thumbnailUrl":"https:\/\/bunnyboo.ro\/wp-content\/uploads\/2025\/10\/IMG_4178.png","datePublished":"2025-10-20T14:39:39+00:00","dateModified":"2026-01-12T01:46:44+00:00","breadcrumb":{"@id":"https:\/\/bunnyboo.ro\/produs\/traseu-pentru-curse-cu-masinute-multicolored-little-dutch\/#breadcrumb"},"inLanguage":"en-US","potentialAction":[{"@type":"ReadAction","target":["https:\/\/bunnyboo.ro\/produs\/traseu-pentru-curse-cu-masinute-multicolored-little-dutch\/"]}]},{"@type":"ImageObject","inLanguage":"en-US","@id":"https:\/\/bunnyboo.ro\/produs\/traseu-pentru-curse-cu-masinute-multicolored-little-dutch\/#primaryimage","url":"https:\/\/bunnyboo.ro\/wp-content\/uploads\/2025\/10\/IMG_4178.png","contentUrl":"https:\/\/bunnyboo.ro\/wp-content\/uploads\/2025\/10\/IMG_4178.png","width":1200,"height":1200},{"@type":"BreadcrumbList","@id":"https:\/\/bunnyboo.ro\/produs\/traseu-pentru-curse-cu-masinute-multicolored-little-dutch\/#breadcrumb","itemListElement":[{"@type":"ListItem","position":1,"name":"Home","item":"https:\/\/bunnyboo.ro\/en\/"},{"@type":"ListItem","position":2,"name":"New","item":"https:\/\/bunnyboo.ro\/en\/shop\/"},{"@type":"ListItem","position":3,"name":"Traseu pentru curse cu ma\u0219inu\u021be \u2013 Multicolored \u2013 Little Dutch"}]},{"@type":"WebSite","@id":"https:\/\/bunnyboo.ro\/#website","url":"https:\/\/bunnyboo.ro\/","name":"Bunny Boo","description":"Bunny Boo","publisher":{"@id":"https:\/\/bunnyboo.ro\/#organization"},"potentialAction":[{"@type":"SearchAction","target":{"@type":"EntryPoint","urlTemplate":"https:\/\/bunnyboo.ro\/?s={search_term_string}"},"query-input":"required name=search_term_string"}],"inLanguage":"en-US"},{"@type":"Organization","@id":"https:\/\/bunnyboo.ro\/#organization","name":"Bunny Boo","url":"https:\/\/bunnyboo.ro\/","logo":{"@type":"ImageObject","inLanguage":"en-US","@id":"https:\/\/bunnyboo.ro\/#\/schema\/logo\/image\/","url":"https:\/\/bunnyboo.ro\/wp-content\/uploads\/2024\/03\/Logo-website-black.png","contentUrl":"https:\/\/bunnyboo.ro\/wp-content\/uploads\/2024\/03\/Logo-website-black.png","width":2422,"height":946,"caption":"Bunny Boo"},"image":{"@id":"https:\/\/bunnyboo.ro\/#\/schema\/logo\/image\/"}}]}},"_links":{"self":[{"href":"https:\/\/bunnyboo.ro\/en\/wp-json\/wp\/v2\/product\/33505","targetHints":{"allow":["GET"]}}],"collection":[{"href":"https:\/\/bunnyboo.ro\/en\/wp-json\/wp\/v2\/product"}],"about":[{"href":"https:\/\/bunnyboo.ro\/en\/wp-json\/wp\/v2\/types\/product"}],"replies":[{"embeddable":true,"href":"https:\/\/bunnyboo.ro\/en\/wp-json\/wp\/v2\/comments?post=33505"}],"wp:featuredmedia":[{"embeddable":true,"href":"https:\/\/bunnyboo.ro\/en\/wp-json\/wp\/v2\/media\/33506"}],"wp:attachment":[{"href":"https:\/\/bunnyboo.ro\/en\/wp-json\/wp\/v2\/media?parent=33505"}],"wp:term":[{"taxonomy":"product_brand","embeddable":true,"href":"https:\/\/bunnyboo.ro\/en\/wp-json\/wp\/v2\/product_brand?post=33505"},{"taxonomy":"product_cat","embeddable":true,"href":"https:\/\/bunnyboo.ro\/en\/wp-json\/wp\/v2\/product_cat?post=33505"},{"taxonomy":"product_tag","embeddable":true,"href":"https:\/\/bunnyboo.ro\/en\/wp-json\/wp\/v2\/product_tag?post=33505"}],"curies":[{"name":"wp","href":"https:\/\/api.w.org\/{rel}","templated":true}]}}