{"id":33428,"date":"2025-10-20T17:25:55","date_gmt":"2025-10-20T14:25:55","guid":{"rendered":"https:\/\/bunnyboo.ro\/?post_type=product&#038;p=33428"},"modified":"2026-02-17T17:48:47","modified_gmt":"2026-02-17T15:48:47","slug":"masinuta-din-lemn-fsc-buldozer-little-dutch","status":"publish","type":"product","link":"https:\/\/bunnyboo.ro\/en\/produs\/masinuta-din-lemn-fsc-buldozer-little-dutch\/","title":{"rendered":"Ma\u0219inu\u021b\u0103 din lemn FSC \u2013 Buldozer \u2013 Little Dutch"},"content":{"rendered":"<div>\n<p>Pe \u0219antier este mereu treab\u0103 de f\u0103cut! Acest buldozer din lemn robust este preg\u0103tit s\u0103 ridice \u0219i s\u0103 mute \u00eenc\u0103rc\u0103turi grele cu ajutorul cupei mari. Vehiculul ruleaz\u0103 lin datorit\u0103 ro\u021bilor din cauciuc \u0219i vine \u00eenso\u021bit de un muncitor din lemn gata de ac\u021biune.<\/p>\n<p>Perfect pentru joaca at\u00e2t \u00een interior, c\u00e2t \u0219i \u00een exterior, buldozerul \u00eei invit\u0103 pe copii s\u0103 sape gropi ad\u00e2nci, s\u0103 mute nisipul \u0219i s\u0103 creeze propriile scenarii de construc\u021bie.<\/p>\n<p>Poate fi combinat cu alte vehicule Little Dutch (camion cu betonier\u0103, excavator, autobasculant\u0103) pentru o joac\u0103 plin\u0103 de aventur\u0103.<\/p>\n<div>\n<p>&nbsp;<\/p>\n<\/div>\n<p><span style=\"font-size: 16px; -webkit-text-size-adjust: 100%;\">V\u00e2rst\u0103 recomandat\u0103: 18 luni +<\/span><\/p>\n<\/div>\n<p>Dimensiune:20,5 \u00d7 9,5 \u00d7 7,5 cm<\/p>\n<p>Material: Lemn cu certificare FSC<\/p>\n<p>Marc\u0103: Little Dutch<\/p>\n<div>\n<div><\/div>\n<\/div>\n","protected":false},"excerpt":{"rendered":"<p>Pe \u0219antier este mereu treab\u0103 de f\u0103cut! Acest buldozer din lemn robust este preg\u0103tit s\u0103 ridice \u0219i s\u0103 mute \u00eenc\u0103rc\u0103turi grele cu ajutorul cupei mari. Vehiculul ruleaz\u0103 lin datorit\u0103 ro\u021bilor din cauciuc \u0219i vine \u00eenso\u021bit de un muncitor din lemn gata de ac\u021biune. Perfect pentru joaca at\u00e2t \u00een interior, c\u00e2t \u0219i \u00een exterior, buldozerul \u00eei [&hellip;]<\/p>\n","protected":false},"featured_media":33429,"comment_status":"open","ping_status":"closed","template":"","meta":{"site-sidebar-layout":"default","site-content-layout":"","ast-site-content-layout":"default","site-content-style":"default","site-sidebar-style":"default","ast-global-header-display":"","ast-banner-title-visibility":"","ast-main-header-display":"","ast-hfb-above-header-display":"","ast-hfb-below-header-display":"","ast-hfb-mobile-header-display":"","site-post-title":"","ast-breadcrumbs-content":"","ast-featured-img":"","footer-sml-layout":"","theme-transparent-header-meta":"default","adv-header-id-meta":"","stick-header-meta":"default","header-above-stick-meta":"","header-main-stick-meta":"","header-below-stick-meta":"","astra-migrate-meta-layouts":"set","ast-page-background-enabled":"default","ast-page-background-meta":{"desktop":{"background-color":"","background-image":"","background-repeat":"repeat","background-position":"center center","background-size":"auto","background-attachment":"scroll","background-type":"","background-media":"","overlay-type":"","overlay-color":"","overlay-opacity":"","overlay-gradient":""},"tablet":{"background-color":"","background-image":"","background-repeat":"repeat","background-position":"center center","background-size":"auto","background-attachment":"scroll","background-type":"","background-media":"","overlay-type":"","overlay-color":"","overlay-opacity":"","overlay-gradient":""},"mobile":{"background-color":"","background-image":"","background-repeat":"repeat","background-position":"center center","background-size":"auto","background-attachment":"scroll","background-type":"","background-media":"","overlay-type":"","overlay-color":"","overlay-opacity":"","overlay-gradient":""}},"ast-content-background-meta":{"desktop":{"background-color":"var(--ast-global-color-5)","background-image":"","background-repeat":"repeat","background-position":"center center","background-size":"auto","background-attachment":"scroll","background-type":"","background-media":"","overlay-type":"","overlay-color":"","overlay-opacity":"","overlay-gradient":""},"tablet":{"background-color":"var(--ast-global-color-5)","background-image":"","background-repeat":"repeat","background-position":"center center","background-size":"auto","background-attachment":"scroll","background-type":"","background-media":"","overlay-type":"","overlay-color":"","overlay-opacity":"","overlay-gradient":""},"mobile":{"background-color":"var(--ast-global-color-5)","background-image":"","background-repeat":"repeat","background-position":"center center","background-size":"auto","background-attachment":"scroll","background-type":"","background-media":"","overlay-type":"","overlay-color":"","overlay-opacity":"","overlay-gradient":""}}},"product_brand":[],"product_cat":[50,65],"product_tag":[],"class_list":{"0":"post-33428","1":"product","2":"type-product","3":"status-publish","4":"has-post-thumbnail","6":"product_cat-jucarii-din-lemn-pentru-puiul-tau","7":"product_cat-noutati-minunate-pentru-puiul-tau","8":"desktop-align-left","9":"tablet-align-left","10":"mobile-align-left","11":"ast-product-gallery-layout-horizontal-slider","12":"ast-product-tabs-layout-vertical","13":"ast-qv-on-image","15":"first","16":"instock","17":"shipping-taxable","18":"purchasable","19":"product-type-simple"},"yoast_head":"<!-- This site is optimized with the Yoast SEO plugin v22.6 - https:\/\/yoast.com\/wordpress\/plugins\/seo\/ -->\n<title>Ma\u0219inu\u021b\u0103 din lemn FSC \u2013 Buldozer \u2013 Little Dutch<\/title>\n<meta name=\"robots\" content=\"index, follow, max-snippet:-1, max-image-preview:large, max-video-preview:-1\" \/>\n<link rel=\"canonical\" href=\"https:\/\/bunnyboo.ro\/produs\/masinuta-din-lemn-fsc-buldozer-little-dutch\/\" \/>\n<meta property=\"og:locale\" content=\"en_US\" \/>\n<meta property=\"og:type\" content=\"article\" \/>\n<meta property=\"og:title\" content=\"Ma\u0219inu\u021b\u0103 din lemn FSC \u2013 Buldozer \u2013 Little Dutch\" \/>\n<meta property=\"og:description\" content=\"Pe \u0219antier este mereu treab\u0103 de f\u0103cut! Acest buldozer din lemn robust este preg\u0103tit s\u0103 ridice \u0219i s\u0103 mute \u00eenc\u0103rc\u0103turi grele cu ajutorul cupei mari. Vehiculul ruleaz\u0103 lin datorit\u0103 ro\u021bilor din cauciuc \u0219i vine \u00eenso\u021bit de un muncitor din lemn gata de ac\u021biune. Perfect pentru joaca at\u00e2t \u00een interior, c\u00e2t \u0219i \u00een exterior, buldozerul \u00eei [&hellip;]\" \/>\n<meta property=\"og:url\" content=\"https:\/\/bunnyboo.ro\/produs\/masinuta-din-lemn-fsc-buldozer-little-dutch\/\" \/>\n<meta property=\"og:site_name\" content=\"Bunny Boo\" \/>\n<meta property=\"article:modified_time\" content=\"2026-02-17T15:48:47+00:00\" \/>\n<meta property=\"og:image\" content=\"https:\/\/bunnyboo.ro\/wp-content\/uploads\/2025\/10\/IMG_4130.png\" \/>\n\t<meta property=\"og:image:width\" content=\"1200\" \/>\n\t<meta property=\"og:image:height\" content=\"1200\" \/>\n\t<meta property=\"og:image:type\" content=\"image\/png\" \/>\n<meta name=\"twitter:card\" content=\"summary_large_image\" \/>\n<meta name=\"twitter:label1\" content=\"Est. reading time\" \/>\n\t<meta name=\"twitter:data1\" content=\"1 minute\" \/>\n<script type=\"application\/ld+json\" class=\"yoast-schema-graph\">{\"@context\":\"https:\/\/schema.org\",\"@graph\":[{\"@type\":\"WebPage\",\"@id\":\"https:\/\/bunnyboo.ro\/produs\/masinuta-din-lemn-fsc-buldozer-little-dutch\/\",\"url\":\"https:\/\/bunnyboo.ro\/produs\/masinuta-din-lemn-fsc-buldozer-little-dutch\/\",\"name\":\"Ma\u0219inu\u021b\u0103 din lemn FSC \u2013 Buldozer \u2013 Little Dutch\",\"isPartOf\":{\"@id\":\"https:\/\/bunnyboo.ro\/#website\"},\"primaryImageOfPage\":{\"@id\":\"https:\/\/bunnyboo.ro\/produs\/masinuta-din-lemn-fsc-buldozer-little-dutch\/#primaryimage\"},\"image\":{\"@id\":\"https:\/\/bunnyboo.ro\/produs\/masinuta-din-lemn-fsc-buldozer-little-dutch\/#primaryimage\"},\"thumbnailUrl\":\"https:\/\/bunnyboo.ro\/wp-content\/uploads\/2025\/10\/IMG_4130.png\",\"datePublished\":\"2025-10-20T14:25:55+00:00\",\"dateModified\":\"2026-02-17T15:48:47+00:00\",\"breadcrumb\":{\"@id\":\"https:\/\/bunnyboo.ro\/produs\/masinuta-din-lemn-fsc-buldozer-little-dutch\/#breadcrumb\"},\"inLanguage\":\"en-US\",\"potentialAction\":[{\"@type\":\"ReadAction\",\"target\":[\"https:\/\/bunnyboo.ro\/produs\/masinuta-din-lemn-fsc-buldozer-little-dutch\/\"]}]},{\"@type\":\"ImageObject\",\"inLanguage\":\"en-US\",\"@id\":\"https:\/\/bunnyboo.ro\/produs\/masinuta-din-lemn-fsc-buldozer-little-dutch\/#primaryimage\",\"url\":\"https:\/\/bunnyboo.ro\/wp-content\/uploads\/2025\/10\/IMG_4130.png\",\"contentUrl\":\"https:\/\/bunnyboo.ro\/wp-content\/uploads\/2025\/10\/IMG_4130.png\",\"width\":1200,\"height\":1200},{\"@type\":\"BreadcrumbList\",\"@id\":\"https:\/\/bunnyboo.ro\/produs\/masinuta-din-lemn-fsc-buldozer-little-dutch\/#breadcrumb\",\"itemListElement\":[{\"@type\":\"ListItem\",\"position\":1,\"name\":\"Home\",\"item\":\"https:\/\/bunnyboo.ro\/en\/\"},{\"@type\":\"ListItem\",\"position\":2,\"name\":\"New\",\"item\":\"https:\/\/bunnyboo.ro\/en\/shop\/\"},{\"@type\":\"ListItem\",\"position\":3,\"name\":\"Ma\u0219inu\u021b\u0103 din lemn FSC \u2013 Buldozer \u2013 Little Dutch\"}]},{\"@type\":\"WebSite\",\"@id\":\"https:\/\/bunnyboo.ro\/#website\",\"url\":\"https:\/\/bunnyboo.ro\/\",\"name\":\"Bunny Boo\",\"description\":\"Bunny Boo\",\"publisher\":{\"@id\":\"https:\/\/bunnyboo.ro\/#organization\"},\"potentialAction\":[{\"@type\":\"SearchAction\",\"target\":{\"@type\":\"EntryPoint\",\"urlTemplate\":\"https:\/\/bunnyboo.ro\/?s={search_term_string}\"},\"query-input\":\"required name=search_term_string\"}],\"inLanguage\":\"en-US\"},{\"@type\":\"Organization\",\"@id\":\"https:\/\/bunnyboo.ro\/#organization\",\"name\":\"Bunny Boo\",\"url\":\"https:\/\/bunnyboo.ro\/\",\"logo\":{\"@type\":\"ImageObject\",\"inLanguage\":\"en-US\",\"@id\":\"https:\/\/bunnyboo.ro\/#\/schema\/logo\/image\/\",\"url\":\"https:\/\/bunnyboo.ro\/wp-content\/uploads\/2024\/03\/Logo-website-black.png\",\"contentUrl\":\"https:\/\/bunnyboo.ro\/wp-content\/uploads\/2024\/03\/Logo-website-black.png\",\"width\":2422,\"height\":946,\"caption\":\"Bunny Boo\"},\"image\":{\"@id\":\"https:\/\/bunnyboo.ro\/#\/schema\/logo\/image\/\"}}]}<\/script>\n<!-- \/ Yoast SEO plugin. -->","yoast_head_json":{"title":"Ma\u0219inu\u021b\u0103 din lemn FSC \u2013 Buldozer \u2013 Little Dutch","robots":{"index":"index","follow":"follow","max-snippet":"max-snippet:-1","max-image-preview":"max-image-preview:large","max-video-preview":"max-video-preview:-1"},"canonical":"https:\/\/bunnyboo.ro\/produs\/masinuta-din-lemn-fsc-buldozer-little-dutch\/","og_locale":"en_US","og_type":"article","og_title":"Ma\u0219inu\u021b\u0103 din lemn FSC \u2013 Buldozer \u2013 Little Dutch","og_description":"Pe \u0219antier este mereu treab\u0103 de f\u0103cut! Acest buldozer din lemn robust este preg\u0103tit s\u0103 ridice \u0219i s\u0103 mute \u00eenc\u0103rc\u0103turi grele cu ajutorul cupei mari. Vehiculul ruleaz\u0103 lin datorit\u0103 ro\u021bilor din cauciuc \u0219i vine \u00eenso\u021bit de un muncitor din lemn gata de ac\u021biune. Perfect pentru joaca at\u00e2t \u00een interior, c\u00e2t \u0219i \u00een exterior, buldozerul \u00eei [&hellip;]","og_url":"https:\/\/bunnyboo.ro\/produs\/masinuta-din-lemn-fsc-buldozer-little-dutch\/","og_site_name":"Bunny Boo","article_modified_time":"2026-02-17T15:48:47+00:00","og_image":[{"width":1200,"height":1200,"url":"https:\/\/bunnyboo.ro\/wp-content\/uploads\/2025\/10\/IMG_4130.png","type":"image\/png"}],"twitter_card":"summary_large_image","twitter_misc":{"Est. reading time":"1 minute"},"schema":{"@context":"https:\/\/schema.org","@graph":[{"@type":"WebPage","@id":"https:\/\/bunnyboo.ro\/produs\/masinuta-din-lemn-fsc-buldozer-little-dutch\/","url":"https:\/\/bunnyboo.ro\/produs\/masinuta-din-lemn-fsc-buldozer-little-dutch\/","name":"Ma\u0219inu\u021b\u0103 din lemn FSC \u2013 Buldozer \u2013 Little Dutch","isPartOf":{"@id":"https:\/\/bunnyboo.ro\/#website"},"primaryImageOfPage":{"@id":"https:\/\/bunnyboo.ro\/produs\/masinuta-din-lemn-fsc-buldozer-little-dutch\/#primaryimage"},"image":{"@id":"https:\/\/bunnyboo.ro\/produs\/masinuta-din-lemn-fsc-buldozer-little-dutch\/#primaryimage"},"thumbnailUrl":"https:\/\/bunnyboo.ro\/wp-content\/uploads\/2025\/10\/IMG_4130.png","datePublished":"2025-10-20T14:25:55+00:00","dateModified":"2026-02-17T15:48:47+00:00","breadcrumb":{"@id":"https:\/\/bunnyboo.ro\/produs\/masinuta-din-lemn-fsc-buldozer-little-dutch\/#breadcrumb"},"inLanguage":"en-US","potentialAction":[{"@type":"ReadAction","target":["https:\/\/bunnyboo.ro\/produs\/masinuta-din-lemn-fsc-buldozer-little-dutch\/"]}]},{"@type":"ImageObject","inLanguage":"en-US","@id":"https:\/\/bunnyboo.ro\/produs\/masinuta-din-lemn-fsc-buldozer-little-dutch\/#primaryimage","url":"https:\/\/bunnyboo.ro\/wp-content\/uploads\/2025\/10\/IMG_4130.png","contentUrl":"https:\/\/bunnyboo.ro\/wp-content\/uploads\/2025\/10\/IMG_4130.png","width":1200,"height":1200},{"@type":"BreadcrumbList","@id":"https:\/\/bunnyboo.ro\/produs\/masinuta-din-lemn-fsc-buldozer-little-dutch\/#breadcrumb","itemListElement":[{"@type":"ListItem","position":1,"name":"Home","item":"https:\/\/bunnyboo.ro\/en\/"},{"@type":"ListItem","position":2,"name":"New","item":"https:\/\/bunnyboo.ro\/en\/shop\/"},{"@type":"ListItem","position":3,"name":"Ma\u0219inu\u021b\u0103 din lemn FSC \u2013 Buldozer \u2013 Little Dutch"}]},{"@type":"WebSite","@id":"https:\/\/bunnyboo.ro\/#website","url":"https:\/\/bunnyboo.ro\/","name":"Bunny Boo","description":"Bunny Boo","publisher":{"@id":"https:\/\/bunnyboo.ro\/#organization"},"potentialAction":[{"@type":"SearchAction","target":{"@type":"EntryPoint","urlTemplate":"https:\/\/bunnyboo.ro\/?s={search_term_string}"},"query-input":"required name=search_term_string"}],"inLanguage":"en-US"},{"@type":"Organization","@id":"https:\/\/bunnyboo.ro\/#organization","name":"Bunny Boo","url":"https:\/\/bunnyboo.ro\/","logo":{"@type":"ImageObject","inLanguage":"en-US","@id":"https:\/\/bunnyboo.ro\/#\/schema\/logo\/image\/","url":"https:\/\/bunnyboo.ro\/wp-content\/uploads\/2024\/03\/Logo-website-black.png","contentUrl":"https:\/\/bunnyboo.ro\/wp-content\/uploads\/2024\/03\/Logo-website-black.png","width":2422,"height":946,"caption":"Bunny Boo"},"image":{"@id":"https:\/\/bunnyboo.ro\/#\/schema\/logo\/image\/"}}]}},"_links":{"self":[{"href":"https:\/\/bunnyboo.ro\/en\/wp-json\/wp\/v2\/product\/33428","targetHints":{"allow":["GET"]}}],"collection":[{"href":"https:\/\/bunnyboo.ro\/en\/wp-json\/wp\/v2\/product"}],"about":[{"href":"https:\/\/bunnyboo.ro\/en\/wp-json\/wp\/v2\/types\/product"}],"replies":[{"embeddable":true,"href":"https:\/\/bunnyboo.ro\/en\/wp-json\/wp\/v2\/comments?post=33428"}],"wp:featuredmedia":[{"embeddable":true,"href":"https:\/\/bunnyboo.ro\/en\/wp-json\/wp\/v2\/media\/33429"}],"wp:attachment":[{"href":"https:\/\/bunnyboo.ro\/en\/wp-json\/wp\/v2\/media?parent=33428"}],"wp:term":[{"taxonomy":"product_brand","embeddable":true,"href":"https:\/\/bunnyboo.ro\/en\/wp-json\/wp\/v2\/product_brand?post=33428"},{"taxonomy":"product_cat","embeddable":true,"href":"https:\/\/bunnyboo.ro\/en\/wp-json\/wp\/v2\/product_cat?post=33428"},{"taxonomy":"product_tag","embeddable":true,"href":"https:\/\/bunnyboo.ro\/en\/wp-json\/wp\/v2\/product_tag?post=33428"}],"curies":[{"name":"wp","href":"https:\/\/api.w.org\/{rel}","templated":true}]}}