{"id":33390,"date":"2025-10-20T17:18:06","date_gmt":"2025-10-20T14:18:06","guid":{"rendered":"https:\/\/bunnyboo.ro\/?post_type=product&#038;p=33390"},"modified":"2026-02-16T11:04:12","modified_gmt":"2026-02-16T09:04:12","slug":"masinuta-din-lemn-fsc-pompieri-little-dutch-copiaza","status":"publish","type":"product","link":"https:\/\/bunnyboo.ro\/en\/produs\/masinuta-din-lemn-fsc-pompieri-little-dutch-copiaza\/","title":{"rendered":"Ma\u0219inu\u021b\u0103 din lemn FSC \u2013 Pompieri \u2013 Little Dutch"},"content":{"rendered":"<div>\n<p>Preg\u0103te\u0219te-te pentru misiuni de salvare cu acest camion de pompieri din lemn, robust \u0219i u\u0219or de manevrat! Vehiculul este dotat cu o scar\u0103 extensibil\u0103 \u0219i include o figurin\u0103 peg doll \u2013 un pompier curajos gata de ac\u021biune.<\/p>\n<p>Construc\u021bia solid\u0103 din lemn \u0219i ro\u021bile din cauciuc asigur\u0103 o rulare lin\u0103 pe podea, iar designul deschis \u00eel face u\u0219or de prins \u0219i \u00eempins de c\u0103tre cei mici. Perfect pentru jocuri pline de imagina\u021bie, misiuni de salvare \u0219i aventuri pline de suspans.<\/p>\n<p>Un cadou ideal pentru copiii care iubesc vehiculele \u0219i jocurile de rol.<\/p>\n<p><span style=\"font-size: 16px; -webkit-text-size-adjust: 100%;\">V\u00e2rst\u0103 recomandat\u0103: 18 luni +<\/span><\/p>\n<\/div>\n<p>Dimensiune:14,5 \u00d7 12 \u00d7 7 cm<\/p>\n<p>Material: Lemn cu certificare FSC<\/p>\n<p>Marc\u0103: Little Dutch<\/p>\n<div>\n<div><\/div>\n<\/div>\n","protected":false},"excerpt":{"rendered":"<p>Preg\u0103te\u0219te-te pentru misiuni de salvare cu acest camion de pompieri din lemn, robust \u0219i u\u0219or de manevrat! Vehiculul este dotat cu o scar\u0103 extensibil\u0103 \u0219i include o figurin\u0103 peg doll \u2013 un pompier curajos gata de ac\u021biune. Construc\u021bia solid\u0103 din lemn \u0219i ro\u021bile din cauciuc asigur\u0103 o rulare lin\u0103 pe podea, iar designul deschis \u00eel [&hellip;]<\/p>\n","protected":false},"featured_media":33391,"comment_status":"open","ping_status":"closed","template":"","meta":{"site-sidebar-layout":"default","site-content-layout":"","ast-site-content-layout":"default","site-content-style":"default","site-sidebar-style":"default","ast-global-header-display":"","ast-banner-title-visibility":"","ast-main-header-display":"","ast-hfb-above-header-display":"","ast-hfb-below-header-display":"","ast-hfb-mobile-header-display":"","site-post-title":"","ast-breadcrumbs-content":"","ast-featured-img":"","footer-sml-layout":"","theme-transparent-header-meta":"default","adv-header-id-meta":"","stick-header-meta":"default","header-above-stick-meta":"","header-main-stick-meta":"","header-below-stick-meta":"","astra-migrate-meta-layouts":"set","ast-page-background-enabled":"default","ast-page-background-meta":{"desktop":{"background-color":"","background-image":"","background-repeat":"repeat","background-position":"center center","background-size":"auto","background-attachment":"scroll","background-type":"","background-media":"","overlay-type":"","overlay-color":"","overlay-opacity":"","overlay-gradient":""},"tablet":{"background-color":"","background-image":"","background-repeat":"repeat","background-position":"center center","background-size":"auto","background-attachment":"scroll","background-type":"","background-media":"","overlay-type":"","overlay-color":"","overlay-opacity":"","overlay-gradient":""},"mobile":{"background-color":"","background-image":"","background-repeat":"repeat","background-position":"center center","background-size":"auto","background-attachment":"scroll","background-type":"","background-media":"","overlay-type":"","overlay-color":"","overlay-opacity":"","overlay-gradient":""}},"ast-content-background-meta":{"desktop":{"background-color":"var(--ast-global-color-5)","background-image":"","background-repeat":"repeat","background-position":"center center","background-size":"auto","background-attachment":"scroll","background-type":"","background-media":"","overlay-type":"","overlay-color":"","overlay-opacity":"","overlay-gradient":""},"tablet":{"background-color":"var(--ast-global-color-5)","background-image":"","background-repeat":"repeat","background-position":"center center","background-size":"auto","background-attachment":"scroll","background-type":"","background-media":"","overlay-type":"","overlay-color":"","overlay-opacity":"","overlay-gradient":""},"mobile":{"background-color":"var(--ast-global-color-5)","background-image":"","background-repeat":"repeat","background-position":"center center","background-size":"auto","background-attachment":"scroll","background-type":"","background-media":"","overlay-type":"","overlay-color":"","overlay-opacity":"","overlay-gradient":""}}},"product_brand":[],"product_cat":[50,65],"product_tag":[],"class_list":{"0":"post-33390","1":"product","2":"type-product","3":"status-publish","4":"has-post-thumbnail","6":"product_cat-jucarii-din-lemn-pentru-puiul-tau","7":"product_cat-noutati-minunate-pentru-puiul-tau","8":"desktop-align-left","9":"tablet-align-left","10":"mobile-align-left","11":"ast-product-gallery-layout-horizontal-slider","12":"ast-product-tabs-layout-vertical","13":"ast-qv-on-image","15":"first","16":"instock","17":"shipping-taxable","18":"purchasable","19":"product-type-simple"},"yoast_head":"<!-- This site is optimized with the Yoast SEO plugin v22.6 - https:\/\/yoast.com\/wordpress\/plugins\/seo\/ -->\n<title>Ma\u0219inu\u021b\u0103 din lemn FSC \u2013 Pompieri \u2013 Little Dutch<\/title>\n<meta name=\"robots\" content=\"index, follow, max-snippet:-1, max-image-preview:large, max-video-preview:-1\" \/>\n<link rel=\"canonical\" href=\"https:\/\/bunnyboo.ro\/produs\/masinuta-din-lemn-fsc-pompieri-little-dutch-copiaza\/\" \/>\n<meta property=\"og:locale\" content=\"en_US\" \/>\n<meta property=\"og:type\" content=\"article\" \/>\n<meta property=\"og:title\" content=\"Ma\u0219inu\u021b\u0103 din lemn FSC \u2013 Pompieri \u2013 Little Dutch\" \/>\n<meta property=\"og:description\" content=\"Preg\u0103te\u0219te-te pentru misiuni de salvare cu acest camion de pompieri din lemn, robust \u0219i u\u0219or de manevrat! Vehiculul este dotat cu o scar\u0103 extensibil\u0103 \u0219i include o figurin\u0103 peg doll \u2013 un pompier curajos gata de ac\u021biune. Construc\u021bia solid\u0103 din lemn \u0219i ro\u021bile din cauciuc asigur\u0103 o rulare lin\u0103 pe podea, iar designul deschis \u00eel [&hellip;]\" \/>\n<meta property=\"og:url\" content=\"https:\/\/bunnyboo.ro\/produs\/masinuta-din-lemn-fsc-pompieri-little-dutch-copiaza\/\" \/>\n<meta property=\"og:site_name\" content=\"Bunny Boo\" \/>\n<meta property=\"article:modified_time\" content=\"2026-02-16T09:04:12+00:00\" \/>\n<meta property=\"og:image\" content=\"https:\/\/bunnyboo.ro\/wp-content\/uploads\/2025\/10\/IMG_4113.png\" \/>\n\t<meta property=\"og:image:width\" content=\"1200\" \/>\n\t<meta property=\"og:image:height\" content=\"1200\" \/>\n\t<meta property=\"og:image:type\" content=\"image\/png\" \/>\n<meta name=\"twitter:card\" content=\"summary_large_image\" \/>\n<meta name=\"twitter:label1\" content=\"Est. reading time\" \/>\n\t<meta name=\"twitter:data1\" content=\"1 minute\" \/>\n<script type=\"application\/ld+json\" class=\"yoast-schema-graph\">{\"@context\":\"https:\/\/schema.org\",\"@graph\":[{\"@type\":\"WebPage\",\"@id\":\"https:\/\/bunnyboo.ro\/produs\/masinuta-din-lemn-fsc-pompieri-little-dutch-copiaza\/\",\"url\":\"https:\/\/bunnyboo.ro\/produs\/masinuta-din-lemn-fsc-pompieri-little-dutch-copiaza\/\",\"name\":\"Ma\u0219inu\u021b\u0103 din lemn FSC \u2013 Pompieri \u2013 Little Dutch\",\"isPartOf\":{\"@id\":\"https:\/\/bunnyboo.ro\/#website\"},\"primaryImageOfPage\":{\"@id\":\"https:\/\/bunnyboo.ro\/produs\/masinuta-din-lemn-fsc-pompieri-little-dutch-copiaza\/#primaryimage\"},\"image\":{\"@id\":\"https:\/\/bunnyboo.ro\/produs\/masinuta-din-lemn-fsc-pompieri-little-dutch-copiaza\/#primaryimage\"},\"thumbnailUrl\":\"https:\/\/bunnyboo.ro\/wp-content\/uploads\/2025\/10\/IMG_4113.png\",\"datePublished\":\"2025-10-20T14:18:06+00:00\",\"dateModified\":\"2026-02-16T09:04:12+00:00\",\"breadcrumb\":{\"@id\":\"https:\/\/bunnyboo.ro\/produs\/masinuta-din-lemn-fsc-pompieri-little-dutch-copiaza\/#breadcrumb\"},\"inLanguage\":\"en-US\",\"potentialAction\":[{\"@type\":\"ReadAction\",\"target\":[\"https:\/\/bunnyboo.ro\/produs\/masinuta-din-lemn-fsc-pompieri-little-dutch-copiaza\/\"]}]},{\"@type\":\"ImageObject\",\"inLanguage\":\"en-US\",\"@id\":\"https:\/\/bunnyboo.ro\/produs\/masinuta-din-lemn-fsc-pompieri-little-dutch-copiaza\/#primaryimage\",\"url\":\"https:\/\/bunnyboo.ro\/wp-content\/uploads\/2025\/10\/IMG_4113.png\",\"contentUrl\":\"https:\/\/bunnyboo.ro\/wp-content\/uploads\/2025\/10\/IMG_4113.png\",\"width\":1200,\"height\":1200},{\"@type\":\"BreadcrumbList\",\"@id\":\"https:\/\/bunnyboo.ro\/produs\/masinuta-din-lemn-fsc-pompieri-little-dutch-copiaza\/#breadcrumb\",\"itemListElement\":[{\"@type\":\"ListItem\",\"position\":1,\"name\":\"Home\",\"item\":\"https:\/\/bunnyboo.ro\/en\/\"},{\"@type\":\"ListItem\",\"position\":2,\"name\":\"New\",\"item\":\"https:\/\/bunnyboo.ro\/en\/shop\/\"},{\"@type\":\"ListItem\",\"position\":3,\"name\":\"Ma\u0219inu\u021b\u0103 din lemn FSC \u2013 Pompieri \u2013 Little Dutch\"}]},{\"@type\":\"WebSite\",\"@id\":\"https:\/\/bunnyboo.ro\/#website\",\"url\":\"https:\/\/bunnyboo.ro\/\",\"name\":\"Bunny Boo\",\"description\":\"Bunny Boo\",\"publisher\":{\"@id\":\"https:\/\/bunnyboo.ro\/#organization\"},\"potentialAction\":[{\"@type\":\"SearchAction\",\"target\":{\"@type\":\"EntryPoint\",\"urlTemplate\":\"https:\/\/bunnyboo.ro\/?s={search_term_string}\"},\"query-input\":\"required name=search_term_string\"}],\"inLanguage\":\"en-US\"},{\"@type\":\"Organization\",\"@id\":\"https:\/\/bunnyboo.ro\/#organization\",\"name\":\"Bunny Boo\",\"url\":\"https:\/\/bunnyboo.ro\/\",\"logo\":{\"@type\":\"ImageObject\",\"inLanguage\":\"en-US\",\"@id\":\"https:\/\/bunnyboo.ro\/#\/schema\/logo\/image\/\",\"url\":\"https:\/\/bunnyboo.ro\/wp-content\/uploads\/2024\/03\/Logo-website-black.png\",\"contentUrl\":\"https:\/\/bunnyboo.ro\/wp-content\/uploads\/2024\/03\/Logo-website-black.png\",\"width\":2422,\"height\":946,\"caption\":\"Bunny Boo\"},\"image\":{\"@id\":\"https:\/\/bunnyboo.ro\/#\/schema\/logo\/image\/\"}}]}<\/script>\n<!-- \/ Yoast SEO plugin. -->","yoast_head_json":{"title":"Ma\u0219inu\u021b\u0103 din lemn FSC \u2013 Pompieri \u2013 Little Dutch","robots":{"index":"index","follow":"follow","max-snippet":"max-snippet:-1","max-image-preview":"max-image-preview:large","max-video-preview":"max-video-preview:-1"},"canonical":"https:\/\/bunnyboo.ro\/produs\/masinuta-din-lemn-fsc-pompieri-little-dutch-copiaza\/","og_locale":"en_US","og_type":"article","og_title":"Ma\u0219inu\u021b\u0103 din lemn FSC \u2013 Pompieri \u2013 Little Dutch","og_description":"Preg\u0103te\u0219te-te pentru misiuni de salvare cu acest camion de pompieri din lemn, robust \u0219i u\u0219or de manevrat! Vehiculul este dotat cu o scar\u0103 extensibil\u0103 \u0219i include o figurin\u0103 peg doll \u2013 un pompier curajos gata de ac\u021biune. Construc\u021bia solid\u0103 din lemn \u0219i ro\u021bile din cauciuc asigur\u0103 o rulare lin\u0103 pe podea, iar designul deschis \u00eel [&hellip;]","og_url":"https:\/\/bunnyboo.ro\/produs\/masinuta-din-lemn-fsc-pompieri-little-dutch-copiaza\/","og_site_name":"Bunny Boo","article_modified_time":"2026-02-16T09:04:12+00:00","og_image":[{"width":1200,"height":1200,"url":"https:\/\/bunnyboo.ro\/wp-content\/uploads\/2025\/10\/IMG_4113.png","type":"image\/png"}],"twitter_card":"summary_large_image","twitter_misc":{"Est. reading time":"1 minute"},"schema":{"@context":"https:\/\/schema.org","@graph":[{"@type":"WebPage","@id":"https:\/\/bunnyboo.ro\/produs\/masinuta-din-lemn-fsc-pompieri-little-dutch-copiaza\/","url":"https:\/\/bunnyboo.ro\/produs\/masinuta-din-lemn-fsc-pompieri-little-dutch-copiaza\/","name":"Ma\u0219inu\u021b\u0103 din lemn FSC \u2013 Pompieri \u2013 Little Dutch","isPartOf":{"@id":"https:\/\/bunnyboo.ro\/#website"},"primaryImageOfPage":{"@id":"https:\/\/bunnyboo.ro\/produs\/masinuta-din-lemn-fsc-pompieri-little-dutch-copiaza\/#primaryimage"},"image":{"@id":"https:\/\/bunnyboo.ro\/produs\/masinuta-din-lemn-fsc-pompieri-little-dutch-copiaza\/#primaryimage"},"thumbnailUrl":"https:\/\/bunnyboo.ro\/wp-content\/uploads\/2025\/10\/IMG_4113.png","datePublished":"2025-10-20T14:18:06+00:00","dateModified":"2026-02-16T09:04:12+00:00","breadcrumb":{"@id":"https:\/\/bunnyboo.ro\/produs\/masinuta-din-lemn-fsc-pompieri-little-dutch-copiaza\/#breadcrumb"},"inLanguage":"en-US","potentialAction":[{"@type":"ReadAction","target":["https:\/\/bunnyboo.ro\/produs\/masinuta-din-lemn-fsc-pompieri-little-dutch-copiaza\/"]}]},{"@type":"ImageObject","inLanguage":"en-US","@id":"https:\/\/bunnyboo.ro\/produs\/masinuta-din-lemn-fsc-pompieri-little-dutch-copiaza\/#primaryimage","url":"https:\/\/bunnyboo.ro\/wp-content\/uploads\/2025\/10\/IMG_4113.png","contentUrl":"https:\/\/bunnyboo.ro\/wp-content\/uploads\/2025\/10\/IMG_4113.png","width":1200,"height":1200},{"@type":"BreadcrumbList","@id":"https:\/\/bunnyboo.ro\/produs\/masinuta-din-lemn-fsc-pompieri-little-dutch-copiaza\/#breadcrumb","itemListElement":[{"@type":"ListItem","position":1,"name":"Home","item":"https:\/\/bunnyboo.ro\/en\/"},{"@type":"ListItem","position":2,"name":"New","item":"https:\/\/bunnyboo.ro\/en\/shop\/"},{"@type":"ListItem","position":3,"name":"Ma\u0219inu\u021b\u0103 din lemn FSC \u2013 Pompieri \u2013 Little Dutch"}]},{"@type":"WebSite","@id":"https:\/\/bunnyboo.ro\/#website","url":"https:\/\/bunnyboo.ro\/","name":"Bunny Boo","description":"Bunny Boo","publisher":{"@id":"https:\/\/bunnyboo.ro\/#organization"},"potentialAction":[{"@type":"SearchAction","target":{"@type":"EntryPoint","urlTemplate":"https:\/\/bunnyboo.ro\/?s={search_term_string}"},"query-input":"required name=search_term_string"}],"inLanguage":"en-US"},{"@type":"Organization","@id":"https:\/\/bunnyboo.ro\/#organization","name":"Bunny Boo","url":"https:\/\/bunnyboo.ro\/","logo":{"@type":"ImageObject","inLanguage":"en-US","@id":"https:\/\/bunnyboo.ro\/#\/schema\/logo\/image\/","url":"https:\/\/bunnyboo.ro\/wp-content\/uploads\/2024\/03\/Logo-website-black.png","contentUrl":"https:\/\/bunnyboo.ro\/wp-content\/uploads\/2024\/03\/Logo-website-black.png","width":2422,"height":946,"caption":"Bunny Boo"},"image":{"@id":"https:\/\/bunnyboo.ro\/#\/schema\/logo\/image\/"}}]}},"_links":{"self":[{"href":"https:\/\/bunnyboo.ro\/en\/wp-json\/wp\/v2\/product\/33390","targetHints":{"allow":["GET"]}}],"collection":[{"href":"https:\/\/bunnyboo.ro\/en\/wp-json\/wp\/v2\/product"}],"about":[{"href":"https:\/\/bunnyboo.ro\/en\/wp-json\/wp\/v2\/types\/product"}],"replies":[{"embeddable":true,"href":"https:\/\/bunnyboo.ro\/en\/wp-json\/wp\/v2\/comments?post=33390"}],"wp:featuredmedia":[{"embeddable":true,"href":"https:\/\/bunnyboo.ro\/en\/wp-json\/wp\/v2\/media\/33391"}],"wp:attachment":[{"href":"https:\/\/bunnyboo.ro\/en\/wp-json\/wp\/v2\/media?parent=33390"}],"wp:term":[{"taxonomy":"product_brand","embeddable":true,"href":"https:\/\/bunnyboo.ro\/en\/wp-json\/wp\/v2\/product_brand?post=33390"},{"taxonomy":"product_cat","embeddable":true,"href":"https:\/\/bunnyboo.ro\/en\/wp-json\/wp\/v2\/product_cat?post=33390"},{"taxonomy":"product_tag","embeddable":true,"href":"https:\/\/bunnyboo.ro\/en\/wp-json\/wp\/v2\/product_tag?post=33390"}],"curies":[{"name":"wp","href":"https:\/\/api.w.org\/{rel}","templated":true}]}}