{"id":33263,"date":"2025-10-10T12:40:23","date_gmt":"2025-10-10T09:40:23","guid":{"rendered":"https:\/\/bunnyboo.ro\/?post_type=product&#038;p=33263"},"modified":"2026-03-26T14:49:42","modified_gmt":"2026-03-26T12:49:42","slug":"tabla-de-desenat-zora-dinosaurs-liewood","status":"publish","type":"product","link":"https:\/\/bunnyboo.ro\/en\/produs\/tabla-de-desenat-zora-dinosaurs-liewood\/","title":{"rendered":"Tabla de desenat Zora &#8211; Dinosaurs- Liewood"},"content":{"rendered":"<p>Las\u0103 creativitatea copiilor t\u0103i s\u0103 se manifeste din nou \u0219i din nou cu tableta de desen u\u0219oar\u0103 \u0219i portabil\u0103 ZORA. Ecranul sensibil la presiune le permite micu\u021bilor s\u0103 deseneze linii de grosimi diferite, \u00een func\u021bie de c\u00e2t de tare apas\u0103. Iar cu o simpl\u0103 ap\u0103sare de buton, crea\u021biile pot fi \u0219terse u\u0219or sau blocate pentru a p\u0103stra o capodoper\u0103 preferat\u0103.<\/p>\n<p>\u2022 Tabl\u0103 de desen cu ecran LCD, inclusiv stilou pentru desen<\/p>\n<p>\u2022 Un gadget distractiv pentru copii, care le stimuleaz\u0103 creativitatea<\/p>\n<p>\u2022 O alternativ\u0103 reutilizabil\u0103 la h\u00e2rtie \u0219i pix<\/p>\n<p>\u2022 U\u0219oar\u0103 \u0219i u\u0219or de transportat oriunde \u2013 de la drumuri cu ma\u0219ina la vacan\u021be \u00een familie<\/p>\n<p>\u2022 Apas\u0103 butonul din fa\u021b\u0103 pentru a \u0219terge ecranul sau gliseaz\u0103 blocajul din spate pentru a fixa desenul<\/p>\n<p>\u2022 C\u00e2nd desenul este blocat, copilul poate continua s\u0103 deseneze, dar butonul din fa\u021b\u0103 nu va \u0219terge ecranul<\/p>\n<p>\u2022 Baterie tip moned\u0103, \u00eenlocuibil\u0103, inclus\u0103<\/p>\n<p>\u2022 Ideal\u0103 pentru joac\u0103 creativ\u0103 \u0219i explorarea imagina\u021biei copiilor<\/p>\n<p>L\u0103\u021bime (cm): 18,5; Lungime (cm): 24<\/p>\n","protected":false},"excerpt":{"rendered":"<p>Las\u0103 creativitatea copiilor t\u0103i s\u0103 se manifeste din nou \u0219i din nou cu tableta de desen u\u0219oar\u0103 \u0219i portabil\u0103 ZORA. Ecranul sensibil la presiune le permite micu\u021bilor s\u0103 deseneze linii de grosimi diferite, \u00een func\u021bie de c\u00e2t de tare apas\u0103. Iar cu o simpl\u0103 ap\u0103sare de buton, crea\u021biile pot fi \u0219terse u\u0219or sau blocate pentru [&hellip;]<\/p>\n","protected":false},"featured_media":33264,"comment_status":"open","ping_status":"closed","template":"","meta":{"site-sidebar-layout":"default","site-content-layout":"","ast-site-content-layout":"default","site-content-style":"default","site-sidebar-style":"default","ast-global-header-display":"","ast-banner-title-visibility":"","ast-main-header-display":"","ast-hfb-above-header-display":"","ast-hfb-below-header-display":"","ast-hfb-mobile-header-display":"","site-post-title":"","ast-breadcrumbs-content":"","ast-featured-img":"","footer-sml-layout":"","theme-transparent-header-meta":"default","adv-header-id-meta":"","stick-header-meta":"default","header-above-stick-meta":"","header-main-stick-meta":"","header-below-stick-meta":"","astra-migrate-meta-layouts":"set","ast-page-background-enabled":"default","ast-page-background-meta":{"desktop":{"background-color":"","background-image":"","background-repeat":"repeat","background-position":"center center","background-size":"auto","background-attachment":"scroll","background-type":"","background-media":"","overlay-type":"","overlay-color":"","overlay-opacity":"","overlay-gradient":""},"tablet":{"background-color":"","background-image":"","background-repeat":"repeat","background-position":"center center","background-size":"auto","background-attachment":"scroll","background-type":"","background-media":"","overlay-type":"","overlay-color":"","overlay-opacity":"","overlay-gradient":""},"mobile":{"background-color":"","background-image":"","background-repeat":"repeat","background-position":"center center","background-size":"auto","background-attachment":"scroll","background-type":"","background-media":"","overlay-type":"","overlay-color":"","overlay-opacity":"","overlay-gradient":""}},"ast-content-background-meta":{"desktop":{"background-color":"var(--ast-global-color-5)","background-image":"","background-repeat":"repeat","background-position":"center center","background-size":"auto","background-attachment":"scroll","background-type":"","background-media":"","overlay-type":"","overlay-color":"","overlay-opacity":"","overlay-gradient":""},"tablet":{"background-color":"var(--ast-global-color-5)","background-image":"","background-repeat":"repeat","background-position":"center center","background-size":"auto","background-attachment":"scroll","background-type":"","background-media":"","overlay-type":"","overlay-color":"","overlay-opacity":"","overlay-gradient":""},"mobile":{"background-color":"var(--ast-global-color-5)","background-image":"","background-repeat":"repeat","background-position":"center center","background-size":"auto","background-attachment":"scroll","background-type":"","background-media":"","overlay-type":"","overlay-color":"","overlay-opacity":"","overlay-gradient":""}}},"product_brand":[],"product_cat":[65,292,132],"product_tag":[],"class_list":{"0":"post-33263","1":"product","2":"type-product","3":"status-publish","4":"has-post-thumbnail","6":"product_cat-noutati-minunate-pentru-puiul-tau","7":"product_cat-carticele-de-activitati","8":"product_cat-reduceri-pentru-tine","9":"desktop-align-left","10":"tablet-align-left","11":"mobile-align-left","12":"ast-product-gallery-layout-horizontal-slider","13":"ast-product-tabs-layout-vertical","14":"ast-qv-on-image","16":"first","17":"instock","18":"sale","19":"shipping-taxable","20":"purchasable","21":"product-type-simple"},"yoast_head":"<!-- This site is optimized with the Yoast SEO plugin v22.6 - https:\/\/yoast.com\/wordpress\/plugins\/seo\/ -->\n<title>Tabla de desenat Zora - Dinosaurs- Liewood<\/title>\n<meta name=\"robots\" content=\"index, follow, max-snippet:-1, max-image-preview:large, max-video-preview:-1\" \/>\n<link rel=\"canonical\" href=\"https:\/\/bunnyboo.ro\/produs\/tabla-de-desenat-zora-dinosaurs-liewood\/\" \/>\n<meta property=\"og:locale\" content=\"en_US\" \/>\n<meta property=\"og:type\" content=\"article\" \/>\n<meta property=\"og:title\" content=\"Tabla de desenat Zora - Dinosaurs- Liewood\" \/>\n<meta property=\"og:description\" content=\"Las\u0103 creativitatea copiilor t\u0103i s\u0103 se manifeste din nou \u0219i din nou cu tableta de desen u\u0219oar\u0103 \u0219i portabil\u0103 ZORA. Ecranul sensibil la presiune le permite micu\u021bilor s\u0103 deseneze linii de grosimi diferite, \u00een func\u021bie de c\u00e2t de tare apas\u0103. Iar cu o simpl\u0103 ap\u0103sare de buton, crea\u021biile pot fi \u0219terse u\u0219or sau blocate pentru [&hellip;]\" \/>\n<meta property=\"og:url\" content=\"https:\/\/bunnyboo.ro\/produs\/tabla-de-desenat-zora-dinosaurs-liewood\/\" \/>\n<meta property=\"og:site_name\" content=\"Bunny Boo\" \/>\n<meta property=\"article:modified_time\" content=\"2026-03-26T12:49:42+00:00\" \/>\n<meta property=\"og:image\" content=\"https:\/\/bunnyboo.ro\/wp-content\/uploads\/2025\/10\/image00023-1024x1024.png\" \/>\n\t<meta property=\"og:image:width\" content=\"1024\" \/>\n\t<meta property=\"og:image:height\" content=\"1024\" \/>\n\t<meta property=\"og:image:type\" content=\"image\/png\" \/>\n<meta name=\"twitter:card\" content=\"summary_large_image\" \/>\n<meta name=\"twitter:label1\" content=\"Est. reading time\" \/>\n\t<meta name=\"twitter:data1\" content=\"2 minutes\" \/>\n<script type=\"application\/ld+json\" class=\"yoast-schema-graph\">{\"@context\":\"https:\/\/schema.org\",\"@graph\":[{\"@type\":\"WebPage\",\"@id\":\"https:\/\/bunnyboo.ro\/produs\/tabla-de-desenat-zora-dinosaurs-liewood\/\",\"url\":\"https:\/\/bunnyboo.ro\/produs\/tabla-de-desenat-zora-dinosaurs-liewood\/\",\"name\":\"Tabla de desenat Zora - Dinosaurs- Liewood\",\"isPartOf\":{\"@id\":\"https:\/\/bunnyboo.ro\/#website\"},\"primaryImageOfPage\":{\"@id\":\"https:\/\/bunnyboo.ro\/produs\/tabla-de-desenat-zora-dinosaurs-liewood\/#primaryimage\"},\"image\":{\"@id\":\"https:\/\/bunnyboo.ro\/produs\/tabla-de-desenat-zora-dinosaurs-liewood\/#primaryimage\"},\"thumbnailUrl\":\"https:\/\/bunnyboo.ro\/wp-content\/uploads\/2025\/10\/image00023.png\",\"datePublished\":\"2025-10-10T09:40:23+00:00\",\"dateModified\":\"2026-03-26T12:49:42+00:00\",\"breadcrumb\":{\"@id\":\"https:\/\/bunnyboo.ro\/produs\/tabla-de-desenat-zora-dinosaurs-liewood\/#breadcrumb\"},\"inLanguage\":\"en-US\",\"potentialAction\":[{\"@type\":\"ReadAction\",\"target\":[\"https:\/\/bunnyboo.ro\/produs\/tabla-de-desenat-zora-dinosaurs-liewood\/\"]}]},{\"@type\":\"ImageObject\",\"inLanguage\":\"en-US\",\"@id\":\"https:\/\/bunnyboo.ro\/produs\/tabla-de-desenat-zora-dinosaurs-liewood\/#primaryimage\",\"url\":\"https:\/\/bunnyboo.ro\/wp-content\/uploads\/2025\/10\/image00023.png\",\"contentUrl\":\"https:\/\/bunnyboo.ro\/wp-content\/uploads\/2025\/10\/image00023.png\",\"width\":2000,\"height\":2000},{\"@type\":\"BreadcrumbList\",\"@id\":\"https:\/\/bunnyboo.ro\/produs\/tabla-de-desenat-zora-dinosaurs-liewood\/#breadcrumb\",\"itemListElement\":[{\"@type\":\"ListItem\",\"position\":1,\"name\":\"Home\",\"item\":\"https:\/\/bunnyboo.ro\/en\/\"},{\"@type\":\"ListItem\",\"position\":2,\"name\":\"New\",\"item\":\"https:\/\/bunnyboo.ro\/en\/shop\/\"},{\"@type\":\"ListItem\",\"position\":3,\"name\":\"Tabla de desenat Zora &#8211; Dinosaurs- Liewood\"}]},{\"@type\":\"WebSite\",\"@id\":\"https:\/\/bunnyboo.ro\/#website\",\"url\":\"https:\/\/bunnyboo.ro\/\",\"name\":\"Bunny Boo\",\"description\":\"Bunny Boo\",\"publisher\":{\"@id\":\"https:\/\/bunnyboo.ro\/#organization\"},\"potentialAction\":[{\"@type\":\"SearchAction\",\"target\":{\"@type\":\"EntryPoint\",\"urlTemplate\":\"https:\/\/bunnyboo.ro\/?s={search_term_string}\"},\"query-input\":\"required name=search_term_string\"}],\"inLanguage\":\"en-US\"},{\"@type\":\"Organization\",\"@id\":\"https:\/\/bunnyboo.ro\/#organization\",\"name\":\"Bunny Boo\",\"url\":\"https:\/\/bunnyboo.ro\/\",\"logo\":{\"@type\":\"ImageObject\",\"inLanguage\":\"en-US\",\"@id\":\"https:\/\/bunnyboo.ro\/#\/schema\/logo\/image\/\",\"url\":\"https:\/\/bunnyboo.ro\/wp-content\/uploads\/2024\/03\/Logo-website-black.png\",\"contentUrl\":\"https:\/\/bunnyboo.ro\/wp-content\/uploads\/2024\/03\/Logo-website-black.png\",\"width\":2422,\"height\":946,\"caption\":\"Bunny Boo\"},\"image\":{\"@id\":\"https:\/\/bunnyboo.ro\/#\/schema\/logo\/image\/\"}}]}<\/script>\n<!-- \/ Yoast SEO plugin. -->","yoast_head_json":{"title":"Tabla de desenat Zora - Dinosaurs- Liewood","robots":{"index":"index","follow":"follow","max-snippet":"max-snippet:-1","max-image-preview":"max-image-preview:large","max-video-preview":"max-video-preview:-1"},"canonical":"https:\/\/bunnyboo.ro\/produs\/tabla-de-desenat-zora-dinosaurs-liewood\/","og_locale":"en_US","og_type":"article","og_title":"Tabla de desenat Zora - Dinosaurs- Liewood","og_description":"Las\u0103 creativitatea copiilor t\u0103i s\u0103 se manifeste din nou \u0219i din nou cu tableta de desen u\u0219oar\u0103 \u0219i portabil\u0103 ZORA. Ecranul sensibil la presiune le permite micu\u021bilor s\u0103 deseneze linii de grosimi diferite, \u00een func\u021bie de c\u00e2t de tare apas\u0103. Iar cu o simpl\u0103 ap\u0103sare de buton, crea\u021biile pot fi \u0219terse u\u0219or sau blocate pentru [&hellip;]","og_url":"https:\/\/bunnyboo.ro\/produs\/tabla-de-desenat-zora-dinosaurs-liewood\/","og_site_name":"Bunny Boo","article_modified_time":"2026-03-26T12:49:42+00:00","og_image":[{"width":1024,"height":1024,"url":"https:\/\/bunnyboo.ro\/wp-content\/uploads\/2025\/10\/image00023-1024x1024.png","type":"image\/png"}],"twitter_card":"summary_large_image","twitter_misc":{"Est. reading time":"2 minutes"},"schema":{"@context":"https:\/\/schema.org","@graph":[{"@type":"WebPage","@id":"https:\/\/bunnyboo.ro\/produs\/tabla-de-desenat-zora-dinosaurs-liewood\/","url":"https:\/\/bunnyboo.ro\/produs\/tabla-de-desenat-zora-dinosaurs-liewood\/","name":"Tabla de desenat Zora - Dinosaurs- Liewood","isPartOf":{"@id":"https:\/\/bunnyboo.ro\/#website"},"primaryImageOfPage":{"@id":"https:\/\/bunnyboo.ro\/produs\/tabla-de-desenat-zora-dinosaurs-liewood\/#primaryimage"},"image":{"@id":"https:\/\/bunnyboo.ro\/produs\/tabla-de-desenat-zora-dinosaurs-liewood\/#primaryimage"},"thumbnailUrl":"https:\/\/bunnyboo.ro\/wp-content\/uploads\/2025\/10\/image00023.png","datePublished":"2025-10-10T09:40:23+00:00","dateModified":"2026-03-26T12:49:42+00:00","breadcrumb":{"@id":"https:\/\/bunnyboo.ro\/produs\/tabla-de-desenat-zora-dinosaurs-liewood\/#breadcrumb"},"inLanguage":"en-US","potentialAction":[{"@type":"ReadAction","target":["https:\/\/bunnyboo.ro\/produs\/tabla-de-desenat-zora-dinosaurs-liewood\/"]}]},{"@type":"ImageObject","inLanguage":"en-US","@id":"https:\/\/bunnyboo.ro\/produs\/tabla-de-desenat-zora-dinosaurs-liewood\/#primaryimage","url":"https:\/\/bunnyboo.ro\/wp-content\/uploads\/2025\/10\/image00023.png","contentUrl":"https:\/\/bunnyboo.ro\/wp-content\/uploads\/2025\/10\/image00023.png","width":2000,"height":2000},{"@type":"BreadcrumbList","@id":"https:\/\/bunnyboo.ro\/produs\/tabla-de-desenat-zora-dinosaurs-liewood\/#breadcrumb","itemListElement":[{"@type":"ListItem","position":1,"name":"Home","item":"https:\/\/bunnyboo.ro\/en\/"},{"@type":"ListItem","position":2,"name":"New","item":"https:\/\/bunnyboo.ro\/en\/shop\/"},{"@type":"ListItem","position":3,"name":"Tabla de desenat Zora &#8211; Dinosaurs- Liewood"}]},{"@type":"WebSite","@id":"https:\/\/bunnyboo.ro\/#website","url":"https:\/\/bunnyboo.ro\/","name":"Bunny Boo","description":"Bunny Boo","publisher":{"@id":"https:\/\/bunnyboo.ro\/#organization"},"potentialAction":[{"@type":"SearchAction","target":{"@type":"EntryPoint","urlTemplate":"https:\/\/bunnyboo.ro\/?s={search_term_string}"},"query-input":"required name=search_term_string"}],"inLanguage":"en-US"},{"@type":"Organization","@id":"https:\/\/bunnyboo.ro\/#organization","name":"Bunny Boo","url":"https:\/\/bunnyboo.ro\/","logo":{"@type":"ImageObject","inLanguage":"en-US","@id":"https:\/\/bunnyboo.ro\/#\/schema\/logo\/image\/","url":"https:\/\/bunnyboo.ro\/wp-content\/uploads\/2024\/03\/Logo-website-black.png","contentUrl":"https:\/\/bunnyboo.ro\/wp-content\/uploads\/2024\/03\/Logo-website-black.png","width":2422,"height":946,"caption":"Bunny Boo"},"image":{"@id":"https:\/\/bunnyboo.ro\/#\/schema\/logo\/image\/"}}]}},"_links":{"self":[{"href":"https:\/\/bunnyboo.ro\/en\/wp-json\/wp\/v2\/product\/33263","targetHints":{"allow":["GET"]}}],"collection":[{"href":"https:\/\/bunnyboo.ro\/en\/wp-json\/wp\/v2\/product"}],"about":[{"href":"https:\/\/bunnyboo.ro\/en\/wp-json\/wp\/v2\/types\/product"}],"replies":[{"embeddable":true,"href":"https:\/\/bunnyboo.ro\/en\/wp-json\/wp\/v2\/comments?post=33263"}],"wp:featuredmedia":[{"embeddable":true,"href":"https:\/\/bunnyboo.ro\/en\/wp-json\/wp\/v2\/media\/33264"}],"wp:attachment":[{"href":"https:\/\/bunnyboo.ro\/en\/wp-json\/wp\/v2\/media?parent=33263"}],"wp:term":[{"taxonomy":"product_brand","embeddable":true,"href":"https:\/\/bunnyboo.ro\/en\/wp-json\/wp\/v2\/product_brand?post=33263"},{"taxonomy":"product_cat","embeddable":true,"href":"https:\/\/bunnyboo.ro\/en\/wp-json\/wp\/v2\/product_cat?post=33263"},{"taxonomy":"product_tag","embeddable":true,"href":"https:\/\/bunnyboo.ro\/en\/wp-json\/wp\/v2\/product_tag?post=33263"}],"curies":[{"name":"wp","href":"https:\/\/api.w.org\/{rel}","templated":true}]}}