{"id":33172,"date":"2025-10-02T19:10:36","date_gmt":"2025-10-02T16:10:36","guid":{"rendered":"https:\/\/bunnyboo.ro\/?post_type=product&#038;p=33172"},"modified":"2026-03-04T13:32:21","modified_gmt":"2026-03-04T11:32:21","slug":"leokid-footmuff-transformer-wonder","status":"publish","type":"product","link":"https:\/\/bunnyboo.ro\/en\/produs\/leokid-footmuff-transformer-wonder\/","title":{"rendered":"Leokid Footmuff Transformer Wonder"},"content":{"rendered":"<p>Footmuff-ul Transformer Leokid este conceput pentru bebelu\u0219i cu v\u00e2rsta cuprins\u0103 \u00eentre 0 \u0219i 3-4 ani.<br \/>\nGrad ridicat de izolare: p\u00e2n\u0103 la \u221225 \u00b0\u0421, sezon de iarn\u0103.<br \/>\nEste confec\u021bionat din \u021bes\u0103tur\u0103 durabil\u0103 cu impregnare hidrofug\u0103 BIONIC-FINISH\u00ae ECO de 3.000 mm.<br \/>\nDatorit\u0103 fundului deta\u0219abil, lungimea poate fi ajustat\u0103, f\u0103c\u00e2nd-o s\u0103 \u201ecreasc\u0103\u201d odat\u0103 cu copilul dumneavoastr\u0103.<br \/>\nAre un fermoar frontal central acoperit, pentru a tine frigul la distant\u0103.<\/p>\n<p>Pe partea frontal\u0103 este prev\u0103zut cu un element reflectorizant, f\u0103c\u00e2ndu-l vizibil de departe pe \u00eentuneric \u0219i vreme nefavorabil\u0103.<br \/>\nPartea superioar\u0103 are un \u0219nur cu un dop de plastic care poate fi ascuns \u00eentr-un buzunar special.<br \/>\nTransformerul Leokid este potrivit pentru toate c\u0103rucioarele, scaune pentru ma\u0219ini \u0219i s\u0103nii.<br \/>\nSistemul de fante pentru picioare este universal \u0219i se potrive\u0219te majorit\u0103\u021bii hamurilor de siguran\u021b\u0103.<br \/>\nPartea interioar\u0103 a fundului deta\u0219abil este prev\u0103zut\u0103 cu o \u021bes\u0103tur\u0103 de protec\u021bie hidrofug\u0103 \u00een zona picioarelor, astfel \u00eenc\u00e2t s\u0103 nu fie nevoie s\u0103 scoate\u021bi pantofii bebelu\u0219ului.<br \/>\nSpatele are elemente speciale anti-alunecare.<\/p>\n<p>Leokid Footmuff Transformer \u021bine bebelu\u0219ii la caldur\u0103 \u0219i \u00eei protejeaz\u0103 de v\u00e2nt, ploaie \u0219i z\u0103pad\u0103, astfel \u00eenc\u00e2t s\u0103 se simt\u0103 confortabil toamna, iarna, prim\u0103vara \u0219i chiar \u0219i \u00een verile r\u0103coroase.<\/p>\n<p>Caracteristici:<\/p>\n<p>Dimensiune: 90 \u00d7 48 \u00d7 18 cm \/ 115 \u00d7 48 \u00d7 18 cm<br \/>\nGreutate: 1250 g<\/p>\n","protected":false},"excerpt":{"rendered":"<p>Footmuff-ul Transformer Leokid este conceput pentru bebelu\u0219i cu v\u00e2rsta cuprins\u0103 \u00eentre 0 \u0219i 3-4 ani. Grad ridicat de izolare: p\u00e2n\u0103 la \u221225 \u00b0\u0421, sezon de iarn\u0103. Este confec\u021bionat din \u021bes\u0103tur\u0103 durabil\u0103 cu impregnare hidrofug\u0103 BIONIC-FINISH\u00ae ECO de 3.000 mm. Datorit\u0103 fundului deta\u0219abil, lungimea poate fi ajustat\u0103, f\u0103c\u00e2nd-o s\u0103 \u201ecreasc\u0103\u201d odat\u0103 cu copilul dumneavoastr\u0103. Are un [&hellip;]<\/p>\n","protected":false},"featured_media":33200,"comment_status":"open","ping_status":"closed","template":"","meta":{"site-sidebar-layout":"default","site-content-layout":"","ast-site-content-layout":"default","site-content-style":"default","site-sidebar-style":"default","ast-global-header-display":"","ast-banner-title-visibility":"","ast-main-header-display":"","ast-hfb-above-header-display":"","ast-hfb-below-header-display":"","ast-hfb-mobile-header-display":"","site-post-title":"","ast-breadcrumbs-content":"","ast-featured-img":"","footer-sml-layout":"","theme-transparent-header-meta":"default","adv-header-id-meta":"","stick-header-meta":"default","header-above-stick-meta":"","header-main-stick-meta":"","header-below-stick-meta":"","astra-migrate-meta-layouts":"set","ast-page-background-enabled":"default","ast-page-background-meta":{"desktop":{"background-color":"","background-image":"","background-repeat":"repeat","background-position":"center center","background-size":"auto","background-attachment":"scroll","background-type":"","background-media":"","overlay-type":"","overlay-color":"","overlay-opacity":"","overlay-gradient":""},"tablet":{"background-color":"","background-image":"","background-repeat":"repeat","background-position":"center center","background-size":"auto","background-attachment":"scroll","background-type":"","background-media":"","overlay-type":"","overlay-color":"","overlay-opacity":"","overlay-gradient":""},"mobile":{"background-color":"","background-image":"","background-repeat":"repeat","background-position":"center center","background-size":"auto","background-attachment":"scroll","background-type":"","background-media":"","overlay-type":"","overlay-color":"","overlay-opacity":"","overlay-gradient":""}},"ast-content-background-meta":{"desktop":{"background-color":"var(--ast-global-color-5)","background-image":"","background-repeat":"repeat","background-position":"center center","background-size":"auto","background-attachment":"scroll","background-type":"","background-media":"","overlay-type":"","overlay-color":"","overlay-opacity":"","overlay-gradient":""},"tablet":{"background-color":"var(--ast-global-color-5)","background-image":"","background-repeat":"repeat","background-position":"center center","background-size":"auto","background-attachment":"scroll","background-type":"","background-media":"","overlay-type":"","overlay-color":"","overlay-opacity":"","overlay-gradient":""},"mobile":{"background-color":"var(--ast-global-color-5)","background-image":"","background-repeat":"repeat","background-position":"center center","background-size":"auto","background-attachment":"scroll","background-type":"","background-media":"","overlay-type":"","overlay-color":"","overlay-opacity":"","overlay-gradient":""}}},"product_brand":[],"product_cat":[92],"product_tag":[],"class_list":{"0":"post-33172","1":"product","2":"type-product","3":"status-publish","4":"has-post-thumbnail","6":"product_cat-plimbari-confortabile-in-sezonul-rece","7":"desktop-align-left","8":"tablet-align-left","9":"mobile-align-left","10":"ast-product-gallery-layout-horizontal-slider","11":"ast-product-tabs-layout-vertical","12":"ast-qv-on-image","14":"first","15":"instock","16":"shipping-taxable","17":"purchasable","18":"product-type-simple"},"yoast_head":"<!-- This site is optimized with the Yoast SEO plugin v22.6 - https:\/\/yoast.com\/wordpress\/plugins\/seo\/ -->\n<title>Leokid Footmuff Transformer Wonder<\/title>\n<meta name=\"robots\" content=\"index, follow, max-snippet:-1, max-image-preview:large, max-video-preview:-1\" \/>\n<link rel=\"canonical\" href=\"https:\/\/bunnyboo.ro\/produs\/leokid-footmuff-transformer-wonder\/\" \/>\n<meta property=\"og:locale\" content=\"en_US\" \/>\n<meta property=\"og:type\" content=\"article\" \/>\n<meta property=\"og:title\" content=\"Leokid Footmuff Transformer Wonder\" \/>\n<meta property=\"og:description\" content=\"Footmuff-ul Transformer Leokid este conceput pentru bebelu\u0219i cu v\u00e2rsta cuprins\u0103 \u00eentre 0 \u0219i 3-4 ani. Grad ridicat de izolare: p\u00e2n\u0103 la \u221225 \u00b0\u0421, sezon de iarn\u0103. Este confec\u021bionat din \u021bes\u0103tur\u0103 durabil\u0103 cu impregnare hidrofug\u0103 BIONIC-FINISH\u00ae ECO de 3.000 mm. Datorit\u0103 fundului deta\u0219abil, lungimea poate fi ajustat\u0103, f\u0103c\u00e2nd-o s\u0103 \u201ecreasc\u0103\u201d odat\u0103 cu copilul dumneavoastr\u0103. Are un [&hellip;]\" \/>\n<meta property=\"og:url\" content=\"https:\/\/bunnyboo.ro\/produs\/leokid-footmuff-transformer-wonder\/\" \/>\n<meta property=\"og:site_name\" content=\"Bunny Boo\" \/>\n<meta property=\"article:modified_time\" content=\"2026-03-04T11:32:21+00:00\" \/>\n<meta property=\"og:image\" content=\"https:\/\/bunnyboo.ro\/wp-content\/uploads\/2025\/10\/IMG_2732.png\" \/>\n\t<meta property=\"og:image:width\" content=\"1080\" \/>\n\t<meta property=\"og:image:height\" content=\"1080\" \/>\n\t<meta property=\"og:image:type\" content=\"image\/png\" \/>\n<meta name=\"twitter:card\" content=\"summary_large_image\" \/>\n<meta name=\"twitter:label1\" content=\"Est. reading time\" \/>\n\t<meta name=\"twitter:data1\" content=\"2 minutes\" \/>\n<script type=\"application\/ld+json\" class=\"yoast-schema-graph\">{\"@context\":\"https:\/\/schema.org\",\"@graph\":[{\"@type\":\"WebPage\",\"@id\":\"https:\/\/bunnyboo.ro\/produs\/leokid-footmuff-transformer-wonder\/\",\"url\":\"https:\/\/bunnyboo.ro\/produs\/leokid-footmuff-transformer-wonder\/\",\"name\":\"Leokid Footmuff Transformer Wonder\",\"isPartOf\":{\"@id\":\"https:\/\/bunnyboo.ro\/#website\"},\"primaryImageOfPage\":{\"@id\":\"https:\/\/bunnyboo.ro\/produs\/leokid-footmuff-transformer-wonder\/#primaryimage\"},\"image\":{\"@id\":\"https:\/\/bunnyboo.ro\/produs\/leokid-footmuff-transformer-wonder\/#primaryimage\"},\"thumbnailUrl\":\"https:\/\/bunnyboo.ro\/wp-content\/uploads\/2025\/10\/IMG_2732.png\",\"datePublished\":\"2025-10-02T16:10:36+00:00\",\"dateModified\":\"2026-03-04T11:32:21+00:00\",\"breadcrumb\":{\"@id\":\"https:\/\/bunnyboo.ro\/produs\/leokid-footmuff-transformer-wonder\/#breadcrumb\"},\"inLanguage\":\"en-US\",\"potentialAction\":[{\"@type\":\"ReadAction\",\"target\":[\"https:\/\/bunnyboo.ro\/produs\/leokid-footmuff-transformer-wonder\/\"]}]},{\"@type\":\"ImageObject\",\"inLanguage\":\"en-US\",\"@id\":\"https:\/\/bunnyboo.ro\/produs\/leokid-footmuff-transformer-wonder\/#primaryimage\",\"url\":\"https:\/\/bunnyboo.ro\/wp-content\/uploads\/2025\/10\/IMG_2732.png\",\"contentUrl\":\"https:\/\/bunnyboo.ro\/wp-content\/uploads\/2025\/10\/IMG_2732.png\",\"width\":1080,\"height\":1080},{\"@type\":\"BreadcrumbList\",\"@id\":\"https:\/\/bunnyboo.ro\/produs\/leokid-footmuff-transformer-wonder\/#breadcrumb\",\"itemListElement\":[{\"@type\":\"ListItem\",\"position\":1,\"name\":\"Home\",\"item\":\"https:\/\/bunnyboo.ro\/en\/\"},{\"@type\":\"ListItem\",\"position\":2,\"name\":\"New\",\"item\":\"https:\/\/bunnyboo.ro\/en\/shop\/\"},{\"@type\":\"ListItem\",\"position\":3,\"name\":\"Leokid Footmuff Transformer Wonder\"}]},{\"@type\":\"WebSite\",\"@id\":\"https:\/\/bunnyboo.ro\/#website\",\"url\":\"https:\/\/bunnyboo.ro\/\",\"name\":\"Bunny Boo\",\"description\":\"Bunny Boo\",\"publisher\":{\"@id\":\"https:\/\/bunnyboo.ro\/#organization\"},\"potentialAction\":[{\"@type\":\"SearchAction\",\"target\":{\"@type\":\"EntryPoint\",\"urlTemplate\":\"https:\/\/bunnyboo.ro\/?s={search_term_string}\"},\"query-input\":\"required name=search_term_string\"}],\"inLanguage\":\"en-US\"},{\"@type\":\"Organization\",\"@id\":\"https:\/\/bunnyboo.ro\/#organization\",\"name\":\"Bunny Boo\",\"url\":\"https:\/\/bunnyboo.ro\/\",\"logo\":{\"@type\":\"ImageObject\",\"inLanguage\":\"en-US\",\"@id\":\"https:\/\/bunnyboo.ro\/#\/schema\/logo\/image\/\",\"url\":\"https:\/\/bunnyboo.ro\/wp-content\/uploads\/2024\/03\/Logo-website-black.png\",\"contentUrl\":\"https:\/\/bunnyboo.ro\/wp-content\/uploads\/2024\/03\/Logo-website-black.png\",\"width\":2422,\"height\":946,\"caption\":\"Bunny Boo\"},\"image\":{\"@id\":\"https:\/\/bunnyboo.ro\/#\/schema\/logo\/image\/\"}}]}<\/script>\n<!-- \/ Yoast SEO plugin. -->","yoast_head_json":{"title":"Leokid Footmuff Transformer Wonder","robots":{"index":"index","follow":"follow","max-snippet":"max-snippet:-1","max-image-preview":"max-image-preview:large","max-video-preview":"max-video-preview:-1"},"canonical":"https:\/\/bunnyboo.ro\/produs\/leokid-footmuff-transformer-wonder\/","og_locale":"en_US","og_type":"article","og_title":"Leokid Footmuff Transformer Wonder","og_description":"Footmuff-ul Transformer Leokid este conceput pentru bebelu\u0219i cu v\u00e2rsta cuprins\u0103 \u00eentre 0 \u0219i 3-4 ani. Grad ridicat de izolare: p\u00e2n\u0103 la \u221225 \u00b0\u0421, sezon de iarn\u0103. Este confec\u021bionat din \u021bes\u0103tur\u0103 durabil\u0103 cu impregnare hidrofug\u0103 BIONIC-FINISH\u00ae ECO de 3.000 mm. Datorit\u0103 fundului deta\u0219abil, lungimea poate fi ajustat\u0103, f\u0103c\u00e2nd-o s\u0103 \u201ecreasc\u0103\u201d odat\u0103 cu copilul dumneavoastr\u0103. Are un [&hellip;]","og_url":"https:\/\/bunnyboo.ro\/produs\/leokid-footmuff-transformer-wonder\/","og_site_name":"Bunny Boo","article_modified_time":"2026-03-04T11:32:21+00:00","og_image":[{"width":1080,"height":1080,"url":"https:\/\/bunnyboo.ro\/wp-content\/uploads\/2025\/10\/IMG_2732.png","type":"image\/png"}],"twitter_card":"summary_large_image","twitter_misc":{"Est. reading time":"2 minutes"},"schema":{"@context":"https:\/\/schema.org","@graph":[{"@type":"WebPage","@id":"https:\/\/bunnyboo.ro\/produs\/leokid-footmuff-transformer-wonder\/","url":"https:\/\/bunnyboo.ro\/produs\/leokid-footmuff-transformer-wonder\/","name":"Leokid Footmuff Transformer Wonder","isPartOf":{"@id":"https:\/\/bunnyboo.ro\/#website"},"primaryImageOfPage":{"@id":"https:\/\/bunnyboo.ro\/produs\/leokid-footmuff-transformer-wonder\/#primaryimage"},"image":{"@id":"https:\/\/bunnyboo.ro\/produs\/leokid-footmuff-transformer-wonder\/#primaryimage"},"thumbnailUrl":"https:\/\/bunnyboo.ro\/wp-content\/uploads\/2025\/10\/IMG_2732.png","datePublished":"2025-10-02T16:10:36+00:00","dateModified":"2026-03-04T11:32:21+00:00","breadcrumb":{"@id":"https:\/\/bunnyboo.ro\/produs\/leokid-footmuff-transformer-wonder\/#breadcrumb"},"inLanguage":"en-US","potentialAction":[{"@type":"ReadAction","target":["https:\/\/bunnyboo.ro\/produs\/leokid-footmuff-transformer-wonder\/"]}]},{"@type":"ImageObject","inLanguage":"en-US","@id":"https:\/\/bunnyboo.ro\/produs\/leokid-footmuff-transformer-wonder\/#primaryimage","url":"https:\/\/bunnyboo.ro\/wp-content\/uploads\/2025\/10\/IMG_2732.png","contentUrl":"https:\/\/bunnyboo.ro\/wp-content\/uploads\/2025\/10\/IMG_2732.png","width":1080,"height":1080},{"@type":"BreadcrumbList","@id":"https:\/\/bunnyboo.ro\/produs\/leokid-footmuff-transformer-wonder\/#breadcrumb","itemListElement":[{"@type":"ListItem","position":1,"name":"Home","item":"https:\/\/bunnyboo.ro\/en\/"},{"@type":"ListItem","position":2,"name":"New","item":"https:\/\/bunnyboo.ro\/en\/shop\/"},{"@type":"ListItem","position":3,"name":"Leokid Footmuff Transformer Wonder"}]},{"@type":"WebSite","@id":"https:\/\/bunnyboo.ro\/#website","url":"https:\/\/bunnyboo.ro\/","name":"Bunny Boo","description":"Bunny Boo","publisher":{"@id":"https:\/\/bunnyboo.ro\/#organization"},"potentialAction":[{"@type":"SearchAction","target":{"@type":"EntryPoint","urlTemplate":"https:\/\/bunnyboo.ro\/?s={search_term_string}"},"query-input":"required name=search_term_string"}],"inLanguage":"en-US"},{"@type":"Organization","@id":"https:\/\/bunnyboo.ro\/#organization","name":"Bunny Boo","url":"https:\/\/bunnyboo.ro\/","logo":{"@type":"ImageObject","inLanguage":"en-US","@id":"https:\/\/bunnyboo.ro\/#\/schema\/logo\/image\/","url":"https:\/\/bunnyboo.ro\/wp-content\/uploads\/2024\/03\/Logo-website-black.png","contentUrl":"https:\/\/bunnyboo.ro\/wp-content\/uploads\/2024\/03\/Logo-website-black.png","width":2422,"height":946,"caption":"Bunny Boo"},"image":{"@id":"https:\/\/bunnyboo.ro\/#\/schema\/logo\/image\/"}}]}},"_links":{"self":[{"href":"https:\/\/bunnyboo.ro\/en\/wp-json\/wp\/v2\/product\/33172","targetHints":{"allow":["GET"]}}],"collection":[{"href":"https:\/\/bunnyboo.ro\/en\/wp-json\/wp\/v2\/product"}],"about":[{"href":"https:\/\/bunnyboo.ro\/en\/wp-json\/wp\/v2\/types\/product"}],"replies":[{"embeddable":true,"href":"https:\/\/bunnyboo.ro\/en\/wp-json\/wp\/v2\/comments?post=33172"}],"wp:featuredmedia":[{"embeddable":true,"href":"https:\/\/bunnyboo.ro\/en\/wp-json\/wp\/v2\/media\/33200"}],"wp:attachment":[{"href":"https:\/\/bunnyboo.ro\/en\/wp-json\/wp\/v2\/media?parent=33172"}],"wp:term":[{"taxonomy":"product_brand","embeddable":true,"href":"https:\/\/bunnyboo.ro\/en\/wp-json\/wp\/v2\/product_brand?post=33172"},{"taxonomy":"product_cat","embeddable":true,"href":"https:\/\/bunnyboo.ro\/en\/wp-json\/wp\/v2\/product_cat?post=33172"},{"taxonomy":"product_tag","embeddable":true,"href":"https:\/\/bunnyboo.ro\/en\/wp-json\/wp\/v2\/product_tag?post=33172"}],"curies":[{"name":"wp","href":"https:\/\/api.w.org\/{rel}","templated":true}]}}