{"id":33069,"date":"2025-10-02T18:51:48","date_gmt":"2025-10-02T15:51:48","guid":{"rendered":"https:\/\/bunnyboo.ro\/?post_type=product&#038;p=33069"},"modified":"2026-02-04T15:56:24","modified_gmt":"2026-02-04T13:56:24","slug":"footmuff-leokid-olaf-dune","status":"publish","type":"product","link":"https:\/\/bunnyboo.ro\/en\/produs\/footmuff-leokid-olaf-dune\/","title":{"rendered":"Footmuff Leokid Olaf Dune New"},"content":{"rendered":"<p>Footmuff-ul Olaf este conceput pentru bebelu\u0219i de la 0 luni la 2-3 ani \u0219i este izolat p\u00e2n\u0103 la -25\u00b0\u0421. Acesta men\u021bine c\u0103ldura corpului \u00een timpul plimb\u0103rilor \u0219i protejeaz\u0103 copilul de v\u00e2nt, ploaie \u0219i z\u0103pad\u0103. Interiorul partii de jos a footmuff-ului este prevazut cu\u00a0o hus\u0103 de protec\u021bie anti-murd\u0103rie, astfel \u00eenc\u00e2t nu trebuie s\u0103 v\u0103 face\u021bi griji c\u0103 papuceii murdari ating c\u0103ptu\u0219eala.<\/p>\n<p>Str\u00e2ngerea glugii cu \u0219iretul reglabil \u0219i protec\u021bia \u00eempotriva v\u00e2ntului permit p\u0103strarea c\u0103ldurii \u00een interiorul c\u0103ciulii.<\/p>\n<p>Sacul footmuff poate fi folosit \u00een fiecare c\u0103rucior \u0219i scaun auto cu centuri de siguran\u021b\u0103 \u00een trei \u0219i cinci puncte, deoarece are un sistem universal de fante pentru centurile de siguran\u021b\u0103.<\/p>\n<p>Brandul Leokid este apreciat pentru confort, c\u0103ldur\u0103, bucurie, design unic \u0219i detalii inteligente.<\/p>\n<div><\/div>\n<p>Caracteristici:<\/p>\n<p>&#8211; Dimensiuni: 105&#215;50 cm<\/p>\n<p>&#8211; Greutate: 1,025 g<\/p>\n<p>&#8211; Pentru temperaturi de p\u00e2n\u0103 la -25\u00b0\u0421<\/p>\n<p>&#8211; Umplutura hypoallergenica<\/p>\n<p>&#8211; Fante pentru centurile de siguran\u021b\u0103 cu trei \u0219i cinci puncte: da.<\/p>\n<p>&#8211; Str\u00e2ngerea glugii: da.<\/p>\n<p>&#8211; Ata\u0219are la c\u0103rucior \u0219i elemente anti-alunecare: da.<\/p>\n<p>&#8211; Cusaturi impermeabile<\/p>\n<p>&#8211; Elemente reflectorizante<\/p>\n<p>&nbsp;<\/p>\n<p>Materiale:<\/p>\n<p>Partea superioar\u0103: \u021bes\u0103tur\u0103 Bionic-Finish\u00ae Eco rezistent\u0103 la ap\u0103<\/p>\n<p>Umplutur\u0103: 100% poliester hipoalergenic<\/p>\n<p>Accesorii: fermoare din plastic, capse metalice, clem\u0103 din plastic<\/p>\n<p>\u00cengrijire:<\/p>\n<p>Este usor de intretinut, se poate spala la masina de spalat haine, pre-sp\u0103larea si spalarea separata fiind recomandate.<\/p>\n<p>\u00cenainte de sp\u0103lare, asigura\u021bi-v\u0103 c\u0103 fermoarele si capsele sunt inchise \u0219i inlaturati curelele din silicon. F\u0103r\u0103 uscare. Nu calcati.<\/p>\n","protected":false},"excerpt":{"rendered":"<p>Footmuff-ul Olaf este conceput pentru bebelu\u0219i de la 0 luni la 2-3 ani \u0219i este izolat p\u00e2n\u0103 la -25\u00b0\u0421. Acesta men\u021bine c\u0103ldura corpului \u00een timpul plimb\u0103rilor \u0219i protejeaz\u0103 copilul de v\u00e2nt, ploaie \u0219i z\u0103pad\u0103. Interiorul partii de jos a footmuff-ului este prevazut cu\u00a0o hus\u0103 de protec\u021bie anti-murd\u0103rie, astfel \u00eenc\u00e2t nu trebuie s\u0103 v\u0103 face\u021bi griji [&hellip;]<\/p>\n","protected":false},"featured_media":33210,"comment_status":"open","ping_status":"closed","template":"","meta":{"site-sidebar-layout":"default","site-content-layout":"","ast-site-content-layout":"default","site-content-style":"default","site-sidebar-style":"default","ast-global-header-display":"","ast-banner-title-visibility":"","ast-main-header-display":"","ast-hfb-above-header-display":"","ast-hfb-below-header-display":"","ast-hfb-mobile-header-display":"","site-post-title":"","ast-breadcrumbs-content":"","ast-featured-img":"","footer-sml-layout":"","theme-transparent-header-meta":"default","adv-header-id-meta":"","stick-header-meta":"default","header-above-stick-meta":"","header-main-stick-meta":"","header-below-stick-meta":"","astra-migrate-meta-layouts":"set","ast-page-background-enabled":"default","ast-page-background-meta":{"desktop":{"background-color":"","background-image":"","background-repeat":"repeat","background-position":"center center","background-size":"auto","background-attachment":"scroll","background-type":"","background-media":"","overlay-type":"","overlay-color":"","overlay-opacity":"","overlay-gradient":""},"tablet":{"background-color":"","background-image":"","background-repeat":"repeat","background-position":"center center","background-size":"auto","background-attachment":"scroll","background-type":"","background-media":"","overlay-type":"","overlay-color":"","overlay-opacity":"","overlay-gradient":""},"mobile":{"background-color":"","background-image":"","background-repeat":"repeat","background-position":"center center","background-size":"auto","background-attachment":"scroll","background-type":"","background-media":"","overlay-type":"","overlay-color":"","overlay-opacity":"","overlay-gradient":""}},"ast-content-background-meta":{"desktop":{"background-color":"var(--ast-global-color-5)","background-image":"","background-repeat":"repeat","background-position":"center center","background-size":"auto","background-attachment":"scroll","background-type":"","background-media":"","overlay-type":"","overlay-color":"","overlay-opacity":"","overlay-gradient":""},"tablet":{"background-color":"var(--ast-global-color-5)","background-image":"","background-repeat":"repeat","background-position":"center center","background-size":"auto","background-attachment":"scroll","background-type":"","background-media":"","overlay-type":"","overlay-color":"","overlay-opacity":"","overlay-gradient":""},"mobile":{"background-color":"var(--ast-global-color-5)","background-image":"","background-repeat":"repeat","background-position":"center center","background-size":"auto","background-attachment":"scroll","background-type":"","background-media":"","overlay-type":"","overlay-color":"","overlay-opacity":"","overlay-gradient":""}}},"product_brand":[],"product_cat":[92],"product_tag":[],"class_list":{"0":"post-33069","1":"product","2":"type-product","3":"status-publish","4":"has-post-thumbnail","6":"product_cat-plimbari-confortabile-in-sezonul-rece","7":"desktop-align-left","8":"tablet-align-left","9":"mobile-align-left","10":"ast-product-gallery-layout-horizontal-slider","11":"ast-product-tabs-layout-vertical","12":"ast-qv-on-image","14":"first","15":"onbackorder","16":"shipping-taxable","17":"purchasable","18":"product-type-simple"},"yoast_head":"<!-- This site is optimized with the Yoast SEO plugin v22.6 - https:\/\/yoast.com\/wordpress\/plugins\/seo\/ -->\n<title>Footmuff Leokid Olaf Dune New<\/title>\n<meta name=\"robots\" content=\"index, follow, max-snippet:-1, max-image-preview:large, max-video-preview:-1\" \/>\n<link rel=\"canonical\" href=\"https:\/\/bunnyboo.ro\/produs\/footmuff-leokid-olaf-dune\/\" \/>\n<meta property=\"og:locale\" content=\"en_US\" \/>\n<meta property=\"og:type\" content=\"article\" \/>\n<meta property=\"og:title\" content=\"Footmuff Leokid Olaf Dune New\" \/>\n<meta property=\"og:description\" content=\"Footmuff-ul Olaf este conceput pentru bebelu\u0219i de la 0 luni la 2-3 ani \u0219i este izolat p\u00e2n\u0103 la -25\u00b0\u0421. Acesta men\u021bine c\u0103ldura corpului \u00een timpul plimb\u0103rilor \u0219i protejeaz\u0103 copilul de v\u00e2nt, ploaie \u0219i z\u0103pad\u0103. Interiorul partii de jos a footmuff-ului este prevazut cu\u00a0o hus\u0103 de protec\u021bie anti-murd\u0103rie, astfel \u00eenc\u00e2t nu trebuie s\u0103 v\u0103 face\u021bi griji [&hellip;]\" \/>\n<meta property=\"og:url\" content=\"https:\/\/bunnyboo.ro\/produs\/footmuff-leokid-olaf-dune\/\" \/>\n<meta property=\"og:site_name\" content=\"Bunny Boo\" \/>\n<meta property=\"article:modified_time\" content=\"2026-02-04T13:56:24+00:00\" \/>\n<meta property=\"og:image\" content=\"https:\/\/bunnyboo.ro\/wp-content\/uploads\/2025\/10\/IMG_2725.png\" \/>\n\t<meta property=\"og:image:width\" content=\"900\" \/>\n\t<meta property=\"og:image:height\" content=\"1200\" \/>\n\t<meta property=\"og:image:type\" content=\"image\/png\" \/>\n<meta name=\"twitter:card\" content=\"summary_large_image\" \/>\n<meta name=\"twitter:label1\" content=\"Est. reading time\" \/>\n\t<meta name=\"twitter:data1\" content=\"2 minutes\" \/>\n<script type=\"application\/ld+json\" class=\"yoast-schema-graph\">{\"@context\":\"https:\/\/schema.org\",\"@graph\":[{\"@type\":\"WebPage\",\"@id\":\"https:\/\/bunnyboo.ro\/produs\/footmuff-leokid-olaf-dune\/\",\"url\":\"https:\/\/bunnyboo.ro\/produs\/footmuff-leokid-olaf-dune\/\",\"name\":\"Footmuff Leokid Olaf Dune New\",\"isPartOf\":{\"@id\":\"https:\/\/bunnyboo.ro\/#website\"},\"primaryImageOfPage\":{\"@id\":\"https:\/\/bunnyboo.ro\/produs\/footmuff-leokid-olaf-dune\/#primaryimage\"},\"image\":{\"@id\":\"https:\/\/bunnyboo.ro\/produs\/footmuff-leokid-olaf-dune\/#primaryimage\"},\"thumbnailUrl\":\"https:\/\/bunnyboo.ro\/wp-content\/uploads\/2025\/10\/IMG_2725.png\",\"datePublished\":\"2025-10-02T15:51:48+00:00\",\"dateModified\":\"2026-02-04T13:56:24+00:00\",\"breadcrumb\":{\"@id\":\"https:\/\/bunnyboo.ro\/produs\/footmuff-leokid-olaf-dune\/#breadcrumb\"},\"inLanguage\":\"en-US\",\"potentialAction\":[{\"@type\":\"ReadAction\",\"target\":[\"https:\/\/bunnyboo.ro\/produs\/footmuff-leokid-olaf-dune\/\"]}]},{\"@type\":\"ImageObject\",\"inLanguage\":\"en-US\",\"@id\":\"https:\/\/bunnyboo.ro\/produs\/footmuff-leokid-olaf-dune\/#primaryimage\",\"url\":\"https:\/\/bunnyboo.ro\/wp-content\/uploads\/2025\/10\/IMG_2725.png\",\"contentUrl\":\"https:\/\/bunnyboo.ro\/wp-content\/uploads\/2025\/10\/IMG_2725.png\",\"width\":900,\"height\":1200},{\"@type\":\"BreadcrumbList\",\"@id\":\"https:\/\/bunnyboo.ro\/produs\/footmuff-leokid-olaf-dune\/#breadcrumb\",\"itemListElement\":[{\"@type\":\"ListItem\",\"position\":1,\"name\":\"Home\",\"item\":\"https:\/\/bunnyboo.ro\/en\/\"},{\"@type\":\"ListItem\",\"position\":2,\"name\":\"New\",\"item\":\"https:\/\/bunnyboo.ro\/en\/shop\/\"},{\"@type\":\"ListItem\",\"position\":3,\"name\":\"Footmuff Leokid Olaf Dune New\"}]},{\"@type\":\"WebSite\",\"@id\":\"https:\/\/bunnyboo.ro\/#website\",\"url\":\"https:\/\/bunnyboo.ro\/\",\"name\":\"Bunny Boo\",\"description\":\"Bunny Boo\",\"publisher\":{\"@id\":\"https:\/\/bunnyboo.ro\/#organization\"},\"potentialAction\":[{\"@type\":\"SearchAction\",\"target\":{\"@type\":\"EntryPoint\",\"urlTemplate\":\"https:\/\/bunnyboo.ro\/?s={search_term_string}\"},\"query-input\":\"required name=search_term_string\"}],\"inLanguage\":\"en-US\"},{\"@type\":\"Organization\",\"@id\":\"https:\/\/bunnyboo.ro\/#organization\",\"name\":\"Bunny Boo\",\"url\":\"https:\/\/bunnyboo.ro\/\",\"logo\":{\"@type\":\"ImageObject\",\"inLanguage\":\"en-US\",\"@id\":\"https:\/\/bunnyboo.ro\/#\/schema\/logo\/image\/\",\"url\":\"https:\/\/bunnyboo.ro\/wp-content\/uploads\/2024\/03\/Logo-website-black.png\",\"contentUrl\":\"https:\/\/bunnyboo.ro\/wp-content\/uploads\/2024\/03\/Logo-website-black.png\",\"width\":2422,\"height\":946,\"caption\":\"Bunny Boo\"},\"image\":{\"@id\":\"https:\/\/bunnyboo.ro\/#\/schema\/logo\/image\/\"}}]}<\/script>\n<!-- \/ Yoast SEO plugin. -->","yoast_head_json":{"title":"Footmuff Leokid Olaf Dune New","robots":{"index":"index","follow":"follow","max-snippet":"max-snippet:-1","max-image-preview":"max-image-preview:large","max-video-preview":"max-video-preview:-1"},"canonical":"https:\/\/bunnyboo.ro\/produs\/footmuff-leokid-olaf-dune\/","og_locale":"en_US","og_type":"article","og_title":"Footmuff Leokid Olaf Dune New","og_description":"Footmuff-ul Olaf este conceput pentru bebelu\u0219i de la 0 luni la 2-3 ani \u0219i este izolat p\u00e2n\u0103 la -25\u00b0\u0421. Acesta men\u021bine c\u0103ldura corpului \u00een timpul plimb\u0103rilor \u0219i protejeaz\u0103 copilul de v\u00e2nt, ploaie \u0219i z\u0103pad\u0103. Interiorul partii de jos a footmuff-ului este prevazut cu\u00a0o hus\u0103 de protec\u021bie anti-murd\u0103rie, astfel \u00eenc\u00e2t nu trebuie s\u0103 v\u0103 face\u021bi griji [&hellip;]","og_url":"https:\/\/bunnyboo.ro\/produs\/footmuff-leokid-olaf-dune\/","og_site_name":"Bunny Boo","article_modified_time":"2026-02-04T13:56:24+00:00","og_image":[{"width":900,"height":1200,"url":"https:\/\/bunnyboo.ro\/wp-content\/uploads\/2025\/10\/IMG_2725.png","type":"image\/png"}],"twitter_card":"summary_large_image","twitter_misc":{"Est. reading time":"2 minutes"},"schema":{"@context":"https:\/\/schema.org","@graph":[{"@type":"WebPage","@id":"https:\/\/bunnyboo.ro\/produs\/footmuff-leokid-olaf-dune\/","url":"https:\/\/bunnyboo.ro\/produs\/footmuff-leokid-olaf-dune\/","name":"Footmuff Leokid Olaf Dune New","isPartOf":{"@id":"https:\/\/bunnyboo.ro\/#website"},"primaryImageOfPage":{"@id":"https:\/\/bunnyboo.ro\/produs\/footmuff-leokid-olaf-dune\/#primaryimage"},"image":{"@id":"https:\/\/bunnyboo.ro\/produs\/footmuff-leokid-olaf-dune\/#primaryimage"},"thumbnailUrl":"https:\/\/bunnyboo.ro\/wp-content\/uploads\/2025\/10\/IMG_2725.png","datePublished":"2025-10-02T15:51:48+00:00","dateModified":"2026-02-04T13:56:24+00:00","breadcrumb":{"@id":"https:\/\/bunnyboo.ro\/produs\/footmuff-leokid-olaf-dune\/#breadcrumb"},"inLanguage":"en-US","potentialAction":[{"@type":"ReadAction","target":["https:\/\/bunnyboo.ro\/produs\/footmuff-leokid-olaf-dune\/"]}]},{"@type":"ImageObject","inLanguage":"en-US","@id":"https:\/\/bunnyboo.ro\/produs\/footmuff-leokid-olaf-dune\/#primaryimage","url":"https:\/\/bunnyboo.ro\/wp-content\/uploads\/2025\/10\/IMG_2725.png","contentUrl":"https:\/\/bunnyboo.ro\/wp-content\/uploads\/2025\/10\/IMG_2725.png","width":900,"height":1200},{"@type":"BreadcrumbList","@id":"https:\/\/bunnyboo.ro\/produs\/footmuff-leokid-olaf-dune\/#breadcrumb","itemListElement":[{"@type":"ListItem","position":1,"name":"Home","item":"https:\/\/bunnyboo.ro\/en\/"},{"@type":"ListItem","position":2,"name":"New","item":"https:\/\/bunnyboo.ro\/en\/shop\/"},{"@type":"ListItem","position":3,"name":"Footmuff Leokid Olaf Dune New"}]},{"@type":"WebSite","@id":"https:\/\/bunnyboo.ro\/#website","url":"https:\/\/bunnyboo.ro\/","name":"Bunny Boo","description":"Bunny Boo","publisher":{"@id":"https:\/\/bunnyboo.ro\/#organization"},"potentialAction":[{"@type":"SearchAction","target":{"@type":"EntryPoint","urlTemplate":"https:\/\/bunnyboo.ro\/?s={search_term_string}"},"query-input":"required name=search_term_string"}],"inLanguage":"en-US"},{"@type":"Organization","@id":"https:\/\/bunnyboo.ro\/#organization","name":"Bunny Boo","url":"https:\/\/bunnyboo.ro\/","logo":{"@type":"ImageObject","inLanguage":"en-US","@id":"https:\/\/bunnyboo.ro\/#\/schema\/logo\/image\/","url":"https:\/\/bunnyboo.ro\/wp-content\/uploads\/2024\/03\/Logo-website-black.png","contentUrl":"https:\/\/bunnyboo.ro\/wp-content\/uploads\/2024\/03\/Logo-website-black.png","width":2422,"height":946,"caption":"Bunny Boo"},"image":{"@id":"https:\/\/bunnyboo.ro\/#\/schema\/logo\/image\/"}}]}},"_links":{"self":[{"href":"https:\/\/bunnyboo.ro\/en\/wp-json\/wp\/v2\/product\/33069","targetHints":{"allow":["GET"]}}],"collection":[{"href":"https:\/\/bunnyboo.ro\/en\/wp-json\/wp\/v2\/product"}],"about":[{"href":"https:\/\/bunnyboo.ro\/en\/wp-json\/wp\/v2\/types\/product"}],"replies":[{"embeddable":true,"href":"https:\/\/bunnyboo.ro\/en\/wp-json\/wp\/v2\/comments?post=33069"}],"wp:featuredmedia":[{"embeddable":true,"href":"https:\/\/bunnyboo.ro\/en\/wp-json\/wp\/v2\/media\/33210"}],"wp:attachment":[{"href":"https:\/\/bunnyboo.ro\/en\/wp-json\/wp\/v2\/media?parent=33069"}],"wp:term":[{"taxonomy":"product_brand","embeddable":true,"href":"https:\/\/bunnyboo.ro\/en\/wp-json\/wp\/v2\/product_brand?post=33069"},{"taxonomy":"product_cat","embeddable":true,"href":"https:\/\/bunnyboo.ro\/en\/wp-json\/wp\/v2\/product_cat?post=33069"},{"taxonomy":"product_tag","embeddable":true,"href":"https:\/\/bunnyboo.ro\/en\/wp-json\/wp\/v2\/product_tag?post=33069"}],"curies":[{"name":"wp","href":"https:\/\/api.w.org\/{rel}","templated":true}]}}