{"id":33026,"date":"2025-09-23T17:09:02","date_gmt":"2025-09-23T14:09:02","guid":{"rendered":"https:\/\/bunnyboo.ro\/?post_type=product&#038;p=33026"},"modified":"2026-03-26T14:48:15","modified_gmt":"2026-03-26T12:48:15","slug":"cos-din-ratan-mushroom-luggy-red-olli-ella","status":"publish","type":"product","link":"https:\/\/bunnyboo.ro\/en\/produs\/cos-din-ratan-mushroom-luggy-red-olli-ella\/","title":{"rendered":"Cos din ratan Mushroom Luggy &#8211; Red &#8211; Olli Ella"},"content":{"rendered":"<div class=\"I_ZkbNhI D_FY W_6D6F\" data-test-id=\"message-view-body\">\n<div class=\"msg-body P_wpofO mq_AS\" data-test-id=\"message-view-body-content\">\n<div class=\"jb_0 X_6MGW N_6Fd5\">\n<div>\n<div id=\"yiv6590127647\">\n<div>\n<p>\u00cent\u00e2lne\u0219te minunatul Mushroom Luggy \u00een dou\u0103 nuan\u021be, o pies\u0103 care \u00eembin\u0103 perfect utilul cu magia pove\u0219tilor. Creat pentru a fi tras de cei mici acas\u0103 sau la plimbare, este companionul ideal pentru aventuri zilnice \u0219i joac\u0103 f\u0103r\u0103 sf\u00e2r\u0219it.<\/p>\n<p>Inspirat din designul clasic \u0219i iubit al Original Luggy, acest co\u0219 pe ro\u021bi din ratan \u021besut manual este perfect pentru depozitarea \u0219i transportarea micilor comori. Fie c\u0103 este folosit la plaj\u0103, \u00een parc sau chiar \u00een camera copilului, Luggy adaug\u0103 un strop de farmec vintage \u0219i un aer juc\u0103u\u0219, fiind potrivit \u0219i ca element de decor \u00eentr-o camer\u0103 cu tematic\u0103 de p\u0103dure fermecat\u0103.<\/p>\n<p>\u00cen plus, devine un spa\u021biu excelent de p\u0103strare pentru juc\u0103rii atunci c\u00e2nd nu este folosit \u0219i un partener grozav pentru plimb\u0103ri al\u0103turi de p\u0103pu\u0219ile Dinkum Doll sau prietenii Holdie Folk.<\/p>\n<p>Detalii produs:<\/p>\n<ul>\n<li>Design \u00een dou\u0103 tonuri, cu aspect fermec\u0103tor<\/li>\n<li>Vopsit cu vopsea pe baz\u0103 de ap\u0103, sigur\u0103 pentru copii<\/li>\n<li>Ideal pentru joac\u0103, depozitare \u0219i utilizare zilnic\u0103<\/li>\n<li>\u021aesut manual din ratan natural<\/li>\n<li>M\u00e2ner deta\u0219abil pentru utilizare u\u0219oar\u0103<\/li>\n<li>Limita de greutate recomandat\u0103: 9 kg<\/li>\n<li>Ro\u021bi fabricate din plastic reciclat<\/li>\n<li>Potrivit pentru copii de la 3+ ani (sau de la 18 luni, sub supravegherea unui adult)<\/li>\n<\/ul>\n<p>Dimensiuni: 23 x 20 x 36 cm (55 cm cu m\u00e2ner)<\/p>\n<p>Greutate: 3 kg<\/p>\n<p>\u00cengrijire:<\/p>\n<ul>\n<li>Se cur\u0103\u021b\u0103 cu o c\u00e2rp\u0103 umed\u0103; nu se spal\u0103 \u00een ap\u0103.<\/li>\n<li>L\u0103sa\u021bi s\u0103 se usuce \u00eentr-un loc \u00eensorit.<\/li>\n<li>Nu se scufund\u0103 \u00een ap\u0103.<\/li>\n<\/ul>\n<div dir=\"ltr\"><\/div>\n<\/div>\n<\/div>\n<\/div>\n<\/div>\n<\/div>\n<div class=\"jb_0 X_6MGW N_6Fd5\"><\/div>\n<\/div>\n<div class=\"H_7jIs D_F ab_C Q_69H5 E_36RhU\" data-test-id=\"toolbar-hover-area\">\n<div class=\"D_F W_6D6F r_BN gl_C\" data-test-id=\"card-toolbar\"><\/div>\n<\/div>\n","protected":false},"excerpt":{"rendered":"<p>\u00cent\u00e2lne\u0219te minunatul Mushroom Luggy \u00een dou\u0103 nuan\u021be, o pies\u0103 care \u00eembin\u0103 perfect utilul cu magia pove\u0219tilor. Creat pentru a fi tras de cei mici acas\u0103 sau la plimbare, este companionul ideal pentru aventuri zilnice \u0219i joac\u0103 f\u0103r\u0103 sf\u00e2r\u0219it. Inspirat din designul clasic \u0219i iubit al Original Luggy, acest co\u0219 pe ro\u021bi din ratan \u021besut manual [&hellip;]<\/p>\n","protected":false},"featured_media":33027,"comment_status":"open","ping_status":"closed","template":"","meta":{"site-sidebar-layout":"default","site-content-layout":"","ast-site-content-layout":"default","site-content-style":"default","site-sidebar-style":"default","ast-global-header-display":"","ast-banner-title-visibility":"","ast-main-header-display":"","ast-hfb-above-header-display":"","ast-hfb-below-header-display":"","ast-hfb-mobile-header-display":"","site-post-title":"","ast-breadcrumbs-content":"","ast-featured-img":"","footer-sml-layout":"","theme-transparent-header-meta":"default","adv-header-id-meta":"","stick-header-meta":"default","header-above-stick-meta":"","header-main-stick-meta":"","header-below-stick-meta":"","astra-migrate-meta-layouts":"set","ast-page-background-enabled":"default","ast-page-background-meta":{"desktop":{"background-color":"","background-image":"","background-repeat":"repeat","background-position":"center center","background-size":"auto","background-attachment":"scroll","background-type":"","background-media":"","overlay-type":"","overlay-color":"","overlay-opacity":"","overlay-gradient":""},"tablet":{"background-color":"","background-image":"","background-repeat":"repeat","background-position":"center center","background-size":"auto","background-attachment":"scroll","background-type":"","background-media":"","overlay-type":"","overlay-color":"","overlay-opacity":"","overlay-gradient":""},"mobile":{"background-color":"","background-image":"","background-repeat":"repeat","background-position":"center center","background-size":"auto","background-attachment":"scroll","background-type":"","background-media":"","overlay-type":"","overlay-color":"","overlay-opacity":"","overlay-gradient":""}},"ast-content-background-meta":{"desktop":{"background-color":"var(--ast-global-color-5)","background-image":"","background-repeat":"repeat","background-position":"center center","background-size":"auto","background-attachment":"scroll","background-type":"","background-media":"","overlay-type":"","overlay-color":"","overlay-opacity":"","overlay-gradient":""},"tablet":{"background-color":"var(--ast-global-color-5)","background-image":"","background-repeat":"repeat","background-position":"center center","background-size":"auto","background-attachment":"scroll","background-type":"","background-media":"","overlay-type":"","overlay-color":"","overlay-opacity":"","overlay-gradient":""},"mobile":{"background-color":"var(--ast-global-color-5)","background-image":"","background-repeat":"repeat","background-position":"center center","background-size":"auto","background-attachment":"scroll","background-type":"","background-media":"","overlay-type":"","overlay-color":"","overlay-opacity":"","overlay-gradient":""}}},"product_brand":[],"product_cat":[56,65,67],"product_tag":[],"class_list":{"0":"post-33026","1":"product","2":"type-product","3":"status-publish","4":"has-post-thumbnail","6":"product_cat-casuta-jucariilor-voastre-este-aici","7":"product_cat-noutati-minunate-pentru-puiul-tau","8":"product_cat-papusi-adorabile-si-accesoriile-lor-deosebite","9":"desktop-align-left","10":"tablet-align-left","11":"mobile-align-left","12":"ast-product-gallery-layout-horizontal-slider","13":"ast-product-tabs-layout-vertical","14":"ast-qv-on-image","16":"first","17":"instock","18":"shipping-taxable","19":"purchasable","20":"product-type-simple"},"yoast_head":"<!-- This site is optimized with the Yoast SEO plugin v22.6 - https:\/\/yoast.com\/wordpress\/plugins\/seo\/ -->\n<title>Cos din ratan Mushroom Luggy - Red - Olli Ella<\/title>\n<meta name=\"robots\" content=\"index, follow, max-snippet:-1, max-image-preview:large, max-video-preview:-1\" \/>\n<link rel=\"canonical\" href=\"https:\/\/bunnyboo.ro\/produs\/cos-din-ratan-mushroom-luggy-red-olli-ella\/\" \/>\n<meta property=\"og:locale\" content=\"en_US\" \/>\n<meta property=\"og:type\" content=\"article\" \/>\n<meta property=\"og:title\" content=\"Cos din ratan Mushroom Luggy - Red - Olli Ella\" \/>\n<meta property=\"og:description\" content=\"\u00cent\u00e2lne\u0219te minunatul Mushroom Luggy \u00een dou\u0103 nuan\u021be, o pies\u0103 care \u00eembin\u0103 perfect utilul cu magia pove\u0219tilor. Creat pentru a fi tras de cei mici acas\u0103 sau la plimbare, este companionul ideal pentru aventuri zilnice \u0219i joac\u0103 f\u0103r\u0103 sf\u00e2r\u0219it. Inspirat din designul clasic \u0219i iubit al Original Luggy, acest co\u0219 pe ro\u021bi din ratan \u021besut manual [&hellip;]\" \/>\n<meta property=\"og:url\" content=\"https:\/\/bunnyboo.ro\/produs\/cos-din-ratan-mushroom-luggy-red-olli-ella\/\" \/>\n<meta property=\"og:site_name\" content=\"Bunny Boo\" \/>\n<meta property=\"article:modified_time\" content=\"2026-03-26T12:48:15+00:00\" \/>\n<meta property=\"og:image\" content=\"https:\/\/bunnyboo.ro\/wp-content\/uploads\/2025\/09\/IMG_2176.png\" \/>\n\t<meta property=\"og:image:width\" content=\"2048\" \/>\n\t<meta property=\"og:image:height\" content=\"2048\" \/>\n\t<meta property=\"og:image:type\" content=\"image\/png\" \/>\n<meta name=\"twitter:card\" content=\"summary_large_image\" \/>\n<meta name=\"twitter:label1\" content=\"Est. reading time\" \/>\n\t<meta name=\"twitter:data1\" content=\"2 minutes\" \/>\n<script type=\"application\/ld+json\" class=\"yoast-schema-graph\">{\"@context\":\"https:\/\/schema.org\",\"@graph\":[{\"@type\":\"WebPage\",\"@id\":\"https:\/\/bunnyboo.ro\/produs\/cos-din-ratan-mushroom-luggy-red-olli-ella\/\",\"url\":\"https:\/\/bunnyboo.ro\/produs\/cos-din-ratan-mushroom-luggy-red-olli-ella\/\",\"name\":\"Cos din ratan Mushroom Luggy - Red - Olli Ella\",\"isPartOf\":{\"@id\":\"https:\/\/bunnyboo.ro\/#website\"},\"primaryImageOfPage\":{\"@id\":\"https:\/\/bunnyboo.ro\/produs\/cos-din-ratan-mushroom-luggy-red-olli-ella\/#primaryimage\"},\"image\":{\"@id\":\"https:\/\/bunnyboo.ro\/produs\/cos-din-ratan-mushroom-luggy-red-olli-ella\/#primaryimage\"},\"thumbnailUrl\":\"https:\/\/bunnyboo.ro\/wp-content\/uploads\/2025\/09\/IMG_2176.png\",\"datePublished\":\"2025-09-23T14:09:02+00:00\",\"dateModified\":\"2026-03-26T12:48:15+00:00\",\"breadcrumb\":{\"@id\":\"https:\/\/bunnyboo.ro\/produs\/cos-din-ratan-mushroom-luggy-red-olli-ella\/#breadcrumb\"},\"inLanguage\":\"en-US\",\"potentialAction\":[{\"@type\":\"ReadAction\",\"target\":[\"https:\/\/bunnyboo.ro\/produs\/cos-din-ratan-mushroom-luggy-red-olli-ella\/\"]}]},{\"@type\":\"ImageObject\",\"inLanguage\":\"en-US\",\"@id\":\"https:\/\/bunnyboo.ro\/produs\/cos-din-ratan-mushroom-luggy-red-olli-ella\/#primaryimage\",\"url\":\"https:\/\/bunnyboo.ro\/wp-content\/uploads\/2025\/09\/IMG_2176.png\",\"contentUrl\":\"https:\/\/bunnyboo.ro\/wp-content\/uploads\/2025\/09\/IMG_2176.png\",\"width\":2048,\"height\":2048},{\"@type\":\"BreadcrumbList\",\"@id\":\"https:\/\/bunnyboo.ro\/produs\/cos-din-ratan-mushroom-luggy-red-olli-ella\/#breadcrumb\",\"itemListElement\":[{\"@type\":\"ListItem\",\"position\":1,\"name\":\"Home\",\"item\":\"https:\/\/bunnyboo.ro\/en\/\"},{\"@type\":\"ListItem\",\"position\":2,\"name\":\"New\",\"item\":\"https:\/\/bunnyboo.ro\/en\/shop\/\"},{\"@type\":\"ListItem\",\"position\":3,\"name\":\"Cos din ratan Mushroom Luggy &#8211; Red &#8211; Olli Ella\"}]},{\"@type\":\"WebSite\",\"@id\":\"https:\/\/bunnyboo.ro\/#website\",\"url\":\"https:\/\/bunnyboo.ro\/\",\"name\":\"Bunny Boo\",\"description\":\"Bunny Boo\",\"publisher\":{\"@id\":\"https:\/\/bunnyboo.ro\/#organization\"},\"potentialAction\":[{\"@type\":\"SearchAction\",\"target\":{\"@type\":\"EntryPoint\",\"urlTemplate\":\"https:\/\/bunnyboo.ro\/?s={search_term_string}\"},\"query-input\":\"required name=search_term_string\"}],\"inLanguage\":\"en-US\"},{\"@type\":\"Organization\",\"@id\":\"https:\/\/bunnyboo.ro\/#organization\",\"name\":\"Bunny Boo\",\"url\":\"https:\/\/bunnyboo.ro\/\",\"logo\":{\"@type\":\"ImageObject\",\"inLanguage\":\"en-US\",\"@id\":\"https:\/\/bunnyboo.ro\/#\/schema\/logo\/image\/\",\"url\":\"https:\/\/bunnyboo.ro\/wp-content\/uploads\/2024\/03\/Logo-website-black.png\",\"contentUrl\":\"https:\/\/bunnyboo.ro\/wp-content\/uploads\/2024\/03\/Logo-website-black.png\",\"width\":2422,\"height\":946,\"caption\":\"Bunny Boo\"},\"image\":{\"@id\":\"https:\/\/bunnyboo.ro\/#\/schema\/logo\/image\/\"}}]}<\/script>\n<!-- \/ Yoast SEO plugin. -->","yoast_head_json":{"title":"Cos din ratan Mushroom Luggy - Red - Olli Ella","robots":{"index":"index","follow":"follow","max-snippet":"max-snippet:-1","max-image-preview":"max-image-preview:large","max-video-preview":"max-video-preview:-1"},"canonical":"https:\/\/bunnyboo.ro\/produs\/cos-din-ratan-mushroom-luggy-red-olli-ella\/","og_locale":"en_US","og_type":"article","og_title":"Cos din ratan Mushroom Luggy - Red - Olli Ella","og_description":"\u00cent\u00e2lne\u0219te minunatul Mushroom Luggy \u00een dou\u0103 nuan\u021be, o pies\u0103 care \u00eembin\u0103 perfect utilul cu magia pove\u0219tilor. Creat pentru a fi tras de cei mici acas\u0103 sau la plimbare, este companionul ideal pentru aventuri zilnice \u0219i joac\u0103 f\u0103r\u0103 sf\u00e2r\u0219it. Inspirat din designul clasic \u0219i iubit al Original Luggy, acest co\u0219 pe ro\u021bi din ratan \u021besut manual [&hellip;]","og_url":"https:\/\/bunnyboo.ro\/produs\/cos-din-ratan-mushroom-luggy-red-olli-ella\/","og_site_name":"Bunny Boo","article_modified_time":"2026-03-26T12:48:15+00:00","og_image":[{"width":2048,"height":2048,"url":"https:\/\/bunnyboo.ro\/wp-content\/uploads\/2025\/09\/IMG_2176.png","type":"image\/png"}],"twitter_card":"summary_large_image","twitter_misc":{"Est. reading time":"2 minutes"},"schema":{"@context":"https:\/\/schema.org","@graph":[{"@type":"WebPage","@id":"https:\/\/bunnyboo.ro\/produs\/cos-din-ratan-mushroom-luggy-red-olli-ella\/","url":"https:\/\/bunnyboo.ro\/produs\/cos-din-ratan-mushroom-luggy-red-olli-ella\/","name":"Cos din ratan Mushroom Luggy - Red - Olli Ella","isPartOf":{"@id":"https:\/\/bunnyboo.ro\/#website"},"primaryImageOfPage":{"@id":"https:\/\/bunnyboo.ro\/produs\/cos-din-ratan-mushroom-luggy-red-olli-ella\/#primaryimage"},"image":{"@id":"https:\/\/bunnyboo.ro\/produs\/cos-din-ratan-mushroom-luggy-red-olli-ella\/#primaryimage"},"thumbnailUrl":"https:\/\/bunnyboo.ro\/wp-content\/uploads\/2025\/09\/IMG_2176.png","datePublished":"2025-09-23T14:09:02+00:00","dateModified":"2026-03-26T12:48:15+00:00","breadcrumb":{"@id":"https:\/\/bunnyboo.ro\/produs\/cos-din-ratan-mushroom-luggy-red-olli-ella\/#breadcrumb"},"inLanguage":"en-US","potentialAction":[{"@type":"ReadAction","target":["https:\/\/bunnyboo.ro\/produs\/cos-din-ratan-mushroom-luggy-red-olli-ella\/"]}]},{"@type":"ImageObject","inLanguage":"en-US","@id":"https:\/\/bunnyboo.ro\/produs\/cos-din-ratan-mushroom-luggy-red-olli-ella\/#primaryimage","url":"https:\/\/bunnyboo.ro\/wp-content\/uploads\/2025\/09\/IMG_2176.png","contentUrl":"https:\/\/bunnyboo.ro\/wp-content\/uploads\/2025\/09\/IMG_2176.png","width":2048,"height":2048},{"@type":"BreadcrumbList","@id":"https:\/\/bunnyboo.ro\/produs\/cos-din-ratan-mushroom-luggy-red-olli-ella\/#breadcrumb","itemListElement":[{"@type":"ListItem","position":1,"name":"Home","item":"https:\/\/bunnyboo.ro\/en\/"},{"@type":"ListItem","position":2,"name":"New","item":"https:\/\/bunnyboo.ro\/en\/shop\/"},{"@type":"ListItem","position":3,"name":"Cos din ratan Mushroom Luggy &#8211; Red &#8211; Olli Ella"}]},{"@type":"WebSite","@id":"https:\/\/bunnyboo.ro\/#website","url":"https:\/\/bunnyboo.ro\/","name":"Bunny Boo","description":"Bunny Boo","publisher":{"@id":"https:\/\/bunnyboo.ro\/#organization"},"potentialAction":[{"@type":"SearchAction","target":{"@type":"EntryPoint","urlTemplate":"https:\/\/bunnyboo.ro\/?s={search_term_string}"},"query-input":"required name=search_term_string"}],"inLanguage":"en-US"},{"@type":"Organization","@id":"https:\/\/bunnyboo.ro\/#organization","name":"Bunny Boo","url":"https:\/\/bunnyboo.ro\/","logo":{"@type":"ImageObject","inLanguage":"en-US","@id":"https:\/\/bunnyboo.ro\/#\/schema\/logo\/image\/","url":"https:\/\/bunnyboo.ro\/wp-content\/uploads\/2024\/03\/Logo-website-black.png","contentUrl":"https:\/\/bunnyboo.ro\/wp-content\/uploads\/2024\/03\/Logo-website-black.png","width":2422,"height":946,"caption":"Bunny Boo"},"image":{"@id":"https:\/\/bunnyboo.ro\/#\/schema\/logo\/image\/"}}]}},"_links":{"self":[{"href":"https:\/\/bunnyboo.ro\/en\/wp-json\/wp\/v2\/product\/33026","targetHints":{"allow":["GET"]}}],"collection":[{"href":"https:\/\/bunnyboo.ro\/en\/wp-json\/wp\/v2\/product"}],"about":[{"href":"https:\/\/bunnyboo.ro\/en\/wp-json\/wp\/v2\/types\/product"}],"replies":[{"embeddable":true,"href":"https:\/\/bunnyboo.ro\/en\/wp-json\/wp\/v2\/comments?post=33026"}],"wp:featuredmedia":[{"embeddable":true,"href":"https:\/\/bunnyboo.ro\/en\/wp-json\/wp\/v2\/media\/33027"}],"wp:attachment":[{"href":"https:\/\/bunnyboo.ro\/en\/wp-json\/wp\/v2\/media?parent=33026"}],"wp:term":[{"taxonomy":"product_brand","embeddable":true,"href":"https:\/\/bunnyboo.ro\/en\/wp-json\/wp\/v2\/product_brand?post=33026"},{"taxonomy":"product_cat","embeddable":true,"href":"https:\/\/bunnyboo.ro\/en\/wp-json\/wp\/v2\/product_cat?post=33026"},{"taxonomy":"product_tag","embeddable":true,"href":"https:\/\/bunnyboo.ro\/en\/wp-json\/wp\/v2\/product_tag?post=33026"}],"curies":[{"name":"wp","href":"https:\/\/api.w.org\/{rel}","templated":true}]}}