{"id":32958,"date":"2025-09-23T14:03:00","date_gmt":"2025-09-23T11:03:00","guid":{"rendered":"https:\/\/bunnyboo.ro\/?post_type=product&#038;p=32958"},"modified":"2026-03-20T09:59:56","modified_gmt":"2026-03-20T07:59:56","slug":"cos-din-ratan-mushroom-olli-ella","status":"publish","type":"product","link":"https:\/\/bunnyboo.ro\/en\/produs\/cos-din-ratan-mushroom-olli-ella\/","title":{"rendered":"Cos din ratan Mushroom &#8211; Olli Ella"},"content":{"rendered":"<p>Descoper\u0103 magia cu Mushroom Basket, co\u0219ul fermecat perfect pentru vr\u0103jitori, z\u00e2ne, spiridu\u0219i, anim\u0103lu\u021be sau p\u0103pu\u0219i! Cu m\u00e2ner reglabil, u\u0219i\u021b\u0103 care se deschide \u0219i capac \u00een form\u0103 de ciuperc\u0103, este ideal pentru micile comori \u0219i aventuri de zi cu zi.<\/p>\n<p>&nbsp;<\/p>\n<p>\u021aesut manual din ratan natural \u0219i colorat cu vopsele pe baz\u0103 de ap\u0103, co\u0219ul are baz\u0103 plat\u0103 pentru a fi expus \u0219i ca pies\u0103 decorativ\u0103. Poate fi folosit at\u00e2t ca gentu\u021b\u0103 de purtat, c\u00e2t \u0219i ca loc de joac\u0103 portabil pentru pove\u0219ti pline de imagina\u021bie.<\/p>\n<p>&nbsp;<\/p>\n<p>Detalii produs:<\/p>\n<p>&nbsp;<\/p>\n<ul>\n<li>Material: ratan natural, pictat cu vopsele pe baz\u0103 de ap\u0103<\/li>\n<li>Capac fixat cu nasture din lemn \u0219i \u00eenchidere din paie<\/li>\n<li>U\u0219i\u021b\u0103 lateral\u0103 cu nasture din lemn \u0219i elastic<\/li>\n<li>Dimensiuni: H 22 cm (28 cm cu m\u00e2ner) x L 22 cm x ad\u00e2ncime interioar\u0103 13 cm<\/li>\n<li>Greutate: 0,15 kg<\/li>\n<li>V\u00e2rsta recomandat\u0103: 3+ ani (sau 18+ luni cu supraveghere)<\/li>\n<li>Cur\u0103\u021bare: doar la suprafa\u021b\u0103, cu o c\u00e2rp\u0103 umed\u0103; uscare la soare<\/li>\n<\/ul>\n<p>&nbsp;<\/p>\n<p>&nbsp;<\/p>\n<p>Un co\u0219 fermec\u0103tor, practic \u0219i decorativ, care aduce un strop de basm \u00een joaca celor mici!<\/p>\n<p>&nbsp;<\/p>\n<p>&nbsp;<\/p>\n<p>&nbsp;<\/p>\n<p>&nbsp;<\/p>\n","protected":false},"excerpt":{"rendered":"<p>Descoper\u0103 magia cu Mushroom Basket, co\u0219ul fermecat perfect pentru vr\u0103jitori, z\u00e2ne, spiridu\u0219i, anim\u0103lu\u021be sau p\u0103pu\u0219i! Cu m\u00e2ner reglabil, u\u0219i\u021b\u0103 care se deschide \u0219i capac \u00een form\u0103 de ciuperc\u0103, este ideal pentru micile comori \u0219i aventuri de zi cu zi. &nbsp; \u021aesut manual din ratan natural \u0219i colorat cu vopsele pe baz\u0103 de ap\u0103, co\u0219ul are [&hellip;]<\/p>\n","protected":false},"featured_media":32959,"comment_status":"open","ping_status":"closed","template":"","meta":{"site-sidebar-layout":"default","site-content-layout":"","ast-site-content-layout":"default","site-content-style":"default","site-sidebar-style":"default","ast-global-header-display":"","ast-banner-title-visibility":"","ast-main-header-display":"","ast-hfb-above-header-display":"","ast-hfb-below-header-display":"","ast-hfb-mobile-header-display":"","site-post-title":"","ast-breadcrumbs-content":"","ast-featured-img":"","footer-sml-layout":"","theme-transparent-header-meta":"default","adv-header-id-meta":"","stick-header-meta":"default","header-above-stick-meta":"","header-main-stick-meta":"","header-below-stick-meta":"","astra-migrate-meta-layouts":"set","ast-page-background-enabled":"default","ast-page-background-meta":{"desktop":{"background-color":"","background-image":"","background-repeat":"repeat","background-position":"center center","background-size":"auto","background-attachment":"scroll","background-type":"","background-media":"","overlay-type":"","overlay-color":"","overlay-opacity":"","overlay-gradient":""},"tablet":{"background-color":"","background-image":"","background-repeat":"repeat","background-position":"center center","background-size":"auto","background-attachment":"scroll","background-type":"","background-media":"","overlay-type":"","overlay-color":"","overlay-opacity":"","overlay-gradient":""},"mobile":{"background-color":"","background-image":"","background-repeat":"repeat","background-position":"center center","background-size":"auto","background-attachment":"scroll","background-type":"","background-media":"","overlay-type":"","overlay-color":"","overlay-opacity":"","overlay-gradient":""}},"ast-content-background-meta":{"desktop":{"background-color":"var(--ast-global-color-5)","background-image":"","background-repeat":"repeat","background-position":"center center","background-size":"auto","background-attachment":"scroll","background-type":"","background-media":"","overlay-type":"","overlay-color":"","overlay-opacity":"","overlay-gradient":""},"tablet":{"background-color":"var(--ast-global-color-5)","background-image":"","background-repeat":"repeat","background-position":"center center","background-size":"auto","background-attachment":"scroll","background-type":"","background-media":"","overlay-type":"","overlay-color":"","overlay-opacity":"","overlay-gradient":""},"mobile":{"background-color":"var(--ast-global-color-5)","background-image":"","background-repeat":"repeat","background-position":"center center","background-size":"auto","background-attachment":"scroll","background-type":"","background-media":"","overlay-type":"","overlay-color":"","overlay-opacity":"","overlay-gradient":""}}},"product_brand":[],"product_cat":[293,56,65,67,99],"product_tag":[],"class_list":{"0":"post-32958","1":"product","2":"type-product","3":"status-publish","4":"has-post-thumbnail","6":"product_cat-decoratiuni-fairytale-si-jucarii-minunate","7":"product_cat-casuta-jucariilor-voastre-este-aici","8":"product_cat-noutati-minunate-pentru-puiul-tau","9":"product_cat-papusi-adorabile-si-accesoriile-lor-deosebite","10":"product_cat-genti-ghiozdane-pentru-mama-si-pui","11":"desktop-align-left","12":"tablet-align-left","13":"mobile-align-left","14":"ast-product-gallery-layout-horizontal-slider","15":"ast-product-tabs-layout-vertical","16":"ast-qv-on-image","18":"first","19":"instock","20":"shipping-taxable","21":"purchasable","22":"product-type-simple"},"yoast_head":"<!-- This site is optimized with the Yoast SEO plugin v22.6 - https:\/\/yoast.com\/wordpress\/plugins\/seo\/ -->\n<title>Cos din ratan Mushroom - Olli Ella<\/title>\n<meta name=\"robots\" content=\"index, follow, max-snippet:-1, max-image-preview:large, max-video-preview:-1\" \/>\n<link rel=\"canonical\" href=\"https:\/\/bunnyboo.ro\/produs\/cos-din-ratan-mushroom-olli-ella\/\" \/>\n<meta property=\"og:locale\" content=\"en_US\" \/>\n<meta property=\"og:type\" content=\"article\" \/>\n<meta property=\"og:title\" content=\"Cos din ratan Mushroom - Olli Ella\" \/>\n<meta property=\"og:description\" content=\"Descoper\u0103 magia cu Mushroom Basket, co\u0219ul fermecat perfect pentru vr\u0103jitori, z\u00e2ne, spiridu\u0219i, anim\u0103lu\u021be sau p\u0103pu\u0219i! Cu m\u00e2ner reglabil, u\u0219i\u021b\u0103 care se deschide \u0219i capac \u00een form\u0103 de ciuperc\u0103, este ideal pentru micile comori \u0219i aventuri de zi cu zi. &nbsp; \u021aesut manual din ratan natural \u0219i colorat cu vopsele pe baz\u0103 de ap\u0103, co\u0219ul are [&hellip;]\" \/>\n<meta property=\"og:url\" content=\"https:\/\/bunnyboo.ro\/produs\/cos-din-ratan-mushroom-olli-ella\/\" \/>\n<meta property=\"og:site_name\" content=\"Bunny Boo\" \/>\n<meta property=\"article:modified_time\" content=\"2026-03-20T07:59:56+00:00\" \/>\n<meta property=\"og:image\" content=\"https:\/\/bunnyboo.ro\/wp-content\/uploads\/2025\/09\/rattan-mushroom-basket-musk-2_800x.webp\" \/>\n\t<meta property=\"og:image:width\" content=\"800\" \/>\n\t<meta property=\"og:image:height\" content=\"800\" \/>\n\t<meta property=\"og:image:type\" content=\"image\/webp\" \/>\n<meta name=\"twitter:card\" content=\"summary_large_image\" \/>\n<meta name=\"twitter:label1\" content=\"Est. reading time\" \/>\n\t<meta name=\"twitter:data1\" content=\"2 minutes\" \/>\n<script type=\"application\/ld+json\" class=\"yoast-schema-graph\">{\"@context\":\"https:\/\/schema.org\",\"@graph\":[{\"@type\":\"WebPage\",\"@id\":\"https:\/\/bunnyboo.ro\/produs\/cos-din-ratan-mushroom-olli-ella\/\",\"url\":\"https:\/\/bunnyboo.ro\/produs\/cos-din-ratan-mushroom-olli-ella\/\",\"name\":\"Cos din ratan Mushroom - Olli Ella\",\"isPartOf\":{\"@id\":\"https:\/\/bunnyboo.ro\/#website\"},\"primaryImageOfPage\":{\"@id\":\"https:\/\/bunnyboo.ro\/produs\/cos-din-ratan-mushroom-olli-ella\/#primaryimage\"},\"image\":{\"@id\":\"https:\/\/bunnyboo.ro\/produs\/cos-din-ratan-mushroom-olli-ella\/#primaryimage\"},\"thumbnailUrl\":\"https:\/\/bunnyboo.ro\/wp-content\/uploads\/2025\/09\/rattan-mushroom-basket-musk-2_800x.webp\",\"datePublished\":\"2025-09-23T11:03:00+00:00\",\"dateModified\":\"2026-03-20T07:59:56+00:00\",\"breadcrumb\":{\"@id\":\"https:\/\/bunnyboo.ro\/produs\/cos-din-ratan-mushroom-olli-ella\/#breadcrumb\"},\"inLanguage\":\"en-US\",\"potentialAction\":[{\"@type\":\"ReadAction\",\"target\":[\"https:\/\/bunnyboo.ro\/produs\/cos-din-ratan-mushroom-olli-ella\/\"]}]},{\"@type\":\"ImageObject\",\"inLanguage\":\"en-US\",\"@id\":\"https:\/\/bunnyboo.ro\/produs\/cos-din-ratan-mushroom-olli-ella\/#primaryimage\",\"url\":\"https:\/\/bunnyboo.ro\/wp-content\/uploads\/2025\/09\/rattan-mushroom-basket-musk-2_800x.webp\",\"contentUrl\":\"https:\/\/bunnyboo.ro\/wp-content\/uploads\/2025\/09\/rattan-mushroom-basket-musk-2_800x.webp\",\"width\":800,\"height\":800},{\"@type\":\"BreadcrumbList\",\"@id\":\"https:\/\/bunnyboo.ro\/produs\/cos-din-ratan-mushroom-olli-ella\/#breadcrumb\",\"itemListElement\":[{\"@type\":\"ListItem\",\"position\":1,\"name\":\"Home\",\"item\":\"https:\/\/bunnyboo.ro\/en\/\"},{\"@type\":\"ListItem\",\"position\":2,\"name\":\"New\",\"item\":\"https:\/\/bunnyboo.ro\/en\/shop\/\"},{\"@type\":\"ListItem\",\"position\":3,\"name\":\"Cos din ratan Mushroom &#8211; Olli Ella\"}]},{\"@type\":\"WebSite\",\"@id\":\"https:\/\/bunnyboo.ro\/#website\",\"url\":\"https:\/\/bunnyboo.ro\/\",\"name\":\"Bunny Boo\",\"description\":\"Bunny Boo\",\"publisher\":{\"@id\":\"https:\/\/bunnyboo.ro\/#organization\"},\"potentialAction\":[{\"@type\":\"SearchAction\",\"target\":{\"@type\":\"EntryPoint\",\"urlTemplate\":\"https:\/\/bunnyboo.ro\/?s={search_term_string}\"},\"query-input\":\"required name=search_term_string\"}],\"inLanguage\":\"en-US\"},{\"@type\":\"Organization\",\"@id\":\"https:\/\/bunnyboo.ro\/#organization\",\"name\":\"Bunny Boo\",\"url\":\"https:\/\/bunnyboo.ro\/\",\"logo\":{\"@type\":\"ImageObject\",\"inLanguage\":\"en-US\",\"@id\":\"https:\/\/bunnyboo.ro\/#\/schema\/logo\/image\/\",\"url\":\"https:\/\/bunnyboo.ro\/wp-content\/uploads\/2024\/03\/Logo-website-black.png\",\"contentUrl\":\"https:\/\/bunnyboo.ro\/wp-content\/uploads\/2024\/03\/Logo-website-black.png\",\"width\":2422,\"height\":946,\"caption\":\"Bunny Boo\"},\"image\":{\"@id\":\"https:\/\/bunnyboo.ro\/#\/schema\/logo\/image\/\"}}]}<\/script>\n<!-- \/ Yoast SEO plugin. -->","yoast_head_json":{"title":"Cos din ratan Mushroom - Olli Ella","robots":{"index":"index","follow":"follow","max-snippet":"max-snippet:-1","max-image-preview":"max-image-preview:large","max-video-preview":"max-video-preview:-1"},"canonical":"https:\/\/bunnyboo.ro\/produs\/cos-din-ratan-mushroom-olli-ella\/","og_locale":"en_US","og_type":"article","og_title":"Cos din ratan Mushroom - Olli Ella","og_description":"Descoper\u0103 magia cu Mushroom Basket, co\u0219ul fermecat perfect pentru vr\u0103jitori, z\u00e2ne, spiridu\u0219i, anim\u0103lu\u021be sau p\u0103pu\u0219i! Cu m\u00e2ner reglabil, u\u0219i\u021b\u0103 care se deschide \u0219i capac \u00een form\u0103 de ciuperc\u0103, este ideal pentru micile comori \u0219i aventuri de zi cu zi. &nbsp; \u021aesut manual din ratan natural \u0219i colorat cu vopsele pe baz\u0103 de ap\u0103, co\u0219ul are [&hellip;]","og_url":"https:\/\/bunnyboo.ro\/produs\/cos-din-ratan-mushroom-olli-ella\/","og_site_name":"Bunny Boo","article_modified_time":"2026-03-20T07:59:56+00:00","og_image":[{"width":800,"height":800,"url":"https:\/\/bunnyboo.ro\/wp-content\/uploads\/2025\/09\/rattan-mushroom-basket-musk-2_800x.webp","type":"image\/webp"}],"twitter_card":"summary_large_image","twitter_misc":{"Est. reading time":"2 minutes"},"schema":{"@context":"https:\/\/schema.org","@graph":[{"@type":"WebPage","@id":"https:\/\/bunnyboo.ro\/produs\/cos-din-ratan-mushroom-olli-ella\/","url":"https:\/\/bunnyboo.ro\/produs\/cos-din-ratan-mushroom-olli-ella\/","name":"Cos din ratan Mushroom - Olli Ella","isPartOf":{"@id":"https:\/\/bunnyboo.ro\/#website"},"primaryImageOfPage":{"@id":"https:\/\/bunnyboo.ro\/produs\/cos-din-ratan-mushroom-olli-ella\/#primaryimage"},"image":{"@id":"https:\/\/bunnyboo.ro\/produs\/cos-din-ratan-mushroom-olli-ella\/#primaryimage"},"thumbnailUrl":"https:\/\/bunnyboo.ro\/wp-content\/uploads\/2025\/09\/rattan-mushroom-basket-musk-2_800x.webp","datePublished":"2025-09-23T11:03:00+00:00","dateModified":"2026-03-20T07:59:56+00:00","breadcrumb":{"@id":"https:\/\/bunnyboo.ro\/produs\/cos-din-ratan-mushroom-olli-ella\/#breadcrumb"},"inLanguage":"en-US","potentialAction":[{"@type":"ReadAction","target":["https:\/\/bunnyboo.ro\/produs\/cos-din-ratan-mushroom-olli-ella\/"]}]},{"@type":"ImageObject","inLanguage":"en-US","@id":"https:\/\/bunnyboo.ro\/produs\/cos-din-ratan-mushroom-olli-ella\/#primaryimage","url":"https:\/\/bunnyboo.ro\/wp-content\/uploads\/2025\/09\/rattan-mushroom-basket-musk-2_800x.webp","contentUrl":"https:\/\/bunnyboo.ro\/wp-content\/uploads\/2025\/09\/rattan-mushroom-basket-musk-2_800x.webp","width":800,"height":800},{"@type":"BreadcrumbList","@id":"https:\/\/bunnyboo.ro\/produs\/cos-din-ratan-mushroom-olli-ella\/#breadcrumb","itemListElement":[{"@type":"ListItem","position":1,"name":"Home","item":"https:\/\/bunnyboo.ro\/en\/"},{"@type":"ListItem","position":2,"name":"New","item":"https:\/\/bunnyboo.ro\/en\/shop\/"},{"@type":"ListItem","position":3,"name":"Cos din ratan Mushroom &#8211; Olli Ella"}]},{"@type":"WebSite","@id":"https:\/\/bunnyboo.ro\/#website","url":"https:\/\/bunnyboo.ro\/","name":"Bunny Boo","description":"Bunny Boo","publisher":{"@id":"https:\/\/bunnyboo.ro\/#organization"},"potentialAction":[{"@type":"SearchAction","target":{"@type":"EntryPoint","urlTemplate":"https:\/\/bunnyboo.ro\/?s={search_term_string}"},"query-input":"required name=search_term_string"}],"inLanguage":"en-US"},{"@type":"Organization","@id":"https:\/\/bunnyboo.ro\/#organization","name":"Bunny Boo","url":"https:\/\/bunnyboo.ro\/","logo":{"@type":"ImageObject","inLanguage":"en-US","@id":"https:\/\/bunnyboo.ro\/#\/schema\/logo\/image\/","url":"https:\/\/bunnyboo.ro\/wp-content\/uploads\/2024\/03\/Logo-website-black.png","contentUrl":"https:\/\/bunnyboo.ro\/wp-content\/uploads\/2024\/03\/Logo-website-black.png","width":2422,"height":946,"caption":"Bunny Boo"},"image":{"@id":"https:\/\/bunnyboo.ro\/#\/schema\/logo\/image\/"}}]}},"_links":{"self":[{"href":"https:\/\/bunnyboo.ro\/en\/wp-json\/wp\/v2\/product\/32958","targetHints":{"allow":["GET"]}}],"collection":[{"href":"https:\/\/bunnyboo.ro\/en\/wp-json\/wp\/v2\/product"}],"about":[{"href":"https:\/\/bunnyboo.ro\/en\/wp-json\/wp\/v2\/types\/product"}],"replies":[{"embeddable":true,"href":"https:\/\/bunnyboo.ro\/en\/wp-json\/wp\/v2\/comments?post=32958"}],"wp:featuredmedia":[{"embeddable":true,"href":"https:\/\/bunnyboo.ro\/en\/wp-json\/wp\/v2\/media\/32959"}],"wp:attachment":[{"href":"https:\/\/bunnyboo.ro\/en\/wp-json\/wp\/v2\/media?parent=32958"}],"wp:term":[{"taxonomy":"product_brand","embeddable":true,"href":"https:\/\/bunnyboo.ro\/en\/wp-json\/wp\/v2\/product_brand?post=32958"},{"taxonomy":"product_cat","embeddable":true,"href":"https:\/\/bunnyboo.ro\/en\/wp-json\/wp\/v2\/product_cat?post=32958"},{"taxonomy":"product_tag","embeddable":true,"href":"https:\/\/bunnyboo.ro\/en\/wp-json\/wp\/v2\/product_tag?post=32958"}],"curies":[{"name":"wp","href":"https:\/\/api.w.org\/{rel}","templated":true}]}}