{"id":3290,"date":"2021-10-15T12:13:19","date_gmt":"2021-10-15T12:13:19","guid":{"rendered":"https:\/\/bunnyboo.ro\/product\/set-2-tetine-masura-1-elhee-flux-mediu\/"},"modified":"2025-12-28T17:05:18","modified_gmt":"2025-12-28T15:05:18","slug":"set-2-tetine-masura-1-elhee-flux-mediu","status":"publish","type":"product","link":"https:\/\/bunnyboo.ro\/en\/produs\/set-2-tetine-masura-1-elhee-flux-mediu\/","title":{"rendered":"Set 2 tetine masura 1 Elh\u00e9e &#8211; flux mediu (M)"},"content":{"rendered":"<p style=\"margin-bottom: 10px;\">Tetina fiziologic\u0103 \u0219i anticolici Elhee, fabricat\u0103 din silicon extra-moale, a fost dezvoltat\u0103 pentru a oferi senza\u021bii apropiate de al\u0103ptare. Se adapteaz\u0103 \u00een mod ideal la forma palatului bebelu\u0219ului \u0219i contribuie la buna sa dezvoltare oral\u0103. Sistemul s\u0103u anti-colici reduce absorb\u021bia aerului \u0219i faciliteaz\u0103 digestia. Debitele tetinelor sunt indicate sub baza tetinei (S = debit lent, M = debit mediu, L = debit dens). Numerele de pe partea de jos a tetinei corespund cu cele din seria de produc\u021bie \u0219i nu sunt legate de dimensiunea tetinei.&nbsp;&nbsp;<\/p>\n<p class=\"MsoNormal\" style=\"margin: 0cm 0cm 0.0001pt;\"><span lang=\"RO\" style=\"\">Conceput\u0103 s\u0103 se adapteze c\u00e2t mai aproape de nevoile lor, tetina debit mediu 1 (M) este ideal\u0103 pentru lapte sau ap\u0103 pentru sugari.<\/span><\/p>\n<p class=\"MsoNormal\" style=\"margin: 0cm 0cm 0.0001pt;\"><span lang=\"RO\" style=\"\"><br \/><\/span><o:p><\/o:p><\/p>\n<p class=\"MsoNormal\" style=\"margin: 0cm 0cm 0.0001pt;\"><span lang=\"RO\">Respect\u0103 standardele europene EN 14350, nu contine BPA si BPS<\/span><\/p>\n<p class=\"MsoNormal\" style=\"margin: 0cm 0cm 0.0001pt;\"><span lang=\"RO\">Compozitie: Silicon medical<\/span><\/p>\n<p class=\"MsoNormal\" style=\"margin: 0cm 0cm 0.0001pt;\"><span lang=\"RO\"><br \/><\/span><\/p>\n<p class=\"MsoNormal\" style=\"margin: 0cm 0cm 0.0001pt;\"><span lang=\"RO\">Produs in Franta<\/span><\/p>\n<p class=\"MsoNormal\" style=\"margin: 0cm 0cm 0.0001pt;\"><\/p>\n","protected":false},"excerpt":{"rendered":"<p>Tetina fiziologic\u0103 \u0219i anticolici Elhee, fabricat\u0103 din silicon extra-moale, a fost dezvoltat\u0103 pentru a oferi senza\u021bii apropiate de al\u0103ptare. Se adapteaz\u0103 \u00een mod ideal la forma palatului bebelu\u0219ului \u0219i contribuie la buna sa dezvoltare oral\u0103. Sistemul s\u0103u anti-colici reduce absorb\u021bia aerului \u0219i faciliteaz\u0103 digestia. Debitele tetinelor sunt indicate sub baza tetinei (S = debit lent, [&hellip;]<\/p>\n","protected":false},"featured_media":3289,"comment_status":"open","ping_status":"closed","template":"","meta":{"site-sidebar-layout":"default","site-content-layout":"","ast-site-content-layout":"","site-content-style":"default","site-sidebar-style":"default","ast-global-header-display":"","ast-banner-title-visibility":"","ast-main-header-display":"","ast-hfb-above-header-display":"","ast-hfb-below-header-display":"","ast-hfb-mobile-header-display":"","site-post-title":"","ast-breadcrumbs-content":"","ast-featured-img":"","footer-sml-layout":"","theme-transparent-header-meta":"","adv-header-id-meta":"","stick-header-meta":"","header-above-stick-meta":"","header-main-stick-meta":"","header-below-stick-meta":"","astra-migrate-meta-layouts":"default","ast-page-background-enabled":"default","ast-page-background-meta":{"desktop":{"background-color":"","background-image":"","background-repeat":"repeat","background-position":"center center","background-size":"auto","background-attachment":"scroll","background-type":"","background-media":"","overlay-type":"","overlay-color":"","overlay-opacity":"","overlay-gradient":""},"tablet":{"background-color":"","background-image":"","background-repeat":"repeat","background-position":"center center","background-size":"auto","background-attachment":"scroll","background-type":"","background-media":"","overlay-type":"","overlay-color":"","overlay-opacity":"","overlay-gradient":""},"mobile":{"background-color":"","background-image":"","background-repeat":"repeat","background-position":"center center","background-size":"auto","background-attachment":"scroll","background-type":"","background-media":"","overlay-type":"","overlay-color":"","overlay-opacity":"","overlay-gradient":""}},"ast-content-background-meta":{"desktop":{"background-color":"var(--ast-global-color-5)","background-image":"","background-repeat":"repeat","background-position":"center center","background-size":"auto","background-attachment":"scroll","background-type":"","background-media":"","overlay-type":"","overlay-color":"","overlay-opacity":"","overlay-gradient":""},"tablet":{"background-color":"var(--ast-global-color-5)","background-image":"","background-repeat":"repeat","background-position":"center center","background-size":"auto","background-attachment":"scroll","background-type":"","background-media":"","overlay-type":"","overlay-color":"","overlay-opacity":"","overlay-gradient":""},"mobile":{"background-color":"var(--ast-global-color-5)","background-image":"","background-repeat":"repeat","background-position":"center center","background-size":"auto","background-attachment":"scroll","background-type":"","background-media":"","overlay-type":"","overlay-color":"","overlay-opacity":"","overlay-gradient":""}}},"product_brand":[],"product_cat":[87,132],"product_tag":[],"class_list":{"0":"post-3290","1":"product","2":"type-product","3":"status-publish","4":"has-post-thumbnail","6":"product_cat-biberoane-din-silicon-pentru-puiul-tau","7":"product_cat-reduceri-pentru-tine","8":"desktop-align-left","9":"tablet-align-left","10":"mobile-align-left","11":"ast-product-gallery-layout-horizontal-slider","12":"ast-product-gallery-with-no-image","13":"ast-product-tabs-layout-vertical","14":"ast-qv-on-image","16":"first","17":"instock","18":"sale","19":"shipping-taxable","20":"purchasable","21":"product-type-simple"},"yoast_head":"<!-- This site is optimized with the Yoast SEO plugin v22.6 - https:\/\/yoast.com\/wordpress\/plugins\/seo\/ -->\n<title>Set 2 tetine masura 1 Elh\u00e9e - flux mediu (M)<\/title>\n<meta name=\"robots\" content=\"index, follow, max-snippet:-1, max-image-preview:large, max-video-preview:-1\" \/>\n<link rel=\"canonical\" href=\"https:\/\/bunnyboo.ro\/produs\/set-2-tetine-masura-1-elhee-flux-mediu\/\" \/>\n<meta property=\"og:locale\" content=\"en_US\" \/>\n<meta property=\"og:type\" content=\"article\" \/>\n<meta property=\"og:title\" content=\"Set 2 tetine masura 1 Elh\u00e9e - flux mediu (M)\" \/>\n<meta property=\"og:description\" content=\"Tetina fiziologic\u0103 \u0219i anticolici Elhee, fabricat\u0103 din silicon extra-moale, a fost dezvoltat\u0103 pentru a oferi senza\u021bii apropiate de al\u0103ptare. Se adapteaz\u0103 \u00een mod ideal la forma palatului bebelu\u0219ului \u0219i contribuie la buna sa dezvoltare oral\u0103. Sistemul s\u0103u anti-colici reduce absorb\u021bia aerului \u0219i faciliteaz\u0103 digestia. Debitele tetinelor sunt indicate sub baza tetinei (S = debit lent, [&hellip;]\" \/>\n<meta property=\"og:url\" content=\"https:\/\/bunnyboo.ro\/produs\/set-2-tetine-masura-1-elhee-flux-mediu\/\" \/>\n<meta property=\"og:site_name\" content=\"Bunny Boo\" \/>\n<meta property=\"article:modified_time\" content=\"2025-12-28T15:05:18+00:00\" \/>\n<meta property=\"og:image\" content=\"https:\/\/bunnyboo.ro\/wp-content\/uploads\/2021\/10\/tetina.jpeg\" \/>\n\t<meta property=\"og:image:width\" content=\"1200\" \/>\n\t<meta property=\"og:image:height\" content=\"1200\" \/>\n\t<meta property=\"og:image:type\" content=\"image\/jpeg\" \/>\n<meta name=\"twitter:card\" content=\"summary_large_image\" \/>\n<meta name=\"twitter:label1\" content=\"Est. reading time\" \/>\n\t<meta name=\"twitter:data1\" content=\"1 minute\" \/>\n<script type=\"application\/ld+json\" class=\"yoast-schema-graph\">{\"@context\":\"https:\/\/schema.org\",\"@graph\":[{\"@type\":\"WebPage\",\"@id\":\"https:\/\/bunnyboo.ro\/produs\/set-2-tetine-masura-1-elhee-flux-mediu\/\",\"url\":\"https:\/\/bunnyboo.ro\/produs\/set-2-tetine-masura-1-elhee-flux-mediu\/\",\"name\":\"Set 2 tetine masura 1 Elh\u00e9e - flux mediu (M)\",\"isPartOf\":{\"@id\":\"https:\/\/bunnyboo.ro\/#website\"},\"primaryImageOfPage\":{\"@id\":\"https:\/\/bunnyboo.ro\/produs\/set-2-tetine-masura-1-elhee-flux-mediu\/#primaryimage\"},\"image\":{\"@id\":\"https:\/\/bunnyboo.ro\/produs\/set-2-tetine-masura-1-elhee-flux-mediu\/#primaryimage\"},\"thumbnailUrl\":\"https:\/\/bunnyboo.ro\/wp-content\/uploads\/2021\/10\/tetina.jpeg\",\"datePublished\":\"2021-10-15T12:13:19+00:00\",\"dateModified\":\"2025-12-28T15:05:18+00:00\",\"breadcrumb\":{\"@id\":\"https:\/\/bunnyboo.ro\/produs\/set-2-tetine-masura-1-elhee-flux-mediu\/#breadcrumb\"},\"inLanguage\":\"en-US\",\"potentialAction\":[{\"@type\":\"ReadAction\",\"target\":[\"https:\/\/bunnyboo.ro\/produs\/set-2-tetine-masura-1-elhee-flux-mediu\/\"]}]},{\"@type\":\"ImageObject\",\"inLanguage\":\"en-US\",\"@id\":\"https:\/\/bunnyboo.ro\/produs\/set-2-tetine-masura-1-elhee-flux-mediu\/#primaryimage\",\"url\":\"https:\/\/bunnyboo.ro\/wp-content\/uploads\/2021\/10\/tetina.jpeg\",\"contentUrl\":\"https:\/\/bunnyboo.ro\/wp-content\/uploads\/2021\/10\/tetina.jpeg\",\"width\":1200,\"height\":1200,\"caption\":\"tetina\"},{\"@type\":\"BreadcrumbList\",\"@id\":\"https:\/\/bunnyboo.ro\/produs\/set-2-tetine-masura-1-elhee-flux-mediu\/#breadcrumb\",\"itemListElement\":[{\"@type\":\"ListItem\",\"position\":1,\"name\":\"Home\",\"item\":\"https:\/\/bunnyboo.ro\/en\/\"},{\"@type\":\"ListItem\",\"position\":2,\"name\":\"New\",\"item\":\"https:\/\/bunnyboo.ro\/en\/shop\/\"},{\"@type\":\"ListItem\",\"position\":3,\"name\":\"Set 2 tetine masura 1 Elh\u00e9e &#8211; flux mediu (M)\"}]},{\"@type\":\"WebSite\",\"@id\":\"https:\/\/bunnyboo.ro\/#website\",\"url\":\"https:\/\/bunnyboo.ro\/\",\"name\":\"Bunny Boo\",\"description\":\"Bunny Boo\",\"publisher\":{\"@id\":\"https:\/\/bunnyboo.ro\/#organization\"},\"potentialAction\":[{\"@type\":\"SearchAction\",\"target\":{\"@type\":\"EntryPoint\",\"urlTemplate\":\"https:\/\/bunnyboo.ro\/?s={search_term_string}\"},\"query-input\":\"required name=search_term_string\"}],\"inLanguage\":\"en-US\"},{\"@type\":\"Organization\",\"@id\":\"https:\/\/bunnyboo.ro\/#organization\",\"name\":\"Bunny Boo\",\"url\":\"https:\/\/bunnyboo.ro\/\",\"logo\":{\"@type\":\"ImageObject\",\"inLanguage\":\"en-US\",\"@id\":\"https:\/\/bunnyboo.ro\/#\/schema\/logo\/image\/\",\"url\":\"https:\/\/bunnyboo.ro\/wp-content\/uploads\/2024\/03\/Logo-website-black.png\",\"contentUrl\":\"https:\/\/bunnyboo.ro\/wp-content\/uploads\/2024\/03\/Logo-website-black.png\",\"width\":2422,\"height\":946,\"caption\":\"Bunny Boo\"},\"image\":{\"@id\":\"https:\/\/bunnyboo.ro\/#\/schema\/logo\/image\/\"}}]}<\/script>\n<!-- \/ Yoast SEO plugin. -->","yoast_head_json":{"title":"Set 2 tetine masura 1 Elh\u00e9e - flux mediu (M)","robots":{"index":"index","follow":"follow","max-snippet":"max-snippet:-1","max-image-preview":"max-image-preview:large","max-video-preview":"max-video-preview:-1"},"canonical":"https:\/\/bunnyboo.ro\/produs\/set-2-tetine-masura-1-elhee-flux-mediu\/","og_locale":"en_US","og_type":"article","og_title":"Set 2 tetine masura 1 Elh\u00e9e - flux mediu (M)","og_description":"Tetina fiziologic\u0103 \u0219i anticolici Elhee, fabricat\u0103 din silicon extra-moale, a fost dezvoltat\u0103 pentru a oferi senza\u021bii apropiate de al\u0103ptare. Se adapteaz\u0103 \u00een mod ideal la forma palatului bebelu\u0219ului \u0219i contribuie la buna sa dezvoltare oral\u0103. Sistemul s\u0103u anti-colici reduce absorb\u021bia aerului \u0219i faciliteaz\u0103 digestia. Debitele tetinelor sunt indicate sub baza tetinei (S = debit lent, [&hellip;]","og_url":"https:\/\/bunnyboo.ro\/produs\/set-2-tetine-masura-1-elhee-flux-mediu\/","og_site_name":"Bunny Boo","article_modified_time":"2025-12-28T15:05:18+00:00","og_image":[{"width":1200,"height":1200,"url":"https:\/\/bunnyboo.ro\/wp-content\/uploads\/2021\/10\/tetina.jpeg","type":"image\/jpeg"}],"twitter_card":"summary_large_image","twitter_misc":{"Est. reading time":"1 minute"},"schema":{"@context":"https:\/\/schema.org","@graph":[{"@type":"WebPage","@id":"https:\/\/bunnyboo.ro\/produs\/set-2-tetine-masura-1-elhee-flux-mediu\/","url":"https:\/\/bunnyboo.ro\/produs\/set-2-tetine-masura-1-elhee-flux-mediu\/","name":"Set 2 tetine masura 1 Elh\u00e9e - flux mediu (M)","isPartOf":{"@id":"https:\/\/bunnyboo.ro\/#website"},"primaryImageOfPage":{"@id":"https:\/\/bunnyboo.ro\/produs\/set-2-tetine-masura-1-elhee-flux-mediu\/#primaryimage"},"image":{"@id":"https:\/\/bunnyboo.ro\/produs\/set-2-tetine-masura-1-elhee-flux-mediu\/#primaryimage"},"thumbnailUrl":"https:\/\/bunnyboo.ro\/wp-content\/uploads\/2021\/10\/tetina.jpeg","datePublished":"2021-10-15T12:13:19+00:00","dateModified":"2025-12-28T15:05:18+00:00","breadcrumb":{"@id":"https:\/\/bunnyboo.ro\/produs\/set-2-tetine-masura-1-elhee-flux-mediu\/#breadcrumb"},"inLanguage":"en-US","potentialAction":[{"@type":"ReadAction","target":["https:\/\/bunnyboo.ro\/produs\/set-2-tetine-masura-1-elhee-flux-mediu\/"]}]},{"@type":"ImageObject","inLanguage":"en-US","@id":"https:\/\/bunnyboo.ro\/produs\/set-2-tetine-masura-1-elhee-flux-mediu\/#primaryimage","url":"https:\/\/bunnyboo.ro\/wp-content\/uploads\/2021\/10\/tetina.jpeg","contentUrl":"https:\/\/bunnyboo.ro\/wp-content\/uploads\/2021\/10\/tetina.jpeg","width":1200,"height":1200,"caption":"tetina"},{"@type":"BreadcrumbList","@id":"https:\/\/bunnyboo.ro\/produs\/set-2-tetine-masura-1-elhee-flux-mediu\/#breadcrumb","itemListElement":[{"@type":"ListItem","position":1,"name":"Home","item":"https:\/\/bunnyboo.ro\/en\/"},{"@type":"ListItem","position":2,"name":"New","item":"https:\/\/bunnyboo.ro\/en\/shop\/"},{"@type":"ListItem","position":3,"name":"Set 2 tetine masura 1 Elh\u00e9e &#8211; flux mediu (M)"}]},{"@type":"WebSite","@id":"https:\/\/bunnyboo.ro\/#website","url":"https:\/\/bunnyboo.ro\/","name":"Bunny Boo","description":"Bunny Boo","publisher":{"@id":"https:\/\/bunnyboo.ro\/#organization"},"potentialAction":[{"@type":"SearchAction","target":{"@type":"EntryPoint","urlTemplate":"https:\/\/bunnyboo.ro\/?s={search_term_string}"},"query-input":"required name=search_term_string"}],"inLanguage":"en-US"},{"@type":"Organization","@id":"https:\/\/bunnyboo.ro\/#organization","name":"Bunny Boo","url":"https:\/\/bunnyboo.ro\/","logo":{"@type":"ImageObject","inLanguage":"en-US","@id":"https:\/\/bunnyboo.ro\/#\/schema\/logo\/image\/","url":"https:\/\/bunnyboo.ro\/wp-content\/uploads\/2024\/03\/Logo-website-black.png","contentUrl":"https:\/\/bunnyboo.ro\/wp-content\/uploads\/2024\/03\/Logo-website-black.png","width":2422,"height":946,"caption":"Bunny Boo"},"image":{"@id":"https:\/\/bunnyboo.ro\/#\/schema\/logo\/image\/"}}]}},"_links":{"self":[{"href":"https:\/\/bunnyboo.ro\/en\/wp-json\/wp\/v2\/product\/3290","targetHints":{"allow":["GET"]}}],"collection":[{"href":"https:\/\/bunnyboo.ro\/en\/wp-json\/wp\/v2\/product"}],"about":[{"href":"https:\/\/bunnyboo.ro\/en\/wp-json\/wp\/v2\/types\/product"}],"replies":[{"embeddable":true,"href":"https:\/\/bunnyboo.ro\/en\/wp-json\/wp\/v2\/comments?post=3290"}],"wp:featuredmedia":[{"embeddable":true,"href":"https:\/\/bunnyboo.ro\/en\/wp-json\/wp\/v2\/media\/3289"}],"wp:attachment":[{"href":"https:\/\/bunnyboo.ro\/en\/wp-json\/wp\/v2\/media?parent=3290"}],"wp:term":[{"taxonomy":"product_brand","embeddable":true,"href":"https:\/\/bunnyboo.ro\/en\/wp-json\/wp\/v2\/product_brand?post=3290"},{"taxonomy":"product_cat","embeddable":true,"href":"https:\/\/bunnyboo.ro\/en\/wp-json\/wp\/v2\/product_cat?post=3290"},{"taxonomy":"product_tag","embeddable":true,"href":"https:\/\/bunnyboo.ro\/en\/wp-json\/wp\/v2\/product_tag?post=3290"}],"curies":[{"name":"wp","href":"https:\/\/api.w.org\/{rel}","templated":true}]}}