{"id":32795,"date":"2025-09-22T13:00:10","date_gmt":"2025-09-22T10:00:10","guid":{"rendered":"https:\/\/bunnyboo.ro\/?post_type=product&#038;p=32795"},"modified":"2026-03-26T11:51:26","modified_gmt":"2026-03-26T09:51:26","slug":"ghiozdan-hopalong-unicorn-liliac-2","status":"publish","type":"product","link":"https:\/\/bunnyboo.ro\/en\/produs\/ghiozdan-hopalong-unicorn-liliac-2\/","title":{"rendered":"Ghiozdan Hopalong Unicorn &#8211; Liliac"},"content":{"rendered":"<p>F\u0103-\u021bi plimbarile magice cu rucsacul Hopalong Unicorn!<\/p>\n<p>Intr\u0103 \u00eentr-o lume minunat\u0103 cu rucsacul Hopalong Unicorn, disponibil \u00eentr-o nuan\u021b\u0103 juc\u0103u\u0219\u0103 de liliac, un partener magic pentru fiecare mic\u0103 aventur\u0103. Cu urechi moi de unicorn, c\u0103ptu\u0219ite cu material catifelat \u0219i un corn irizat str\u0103lucitor, acest rucsac este pe c\u00e2t de \u00eenc\u00e2nt\u0103tor, pe at\u00e2t de dr\u0103g\u0103la\u0219.<\/p>\n<p>Buzunarul de plu\u0219 curcubeu, din fa\u021b\u0103, are dimensiunea potrivit\u0103 pentru ca un mic prieten s\u0103-l \u00eensoteasc\u0103 (unicornul nostru Dinky\u00a0 Una si Uma). Are g\u0103uri pentru picioare pentru men\u021bine papusa confortabil\u0103 \u00een mi\u0219care. C\u00e2nd este timpul s\u0103 \u00eendep\u0103rtezi p\u0103pu\u0219a, \u00eenchide\u021bi pur \u0219i simplu partea de jos cu clapetele de plastic. \u00cen buzunarul curcubeu, ve\u021bi g\u0103si un spa\u021biu secret mic, perfect pentru a ascunde mici comori.<\/p>\n<p>Preg\u0103tit at\u00e2t pentru timpul de joac\u0103, c\u00e2t \u0219i pentru visele cu ochii deschi\u0219i, rucsacul Hopalong Unicorn este o \u00eenc\u00e2ntare si aduce o not\u0103 de magie oric\u0103rei c\u0103l\u0103torii.<\/p>\n<p>Dimensiuni: 26x22x9cm<\/p>\n<p>Greutate: 0,219 kg<\/p>\n","protected":false},"excerpt":{"rendered":"<p>F\u0103-\u021bi plimbarile magice cu rucsacul Hopalong Unicorn! Intr\u0103 \u00eentr-o lume minunat\u0103 cu rucsacul Hopalong Unicorn, disponibil \u00eentr-o nuan\u021b\u0103 juc\u0103u\u0219\u0103 de liliac, un partener magic pentru fiecare mic\u0103 aventur\u0103. Cu urechi moi de unicorn, c\u0103ptu\u0219ite cu material catifelat \u0219i un corn irizat str\u0103lucitor, acest rucsac este pe c\u00e2t de \u00eenc\u00e2nt\u0103tor, pe at\u00e2t de dr\u0103g\u0103la\u0219. Buzunarul de [&hellip;]<\/p>\n","protected":false},"featured_media":28971,"comment_status":"open","ping_status":"closed","template":"","meta":{"site-sidebar-layout":"default","site-content-layout":"","ast-site-content-layout":"default","site-content-style":"default","site-sidebar-style":"default","ast-global-header-display":"","ast-banner-title-visibility":"","ast-main-header-display":"","ast-hfb-above-header-display":"","ast-hfb-below-header-display":"","ast-hfb-mobile-header-display":"","site-post-title":"","ast-breadcrumbs-content":"","ast-featured-img":"","footer-sml-layout":"","theme-transparent-header-meta":"default","adv-header-id-meta":"","stick-header-meta":"default","header-above-stick-meta":"","header-main-stick-meta":"","header-below-stick-meta":"","astra-migrate-meta-layouts":"set","ast-page-background-enabled":"default","ast-page-background-meta":{"desktop":{"background-color":"","background-image":"","background-repeat":"repeat","background-position":"center center","background-size":"auto","background-attachment":"scroll","background-type":"","background-media":"","overlay-type":"","overlay-color":"","overlay-opacity":"","overlay-gradient":""},"tablet":{"background-color":"","background-image":"","background-repeat":"repeat","background-position":"center center","background-size":"auto","background-attachment":"scroll","background-type":"","background-media":"","overlay-type":"","overlay-color":"","overlay-opacity":"","overlay-gradient":""},"mobile":{"background-color":"","background-image":"","background-repeat":"repeat","background-position":"center center","background-size":"auto","background-attachment":"scroll","background-type":"","background-media":"","overlay-type":"","overlay-color":"","overlay-opacity":"","overlay-gradient":""}},"ast-content-background-meta":{"desktop":{"background-color":"var(--ast-global-color-5)","background-image":"","background-repeat":"repeat","background-position":"center center","background-size":"auto","background-attachment":"scroll","background-type":"","background-media":"","overlay-type":"","overlay-color":"","overlay-opacity":"","overlay-gradient":""},"tablet":{"background-color":"var(--ast-global-color-5)","background-image":"","background-repeat":"repeat","background-position":"center center","background-size":"auto","background-attachment":"scroll","background-type":"","background-media":"","overlay-type":"","overlay-color":"","overlay-opacity":"","overlay-gradient":""},"mobile":{"background-color":"var(--ast-global-color-5)","background-image":"","background-repeat":"repeat","background-position":"center center","background-size":"auto","background-attachment":"scroll","background-type":"","background-media":"","overlay-type":"","overlay-color":"","overlay-opacity":"","overlay-gradient":""}}},"product_brand":[],"product_cat":[67,99,132],"product_tag":[],"class_list":{"0":"post-32795","1":"product","2":"type-product","3":"status-publish","4":"has-post-thumbnail","6":"product_cat-papusi-adorabile-si-accesoriile-lor-deosebite","7":"product_cat-genti-ghiozdane-pentru-mama-si-pui","8":"product_cat-reduceri-pentru-tine","9":"desktop-align-left","10":"tablet-align-left","11":"mobile-align-left","12":"ast-product-gallery-layout-horizontal-slider","13":"ast-product-tabs-layout-vertical","14":"ast-qv-on-image","16":"first","17":"instock","18":"sale","19":"shipping-taxable","20":"purchasable","21":"product-type-simple"},"yoast_head":"<!-- This site is optimized with the Yoast SEO plugin v22.6 - https:\/\/yoast.com\/wordpress\/plugins\/seo\/ -->\n<title>Ghiozdan Hopalong Unicorn - Liliac<\/title>\n<meta name=\"robots\" content=\"index, follow, max-snippet:-1, max-image-preview:large, max-video-preview:-1\" \/>\n<link rel=\"canonical\" href=\"https:\/\/bunnyboo.ro\/produs\/ghiozdan-hopalong-unicorn-liliac-2\/\" \/>\n<meta property=\"og:locale\" content=\"en_US\" \/>\n<meta property=\"og:type\" content=\"article\" \/>\n<meta property=\"og:title\" content=\"Ghiozdan Hopalong Unicorn - Liliac\" \/>\n<meta property=\"og:description\" content=\"F\u0103-\u021bi plimbarile magice cu rucsacul Hopalong Unicorn! Intr\u0103 \u00eentr-o lume minunat\u0103 cu rucsacul Hopalong Unicorn, disponibil \u00eentr-o nuan\u021b\u0103 juc\u0103u\u0219\u0103 de liliac, un partener magic pentru fiecare mic\u0103 aventur\u0103. Cu urechi moi de unicorn, c\u0103ptu\u0219ite cu material catifelat \u0219i un corn irizat str\u0103lucitor, acest rucsac este pe c\u00e2t de \u00eenc\u00e2nt\u0103tor, pe at\u00e2t de dr\u0103g\u0103la\u0219. Buzunarul de [&hellip;]\" \/>\n<meta property=\"og:url\" content=\"https:\/\/bunnyboo.ro\/produs\/ghiozdan-hopalong-unicorn-liliac-2\/\" \/>\n<meta property=\"og:site_name\" content=\"Bunny Boo\" \/>\n<meta property=\"article:modified_time\" content=\"2026-03-26T09:51:26+00:00\" \/>\n<meta property=\"og:image\" content=\"https:\/\/bunnyboo.ro\/wp-content\/uploads\/2024\/10\/ttrtftgfgf.png\" \/>\n\t<meta property=\"og:image:width\" content=\"800\" \/>\n\t<meta property=\"og:image:height\" content=\"800\" \/>\n\t<meta property=\"og:image:type\" content=\"image\/png\" \/>\n<meta name=\"twitter:card\" content=\"summary_large_image\" \/>\n<meta name=\"twitter:label1\" content=\"Est. reading time\" \/>\n\t<meta name=\"twitter:data1\" content=\"2 minutes\" \/>\n<script type=\"application\/ld+json\" class=\"yoast-schema-graph\">{\"@context\":\"https:\/\/schema.org\",\"@graph\":[{\"@type\":\"WebPage\",\"@id\":\"https:\/\/bunnyboo.ro\/produs\/ghiozdan-hopalong-unicorn-liliac-2\/\",\"url\":\"https:\/\/bunnyboo.ro\/produs\/ghiozdan-hopalong-unicorn-liliac-2\/\",\"name\":\"Ghiozdan Hopalong Unicorn - Liliac\",\"isPartOf\":{\"@id\":\"https:\/\/bunnyboo.ro\/#website\"},\"primaryImageOfPage\":{\"@id\":\"https:\/\/bunnyboo.ro\/produs\/ghiozdan-hopalong-unicorn-liliac-2\/#primaryimage\"},\"image\":{\"@id\":\"https:\/\/bunnyboo.ro\/produs\/ghiozdan-hopalong-unicorn-liliac-2\/#primaryimage\"},\"thumbnailUrl\":\"https:\/\/bunnyboo.ro\/wp-content\/uploads\/2024\/10\/ttrtftgfgf.png\",\"datePublished\":\"2025-09-22T10:00:10+00:00\",\"dateModified\":\"2026-03-26T09:51:26+00:00\",\"breadcrumb\":{\"@id\":\"https:\/\/bunnyboo.ro\/produs\/ghiozdan-hopalong-unicorn-liliac-2\/#breadcrumb\"},\"inLanguage\":\"en-US\",\"potentialAction\":[{\"@type\":\"ReadAction\",\"target\":[\"https:\/\/bunnyboo.ro\/produs\/ghiozdan-hopalong-unicorn-liliac-2\/\"]}]},{\"@type\":\"ImageObject\",\"inLanguage\":\"en-US\",\"@id\":\"https:\/\/bunnyboo.ro\/produs\/ghiozdan-hopalong-unicorn-liliac-2\/#primaryimage\",\"url\":\"https:\/\/bunnyboo.ro\/wp-content\/uploads\/2024\/10\/ttrtftgfgf.png\",\"contentUrl\":\"https:\/\/bunnyboo.ro\/wp-content\/uploads\/2024\/10\/ttrtftgfgf.png\",\"width\":800,\"height\":800,\"caption\":\"Ghiozdan cu urechiu\u0219e Allan Liewood Mist\"},{\"@type\":\"BreadcrumbList\",\"@id\":\"https:\/\/bunnyboo.ro\/produs\/ghiozdan-hopalong-unicorn-liliac-2\/#breadcrumb\",\"itemListElement\":[{\"@type\":\"ListItem\",\"position\":1,\"name\":\"Home\",\"item\":\"https:\/\/bunnyboo.ro\/en\/\"},{\"@type\":\"ListItem\",\"position\":2,\"name\":\"New\",\"item\":\"https:\/\/bunnyboo.ro\/en\/shop\/\"},{\"@type\":\"ListItem\",\"position\":3,\"name\":\"Ghiozdan Hopalong Unicorn &#8211; Liliac\"}]},{\"@type\":\"WebSite\",\"@id\":\"https:\/\/bunnyboo.ro\/#website\",\"url\":\"https:\/\/bunnyboo.ro\/\",\"name\":\"Bunny Boo\",\"description\":\"Bunny Boo\",\"publisher\":{\"@id\":\"https:\/\/bunnyboo.ro\/#organization\"},\"potentialAction\":[{\"@type\":\"SearchAction\",\"target\":{\"@type\":\"EntryPoint\",\"urlTemplate\":\"https:\/\/bunnyboo.ro\/?s={search_term_string}\"},\"query-input\":\"required name=search_term_string\"}],\"inLanguage\":\"en-US\"},{\"@type\":\"Organization\",\"@id\":\"https:\/\/bunnyboo.ro\/#organization\",\"name\":\"Bunny Boo\",\"url\":\"https:\/\/bunnyboo.ro\/\",\"logo\":{\"@type\":\"ImageObject\",\"inLanguage\":\"en-US\",\"@id\":\"https:\/\/bunnyboo.ro\/#\/schema\/logo\/image\/\",\"url\":\"https:\/\/bunnyboo.ro\/wp-content\/uploads\/2024\/03\/Logo-website-black.png\",\"contentUrl\":\"https:\/\/bunnyboo.ro\/wp-content\/uploads\/2024\/03\/Logo-website-black.png\",\"width\":2422,\"height\":946,\"caption\":\"Bunny Boo\"},\"image\":{\"@id\":\"https:\/\/bunnyboo.ro\/#\/schema\/logo\/image\/\"}}]}<\/script>\n<!-- \/ Yoast SEO plugin. -->","yoast_head_json":{"title":"Ghiozdan Hopalong Unicorn - Liliac","robots":{"index":"index","follow":"follow","max-snippet":"max-snippet:-1","max-image-preview":"max-image-preview:large","max-video-preview":"max-video-preview:-1"},"canonical":"https:\/\/bunnyboo.ro\/produs\/ghiozdan-hopalong-unicorn-liliac-2\/","og_locale":"en_US","og_type":"article","og_title":"Ghiozdan Hopalong Unicorn - Liliac","og_description":"F\u0103-\u021bi plimbarile magice cu rucsacul Hopalong Unicorn! Intr\u0103 \u00eentr-o lume minunat\u0103 cu rucsacul Hopalong Unicorn, disponibil \u00eentr-o nuan\u021b\u0103 juc\u0103u\u0219\u0103 de liliac, un partener magic pentru fiecare mic\u0103 aventur\u0103. Cu urechi moi de unicorn, c\u0103ptu\u0219ite cu material catifelat \u0219i un corn irizat str\u0103lucitor, acest rucsac este pe c\u00e2t de \u00eenc\u00e2nt\u0103tor, pe at\u00e2t de dr\u0103g\u0103la\u0219. Buzunarul de [&hellip;]","og_url":"https:\/\/bunnyboo.ro\/produs\/ghiozdan-hopalong-unicorn-liliac-2\/","og_site_name":"Bunny Boo","article_modified_time":"2026-03-26T09:51:26+00:00","og_image":[{"width":800,"height":800,"url":"https:\/\/bunnyboo.ro\/wp-content\/uploads\/2024\/10\/ttrtftgfgf.png","type":"image\/png"}],"twitter_card":"summary_large_image","twitter_misc":{"Est. reading time":"2 minutes"},"schema":{"@context":"https:\/\/schema.org","@graph":[{"@type":"WebPage","@id":"https:\/\/bunnyboo.ro\/produs\/ghiozdan-hopalong-unicorn-liliac-2\/","url":"https:\/\/bunnyboo.ro\/produs\/ghiozdan-hopalong-unicorn-liliac-2\/","name":"Ghiozdan Hopalong Unicorn - Liliac","isPartOf":{"@id":"https:\/\/bunnyboo.ro\/#website"},"primaryImageOfPage":{"@id":"https:\/\/bunnyboo.ro\/produs\/ghiozdan-hopalong-unicorn-liliac-2\/#primaryimage"},"image":{"@id":"https:\/\/bunnyboo.ro\/produs\/ghiozdan-hopalong-unicorn-liliac-2\/#primaryimage"},"thumbnailUrl":"https:\/\/bunnyboo.ro\/wp-content\/uploads\/2024\/10\/ttrtftgfgf.png","datePublished":"2025-09-22T10:00:10+00:00","dateModified":"2026-03-26T09:51:26+00:00","breadcrumb":{"@id":"https:\/\/bunnyboo.ro\/produs\/ghiozdan-hopalong-unicorn-liliac-2\/#breadcrumb"},"inLanguage":"en-US","potentialAction":[{"@type":"ReadAction","target":["https:\/\/bunnyboo.ro\/produs\/ghiozdan-hopalong-unicorn-liliac-2\/"]}]},{"@type":"ImageObject","inLanguage":"en-US","@id":"https:\/\/bunnyboo.ro\/produs\/ghiozdan-hopalong-unicorn-liliac-2\/#primaryimage","url":"https:\/\/bunnyboo.ro\/wp-content\/uploads\/2024\/10\/ttrtftgfgf.png","contentUrl":"https:\/\/bunnyboo.ro\/wp-content\/uploads\/2024\/10\/ttrtftgfgf.png","width":800,"height":800,"caption":"Ghiozdan cu urechiu\u0219e Allan Liewood Mist"},{"@type":"BreadcrumbList","@id":"https:\/\/bunnyboo.ro\/produs\/ghiozdan-hopalong-unicorn-liliac-2\/#breadcrumb","itemListElement":[{"@type":"ListItem","position":1,"name":"Home","item":"https:\/\/bunnyboo.ro\/en\/"},{"@type":"ListItem","position":2,"name":"New","item":"https:\/\/bunnyboo.ro\/en\/shop\/"},{"@type":"ListItem","position":3,"name":"Ghiozdan Hopalong Unicorn &#8211; Liliac"}]},{"@type":"WebSite","@id":"https:\/\/bunnyboo.ro\/#website","url":"https:\/\/bunnyboo.ro\/","name":"Bunny Boo","description":"Bunny Boo","publisher":{"@id":"https:\/\/bunnyboo.ro\/#organization"},"potentialAction":[{"@type":"SearchAction","target":{"@type":"EntryPoint","urlTemplate":"https:\/\/bunnyboo.ro\/?s={search_term_string}"},"query-input":"required name=search_term_string"}],"inLanguage":"en-US"},{"@type":"Organization","@id":"https:\/\/bunnyboo.ro\/#organization","name":"Bunny Boo","url":"https:\/\/bunnyboo.ro\/","logo":{"@type":"ImageObject","inLanguage":"en-US","@id":"https:\/\/bunnyboo.ro\/#\/schema\/logo\/image\/","url":"https:\/\/bunnyboo.ro\/wp-content\/uploads\/2024\/03\/Logo-website-black.png","contentUrl":"https:\/\/bunnyboo.ro\/wp-content\/uploads\/2024\/03\/Logo-website-black.png","width":2422,"height":946,"caption":"Bunny Boo"},"image":{"@id":"https:\/\/bunnyboo.ro\/#\/schema\/logo\/image\/"}}]}},"_links":{"self":[{"href":"https:\/\/bunnyboo.ro\/en\/wp-json\/wp\/v2\/product\/32795","targetHints":{"allow":["GET"]}}],"collection":[{"href":"https:\/\/bunnyboo.ro\/en\/wp-json\/wp\/v2\/product"}],"about":[{"href":"https:\/\/bunnyboo.ro\/en\/wp-json\/wp\/v2\/types\/product"}],"replies":[{"embeddable":true,"href":"https:\/\/bunnyboo.ro\/en\/wp-json\/wp\/v2\/comments?post=32795"}],"wp:featuredmedia":[{"embeddable":true,"href":"https:\/\/bunnyboo.ro\/en\/wp-json\/wp\/v2\/media\/28971"}],"wp:attachment":[{"href":"https:\/\/bunnyboo.ro\/en\/wp-json\/wp\/v2\/media?parent=32795"}],"wp:term":[{"taxonomy":"product_brand","embeddable":true,"href":"https:\/\/bunnyboo.ro\/en\/wp-json\/wp\/v2\/product_brand?post=32795"},{"taxonomy":"product_cat","embeddable":true,"href":"https:\/\/bunnyboo.ro\/en\/wp-json\/wp\/v2\/product_cat?post=32795"},{"taxonomy":"product_tag","embeddable":true,"href":"https:\/\/bunnyboo.ro\/en\/wp-json\/wp\/v2\/product_tag?post=32795"}],"curies":[{"name":"wp","href":"https:\/\/api.w.org\/{rel}","templated":true}]}}