{"id":32788,"date":"2025-09-22T12:12:37","date_gmt":"2025-09-22T09:12:37","guid":{"rendered":"https:\/\/bunnyboo.ro\/?post_type=product&#038;p=32788"},"modified":"2026-03-26T14:46:36","modified_gmt":"2026-03-26T12:46:36","slug":"jucarie-muzicala-cu-lampa-incorporata-moonie-seal-gray","status":"publish","type":"product","link":"https:\/\/bunnyboo.ro\/en\/produs\/jucarie-muzicala-cu-lampa-incorporata-moonie-seal-gray\/","title":{"rendered":"Jucarie muzicala cu lampa incorporata Moonie &#8211; Seal Gray"},"content":{"rendered":"<p><strong>MOONIE 2.0 \u2013 Ajutorul de n\u0103dejde pentru somnul bebelu\u0219ilor<\/strong><\/p>\n<p>&nbsp;<\/p>\n<ul>\n<li>Juc\u0103rie de plu\u0219 realizat\u0103 din bumbac organic certificat, sigur\u0103 \u0219i delicat\u0103 pentru pielea bebelu\u0219ilor<\/li>\n<li>Red\u0103 sunete din natur\u0103 \u0219i muzic\u0103 clasic\u0103 pentru a crea o atmosfer\u0103 lini\u0219titoare<\/li>\n<li>Volum reglabil \u0219i op\u021biune de setare a timpului de redare a zgomotelor<\/li>\n<li>Func\u021bie de \u00eenregistrare a vocii pentru a reda vocea p\u0103rintelui<\/li>\n<li>Mod lumin\u0103 activat\u0103 prin mi\u0219care<\/li>\n<li>7 culori de lumin\u0103<\/li>\n<li>Detector inteligent de pl\u00e2ns care porne\u0219te automat dispozitivul<\/li>\n<li>\u00cenc\u0103rcare rapid\u0103 prin USB-C \u0219i baterie re\u00eenc\u0103rcabil\u0103 cu indicator de nivel<\/li>\n<\/ul>\n<p>MOONIE ORGANIC este mai mult dec\u00e2t o juc\u0103rie \u2013 este un sprijin real pentru p\u0103rin\u021bi, ajut\u00e2nd bebelu\u0219ii s\u0103 se lini\u0219teasc\u0103 \u0219i s\u0103 adoarm\u0103 mai repede datorit\u0103 sunetelor naturale de tip \u201epink noise\u201d \u0219i luminii bl\u00e2nde. Produsul vine ambalat elegant, fiind alegerea ideal\u0103 \u0219i ca un cadou util pentru proaspe\u021bii p\u0103rin\u021bi.<\/p>\n<p>&nbsp;<\/p>\n<p>Un adev\u0103rat prieten moale pentru somn si joaca pentru fiecare bebelu\u0219.<\/p>\n<p>Produsele cu pre-comanda se livreaza in 7-10 zile.<\/p>\n","protected":false},"excerpt":{"rendered":"<p>MOONIE 2.0 \u2013 Ajutorul de n\u0103dejde pentru somnul bebelu\u0219ilor &nbsp; Juc\u0103rie de plu\u0219 realizat\u0103 din bumbac organic certificat, sigur\u0103 \u0219i delicat\u0103 pentru pielea bebelu\u0219ilor Red\u0103 sunete din natur\u0103 \u0219i muzic\u0103 clasic\u0103 pentru a crea o atmosfer\u0103 lini\u0219titoare Volum reglabil \u0219i op\u021biune de setare a timpului de redare a zgomotelor Func\u021bie de \u00eenregistrare a vocii pentru [&hellip;]<\/p>\n","protected":false},"featured_media":32802,"comment_status":"open","ping_status":"closed","template":"","meta":{"site-sidebar-layout":"default","site-content-layout":"","ast-site-content-layout":"default","site-content-style":"default","site-sidebar-style":"default","ast-global-header-display":"","ast-banner-title-visibility":"","ast-main-header-display":"","ast-hfb-above-header-display":"","ast-hfb-below-header-display":"","ast-hfb-mobile-header-display":"","site-post-title":"","ast-breadcrumbs-content":"","ast-featured-img":"","footer-sml-layout":"","theme-transparent-header-meta":"default","adv-header-id-meta":"","stick-header-meta":"default","header-above-stick-meta":"","header-main-stick-meta":"","header-below-stick-meta":"","astra-migrate-meta-layouts":"set","ast-page-background-enabled":"default","ast-page-background-meta":{"desktop":{"background-color":"","background-image":"","background-repeat":"repeat","background-position":"center center","background-size":"auto","background-attachment":"scroll","background-type":"","background-media":"","overlay-type":"","overlay-color":"","overlay-opacity":"","overlay-gradient":""},"tablet":{"background-color":"","background-image":"","background-repeat":"repeat","background-position":"center center","background-size":"auto","background-attachment":"scroll","background-type":"","background-media":"","overlay-type":"","overlay-color":"","overlay-opacity":"","overlay-gradient":""},"mobile":{"background-color":"","background-image":"","background-repeat":"repeat","background-position":"center center","background-size":"auto","background-attachment":"scroll","background-type":"","background-media":"","overlay-type":"","overlay-color":"","overlay-opacity":"","overlay-gradient":""}},"ast-content-background-meta":{"desktop":{"background-color":"var(--ast-global-color-5)","background-image":"","background-repeat":"repeat","background-position":"center center","background-size":"auto","background-attachment":"scroll","background-type":"","background-media":"","overlay-type":"","overlay-color":"","overlay-opacity":"","overlay-gradient":""},"tablet":{"background-color":"var(--ast-global-color-5)","background-image":"","background-repeat":"repeat","background-position":"center center","background-size":"auto","background-attachment":"scroll","background-type":"","background-media":"","overlay-type":"","overlay-color":"","overlay-opacity":"","overlay-gradient":""},"mobile":{"background-color":"var(--ast-global-color-5)","background-image":"","background-repeat":"repeat","background-position":"center center","background-size":"auto","background-attachment":"scroll","background-type":"","background-media":"","overlay-type":"","overlay-color":"","overlay-opacity":"","overlay-gradient":""}}},"product_brand":[],"product_cat":[51,52,53,65,132],"product_tag":[],"class_list":{"0":"post-32788","1":"product","2":"type-product","3":"status-publish","4":"has-post-thumbnail","6":"product_cat-jucarii-pentru-puiul-tau-mic","7":"product_cat-cei-mai-buni-prieteni","8":"product_cat-somn-linistit-pentru-puiul-tau","9":"product_cat-noutati-minunate-pentru-puiul-tau","10":"product_cat-reduceri-pentru-tine","11":"desktop-align-left","12":"tablet-align-left","13":"mobile-align-left","14":"ast-product-gallery-layout-horizontal-slider","15":"ast-product-tabs-layout-vertical","16":"ast-qv-on-image","18":"first","19":"instock","20":"sale","21":"shipping-taxable","22":"purchasable","23":"product-type-simple"},"yoast_head":"<!-- This site is optimized with the Yoast SEO plugin v22.6 - https:\/\/yoast.com\/wordpress\/plugins\/seo\/ -->\n<title>Jucarie muzicala cu lampa incorporata Moonie - Seal Gray<\/title>\n<meta name=\"robots\" content=\"index, follow, max-snippet:-1, max-image-preview:large, max-video-preview:-1\" \/>\n<link rel=\"canonical\" href=\"https:\/\/bunnyboo.ro\/produs\/jucarie-muzicala-cu-lampa-incorporata-moonie-seal-gray\/\" \/>\n<meta property=\"og:locale\" content=\"en_US\" \/>\n<meta property=\"og:type\" content=\"article\" \/>\n<meta property=\"og:title\" content=\"Jucarie muzicala cu lampa incorporata Moonie - Seal Gray\" \/>\n<meta property=\"og:description\" content=\"MOONIE 2.0 \u2013 Ajutorul de n\u0103dejde pentru somnul bebelu\u0219ilor &nbsp; Juc\u0103rie de plu\u0219 realizat\u0103 din bumbac organic certificat, sigur\u0103 \u0219i delicat\u0103 pentru pielea bebelu\u0219ilor Red\u0103 sunete din natur\u0103 \u0219i muzic\u0103 clasic\u0103 pentru a crea o atmosfer\u0103 lini\u0219titoare Volum reglabil \u0219i op\u021biune de setare a timpului de redare a zgomotelor Func\u021bie de \u00eenregistrare a vocii pentru [&hellip;]\" \/>\n<meta property=\"og:url\" content=\"https:\/\/bunnyboo.ro\/produs\/jucarie-muzicala-cu-lampa-incorporata-moonie-seal-gray\/\" \/>\n<meta property=\"og:site_name\" content=\"Bunny Boo\" \/>\n<meta property=\"article:modified_time\" content=\"2026-03-26T12:46:36+00:00\" \/>\n<meta property=\"og:image\" content=\"https:\/\/bunnyboo.ro\/wp-content\/uploads\/2025\/09\/IMG_2158.png\" \/>\n\t<meta property=\"og:image:width\" content=\"2048\" \/>\n\t<meta property=\"og:image:height\" content=\"2048\" \/>\n\t<meta property=\"og:image:type\" content=\"image\/png\" \/>\n<meta name=\"twitter:card\" content=\"summary_large_image\" \/>\n<meta name=\"twitter:label1\" content=\"Est. reading time\" \/>\n\t<meta name=\"twitter:data1\" content=\"2 minutes\" \/>\n<script type=\"application\/ld+json\" class=\"yoast-schema-graph\">{\"@context\":\"https:\/\/schema.org\",\"@graph\":[{\"@type\":\"WebPage\",\"@id\":\"https:\/\/bunnyboo.ro\/produs\/jucarie-muzicala-cu-lampa-incorporata-moonie-seal-gray\/\",\"url\":\"https:\/\/bunnyboo.ro\/produs\/jucarie-muzicala-cu-lampa-incorporata-moonie-seal-gray\/\",\"name\":\"Jucarie muzicala cu lampa incorporata Moonie - Seal Gray\",\"isPartOf\":{\"@id\":\"https:\/\/bunnyboo.ro\/#website\"},\"primaryImageOfPage\":{\"@id\":\"https:\/\/bunnyboo.ro\/produs\/jucarie-muzicala-cu-lampa-incorporata-moonie-seal-gray\/#primaryimage\"},\"image\":{\"@id\":\"https:\/\/bunnyboo.ro\/produs\/jucarie-muzicala-cu-lampa-incorporata-moonie-seal-gray\/#primaryimage\"},\"thumbnailUrl\":\"https:\/\/bunnyboo.ro\/wp-content\/uploads\/2025\/09\/IMG_2158.png\",\"datePublished\":\"2025-09-22T09:12:37+00:00\",\"dateModified\":\"2026-03-26T12:46:36+00:00\",\"breadcrumb\":{\"@id\":\"https:\/\/bunnyboo.ro\/produs\/jucarie-muzicala-cu-lampa-incorporata-moonie-seal-gray\/#breadcrumb\"},\"inLanguage\":\"en-US\",\"potentialAction\":[{\"@type\":\"ReadAction\",\"target\":[\"https:\/\/bunnyboo.ro\/produs\/jucarie-muzicala-cu-lampa-incorporata-moonie-seal-gray\/\"]}]},{\"@type\":\"ImageObject\",\"inLanguage\":\"en-US\",\"@id\":\"https:\/\/bunnyboo.ro\/produs\/jucarie-muzicala-cu-lampa-incorporata-moonie-seal-gray\/#primaryimage\",\"url\":\"https:\/\/bunnyboo.ro\/wp-content\/uploads\/2025\/09\/IMG_2158.png\",\"contentUrl\":\"https:\/\/bunnyboo.ro\/wp-content\/uploads\/2025\/09\/IMG_2158.png\",\"width\":2048,\"height\":2048},{\"@type\":\"BreadcrumbList\",\"@id\":\"https:\/\/bunnyboo.ro\/produs\/jucarie-muzicala-cu-lampa-incorporata-moonie-seal-gray\/#breadcrumb\",\"itemListElement\":[{\"@type\":\"ListItem\",\"position\":1,\"name\":\"Home\",\"item\":\"https:\/\/bunnyboo.ro\/en\/\"},{\"@type\":\"ListItem\",\"position\":2,\"name\":\"New\",\"item\":\"https:\/\/bunnyboo.ro\/en\/shop\/\"},{\"@type\":\"ListItem\",\"position\":3,\"name\":\"Jucarie muzicala cu lampa incorporata Moonie &#8211; Seal Gray\"}]},{\"@type\":\"WebSite\",\"@id\":\"https:\/\/bunnyboo.ro\/#website\",\"url\":\"https:\/\/bunnyboo.ro\/\",\"name\":\"Bunny Boo\",\"description\":\"Bunny Boo\",\"publisher\":{\"@id\":\"https:\/\/bunnyboo.ro\/#organization\"},\"potentialAction\":[{\"@type\":\"SearchAction\",\"target\":{\"@type\":\"EntryPoint\",\"urlTemplate\":\"https:\/\/bunnyboo.ro\/?s={search_term_string}\"},\"query-input\":\"required name=search_term_string\"}],\"inLanguage\":\"en-US\"},{\"@type\":\"Organization\",\"@id\":\"https:\/\/bunnyboo.ro\/#organization\",\"name\":\"Bunny Boo\",\"url\":\"https:\/\/bunnyboo.ro\/\",\"logo\":{\"@type\":\"ImageObject\",\"inLanguage\":\"en-US\",\"@id\":\"https:\/\/bunnyboo.ro\/#\/schema\/logo\/image\/\",\"url\":\"https:\/\/bunnyboo.ro\/wp-content\/uploads\/2024\/03\/Logo-website-black.png\",\"contentUrl\":\"https:\/\/bunnyboo.ro\/wp-content\/uploads\/2024\/03\/Logo-website-black.png\",\"width\":2422,\"height\":946,\"caption\":\"Bunny Boo\"},\"image\":{\"@id\":\"https:\/\/bunnyboo.ro\/#\/schema\/logo\/image\/\"}}]}<\/script>\n<!-- \/ Yoast SEO plugin. -->","yoast_head_json":{"title":"Jucarie muzicala cu lampa incorporata Moonie - Seal Gray","robots":{"index":"index","follow":"follow","max-snippet":"max-snippet:-1","max-image-preview":"max-image-preview:large","max-video-preview":"max-video-preview:-1"},"canonical":"https:\/\/bunnyboo.ro\/produs\/jucarie-muzicala-cu-lampa-incorporata-moonie-seal-gray\/","og_locale":"en_US","og_type":"article","og_title":"Jucarie muzicala cu lampa incorporata Moonie - Seal Gray","og_description":"MOONIE 2.0 \u2013 Ajutorul de n\u0103dejde pentru somnul bebelu\u0219ilor &nbsp; Juc\u0103rie de plu\u0219 realizat\u0103 din bumbac organic certificat, sigur\u0103 \u0219i delicat\u0103 pentru pielea bebelu\u0219ilor Red\u0103 sunete din natur\u0103 \u0219i muzic\u0103 clasic\u0103 pentru a crea o atmosfer\u0103 lini\u0219titoare Volum reglabil \u0219i op\u021biune de setare a timpului de redare a zgomotelor Func\u021bie de \u00eenregistrare a vocii pentru [&hellip;]","og_url":"https:\/\/bunnyboo.ro\/produs\/jucarie-muzicala-cu-lampa-incorporata-moonie-seal-gray\/","og_site_name":"Bunny Boo","article_modified_time":"2026-03-26T12:46:36+00:00","og_image":[{"width":2048,"height":2048,"url":"https:\/\/bunnyboo.ro\/wp-content\/uploads\/2025\/09\/IMG_2158.png","type":"image\/png"}],"twitter_card":"summary_large_image","twitter_misc":{"Est. reading time":"2 minutes"},"schema":{"@context":"https:\/\/schema.org","@graph":[{"@type":"WebPage","@id":"https:\/\/bunnyboo.ro\/produs\/jucarie-muzicala-cu-lampa-incorporata-moonie-seal-gray\/","url":"https:\/\/bunnyboo.ro\/produs\/jucarie-muzicala-cu-lampa-incorporata-moonie-seal-gray\/","name":"Jucarie muzicala cu lampa incorporata Moonie - Seal Gray","isPartOf":{"@id":"https:\/\/bunnyboo.ro\/#website"},"primaryImageOfPage":{"@id":"https:\/\/bunnyboo.ro\/produs\/jucarie-muzicala-cu-lampa-incorporata-moonie-seal-gray\/#primaryimage"},"image":{"@id":"https:\/\/bunnyboo.ro\/produs\/jucarie-muzicala-cu-lampa-incorporata-moonie-seal-gray\/#primaryimage"},"thumbnailUrl":"https:\/\/bunnyboo.ro\/wp-content\/uploads\/2025\/09\/IMG_2158.png","datePublished":"2025-09-22T09:12:37+00:00","dateModified":"2026-03-26T12:46:36+00:00","breadcrumb":{"@id":"https:\/\/bunnyboo.ro\/produs\/jucarie-muzicala-cu-lampa-incorporata-moonie-seal-gray\/#breadcrumb"},"inLanguage":"en-US","potentialAction":[{"@type":"ReadAction","target":["https:\/\/bunnyboo.ro\/produs\/jucarie-muzicala-cu-lampa-incorporata-moonie-seal-gray\/"]}]},{"@type":"ImageObject","inLanguage":"en-US","@id":"https:\/\/bunnyboo.ro\/produs\/jucarie-muzicala-cu-lampa-incorporata-moonie-seal-gray\/#primaryimage","url":"https:\/\/bunnyboo.ro\/wp-content\/uploads\/2025\/09\/IMG_2158.png","contentUrl":"https:\/\/bunnyboo.ro\/wp-content\/uploads\/2025\/09\/IMG_2158.png","width":2048,"height":2048},{"@type":"BreadcrumbList","@id":"https:\/\/bunnyboo.ro\/produs\/jucarie-muzicala-cu-lampa-incorporata-moonie-seal-gray\/#breadcrumb","itemListElement":[{"@type":"ListItem","position":1,"name":"Home","item":"https:\/\/bunnyboo.ro\/en\/"},{"@type":"ListItem","position":2,"name":"New","item":"https:\/\/bunnyboo.ro\/en\/shop\/"},{"@type":"ListItem","position":3,"name":"Jucarie muzicala cu lampa incorporata Moonie &#8211; Seal Gray"}]},{"@type":"WebSite","@id":"https:\/\/bunnyboo.ro\/#website","url":"https:\/\/bunnyboo.ro\/","name":"Bunny Boo","description":"Bunny Boo","publisher":{"@id":"https:\/\/bunnyboo.ro\/#organization"},"potentialAction":[{"@type":"SearchAction","target":{"@type":"EntryPoint","urlTemplate":"https:\/\/bunnyboo.ro\/?s={search_term_string}"},"query-input":"required name=search_term_string"}],"inLanguage":"en-US"},{"@type":"Organization","@id":"https:\/\/bunnyboo.ro\/#organization","name":"Bunny Boo","url":"https:\/\/bunnyboo.ro\/","logo":{"@type":"ImageObject","inLanguage":"en-US","@id":"https:\/\/bunnyboo.ro\/#\/schema\/logo\/image\/","url":"https:\/\/bunnyboo.ro\/wp-content\/uploads\/2024\/03\/Logo-website-black.png","contentUrl":"https:\/\/bunnyboo.ro\/wp-content\/uploads\/2024\/03\/Logo-website-black.png","width":2422,"height":946,"caption":"Bunny Boo"},"image":{"@id":"https:\/\/bunnyboo.ro\/#\/schema\/logo\/image\/"}}]}},"_links":{"self":[{"href":"https:\/\/bunnyboo.ro\/en\/wp-json\/wp\/v2\/product\/32788","targetHints":{"allow":["GET"]}}],"collection":[{"href":"https:\/\/bunnyboo.ro\/en\/wp-json\/wp\/v2\/product"}],"about":[{"href":"https:\/\/bunnyboo.ro\/en\/wp-json\/wp\/v2\/types\/product"}],"replies":[{"embeddable":true,"href":"https:\/\/bunnyboo.ro\/en\/wp-json\/wp\/v2\/comments?post=32788"}],"wp:featuredmedia":[{"embeddable":true,"href":"https:\/\/bunnyboo.ro\/en\/wp-json\/wp\/v2\/media\/32802"}],"wp:attachment":[{"href":"https:\/\/bunnyboo.ro\/en\/wp-json\/wp\/v2\/media?parent=32788"}],"wp:term":[{"taxonomy":"product_brand","embeddable":true,"href":"https:\/\/bunnyboo.ro\/en\/wp-json\/wp\/v2\/product_brand?post=32788"},{"taxonomy":"product_cat","embeddable":true,"href":"https:\/\/bunnyboo.ro\/en\/wp-json\/wp\/v2\/product_cat?post=32788"},{"taxonomy":"product_tag","embeddable":true,"href":"https:\/\/bunnyboo.ro\/en\/wp-json\/wp\/v2\/product_tag?post=32788"}],"curies":[{"name":"wp","href":"https:\/\/api.w.org\/{rel}","templated":true}]}}