{"id":32601,"date":"2025-09-17T11:22:32","date_gmt":"2025-09-17T08:22:32","guid":{"rendered":"https:\/\/bunnyboo.ro\/?post_type=product&#038;p=32601"},"modified":"2025-11-25T17:09:13","modified_gmt":"2025-11-25T15:09:13","slug":"set-2-cutiute-pentru-dintisori-auriu-maileg","status":"publish","type":"product","link":"https:\/\/bunnyboo.ro\/en\/produs\/set-2-cutiute-pentru-dintisori-auriu-maileg\/","title":{"rendered":"Set 2 cutiute pentru dintisori &#8211; Auriu &#8211; Maileg"},"content":{"rendered":"<p>Set 2 Cutiu\u021be pentru Din\u021bi\u0219ori \u2013 Auriu<\/p>\n<p>Aceste cutiu\u021be metalice \u00een form\u0103 de inim\u0103 sunt locul perfect pentru a p\u0103stra primii din\u021bi\u0219ori de lapte \u0219i a transforma amintirile copil\u0103riei \u00een comori de neuitat. Capacele au un design embosat cu din\u021bi\u0219or \u0219i o suprafa\u021b\u0103 special\u0103 cu efect cr\u0103pat, ce ofer\u0103 un plus de rafinament.<\/p>\n<p>Detalii produs:<\/p>\n<ul>\n<li>Dimensiuni: \u00cen\u0103l\u021bime 2,5 cm, L\u0103\u021bime 5 cm<\/li>\n<li>Greutate net\u0103: 0,03 kg<\/li>\n<li>V\u00e2rst\u0103 recomandat\u0103: 3+ ani<\/li>\n<li>Material principal: Metal<\/li>\n<\/ul>\n","protected":false},"excerpt":{"rendered":"<p>Set 2 Cutiu\u021be pentru Din\u021bi\u0219ori \u2013 Auriu Aceste cutiu\u021be metalice \u00een form\u0103 de inim\u0103 sunt locul perfect pentru a p\u0103stra primii din\u021bi\u0219ori de lapte \u0219i a transforma amintirile copil\u0103riei \u00een comori de neuitat. Capacele au un design embosat cu din\u021bi\u0219or \u0219i o suprafa\u021b\u0103 special\u0103 cu efect cr\u0103pat, ce ofer\u0103 un plus de rafinament. Detalii produs: [&hellip;]<\/p>\n","protected":false},"featured_media":32608,"comment_status":"open","ping_status":"closed","template":"","meta":{"site-sidebar-layout":"default","site-content-layout":"","ast-site-content-layout":"default","site-content-style":"default","site-sidebar-style":"default","ast-global-header-display":"","ast-banner-title-visibility":"","ast-main-header-display":"","ast-hfb-above-header-display":"","ast-hfb-below-header-display":"","ast-hfb-mobile-header-display":"","site-post-title":"","ast-breadcrumbs-content":"","ast-featured-img":"","footer-sml-layout":"","theme-transparent-header-meta":"default","adv-header-id-meta":"","stick-header-meta":"default","header-above-stick-meta":"","header-main-stick-meta":"","header-below-stick-meta":"","astra-migrate-meta-layouts":"set","ast-page-background-enabled":"default","ast-page-background-meta":{"desktop":{"background-color":"","background-image":"","background-repeat":"repeat","background-position":"center center","background-size":"auto","background-attachment":"scroll","background-type":"","background-media":"","overlay-type":"","overlay-color":"","overlay-opacity":"","overlay-gradient":""},"tablet":{"background-color":"","background-image":"","background-repeat":"repeat","background-position":"center center","background-size":"auto","background-attachment":"scroll","background-type":"","background-media":"","overlay-type":"","overlay-color":"","overlay-opacity":"","overlay-gradient":""},"mobile":{"background-color":"","background-image":"","background-repeat":"repeat","background-position":"center center","background-size":"auto","background-attachment":"scroll","background-type":"","background-media":"","overlay-type":"","overlay-color":"","overlay-opacity":"","overlay-gradient":""}},"ast-content-background-meta":{"desktop":{"background-color":"var(--ast-global-color-5)","background-image":"","background-repeat":"repeat","background-position":"center center","background-size":"auto","background-attachment":"scroll","background-type":"","background-media":"","overlay-type":"","overlay-color":"","overlay-opacity":"","overlay-gradient":""},"tablet":{"background-color":"var(--ast-global-color-5)","background-image":"","background-repeat":"repeat","background-position":"center center","background-size":"auto","background-attachment":"scroll","background-type":"","background-media":"","overlay-type":"","overlay-color":"","overlay-opacity":"","overlay-gradient":""},"mobile":{"background-color":"var(--ast-global-color-5)","background-image":"","background-repeat":"repeat","background-position":"center center","background-size":"auto","background-attachment":"scroll","background-type":"","background-media":"","overlay-type":"","overlay-color":"","overlay-opacity":"","overlay-gradient":""}}},"product_brand":[],"product_cat":[293,51,86],"product_tag":[],"class_list":{"0":"post-32601","1":"product","2":"type-product","3":"status-publish","4":"has-post-thumbnail","6":"product_cat-decoratiuni-fairytale-si-jucarii-minunate","7":"product_cat-jucarii-pentru-puiul-tau-mic","8":"product_cat-ingrijire-pentru-puiul-tau-mic","9":"desktop-align-left","10":"tablet-align-left","11":"mobile-align-left","12":"ast-product-gallery-layout-horizontal-slider","13":"ast-product-tabs-layout-vertical","14":"ast-qv-on-image","16":"first","17":"instock","18":"shipping-taxable","19":"purchasable","20":"product-type-simple"},"yoast_head":"<!-- This site is optimized with the Yoast SEO plugin v22.6 - https:\/\/yoast.com\/wordpress\/plugins\/seo\/ -->\n<title>Set 2 cutiute pentru dintisori - Auriu - Maileg<\/title>\n<meta name=\"robots\" content=\"index, follow, max-snippet:-1, max-image-preview:large, max-video-preview:-1\" \/>\n<link rel=\"canonical\" href=\"https:\/\/bunnyboo.ro\/produs\/set-2-cutiute-pentru-dintisori-auriu-maileg\/\" \/>\n<meta property=\"og:locale\" content=\"en_US\" \/>\n<meta property=\"og:type\" content=\"article\" \/>\n<meta property=\"og:title\" content=\"Set 2 cutiute pentru dintisori - Auriu - Maileg\" \/>\n<meta property=\"og:description\" content=\"Set 2 Cutiu\u021be pentru Din\u021bi\u0219ori \u2013 Auriu Aceste cutiu\u021be metalice \u00een form\u0103 de inim\u0103 sunt locul perfect pentru a p\u0103stra primii din\u021bi\u0219ori de lapte \u0219i a transforma amintirile copil\u0103riei \u00een comori de neuitat. Capacele au un design embosat cu din\u021bi\u0219or \u0219i o suprafa\u021b\u0103 special\u0103 cu efect cr\u0103pat, ce ofer\u0103 un plus de rafinament. Detalii produs: [&hellip;]\" \/>\n<meta property=\"og:url\" content=\"https:\/\/bunnyboo.ro\/produs\/set-2-cutiute-pentru-dintisori-auriu-maileg\/\" \/>\n<meta property=\"og:site_name\" content=\"Bunny Boo\" \/>\n<meta property=\"article:modified_time\" content=\"2025-11-25T15:09:13+00:00\" \/>\n<meta property=\"og:image\" content=\"https:\/\/bunnyboo.ro\/wp-content\/uploads\/2025\/09\/IMG_1702.png\" \/>\n\t<meta property=\"og:image:width\" content=\"1200\" \/>\n\t<meta property=\"og:image:height\" content=\"1000\" \/>\n\t<meta property=\"og:image:type\" content=\"image\/png\" \/>\n<meta name=\"twitter:card\" content=\"summary_large_image\" \/>\n<meta name=\"twitter:label1\" content=\"Est. reading time\" \/>\n\t<meta name=\"twitter:data1\" content=\"1 minute\" \/>\n<script type=\"application\/ld+json\" class=\"yoast-schema-graph\">{\"@context\":\"https:\/\/schema.org\",\"@graph\":[{\"@type\":\"WebPage\",\"@id\":\"https:\/\/bunnyboo.ro\/produs\/set-2-cutiute-pentru-dintisori-auriu-maileg\/\",\"url\":\"https:\/\/bunnyboo.ro\/produs\/set-2-cutiute-pentru-dintisori-auriu-maileg\/\",\"name\":\"Set 2 cutiute pentru dintisori - Auriu - Maileg\",\"isPartOf\":{\"@id\":\"https:\/\/bunnyboo.ro\/#website\"},\"primaryImageOfPage\":{\"@id\":\"https:\/\/bunnyboo.ro\/produs\/set-2-cutiute-pentru-dintisori-auriu-maileg\/#primaryimage\"},\"image\":{\"@id\":\"https:\/\/bunnyboo.ro\/produs\/set-2-cutiute-pentru-dintisori-auriu-maileg\/#primaryimage\"},\"thumbnailUrl\":\"https:\/\/bunnyboo.ro\/wp-content\/uploads\/2025\/09\/IMG_1702.png\",\"datePublished\":\"2025-09-17T08:22:32+00:00\",\"dateModified\":\"2025-11-25T15:09:13+00:00\",\"breadcrumb\":{\"@id\":\"https:\/\/bunnyboo.ro\/produs\/set-2-cutiute-pentru-dintisori-auriu-maileg\/#breadcrumb\"},\"inLanguage\":\"en-US\",\"potentialAction\":[{\"@type\":\"ReadAction\",\"target\":[\"https:\/\/bunnyboo.ro\/produs\/set-2-cutiute-pentru-dintisori-auriu-maileg\/\"]}]},{\"@type\":\"ImageObject\",\"inLanguage\":\"en-US\",\"@id\":\"https:\/\/bunnyboo.ro\/produs\/set-2-cutiute-pentru-dintisori-auriu-maileg\/#primaryimage\",\"url\":\"https:\/\/bunnyboo.ro\/wp-content\/uploads\/2025\/09\/IMG_1702.png\",\"contentUrl\":\"https:\/\/bunnyboo.ro\/wp-content\/uploads\/2025\/09\/IMG_1702.png\",\"width\":1200,\"height\":1000},{\"@type\":\"BreadcrumbList\",\"@id\":\"https:\/\/bunnyboo.ro\/produs\/set-2-cutiute-pentru-dintisori-auriu-maileg\/#breadcrumb\",\"itemListElement\":[{\"@type\":\"ListItem\",\"position\":1,\"name\":\"Home\",\"item\":\"https:\/\/bunnyboo.ro\/en\/\"},{\"@type\":\"ListItem\",\"position\":2,\"name\":\"New\",\"item\":\"https:\/\/bunnyboo.ro\/en\/shop\/\"},{\"@type\":\"ListItem\",\"position\":3,\"name\":\"Set 2 cutiute pentru dintisori &#8211; Auriu &#8211; Maileg\"}]},{\"@type\":\"WebSite\",\"@id\":\"https:\/\/bunnyboo.ro\/#website\",\"url\":\"https:\/\/bunnyboo.ro\/\",\"name\":\"Bunny Boo\",\"description\":\"Bunny Boo\",\"publisher\":{\"@id\":\"https:\/\/bunnyboo.ro\/#organization\"},\"potentialAction\":[{\"@type\":\"SearchAction\",\"target\":{\"@type\":\"EntryPoint\",\"urlTemplate\":\"https:\/\/bunnyboo.ro\/?s={search_term_string}\"},\"query-input\":\"required name=search_term_string\"}],\"inLanguage\":\"en-US\"},{\"@type\":\"Organization\",\"@id\":\"https:\/\/bunnyboo.ro\/#organization\",\"name\":\"Bunny Boo\",\"url\":\"https:\/\/bunnyboo.ro\/\",\"logo\":{\"@type\":\"ImageObject\",\"inLanguage\":\"en-US\",\"@id\":\"https:\/\/bunnyboo.ro\/#\/schema\/logo\/image\/\",\"url\":\"https:\/\/bunnyboo.ro\/wp-content\/uploads\/2024\/03\/Logo-website-black.png\",\"contentUrl\":\"https:\/\/bunnyboo.ro\/wp-content\/uploads\/2024\/03\/Logo-website-black.png\",\"width\":2422,\"height\":946,\"caption\":\"Bunny Boo\"},\"image\":{\"@id\":\"https:\/\/bunnyboo.ro\/#\/schema\/logo\/image\/\"}}]}<\/script>\n<!-- \/ Yoast SEO plugin. -->","yoast_head_json":{"title":"Set 2 cutiute pentru dintisori - Auriu - Maileg","robots":{"index":"index","follow":"follow","max-snippet":"max-snippet:-1","max-image-preview":"max-image-preview:large","max-video-preview":"max-video-preview:-1"},"canonical":"https:\/\/bunnyboo.ro\/produs\/set-2-cutiute-pentru-dintisori-auriu-maileg\/","og_locale":"en_US","og_type":"article","og_title":"Set 2 cutiute pentru dintisori - Auriu - Maileg","og_description":"Set 2 Cutiu\u021be pentru Din\u021bi\u0219ori \u2013 Auriu Aceste cutiu\u021be metalice \u00een form\u0103 de inim\u0103 sunt locul perfect pentru a p\u0103stra primii din\u021bi\u0219ori de lapte \u0219i a transforma amintirile copil\u0103riei \u00een comori de neuitat. Capacele au un design embosat cu din\u021bi\u0219or \u0219i o suprafa\u021b\u0103 special\u0103 cu efect cr\u0103pat, ce ofer\u0103 un plus de rafinament. Detalii produs: [&hellip;]","og_url":"https:\/\/bunnyboo.ro\/produs\/set-2-cutiute-pentru-dintisori-auriu-maileg\/","og_site_name":"Bunny Boo","article_modified_time":"2025-11-25T15:09:13+00:00","og_image":[{"width":1200,"height":1000,"url":"https:\/\/bunnyboo.ro\/wp-content\/uploads\/2025\/09\/IMG_1702.png","type":"image\/png"}],"twitter_card":"summary_large_image","twitter_misc":{"Est. reading time":"1 minute"},"schema":{"@context":"https:\/\/schema.org","@graph":[{"@type":"WebPage","@id":"https:\/\/bunnyboo.ro\/produs\/set-2-cutiute-pentru-dintisori-auriu-maileg\/","url":"https:\/\/bunnyboo.ro\/produs\/set-2-cutiute-pentru-dintisori-auriu-maileg\/","name":"Set 2 cutiute pentru dintisori - Auriu - Maileg","isPartOf":{"@id":"https:\/\/bunnyboo.ro\/#website"},"primaryImageOfPage":{"@id":"https:\/\/bunnyboo.ro\/produs\/set-2-cutiute-pentru-dintisori-auriu-maileg\/#primaryimage"},"image":{"@id":"https:\/\/bunnyboo.ro\/produs\/set-2-cutiute-pentru-dintisori-auriu-maileg\/#primaryimage"},"thumbnailUrl":"https:\/\/bunnyboo.ro\/wp-content\/uploads\/2025\/09\/IMG_1702.png","datePublished":"2025-09-17T08:22:32+00:00","dateModified":"2025-11-25T15:09:13+00:00","breadcrumb":{"@id":"https:\/\/bunnyboo.ro\/produs\/set-2-cutiute-pentru-dintisori-auriu-maileg\/#breadcrumb"},"inLanguage":"en-US","potentialAction":[{"@type":"ReadAction","target":["https:\/\/bunnyboo.ro\/produs\/set-2-cutiute-pentru-dintisori-auriu-maileg\/"]}]},{"@type":"ImageObject","inLanguage":"en-US","@id":"https:\/\/bunnyboo.ro\/produs\/set-2-cutiute-pentru-dintisori-auriu-maileg\/#primaryimage","url":"https:\/\/bunnyboo.ro\/wp-content\/uploads\/2025\/09\/IMG_1702.png","contentUrl":"https:\/\/bunnyboo.ro\/wp-content\/uploads\/2025\/09\/IMG_1702.png","width":1200,"height":1000},{"@type":"BreadcrumbList","@id":"https:\/\/bunnyboo.ro\/produs\/set-2-cutiute-pentru-dintisori-auriu-maileg\/#breadcrumb","itemListElement":[{"@type":"ListItem","position":1,"name":"Home","item":"https:\/\/bunnyboo.ro\/en\/"},{"@type":"ListItem","position":2,"name":"New","item":"https:\/\/bunnyboo.ro\/en\/shop\/"},{"@type":"ListItem","position":3,"name":"Set 2 cutiute pentru dintisori &#8211; Auriu &#8211; Maileg"}]},{"@type":"WebSite","@id":"https:\/\/bunnyboo.ro\/#website","url":"https:\/\/bunnyboo.ro\/","name":"Bunny Boo","description":"Bunny Boo","publisher":{"@id":"https:\/\/bunnyboo.ro\/#organization"},"potentialAction":[{"@type":"SearchAction","target":{"@type":"EntryPoint","urlTemplate":"https:\/\/bunnyboo.ro\/?s={search_term_string}"},"query-input":"required name=search_term_string"}],"inLanguage":"en-US"},{"@type":"Organization","@id":"https:\/\/bunnyboo.ro\/#organization","name":"Bunny Boo","url":"https:\/\/bunnyboo.ro\/","logo":{"@type":"ImageObject","inLanguage":"en-US","@id":"https:\/\/bunnyboo.ro\/#\/schema\/logo\/image\/","url":"https:\/\/bunnyboo.ro\/wp-content\/uploads\/2024\/03\/Logo-website-black.png","contentUrl":"https:\/\/bunnyboo.ro\/wp-content\/uploads\/2024\/03\/Logo-website-black.png","width":2422,"height":946,"caption":"Bunny Boo"},"image":{"@id":"https:\/\/bunnyboo.ro\/#\/schema\/logo\/image\/"}}]}},"_links":{"self":[{"href":"https:\/\/bunnyboo.ro\/en\/wp-json\/wp\/v2\/product\/32601","targetHints":{"allow":["GET"]}}],"collection":[{"href":"https:\/\/bunnyboo.ro\/en\/wp-json\/wp\/v2\/product"}],"about":[{"href":"https:\/\/bunnyboo.ro\/en\/wp-json\/wp\/v2\/types\/product"}],"replies":[{"embeddable":true,"href":"https:\/\/bunnyboo.ro\/en\/wp-json\/wp\/v2\/comments?post=32601"}],"wp:featuredmedia":[{"embeddable":true,"href":"https:\/\/bunnyboo.ro\/en\/wp-json\/wp\/v2\/media\/32608"}],"wp:attachment":[{"href":"https:\/\/bunnyboo.ro\/en\/wp-json\/wp\/v2\/media?parent=32601"}],"wp:term":[{"taxonomy":"product_brand","embeddable":true,"href":"https:\/\/bunnyboo.ro\/en\/wp-json\/wp\/v2\/product_brand?post=32601"},{"taxonomy":"product_cat","embeddable":true,"href":"https:\/\/bunnyboo.ro\/en\/wp-json\/wp\/v2\/product_cat?post=32601"},{"taxonomy":"product_tag","embeddable":true,"href":"https:\/\/bunnyboo.ro\/en\/wp-json\/wp\/v2\/product_tag?post=32601"}],"curies":[{"name":"wp","href":"https:\/\/api.w.org\/{rel}","templated":true}]}}