{"id":32591,"date":"2025-09-17T11:16:19","date_gmt":"2025-09-17T08:16:19","guid":{"rendered":"https:\/\/bunnyboo.ro\/?post_type=product&#038;p=32591"},"modified":"2026-02-13T12:34:53","modified_gmt":"2026-02-13T10:34:53","slug":"super-hero-mouse-little-brother-in-matchbox-maileg","status":"publish","type":"product","link":"https:\/\/bunnyboo.ro\/en\/produs\/super-hero-mouse-little-brother-in-matchbox-maileg\/","title":{"rendered":"Super hero mouse, Little brother in matchbox &#8211; Maileg"},"content":{"rendered":"<p>\u0218oricel Super Erou \u2013 Little Brother \u00een Cutie de Chibrituri<\/p>\n<p>Un articol clasic Maileg. Acest \u0219oricel este gata pentru ore \u00eentregi de joac\u0103 \u0219i aventuri eroice, iar seara adoarme lini\u0219tit \u00een cutia sa de chibrituri. \u021ainuta \u0219i lenjeria sunt realizate din materiale cu imprimeuri unice \u0219i culori frumoase. Setul include dou\u0103 m\u0103\u0219ti \u2013 una pentru zbor \u0219i una pentru somn.<\/p>\n<p>Detalii produs:<\/p>\n<ul>\n<li>Dimensiuni: \u00cen\u0103l\u021bime 11 cm<\/li>\n<li>Greutate net\u0103: 0,10 kg<\/li>\n<li>V\u00e2rst\u0103 recomandat\u0103: 3+ ani<\/li>\n<li>Materiale: Bumbac \/ Carton<\/li>\n<li>Umplutur\u0103: Poliester reciclat \/ Pelete PE<\/li>\n<\/ul>\n","protected":false},"excerpt":{"rendered":"<p>\u0218oricel Super Erou \u2013 Little Brother \u00een Cutie de Chibrituri Un articol clasic Maileg. Acest \u0219oricel este gata pentru ore \u00eentregi de joac\u0103 \u0219i aventuri eroice, iar seara adoarme lini\u0219tit \u00een cutia sa de chibrituri. \u021ainuta \u0219i lenjeria sunt realizate din materiale cu imprimeuri unice \u0219i culori frumoase. Setul include dou\u0103 m\u0103\u0219ti \u2013 una pentru [&hellip;]<\/p>\n","protected":false},"featured_media":32682,"comment_status":"open","ping_status":"closed","template":"","meta":{"site-sidebar-layout":"default","site-content-layout":"","ast-site-content-layout":"default","site-content-style":"default","site-sidebar-style":"default","ast-global-header-display":"","ast-banner-title-visibility":"","ast-main-header-display":"","ast-hfb-above-header-display":"","ast-hfb-below-header-display":"","ast-hfb-mobile-header-display":"","site-post-title":"","ast-breadcrumbs-content":"","ast-featured-img":"","footer-sml-layout":"","theme-transparent-header-meta":"default","adv-header-id-meta":"","stick-header-meta":"default","header-above-stick-meta":"","header-main-stick-meta":"","header-below-stick-meta":"","astra-migrate-meta-layouts":"set","ast-page-background-enabled":"default","ast-page-background-meta":{"desktop":{"background-color":"","background-image":"","background-repeat":"repeat","background-position":"center center","background-size":"auto","background-attachment":"scroll","background-type":"","background-media":"","overlay-type":"","overlay-color":"","overlay-opacity":"","overlay-gradient":""},"tablet":{"background-color":"","background-image":"","background-repeat":"repeat","background-position":"center center","background-size":"auto","background-attachment":"scroll","background-type":"","background-media":"","overlay-type":"","overlay-color":"","overlay-opacity":"","overlay-gradient":""},"mobile":{"background-color":"","background-image":"","background-repeat":"repeat","background-position":"center center","background-size":"auto","background-attachment":"scroll","background-type":"","background-media":"","overlay-type":"","overlay-color":"","overlay-opacity":"","overlay-gradient":""}},"ast-content-background-meta":{"desktop":{"background-color":"var(--ast-global-color-5)","background-image":"","background-repeat":"repeat","background-position":"center center","background-size":"auto","background-attachment":"scroll","background-type":"","background-media":"","overlay-type":"","overlay-color":"","overlay-opacity":"","overlay-gradient":""},"tablet":{"background-color":"var(--ast-global-color-5)","background-image":"","background-repeat":"repeat","background-position":"center center","background-size":"auto","background-attachment":"scroll","background-type":"","background-media":"","overlay-type":"","overlay-color":"","overlay-opacity":"","overlay-gradient":""},"mobile":{"background-color":"var(--ast-global-color-5)","background-image":"","background-repeat":"repeat","background-position":"center center","background-size":"auto","background-attachment":"scroll","background-type":"","background-media":"","overlay-type":"","overlay-color":"","overlay-opacity":"","overlay-gradient":""}}},"product_brand":[],"product_cat":[52,67],"product_tag":[],"class_list":{"0":"post-32591","1":"product","2":"type-product","3":"status-publish","4":"has-post-thumbnail","6":"product_cat-cei-mai-buni-prieteni","7":"product_cat-papusi-adorabile-si-accesoriile-lor-deosebite","8":"desktop-align-left","9":"tablet-align-left","10":"mobile-align-left","11":"ast-product-gallery-layout-horizontal-slider","12":"ast-product-tabs-layout-vertical","13":"ast-qv-on-image","15":"first","16":"instock","17":"shipping-taxable","18":"purchasable","19":"product-type-simple"},"yoast_head":"<!-- This site is optimized with the Yoast SEO plugin v22.6 - https:\/\/yoast.com\/wordpress\/plugins\/seo\/ -->\n<title>Super hero mouse, Little brother in matchbox - Maileg<\/title>\n<meta name=\"robots\" content=\"index, follow, max-snippet:-1, max-image-preview:large, max-video-preview:-1\" \/>\n<link rel=\"canonical\" href=\"https:\/\/bunnyboo.ro\/produs\/super-hero-mouse-little-brother-in-matchbox-maileg\/\" \/>\n<meta property=\"og:locale\" content=\"en_US\" \/>\n<meta property=\"og:type\" content=\"article\" \/>\n<meta property=\"og:title\" content=\"Super hero mouse, Little brother in matchbox - Maileg\" \/>\n<meta property=\"og:description\" content=\"\u0218oricel Super Erou \u2013 Little Brother \u00een Cutie de Chibrituri Un articol clasic Maileg. Acest \u0219oricel este gata pentru ore \u00eentregi de joac\u0103 \u0219i aventuri eroice, iar seara adoarme lini\u0219tit \u00een cutia sa de chibrituri. \u021ainuta \u0219i lenjeria sunt realizate din materiale cu imprimeuri unice \u0219i culori frumoase. Setul include dou\u0103 m\u0103\u0219ti \u2013 una pentru [&hellip;]\" \/>\n<meta property=\"og:url\" content=\"https:\/\/bunnyboo.ro\/produs\/super-hero-mouse-little-brother-in-matchbox-maileg\/\" \/>\n<meta property=\"og:site_name\" content=\"Bunny Boo\" \/>\n<meta property=\"article:modified_time\" content=\"2026-02-13T10:34:53+00:00\" \/>\n<meta property=\"og:image\" content=\"https:\/\/bunnyboo.ro\/wp-content\/uploads\/2025\/09\/IMG_1710.png\" \/>\n\t<meta property=\"og:image:width\" content=\"800\" \/>\n\t<meta property=\"og:image:height\" content=\"667\" \/>\n\t<meta property=\"og:image:type\" content=\"image\/png\" \/>\n<meta name=\"twitter:card\" content=\"summary_large_image\" \/>\n<meta name=\"twitter:label1\" content=\"Est. reading time\" \/>\n\t<meta name=\"twitter:data1\" content=\"1 minute\" \/>\n<script type=\"application\/ld+json\" class=\"yoast-schema-graph\">{\"@context\":\"https:\/\/schema.org\",\"@graph\":[{\"@type\":\"WebPage\",\"@id\":\"https:\/\/bunnyboo.ro\/produs\/super-hero-mouse-little-brother-in-matchbox-maileg\/\",\"url\":\"https:\/\/bunnyboo.ro\/produs\/super-hero-mouse-little-brother-in-matchbox-maileg\/\",\"name\":\"Super hero mouse, Little brother in matchbox - Maileg\",\"isPartOf\":{\"@id\":\"https:\/\/bunnyboo.ro\/#website\"},\"primaryImageOfPage\":{\"@id\":\"https:\/\/bunnyboo.ro\/produs\/super-hero-mouse-little-brother-in-matchbox-maileg\/#primaryimage\"},\"image\":{\"@id\":\"https:\/\/bunnyboo.ro\/produs\/super-hero-mouse-little-brother-in-matchbox-maileg\/#primaryimage\"},\"thumbnailUrl\":\"https:\/\/bunnyboo.ro\/wp-content\/uploads\/2025\/09\/IMG_1710.png\",\"datePublished\":\"2025-09-17T08:16:19+00:00\",\"dateModified\":\"2026-02-13T10:34:53+00:00\",\"breadcrumb\":{\"@id\":\"https:\/\/bunnyboo.ro\/produs\/super-hero-mouse-little-brother-in-matchbox-maileg\/#breadcrumb\"},\"inLanguage\":\"en-US\",\"potentialAction\":[{\"@type\":\"ReadAction\",\"target\":[\"https:\/\/bunnyboo.ro\/produs\/super-hero-mouse-little-brother-in-matchbox-maileg\/\"]}]},{\"@type\":\"ImageObject\",\"inLanguage\":\"en-US\",\"@id\":\"https:\/\/bunnyboo.ro\/produs\/super-hero-mouse-little-brother-in-matchbox-maileg\/#primaryimage\",\"url\":\"https:\/\/bunnyboo.ro\/wp-content\/uploads\/2025\/09\/IMG_1710.png\",\"contentUrl\":\"https:\/\/bunnyboo.ro\/wp-content\/uploads\/2025\/09\/IMG_1710.png\",\"width\":800,\"height\":667},{\"@type\":\"BreadcrumbList\",\"@id\":\"https:\/\/bunnyboo.ro\/produs\/super-hero-mouse-little-brother-in-matchbox-maileg\/#breadcrumb\",\"itemListElement\":[{\"@type\":\"ListItem\",\"position\":1,\"name\":\"Home\",\"item\":\"https:\/\/bunnyboo.ro\/en\/\"},{\"@type\":\"ListItem\",\"position\":2,\"name\":\"New\",\"item\":\"https:\/\/bunnyboo.ro\/en\/shop\/\"},{\"@type\":\"ListItem\",\"position\":3,\"name\":\"Super hero mouse, Little brother in matchbox &#8211; Maileg\"}]},{\"@type\":\"WebSite\",\"@id\":\"https:\/\/bunnyboo.ro\/#website\",\"url\":\"https:\/\/bunnyboo.ro\/\",\"name\":\"Bunny Boo\",\"description\":\"Bunny Boo\",\"publisher\":{\"@id\":\"https:\/\/bunnyboo.ro\/#organization\"},\"potentialAction\":[{\"@type\":\"SearchAction\",\"target\":{\"@type\":\"EntryPoint\",\"urlTemplate\":\"https:\/\/bunnyboo.ro\/?s={search_term_string}\"},\"query-input\":\"required name=search_term_string\"}],\"inLanguage\":\"en-US\"},{\"@type\":\"Organization\",\"@id\":\"https:\/\/bunnyboo.ro\/#organization\",\"name\":\"Bunny Boo\",\"url\":\"https:\/\/bunnyboo.ro\/\",\"logo\":{\"@type\":\"ImageObject\",\"inLanguage\":\"en-US\",\"@id\":\"https:\/\/bunnyboo.ro\/#\/schema\/logo\/image\/\",\"url\":\"https:\/\/bunnyboo.ro\/wp-content\/uploads\/2024\/03\/Logo-website-black.png\",\"contentUrl\":\"https:\/\/bunnyboo.ro\/wp-content\/uploads\/2024\/03\/Logo-website-black.png\",\"width\":2422,\"height\":946,\"caption\":\"Bunny Boo\"},\"image\":{\"@id\":\"https:\/\/bunnyboo.ro\/#\/schema\/logo\/image\/\"}}]}<\/script>\n<!-- \/ Yoast SEO plugin. -->","yoast_head_json":{"title":"Super hero mouse, Little brother in matchbox - Maileg","robots":{"index":"index","follow":"follow","max-snippet":"max-snippet:-1","max-image-preview":"max-image-preview:large","max-video-preview":"max-video-preview:-1"},"canonical":"https:\/\/bunnyboo.ro\/produs\/super-hero-mouse-little-brother-in-matchbox-maileg\/","og_locale":"en_US","og_type":"article","og_title":"Super hero mouse, Little brother in matchbox - Maileg","og_description":"\u0218oricel Super Erou \u2013 Little Brother \u00een Cutie de Chibrituri Un articol clasic Maileg. Acest \u0219oricel este gata pentru ore \u00eentregi de joac\u0103 \u0219i aventuri eroice, iar seara adoarme lini\u0219tit \u00een cutia sa de chibrituri. \u021ainuta \u0219i lenjeria sunt realizate din materiale cu imprimeuri unice \u0219i culori frumoase. Setul include dou\u0103 m\u0103\u0219ti \u2013 una pentru [&hellip;]","og_url":"https:\/\/bunnyboo.ro\/produs\/super-hero-mouse-little-brother-in-matchbox-maileg\/","og_site_name":"Bunny Boo","article_modified_time":"2026-02-13T10:34:53+00:00","og_image":[{"width":800,"height":667,"url":"https:\/\/bunnyboo.ro\/wp-content\/uploads\/2025\/09\/IMG_1710.png","type":"image\/png"}],"twitter_card":"summary_large_image","twitter_misc":{"Est. reading time":"1 minute"},"schema":{"@context":"https:\/\/schema.org","@graph":[{"@type":"WebPage","@id":"https:\/\/bunnyboo.ro\/produs\/super-hero-mouse-little-brother-in-matchbox-maileg\/","url":"https:\/\/bunnyboo.ro\/produs\/super-hero-mouse-little-brother-in-matchbox-maileg\/","name":"Super hero mouse, Little brother in matchbox - Maileg","isPartOf":{"@id":"https:\/\/bunnyboo.ro\/#website"},"primaryImageOfPage":{"@id":"https:\/\/bunnyboo.ro\/produs\/super-hero-mouse-little-brother-in-matchbox-maileg\/#primaryimage"},"image":{"@id":"https:\/\/bunnyboo.ro\/produs\/super-hero-mouse-little-brother-in-matchbox-maileg\/#primaryimage"},"thumbnailUrl":"https:\/\/bunnyboo.ro\/wp-content\/uploads\/2025\/09\/IMG_1710.png","datePublished":"2025-09-17T08:16:19+00:00","dateModified":"2026-02-13T10:34:53+00:00","breadcrumb":{"@id":"https:\/\/bunnyboo.ro\/produs\/super-hero-mouse-little-brother-in-matchbox-maileg\/#breadcrumb"},"inLanguage":"en-US","potentialAction":[{"@type":"ReadAction","target":["https:\/\/bunnyboo.ro\/produs\/super-hero-mouse-little-brother-in-matchbox-maileg\/"]}]},{"@type":"ImageObject","inLanguage":"en-US","@id":"https:\/\/bunnyboo.ro\/produs\/super-hero-mouse-little-brother-in-matchbox-maileg\/#primaryimage","url":"https:\/\/bunnyboo.ro\/wp-content\/uploads\/2025\/09\/IMG_1710.png","contentUrl":"https:\/\/bunnyboo.ro\/wp-content\/uploads\/2025\/09\/IMG_1710.png","width":800,"height":667},{"@type":"BreadcrumbList","@id":"https:\/\/bunnyboo.ro\/produs\/super-hero-mouse-little-brother-in-matchbox-maileg\/#breadcrumb","itemListElement":[{"@type":"ListItem","position":1,"name":"Home","item":"https:\/\/bunnyboo.ro\/en\/"},{"@type":"ListItem","position":2,"name":"New","item":"https:\/\/bunnyboo.ro\/en\/shop\/"},{"@type":"ListItem","position":3,"name":"Super hero mouse, Little brother in matchbox &#8211; Maileg"}]},{"@type":"WebSite","@id":"https:\/\/bunnyboo.ro\/#website","url":"https:\/\/bunnyboo.ro\/","name":"Bunny Boo","description":"Bunny Boo","publisher":{"@id":"https:\/\/bunnyboo.ro\/#organization"},"potentialAction":[{"@type":"SearchAction","target":{"@type":"EntryPoint","urlTemplate":"https:\/\/bunnyboo.ro\/?s={search_term_string}"},"query-input":"required name=search_term_string"}],"inLanguage":"en-US"},{"@type":"Organization","@id":"https:\/\/bunnyboo.ro\/#organization","name":"Bunny Boo","url":"https:\/\/bunnyboo.ro\/","logo":{"@type":"ImageObject","inLanguage":"en-US","@id":"https:\/\/bunnyboo.ro\/#\/schema\/logo\/image\/","url":"https:\/\/bunnyboo.ro\/wp-content\/uploads\/2024\/03\/Logo-website-black.png","contentUrl":"https:\/\/bunnyboo.ro\/wp-content\/uploads\/2024\/03\/Logo-website-black.png","width":2422,"height":946,"caption":"Bunny Boo"},"image":{"@id":"https:\/\/bunnyboo.ro\/#\/schema\/logo\/image\/"}}]}},"_links":{"self":[{"href":"https:\/\/bunnyboo.ro\/en\/wp-json\/wp\/v2\/product\/32591","targetHints":{"allow":["GET"]}}],"collection":[{"href":"https:\/\/bunnyboo.ro\/en\/wp-json\/wp\/v2\/product"}],"about":[{"href":"https:\/\/bunnyboo.ro\/en\/wp-json\/wp\/v2\/types\/product"}],"replies":[{"embeddable":true,"href":"https:\/\/bunnyboo.ro\/en\/wp-json\/wp\/v2\/comments?post=32591"}],"wp:featuredmedia":[{"embeddable":true,"href":"https:\/\/bunnyboo.ro\/en\/wp-json\/wp\/v2\/media\/32682"}],"wp:attachment":[{"href":"https:\/\/bunnyboo.ro\/en\/wp-json\/wp\/v2\/media?parent=32591"}],"wp:term":[{"taxonomy":"product_brand","embeddable":true,"href":"https:\/\/bunnyboo.ro\/en\/wp-json\/wp\/v2\/product_brand?post=32591"},{"taxonomy":"product_cat","embeddable":true,"href":"https:\/\/bunnyboo.ro\/en\/wp-json\/wp\/v2\/product_cat?post=32591"},{"taxonomy":"product_tag","embeddable":true,"href":"https:\/\/bunnyboo.ro\/en\/wp-json\/wp\/v2\/product_tag?post=32591"}],"curies":[{"name":"wp","href":"https:\/\/api.w.org\/{rel}","templated":true}]}}