{"id":3246,"date":"2021-09-24T16:21:43","date_gmt":"2021-09-24T16:21:43","guid":{"rendered":"https:\/\/bunnyboo.ro\/product\/raft-train-express-to-fantasy-dusty-rose-version\/"},"modified":"2021-09-24T16:21:43","modified_gmt":"2021-09-24T16:21:43","slug":"raft-train-express-to-fantasy-dusty-rose-version","status":"publish","type":"product","link":"https:\/\/bunnyboo.ro\/en\/produs\/raft-train-express-to-fantasy-dusty-rose-version\/","title":{"rendered":"Raft Train ,,Express to fantasy&#8221; dusty rose"},"content":{"rendered":"<div>,,Express to fantasy\u201d ia la bord pe toat\u0103 lumea: zebre, elefan\u021bi, juc\u0103rii, marionete, jocuri, baghete magice \u0219i c\u0103r\u021bi. Chiar \u0219i girafele \u00eencap \u00een vagoanele deschise \u0219i maimu\u021bele pot urca barele. Acest tren colorat face ca fiecare c\u0103l\u0103torie s\u0103 fie frumoas\u0103, indiferent unde te duci, chiar si p\u00e2n\u0103 in cel mai indepartat tinut. Trenul de circ este format dintr-o locomotiv\u0103 \u0219i 4 vagoane. Pe ultimul vagon sunt 2 baloane at\u00e2rnate pe fire sub\u021biri. De asemenea, acestea se pot inlatura.&nbsp;<\/div>\n<div><\/div>\n<div>Dimensiune pentru toate cele 4 vagoane: 140 cm (vagoanele sunt m\u0103surate cu o raz\u0103 de 5 cm \u00eentre fiecare vagon)&nbsp;<\/div>\n<div>Locomotiv\u0103: 33 cm x 29 cm x 20 cm&nbsp;<\/div>\n<div>Vagon nr. 1: 25 cm x 24 cm x 20 cm&nbsp;<\/div>\n<div>Vagonul nr. 2: 16 cm x 30 cm x 20 cm<\/div>\n<div>Vagonul nr. 3: 27,5 cm x 25 cm x 20 cm<\/div>\n<div><\/div>\n<div><\/div>\n<div>Material: Placaj de mesteac\u0103n 10 mm&nbsp;<\/div>\n<div><\/div>\n<div>Decoratiunea este vopsit cu vopsea ecologic\u0103, netoxic\u0103 pe baz\u0103 de ap\u0103 (raftul poate fi cur\u0103\u021bat \u00een mod normal, culoarea nu se estompeaz\u0103).<\/div>\n","protected":false},"excerpt":{"rendered":"<p>,,Express to fantasy\u201d ia la bord pe toat\u0103 lumea: zebre, elefan\u021bi, juc\u0103rii, marionete, jocuri, baghete magice \u0219i c\u0103r\u021bi. Chiar \u0219i girafele \u00eencap \u00een vagoanele deschise \u0219i maimu\u021bele pot urca barele. Acest tren colorat face ca fiecare c\u0103l\u0103torie s\u0103 fie frumoas\u0103, indiferent unde te duci, chiar si p\u00e2n\u0103 in cel mai indepartat tinut. Trenul de circ [&hellip;]<\/p>\n","protected":false},"featured_media":3240,"comment_status":"open","ping_status":"closed","template":"","meta":{"site-sidebar-layout":"default","site-content-layout":"","ast-site-content-layout":"","site-content-style":"default","site-sidebar-style":"default","ast-global-header-display":"","ast-banner-title-visibility":"","ast-main-header-display":"","ast-hfb-above-header-display":"","ast-hfb-below-header-display":"","ast-hfb-mobile-header-display":"","site-post-title":"","ast-breadcrumbs-content":"","ast-featured-img":"","footer-sml-layout":"","theme-transparent-header-meta":"","adv-header-id-meta":"","stick-header-meta":"","header-above-stick-meta":"","header-main-stick-meta":"","header-below-stick-meta":"","astra-migrate-meta-layouts":"default","ast-page-background-enabled":"default","ast-page-background-meta":{"desktop":{"background-color":"","background-image":"","background-repeat":"repeat","background-position":"center center","background-size":"auto","background-attachment":"scroll","background-type":"","background-media":"","overlay-type":"","overlay-color":"","overlay-opacity":"","overlay-gradient":""},"tablet":{"background-color":"","background-image":"","background-repeat":"repeat","background-position":"center center","background-size":"auto","background-attachment":"scroll","background-type":"","background-media":"","overlay-type":"","overlay-color":"","overlay-opacity":"","overlay-gradient":""},"mobile":{"background-color":"","background-image":"","background-repeat":"repeat","background-position":"center center","background-size":"auto","background-attachment":"scroll","background-type":"","background-media":"","overlay-type":"","overlay-color":"","overlay-opacity":"","overlay-gradient":""}},"ast-content-background-meta":{"desktop":{"background-color":"var(--ast-global-color-5)","background-image":"","background-repeat":"repeat","background-position":"center center","background-size":"auto","background-attachment":"scroll","background-type":"","background-media":"","overlay-type":"","overlay-color":"","overlay-opacity":"","overlay-gradient":""},"tablet":{"background-color":"var(--ast-global-color-5)","background-image":"","background-repeat":"repeat","background-position":"center center","background-size":"auto","background-attachment":"scroll","background-type":"","background-media":"","overlay-type":"","overlay-color":"","overlay-opacity":"","overlay-gradient":""},"mobile":{"background-color":"var(--ast-global-color-5)","background-image":"","background-repeat":"repeat","background-position":"center center","background-size":"auto","background-attachment":"scroll","background-type":"","background-media":"","overlay-type":"","overlay-color":"","overlay-opacity":"","overlay-gradient":""}}},"product_brand":[],"product_cat":[59,116],"product_tag":[],"class_list":{"0":"post-3246","1":"product","2":"type-product","3":"status-publish","4":"has-post-thumbnail","6":"product_cat-decoratiuni-pentru-o-camera-perfecta","7":"product_cat-etajere-colorate-pentru-camera-copilului","8":"desktop-align-left","9":"tablet-align-left","10":"mobile-align-left","11":"ast-product-gallery-layout-horizontal-slider","12":"ast-product-tabs-layout-vertical","13":"ast-qv-on-image","15":"first","16":"onbackorder","17":"shipping-taxable","18":"purchasable","19":"product-type-simple"},"yoast_head":"<!-- This site is optimized with the Yoast SEO plugin v22.6 - https:\/\/yoast.com\/wordpress\/plugins\/seo\/ -->\n<title>Raft Train ,,Express to fantasy&#039;&#039; dusty rose<\/title>\n<meta name=\"robots\" content=\"index, follow, max-snippet:-1, max-image-preview:large, max-video-preview:-1\" \/>\n<link rel=\"canonical\" href=\"https:\/\/bunnyboo.ro\/produs\/raft-train-express-to-fantasy-dusty-rose-version\/\" \/>\n<meta property=\"og:locale\" content=\"en_US\" \/>\n<meta property=\"og:type\" content=\"article\" \/>\n<meta property=\"og:title\" content=\"Raft Train ,,Express to fantasy&#039;&#039; dusty rose\" \/>\n<meta property=\"og:description\" content=\",,Express to fantasy\u201d ia la bord pe toat\u0103 lumea: zebre, elefan\u021bi, juc\u0103rii, marionete, jocuri, baghete magice \u0219i c\u0103r\u021bi. Chiar \u0219i girafele \u00eencap \u00een vagoanele deschise \u0219i maimu\u021bele pot urca barele. Acest tren colorat face ca fiecare c\u0103l\u0103torie s\u0103 fie frumoas\u0103, indiferent unde te duci, chiar si p\u00e2n\u0103 in cel mai indepartat tinut. Trenul de circ [&hellip;]\" \/>\n<meta property=\"og:url\" content=\"https:\/\/bunnyboo.ro\/produs\/raft-train-express-to-fantasy-dusty-rose-version\/\" \/>\n<meta property=\"og:site_name\" content=\"Bunny Boo\" \/>\n<meta property=\"og:image\" content=\"https:\/\/bunnyboo.ro\/wp-content\/uploads\/2021\/09\/PACKSHOT-train-shelf-DUSTY-ROSE-jpg-2.jpeg\" \/>\n\t<meta property=\"og:image:width\" content=\"1600\" \/>\n\t<meta property=\"og:image:height\" content=\"1200\" \/>\n\t<meta property=\"og:image:type\" content=\"image\/jpeg\" \/>\n<meta name=\"twitter:card\" content=\"summary_large_image\" \/>\n<meta name=\"twitter:label1\" content=\"Est. reading time\" \/>\n\t<meta name=\"twitter:data1\" content=\"1 minute\" \/>\n<script type=\"application\/ld+json\" class=\"yoast-schema-graph\">{\"@context\":\"https:\/\/schema.org\",\"@graph\":[{\"@type\":\"WebPage\",\"@id\":\"https:\/\/bunnyboo.ro\/produs\/raft-train-express-to-fantasy-dusty-rose-version\/\",\"url\":\"https:\/\/bunnyboo.ro\/produs\/raft-train-express-to-fantasy-dusty-rose-version\/\",\"name\":\"Raft Train ,,Express to fantasy'' dusty rose\",\"isPartOf\":{\"@id\":\"https:\/\/bunnyboo.ro\/#website\"},\"primaryImageOfPage\":{\"@id\":\"https:\/\/bunnyboo.ro\/produs\/raft-train-express-to-fantasy-dusty-rose-version\/#primaryimage\"},\"image\":{\"@id\":\"https:\/\/bunnyboo.ro\/produs\/raft-train-express-to-fantasy-dusty-rose-version\/#primaryimage\"},\"thumbnailUrl\":\"https:\/\/bunnyboo.ro\/wp-content\/uploads\/2021\/09\/PACKSHOT-train-shelf-DUSTY-ROSE-jpg-2.jpeg\",\"datePublished\":\"2021-09-24T16:21:43+00:00\",\"dateModified\":\"2021-09-24T16:21:43+00:00\",\"breadcrumb\":{\"@id\":\"https:\/\/bunnyboo.ro\/produs\/raft-train-express-to-fantasy-dusty-rose-version\/#breadcrumb\"},\"inLanguage\":\"en-US\",\"potentialAction\":[{\"@type\":\"ReadAction\",\"target\":[\"https:\/\/bunnyboo.ro\/produs\/raft-train-express-to-fantasy-dusty-rose-version\/\"]}]},{\"@type\":\"ImageObject\",\"inLanguage\":\"en-US\",\"@id\":\"https:\/\/bunnyboo.ro\/produs\/raft-train-express-to-fantasy-dusty-rose-version\/#primaryimage\",\"url\":\"https:\/\/bunnyboo.ro\/wp-content\/uploads\/2021\/09\/PACKSHOT-train-shelf-DUSTY-ROSE-jpg-2.jpeg\",\"contentUrl\":\"https:\/\/bunnyboo.ro\/wp-content\/uploads\/2021\/09\/PACKSHOT-train-shelf-DUSTY-ROSE-jpg-2.jpeg\",\"width\":1600,\"height\":1200,\"caption\":\"PACKSHOT train shelf DUSTY ROSE jpg (2)\"},{\"@type\":\"BreadcrumbList\",\"@id\":\"https:\/\/bunnyboo.ro\/produs\/raft-train-express-to-fantasy-dusty-rose-version\/#breadcrumb\",\"itemListElement\":[{\"@type\":\"ListItem\",\"position\":1,\"name\":\"Home\",\"item\":\"https:\/\/bunnyboo.ro\/en\/\"},{\"@type\":\"ListItem\",\"position\":2,\"name\":\"New\",\"item\":\"https:\/\/bunnyboo.ro\/en\/shop\/\"},{\"@type\":\"ListItem\",\"position\":3,\"name\":\"Raft Train ,,Express to fantasy&#8221; dusty rose\"}]},{\"@type\":\"WebSite\",\"@id\":\"https:\/\/bunnyboo.ro\/#website\",\"url\":\"https:\/\/bunnyboo.ro\/\",\"name\":\"Bunny Boo\",\"description\":\"Bunny Boo\",\"publisher\":{\"@id\":\"https:\/\/bunnyboo.ro\/#organization\"},\"potentialAction\":[{\"@type\":\"SearchAction\",\"target\":{\"@type\":\"EntryPoint\",\"urlTemplate\":\"https:\/\/bunnyboo.ro\/?s={search_term_string}\"},\"query-input\":\"required name=search_term_string\"}],\"inLanguage\":\"en-US\"},{\"@type\":\"Organization\",\"@id\":\"https:\/\/bunnyboo.ro\/#organization\",\"name\":\"Bunny Boo\",\"url\":\"https:\/\/bunnyboo.ro\/\",\"logo\":{\"@type\":\"ImageObject\",\"inLanguage\":\"en-US\",\"@id\":\"https:\/\/bunnyboo.ro\/#\/schema\/logo\/image\/\",\"url\":\"https:\/\/bunnyboo.ro\/wp-content\/uploads\/2024\/03\/Logo-website-black.png\",\"contentUrl\":\"https:\/\/bunnyboo.ro\/wp-content\/uploads\/2024\/03\/Logo-website-black.png\",\"width\":2422,\"height\":946,\"caption\":\"Bunny Boo\"},\"image\":{\"@id\":\"https:\/\/bunnyboo.ro\/#\/schema\/logo\/image\/\"}}]}<\/script>\n<!-- \/ Yoast SEO plugin. -->","yoast_head_json":{"title":"Raft Train ,,Express to fantasy'' dusty rose","robots":{"index":"index","follow":"follow","max-snippet":"max-snippet:-1","max-image-preview":"max-image-preview:large","max-video-preview":"max-video-preview:-1"},"canonical":"https:\/\/bunnyboo.ro\/produs\/raft-train-express-to-fantasy-dusty-rose-version\/","og_locale":"en_US","og_type":"article","og_title":"Raft Train ,,Express to fantasy'' dusty rose","og_description":",,Express to fantasy\u201d ia la bord pe toat\u0103 lumea: zebre, elefan\u021bi, juc\u0103rii, marionete, jocuri, baghete magice \u0219i c\u0103r\u021bi. Chiar \u0219i girafele \u00eencap \u00een vagoanele deschise \u0219i maimu\u021bele pot urca barele. Acest tren colorat face ca fiecare c\u0103l\u0103torie s\u0103 fie frumoas\u0103, indiferent unde te duci, chiar si p\u00e2n\u0103 in cel mai indepartat tinut. Trenul de circ [&hellip;]","og_url":"https:\/\/bunnyboo.ro\/produs\/raft-train-express-to-fantasy-dusty-rose-version\/","og_site_name":"Bunny Boo","og_image":[{"width":1600,"height":1200,"url":"https:\/\/bunnyboo.ro\/wp-content\/uploads\/2021\/09\/PACKSHOT-train-shelf-DUSTY-ROSE-jpg-2.jpeg","type":"image\/jpeg"}],"twitter_card":"summary_large_image","twitter_misc":{"Est. reading time":"1 minute"},"schema":{"@context":"https:\/\/schema.org","@graph":[{"@type":"WebPage","@id":"https:\/\/bunnyboo.ro\/produs\/raft-train-express-to-fantasy-dusty-rose-version\/","url":"https:\/\/bunnyboo.ro\/produs\/raft-train-express-to-fantasy-dusty-rose-version\/","name":"Raft Train ,,Express to fantasy'' dusty rose","isPartOf":{"@id":"https:\/\/bunnyboo.ro\/#website"},"primaryImageOfPage":{"@id":"https:\/\/bunnyboo.ro\/produs\/raft-train-express-to-fantasy-dusty-rose-version\/#primaryimage"},"image":{"@id":"https:\/\/bunnyboo.ro\/produs\/raft-train-express-to-fantasy-dusty-rose-version\/#primaryimage"},"thumbnailUrl":"https:\/\/bunnyboo.ro\/wp-content\/uploads\/2021\/09\/PACKSHOT-train-shelf-DUSTY-ROSE-jpg-2.jpeg","datePublished":"2021-09-24T16:21:43+00:00","dateModified":"2021-09-24T16:21:43+00:00","breadcrumb":{"@id":"https:\/\/bunnyboo.ro\/produs\/raft-train-express-to-fantasy-dusty-rose-version\/#breadcrumb"},"inLanguage":"en-US","potentialAction":[{"@type":"ReadAction","target":["https:\/\/bunnyboo.ro\/produs\/raft-train-express-to-fantasy-dusty-rose-version\/"]}]},{"@type":"ImageObject","inLanguage":"en-US","@id":"https:\/\/bunnyboo.ro\/produs\/raft-train-express-to-fantasy-dusty-rose-version\/#primaryimage","url":"https:\/\/bunnyboo.ro\/wp-content\/uploads\/2021\/09\/PACKSHOT-train-shelf-DUSTY-ROSE-jpg-2.jpeg","contentUrl":"https:\/\/bunnyboo.ro\/wp-content\/uploads\/2021\/09\/PACKSHOT-train-shelf-DUSTY-ROSE-jpg-2.jpeg","width":1600,"height":1200,"caption":"PACKSHOT train shelf DUSTY ROSE jpg (2)"},{"@type":"BreadcrumbList","@id":"https:\/\/bunnyboo.ro\/produs\/raft-train-express-to-fantasy-dusty-rose-version\/#breadcrumb","itemListElement":[{"@type":"ListItem","position":1,"name":"Home","item":"https:\/\/bunnyboo.ro\/en\/"},{"@type":"ListItem","position":2,"name":"New","item":"https:\/\/bunnyboo.ro\/en\/shop\/"},{"@type":"ListItem","position":3,"name":"Raft Train ,,Express to fantasy&#8221; dusty rose"}]},{"@type":"WebSite","@id":"https:\/\/bunnyboo.ro\/#website","url":"https:\/\/bunnyboo.ro\/","name":"Bunny Boo","description":"Bunny Boo","publisher":{"@id":"https:\/\/bunnyboo.ro\/#organization"},"potentialAction":[{"@type":"SearchAction","target":{"@type":"EntryPoint","urlTemplate":"https:\/\/bunnyboo.ro\/?s={search_term_string}"},"query-input":"required name=search_term_string"}],"inLanguage":"en-US"},{"@type":"Organization","@id":"https:\/\/bunnyboo.ro\/#organization","name":"Bunny Boo","url":"https:\/\/bunnyboo.ro\/","logo":{"@type":"ImageObject","inLanguage":"en-US","@id":"https:\/\/bunnyboo.ro\/#\/schema\/logo\/image\/","url":"https:\/\/bunnyboo.ro\/wp-content\/uploads\/2024\/03\/Logo-website-black.png","contentUrl":"https:\/\/bunnyboo.ro\/wp-content\/uploads\/2024\/03\/Logo-website-black.png","width":2422,"height":946,"caption":"Bunny Boo"},"image":{"@id":"https:\/\/bunnyboo.ro\/#\/schema\/logo\/image\/"}}]}},"_links":{"self":[{"href":"https:\/\/bunnyboo.ro\/en\/wp-json\/wp\/v2\/product\/3246","targetHints":{"allow":["GET"]}}],"collection":[{"href":"https:\/\/bunnyboo.ro\/en\/wp-json\/wp\/v2\/product"}],"about":[{"href":"https:\/\/bunnyboo.ro\/en\/wp-json\/wp\/v2\/types\/product"}],"replies":[{"embeddable":true,"href":"https:\/\/bunnyboo.ro\/en\/wp-json\/wp\/v2\/comments?post=3246"}],"wp:featuredmedia":[{"embeddable":true,"href":"https:\/\/bunnyboo.ro\/en\/wp-json\/wp\/v2\/media\/3240"}],"wp:attachment":[{"href":"https:\/\/bunnyboo.ro\/en\/wp-json\/wp\/v2\/media?parent=3246"}],"wp:term":[{"taxonomy":"product_brand","embeddable":true,"href":"https:\/\/bunnyboo.ro\/en\/wp-json\/wp\/v2\/product_brand?post=3246"},{"taxonomy":"product_cat","embeddable":true,"href":"https:\/\/bunnyboo.ro\/en\/wp-json\/wp\/v2\/product_cat?post=3246"},{"taxonomy":"product_tag","embeddable":true,"href":"https:\/\/bunnyboo.ro\/en\/wp-json\/wp\/v2\/product_tag?post=3246"}],"curies":[{"name":"wp","href":"https:\/\/api.w.org\/{rel}","templated":true}]}}