{"id":32458,"date":"2025-09-15T13:07:15","date_gmt":"2025-09-15T10:07:15","guid":{"rendered":"https:\/\/bunnyboo.ro\/?post_type=product&#038;p=32458"},"modified":"2026-02-24T13:34:39","modified_gmt":"2026-02-24T11:34:39","slug":"pompa-meteor-all-cu-furtun-flexibil","status":"publish","type":"product","link":"https:\/\/bunnyboo.ro\/en\/produs\/pompa-meteor-all-cu-furtun-flexibil\/","title":{"rendered":"Pomp\u0103 pentru baloane"},"content":{"rendered":"<p>POMP\u0102 METEOR ALL CU FURTUN FLEXIBIL<\/p>\n<p>Specifica\u021bii:<\/p>\n<p>&nbsp;<\/p>\n<ul>\n<li>Material: plastic<\/li>\n<li>Lungime total\u0103 pomp\u0103: 30 cm<\/li>\n<li>Lungime furtun: 12 cm<\/li>\n<li>Filet pentru ac: 8 mm<\/li>\n<li>Destinat\u0103 pentru umflarea baloanelor\/mingilor<\/li>\n<\/ul>\n","protected":false},"excerpt":{"rendered":"<p>POMP\u0102 METEOR ALL CU FURTUN FLEXIBIL Specifica\u021bii: &nbsp; Material: plastic Lungime total\u0103 pomp\u0103: 30 cm Lungime furtun: 12 cm Filet pentru ac: 8 mm Destinat\u0103 pentru umflarea baloanelor\/mingilor<\/p>\n","protected":false},"featured_media":34613,"comment_status":"open","ping_status":"closed","template":"","meta":{"site-sidebar-layout":"default","site-content-layout":"","ast-site-content-layout":"default","site-content-style":"default","site-sidebar-style":"default","ast-global-header-display":"","ast-banner-title-visibility":"","ast-main-header-display":"","ast-hfb-above-header-display":"","ast-hfb-below-header-display":"","ast-hfb-mobile-header-display":"","site-post-title":"","ast-breadcrumbs-content":"","ast-featured-img":"","footer-sml-layout":"","theme-transparent-header-meta":"default","adv-header-id-meta":"","stick-header-meta":"default","header-above-stick-meta":"","header-main-stick-meta":"","header-below-stick-meta":"","astra-migrate-meta-layouts":"set","ast-page-background-enabled":"default","ast-page-background-meta":{"desktop":{"background-color":"","background-image":"","background-repeat":"repeat","background-position":"center center","background-size":"auto","background-attachment":"scroll","background-type":"","background-media":"","overlay-type":"","overlay-color":"","overlay-opacity":"","overlay-gradient":""},"tablet":{"background-color":"","background-image":"","background-repeat":"repeat","background-position":"center center","background-size":"auto","background-attachment":"scroll","background-type":"","background-media":"","overlay-type":"","overlay-color":"","overlay-opacity":"","overlay-gradient":""},"mobile":{"background-color":"","background-image":"","background-repeat":"repeat","background-position":"center center","background-size":"auto","background-attachment":"scroll","background-type":"","background-media":"","overlay-type":"","overlay-color":"","overlay-opacity":"","overlay-gradient":""}},"ast-content-background-meta":{"desktop":{"background-color":"var(--ast-global-color-5)","background-image":"","background-repeat":"repeat","background-position":"center center","background-size":"auto","background-attachment":"scroll","background-type":"","background-media":"","overlay-type":"","overlay-color":"","overlay-opacity":"","overlay-gradient":""},"tablet":{"background-color":"var(--ast-global-color-5)","background-image":"","background-repeat":"repeat","background-position":"center center","background-size":"auto","background-attachment":"scroll","background-type":"","background-media":"","overlay-type":"","overlay-color":"","overlay-opacity":"","overlay-gradient":""},"mobile":{"background-color":"var(--ast-global-color-5)","background-image":"","background-repeat":"repeat","background-position":"center center","background-size":"auto","background-attachment":"scroll","background-type":"","background-media":"","overlay-type":"","overlay-color":"","overlay-opacity":"","overlay-gradient":""}}},"product_brand":[],"product_cat":[82],"product_tag":[],"class_list":{"0":"post-32458","1":"product","2":"type-product","3":"status-publish","4":"has-post-thumbnail","6":"product_cat-balon-decorativ-pentru-camera-micutului-tau","7":"desktop-align-left","8":"tablet-align-left","9":"mobile-align-left","10":"ast-product-gallery-layout-horizontal-slider","11":"ast-product-tabs-layout-vertical","12":"ast-qv-on-image","14":"first","15":"instock","16":"shipping-taxable","17":"purchasable","18":"product-type-simple"},"yoast_head":"<!-- This site is optimized with the Yoast SEO plugin v22.6 - https:\/\/yoast.com\/wordpress\/plugins\/seo\/ -->\n<title>Pomp\u0103 pentru baloane<\/title>\n<meta name=\"robots\" content=\"index, follow, max-snippet:-1, max-image-preview:large, max-video-preview:-1\" \/>\n<link rel=\"canonical\" href=\"https:\/\/bunnyboo.ro\/produs\/pompa-meteor-all-cu-furtun-flexibil\/\" \/>\n<meta property=\"og:locale\" content=\"en_US\" \/>\n<meta property=\"og:type\" content=\"article\" \/>\n<meta property=\"og:title\" content=\"Pomp\u0103 pentru baloane\" \/>\n<meta property=\"og:description\" content=\"POMP\u0102 METEOR ALL CU FURTUN FLEXIBIL Specifica\u021bii: &nbsp; Material: plastic Lungime total\u0103 pomp\u0103: 30 cm Lungime furtun: 12 cm Filet pentru ac: 8 mm Destinat\u0103 pentru umflarea baloanelor\/mingilor\" \/>\n<meta property=\"og:url\" content=\"https:\/\/bunnyboo.ro\/produs\/pompa-meteor-all-cu-furtun-flexibil\/\" \/>\n<meta property=\"og:site_name\" content=\"Bunny Boo\" \/>\n<meta property=\"article:modified_time\" content=\"2026-02-24T11:34:39+00:00\" \/>\n<meta property=\"og:image\" content=\"https:\/\/bunnyboo.ro\/wp-content\/uploads\/2025\/09\/j-removebg-preview.png\" \/>\n\t<meta property=\"og:image:width\" content=\"500\" \/>\n\t<meta property=\"og:image:height\" content=\"500\" \/>\n\t<meta property=\"og:image:type\" content=\"image\/png\" \/>\n<meta name=\"twitter:card\" content=\"summary_large_image\" \/>\n<meta name=\"twitter:label1\" content=\"Est. reading time\" \/>\n\t<meta name=\"twitter:data1\" content=\"1 minute\" \/>\n<script type=\"application\/ld+json\" class=\"yoast-schema-graph\">{\"@context\":\"https:\/\/schema.org\",\"@graph\":[{\"@type\":\"WebPage\",\"@id\":\"https:\/\/bunnyboo.ro\/produs\/pompa-meteor-all-cu-furtun-flexibil\/\",\"url\":\"https:\/\/bunnyboo.ro\/produs\/pompa-meteor-all-cu-furtun-flexibil\/\",\"name\":\"Pomp\u0103 pentru baloane\",\"isPartOf\":{\"@id\":\"https:\/\/bunnyboo.ro\/#website\"},\"primaryImageOfPage\":{\"@id\":\"https:\/\/bunnyboo.ro\/produs\/pompa-meteor-all-cu-furtun-flexibil\/#primaryimage\"},\"image\":{\"@id\":\"https:\/\/bunnyboo.ro\/produs\/pompa-meteor-all-cu-furtun-flexibil\/#primaryimage\"},\"thumbnailUrl\":\"https:\/\/bunnyboo.ro\/wp-content\/uploads\/2025\/09\/j-removebg-preview.png\",\"datePublished\":\"2025-09-15T10:07:15+00:00\",\"dateModified\":\"2026-02-24T11:34:39+00:00\",\"breadcrumb\":{\"@id\":\"https:\/\/bunnyboo.ro\/produs\/pompa-meteor-all-cu-furtun-flexibil\/#breadcrumb\"},\"inLanguage\":\"en-US\",\"potentialAction\":[{\"@type\":\"ReadAction\",\"target\":[\"https:\/\/bunnyboo.ro\/produs\/pompa-meteor-all-cu-furtun-flexibil\/\"]}]},{\"@type\":\"ImageObject\",\"inLanguage\":\"en-US\",\"@id\":\"https:\/\/bunnyboo.ro\/produs\/pompa-meteor-all-cu-furtun-flexibil\/#primaryimage\",\"url\":\"https:\/\/bunnyboo.ro\/wp-content\/uploads\/2025\/09\/j-removebg-preview.png\",\"contentUrl\":\"https:\/\/bunnyboo.ro\/wp-content\/uploads\/2025\/09\/j-removebg-preview.png\",\"width\":500,\"height\":500},{\"@type\":\"BreadcrumbList\",\"@id\":\"https:\/\/bunnyboo.ro\/produs\/pompa-meteor-all-cu-furtun-flexibil\/#breadcrumb\",\"itemListElement\":[{\"@type\":\"ListItem\",\"position\":1,\"name\":\"Home\",\"item\":\"https:\/\/bunnyboo.ro\/en\/\"},{\"@type\":\"ListItem\",\"position\":2,\"name\":\"New\",\"item\":\"https:\/\/bunnyboo.ro\/en\/shop\/\"},{\"@type\":\"ListItem\",\"position\":3,\"name\":\"Pomp\u0103 pentru baloane\"}]},{\"@type\":\"WebSite\",\"@id\":\"https:\/\/bunnyboo.ro\/#website\",\"url\":\"https:\/\/bunnyboo.ro\/\",\"name\":\"Bunny Boo\",\"description\":\"Bunny Boo\",\"publisher\":{\"@id\":\"https:\/\/bunnyboo.ro\/#organization\"},\"potentialAction\":[{\"@type\":\"SearchAction\",\"target\":{\"@type\":\"EntryPoint\",\"urlTemplate\":\"https:\/\/bunnyboo.ro\/?s={search_term_string}\"},\"query-input\":\"required name=search_term_string\"}],\"inLanguage\":\"en-US\"},{\"@type\":\"Organization\",\"@id\":\"https:\/\/bunnyboo.ro\/#organization\",\"name\":\"Bunny Boo\",\"url\":\"https:\/\/bunnyboo.ro\/\",\"logo\":{\"@type\":\"ImageObject\",\"inLanguage\":\"en-US\",\"@id\":\"https:\/\/bunnyboo.ro\/#\/schema\/logo\/image\/\",\"url\":\"https:\/\/bunnyboo.ro\/wp-content\/uploads\/2024\/03\/Logo-website-black.png\",\"contentUrl\":\"https:\/\/bunnyboo.ro\/wp-content\/uploads\/2024\/03\/Logo-website-black.png\",\"width\":2422,\"height\":946,\"caption\":\"Bunny Boo\"},\"image\":{\"@id\":\"https:\/\/bunnyboo.ro\/#\/schema\/logo\/image\/\"}}]}<\/script>\n<!-- \/ Yoast SEO plugin. -->","yoast_head_json":{"title":"Pomp\u0103 pentru baloane","robots":{"index":"index","follow":"follow","max-snippet":"max-snippet:-1","max-image-preview":"max-image-preview:large","max-video-preview":"max-video-preview:-1"},"canonical":"https:\/\/bunnyboo.ro\/produs\/pompa-meteor-all-cu-furtun-flexibil\/","og_locale":"en_US","og_type":"article","og_title":"Pomp\u0103 pentru baloane","og_description":"POMP\u0102 METEOR ALL CU FURTUN FLEXIBIL Specifica\u021bii: &nbsp; Material: plastic Lungime total\u0103 pomp\u0103: 30 cm Lungime furtun: 12 cm Filet pentru ac: 8 mm Destinat\u0103 pentru umflarea baloanelor\/mingilor","og_url":"https:\/\/bunnyboo.ro\/produs\/pompa-meteor-all-cu-furtun-flexibil\/","og_site_name":"Bunny Boo","article_modified_time":"2026-02-24T11:34:39+00:00","og_image":[{"width":500,"height":500,"url":"https:\/\/bunnyboo.ro\/wp-content\/uploads\/2025\/09\/j-removebg-preview.png","type":"image\/png"}],"twitter_card":"summary_large_image","twitter_misc":{"Est. reading time":"1 minute"},"schema":{"@context":"https:\/\/schema.org","@graph":[{"@type":"WebPage","@id":"https:\/\/bunnyboo.ro\/produs\/pompa-meteor-all-cu-furtun-flexibil\/","url":"https:\/\/bunnyboo.ro\/produs\/pompa-meteor-all-cu-furtun-flexibil\/","name":"Pomp\u0103 pentru baloane","isPartOf":{"@id":"https:\/\/bunnyboo.ro\/#website"},"primaryImageOfPage":{"@id":"https:\/\/bunnyboo.ro\/produs\/pompa-meteor-all-cu-furtun-flexibil\/#primaryimage"},"image":{"@id":"https:\/\/bunnyboo.ro\/produs\/pompa-meteor-all-cu-furtun-flexibil\/#primaryimage"},"thumbnailUrl":"https:\/\/bunnyboo.ro\/wp-content\/uploads\/2025\/09\/j-removebg-preview.png","datePublished":"2025-09-15T10:07:15+00:00","dateModified":"2026-02-24T11:34:39+00:00","breadcrumb":{"@id":"https:\/\/bunnyboo.ro\/produs\/pompa-meteor-all-cu-furtun-flexibil\/#breadcrumb"},"inLanguage":"en-US","potentialAction":[{"@type":"ReadAction","target":["https:\/\/bunnyboo.ro\/produs\/pompa-meteor-all-cu-furtun-flexibil\/"]}]},{"@type":"ImageObject","inLanguage":"en-US","@id":"https:\/\/bunnyboo.ro\/produs\/pompa-meteor-all-cu-furtun-flexibil\/#primaryimage","url":"https:\/\/bunnyboo.ro\/wp-content\/uploads\/2025\/09\/j-removebg-preview.png","contentUrl":"https:\/\/bunnyboo.ro\/wp-content\/uploads\/2025\/09\/j-removebg-preview.png","width":500,"height":500},{"@type":"BreadcrumbList","@id":"https:\/\/bunnyboo.ro\/produs\/pompa-meteor-all-cu-furtun-flexibil\/#breadcrumb","itemListElement":[{"@type":"ListItem","position":1,"name":"Home","item":"https:\/\/bunnyboo.ro\/en\/"},{"@type":"ListItem","position":2,"name":"New","item":"https:\/\/bunnyboo.ro\/en\/shop\/"},{"@type":"ListItem","position":3,"name":"Pomp\u0103 pentru baloane"}]},{"@type":"WebSite","@id":"https:\/\/bunnyboo.ro\/#website","url":"https:\/\/bunnyboo.ro\/","name":"Bunny Boo","description":"Bunny Boo","publisher":{"@id":"https:\/\/bunnyboo.ro\/#organization"},"potentialAction":[{"@type":"SearchAction","target":{"@type":"EntryPoint","urlTemplate":"https:\/\/bunnyboo.ro\/?s={search_term_string}"},"query-input":"required name=search_term_string"}],"inLanguage":"en-US"},{"@type":"Organization","@id":"https:\/\/bunnyboo.ro\/#organization","name":"Bunny Boo","url":"https:\/\/bunnyboo.ro\/","logo":{"@type":"ImageObject","inLanguage":"en-US","@id":"https:\/\/bunnyboo.ro\/#\/schema\/logo\/image\/","url":"https:\/\/bunnyboo.ro\/wp-content\/uploads\/2024\/03\/Logo-website-black.png","contentUrl":"https:\/\/bunnyboo.ro\/wp-content\/uploads\/2024\/03\/Logo-website-black.png","width":2422,"height":946,"caption":"Bunny Boo"},"image":{"@id":"https:\/\/bunnyboo.ro\/#\/schema\/logo\/image\/"}}]}},"_links":{"self":[{"href":"https:\/\/bunnyboo.ro\/en\/wp-json\/wp\/v2\/product\/32458","targetHints":{"allow":["GET"]}}],"collection":[{"href":"https:\/\/bunnyboo.ro\/en\/wp-json\/wp\/v2\/product"}],"about":[{"href":"https:\/\/bunnyboo.ro\/en\/wp-json\/wp\/v2\/types\/product"}],"replies":[{"embeddable":true,"href":"https:\/\/bunnyboo.ro\/en\/wp-json\/wp\/v2\/comments?post=32458"}],"wp:featuredmedia":[{"embeddable":true,"href":"https:\/\/bunnyboo.ro\/en\/wp-json\/wp\/v2\/media\/34613"}],"wp:attachment":[{"href":"https:\/\/bunnyboo.ro\/en\/wp-json\/wp\/v2\/media?parent=32458"}],"wp:term":[{"taxonomy":"product_brand","embeddable":true,"href":"https:\/\/bunnyboo.ro\/en\/wp-json\/wp\/v2\/product_brand?post=32458"},{"taxonomy":"product_cat","embeddable":true,"href":"https:\/\/bunnyboo.ro\/en\/wp-json\/wp\/v2\/product_cat?post=32458"},{"taxonomy":"product_tag","embeddable":true,"href":"https:\/\/bunnyboo.ro\/en\/wp-json\/wp\/v2\/product_tag?post=32458"}],"curies":[{"name":"wp","href":"https:\/\/api.w.org\/{rel}","templated":true}]}}