{"id":32432,"date":"2025-09-15T12:15:49","date_gmt":"2025-09-15T09:15:49","guid":{"rendered":"https:\/\/bunnyboo.ro\/?post_type=product&#038;p=32432"},"modified":"2026-03-26T11:47:26","modified_gmt":"2026-03-26T09:47:26","slug":"costum-de-zapada-hero-fred","status":"publish","type":"product","link":"https:\/\/bunnyboo.ro\/en\/produs\/costum-de-zapada-hero-fred\/","title":{"rendered":"Costum de Zapada Hero Fred"},"content":{"rendered":"<p>Costumul de zapada este perfect pentru plimb\u0103rile de iarn\u0103. El mentine caldura corpului pe orice vreme \u0219i \u00eel protejeaz\u0103 de v\u00e2nt, ploaie \u0219i z\u0103pad\u0103.<\/p>\n<div>Costumul de z\u0103pad\u0103 este fabricat dintr-o \u021bes\u0103tur\u0103 rezistent\u0103 la ap\u0103. Datorit\u0103 v\u0103t\u0103turii Rayon de ultim\u0103 genera\u021bie, hipoalergenica, realizata din fibre ultra-subtiri care reproduc cu acuratete structura pufului natural, costumul de z\u0103pad\u0103 il v\u0103 men\u021bine pe cel mic cald la temperaturi de p\u00e2n\u0103 la minus 25-30\u00b0\u0421. Toate cus\u0103turile sunt termoizolate \u0219i impermeabile.<\/div>\n<div><\/div>\n<div>Datorit\u0103 man\u0219etelor de pe m\u00e2neci \u0219i pantaloni, nu trebuie s\u0103 v\u0103 face\u021bi griji cu privire la p\u0103trunderea aerului rece, \u00een timp ce bretelele deta\u0219abile din silicon v\u0103 ajut\u0103 s\u0103 asigura\u021bi picioarele pantalonilor peste pantofii micutului. Gluga este detasabila si se fixeaza cu capse.<\/div>\n<div><\/div>\n<div>Utilizare:<\/div>\n<div>Acest costum de z\u0103pad\u0103 este perfect pentru plimb\u0103rile de toamn\u0103, iarn\u0103 \u0219i prim\u0103var\u0103.<\/div>\n<div><\/div>\n<div>Caracteristici:<\/div>\n<div>\u2022 Cus\u0103turi impermeabile.<\/div>\n<div>\u2022 C\u0103ptu\u0219eal\u0103 neted\u0103.<\/div>\n<div>\u2022 Man\u0219ete elastice pe m\u00e2neci \u0219i pantaloni.<\/div>\n<div>\u2022 Curele de picior deta\u0219abile \u0219i reglabile care fixeaz\u0103 costumul de z\u0103pad\u0103 peste pantofii celui mic.<\/div>\n<div>\u2022 Gluga deta\u0219abil\u0103 fixat\u0103 cu capse.<\/div>\n<div>\u2022 Mai multe dungi reflectorizante.<\/div>\n<div>\u2022 Etichet\u0103 pentru nume pe spate.<\/div>\n<div><\/div>\n<div>Marimi:<\/div>\n<div>\n<div>M\u0103rime 74 \/ V\u00e2rst\u0103 9-12 luni \/ \u00cen\u0103l\u021bime 74-80 cm<\/div>\n<div>M\u0103rime 80 \/ V\u00e2rst\u0103 12\u201318 luni \/ \u00cen\u0103l\u021bime 80\u201386 cm<\/div>\n<div>M\u0103rime 86 \/ V\u00e2rst\u0103 18\u201324 luni \/ \u00cen\u0103l\u021bime 86-92 cm<\/div>\n<div>M\u0103rime 92 \/ V\u00e2rst\u0103 2-3 ani \/ \u00cen\u0103l\u021bime 92-98 cm<\/div>\n<div>M\u0103rime 98 \/ V\u00e2rst\u0103 3-4 ani \/ \u00cen\u0103l\u021bime 98-104 cm<\/div>\n<div>M\u0103rime 104 \/ V\u00e2rst\u0103 4-5 ani \/ \u00cen\u0103l\u021bime 104-110 cm<\/div>\n<\/div>\n<div><\/div>\n<div>Materiale:<\/div>\n<div>Partea superioar\u0103: \u021bes\u0103tur\u0103 rezistent\u0103 la ap\u0103 de 8.000 mm,\u00a0<span style=\"text-size-adjust: 100%;\">5.000g\/m2\/24 ore membran\u0103 permeabil\u0103 la vapori<\/span><\/div>\n<div>C\u0103ptu\u0219eal\u0103: 100% poliester<\/div>\n<div>Umplutur\u0103: vat\u0103 de nailon ultramodern\u0103, din fibre ultrafine<\/div>\n<div>Accesorii: curele din silicon pentru picioare, capse metalice, fermoare din plastic.<\/div>\n<div><\/div>\n<div>\u00cengrijire:<\/div>\n<div>Este usor de intretinut, se poate spala la masina de spalat haine, la maxim 30 de grade, max 600 rotatii pe minut, p<span style=\"text-size-adjust: 100%;\">re-sp\u0103larea si spalarea separata fiind recomandate.<\/span><\/div>\n<div>\u00cenainte de sp\u0103lare, asigura\u021bi-v\u0103 c\u0103 fermoarele si capsele sunt inchise, indepartati protectiile din silicon pentru incaltaminte si intoarceti produsul pe dos. Nu se usuca in uscator, nu se foloseste balsam, inalbitor, nu se calca si nu se curata chimic.<\/div>\n","protected":false},"excerpt":{"rendered":"<p>Costumul de zapada este perfect pentru plimb\u0103rile de iarn\u0103. El mentine caldura corpului pe orice vreme \u0219i \u00eel protejeaz\u0103 de v\u00e2nt, ploaie \u0219i z\u0103pad\u0103. Costumul de z\u0103pad\u0103 este fabricat dintr-o \u021bes\u0103tur\u0103 rezistent\u0103 la ap\u0103. Datorit\u0103 v\u0103t\u0103turii Rayon de ultim\u0103 genera\u021bie, hipoalergenica, realizata din fibre ultra-subtiri care reproduc cu acuratete structura pufului natural, costumul de z\u0103pad\u0103 [&hellip;]<\/p>\n","protected":false},"featured_media":32183,"comment_status":"open","ping_status":"closed","template":"","meta":{"site-sidebar-layout":"default","site-content-layout":"","ast-site-content-layout":"default","site-content-style":"default","site-sidebar-style":"default","ast-global-header-display":"","ast-banner-title-visibility":"","ast-main-header-display":"","ast-hfb-above-header-display":"","ast-hfb-below-header-display":"","ast-hfb-mobile-header-display":"","site-post-title":"","ast-breadcrumbs-content":"","ast-featured-img":"","footer-sml-layout":"","theme-transparent-header-meta":"default","adv-header-id-meta":"","stick-header-meta":"default","header-above-stick-meta":"","header-main-stick-meta":"","header-below-stick-meta":"","astra-migrate-meta-layouts":"set","ast-page-background-enabled":"default","ast-page-background-meta":{"desktop":{"background-color":"","background-image":"","background-repeat":"repeat","background-position":"center center","background-size":"auto","background-attachment":"scroll","background-type":"","background-media":"","overlay-type":"","overlay-color":"","overlay-opacity":"","overlay-gradient":""},"tablet":{"background-color":"","background-image":"","background-repeat":"repeat","background-position":"center center","background-size":"auto","background-attachment":"scroll","background-type":"","background-media":"","overlay-type":"","overlay-color":"","overlay-opacity":"","overlay-gradient":""},"mobile":{"background-color":"","background-image":"","background-repeat":"repeat","background-position":"center center","background-size":"auto","background-attachment":"scroll","background-type":"","background-media":"","overlay-type":"","overlay-color":"","overlay-opacity":"","overlay-gradient":""}},"ast-content-background-meta":{"desktop":{"background-color":"var(--ast-global-color-5)","background-image":"","background-repeat":"repeat","background-position":"center center","background-size":"auto","background-attachment":"scroll","background-type":"","background-media":"","overlay-type":"","overlay-color":"","overlay-opacity":"","overlay-gradient":""},"tablet":{"background-color":"var(--ast-global-color-5)","background-image":"","background-repeat":"repeat","background-position":"center center","background-size":"auto","background-attachment":"scroll","background-type":"","background-media":"","overlay-type":"","overlay-color":"","overlay-opacity":"","overlay-gradient":""},"mobile":{"background-color":"var(--ast-global-color-5)","background-image":"","background-repeat":"repeat","background-position":"center center","background-size":"auto","background-attachment":"scroll","background-type":"","background-media":"","overlay-type":"","overlay-color":"","overlay-opacity":"","overlay-gradient":""}}},"product_brand":[],"product_cat":[80],"product_tag":[],"class_list":{"0":"post-32432","1":"product","2":"type-product","3":"status-publish","4":"has-post-thumbnail","6":"product_cat-distractie-maxima-in-zapada","7":"pa_marime-74inaltime74_80cm9_12luni","8":"pa_marime-80inaltime80_86cm12_18luni","9":"pa_marime-86inaltime86_92cm18_24luni","10":"pa_marime-92inaltime92_98cm2_3ani","11":"pa_marime-98inaltime98_104cm3_4ani","12":"pa_marime-104inaltime104_110cm4_5ani","13":"desktop-align-left","14":"tablet-align-left","15":"mobile-align-left","16":"ast-product-gallery-layout-horizontal-slider","17":"ast-product-single-variable","18":"ast-product-tabs-layout-vertical","19":"ast-qv-on-image","21":"first","22":"instock","23":"shipping-taxable","24":"purchasable","25":"product-type-variable"},"yoast_head":"<!-- This site is optimized with the Yoast SEO plugin v22.6 - https:\/\/yoast.com\/wordpress\/plugins\/seo\/ -->\n<title>Costum de Zapada Hero Fred<\/title>\n<meta name=\"robots\" content=\"index, follow, max-snippet:-1, max-image-preview:large, max-video-preview:-1\" \/>\n<link rel=\"canonical\" href=\"https:\/\/bunnyboo.ro\/produs\/costum-de-zapada-hero-fred\/\" \/>\n<meta property=\"og:locale\" content=\"en_US\" \/>\n<meta property=\"og:type\" content=\"article\" \/>\n<meta property=\"og:title\" content=\"Costum de Zapada Hero Fred\" \/>\n<meta property=\"og:description\" content=\"Costumul de zapada este perfect pentru plimb\u0103rile de iarn\u0103. El mentine caldura corpului pe orice vreme \u0219i \u00eel protejeaz\u0103 de v\u00e2nt, ploaie \u0219i z\u0103pad\u0103. Costumul de z\u0103pad\u0103 este fabricat dintr-o \u021bes\u0103tur\u0103 rezistent\u0103 la ap\u0103. Datorit\u0103 v\u0103t\u0103turii Rayon de ultim\u0103 genera\u021bie, hipoalergenica, realizata din fibre ultra-subtiri care reproduc cu acuratete structura pufului natural, costumul de z\u0103pad\u0103 [&hellip;]\" \/>\n<meta property=\"og:url\" content=\"https:\/\/bunnyboo.ro\/produs\/costum-de-zapada-hero-fred\/\" \/>\n<meta property=\"og:site_name\" content=\"Bunny Boo\" \/>\n<meta property=\"article:modified_time\" content=\"2026-03-26T09:47:26+00:00\" \/>\n<meta property=\"og:image\" content=\"https:\/\/bunnyboo.ro\/wp-content\/uploads\/2025\/09\/IMG_0214.webp\" \/>\n\t<meta property=\"og:image:width\" content=\"886\" \/>\n\t<meta property=\"og:image:height\" content=\"1280\" \/>\n\t<meta property=\"og:image:type\" content=\"image\/webp\" \/>\n<meta name=\"twitter:card\" content=\"summary_large_image\" \/>\n<meta name=\"twitter:label1\" content=\"Est. reading time\" \/>\n\t<meta name=\"twitter:data1\" content=\"3 minutes\" \/>\n<script type=\"application\/ld+json\" class=\"yoast-schema-graph\">{\"@context\":\"https:\/\/schema.org\",\"@graph\":[{\"@type\":\"WebPage\",\"@id\":\"https:\/\/bunnyboo.ro\/produs\/costum-de-zapada-hero-fred\/\",\"url\":\"https:\/\/bunnyboo.ro\/produs\/costum-de-zapada-hero-fred\/\",\"name\":\"Costum de Zapada Hero Fred\",\"isPartOf\":{\"@id\":\"https:\/\/bunnyboo.ro\/#website\"},\"primaryImageOfPage\":{\"@id\":\"https:\/\/bunnyboo.ro\/produs\/costum-de-zapada-hero-fred\/#primaryimage\"},\"image\":{\"@id\":\"https:\/\/bunnyboo.ro\/produs\/costum-de-zapada-hero-fred\/#primaryimage\"},\"thumbnailUrl\":\"https:\/\/bunnyboo.ro\/wp-content\/uploads\/2025\/09\/IMG_0214.webp\",\"datePublished\":\"2025-09-15T09:15:49+00:00\",\"dateModified\":\"2026-03-26T09:47:26+00:00\",\"breadcrumb\":{\"@id\":\"https:\/\/bunnyboo.ro\/produs\/costum-de-zapada-hero-fred\/#breadcrumb\"},\"inLanguage\":\"en-US\",\"potentialAction\":[{\"@type\":\"ReadAction\",\"target\":[\"https:\/\/bunnyboo.ro\/produs\/costum-de-zapada-hero-fred\/\"]}]},{\"@type\":\"ImageObject\",\"inLanguage\":\"en-US\",\"@id\":\"https:\/\/bunnyboo.ro\/produs\/costum-de-zapada-hero-fred\/#primaryimage\",\"url\":\"https:\/\/bunnyboo.ro\/wp-content\/uploads\/2025\/09\/IMG_0214.webp\",\"contentUrl\":\"https:\/\/bunnyboo.ro\/wp-content\/uploads\/2025\/09\/IMG_0214.webp\",\"width\":886,\"height\":1280},{\"@type\":\"BreadcrumbList\",\"@id\":\"https:\/\/bunnyboo.ro\/produs\/costum-de-zapada-hero-fred\/#breadcrumb\",\"itemListElement\":[{\"@type\":\"ListItem\",\"position\":1,\"name\":\"Home\",\"item\":\"https:\/\/bunnyboo.ro\/en\/\"},{\"@type\":\"ListItem\",\"position\":2,\"name\":\"New\",\"item\":\"https:\/\/bunnyboo.ro\/en\/shop\/\"},{\"@type\":\"ListItem\",\"position\":3,\"name\":\"Costum de Zapada Hero Fred\"}]},{\"@type\":\"WebSite\",\"@id\":\"https:\/\/bunnyboo.ro\/#website\",\"url\":\"https:\/\/bunnyboo.ro\/\",\"name\":\"Bunny Boo\",\"description\":\"Bunny Boo\",\"publisher\":{\"@id\":\"https:\/\/bunnyboo.ro\/#organization\"},\"potentialAction\":[{\"@type\":\"SearchAction\",\"target\":{\"@type\":\"EntryPoint\",\"urlTemplate\":\"https:\/\/bunnyboo.ro\/?s={search_term_string}\"},\"query-input\":\"required name=search_term_string\"}],\"inLanguage\":\"en-US\"},{\"@type\":\"Organization\",\"@id\":\"https:\/\/bunnyboo.ro\/#organization\",\"name\":\"Bunny Boo\",\"url\":\"https:\/\/bunnyboo.ro\/\",\"logo\":{\"@type\":\"ImageObject\",\"inLanguage\":\"en-US\",\"@id\":\"https:\/\/bunnyboo.ro\/#\/schema\/logo\/image\/\",\"url\":\"https:\/\/bunnyboo.ro\/wp-content\/uploads\/2024\/03\/Logo-website-black.png\",\"contentUrl\":\"https:\/\/bunnyboo.ro\/wp-content\/uploads\/2024\/03\/Logo-website-black.png\",\"width\":2422,\"height\":946,\"caption\":\"Bunny Boo\"},\"image\":{\"@id\":\"https:\/\/bunnyboo.ro\/#\/schema\/logo\/image\/\"}}]}<\/script>\n<!-- \/ Yoast SEO plugin. -->","yoast_head_json":{"title":"Costum de Zapada Hero Fred","robots":{"index":"index","follow":"follow","max-snippet":"max-snippet:-1","max-image-preview":"max-image-preview:large","max-video-preview":"max-video-preview:-1"},"canonical":"https:\/\/bunnyboo.ro\/produs\/costum-de-zapada-hero-fred\/","og_locale":"en_US","og_type":"article","og_title":"Costum de Zapada Hero Fred","og_description":"Costumul de zapada este perfect pentru plimb\u0103rile de iarn\u0103. El mentine caldura corpului pe orice vreme \u0219i \u00eel protejeaz\u0103 de v\u00e2nt, ploaie \u0219i z\u0103pad\u0103. Costumul de z\u0103pad\u0103 este fabricat dintr-o \u021bes\u0103tur\u0103 rezistent\u0103 la ap\u0103. Datorit\u0103 v\u0103t\u0103turii Rayon de ultim\u0103 genera\u021bie, hipoalergenica, realizata din fibre ultra-subtiri care reproduc cu acuratete structura pufului natural, costumul de z\u0103pad\u0103 [&hellip;]","og_url":"https:\/\/bunnyboo.ro\/produs\/costum-de-zapada-hero-fred\/","og_site_name":"Bunny Boo","article_modified_time":"2026-03-26T09:47:26+00:00","og_image":[{"width":886,"height":1280,"url":"https:\/\/bunnyboo.ro\/wp-content\/uploads\/2025\/09\/IMG_0214.webp","type":"image\/webp"}],"twitter_card":"summary_large_image","twitter_misc":{"Est. reading time":"3 minutes"},"schema":{"@context":"https:\/\/schema.org","@graph":[{"@type":"WebPage","@id":"https:\/\/bunnyboo.ro\/produs\/costum-de-zapada-hero-fred\/","url":"https:\/\/bunnyboo.ro\/produs\/costum-de-zapada-hero-fred\/","name":"Costum de Zapada Hero Fred","isPartOf":{"@id":"https:\/\/bunnyboo.ro\/#website"},"primaryImageOfPage":{"@id":"https:\/\/bunnyboo.ro\/produs\/costum-de-zapada-hero-fred\/#primaryimage"},"image":{"@id":"https:\/\/bunnyboo.ro\/produs\/costum-de-zapada-hero-fred\/#primaryimage"},"thumbnailUrl":"https:\/\/bunnyboo.ro\/wp-content\/uploads\/2025\/09\/IMG_0214.webp","datePublished":"2025-09-15T09:15:49+00:00","dateModified":"2026-03-26T09:47:26+00:00","breadcrumb":{"@id":"https:\/\/bunnyboo.ro\/produs\/costum-de-zapada-hero-fred\/#breadcrumb"},"inLanguage":"en-US","potentialAction":[{"@type":"ReadAction","target":["https:\/\/bunnyboo.ro\/produs\/costum-de-zapada-hero-fred\/"]}]},{"@type":"ImageObject","inLanguage":"en-US","@id":"https:\/\/bunnyboo.ro\/produs\/costum-de-zapada-hero-fred\/#primaryimage","url":"https:\/\/bunnyboo.ro\/wp-content\/uploads\/2025\/09\/IMG_0214.webp","contentUrl":"https:\/\/bunnyboo.ro\/wp-content\/uploads\/2025\/09\/IMG_0214.webp","width":886,"height":1280},{"@type":"BreadcrumbList","@id":"https:\/\/bunnyboo.ro\/produs\/costum-de-zapada-hero-fred\/#breadcrumb","itemListElement":[{"@type":"ListItem","position":1,"name":"Home","item":"https:\/\/bunnyboo.ro\/en\/"},{"@type":"ListItem","position":2,"name":"New","item":"https:\/\/bunnyboo.ro\/en\/shop\/"},{"@type":"ListItem","position":3,"name":"Costum de Zapada Hero Fred"}]},{"@type":"WebSite","@id":"https:\/\/bunnyboo.ro\/#website","url":"https:\/\/bunnyboo.ro\/","name":"Bunny Boo","description":"Bunny Boo","publisher":{"@id":"https:\/\/bunnyboo.ro\/#organization"},"potentialAction":[{"@type":"SearchAction","target":{"@type":"EntryPoint","urlTemplate":"https:\/\/bunnyboo.ro\/?s={search_term_string}"},"query-input":"required name=search_term_string"}],"inLanguage":"en-US"},{"@type":"Organization","@id":"https:\/\/bunnyboo.ro\/#organization","name":"Bunny Boo","url":"https:\/\/bunnyboo.ro\/","logo":{"@type":"ImageObject","inLanguage":"en-US","@id":"https:\/\/bunnyboo.ro\/#\/schema\/logo\/image\/","url":"https:\/\/bunnyboo.ro\/wp-content\/uploads\/2024\/03\/Logo-website-black.png","contentUrl":"https:\/\/bunnyboo.ro\/wp-content\/uploads\/2024\/03\/Logo-website-black.png","width":2422,"height":946,"caption":"Bunny Boo"},"image":{"@id":"https:\/\/bunnyboo.ro\/#\/schema\/logo\/image\/"}}]}},"_links":{"self":[{"href":"https:\/\/bunnyboo.ro\/en\/wp-json\/wp\/v2\/product\/32432","targetHints":{"allow":["GET"]}}],"collection":[{"href":"https:\/\/bunnyboo.ro\/en\/wp-json\/wp\/v2\/product"}],"about":[{"href":"https:\/\/bunnyboo.ro\/en\/wp-json\/wp\/v2\/types\/product"}],"replies":[{"embeddable":true,"href":"https:\/\/bunnyboo.ro\/en\/wp-json\/wp\/v2\/comments?post=32432"}],"wp:featuredmedia":[{"embeddable":true,"href":"https:\/\/bunnyboo.ro\/en\/wp-json\/wp\/v2\/media\/32183"}],"wp:attachment":[{"href":"https:\/\/bunnyboo.ro\/en\/wp-json\/wp\/v2\/media?parent=32432"}],"wp:term":[{"taxonomy":"product_brand","embeddable":true,"href":"https:\/\/bunnyboo.ro\/en\/wp-json\/wp\/v2\/product_brand?post=32432"},{"taxonomy":"product_cat","embeddable":true,"href":"https:\/\/bunnyboo.ro\/en\/wp-json\/wp\/v2\/product_cat?post=32432"},{"taxonomy":"product_tag","embeddable":true,"href":"https:\/\/bunnyboo.ro\/en\/wp-json\/wp\/v2\/product_tag?post=32432"}],"curies":[{"name":"wp","href":"https:\/\/api.w.org\/{rel}","templated":true}]}}