{"id":3232,"date":"2021-09-24T16:02:47","date_gmt":"2021-09-24T16:02:47","guid":{"rendered":"https:\/\/bunnyboo.ro\/product\/raft-biplane-dashy-blue\/"},"modified":"2021-09-24T16:02:47","modified_gmt":"2021-09-24T16:02:47","slug":"raft-biplane-dashy-blue","status":"publish","type":"product","link":"https:\/\/bunnyboo.ro\/en\/produs\/raft-biplane-dashy-blue\/","title":{"rendered":"Raft Biplane ,,Dashy&#8221; blue"},"content":{"rendered":"<p>Biplanul \u201eDashy\u201d are o cabin\u0103 pentru cel mai indragit sau haios plus, mult spa\u021biu pentru toate c\u0103r\u021bile de noapte bun\u0103 \u0219i, desigur, poate lua pixuri \u0219i carticele de exerci\u021bii la bord. Echipajul poate intra, bagaje suplimentare pot fi ag\u0103\u021bate pe ax\u0103 \u0219i, pentru a v\u0103 ridica, roti\u021bi elicele c\u00e2t de repede pute\u021bi. \ud83d\ude42<\/p>\n<p><\/p>\n<p>Designul si modul atent in care este realizat constituie elementele de baza pentru ca aceasta piesa de decor sa fie un adevarat center-piece al camerei.&nbsp;<\/p>\n<p><\/p>\n<p>Dimensiuni: 72 x 28 x 42 cm&nbsp;<\/p>\n<p>Dimensiuni aripi:&nbsp;<\/p>\n<p>sus &#8211; 72 cm x 15 cm;&nbsp;<\/p>\n<p>\u00een jos &#8211; 66 cm x 15 cm&nbsp;<\/p>\n<p><\/p>\n<p>Material: Placaj de mesteac\u0103n de 10 mm&nbsp;<\/p>\n<p>Este vopsit cu vopsea ecologic\u0103, netoxic\u0103 pe baz\u0103 de ap\u0103 (raftul poate fi cur\u0103\u021bat \u00een mod normal, culoarea nu se estompeaz\u0103).&nbsp;<\/p>\n<p><\/p>\n","protected":false},"excerpt":{"rendered":"<p>Biplanul \u201eDashy\u201d are o cabin\u0103 pentru cel mai indragit sau haios plus, mult spa\u021biu pentru toate c\u0103r\u021bile de noapte bun\u0103 \u0219i, desigur, poate lua pixuri \u0219i carticele de exerci\u021bii la bord. Echipajul poate intra, bagaje suplimentare pot fi ag\u0103\u021bate pe ax\u0103 \u0219i, pentru a v\u0103 ridica, roti\u021bi elicele c\u00e2t de repede pute\u021bi. \ud83d\ude42 Designul si [&hellip;]<\/p>\n","protected":false},"featured_media":3220,"comment_status":"open","ping_status":"closed","template":"","meta":{"site-sidebar-layout":"default","site-content-layout":"","ast-site-content-layout":"","site-content-style":"default","site-sidebar-style":"default","ast-global-header-display":"","ast-banner-title-visibility":"","ast-main-header-display":"","ast-hfb-above-header-display":"","ast-hfb-below-header-display":"","ast-hfb-mobile-header-display":"","site-post-title":"","ast-breadcrumbs-content":"","ast-featured-img":"","footer-sml-layout":"","theme-transparent-header-meta":"","adv-header-id-meta":"","stick-header-meta":"","header-above-stick-meta":"","header-main-stick-meta":"","header-below-stick-meta":"","astra-migrate-meta-layouts":"default","ast-page-background-enabled":"default","ast-page-background-meta":{"desktop":{"background-color":"","background-image":"","background-repeat":"repeat","background-position":"center center","background-size":"auto","background-attachment":"scroll","background-type":"","background-media":"","overlay-type":"","overlay-color":"","overlay-opacity":"","overlay-gradient":""},"tablet":{"background-color":"","background-image":"","background-repeat":"repeat","background-position":"center center","background-size":"auto","background-attachment":"scroll","background-type":"","background-media":"","overlay-type":"","overlay-color":"","overlay-opacity":"","overlay-gradient":""},"mobile":{"background-color":"","background-image":"","background-repeat":"repeat","background-position":"center center","background-size":"auto","background-attachment":"scroll","background-type":"","background-media":"","overlay-type":"","overlay-color":"","overlay-opacity":"","overlay-gradient":""}},"ast-content-background-meta":{"desktop":{"background-color":"var(--ast-global-color-5)","background-image":"","background-repeat":"repeat","background-position":"center center","background-size":"auto","background-attachment":"scroll","background-type":"","background-media":"","overlay-type":"","overlay-color":"","overlay-opacity":"","overlay-gradient":""},"tablet":{"background-color":"var(--ast-global-color-5)","background-image":"","background-repeat":"repeat","background-position":"center center","background-size":"auto","background-attachment":"scroll","background-type":"","background-media":"","overlay-type":"","overlay-color":"","overlay-opacity":"","overlay-gradient":""},"mobile":{"background-color":"var(--ast-global-color-5)","background-image":"","background-repeat":"repeat","background-position":"center center","background-size":"auto","background-attachment":"scroll","background-type":"","background-media":"","overlay-type":"","overlay-color":"","overlay-opacity":"","overlay-gradient":""}}},"product_brand":[],"product_cat":[59,116],"product_tag":[],"class_list":{"0":"post-3232","1":"product","2":"type-product","3":"status-publish","4":"has-post-thumbnail","6":"product_cat-decoratiuni-pentru-o-camera-perfecta","7":"product_cat-etajere-colorate-pentru-camera-copilului","8":"desktop-align-left","9":"tablet-align-left","10":"mobile-align-left","11":"ast-product-gallery-layout-horizontal-slider","12":"ast-product-tabs-layout-vertical","13":"ast-qv-on-image","15":"first","16":"onbackorder","17":"shipping-taxable","18":"purchasable","19":"product-type-simple"},"yoast_head":"<!-- This site is optimized with the Yoast SEO plugin v22.6 - https:\/\/yoast.com\/wordpress\/plugins\/seo\/ -->\n<title>Raft Biplane ,,Dashy&#039;&#039; blue<\/title>\n<meta name=\"robots\" content=\"index, follow, max-snippet:-1, max-image-preview:large, max-video-preview:-1\" \/>\n<link rel=\"canonical\" href=\"https:\/\/bunnyboo.ro\/produs\/raft-biplane-dashy-blue\/\" \/>\n<meta property=\"og:locale\" content=\"en_US\" \/>\n<meta property=\"og:type\" content=\"article\" \/>\n<meta property=\"og:title\" content=\"Raft Biplane ,,Dashy&#039;&#039; blue\" \/>\n<meta property=\"og:description\" content=\"Biplanul \u201eDashy\u201d are o cabin\u0103 pentru cel mai indragit sau haios plus, mult spa\u021biu pentru toate c\u0103r\u021bile de noapte bun\u0103 \u0219i, desigur, poate lua pixuri \u0219i carticele de exerci\u021bii la bord. Echipajul poate intra, bagaje suplimentare pot fi ag\u0103\u021bate pe ax\u0103 \u0219i, pentru a v\u0103 ridica, roti\u021bi elicele c\u00e2t de repede pute\u021bi. \ud83d\ude42 Designul si [&hellip;]\" \/>\n<meta property=\"og:url\" content=\"https:\/\/bunnyboo.ro\/produs\/raft-biplane-dashy-blue\/\" \/>\n<meta property=\"og:site_name\" content=\"Bunny Boo\" \/>\n<meta property=\"og:image\" content=\"https:\/\/bunnyboo.ro\/wp-content\/uploads\/2021\/09\/1A3755D8-31CB-4D48-8DEA-3DE046523605.jpeg\" \/>\n\t<meta property=\"og:image:width\" content=\"1600\" \/>\n\t<meta property=\"og:image:height\" content=\"1600\" \/>\n\t<meta property=\"og:image:type\" content=\"image\/jpeg\" \/>\n<meta name=\"twitter:card\" content=\"summary_large_image\" \/>\n<meta name=\"twitter:label1\" content=\"Est. reading time\" \/>\n\t<meta name=\"twitter:data1\" content=\"1 minute\" \/>\n<script type=\"application\/ld+json\" class=\"yoast-schema-graph\">{\"@context\":\"https:\/\/schema.org\",\"@graph\":[{\"@type\":\"WebPage\",\"@id\":\"https:\/\/bunnyboo.ro\/produs\/raft-biplane-dashy-blue\/\",\"url\":\"https:\/\/bunnyboo.ro\/produs\/raft-biplane-dashy-blue\/\",\"name\":\"Raft Biplane ,,Dashy'' blue\",\"isPartOf\":{\"@id\":\"https:\/\/bunnyboo.ro\/#website\"},\"primaryImageOfPage\":{\"@id\":\"https:\/\/bunnyboo.ro\/produs\/raft-biplane-dashy-blue\/#primaryimage\"},\"image\":{\"@id\":\"https:\/\/bunnyboo.ro\/produs\/raft-biplane-dashy-blue\/#primaryimage\"},\"thumbnailUrl\":\"https:\/\/bunnyboo.ro\/wp-content\/uploads\/2021\/09\/1A3755D8-31CB-4D48-8DEA-3DE046523605.jpeg\",\"datePublished\":\"2021-09-24T16:02:47+00:00\",\"dateModified\":\"2021-09-24T16:02:47+00:00\",\"breadcrumb\":{\"@id\":\"https:\/\/bunnyboo.ro\/produs\/raft-biplane-dashy-blue\/#breadcrumb\"},\"inLanguage\":\"en-US\",\"potentialAction\":[{\"@type\":\"ReadAction\",\"target\":[\"https:\/\/bunnyboo.ro\/produs\/raft-biplane-dashy-blue\/\"]}]},{\"@type\":\"ImageObject\",\"inLanguage\":\"en-US\",\"@id\":\"https:\/\/bunnyboo.ro\/produs\/raft-biplane-dashy-blue\/#primaryimage\",\"url\":\"https:\/\/bunnyboo.ro\/wp-content\/uploads\/2021\/09\/1A3755D8-31CB-4D48-8DEA-3DE046523605.jpeg\",\"contentUrl\":\"https:\/\/bunnyboo.ro\/wp-content\/uploads\/2021\/09\/1A3755D8-31CB-4D48-8DEA-3DE046523605.jpeg\",\"width\":1600,\"height\":1600,\"caption\":\"1A3755D8-31CB-4D48-8DEA-3DE046523605\"},{\"@type\":\"BreadcrumbList\",\"@id\":\"https:\/\/bunnyboo.ro\/produs\/raft-biplane-dashy-blue\/#breadcrumb\",\"itemListElement\":[{\"@type\":\"ListItem\",\"position\":1,\"name\":\"Home\",\"item\":\"https:\/\/bunnyboo.ro\/en\/\"},{\"@type\":\"ListItem\",\"position\":2,\"name\":\"New\",\"item\":\"https:\/\/bunnyboo.ro\/en\/shop\/\"},{\"@type\":\"ListItem\",\"position\":3,\"name\":\"Raft Biplane ,,Dashy&#8221; blue\"}]},{\"@type\":\"WebSite\",\"@id\":\"https:\/\/bunnyboo.ro\/#website\",\"url\":\"https:\/\/bunnyboo.ro\/\",\"name\":\"Bunny Boo\",\"description\":\"Bunny Boo\",\"publisher\":{\"@id\":\"https:\/\/bunnyboo.ro\/#organization\"},\"potentialAction\":[{\"@type\":\"SearchAction\",\"target\":{\"@type\":\"EntryPoint\",\"urlTemplate\":\"https:\/\/bunnyboo.ro\/?s={search_term_string}\"},\"query-input\":\"required name=search_term_string\"}],\"inLanguage\":\"en-US\"},{\"@type\":\"Organization\",\"@id\":\"https:\/\/bunnyboo.ro\/#organization\",\"name\":\"Bunny Boo\",\"url\":\"https:\/\/bunnyboo.ro\/\",\"logo\":{\"@type\":\"ImageObject\",\"inLanguage\":\"en-US\",\"@id\":\"https:\/\/bunnyboo.ro\/#\/schema\/logo\/image\/\",\"url\":\"https:\/\/bunnyboo.ro\/wp-content\/uploads\/2024\/03\/Logo-website-black.png\",\"contentUrl\":\"https:\/\/bunnyboo.ro\/wp-content\/uploads\/2024\/03\/Logo-website-black.png\",\"width\":2422,\"height\":946,\"caption\":\"Bunny Boo\"},\"image\":{\"@id\":\"https:\/\/bunnyboo.ro\/#\/schema\/logo\/image\/\"}}]}<\/script>\n<!-- \/ Yoast SEO plugin. -->","yoast_head_json":{"title":"Raft Biplane ,,Dashy'' blue","robots":{"index":"index","follow":"follow","max-snippet":"max-snippet:-1","max-image-preview":"max-image-preview:large","max-video-preview":"max-video-preview:-1"},"canonical":"https:\/\/bunnyboo.ro\/produs\/raft-biplane-dashy-blue\/","og_locale":"en_US","og_type":"article","og_title":"Raft Biplane ,,Dashy'' blue","og_description":"Biplanul \u201eDashy\u201d are o cabin\u0103 pentru cel mai indragit sau haios plus, mult spa\u021biu pentru toate c\u0103r\u021bile de noapte bun\u0103 \u0219i, desigur, poate lua pixuri \u0219i carticele de exerci\u021bii la bord. Echipajul poate intra, bagaje suplimentare pot fi ag\u0103\u021bate pe ax\u0103 \u0219i, pentru a v\u0103 ridica, roti\u021bi elicele c\u00e2t de repede pute\u021bi. \ud83d\ude42 Designul si [&hellip;]","og_url":"https:\/\/bunnyboo.ro\/produs\/raft-biplane-dashy-blue\/","og_site_name":"Bunny Boo","og_image":[{"width":1600,"height":1600,"url":"https:\/\/bunnyboo.ro\/wp-content\/uploads\/2021\/09\/1A3755D8-31CB-4D48-8DEA-3DE046523605.jpeg","type":"image\/jpeg"}],"twitter_card":"summary_large_image","twitter_misc":{"Est. reading time":"1 minute"},"schema":{"@context":"https:\/\/schema.org","@graph":[{"@type":"WebPage","@id":"https:\/\/bunnyboo.ro\/produs\/raft-biplane-dashy-blue\/","url":"https:\/\/bunnyboo.ro\/produs\/raft-biplane-dashy-blue\/","name":"Raft Biplane ,,Dashy'' blue","isPartOf":{"@id":"https:\/\/bunnyboo.ro\/#website"},"primaryImageOfPage":{"@id":"https:\/\/bunnyboo.ro\/produs\/raft-biplane-dashy-blue\/#primaryimage"},"image":{"@id":"https:\/\/bunnyboo.ro\/produs\/raft-biplane-dashy-blue\/#primaryimage"},"thumbnailUrl":"https:\/\/bunnyboo.ro\/wp-content\/uploads\/2021\/09\/1A3755D8-31CB-4D48-8DEA-3DE046523605.jpeg","datePublished":"2021-09-24T16:02:47+00:00","dateModified":"2021-09-24T16:02:47+00:00","breadcrumb":{"@id":"https:\/\/bunnyboo.ro\/produs\/raft-biplane-dashy-blue\/#breadcrumb"},"inLanguage":"en-US","potentialAction":[{"@type":"ReadAction","target":["https:\/\/bunnyboo.ro\/produs\/raft-biplane-dashy-blue\/"]}]},{"@type":"ImageObject","inLanguage":"en-US","@id":"https:\/\/bunnyboo.ro\/produs\/raft-biplane-dashy-blue\/#primaryimage","url":"https:\/\/bunnyboo.ro\/wp-content\/uploads\/2021\/09\/1A3755D8-31CB-4D48-8DEA-3DE046523605.jpeg","contentUrl":"https:\/\/bunnyboo.ro\/wp-content\/uploads\/2021\/09\/1A3755D8-31CB-4D48-8DEA-3DE046523605.jpeg","width":1600,"height":1600,"caption":"1A3755D8-31CB-4D48-8DEA-3DE046523605"},{"@type":"BreadcrumbList","@id":"https:\/\/bunnyboo.ro\/produs\/raft-biplane-dashy-blue\/#breadcrumb","itemListElement":[{"@type":"ListItem","position":1,"name":"Home","item":"https:\/\/bunnyboo.ro\/en\/"},{"@type":"ListItem","position":2,"name":"New","item":"https:\/\/bunnyboo.ro\/en\/shop\/"},{"@type":"ListItem","position":3,"name":"Raft Biplane ,,Dashy&#8221; blue"}]},{"@type":"WebSite","@id":"https:\/\/bunnyboo.ro\/#website","url":"https:\/\/bunnyboo.ro\/","name":"Bunny Boo","description":"Bunny Boo","publisher":{"@id":"https:\/\/bunnyboo.ro\/#organization"},"potentialAction":[{"@type":"SearchAction","target":{"@type":"EntryPoint","urlTemplate":"https:\/\/bunnyboo.ro\/?s={search_term_string}"},"query-input":"required name=search_term_string"}],"inLanguage":"en-US"},{"@type":"Organization","@id":"https:\/\/bunnyboo.ro\/#organization","name":"Bunny Boo","url":"https:\/\/bunnyboo.ro\/","logo":{"@type":"ImageObject","inLanguage":"en-US","@id":"https:\/\/bunnyboo.ro\/#\/schema\/logo\/image\/","url":"https:\/\/bunnyboo.ro\/wp-content\/uploads\/2024\/03\/Logo-website-black.png","contentUrl":"https:\/\/bunnyboo.ro\/wp-content\/uploads\/2024\/03\/Logo-website-black.png","width":2422,"height":946,"caption":"Bunny Boo"},"image":{"@id":"https:\/\/bunnyboo.ro\/#\/schema\/logo\/image\/"}}]}},"_links":{"self":[{"href":"https:\/\/bunnyboo.ro\/en\/wp-json\/wp\/v2\/product\/3232","targetHints":{"allow":["GET"]}}],"collection":[{"href":"https:\/\/bunnyboo.ro\/en\/wp-json\/wp\/v2\/product"}],"about":[{"href":"https:\/\/bunnyboo.ro\/en\/wp-json\/wp\/v2\/types\/product"}],"replies":[{"embeddable":true,"href":"https:\/\/bunnyboo.ro\/en\/wp-json\/wp\/v2\/comments?post=3232"}],"wp:featuredmedia":[{"embeddable":true,"href":"https:\/\/bunnyboo.ro\/en\/wp-json\/wp\/v2\/media\/3220"}],"wp:attachment":[{"href":"https:\/\/bunnyboo.ro\/en\/wp-json\/wp\/v2\/media?parent=3232"}],"wp:term":[{"taxonomy":"product_brand","embeddable":true,"href":"https:\/\/bunnyboo.ro\/en\/wp-json\/wp\/v2\/product_brand?post=3232"},{"taxonomy":"product_cat","embeddable":true,"href":"https:\/\/bunnyboo.ro\/en\/wp-json\/wp\/v2\/product_cat?post=3232"},{"taxonomy":"product_tag","embeddable":true,"href":"https:\/\/bunnyboo.ro\/en\/wp-json\/wp\/v2\/product_tag?post=3232"}],"curies":[{"name":"wp","href":"https:\/\/api.w.org\/{rel}","templated":true}]}}