{"id":31595,"date":"2025-08-21T14:03:25","date_gmt":"2025-08-21T11:03:25","guid":{"rendered":"https:\/\/bunnyboo.ro\/?post_type=product&#038;p=31595"},"modified":"2026-05-11T15:00:20","modified_gmt":"2026-05-11T12:00:20","slug":"cutie-cadou-pentru-bebelusi-fairy-garden-little-dutch","status":"publish","type":"product","link":"https:\/\/bunnyboo.ro\/en\/produs\/cutie-cadou-pentru-bebelusi-fairy-garden-little-dutch\/","title":{"rendered":"Cutie cadou pentru bebelusi &#8211; Fairy Garden &#8211; Little Dutch"},"content":{"rendered":"<p>Cadoul perfect pentru cei mai mici dintre bebelu\u0219i:<\/p>\n<p>O cutie cadou delicat\u0103 \u0219i elegant\u0103, perfect\u0103 pentru nou-n\u0103scu\u021bi, baby shower sau primele luni de via\u021b\u0103 ale bebelu\u0219ului. Inspirat\u0103 din colec\u021bia Forest Friends, cutia con\u021bine 3 produse moi \u0219i adorabile, create pentru confort, joac\u0103 \u0219i momente de alint.<\/p>\n<p>\u00cen interior vei g\u0103si:<\/p>\n<ul>\n<li>p\u0103turic\u0103 moale din muselin\u0103 cu bufni\u021b\u0103;<\/li>\n<li>juc\u0103rie de plu\u0219 vulpi\u021b\u0103;<\/li>\n<li>juc\u0103rie zorn\u0103itoare cu inel de denti\u021bie.<\/li>\n<\/ul>\n<p>Produsele sunt realizate din materiale delicate, potrivite pentru pielea sensibil\u0103 a bebelu\u0219ului \u0219i sunt ambalate \u00eentr-o cutie elegant\u0103, gata de oferit cadou.<\/p>\n<p>\u2714 Potrivit\u0103 de la 0 luni+<br \/>\n\u2714 Ideal\u0103 pentru baby shower sau cadou de na\u0219tere<br \/>\n\u2714 Design premium Little Dutch<\/p>\n<p>Con\u021binut pachet: p\u0103turic\u0103, juc\u0103rie de plu\u0219, juc\u0103rie cu inel de denti\u021bie<br \/>\nColec\u021bie: Forest Friends<\/p>\n","protected":false},"excerpt":{"rendered":"<p>Cadoul perfect pentru cei mai mici dintre bebelu\u0219i: O cutie cadou delicat\u0103 \u0219i elegant\u0103, perfect\u0103 pentru nou-n\u0103scu\u021bi, baby shower sau primele luni de via\u021b\u0103 ale bebelu\u0219ului. Inspirat\u0103 din colec\u021bia Forest Friends, cutia con\u021bine 3 produse moi \u0219i adorabile, create pentru confort, joac\u0103 \u0219i momente de alint. \u00cen interior vei g\u0103si: p\u0103turic\u0103 moale din muselin\u0103 cu [&hellip;]<\/p>\n","protected":false},"featured_media":35664,"comment_status":"open","ping_status":"closed","template":"","meta":{"site-sidebar-layout":"default","site-content-layout":"","ast-site-content-layout":"default","site-content-style":"default","site-sidebar-style":"default","ast-global-header-display":"","ast-banner-title-visibility":"","ast-main-header-display":"","ast-hfb-above-header-display":"","ast-hfb-below-header-display":"","ast-hfb-mobile-header-display":"","site-post-title":"","ast-breadcrumbs-content":"","ast-featured-img":"","footer-sml-layout":"","theme-transparent-header-meta":"default","adv-header-id-meta":"","stick-header-meta":"default","header-above-stick-meta":"","header-main-stick-meta":"","header-below-stick-meta":"","astra-migrate-meta-layouts":"set","ast-page-background-enabled":"default","ast-page-background-meta":{"desktop":{"background-color":"","background-image":"","background-repeat":"repeat","background-position":"center center","background-size":"auto","background-attachment":"scroll","background-type":"","background-media":"","overlay-type":"","overlay-color":"","overlay-opacity":"","overlay-gradient":""},"tablet":{"background-color":"","background-image":"","background-repeat":"repeat","background-position":"center center","background-size":"auto","background-attachment":"scroll","background-type":"","background-media":"","overlay-type":"","overlay-color":"","overlay-opacity":"","overlay-gradient":""},"mobile":{"background-color":"","background-image":"","background-repeat":"repeat","background-position":"center center","background-size":"auto","background-attachment":"scroll","background-type":"","background-media":"","overlay-type":"","overlay-color":"","overlay-opacity":"","overlay-gradient":""}},"ast-content-background-meta":{"desktop":{"background-color":"var(--ast-global-color-5)","background-image":"","background-repeat":"repeat","background-position":"center center","background-size":"auto","background-attachment":"scroll","background-type":"","background-media":"","overlay-type":"","overlay-color":"","overlay-opacity":"","overlay-gradient":""},"tablet":{"background-color":"var(--ast-global-color-5)","background-image":"","background-repeat":"repeat","background-position":"center center","background-size":"auto","background-attachment":"scroll","background-type":"","background-media":"","overlay-type":"","overlay-color":"","overlay-opacity":"","overlay-gradient":""},"mobile":{"background-color":"var(--ast-global-color-5)","background-image":"","background-repeat":"repeat","background-position":"center center","background-size":"auto","background-attachment":"scroll","background-type":"","background-media":"","overlay-type":"","overlay-color":"","overlay-opacity":"","overlay-gradient":""}}},"product_brand":[],"product_cat":[51,65],"product_tag":[],"class_list":{"0":"post-31595","1":"product","2":"type-product","3":"status-publish","4":"has-post-thumbnail","6":"product_cat-jucarii-pentru-puiul-tau-mic","7":"product_cat-noutati-minunate-pentru-puiul-tau","8":"desktop-align-left","9":"tablet-align-left","10":"mobile-align-left","11":"ast-product-gallery-layout-horizontal-slider","12":"ast-product-tabs-layout-vertical","13":"ast-qv-on-image","15":"first","16":"instock","17":"shipping-taxable","18":"purchasable","19":"product-type-simple"},"yoast_head":"<!-- This site is optimized with the Yoast SEO plugin v22.6 - https:\/\/yoast.com\/wordpress\/plugins\/seo\/ -->\n<title>Cutie cadou pentru bebelusi - Fairy Garden - Little Dutch<\/title>\n<meta name=\"robots\" content=\"index, follow, max-snippet:-1, max-image-preview:large, max-video-preview:-1\" \/>\n<link rel=\"canonical\" href=\"https:\/\/bunnyboo.ro\/produs\/cutie-cadou-pentru-bebelusi-fairy-garden-little-dutch\/\" \/>\n<meta property=\"og:locale\" content=\"en_US\" \/>\n<meta property=\"og:type\" content=\"article\" \/>\n<meta property=\"og:title\" content=\"Cutie cadou pentru bebelusi - Fairy Garden - Little Dutch\" \/>\n<meta property=\"og:description\" content=\"Cadoul perfect pentru cei mai mici dintre bebelu\u0219i: O cutie cadou delicat\u0103 \u0219i elegant\u0103, perfect\u0103 pentru nou-n\u0103scu\u021bi, baby shower sau primele luni de via\u021b\u0103 ale bebelu\u0219ului. Inspirat\u0103 din colec\u021bia Forest Friends, cutia con\u021bine 3 produse moi \u0219i adorabile, create pentru confort, joac\u0103 \u0219i momente de alint. \u00cen interior vei g\u0103si: p\u0103turic\u0103 moale din muselin\u0103 cu [&hellip;]\" \/>\n<meta property=\"og:url\" content=\"https:\/\/bunnyboo.ro\/produs\/cutie-cadou-pentru-bebelusi-fairy-garden-little-dutch\/\" \/>\n<meta property=\"og:site_name\" content=\"Bunny Boo\" \/>\n<meta property=\"article:modified_time\" content=\"2026-05-11T12:00:20+00:00\" \/>\n<meta property=\"og:image\" content=\"https:\/\/bunnyboo.ro\/wp-content\/uploads\/2025\/08\/IMG_4788-scaled.jpeg\" \/>\n\t<meta property=\"og:image:width\" content=\"2560\" \/>\n\t<meta property=\"og:image:height\" content=\"2560\" \/>\n\t<meta property=\"og:image:type\" content=\"image\/jpeg\" \/>\n<meta name=\"twitter:card\" content=\"summary_large_image\" \/>\n<meta name=\"twitter:label1\" content=\"Est. reading time\" \/>\n\t<meta name=\"twitter:data1\" content=\"1 minute\" \/>\n<script type=\"application\/ld+json\" class=\"yoast-schema-graph\">{\"@context\":\"https:\/\/schema.org\",\"@graph\":[{\"@type\":\"WebPage\",\"@id\":\"https:\/\/bunnyboo.ro\/produs\/cutie-cadou-pentru-bebelusi-fairy-garden-little-dutch\/\",\"url\":\"https:\/\/bunnyboo.ro\/produs\/cutie-cadou-pentru-bebelusi-fairy-garden-little-dutch\/\",\"name\":\"Cutie cadou pentru bebelusi - Fairy Garden - Little Dutch\",\"isPartOf\":{\"@id\":\"https:\/\/bunnyboo.ro\/#website\"},\"primaryImageOfPage\":{\"@id\":\"https:\/\/bunnyboo.ro\/produs\/cutie-cadou-pentru-bebelusi-fairy-garden-little-dutch\/#primaryimage\"},\"image\":{\"@id\":\"https:\/\/bunnyboo.ro\/produs\/cutie-cadou-pentru-bebelusi-fairy-garden-little-dutch\/#primaryimage\"},\"thumbnailUrl\":\"https:\/\/bunnyboo.ro\/wp-content\/uploads\/2025\/08\/IMG_4788-scaled.jpeg\",\"datePublished\":\"2025-08-21T11:03:25+00:00\",\"dateModified\":\"2026-05-11T12:00:20+00:00\",\"breadcrumb\":{\"@id\":\"https:\/\/bunnyboo.ro\/produs\/cutie-cadou-pentru-bebelusi-fairy-garden-little-dutch\/#breadcrumb\"},\"inLanguage\":\"en-US\",\"potentialAction\":[{\"@type\":\"ReadAction\",\"target\":[\"https:\/\/bunnyboo.ro\/produs\/cutie-cadou-pentru-bebelusi-fairy-garden-little-dutch\/\"]}]},{\"@type\":\"ImageObject\",\"inLanguage\":\"en-US\",\"@id\":\"https:\/\/bunnyboo.ro\/produs\/cutie-cadou-pentru-bebelusi-fairy-garden-little-dutch\/#primaryimage\",\"url\":\"https:\/\/bunnyboo.ro\/wp-content\/uploads\/2025\/08\/IMG_4788-scaled.jpeg\",\"contentUrl\":\"https:\/\/bunnyboo.ro\/wp-content\/uploads\/2025\/08\/IMG_4788-scaled.jpeg\",\"width\":2560,\"height\":2560},{\"@type\":\"BreadcrumbList\",\"@id\":\"https:\/\/bunnyboo.ro\/produs\/cutie-cadou-pentru-bebelusi-fairy-garden-little-dutch\/#breadcrumb\",\"itemListElement\":[{\"@type\":\"ListItem\",\"position\":1,\"name\":\"Home\",\"item\":\"https:\/\/bunnyboo.ro\/en\/\"},{\"@type\":\"ListItem\",\"position\":2,\"name\":\"New\",\"item\":\"https:\/\/bunnyboo.ro\/en\/shop\/\"},{\"@type\":\"ListItem\",\"position\":3,\"name\":\"Cutie cadou pentru bebelusi &#8211; Fairy Garden &#8211; Little Dutch\"}]},{\"@type\":\"WebSite\",\"@id\":\"https:\/\/bunnyboo.ro\/#website\",\"url\":\"https:\/\/bunnyboo.ro\/\",\"name\":\"Bunny Boo\",\"description\":\"Bunny Boo\",\"publisher\":{\"@id\":\"https:\/\/bunnyboo.ro\/#organization\"},\"potentialAction\":[{\"@type\":\"SearchAction\",\"target\":{\"@type\":\"EntryPoint\",\"urlTemplate\":\"https:\/\/bunnyboo.ro\/?s={search_term_string}\"},\"query-input\":\"required name=search_term_string\"}],\"inLanguage\":\"en-US\"},{\"@type\":\"Organization\",\"@id\":\"https:\/\/bunnyboo.ro\/#organization\",\"name\":\"Bunny Boo\",\"url\":\"https:\/\/bunnyboo.ro\/\",\"logo\":{\"@type\":\"ImageObject\",\"inLanguage\":\"en-US\",\"@id\":\"https:\/\/bunnyboo.ro\/#\/schema\/logo\/image\/\",\"url\":\"https:\/\/bunnyboo.ro\/wp-content\/uploads\/2024\/03\/Logo-website-black.png\",\"contentUrl\":\"https:\/\/bunnyboo.ro\/wp-content\/uploads\/2024\/03\/Logo-website-black.png\",\"width\":2422,\"height\":946,\"caption\":\"Bunny Boo\"},\"image\":{\"@id\":\"https:\/\/bunnyboo.ro\/#\/schema\/logo\/image\/\"}}]}<\/script>\n<!-- \/ Yoast SEO plugin. -->","yoast_head_json":{"title":"Cutie cadou pentru bebelusi - Fairy Garden - Little Dutch","robots":{"index":"index","follow":"follow","max-snippet":"max-snippet:-1","max-image-preview":"max-image-preview:large","max-video-preview":"max-video-preview:-1"},"canonical":"https:\/\/bunnyboo.ro\/produs\/cutie-cadou-pentru-bebelusi-fairy-garden-little-dutch\/","og_locale":"en_US","og_type":"article","og_title":"Cutie cadou pentru bebelusi - Fairy Garden - Little Dutch","og_description":"Cadoul perfect pentru cei mai mici dintre bebelu\u0219i: O cutie cadou delicat\u0103 \u0219i elegant\u0103, perfect\u0103 pentru nou-n\u0103scu\u021bi, baby shower sau primele luni de via\u021b\u0103 ale bebelu\u0219ului. Inspirat\u0103 din colec\u021bia Forest Friends, cutia con\u021bine 3 produse moi \u0219i adorabile, create pentru confort, joac\u0103 \u0219i momente de alint. \u00cen interior vei g\u0103si: p\u0103turic\u0103 moale din muselin\u0103 cu [&hellip;]","og_url":"https:\/\/bunnyboo.ro\/produs\/cutie-cadou-pentru-bebelusi-fairy-garden-little-dutch\/","og_site_name":"Bunny Boo","article_modified_time":"2026-05-11T12:00:20+00:00","og_image":[{"width":2560,"height":2560,"url":"https:\/\/bunnyboo.ro\/wp-content\/uploads\/2025\/08\/IMG_4788-scaled.jpeg","type":"image\/jpeg"}],"twitter_card":"summary_large_image","twitter_misc":{"Est. reading time":"1 minute"},"schema":{"@context":"https:\/\/schema.org","@graph":[{"@type":"WebPage","@id":"https:\/\/bunnyboo.ro\/produs\/cutie-cadou-pentru-bebelusi-fairy-garden-little-dutch\/","url":"https:\/\/bunnyboo.ro\/produs\/cutie-cadou-pentru-bebelusi-fairy-garden-little-dutch\/","name":"Cutie cadou pentru bebelusi - Fairy Garden - Little Dutch","isPartOf":{"@id":"https:\/\/bunnyboo.ro\/#website"},"primaryImageOfPage":{"@id":"https:\/\/bunnyboo.ro\/produs\/cutie-cadou-pentru-bebelusi-fairy-garden-little-dutch\/#primaryimage"},"image":{"@id":"https:\/\/bunnyboo.ro\/produs\/cutie-cadou-pentru-bebelusi-fairy-garden-little-dutch\/#primaryimage"},"thumbnailUrl":"https:\/\/bunnyboo.ro\/wp-content\/uploads\/2025\/08\/IMG_4788-scaled.jpeg","datePublished":"2025-08-21T11:03:25+00:00","dateModified":"2026-05-11T12:00:20+00:00","breadcrumb":{"@id":"https:\/\/bunnyboo.ro\/produs\/cutie-cadou-pentru-bebelusi-fairy-garden-little-dutch\/#breadcrumb"},"inLanguage":"en-US","potentialAction":[{"@type":"ReadAction","target":["https:\/\/bunnyboo.ro\/produs\/cutie-cadou-pentru-bebelusi-fairy-garden-little-dutch\/"]}]},{"@type":"ImageObject","inLanguage":"en-US","@id":"https:\/\/bunnyboo.ro\/produs\/cutie-cadou-pentru-bebelusi-fairy-garden-little-dutch\/#primaryimage","url":"https:\/\/bunnyboo.ro\/wp-content\/uploads\/2025\/08\/IMG_4788-scaled.jpeg","contentUrl":"https:\/\/bunnyboo.ro\/wp-content\/uploads\/2025\/08\/IMG_4788-scaled.jpeg","width":2560,"height":2560},{"@type":"BreadcrumbList","@id":"https:\/\/bunnyboo.ro\/produs\/cutie-cadou-pentru-bebelusi-fairy-garden-little-dutch\/#breadcrumb","itemListElement":[{"@type":"ListItem","position":1,"name":"Home","item":"https:\/\/bunnyboo.ro\/en\/"},{"@type":"ListItem","position":2,"name":"New","item":"https:\/\/bunnyboo.ro\/en\/shop\/"},{"@type":"ListItem","position":3,"name":"Cutie cadou pentru bebelusi &#8211; Fairy Garden &#8211; Little Dutch"}]},{"@type":"WebSite","@id":"https:\/\/bunnyboo.ro\/#website","url":"https:\/\/bunnyboo.ro\/","name":"Bunny Boo","description":"Bunny Boo","publisher":{"@id":"https:\/\/bunnyboo.ro\/#organization"},"potentialAction":[{"@type":"SearchAction","target":{"@type":"EntryPoint","urlTemplate":"https:\/\/bunnyboo.ro\/?s={search_term_string}"},"query-input":"required name=search_term_string"}],"inLanguage":"en-US"},{"@type":"Organization","@id":"https:\/\/bunnyboo.ro\/#organization","name":"Bunny Boo","url":"https:\/\/bunnyboo.ro\/","logo":{"@type":"ImageObject","inLanguage":"en-US","@id":"https:\/\/bunnyboo.ro\/#\/schema\/logo\/image\/","url":"https:\/\/bunnyboo.ro\/wp-content\/uploads\/2024\/03\/Logo-website-black.png","contentUrl":"https:\/\/bunnyboo.ro\/wp-content\/uploads\/2024\/03\/Logo-website-black.png","width":2422,"height":946,"caption":"Bunny Boo"},"image":{"@id":"https:\/\/bunnyboo.ro\/#\/schema\/logo\/image\/"}}]}},"_links":{"self":[{"href":"https:\/\/bunnyboo.ro\/en\/wp-json\/wp\/v2\/product\/31595","targetHints":{"allow":["GET"]}}],"collection":[{"href":"https:\/\/bunnyboo.ro\/en\/wp-json\/wp\/v2\/product"}],"about":[{"href":"https:\/\/bunnyboo.ro\/en\/wp-json\/wp\/v2\/types\/product"}],"replies":[{"embeddable":true,"href":"https:\/\/bunnyboo.ro\/en\/wp-json\/wp\/v2\/comments?post=31595"}],"wp:featuredmedia":[{"embeddable":true,"href":"https:\/\/bunnyboo.ro\/en\/wp-json\/wp\/v2\/media\/35664"}],"wp:attachment":[{"href":"https:\/\/bunnyboo.ro\/en\/wp-json\/wp\/v2\/media?parent=31595"}],"wp:term":[{"taxonomy":"product_brand","embeddable":true,"href":"https:\/\/bunnyboo.ro\/en\/wp-json\/wp\/v2\/product_brand?post=31595"},{"taxonomy":"product_cat","embeddable":true,"href":"https:\/\/bunnyboo.ro\/en\/wp-json\/wp\/v2\/product_cat?post=31595"},{"taxonomy":"product_tag","embeddable":true,"href":"https:\/\/bunnyboo.ro\/en\/wp-json\/wp\/v2\/product_tag?post=31595"}],"curies":[{"name":"wp","href":"https:\/\/api.w.org\/{rel}","templated":true}]}}