{"id":31323,"date":"2025-08-05T16:49:17","date_gmt":"2025-08-05T13:49:17","guid":{"rendered":"https:\/\/bunnyboo.ro\/?post_type=product&#038;p=31323"},"modified":"2025-12-21T13:52:11","modified_gmt":"2025-12-21T11:52:11","slug":"carucior-pentru-papusi-elsie-pile-liewood","status":"publish","type":"product","link":"https:\/\/bunnyboo.ro\/en\/produs\/carucior-pentru-papusi-elsie-pile-liewood\/","title":{"rendered":"Carucior pentru papusi Elsie Pile &#8211; Liewood"},"content":{"rendered":"<div class=\"pointer-mode H_6D6F\">\n<div class=\"D_F ek_BB H_6D6F aw_2941hk ba_10I1Qt az_oOItw ay_Z1nkUQx I_kt4zd\">\n<div id=\"app\" class=\"D_F ek_BB H_6D6F cZ1RN91d_n s_1HCsWR aw_Z22yhkg I_kt4zd az_DW ba_Z2gmOa3 ay_Z1cYiMT c2hBT4u_Zm6i39 cZTwBjO_Zdogtk\" tabindex=\"-1\" data-test-id=\"mail-app\">\n<div class=\"I_ZnwrMC D_F em_N o_h W_6D6F H_6D6F\" data-test-id=\"content-area\">\n<div class=\"D_F em_N o_h s_1HCsWR\" data-test-id=\"content-below-tabs\">\n<div id=\"mail-app-component-container\" class=\"D_F em_N ej_eUh o_h\">\n<div id=\"mail-app-component\" class=\"em_N ek_BB gl_C j_ZUs0f0 o_h p_R D_F s_e5X x_Z14vXdP\" data-yaft-module=\"norrin_main\" data-test-id=\"mail-app-component\">\n<div class=\"F_N gl_C o_h D_F p_R U_0 I_ZkbNhI\" data-test-id=\"mail-app-main-content\">\n<div class=\"D_F ek_BB p_a Z_0 L_0 R_0 T_0 B_0 cZ1RN91d_GG I_ZnwrMC\" data-test-id=\"message-group-view\">\n<div class=\"iz_A I_ZkbNhI em_0 Z_0\" role=\"main\" data-test-id=\"message-group-view-scroller\" aria-label=\"Message View\">\n<div data-test-id=\"focus-group\" aria-label=\"Keyboard navigation group. Use arrow keys to navigate, or tab to the next group.\">\n<div class=\"p_R b_2w4lU5 I_ZkbNhI em_N it_689y X_fq7 N_6LEV iu_FJ is_Z2bg7IA iv_0 iv3_dRA cZdTOHS_28Otf4 j_ZUs0f0 message-view\" tabindex=\"40\" data-test-id=\"message-view\" data-test-expanded=\"true\" data-iskeynav=\"true\">\n<div data-test-id=\"message-body-container\">\n<div class=\"I_ZkbNhI D_FY W_6D6F\" data-test-id=\"message-view-body\">\n<div class=\"msg-body P_wpofO mq_AS\" data-test-id=\"message-view-body-content\">\n<div class=\"jb_0 X_6MGW N_6Fd5\">\n<div>\n<div id=\"yiv2256599951\">\n<div>\n<p>C\u0103ruciorul ELSIE pentru p\u0103pu\u0219i \u0219i plu\u0219uri \u2013 u\u0219or, adorabil \u0219i realist<\/p>\n<p>ELSIE este un c\u0103rucior u\u0219or, realizat din material moale \u0219i pufos, perfect pentru p\u0103pu\u0219ile \u0219i juc\u0103riile preferate ale copilului t\u0103u. Este compact \u0219i pliabil, u\u0219or de transportat \u00een vizite la prieteni sau familie. Designul s\u0103u cu detalii realiste \u0219i func\u021bionalit\u0103\u021bi inspirate din via\u021ba real\u0103 \u00eencurajeaz\u0103 joaca de rol \u0219i imagina\u021bia celor mici.<\/p>\n<p>Caracteristici:<\/p>\n<ul>\n<li>C\u0103rucior dr\u0103g\u0103la\u0219 pentru p\u0103pu\u0219i \u0219i plu\u0219uri, din material tip pile<\/li>\n<li>Scaunul \u0219i copertina cu protec\u021bie solar\u0103 sunt confec\u021bionate din 100% poliester reciclat, moale la atingere<\/li>\n<li>Cadru din o\u021bel acoperit cu pudr\u0103, cu patru ro\u021bi duble pentru stabilitate sporit\u0103<\/li>\n<li>\u00cencurajeaz\u0103 joaca imaginativ\u0103, at\u00e2t individual\u0103 c\u00e2t \u0219i cu prietenii<\/li>\n<li>Include detalii \u0219i func\u021bii inspirate din c\u0103rucioarele reale<\/li>\n<li>U\u0219or de pliat \u0219i transportat<\/li>\n<li>Poate fi combinat cu landoul \u0219i balansoarul din aceea\u0219i colec\u021bie<\/li>\n<\/ul>\n<p>Dimensiuni: \u00cen\u0103l\u021bime \u2013 54 cm | L\u0103\u021bime \u2013 27 cm | Lungime \u2013 48 cm<\/p>\n<\/div>\n<\/div>\n<\/div>\n<\/div>\n<\/div>\n<\/div>\n<\/div>\n<\/div>\n<\/div>\n<\/div>\n<\/div>\n<\/div>\n<\/div>\n<\/div>\n<\/div>\n<\/div>\n<\/div>\n<\/div>\n<\/div>\n","protected":false},"excerpt":{"rendered":"<p>C\u0103ruciorul ELSIE pentru p\u0103pu\u0219i \u0219i plu\u0219uri \u2013 u\u0219or, adorabil \u0219i realist ELSIE este un c\u0103rucior u\u0219or, realizat din material moale \u0219i pufos, perfect pentru p\u0103pu\u0219ile \u0219i juc\u0103riile preferate ale copilului t\u0103u. Este compact \u0219i pliabil, u\u0219or de transportat \u00een vizite la prieteni sau familie. Designul s\u0103u cu detalii realiste \u0219i func\u021bionalit\u0103\u021bi inspirate din via\u021ba real\u0103 [&hellip;]<\/p>\n","protected":false},"featured_media":31289,"comment_status":"open","ping_status":"closed","template":"","meta":{"site-sidebar-layout":"default","site-content-layout":"","ast-site-content-layout":"default","site-content-style":"default","site-sidebar-style":"default","ast-global-header-display":"","ast-banner-title-visibility":"","ast-main-header-display":"","ast-hfb-above-header-display":"","ast-hfb-below-header-display":"","ast-hfb-mobile-header-display":"","site-post-title":"","ast-breadcrumbs-content":"","ast-featured-img":"","footer-sml-layout":"","theme-transparent-header-meta":"default","adv-header-id-meta":"","stick-header-meta":"default","header-above-stick-meta":"","header-main-stick-meta":"","header-below-stick-meta":"","astra-migrate-meta-layouts":"set","ast-page-background-enabled":"default","ast-page-background-meta":{"desktop":{"background-color":"","background-image":"","background-repeat":"repeat","background-position":"center center","background-size":"auto","background-attachment":"scroll","background-type":"","background-media":"","overlay-type":"","overlay-color":"","overlay-opacity":"","overlay-gradient":""},"tablet":{"background-color":"","background-image":"","background-repeat":"repeat","background-position":"center center","background-size":"auto","background-attachment":"scroll","background-type":"","background-media":"","overlay-type":"","overlay-color":"","overlay-opacity":"","overlay-gradient":""},"mobile":{"background-color":"","background-image":"","background-repeat":"repeat","background-position":"center center","background-size":"auto","background-attachment":"scroll","background-type":"","background-media":"","overlay-type":"","overlay-color":"","overlay-opacity":"","overlay-gradient":""}},"ast-content-background-meta":{"desktop":{"background-color":"var(--ast-global-color-5)","background-image":"","background-repeat":"repeat","background-position":"center center","background-size":"auto","background-attachment":"scroll","background-type":"","background-media":"","overlay-type":"","overlay-color":"","overlay-opacity":"","overlay-gradient":""},"tablet":{"background-color":"var(--ast-global-color-5)","background-image":"","background-repeat":"repeat","background-position":"center center","background-size":"auto","background-attachment":"scroll","background-type":"","background-media":"","overlay-type":"","overlay-color":"","overlay-opacity":"","overlay-gradient":""},"mobile":{"background-color":"var(--ast-global-color-5)","background-image":"","background-repeat":"repeat","background-position":"center center","background-size":"auto","background-attachment":"scroll","background-type":"","background-media":"","overlay-type":"","overlay-color":"","overlay-opacity":"","overlay-gradient":""}}},"product_brand":[],"product_cat":[293,65,67,132],"product_tag":[],"class_list":{"0":"post-31323","1":"product","2":"type-product","3":"status-publish","4":"has-post-thumbnail","6":"product_cat-decoratiuni-fairytale-si-jucarii-minunate","7":"product_cat-noutati-minunate-pentru-puiul-tau","8":"product_cat-papusi-adorabile-si-accesoriile-lor-deosebite","9":"product_cat-reduceri-pentru-tine","10":"desktop-align-left","11":"tablet-align-left","12":"mobile-align-left","13":"ast-product-gallery-layout-horizontal-slider","14":"ast-product-tabs-layout-vertical","15":"ast-qv-on-image","17":"first","18":"instock","19":"sale","20":"shipping-taxable","21":"purchasable","22":"product-type-simple"},"yoast_head":"<!-- This site is optimized with the Yoast SEO plugin v22.6 - https:\/\/yoast.com\/wordpress\/plugins\/seo\/ -->\n<title>Carucior pentru papusi Elsie Pile - Liewood carucior-papusi-elsie<\/title>\n<meta name=\"robots\" content=\"index, follow, max-snippet:-1, max-image-preview:large, max-video-preview:-1\" \/>\n<link rel=\"canonical\" href=\"https:\/\/bunnyboo.ro\/produs\/carucior-pentru-papusi-elsie-pile-liewood\/\" \/>\n<meta property=\"og:locale\" content=\"en_US\" \/>\n<meta property=\"og:type\" content=\"article\" \/>\n<meta property=\"og:title\" content=\"Carucior pentru papusi Elsie Pile - Liewood carucior-papusi-elsie\" \/>\n<meta property=\"og:description\" content=\"C\u0103ruciorul ELSIE pentru p\u0103pu\u0219i \u0219i plu\u0219uri \u2013 u\u0219or, adorabil \u0219i realist ELSIE este un c\u0103rucior u\u0219or, realizat din material moale \u0219i pufos, perfect pentru p\u0103pu\u0219ile \u0219i juc\u0103riile preferate ale copilului t\u0103u. Este compact \u0219i pliabil, u\u0219or de transportat \u00een vizite la prieteni sau familie. Designul s\u0103u cu detalii realiste \u0219i func\u021bionalit\u0103\u021bi inspirate din via\u021ba real\u0103 [&hellip;]\" \/>\n<meta property=\"og:url\" content=\"https:\/\/bunnyboo.ro\/produs\/carucior-pentru-papusi-elsie-pile-liewood\/\" \/>\n<meta property=\"og:site_name\" content=\"Bunny Boo\" \/>\n<meta property=\"article:modified_time\" content=\"2025-12-21T11:52:11+00:00\" \/>\n<meta property=\"og:image\" content=\"https:\/\/bunnyboo.ro\/wp-content\/uploads\/2025\/08\/Elsie_Pile_Doll_Stroller_LW20395_5060_Sandy_1.png\" \/>\n\t<meta property=\"og:image:width\" content=\"2000\" \/>\n\t<meta property=\"og:image:height\" content=\"2000\" \/>\n\t<meta property=\"og:image:type\" content=\"image\/png\" \/>\n<meta name=\"twitter:card\" content=\"summary_large_image\" \/>\n<meta name=\"twitter:label1\" content=\"Est. reading time\" \/>\n\t<meta name=\"twitter:data1\" content=\"1 minute\" \/>\n<script type=\"application\/ld+json\" class=\"yoast-schema-graph\">{\"@context\":\"https:\/\/schema.org\",\"@graph\":[{\"@type\":\"WebPage\",\"@id\":\"https:\/\/bunnyboo.ro\/produs\/carucior-pentru-papusi-elsie-pile-liewood\/\",\"url\":\"https:\/\/bunnyboo.ro\/produs\/carucior-pentru-papusi-elsie-pile-liewood\/\",\"name\":\"Carucior pentru papusi Elsie Pile - Liewood carucior-papusi-elsie\",\"isPartOf\":{\"@id\":\"https:\/\/bunnyboo.ro\/#website\"},\"primaryImageOfPage\":{\"@id\":\"https:\/\/bunnyboo.ro\/produs\/carucior-pentru-papusi-elsie-pile-liewood\/#primaryimage\"},\"image\":{\"@id\":\"https:\/\/bunnyboo.ro\/produs\/carucior-pentru-papusi-elsie-pile-liewood\/#primaryimage\"},\"thumbnailUrl\":\"https:\/\/bunnyboo.ro\/wp-content\/uploads\/2025\/08\/Elsie_Pile_Doll_Stroller_LW20395_5060_Sandy_1.png\",\"datePublished\":\"2025-08-05T13:49:17+00:00\",\"dateModified\":\"2025-12-21T11:52:11+00:00\",\"breadcrumb\":{\"@id\":\"https:\/\/bunnyboo.ro\/produs\/carucior-pentru-papusi-elsie-pile-liewood\/#breadcrumb\"},\"inLanguage\":\"en-US\",\"potentialAction\":[{\"@type\":\"ReadAction\",\"target\":[\"https:\/\/bunnyboo.ro\/produs\/carucior-pentru-papusi-elsie-pile-liewood\/\"]}]},{\"@type\":\"ImageObject\",\"inLanguage\":\"en-US\",\"@id\":\"https:\/\/bunnyboo.ro\/produs\/carucior-pentru-papusi-elsie-pile-liewood\/#primaryimage\",\"url\":\"https:\/\/bunnyboo.ro\/wp-content\/uploads\/2025\/08\/Elsie_Pile_Doll_Stroller_LW20395_5060_Sandy_1.png\",\"contentUrl\":\"https:\/\/bunnyboo.ro\/wp-content\/uploads\/2025\/08\/Elsie_Pile_Doll_Stroller_LW20395_5060_Sandy_1.png\",\"width\":2000,\"height\":2000},{\"@type\":\"BreadcrumbList\",\"@id\":\"https:\/\/bunnyboo.ro\/produs\/carucior-pentru-papusi-elsie-pile-liewood\/#breadcrumb\",\"itemListElement\":[{\"@type\":\"ListItem\",\"position\":1,\"name\":\"Home\",\"item\":\"https:\/\/bunnyboo.ro\/en\/\"},{\"@type\":\"ListItem\",\"position\":2,\"name\":\"New\",\"item\":\"https:\/\/bunnyboo.ro\/en\/shop\/\"},{\"@type\":\"ListItem\",\"position\":3,\"name\":\"Carucior pentru papusi Elsie Pile &#8211; Liewood\"}]},{\"@type\":\"WebSite\",\"@id\":\"https:\/\/bunnyboo.ro\/#website\",\"url\":\"https:\/\/bunnyboo.ro\/\",\"name\":\"Bunny Boo\",\"description\":\"Bunny Boo\",\"publisher\":{\"@id\":\"https:\/\/bunnyboo.ro\/#organization\"},\"potentialAction\":[{\"@type\":\"SearchAction\",\"target\":{\"@type\":\"EntryPoint\",\"urlTemplate\":\"https:\/\/bunnyboo.ro\/?s={search_term_string}\"},\"query-input\":\"required name=search_term_string\"}],\"inLanguage\":\"en-US\"},{\"@type\":\"Organization\",\"@id\":\"https:\/\/bunnyboo.ro\/#organization\",\"name\":\"Bunny Boo\",\"url\":\"https:\/\/bunnyboo.ro\/\",\"logo\":{\"@type\":\"ImageObject\",\"inLanguage\":\"en-US\",\"@id\":\"https:\/\/bunnyboo.ro\/#\/schema\/logo\/image\/\",\"url\":\"https:\/\/bunnyboo.ro\/wp-content\/uploads\/2024\/03\/Logo-website-black.png\",\"contentUrl\":\"https:\/\/bunnyboo.ro\/wp-content\/uploads\/2024\/03\/Logo-website-black.png\",\"width\":2422,\"height\":946,\"caption\":\"Bunny Boo\"},\"image\":{\"@id\":\"https:\/\/bunnyboo.ro\/#\/schema\/logo\/image\/\"}}]}<\/script>\n<!-- \/ Yoast SEO plugin. -->","yoast_head_json":{"title":"Carucior pentru papusi Elsie Pile - Liewood carucior-papusi-elsie","robots":{"index":"index","follow":"follow","max-snippet":"max-snippet:-1","max-image-preview":"max-image-preview:large","max-video-preview":"max-video-preview:-1"},"canonical":"https:\/\/bunnyboo.ro\/produs\/carucior-pentru-papusi-elsie-pile-liewood\/","og_locale":"en_US","og_type":"article","og_title":"Carucior pentru papusi Elsie Pile - Liewood carucior-papusi-elsie","og_description":"C\u0103ruciorul ELSIE pentru p\u0103pu\u0219i \u0219i plu\u0219uri \u2013 u\u0219or, adorabil \u0219i realist ELSIE este un c\u0103rucior u\u0219or, realizat din material moale \u0219i pufos, perfect pentru p\u0103pu\u0219ile \u0219i juc\u0103riile preferate ale copilului t\u0103u. Este compact \u0219i pliabil, u\u0219or de transportat \u00een vizite la prieteni sau familie. Designul s\u0103u cu detalii realiste \u0219i func\u021bionalit\u0103\u021bi inspirate din via\u021ba real\u0103 [&hellip;]","og_url":"https:\/\/bunnyboo.ro\/produs\/carucior-pentru-papusi-elsie-pile-liewood\/","og_site_name":"Bunny Boo","article_modified_time":"2025-12-21T11:52:11+00:00","og_image":[{"width":2000,"height":2000,"url":"https:\/\/bunnyboo.ro\/wp-content\/uploads\/2025\/08\/Elsie_Pile_Doll_Stroller_LW20395_5060_Sandy_1.png","type":"image\/png"}],"twitter_card":"summary_large_image","twitter_misc":{"Est. reading time":"1 minute"},"schema":{"@context":"https:\/\/schema.org","@graph":[{"@type":"WebPage","@id":"https:\/\/bunnyboo.ro\/produs\/carucior-pentru-papusi-elsie-pile-liewood\/","url":"https:\/\/bunnyboo.ro\/produs\/carucior-pentru-papusi-elsie-pile-liewood\/","name":"Carucior pentru papusi Elsie Pile - Liewood carucior-papusi-elsie","isPartOf":{"@id":"https:\/\/bunnyboo.ro\/#website"},"primaryImageOfPage":{"@id":"https:\/\/bunnyboo.ro\/produs\/carucior-pentru-papusi-elsie-pile-liewood\/#primaryimage"},"image":{"@id":"https:\/\/bunnyboo.ro\/produs\/carucior-pentru-papusi-elsie-pile-liewood\/#primaryimage"},"thumbnailUrl":"https:\/\/bunnyboo.ro\/wp-content\/uploads\/2025\/08\/Elsie_Pile_Doll_Stroller_LW20395_5060_Sandy_1.png","datePublished":"2025-08-05T13:49:17+00:00","dateModified":"2025-12-21T11:52:11+00:00","breadcrumb":{"@id":"https:\/\/bunnyboo.ro\/produs\/carucior-pentru-papusi-elsie-pile-liewood\/#breadcrumb"},"inLanguage":"en-US","potentialAction":[{"@type":"ReadAction","target":["https:\/\/bunnyboo.ro\/produs\/carucior-pentru-papusi-elsie-pile-liewood\/"]}]},{"@type":"ImageObject","inLanguage":"en-US","@id":"https:\/\/bunnyboo.ro\/produs\/carucior-pentru-papusi-elsie-pile-liewood\/#primaryimage","url":"https:\/\/bunnyboo.ro\/wp-content\/uploads\/2025\/08\/Elsie_Pile_Doll_Stroller_LW20395_5060_Sandy_1.png","contentUrl":"https:\/\/bunnyboo.ro\/wp-content\/uploads\/2025\/08\/Elsie_Pile_Doll_Stroller_LW20395_5060_Sandy_1.png","width":2000,"height":2000},{"@type":"BreadcrumbList","@id":"https:\/\/bunnyboo.ro\/produs\/carucior-pentru-papusi-elsie-pile-liewood\/#breadcrumb","itemListElement":[{"@type":"ListItem","position":1,"name":"Home","item":"https:\/\/bunnyboo.ro\/en\/"},{"@type":"ListItem","position":2,"name":"New","item":"https:\/\/bunnyboo.ro\/en\/shop\/"},{"@type":"ListItem","position":3,"name":"Carucior pentru papusi Elsie Pile &#8211; Liewood"}]},{"@type":"WebSite","@id":"https:\/\/bunnyboo.ro\/#website","url":"https:\/\/bunnyboo.ro\/","name":"Bunny Boo","description":"Bunny Boo","publisher":{"@id":"https:\/\/bunnyboo.ro\/#organization"},"potentialAction":[{"@type":"SearchAction","target":{"@type":"EntryPoint","urlTemplate":"https:\/\/bunnyboo.ro\/?s={search_term_string}"},"query-input":"required name=search_term_string"}],"inLanguage":"en-US"},{"@type":"Organization","@id":"https:\/\/bunnyboo.ro\/#organization","name":"Bunny Boo","url":"https:\/\/bunnyboo.ro\/","logo":{"@type":"ImageObject","inLanguage":"en-US","@id":"https:\/\/bunnyboo.ro\/#\/schema\/logo\/image\/","url":"https:\/\/bunnyboo.ro\/wp-content\/uploads\/2024\/03\/Logo-website-black.png","contentUrl":"https:\/\/bunnyboo.ro\/wp-content\/uploads\/2024\/03\/Logo-website-black.png","width":2422,"height":946,"caption":"Bunny Boo"},"image":{"@id":"https:\/\/bunnyboo.ro\/#\/schema\/logo\/image\/"}}]}},"_links":{"self":[{"href":"https:\/\/bunnyboo.ro\/en\/wp-json\/wp\/v2\/product\/31323","targetHints":{"allow":["GET"]}}],"collection":[{"href":"https:\/\/bunnyboo.ro\/en\/wp-json\/wp\/v2\/product"}],"about":[{"href":"https:\/\/bunnyboo.ro\/en\/wp-json\/wp\/v2\/types\/product"}],"replies":[{"embeddable":true,"href":"https:\/\/bunnyboo.ro\/en\/wp-json\/wp\/v2\/comments?post=31323"}],"wp:featuredmedia":[{"embeddable":true,"href":"https:\/\/bunnyboo.ro\/en\/wp-json\/wp\/v2\/media\/31289"}],"wp:attachment":[{"href":"https:\/\/bunnyboo.ro\/en\/wp-json\/wp\/v2\/media?parent=31323"}],"wp:term":[{"taxonomy":"product_brand","embeddable":true,"href":"https:\/\/bunnyboo.ro\/en\/wp-json\/wp\/v2\/product_brand?post=31323"},{"taxonomy":"product_cat","embeddable":true,"href":"https:\/\/bunnyboo.ro\/en\/wp-json\/wp\/v2\/product_cat?post=31323"},{"taxonomy":"product_tag","embeddable":true,"href":"https:\/\/bunnyboo.ro\/en\/wp-json\/wp\/v2\/product_tag?post=31323"}],"curies":[{"name":"wp","href":"https:\/\/api.w.org\/{rel}","templated":true}]}}