{"id":31322,"date":"2025-08-05T16:28:12","date_gmt":"2025-08-05T13:28:12","guid":{"rendered":"https:\/\/bunnyboo.ro\/?post_type=product&#038;p=31322"},"modified":"2026-04-16T21:33:47","modified_gmt":"2026-04-16T18:33:47","slug":"crocodil-din-plus-teddy-brayden-liewood","status":"publish","type":"product","link":"https:\/\/bunnyboo.ro\/en\/produs\/crocodil-din-plus-teddy-brayden-liewood\/","title":{"rendered":"Crocodil din plus Brayden &#8211; Liewood"},"content":{"rendered":"<div class=\"I_ZkbNhI D_FY W_6D6F\" data-test-id=\"message-view-body\">\n<div class=\"msg-body P_wpofO mq_AS\" data-test-id=\"message-view-body-content\">\n<div class=\"jb_0 X_6MGW N_6Fd5\">\n<div id=\"yiv7365618852\">\n<div class=\"I_ZkbNhI D_FY W_6D6F\" data-test-id=\"message-view-body\">\n<div class=\"msg-body P_wpofO mq_AS\" data-test-id=\"message-view-body-content\">\n<div class=\"jb_0 X_6MGW N_6Fd5\">\n<div>\n<div id=\"yiv2625353710\">\n<div>\n<p>Crocodilul de plu\u0219 mare \u2013 prietenul moale \u0219i adorabil al copilului t\u0103u<\/p>\n<p>Acest crocodil de plu\u0219 \u00eembr\u0103\u021bi\u0219abil va deveni un companion de n\u0103dejde pentru copilul t\u0103u. Realizat din materiale certificate GRS \u0219i umplut cu un material moale \u0219i elastic, este alegerea perfect\u0103 pentru un cadou special, dar \u0219i pentru decorarea camerei copilului.<\/p>\n<p>Caracteristici:<\/p>\n<ul>\n<li>Crocodil de plu\u0219 de dimensiuni mari<\/li>\n<li>Fabricat din 100% poliester reciclat certificat GRS, foarte moale<\/li>\n<li>Umplutur\u0103 super elastic\u0103 pentru o \u00eembr\u0103\u021bi\u0219are perfect\u0103<\/li>\n<li>Un prieten pufos pentru toat\u0103 copil\u0103ria<\/li>\n<li>Companion decorativ \u0219i adorabil pentru camera celor mici<\/li>\n<\/ul>\n<p>Dimensiuni: \u00cen\u0103l\u021bime \u2013 12 cm | Lungime \u2013 125 cm<\/p>\n<div><\/div>\n<div dir=\"ltr\"><\/div>\n<\/div>\n<\/div>\n<\/div>\n<\/div>\n<\/div>\n<div class=\"jb_0 X_6MGW N_6Fd5\"><\/div>\n<\/div>\n<div class=\"H_7jIs D_F ab_C Q_69H5 E_36RhU\" data-test-id=\"toolbar-hover-area\">\n<div class=\"D_F W_6D6F r_BN gl_C\" data-test-id=\"card-toolbar\"><\/div>\n<\/div>\n<div><\/div>\n<div dir=\"ltr\"><\/div>\n<\/div>\n<\/div>\n<\/div>\n<div class=\"jb_0 X_6MGW N_6Fd5\"><\/div>\n<\/div>\n<div class=\"H_7jIs D_F ab_C Q_69H5 E_36RhU\" data-test-id=\"toolbar-hover-area\">\n<div class=\"D_F W_6D6F r_BN gl_C\" data-test-id=\"card-toolbar\"><\/div>\n<\/div>\n","protected":false},"excerpt":{"rendered":"<p>Crocodilul de plu\u0219 mare \u2013 prietenul moale \u0219i adorabil al copilului t\u0103u Acest crocodil de plu\u0219 \u00eembr\u0103\u021bi\u0219abil va deveni un companion de n\u0103dejde pentru copilul t\u0103u. Realizat din materiale certificate GRS \u0219i umplut cu un material moale \u0219i elastic, este alegerea perfect\u0103 pentru un cadou special, dar \u0219i pentru decorarea camerei copilului. Caracteristici: Crocodil de [&hellip;]<\/p>\n","protected":false},"featured_media":31287,"comment_status":"open","ping_status":"closed","template":"","meta":{"site-sidebar-layout":"default","site-content-layout":"","ast-site-content-layout":"default","site-content-style":"default","site-sidebar-style":"default","ast-global-header-display":"","ast-banner-title-visibility":"","ast-main-header-display":"","ast-hfb-above-header-display":"","ast-hfb-below-header-display":"","ast-hfb-mobile-header-display":"","site-post-title":"","ast-breadcrumbs-content":"","ast-featured-img":"","footer-sml-layout":"","theme-transparent-header-meta":"default","adv-header-id-meta":"","stick-header-meta":"default","header-above-stick-meta":"","header-main-stick-meta":"","header-below-stick-meta":"","astra-migrate-meta-layouts":"set","ast-page-background-enabled":"default","ast-page-background-meta":{"desktop":{"background-color":"","background-image":"","background-repeat":"repeat","background-position":"center center","background-size":"auto","background-attachment":"scroll","background-type":"","background-media":"","overlay-type":"","overlay-color":"","overlay-opacity":"","overlay-gradient":""},"tablet":{"background-color":"","background-image":"","background-repeat":"repeat","background-position":"center center","background-size":"auto","background-attachment":"scroll","background-type":"","background-media":"","overlay-type":"","overlay-color":"","overlay-opacity":"","overlay-gradient":""},"mobile":{"background-color":"","background-image":"","background-repeat":"repeat","background-position":"center center","background-size":"auto","background-attachment":"scroll","background-type":"","background-media":"","overlay-type":"","overlay-color":"","overlay-opacity":"","overlay-gradient":""}},"ast-content-background-meta":{"desktop":{"background-color":"var(--ast-global-color-5)","background-image":"","background-repeat":"repeat","background-position":"center center","background-size":"auto","background-attachment":"scroll","background-type":"","background-media":"","overlay-type":"","overlay-color":"","overlay-opacity":"","overlay-gradient":""},"tablet":{"background-color":"var(--ast-global-color-5)","background-image":"","background-repeat":"repeat","background-position":"center center","background-size":"auto","background-attachment":"scroll","background-type":"","background-media":"","overlay-type":"","overlay-color":"","overlay-opacity":"","overlay-gradient":""},"mobile":{"background-color":"var(--ast-global-color-5)","background-image":"","background-repeat":"repeat","background-position":"center center","background-size":"auto","background-attachment":"scroll","background-type":"","background-media":"","overlay-type":"","overlay-color":"","overlay-opacity":"","overlay-gradient":""}}},"product_brand":[],"product_cat":[52,65,132],"product_tag":[],"class_list":{"0":"post-31322","1":"product","2":"type-product","3":"status-publish","4":"has-post-thumbnail","6":"product_cat-cei-mai-buni-prieteni","7":"product_cat-noutati-minunate-pentru-puiul-tau","8":"product_cat-reduceri-pentru-tine","9":"desktop-align-left","10":"tablet-align-left","11":"mobile-align-left","12":"ast-product-gallery-layout-horizontal-slider","13":"ast-product-tabs-layout-vertical","14":"ast-qv-on-image","16":"first","17":"instock","18":"sale","19":"shipping-taxable","20":"purchasable","21":"product-type-simple"},"yoast_head":"<!-- This site is optimized with the Yoast SEO plugin v22.6 - https:\/\/yoast.com\/wordpress\/plugins\/seo\/ -->\n<title>Crocodil din plus Brayden - Liewood<\/title>\n<meta name=\"robots\" content=\"index, follow, max-snippet:-1, max-image-preview:large, max-video-preview:-1\" \/>\n<link rel=\"canonical\" href=\"https:\/\/bunnyboo.ro\/produs\/crocodil-din-plus-teddy-brayden-liewood\/\" \/>\n<meta property=\"og:locale\" content=\"en_US\" \/>\n<meta property=\"og:type\" content=\"article\" \/>\n<meta property=\"og:title\" content=\"Crocodil din plus Brayden - Liewood\" \/>\n<meta property=\"og:description\" content=\"Crocodilul de plu\u0219 mare \u2013 prietenul moale \u0219i adorabil al copilului t\u0103u Acest crocodil de plu\u0219 \u00eembr\u0103\u021bi\u0219abil va deveni un companion de n\u0103dejde pentru copilul t\u0103u. Realizat din materiale certificate GRS \u0219i umplut cu un material moale \u0219i elastic, este alegerea perfect\u0103 pentru un cadou special, dar \u0219i pentru decorarea camerei copilului. Caracteristici: Crocodil de [&hellip;]\" \/>\n<meta property=\"og:url\" content=\"https:\/\/bunnyboo.ro\/produs\/crocodil-din-plus-teddy-brayden-liewood\/\" \/>\n<meta property=\"og:site_name\" content=\"Bunny Boo\" \/>\n<meta property=\"article:modified_time\" content=\"2026-04-16T18:33:47+00:00\" \/>\n<meta property=\"og:image\" content=\"https:\/\/bunnyboo.ro\/wp-content\/uploads\/2025\/08\/Brayden_Carlos_Crocodile_Teddy_LW20366_7374_Garden_green_1.png\" \/>\n\t<meta property=\"og:image:width\" content=\"2000\" \/>\n\t<meta property=\"og:image:height\" content=\"2000\" \/>\n\t<meta property=\"og:image:type\" content=\"image\/png\" \/>\n<meta name=\"twitter:card\" content=\"summary_large_image\" \/>\n<meta name=\"twitter:label1\" content=\"Est. reading time\" \/>\n\t<meta name=\"twitter:data1\" content=\"1 minute\" \/>\n<script type=\"application\/ld+json\" class=\"yoast-schema-graph\">{\"@context\":\"https:\/\/schema.org\",\"@graph\":[{\"@type\":\"WebPage\",\"@id\":\"https:\/\/bunnyboo.ro\/produs\/crocodil-din-plus-teddy-brayden-liewood\/\",\"url\":\"https:\/\/bunnyboo.ro\/produs\/crocodil-din-plus-teddy-brayden-liewood\/\",\"name\":\"Crocodil din plus Brayden - Liewood\",\"isPartOf\":{\"@id\":\"https:\/\/bunnyboo.ro\/#website\"},\"primaryImageOfPage\":{\"@id\":\"https:\/\/bunnyboo.ro\/produs\/crocodil-din-plus-teddy-brayden-liewood\/#primaryimage\"},\"image\":{\"@id\":\"https:\/\/bunnyboo.ro\/produs\/crocodil-din-plus-teddy-brayden-liewood\/#primaryimage\"},\"thumbnailUrl\":\"https:\/\/bunnyboo.ro\/wp-content\/uploads\/2025\/08\/Brayden_Carlos_Crocodile_Teddy_LW20366_7374_Garden_green_1.png\",\"datePublished\":\"2025-08-05T13:28:12+00:00\",\"dateModified\":\"2026-04-16T18:33:47+00:00\",\"breadcrumb\":{\"@id\":\"https:\/\/bunnyboo.ro\/produs\/crocodil-din-plus-teddy-brayden-liewood\/#breadcrumb\"},\"inLanguage\":\"en-US\",\"potentialAction\":[{\"@type\":\"ReadAction\",\"target\":[\"https:\/\/bunnyboo.ro\/produs\/crocodil-din-plus-teddy-brayden-liewood\/\"]}]},{\"@type\":\"ImageObject\",\"inLanguage\":\"en-US\",\"@id\":\"https:\/\/bunnyboo.ro\/produs\/crocodil-din-plus-teddy-brayden-liewood\/#primaryimage\",\"url\":\"https:\/\/bunnyboo.ro\/wp-content\/uploads\/2025\/08\/Brayden_Carlos_Crocodile_Teddy_LW20366_7374_Garden_green_1.png\",\"contentUrl\":\"https:\/\/bunnyboo.ro\/wp-content\/uploads\/2025\/08\/Brayden_Carlos_Crocodile_Teddy_LW20366_7374_Garden_green_1.png\",\"width\":2000,\"height\":2000},{\"@type\":\"BreadcrumbList\",\"@id\":\"https:\/\/bunnyboo.ro\/produs\/crocodil-din-plus-teddy-brayden-liewood\/#breadcrumb\",\"itemListElement\":[{\"@type\":\"ListItem\",\"position\":1,\"name\":\"Home\",\"item\":\"https:\/\/bunnyboo.ro\/en\/\"},{\"@type\":\"ListItem\",\"position\":2,\"name\":\"New\",\"item\":\"https:\/\/bunnyboo.ro\/en\/shop\/\"},{\"@type\":\"ListItem\",\"position\":3,\"name\":\"Crocodil din plus Brayden &#8211; Liewood\"}]},{\"@type\":\"WebSite\",\"@id\":\"https:\/\/bunnyboo.ro\/#website\",\"url\":\"https:\/\/bunnyboo.ro\/\",\"name\":\"Bunny Boo\",\"description\":\"Bunny Boo\",\"publisher\":{\"@id\":\"https:\/\/bunnyboo.ro\/#organization\"},\"potentialAction\":[{\"@type\":\"SearchAction\",\"target\":{\"@type\":\"EntryPoint\",\"urlTemplate\":\"https:\/\/bunnyboo.ro\/?s={search_term_string}\"},\"query-input\":\"required name=search_term_string\"}],\"inLanguage\":\"en-US\"},{\"@type\":\"Organization\",\"@id\":\"https:\/\/bunnyboo.ro\/#organization\",\"name\":\"Bunny Boo\",\"url\":\"https:\/\/bunnyboo.ro\/\",\"logo\":{\"@type\":\"ImageObject\",\"inLanguage\":\"en-US\",\"@id\":\"https:\/\/bunnyboo.ro\/#\/schema\/logo\/image\/\",\"url\":\"https:\/\/bunnyboo.ro\/wp-content\/uploads\/2024\/03\/Logo-website-black.png\",\"contentUrl\":\"https:\/\/bunnyboo.ro\/wp-content\/uploads\/2024\/03\/Logo-website-black.png\",\"width\":2422,\"height\":946,\"caption\":\"Bunny Boo\"},\"image\":{\"@id\":\"https:\/\/bunnyboo.ro\/#\/schema\/logo\/image\/\"}}]}<\/script>\n<!-- \/ Yoast SEO plugin. -->","yoast_head_json":{"title":"Crocodil din plus Brayden - Liewood","robots":{"index":"index","follow":"follow","max-snippet":"max-snippet:-1","max-image-preview":"max-image-preview:large","max-video-preview":"max-video-preview:-1"},"canonical":"https:\/\/bunnyboo.ro\/produs\/crocodil-din-plus-teddy-brayden-liewood\/","og_locale":"en_US","og_type":"article","og_title":"Crocodil din plus Brayden - Liewood","og_description":"Crocodilul de plu\u0219 mare \u2013 prietenul moale \u0219i adorabil al copilului t\u0103u Acest crocodil de plu\u0219 \u00eembr\u0103\u021bi\u0219abil va deveni un companion de n\u0103dejde pentru copilul t\u0103u. Realizat din materiale certificate GRS \u0219i umplut cu un material moale \u0219i elastic, este alegerea perfect\u0103 pentru un cadou special, dar \u0219i pentru decorarea camerei copilului. Caracteristici: Crocodil de [&hellip;]","og_url":"https:\/\/bunnyboo.ro\/produs\/crocodil-din-plus-teddy-brayden-liewood\/","og_site_name":"Bunny Boo","article_modified_time":"2026-04-16T18:33:47+00:00","og_image":[{"width":2000,"height":2000,"url":"https:\/\/bunnyboo.ro\/wp-content\/uploads\/2025\/08\/Brayden_Carlos_Crocodile_Teddy_LW20366_7374_Garden_green_1.png","type":"image\/png"}],"twitter_card":"summary_large_image","twitter_misc":{"Est. reading time":"1 minute"},"schema":{"@context":"https:\/\/schema.org","@graph":[{"@type":"WebPage","@id":"https:\/\/bunnyboo.ro\/produs\/crocodil-din-plus-teddy-brayden-liewood\/","url":"https:\/\/bunnyboo.ro\/produs\/crocodil-din-plus-teddy-brayden-liewood\/","name":"Crocodil din plus Brayden - Liewood","isPartOf":{"@id":"https:\/\/bunnyboo.ro\/#website"},"primaryImageOfPage":{"@id":"https:\/\/bunnyboo.ro\/produs\/crocodil-din-plus-teddy-brayden-liewood\/#primaryimage"},"image":{"@id":"https:\/\/bunnyboo.ro\/produs\/crocodil-din-plus-teddy-brayden-liewood\/#primaryimage"},"thumbnailUrl":"https:\/\/bunnyboo.ro\/wp-content\/uploads\/2025\/08\/Brayden_Carlos_Crocodile_Teddy_LW20366_7374_Garden_green_1.png","datePublished":"2025-08-05T13:28:12+00:00","dateModified":"2026-04-16T18:33:47+00:00","breadcrumb":{"@id":"https:\/\/bunnyboo.ro\/produs\/crocodil-din-plus-teddy-brayden-liewood\/#breadcrumb"},"inLanguage":"en-US","potentialAction":[{"@type":"ReadAction","target":["https:\/\/bunnyboo.ro\/produs\/crocodil-din-plus-teddy-brayden-liewood\/"]}]},{"@type":"ImageObject","inLanguage":"en-US","@id":"https:\/\/bunnyboo.ro\/produs\/crocodil-din-plus-teddy-brayden-liewood\/#primaryimage","url":"https:\/\/bunnyboo.ro\/wp-content\/uploads\/2025\/08\/Brayden_Carlos_Crocodile_Teddy_LW20366_7374_Garden_green_1.png","contentUrl":"https:\/\/bunnyboo.ro\/wp-content\/uploads\/2025\/08\/Brayden_Carlos_Crocodile_Teddy_LW20366_7374_Garden_green_1.png","width":2000,"height":2000},{"@type":"BreadcrumbList","@id":"https:\/\/bunnyboo.ro\/produs\/crocodil-din-plus-teddy-brayden-liewood\/#breadcrumb","itemListElement":[{"@type":"ListItem","position":1,"name":"Home","item":"https:\/\/bunnyboo.ro\/en\/"},{"@type":"ListItem","position":2,"name":"New","item":"https:\/\/bunnyboo.ro\/en\/shop\/"},{"@type":"ListItem","position":3,"name":"Crocodil din plus Brayden &#8211; Liewood"}]},{"@type":"WebSite","@id":"https:\/\/bunnyboo.ro\/#website","url":"https:\/\/bunnyboo.ro\/","name":"Bunny Boo","description":"Bunny Boo","publisher":{"@id":"https:\/\/bunnyboo.ro\/#organization"},"potentialAction":[{"@type":"SearchAction","target":{"@type":"EntryPoint","urlTemplate":"https:\/\/bunnyboo.ro\/?s={search_term_string}"},"query-input":"required name=search_term_string"}],"inLanguage":"en-US"},{"@type":"Organization","@id":"https:\/\/bunnyboo.ro\/#organization","name":"Bunny Boo","url":"https:\/\/bunnyboo.ro\/","logo":{"@type":"ImageObject","inLanguage":"en-US","@id":"https:\/\/bunnyboo.ro\/#\/schema\/logo\/image\/","url":"https:\/\/bunnyboo.ro\/wp-content\/uploads\/2024\/03\/Logo-website-black.png","contentUrl":"https:\/\/bunnyboo.ro\/wp-content\/uploads\/2024\/03\/Logo-website-black.png","width":2422,"height":946,"caption":"Bunny Boo"},"image":{"@id":"https:\/\/bunnyboo.ro\/#\/schema\/logo\/image\/"}}]}},"_links":{"self":[{"href":"https:\/\/bunnyboo.ro\/en\/wp-json\/wp\/v2\/product\/31322","targetHints":{"allow":["GET"]}}],"collection":[{"href":"https:\/\/bunnyboo.ro\/en\/wp-json\/wp\/v2\/product"}],"about":[{"href":"https:\/\/bunnyboo.ro\/en\/wp-json\/wp\/v2\/types\/product"}],"replies":[{"embeddable":true,"href":"https:\/\/bunnyboo.ro\/en\/wp-json\/wp\/v2\/comments?post=31322"}],"wp:featuredmedia":[{"embeddable":true,"href":"https:\/\/bunnyboo.ro\/en\/wp-json\/wp\/v2\/media\/31287"}],"wp:attachment":[{"href":"https:\/\/bunnyboo.ro\/en\/wp-json\/wp\/v2\/media?parent=31322"}],"wp:term":[{"taxonomy":"product_brand","embeddable":true,"href":"https:\/\/bunnyboo.ro\/en\/wp-json\/wp\/v2\/product_brand?post=31322"},{"taxonomy":"product_cat","embeddable":true,"href":"https:\/\/bunnyboo.ro\/en\/wp-json\/wp\/v2\/product_cat?post=31322"},{"taxonomy":"product_tag","embeddable":true,"href":"https:\/\/bunnyboo.ro\/en\/wp-json\/wp\/v2\/product_tag?post=31322"}],"curies":[{"name":"wp","href":"https:\/\/api.w.org\/{rel}","templated":true}]}}