{"id":31265,"date":"2025-08-05T15:32:57","date_gmt":"2025-08-05T12:32:57","guid":{"rendered":"https:\/\/bunnyboo.ro\/?post_type=product&#038;p=31265"},"modified":"2026-03-26T14:40:33","modified_gmt":"2026-03-26T12:40:33","slug":"tabla-magnetica-annelise-tuscany-rose-liewood-2","status":"publish","type":"product","link":"https:\/\/bunnyboo.ro\/en\/produs\/tabla-magnetica-annelise-tuscany-rose-liewood-2\/","title":{"rendered":"Tabla magnetica Annelise Tuscany Rose &#8211; Liewood"},"content":{"rendered":"<p class=\"MsoNormal\" style=\"margin: 0cm 0cm 0.0001pt;\"><span lang=\"RO\">Tabla magnetica Liewood<\/span><\/p>\n<p class=\"MsoNormal\" style=\"margin: 0cm 0cm 0.0001pt;\"><span lang=\"RO\">\u00a0<\/span><\/p>\n<p class=\"MsoNormal\" style=\"margin: 0cm 0cm 0.0001pt;\"><span lang=\"RO\">Un gadget distractiv pentru copii pentru a-\u0219i antrena abilit\u0103\u021bile de desen.<\/span><\/p>\n<p>&nbsp;<\/p>\n<p>Placa stem magnetica<\/p>\n<p>Pentru creativitate \u0219i joc captivant<\/p>\n<p>Utiliza\u021bi varful magnetic pentru a desena diferite motive<\/p>\n<p>Alternativ\u0103 reutilizabil\u0103 la desenul pe h\u00e2rtie<\/p>\n<p>Portabil \u0219i prietenos pentru c\u0103l\u0103torii<\/p>\n","protected":false},"excerpt":{"rendered":"<p>Tabla magnetica Liewood \u00a0 Un gadget distractiv pentru copii pentru a-\u0219i antrena abilit\u0103\u021bile de desen. &nbsp; Placa stem magnetica Pentru creativitate \u0219i joc captivant Utiliza\u021bi varful magnetic pentru a desena diferite motive Alternativ\u0103 reutilizabil\u0103 la desenul pe h\u00e2rtie Portabil \u0219i prietenos pentru c\u0103l\u0103torii<\/p>\n","protected":false},"featured_media":27817,"comment_status":"open","ping_status":"closed","template":"","meta":{"site-sidebar-layout":"default","site-content-layout":"","ast-site-content-layout":"default","site-content-style":"default","site-sidebar-style":"default","ast-global-header-display":"","ast-banner-title-visibility":"","ast-main-header-display":"","ast-hfb-above-header-display":"","ast-hfb-below-header-display":"","ast-hfb-mobile-header-display":"","site-post-title":"","ast-breadcrumbs-content":"","ast-featured-img":"","footer-sml-layout":"","theme-transparent-header-meta":"default","adv-header-id-meta":"","stick-header-meta":"default","header-above-stick-meta":"","header-main-stick-meta":"","header-below-stick-meta":"","astra-migrate-meta-layouts":"set","ast-page-background-enabled":"default","ast-page-background-meta":{"desktop":{"background-color":"","background-image":"","background-repeat":"repeat","background-position":"center center","background-size":"auto","background-attachment":"scroll","background-type":"","background-media":"","overlay-type":"","overlay-color":"","overlay-opacity":"","overlay-gradient":""},"tablet":{"background-color":"","background-image":"","background-repeat":"repeat","background-position":"center center","background-size":"auto","background-attachment":"scroll","background-type":"","background-media":"","overlay-type":"","overlay-color":"","overlay-opacity":"","overlay-gradient":""},"mobile":{"background-color":"","background-image":"","background-repeat":"repeat","background-position":"center center","background-size":"auto","background-attachment":"scroll","background-type":"","background-media":"","overlay-type":"","overlay-color":"","overlay-opacity":"","overlay-gradient":""}},"ast-content-background-meta":{"desktop":{"background-color":"var(--ast-global-color-5)","background-image":"","background-repeat":"repeat","background-position":"center center","background-size":"auto","background-attachment":"scroll","background-type":"","background-media":"","overlay-type":"","overlay-color":"","overlay-opacity":"","overlay-gradient":""},"tablet":{"background-color":"var(--ast-global-color-5)","background-image":"","background-repeat":"repeat","background-position":"center center","background-size":"auto","background-attachment":"scroll","background-type":"","background-media":"","overlay-type":"","overlay-color":"","overlay-opacity":"","overlay-gradient":""},"mobile":{"background-color":"var(--ast-global-color-5)","background-image":"","background-repeat":"repeat","background-position":"center center","background-size":"auto","background-attachment":"scroll","background-type":"","background-media":"","overlay-type":"","overlay-color":"","overlay-opacity":"","overlay-gradient":""}}},"product_brand":[],"product_cat":[51,65,292,95,132],"product_tag":[],"class_list":{"0":"post-31265","1":"product","2":"type-product","3":"status-publish","4":"has-post-thumbnail","6":"product_cat-jucarii-pentru-puiul-tau-mic","7":"product_cat-noutati-minunate-pentru-puiul-tau","8":"product_cat-carticele-de-activitati","9":"product_cat-distractie-fara-limite-cu-seturile-magnetice","10":"product_cat-reduceri-pentru-tine","11":"desktop-align-left","12":"tablet-align-left","13":"mobile-align-left","14":"ast-product-gallery-layout-horizontal-slider","15":"ast-product-tabs-layout-vertical","16":"ast-qv-on-image","18":"first","19":"instock","20":"sale","21":"shipping-taxable","22":"purchasable","23":"product-type-simple"},"yoast_head":"<!-- This site is optimized with the Yoast SEO plugin v22.6 - https:\/\/yoast.com\/wordpress\/plugins\/seo\/ -->\n<title>Tabla magnetica Annelise Tuscany Rose - Liewood<\/title>\n<meta name=\"robots\" content=\"index, follow, max-snippet:-1, max-image-preview:large, max-video-preview:-1\" \/>\n<link rel=\"canonical\" href=\"https:\/\/bunnyboo.ro\/produs\/tabla-magnetica-annelise-tuscany-rose-liewood-2\/\" \/>\n<meta property=\"og:locale\" content=\"en_US\" \/>\n<meta property=\"og:type\" content=\"article\" \/>\n<meta property=\"og:title\" content=\"Tabla magnetica Annelise Tuscany Rose - Liewood\" \/>\n<meta property=\"og:description\" content=\"Tabla magnetica Liewood \u00a0 Un gadget distractiv pentru copii pentru a-\u0219i antrena abilit\u0103\u021bile de desen. &nbsp; Placa stem magnetica Pentru creativitate \u0219i joc captivant Utiliza\u021bi varful magnetic pentru a desena diferite motive Alternativ\u0103 reutilizabil\u0103 la desenul pe h\u00e2rtie Portabil \u0219i prietenos pentru c\u0103l\u0103torii\" \/>\n<meta property=\"og:url\" content=\"https:\/\/bunnyboo.ro\/produs\/tabla-magnetica-annelise-tuscany-rose-liewood-2\/\" \/>\n<meta property=\"og:site_name\" content=\"Bunny Boo\" \/>\n<meta property=\"article:modified_time\" content=\"2026-03-26T12:40:33+00:00\" \/>\n<meta property=\"og:image\" content=\"https:\/\/bunnyboo.ro\/wp-content\/uploads\/2024\/07\/Annelise_Magnetic_Stem_Board_LW19320_2074_Tuscany_rose_1-1024x1024.png\" \/>\n\t<meta property=\"og:image:width\" content=\"1024\" \/>\n\t<meta property=\"og:image:height\" content=\"1024\" \/>\n\t<meta property=\"og:image:type\" content=\"image\/png\" \/>\n<meta name=\"twitter:card\" content=\"summary_large_image\" \/>\n<meta name=\"twitter:label1\" content=\"Est. reading time\" \/>\n\t<meta name=\"twitter:data1\" content=\"1 minute\" \/>\n<script type=\"application\/ld+json\" class=\"yoast-schema-graph\">{\"@context\":\"https:\/\/schema.org\",\"@graph\":[{\"@type\":\"WebPage\",\"@id\":\"https:\/\/bunnyboo.ro\/produs\/tabla-magnetica-annelise-tuscany-rose-liewood-2\/\",\"url\":\"https:\/\/bunnyboo.ro\/produs\/tabla-magnetica-annelise-tuscany-rose-liewood-2\/\",\"name\":\"Tabla magnetica Annelise Tuscany Rose - Liewood\",\"isPartOf\":{\"@id\":\"https:\/\/bunnyboo.ro\/#website\"},\"primaryImageOfPage\":{\"@id\":\"https:\/\/bunnyboo.ro\/produs\/tabla-magnetica-annelise-tuscany-rose-liewood-2\/#primaryimage\"},\"image\":{\"@id\":\"https:\/\/bunnyboo.ro\/produs\/tabla-magnetica-annelise-tuscany-rose-liewood-2\/#primaryimage\"},\"thumbnailUrl\":\"https:\/\/bunnyboo.ro\/wp-content\/uploads\/2024\/07\/Annelise_Magnetic_Stem_Board_LW19320_2074_Tuscany_rose_1.png\",\"datePublished\":\"2025-08-05T12:32:57+00:00\",\"dateModified\":\"2026-03-26T12:40:33+00:00\",\"breadcrumb\":{\"@id\":\"https:\/\/bunnyboo.ro\/produs\/tabla-magnetica-annelise-tuscany-rose-liewood-2\/#breadcrumb\"},\"inLanguage\":\"en-US\",\"potentialAction\":[{\"@type\":\"ReadAction\",\"target\":[\"https:\/\/bunnyboo.ro\/produs\/tabla-magnetica-annelise-tuscany-rose-liewood-2\/\"]}]},{\"@type\":\"ImageObject\",\"inLanguage\":\"en-US\",\"@id\":\"https:\/\/bunnyboo.ro\/produs\/tabla-magnetica-annelise-tuscany-rose-liewood-2\/#primaryimage\",\"url\":\"https:\/\/bunnyboo.ro\/wp-content\/uploads\/2024\/07\/Annelise_Magnetic_Stem_Board_LW19320_2074_Tuscany_rose_1.png\",\"contentUrl\":\"https:\/\/bunnyboo.ro\/wp-content\/uploads\/2024\/07\/Annelise_Magnetic_Stem_Board_LW19320_2074_Tuscany_rose_1.png\",\"width\":2000,\"height\":2000},{\"@type\":\"BreadcrumbList\",\"@id\":\"https:\/\/bunnyboo.ro\/produs\/tabla-magnetica-annelise-tuscany-rose-liewood-2\/#breadcrumb\",\"itemListElement\":[{\"@type\":\"ListItem\",\"position\":1,\"name\":\"Home\",\"item\":\"https:\/\/bunnyboo.ro\/en\/\"},{\"@type\":\"ListItem\",\"position\":2,\"name\":\"New\",\"item\":\"https:\/\/bunnyboo.ro\/en\/shop\/\"},{\"@type\":\"ListItem\",\"position\":3,\"name\":\"Tabla magnetica Annelise Tuscany Rose &#8211; Liewood\"}]},{\"@type\":\"WebSite\",\"@id\":\"https:\/\/bunnyboo.ro\/#website\",\"url\":\"https:\/\/bunnyboo.ro\/\",\"name\":\"Bunny Boo\",\"description\":\"Bunny Boo\",\"publisher\":{\"@id\":\"https:\/\/bunnyboo.ro\/#organization\"},\"potentialAction\":[{\"@type\":\"SearchAction\",\"target\":{\"@type\":\"EntryPoint\",\"urlTemplate\":\"https:\/\/bunnyboo.ro\/?s={search_term_string}\"},\"query-input\":\"required name=search_term_string\"}],\"inLanguage\":\"en-US\"},{\"@type\":\"Organization\",\"@id\":\"https:\/\/bunnyboo.ro\/#organization\",\"name\":\"Bunny Boo\",\"url\":\"https:\/\/bunnyboo.ro\/\",\"logo\":{\"@type\":\"ImageObject\",\"inLanguage\":\"en-US\",\"@id\":\"https:\/\/bunnyboo.ro\/#\/schema\/logo\/image\/\",\"url\":\"https:\/\/bunnyboo.ro\/wp-content\/uploads\/2024\/03\/Logo-website-black.png\",\"contentUrl\":\"https:\/\/bunnyboo.ro\/wp-content\/uploads\/2024\/03\/Logo-website-black.png\",\"width\":2422,\"height\":946,\"caption\":\"Bunny Boo\"},\"image\":{\"@id\":\"https:\/\/bunnyboo.ro\/#\/schema\/logo\/image\/\"}}]}<\/script>\n<!-- \/ Yoast SEO plugin. -->","yoast_head_json":{"title":"Tabla magnetica Annelise Tuscany Rose - Liewood","robots":{"index":"index","follow":"follow","max-snippet":"max-snippet:-1","max-image-preview":"max-image-preview:large","max-video-preview":"max-video-preview:-1"},"canonical":"https:\/\/bunnyboo.ro\/produs\/tabla-magnetica-annelise-tuscany-rose-liewood-2\/","og_locale":"en_US","og_type":"article","og_title":"Tabla magnetica Annelise Tuscany Rose - Liewood","og_description":"Tabla magnetica Liewood \u00a0 Un gadget distractiv pentru copii pentru a-\u0219i antrena abilit\u0103\u021bile de desen. &nbsp; Placa stem magnetica Pentru creativitate \u0219i joc captivant Utiliza\u021bi varful magnetic pentru a desena diferite motive Alternativ\u0103 reutilizabil\u0103 la desenul pe h\u00e2rtie Portabil \u0219i prietenos pentru c\u0103l\u0103torii","og_url":"https:\/\/bunnyboo.ro\/produs\/tabla-magnetica-annelise-tuscany-rose-liewood-2\/","og_site_name":"Bunny Boo","article_modified_time":"2026-03-26T12:40:33+00:00","og_image":[{"width":1024,"height":1024,"url":"https:\/\/bunnyboo.ro\/wp-content\/uploads\/2024\/07\/Annelise_Magnetic_Stem_Board_LW19320_2074_Tuscany_rose_1-1024x1024.png","type":"image\/png"}],"twitter_card":"summary_large_image","twitter_misc":{"Est. reading time":"1 minute"},"schema":{"@context":"https:\/\/schema.org","@graph":[{"@type":"WebPage","@id":"https:\/\/bunnyboo.ro\/produs\/tabla-magnetica-annelise-tuscany-rose-liewood-2\/","url":"https:\/\/bunnyboo.ro\/produs\/tabla-magnetica-annelise-tuscany-rose-liewood-2\/","name":"Tabla magnetica Annelise Tuscany Rose - Liewood","isPartOf":{"@id":"https:\/\/bunnyboo.ro\/#website"},"primaryImageOfPage":{"@id":"https:\/\/bunnyboo.ro\/produs\/tabla-magnetica-annelise-tuscany-rose-liewood-2\/#primaryimage"},"image":{"@id":"https:\/\/bunnyboo.ro\/produs\/tabla-magnetica-annelise-tuscany-rose-liewood-2\/#primaryimage"},"thumbnailUrl":"https:\/\/bunnyboo.ro\/wp-content\/uploads\/2024\/07\/Annelise_Magnetic_Stem_Board_LW19320_2074_Tuscany_rose_1.png","datePublished":"2025-08-05T12:32:57+00:00","dateModified":"2026-03-26T12:40:33+00:00","breadcrumb":{"@id":"https:\/\/bunnyboo.ro\/produs\/tabla-magnetica-annelise-tuscany-rose-liewood-2\/#breadcrumb"},"inLanguage":"en-US","potentialAction":[{"@type":"ReadAction","target":["https:\/\/bunnyboo.ro\/produs\/tabla-magnetica-annelise-tuscany-rose-liewood-2\/"]}]},{"@type":"ImageObject","inLanguage":"en-US","@id":"https:\/\/bunnyboo.ro\/produs\/tabla-magnetica-annelise-tuscany-rose-liewood-2\/#primaryimage","url":"https:\/\/bunnyboo.ro\/wp-content\/uploads\/2024\/07\/Annelise_Magnetic_Stem_Board_LW19320_2074_Tuscany_rose_1.png","contentUrl":"https:\/\/bunnyboo.ro\/wp-content\/uploads\/2024\/07\/Annelise_Magnetic_Stem_Board_LW19320_2074_Tuscany_rose_1.png","width":2000,"height":2000},{"@type":"BreadcrumbList","@id":"https:\/\/bunnyboo.ro\/produs\/tabla-magnetica-annelise-tuscany-rose-liewood-2\/#breadcrumb","itemListElement":[{"@type":"ListItem","position":1,"name":"Home","item":"https:\/\/bunnyboo.ro\/en\/"},{"@type":"ListItem","position":2,"name":"New","item":"https:\/\/bunnyboo.ro\/en\/shop\/"},{"@type":"ListItem","position":3,"name":"Tabla magnetica Annelise Tuscany Rose &#8211; Liewood"}]},{"@type":"WebSite","@id":"https:\/\/bunnyboo.ro\/#website","url":"https:\/\/bunnyboo.ro\/","name":"Bunny Boo","description":"Bunny Boo","publisher":{"@id":"https:\/\/bunnyboo.ro\/#organization"},"potentialAction":[{"@type":"SearchAction","target":{"@type":"EntryPoint","urlTemplate":"https:\/\/bunnyboo.ro\/?s={search_term_string}"},"query-input":"required name=search_term_string"}],"inLanguage":"en-US"},{"@type":"Organization","@id":"https:\/\/bunnyboo.ro\/#organization","name":"Bunny Boo","url":"https:\/\/bunnyboo.ro\/","logo":{"@type":"ImageObject","inLanguage":"en-US","@id":"https:\/\/bunnyboo.ro\/#\/schema\/logo\/image\/","url":"https:\/\/bunnyboo.ro\/wp-content\/uploads\/2024\/03\/Logo-website-black.png","contentUrl":"https:\/\/bunnyboo.ro\/wp-content\/uploads\/2024\/03\/Logo-website-black.png","width":2422,"height":946,"caption":"Bunny Boo"},"image":{"@id":"https:\/\/bunnyboo.ro\/#\/schema\/logo\/image\/"}}]}},"_links":{"self":[{"href":"https:\/\/bunnyboo.ro\/en\/wp-json\/wp\/v2\/product\/31265","targetHints":{"allow":["GET"]}}],"collection":[{"href":"https:\/\/bunnyboo.ro\/en\/wp-json\/wp\/v2\/product"}],"about":[{"href":"https:\/\/bunnyboo.ro\/en\/wp-json\/wp\/v2\/types\/product"}],"replies":[{"embeddable":true,"href":"https:\/\/bunnyboo.ro\/en\/wp-json\/wp\/v2\/comments?post=31265"}],"wp:featuredmedia":[{"embeddable":true,"href":"https:\/\/bunnyboo.ro\/en\/wp-json\/wp\/v2\/media\/27817"}],"wp:attachment":[{"href":"https:\/\/bunnyboo.ro\/en\/wp-json\/wp\/v2\/media?parent=31265"}],"wp:term":[{"taxonomy":"product_brand","embeddable":true,"href":"https:\/\/bunnyboo.ro\/en\/wp-json\/wp\/v2\/product_brand?post=31265"},{"taxonomy":"product_cat","embeddable":true,"href":"https:\/\/bunnyboo.ro\/en\/wp-json\/wp\/v2\/product_cat?post=31265"},{"taxonomy":"product_tag","embeddable":true,"href":"https:\/\/bunnyboo.ro\/en\/wp-json\/wp\/v2\/product_tag?post=31265"}],"curies":[{"name":"wp","href":"https:\/\/api.w.org\/{rel}","templated":true}]}}