{"id":31115,"date":"2025-07-18T14:45:10","date_gmt":"2025-07-18T11:45:10","guid":{"rendered":"https:\/\/bunnyboo.ro\/?post_type=product&#038;p=31115"},"modified":"2026-04-24T13:25:55","modified_gmt":"2026-04-24T10:25:55","slug":"piscina-din-catifea-cream-cu-200-mingi-soft-neutrals","status":"publish","type":"product","link":"https:\/\/bunnyboo.ro\/en\/produs\/piscina-din-catifea-cream-cu-200-mingi-soft-neutrals\/","title":{"rendered":"Piscin\u0103 din catifea Cream cu 200 mingi \u2013 Soft Neutrals"},"content":{"rendered":"<p class=\"MsoNormal\" style=\"margin-right: -38.6pt; margin-bottom: 10px; width: 727.5px;\">Piscina cu mingi este un spatiu de joaca minunat, confortabil si sigur pentru micutul tau.<\/p>\n<p class=\"MsoNormal\" style=\"margin-right: -38.6pt; margin-bottom: 10px; width: 727.5px;\">Cel mic isi va putea consuma energia ore intregi intr-un mod distractiv si in afara pericolului.<\/p>\n<p class=\"MsoNormal\" style=\"margin-right: -38.6pt; margin-bottom: 10px; width: 727.5px;\">Ofera-i micutului tau oportunitatea unor noi experiente senzoriale, achizitionarii de abilitati motorii si constientizarii propriului corp (greutatea corpului, abilitati de miscare sau de coordonare).<\/p>\n<p class=\"MsoNormal\" style=\"margin-right: -38.6pt; margin-bottom: 10px; width: 727.5px;\">Piscina este realizata din spuma, asadar este flexibila si confortabila, revenindu-si instantaneu, la forma initiala.<\/p>\n<p class=\"MsoNormal\" style=\"margin-right: -38.6pt; margin-bottom: 10px; width: 727.5px;\">Husa piscinei este realizata din catifea 100% certificat Oeko-Tex, material moale, luxuriant si pl\u0103cut la atingere.<\/p>\n<p class=\"MsoNormal\" style=\"margin-right: -38.6pt; margin-bottom: 10px; width: 727.5px;\">Mingile sunt certificate CE si pute\u021bi opta pentru mai multe variante de culori.<\/p>\n<p class=\"MsoNormal\" style=\"margin-right: -38.6pt; margin-bottom: 10px; width: 727.5px;\">Piscina, astfel, poate fi personalizata pentru a se \u00eencadra perfect in spatiul celui mic.<\/p>\n<p class=\"MsoNormal\" style=\"margin-right: -38.6pt; margin-bottom: 10px; width: 727.5px;\">Dimensiunea piscinei: 90 x 30 cm<\/p>\n<p class=\"MsoNormal\" style=\"margin-right: -38.6pt; margin-bottom: 10px; width: 727.5px;\">V\u00e2rst\u0103 recomandat\u0103: 1-6 ani<\/p>\n<p class=\"MsoNormal\" style=\"margin-right: -38.6pt; margin-bottom: 10px; width: 727.5px;\">Sunt incluse 200 de mingi. (white\/metallic beige)<\/p>\n<p><span style=\"font-size: 16px; -webkit-text-size-adjust: 100%;\">\u2714\ufe0f Detalii produs:<\/span><\/p>\n<ul>\n<li>Hus\u0103 din catifea beige, moale \u0219i pl\u0103cuta<\/li>\n<li>Include 200 de mingi \u00een culori white \/metallic beige (\u00d8 7 cm)<\/li>\n<li>Fabricat\u0103 din spum\u0103 dens\u0103, cu margini de 6 cm \u0219i baz\u0103 de 2 cm grosime<\/li>\n<li>Stabil\u0103 \u0219i sigur\u0103, cu hus\u0103 deta\u0219abil\u0103 \u0219i lavabil\u0103 la 30\u00b0C<\/li>\n<li>Potrivit\u0103 pentru orice camer\u0103 de copii sau spa\u021biu de joac\u0103<\/li>\n<li>Certific\u0103ri: \u00d6KO-Tex \u0219i CE<\/li>\n<li>Compozi\u021bie: 95% catifea, 5% elastan; bilele sunt din polietilen\u0103<\/li>\n<\/ul>\n<p>\u26a0\ufe0f Siguran\u021b\u0103 \u0219i recomand\u0103ri:<\/p>\n<ul>\n<li>Potrivit\u0103 de la 12 luni, c\u00e2nd copilul poate sta singur \u00een \u0219ezut<\/li>\n<li>Supravegherea este obligatorie \u00een timpul jocului<\/li>\n<li>Bilele sunt mari, rotunde \u0219i elastice \u2013 nu prezint\u0103 risc de \u00eenghi\u021bire<\/li>\n<li>Margini moi, f\u0103r\u0103 col\u021buri dure, dar se recomand\u0103 pruden\u021b\u0103 la joaca energic\u0103<\/li>\n<\/ul>\n<p>*Te rugam sa retii ca, datorita dimensiunii sale mari, acest produs nu poate fi ambalat in modul nostru standard de cadou.<\/p>\n","protected":false},"excerpt":{"rendered":"<p>Piscina cu mingi este un spatiu de joaca minunat, confortabil si sigur pentru micutul tau. Cel mic isi va putea consuma energia ore intregi intr-un mod distractiv si in afara pericolului. Ofera-i micutului tau oportunitatea unor noi experiente senzoriale, achizitionarii de abilitati motorii si constientizarii propriului corp (greutatea corpului, abilitati de miscare sau de coordonare). [&hellip;]<\/p>\n","protected":false},"featured_media":31132,"comment_status":"open","ping_status":"closed","template":"","meta":{"site-sidebar-layout":"default","site-content-layout":"","ast-site-content-layout":"default","site-content-style":"default","site-sidebar-style":"default","ast-global-header-display":"","ast-banner-title-visibility":"","ast-main-header-display":"","ast-hfb-above-header-display":"","ast-hfb-below-header-display":"","ast-hfb-mobile-header-display":"","site-post-title":"","ast-breadcrumbs-content":"","ast-featured-img":"","footer-sml-layout":"","theme-transparent-header-meta":"default","adv-header-id-meta":"","stick-header-meta":"default","header-above-stick-meta":"","header-main-stick-meta":"","header-below-stick-meta":"","astra-migrate-meta-layouts":"set","ast-page-background-enabled":"default","ast-page-background-meta":{"desktop":{"background-color":"","background-image":"","background-repeat":"repeat","background-position":"center center","background-size":"auto","background-attachment":"scroll","background-type":"","background-media":"","overlay-type":"","overlay-color":"","overlay-opacity":"","overlay-gradient":""},"tablet":{"background-color":"","background-image":"","background-repeat":"repeat","background-position":"center center","background-size":"auto","background-attachment":"scroll","background-type":"","background-media":"","overlay-type":"","overlay-color":"","overlay-opacity":"","overlay-gradient":""},"mobile":{"background-color":"","background-image":"","background-repeat":"repeat","background-position":"center center","background-size":"auto","background-attachment":"scroll","background-type":"","background-media":"","overlay-type":"","overlay-color":"","overlay-opacity":"","overlay-gradient":""}},"ast-content-background-meta":{"desktop":{"background-color":"var(--ast-global-color-5)","background-image":"","background-repeat":"repeat","background-position":"center center","background-size":"auto","background-attachment":"scroll","background-type":"","background-media":"","overlay-type":"","overlay-color":"","overlay-opacity":"","overlay-gradient":""},"tablet":{"background-color":"var(--ast-global-color-5)","background-image":"","background-repeat":"repeat","background-position":"center center","background-size":"auto","background-attachment":"scroll","background-type":"","background-media":"","overlay-type":"","overlay-color":"","overlay-opacity":"","overlay-gradient":""},"mobile":{"background-color":"var(--ast-global-color-5)","background-image":"","background-repeat":"repeat","background-position":"center center","background-size":"auto","background-attachment":"scroll","background-type":"","background-media":"","overlay-type":"","overlay-color":"","overlay-opacity":"","overlay-gradient":""}}},"product_brand":[],"product_cat":[65,115],"product_tag":[],"class_list":{"0":"post-31115","1":"product","2":"type-product","3":"status-publish","4":"has-post-thumbnail","6":"product_cat-noutati-minunate-pentru-puiul-tau","7":"product_cat-piscina-este-locul-de-joaca-ideal","8":"desktop-align-left","9":"tablet-align-left","10":"mobile-align-left","11":"ast-product-gallery-layout-horizontal-slider","12":"ast-product-tabs-layout-vertical","13":"ast-qv-on-image","15":"first","16":"instock","17":"sale","18":"shipping-taxable","19":"purchasable","20":"product-type-simple"},"yoast_head":"<!-- This site is optimized with the Yoast SEO plugin v22.6 - https:\/\/yoast.com\/wordpress\/plugins\/seo\/ -->\n<title>Piscin\u0103 din catifea Cream cu 200 mingi \u2013 Soft Neutrals<\/title>\n<meta name=\"robots\" content=\"index, follow, max-snippet:-1, max-image-preview:large, max-video-preview:-1\" \/>\n<link rel=\"canonical\" href=\"https:\/\/bunnyboo.ro\/produs\/piscina-din-catifea-cream-cu-200-mingi-soft-neutrals\/\" \/>\n<meta property=\"og:locale\" content=\"en_US\" \/>\n<meta property=\"og:type\" content=\"article\" \/>\n<meta property=\"og:title\" content=\"Piscin\u0103 din catifea Cream cu 200 mingi \u2013 Soft Neutrals\" \/>\n<meta property=\"og:description\" content=\"Piscina cu mingi este un spatiu de joaca minunat, confortabil si sigur pentru micutul tau. Cel mic isi va putea consuma energia ore intregi intr-un mod distractiv si in afara pericolului. Ofera-i micutului tau oportunitatea unor noi experiente senzoriale, achizitionarii de abilitati motorii si constientizarii propriului corp (greutatea corpului, abilitati de miscare sau de coordonare). [&hellip;]\" \/>\n<meta property=\"og:url\" content=\"https:\/\/bunnyboo.ro\/produs\/piscina-din-catifea-cream-cu-200-mingi-soft-neutrals\/\" \/>\n<meta property=\"og:site_name\" content=\"Bunny Boo\" \/>\n<meta property=\"article:modified_time\" content=\"2026-04-24T10:25:55+00:00\" \/>\n<meta property=\"og:image\" content=\"https:\/\/bunnyboo.ro\/wp-content\/uploads\/2025\/07\/IMG_7694-scaled.jpeg\" \/>\n\t<meta property=\"og:image:width\" content=\"1920\" \/>\n\t<meta property=\"og:image:height\" content=\"2560\" \/>\n\t<meta property=\"og:image:type\" content=\"image\/jpeg\" \/>\n<meta name=\"twitter:card\" content=\"summary_large_image\" \/>\n<meta name=\"twitter:label1\" content=\"Est. reading time\" \/>\n\t<meta name=\"twitter:data1\" content=\"2 minutes\" \/>\n<script type=\"application\/ld+json\" class=\"yoast-schema-graph\">{\"@context\":\"https:\/\/schema.org\",\"@graph\":[{\"@type\":\"WebPage\",\"@id\":\"https:\/\/bunnyboo.ro\/produs\/piscina-din-catifea-cream-cu-200-mingi-soft-neutrals\/\",\"url\":\"https:\/\/bunnyboo.ro\/produs\/piscina-din-catifea-cream-cu-200-mingi-soft-neutrals\/\",\"name\":\"Piscin\u0103 din catifea Cream cu 200 mingi \u2013 Soft Neutrals\",\"isPartOf\":{\"@id\":\"https:\/\/bunnyboo.ro\/#website\"},\"primaryImageOfPage\":{\"@id\":\"https:\/\/bunnyboo.ro\/produs\/piscina-din-catifea-cream-cu-200-mingi-soft-neutrals\/#primaryimage\"},\"image\":{\"@id\":\"https:\/\/bunnyboo.ro\/produs\/piscina-din-catifea-cream-cu-200-mingi-soft-neutrals\/#primaryimage\"},\"thumbnailUrl\":\"https:\/\/bunnyboo.ro\/wp-content\/uploads\/2025\/07\/IMG_7694-scaled.jpeg\",\"datePublished\":\"2025-07-18T11:45:10+00:00\",\"dateModified\":\"2026-04-24T10:25:55+00:00\",\"breadcrumb\":{\"@id\":\"https:\/\/bunnyboo.ro\/produs\/piscina-din-catifea-cream-cu-200-mingi-soft-neutrals\/#breadcrumb\"},\"inLanguage\":\"en-US\",\"potentialAction\":[{\"@type\":\"ReadAction\",\"target\":[\"https:\/\/bunnyboo.ro\/produs\/piscina-din-catifea-cream-cu-200-mingi-soft-neutrals\/\"]}]},{\"@type\":\"ImageObject\",\"inLanguage\":\"en-US\",\"@id\":\"https:\/\/bunnyboo.ro\/produs\/piscina-din-catifea-cream-cu-200-mingi-soft-neutrals\/#primaryimage\",\"url\":\"https:\/\/bunnyboo.ro\/wp-content\/uploads\/2025\/07\/IMG_7694-scaled.jpeg\",\"contentUrl\":\"https:\/\/bunnyboo.ro\/wp-content\/uploads\/2025\/07\/IMG_7694-scaled.jpeg\",\"width\":1920,\"height\":2560},{\"@type\":\"BreadcrumbList\",\"@id\":\"https:\/\/bunnyboo.ro\/produs\/piscina-din-catifea-cream-cu-200-mingi-soft-neutrals\/#breadcrumb\",\"itemListElement\":[{\"@type\":\"ListItem\",\"position\":1,\"name\":\"Home\",\"item\":\"https:\/\/bunnyboo.ro\/en\/\"},{\"@type\":\"ListItem\",\"position\":2,\"name\":\"New\",\"item\":\"https:\/\/bunnyboo.ro\/en\/shop\/\"},{\"@type\":\"ListItem\",\"position\":3,\"name\":\"Piscin\u0103 din catifea Cream cu 200 mingi \u2013 Soft Neutrals\"}]},{\"@type\":\"WebSite\",\"@id\":\"https:\/\/bunnyboo.ro\/#website\",\"url\":\"https:\/\/bunnyboo.ro\/\",\"name\":\"Bunny Boo\",\"description\":\"Bunny Boo\",\"publisher\":{\"@id\":\"https:\/\/bunnyboo.ro\/#organization\"},\"potentialAction\":[{\"@type\":\"SearchAction\",\"target\":{\"@type\":\"EntryPoint\",\"urlTemplate\":\"https:\/\/bunnyboo.ro\/?s={search_term_string}\"},\"query-input\":\"required name=search_term_string\"}],\"inLanguage\":\"en-US\"},{\"@type\":\"Organization\",\"@id\":\"https:\/\/bunnyboo.ro\/#organization\",\"name\":\"Bunny Boo\",\"url\":\"https:\/\/bunnyboo.ro\/\",\"logo\":{\"@type\":\"ImageObject\",\"inLanguage\":\"en-US\",\"@id\":\"https:\/\/bunnyboo.ro\/#\/schema\/logo\/image\/\",\"url\":\"https:\/\/bunnyboo.ro\/wp-content\/uploads\/2024\/03\/Logo-website-black.png\",\"contentUrl\":\"https:\/\/bunnyboo.ro\/wp-content\/uploads\/2024\/03\/Logo-website-black.png\",\"width\":2422,\"height\":946,\"caption\":\"Bunny Boo\"},\"image\":{\"@id\":\"https:\/\/bunnyboo.ro\/#\/schema\/logo\/image\/\"}}]}<\/script>\n<!-- \/ Yoast SEO plugin. -->","yoast_head_json":{"title":"Piscin\u0103 din catifea Cream cu 200 mingi \u2013 Soft Neutrals","robots":{"index":"index","follow":"follow","max-snippet":"max-snippet:-1","max-image-preview":"max-image-preview:large","max-video-preview":"max-video-preview:-1"},"canonical":"https:\/\/bunnyboo.ro\/produs\/piscina-din-catifea-cream-cu-200-mingi-soft-neutrals\/","og_locale":"en_US","og_type":"article","og_title":"Piscin\u0103 din catifea Cream cu 200 mingi \u2013 Soft Neutrals","og_description":"Piscina cu mingi este un spatiu de joaca minunat, confortabil si sigur pentru micutul tau. Cel mic isi va putea consuma energia ore intregi intr-un mod distractiv si in afara pericolului. Ofera-i micutului tau oportunitatea unor noi experiente senzoriale, achizitionarii de abilitati motorii si constientizarii propriului corp (greutatea corpului, abilitati de miscare sau de coordonare). [&hellip;]","og_url":"https:\/\/bunnyboo.ro\/produs\/piscina-din-catifea-cream-cu-200-mingi-soft-neutrals\/","og_site_name":"Bunny Boo","article_modified_time":"2026-04-24T10:25:55+00:00","og_image":[{"width":1920,"height":2560,"url":"https:\/\/bunnyboo.ro\/wp-content\/uploads\/2025\/07\/IMG_7694-scaled.jpeg","type":"image\/jpeg"}],"twitter_card":"summary_large_image","twitter_misc":{"Est. reading time":"2 minutes"},"schema":{"@context":"https:\/\/schema.org","@graph":[{"@type":"WebPage","@id":"https:\/\/bunnyboo.ro\/produs\/piscina-din-catifea-cream-cu-200-mingi-soft-neutrals\/","url":"https:\/\/bunnyboo.ro\/produs\/piscina-din-catifea-cream-cu-200-mingi-soft-neutrals\/","name":"Piscin\u0103 din catifea Cream cu 200 mingi \u2013 Soft Neutrals","isPartOf":{"@id":"https:\/\/bunnyboo.ro\/#website"},"primaryImageOfPage":{"@id":"https:\/\/bunnyboo.ro\/produs\/piscina-din-catifea-cream-cu-200-mingi-soft-neutrals\/#primaryimage"},"image":{"@id":"https:\/\/bunnyboo.ro\/produs\/piscina-din-catifea-cream-cu-200-mingi-soft-neutrals\/#primaryimage"},"thumbnailUrl":"https:\/\/bunnyboo.ro\/wp-content\/uploads\/2025\/07\/IMG_7694-scaled.jpeg","datePublished":"2025-07-18T11:45:10+00:00","dateModified":"2026-04-24T10:25:55+00:00","breadcrumb":{"@id":"https:\/\/bunnyboo.ro\/produs\/piscina-din-catifea-cream-cu-200-mingi-soft-neutrals\/#breadcrumb"},"inLanguage":"en-US","potentialAction":[{"@type":"ReadAction","target":["https:\/\/bunnyboo.ro\/produs\/piscina-din-catifea-cream-cu-200-mingi-soft-neutrals\/"]}]},{"@type":"ImageObject","inLanguage":"en-US","@id":"https:\/\/bunnyboo.ro\/produs\/piscina-din-catifea-cream-cu-200-mingi-soft-neutrals\/#primaryimage","url":"https:\/\/bunnyboo.ro\/wp-content\/uploads\/2025\/07\/IMG_7694-scaled.jpeg","contentUrl":"https:\/\/bunnyboo.ro\/wp-content\/uploads\/2025\/07\/IMG_7694-scaled.jpeg","width":1920,"height":2560},{"@type":"BreadcrumbList","@id":"https:\/\/bunnyboo.ro\/produs\/piscina-din-catifea-cream-cu-200-mingi-soft-neutrals\/#breadcrumb","itemListElement":[{"@type":"ListItem","position":1,"name":"Home","item":"https:\/\/bunnyboo.ro\/en\/"},{"@type":"ListItem","position":2,"name":"New","item":"https:\/\/bunnyboo.ro\/en\/shop\/"},{"@type":"ListItem","position":3,"name":"Piscin\u0103 din catifea Cream cu 200 mingi \u2013 Soft Neutrals"}]},{"@type":"WebSite","@id":"https:\/\/bunnyboo.ro\/#website","url":"https:\/\/bunnyboo.ro\/","name":"Bunny Boo","description":"Bunny Boo","publisher":{"@id":"https:\/\/bunnyboo.ro\/#organization"},"potentialAction":[{"@type":"SearchAction","target":{"@type":"EntryPoint","urlTemplate":"https:\/\/bunnyboo.ro\/?s={search_term_string}"},"query-input":"required name=search_term_string"}],"inLanguage":"en-US"},{"@type":"Organization","@id":"https:\/\/bunnyboo.ro\/#organization","name":"Bunny Boo","url":"https:\/\/bunnyboo.ro\/","logo":{"@type":"ImageObject","inLanguage":"en-US","@id":"https:\/\/bunnyboo.ro\/#\/schema\/logo\/image\/","url":"https:\/\/bunnyboo.ro\/wp-content\/uploads\/2024\/03\/Logo-website-black.png","contentUrl":"https:\/\/bunnyboo.ro\/wp-content\/uploads\/2024\/03\/Logo-website-black.png","width":2422,"height":946,"caption":"Bunny Boo"},"image":{"@id":"https:\/\/bunnyboo.ro\/#\/schema\/logo\/image\/"}}]}},"_links":{"self":[{"href":"https:\/\/bunnyboo.ro\/en\/wp-json\/wp\/v2\/product\/31115","targetHints":{"allow":["GET"]}}],"collection":[{"href":"https:\/\/bunnyboo.ro\/en\/wp-json\/wp\/v2\/product"}],"about":[{"href":"https:\/\/bunnyboo.ro\/en\/wp-json\/wp\/v2\/types\/product"}],"replies":[{"embeddable":true,"href":"https:\/\/bunnyboo.ro\/en\/wp-json\/wp\/v2\/comments?post=31115"}],"wp:featuredmedia":[{"embeddable":true,"href":"https:\/\/bunnyboo.ro\/en\/wp-json\/wp\/v2\/media\/31132"}],"wp:attachment":[{"href":"https:\/\/bunnyboo.ro\/en\/wp-json\/wp\/v2\/media?parent=31115"}],"wp:term":[{"taxonomy":"product_brand","embeddable":true,"href":"https:\/\/bunnyboo.ro\/en\/wp-json\/wp\/v2\/product_brand?post=31115"},{"taxonomy":"product_cat","embeddable":true,"href":"https:\/\/bunnyboo.ro\/en\/wp-json\/wp\/v2\/product_cat?post=31115"},{"taxonomy":"product_tag","embeddable":true,"href":"https:\/\/bunnyboo.ro\/en\/wp-json\/wp\/v2\/product_tag?post=31115"}],"curies":[{"name":"wp","href":"https:\/\/api.w.org\/{rel}","templated":true}]}}