{"id":31013,"date":"2025-07-17T00:51:26","date_gmt":"2025-07-16T21:51:26","guid":{"rendered":"https:\/\/bunnyboo.ro\/?post_type=product&#038;p=31013"},"modified":"2026-02-04T16:08:47","modified_gmt":"2026-02-04T14:08:47","slug":"cutie-de-pranz-arthur-liewood-arctic-sea-ocean-view","status":"publish","type":"product","link":"https:\/\/bunnyboo.ro\/en\/produs\/cutie-de-pranz-arthur-liewood-arctic-sea-ocean-view\/","title":{"rendered":"Cutie de pranz Arthur Liewood &#8211; Arctic Sea\/Ocean View"},"content":{"rendered":"<p class=\"MsoNormal\" style=\"margin: 0cm 0cm 0.0001pt;\">O cutie de pr\u00e2nz clasic\u0103 cu design modern, Arthur este o cutie de pr\u00e2nz u\u0219oar\u0103, din o\u021bel inoxidabil, \u00eemp\u0103r\u021bit\u0103 \u00een trei compartimente convenabile \u0219i are un capac flexibil din silicon.<\/p>\n<p class=\"MsoNormal\" style=\"margin: 0cm 0cm 0.0001pt;\"><span lang=\"RO\">\u00a0<\/span><\/p>\n<p class=\"MsoNormal\" style=\"margin: 0cm 0cm 0.0001pt;\"><span lang=\"RO\">Cutie de pr\u00e2nz din o\u021bel inoxidabil <\/span><\/p>\n<p class=\"MsoNormal\" style=\"margin: 0cm 0cm 0.0001pt;\"><span lang=\"RO\">\u2022 U\u0219oar\u0103 \u0219i durabil\u0103 <\/span><\/p>\n<p class=\"MsoNormal\" style=\"margin: 0cm 0cm 0.0001pt;\"><span lang=\"RO\">\u2022 Cu capac flexibil din silicon <\/span><\/p>\n<p class=\"MsoNormal\" style=\"margin: 0cm 0cm 0.0001pt;\"><span lang=\"RO\">\u2022 \u00cemp\u0103r\u021bit\u0103 \u00een trei compartimente practice <\/span><\/p>\n<p class=\"MsoNormal\" style=\"margin: 0cm 0cm 0.0001pt;\"><span lang=\"RO\">\u2022 Material \u2013 baz\u0103: o\u021bel inoxidabil <\/span><\/p>\n<p class=\"MsoNormal\" style=\"margin: 0cm 0cm 0.0001pt;\"><span lang=\"RO\">\u2022 Material \u2013 capac: silicon <\/span><\/p>\n<p class=\"MsoNormal\" style=\"margin: 0cm 0cm 0.0001pt;\"><span lang=\"RO\">\u2022 Nu va absorbi culoarea sau mirosul din con\u021binutul s\u0103u<\/span><\/p>\n<p class=\"MsoNormal\" style=\"margin: 0cm 0cm 0.0001pt;\"><span lang=\"RO\">\u2022 Con\u021bine aproximativ 900 ml. <\/span><\/p>\n<p class=\"MsoNormal\" style=\"margin: 0cm 0cm 0.0001pt;\"><span lang=\"RO\">\u2022 Not\u0103: Cutia de pr\u00e2nz nu trebuie folosit\u0103 pentru a depozita lichide dac\u0103 nu este amplasat\u0103 orizontal. <\/span><\/p>\n<p class=\"MsoNormal\" style=\"margin: 0cm 0cm 0.0001pt;\"><span lang=\"RO\">Dimensiuni: Inaltime (cm) 5,5, Latime (cm) 13,5, Lungime (cm) 17<\/span><\/p>\n","protected":false},"excerpt":{"rendered":"<p>O cutie de pr\u00e2nz clasic\u0103 cu design modern, Arthur este o cutie de pr\u00e2nz u\u0219oar\u0103, din o\u021bel inoxidabil, \u00eemp\u0103r\u021bit\u0103 \u00een trei compartimente convenabile \u0219i are un capac flexibil din silicon. \u00a0 Cutie de pr\u00e2nz din o\u021bel inoxidabil \u2022 U\u0219oar\u0103 \u0219i durabil\u0103 \u2022 Cu capac flexibil din silicon \u2022 \u00cemp\u0103r\u021bit\u0103 \u00een trei compartimente practice \u2022 Material [&hellip;]<\/p>\n","protected":false},"featured_media":30989,"comment_status":"open","ping_status":"closed","template":"","meta":{"site-sidebar-layout":"default","site-content-layout":"","ast-site-content-layout":"default","site-content-style":"default","site-sidebar-style":"default","ast-global-header-display":"","ast-banner-title-visibility":"","ast-main-header-display":"","ast-hfb-above-header-display":"","ast-hfb-below-header-display":"","ast-hfb-mobile-header-display":"","site-post-title":"","ast-breadcrumbs-content":"","ast-featured-img":"","footer-sml-layout":"","theme-transparent-header-meta":"default","adv-header-id-meta":"","stick-header-meta":"default","header-above-stick-meta":"","header-main-stick-meta":"","header-below-stick-meta":"","astra-migrate-meta-layouts":"set","ast-page-background-enabled":"default","ast-page-background-meta":{"desktop":{"background-color":"","background-image":"","background-repeat":"repeat","background-position":"center center","background-size":"auto","background-attachment":"scroll","background-type":"","background-media":"","overlay-type":"","overlay-color":"","overlay-opacity":"","overlay-gradient":""},"tablet":{"background-color":"","background-image":"","background-repeat":"repeat","background-position":"center center","background-size":"auto","background-attachment":"scroll","background-type":"","background-media":"","overlay-type":"","overlay-color":"","overlay-opacity":"","overlay-gradient":""},"mobile":{"background-color":"","background-image":"","background-repeat":"repeat","background-position":"center center","background-size":"auto","background-attachment":"scroll","background-type":"","background-media":"","overlay-type":"","overlay-color":"","overlay-opacity":"","overlay-gradient":""}},"ast-content-background-meta":{"desktop":{"background-color":"var(--ast-global-color-5)","background-image":"","background-repeat":"repeat","background-position":"center center","background-size":"auto","background-attachment":"scroll","background-type":"","background-media":"","overlay-type":"","overlay-color":"","overlay-opacity":"","overlay-gradient":""},"tablet":{"background-color":"var(--ast-global-color-5)","background-image":"","background-repeat":"repeat","background-position":"center center","background-size":"auto","background-attachment":"scroll","background-type":"","background-media":"","overlay-type":"","overlay-color":"","overlay-opacity":"","overlay-gradient":""},"mobile":{"background-color":"var(--ast-global-color-5)","background-image":"","background-repeat":"repeat","background-position":"center center","background-size":"auto","background-attachment":"scroll","background-type":"","background-media":"","overlay-type":"","overlay-color":"","overlay-opacity":"","overlay-gradient":""}}},"product_brand":[],"product_cat":[64,65,132],"product_tag":[],"class_list":{"0":"post-31013","1":"product","2":"type-product","3":"status-publish","4":"has-post-thumbnail","6":"product_cat-cutii-de-pranz-adorabile","7":"product_cat-noutati-minunate-pentru-puiul-tau","8":"product_cat-reduceri-pentru-tine","9":"desktop-align-left","10":"tablet-align-left","11":"mobile-align-left","12":"ast-product-gallery-layout-horizontal-slider","13":"ast-product-tabs-layout-vertical","14":"ast-qv-on-image","16":"first","17":"instock","18":"sale","19":"shipping-taxable","20":"purchasable","21":"product-type-simple"},"yoast_head":"<!-- This site is optimized with the Yoast SEO plugin v22.6 - https:\/\/yoast.com\/wordpress\/plugins\/seo\/ -->\n<title>Cutie de pranz Arthur Liewood - Arctic Sea\/Ocean View<\/title>\n<meta name=\"robots\" content=\"index, follow, max-snippet:-1, max-image-preview:large, max-video-preview:-1\" \/>\n<link rel=\"canonical\" href=\"https:\/\/bunnyboo.ro\/produs\/cutie-de-pranz-arthur-liewood-arctic-sea-ocean-view\/\" \/>\n<meta property=\"og:locale\" content=\"en_US\" \/>\n<meta property=\"og:type\" content=\"article\" \/>\n<meta property=\"og:title\" content=\"Cutie de pranz Arthur Liewood - Arctic Sea\/Ocean View\" \/>\n<meta property=\"og:description\" content=\"O cutie de pr\u00e2nz clasic\u0103 cu design modern, Arthur este o cutie de pr\u00e2nz u\u0219oar\u0103, din o\u021bel inoxidabil, \u00eemp\u0103r\u021bit\u0103 \u00een trei compartimente convenabile \u0219i are un capac flexibil din silicon. \u00a0 Cutie de pr\u00e2nz din o\u021bel inoxidabil \u2022 U\u0219oar\u0103 \u0219i durabil\u0103 \u2022 Cu capac flexibil din silicon \u2022 \u00cemp\u0103r\u021bit\u0103 \u00een trei compartimente practice \u2022 Material [&hellip;]\" \/>\n<meta property=\"og:url\" content=\"https:\/\/bunnyboo.ro\/produs\/cutie-de-pranz-arthur-liewood-arctic-sea-ocean-view\/\" \/>\n<meta property=\"og:site_name\" content=\"Bunny Boo\" \/>\n<meta property=\"article:modified_time\" content=\"2026-02-04T14:08:47+00:00\" \/>\n<meta property=\"og:image\" content=\"https:\/\/bunnyboo.ro\/wp-content\/uploads\/2025\/07\/IMG_7385.png\" \/>\n\t<meta property=\"og:image:width\" content=\"2000\" \/>\n\t<meta property=\"og:image:height\" content=\"2000\" \/>\n\t<meta property=\"og:image:type\" content=\"image\/png\" \/>\n<meta name=\"twitter:card\" content=\"summary_large_image\" \/>\n<meta name=\"twitter:label1\" content=\"Est. reading time\" \/>\n\t<meta name=\"twitter:data1\" content=\"1 minute\" \/>\n<script type=\"application\/ld+json\" class=\"yoast-schema-graph\">{\"@context\":\"https:\/\/schema.org\",\"@graph\":[{\"@type\":\"WebPage\",\"@id\":\"https:\/\/bunnyboo.ro\/produs\/cutie-de-pranz-arthur-liewood-arctic-sea-ocean-view\/\",\"url\":\"https:\/\/bunnyboo.ro\/produs\/cutie-de-pranz-arthur-liewood-arctic-sea-ocean-view\/\",\"name\":\"Cutie de pranz Arthur Liewood - Arctic Sea\/Ocean View\",\"isPartOf\":{\"@id\":\"https:\/\/bunnyboo.ro\/#website\"},\"primaryImageOfPage\":{\"@id\":\"https:\/\/bunnyboo.ro\/produs\/cutie-de-pranz-arthur-liewood-arctic-sea-ocean-view\/#primaryimage\"},\"image\":{\"@id\":\"https:\/\/bunnyboo.ro\/produs\/cutie-de-pranz-arthur-liewood-arctic-sea-ocean-view\/#primaryimage\"},\"thumbnailUrl\":\"https:\/\/bunnyboo.ro\/wp-content\/uploads\/2025\/07\/IMG_7385.png\",\"datePublished\":\"2025-07-16T21:51:26+00:00\",\"dateModified\":\"2026-02-04T14:08:47+00:00\",\"breadcrumb\":{\"@id\":\"https:\/\/bunnyboo.ro\/produs\/cutie-de-pranz-arthur-liewood-arctic-sea-ocean-view\/#breadcrumb\"},\"inLanguage\":\"en-US\",\"potentialAction\":[{\"@type\":\"ReadAction\",\"target\":[\"https:\/\/bunnyboo.ro\/produs\/cutie-de-pranz-arthur-liewood-arctic-sea-ocean-view\/\"]}]},{\"@type\":\"ImageObject\",\"inLanguage\":\"en-US\",\"@id\":\"https:\/\/bunnyboo.ro\/produs\/cutie-de-pranz-arthur-liewood-arctic-sea-ocean-view\/#primaryimage\",\"url\":\"https:\/\/bunnyboo.ro\/wp-content\/uploads\/2025\/07\/IMG_7385.png\",\"contentUrl\":\"https:\/\/bunnyboo.ro\/wp-content\/uploads\/2025\/07\/IMG_7385.png\",\"width\":2000,\"height\":2000},{\"@type\":\"BreadcrumbList\",\"@id\":\"https:\/\/bunnyboo.ro\/produs\/cutie-de-pranz-arthur-liewood-arctic-sea-ocean-view\/#breadcrumb\",\"itemListElement\":[{\"@type\":\"ListItem\",\"position\":1,\"name\":\"Home\",\"item\":\"https:\/\/bunnyboo.ro\/en\/\"},{\"@type\":\"ListItem\",\"position\":2,\"name\":\"New\",\"item\":\"https:\/\/bunnyboo.ro\/en\/shop\/\"},{\"@type\":\"ListItem\",\"position\":3,\"name\":\"Cutie de pranz Arthur Liewood &#8211; Arctic Sea\/Ocean View\"}]},{\"@type\":\"WebSite\",\"@id\":\"https:\/\/bunnyboo.ro\/#website\",\"url\":\"https:\/\/bunnyboo.ro\/\",\"name\":\"Bunny Boo\",\"description\":\"Bunny Boo\",\"publisher\":{\"@id\":\"https:\/\/bunnyboo.ro\/#organization\"},\"potentialAction\":[{\"@type\":\"SearchAction\",\"target\":{\"@type\":\"EntryPoint\",\"urlTemplate\":\"https:\/\/bunnyboo.ro\/?s={search_term_string}\"},\"query-input\":\"required name=search_term_string\"}],\"inLanguage\":\"en-US\"},{\"@type\":\"Organization\",\"@id\":\"https:\/\/bunnyboo.ro\/#organization\",\"name\":\"Bunny Boo\",\"url\":\"https:\/\/bunnyboo.ro\/\",\"logo\":{\"@type\":\"ImageObject\",\"inLanguage\":\"en-US\",\"@id\":\"https:\/\/bunnyboo.ro\/#\/schema\/logo\/image\/\",\"url\":\"https:\/\/bunnyboo.ro\/wp-content\/uploads\/2024\/03\/Logo-website-black.png\",\"contentUrl\":\"https:\/\/bunnyboo.ro\/wp-content\/uploads\/2024\/03\/Logo-website-black.png\",\"width\":2422,\"height\":946,\"caption\":\"Bunny Boo\"},\"image\":{\"@id\":\"https:\/\/bunnyboo.ro\/#\/schema\/logo\/image\/\"}}]}<\/script>\n<!-- \/ Yoast SEO plugin. -->","yoast_head_json":{"title":"Cutie de pranz Arthur Liewood - Arctic Sea\/Ocean View","robots":{"index":"index","follow":"follow","max-snippet":"max-snippet:-1","max-image-preview":"max-image-preview:large","max-video-preview":"max-video-preview:-1"},"canonical":"https:\/\/bunnyboo.ro\/produs\/cutie-de-pranz-arthur-liewood-arctic-sea-ocean-view\/","og_locale":"en_US","og_type":"article","og_title":"Cutie de pranz Arthur Liewood - Arctic Sea\/Ocean View","og_description":"O cutie de pr\u00e2nz clasic\u0103 cu design modern, Arthur este o cutie de pr\u00e2nz u\u0219oar\u0103, din o\u021bel inoxidabil, \u00eemp\u0103r\u021bit\u0103 \u00een trei compartimente convenabile \u0219i are un capac flexibil din silicon. \u00a0 Cutie de pr\u00e2nz din o\u021bel inoxidabil \u2022 U\u0219oar\u0103 \u0219i durabil\u0103 \u2022 Cu capac flexibil din silicon \u2022 \u00cemp\u0103r\u021bit\u0103 \u00een trei compartimente practice \u2022 Material [&hellip;]","og_url":"https:\/\/bunnyboo.ro\/produs\/cutie-de-pranz-arthur-liewood-arctic-sea-ocean-view\/","og_site_name":"Bunny Boo","article_modified_time":"2026-02-04T14:08:47+00:00","og_image":[{"width":2000,"height":2000,"url":"https:\/\/bunnyboo.ro\/wp-content\/uploads\/2025\/07\/IMG_7385.png","type":"image\/png"}],"twitter_card":"summary_large_image","twitter_misc":{"Est. reading time":"1 minute"},"schema":{"@context":"https:\/\/schema.org","@graph":[{"@type":"WebPage","@id":"https:\/\/bunnyboo.ro\/produs\/cutie-de-pranz-arthur-liewood-arctic-sea-ocean-view\/","url":"https:\/\/bunnyboo.ro\/produs\/cutie-de-pranz-arthur-liewood-arctic-sea-ocean-view\/","name":"Cutie de pranz Arthur Liewood - Arctic Sea\/Ocean View","isPartOf":{"@id":"https:\/\/bunnyboo.ro\/#website"},"primaryImageOfPage":{"@id":"https:\/\/bunnyboo.ro\/produs\/cutie-de-pranz-arthur-liewood-arctic-sea-ocean-view\/#primaryimage"},"image":{"@id":"https:\/\/bunnyboo.ro\/produs\/cutie-de-pranz-arthur-liewood-arctic-sea-ocean-view\/#primaryimage"},"thumbnailUrl":"https:\/\/bunnyboo.ro\/wp-content\/uploads\/2025\/07\/IMG_7385.png","datePublished":"2025-07-16T21:51:26+00:00","dateModified":"2026-02-04T14:08:47+00:00","breadcrumb":{"@id":"https:\/\/bunnyboo.ro\/produs\/cutie-de-pranz-arthur-liewood-arctic-sea-ocean-view\/#breadcrumb"},"inLanguage":"en-US","potentialAction":[{"@type":"ReadAction","target":["https:\/\/bunnyboo.ro\/produs\/cutie-de-pranz-arthur-liewood-arctic-sea-ocean-view\/"]}]},{"@type":"ImageObject","inLanguage":"en-US","@id":"https:\/\/bunnyboo.ro\/produs\/cutie-de-pranz-arthur-liewood-arctic-sea-ocean-view\/#primaryimage","url":"https:\/\/bunnyboo.ro\/wp-content\/uploads\/2025\/07\/IMG_7385.png","contentUrl":"https:\/\/bunnyboo.ro\/wp-content\/uploads\/2025\/07\/IMG_7385.png","width":2000,"height":2000},{"@type":"BreadcrumbList","@id":"https:\/\/bunnyboo.ro\/produs\/cutie-de-pranz-arthur-liewood-arctic-sea-ocean-view\/#breadcrumb","itemListElement":[{"@type":"ListItem","position":1,"name":"Home","item":"https:\/\/bunnyboo.ro\/en\/"},{"@type":"ListItem","position":2,"name":"New","item":"https:\/\/bunnyboo.ro\/en\/shop\/"},{"@type":"ListItem","position":3,"name":"Cutie de pranz Arthur Liewood &#8211; Arctic Sea\/Ocean View"}]},{"@type":"WebSite","@id":"https:\/\/bunnyboo.ro\/#website","url":"https:\/\/bunnyboo.ro\/","name":"Bunny Boo","description":"Bunny Boo","publisher":{"@id":"https:\/\/bunnyboo.ro\/#organization"},"potentialAction":[{"@type":"SearchAction","target":{"@type":"EntryPoint","urlTemplate":"https:\/\/bunnyboo.ro\/?s={search_term_string}"},"query-input":"required name=search_term_string"}],"inLanguage":"en-US"},{"@type":"Organization","@id":"https:\/\/bunnyboo.ro\/#organization","name":"Bunny Boo","url":"https:\/\/bunnyboo.ro\/","logo":{"@type":"ImageObject","inLanguage":"en-US","@id":"https:\/\/bunnyboo.ro\/#\/schema\/logo\/image\/","url":"https:\/\/bunnyboo.ro\/wp-content\/uploads\/2024\/03\/Logo-website-black.png","contentUrl":"https:\/\/bunnyboo.ro\/wp-content\/uploads\/2024\/03\/Logo-website-black.png","width":2422,"height":946,"caption":"Bunny Boo"},"image":{"@id":"https:\/\/bunnyboo.ro\/#\/schema\/logo\/image\/"}}]}},"_links":{"self":[{"href":"https:\/\/bunnyboo.ro\/en\/wp-json\/wp\/v2\/product\/31013","targetHints":{"allow":["GET"]}}],"collection":[{"href":"https:\/\/bunnyboo.ro\/en\/wp-json\/wp\/v2\/product"}],"about":[{"href":"https:\/\/bunnyboo.ro\/en\/wp-json\/wp\/v2\/types\/product"}],"replies":[{"embeddable":true,"href":"https:\/\/bunnyboo.ro\/en\/wp-json\/wp\/v2\/comments?post=31013"}],"wp:featuredmedia":[{"embeddable":true,"href":"https:\/\/bunnyboo.ro\/en\/wp-json\/wp\/v2\/media\/30989"}],"wp:attachment":[{"href":"https:\/\/bunnyboo.ro\/en\/wp-json\/wp\/v2\/media?parent=31013"}],"wp:term":[{"taxonomy":"product_brand","embeddable":true,"href":"https:\/\/bunnyboo.ro\/en\/wp-json\/wp\/v2\/product_brand?post=31013"},{"taxonomy":"product_cat","embeddable":true,"href":"https:\/\/bunnyboo.ro\/en\/wp-json\/wp\/v2\/product_cat?post=31013"},{"taxonomy":"product_tag","embeddable":true,"href":"https:\/\/bunnyboo.ro\/en\/wp-json\/wp\/v2\/product_tag?post=31013"}],"curies":[{"name":"wp","href":"https:\/\/api.w.org\/{rel}","templated":true}]}}