{"id":3080,"date":"2021-08-06T13:31:50","date_gmt":"2021-08-06T13:31:50","guid":{"rendered":"https:\/\/bunnyboo.ro\/product\/lampa-de-veghe-hippie-van\/"},"modified":"2026-02-04T15:19:18","modified_gmt":"2026-02-04T13:19:18","slug":"lampa-de-veghe-hippie-van","status":"publish","type":"product","link":"https:\/\/bunnyboo.ro\/en\/produs\/lampa-de-veghe-hippie-van\/","title":{"rendered":"Lampa de veghe Hippie Van"},"content":{"rendered":"<p class=\"MsoNormal\" style=\"margin: 0cm 0cm 0.0001pt;\">Lampa de veghe cu design deosebit care va aduce veselie si culoare camerei celui mic. <span lang=\"RO\">L\u0103mpile r o o m G A G A sunt create cu pasiune \u0219i dragoste pentru lucruri unice. Acestea sunt realizate \u00eentr-un atelier local din Pozna\u0144, Polonia. \u00centregul proces al crea\u021biei lor, de la t\u0103ierea lor din lemn masiv de pin din p\u0103durile poloneze, p\u00e2n\u0103 la \u0219lefuirea \u0219i vopsirea lor cu vopsele certificate pentru copii, este o lucrare pur manual\u0103. Luminile LED sunt alimentate de baterii, \u00eenchise cu \u0219uruburi mici, astfel \u00eenc\u00e2t cel mic s\u0103 nu le poat\u0103 accesa. Toate acestea le fac foarte sigure \u0219i practice, pentru c\u0103 le puteti lua cu voi oriunde.<\/span><\/p>\n<p class=\"MsoNormal\" style=\"margin: 0cm 0cm 0.0001pt;\">\n<p class=\"MsoNormal\" style=\"margin: 0cm 0cm 0.0001pt;\">Dimensiuni: 18,5 cm inaltime x 30 cm lungime x 6,5 cm grosime<\/p>\n<p class=\"MsoNormal\" style=\"margin: 0cm 0cm 0.0001pt;\">Material: lemn de pin<\/p>\n<p class=\"MsoNormal\" style=\"margin: 0cm 0cm 0.0001pt;\">Baterii 2 x AA (incluse), 3V<\/p>\n<p class=\"MsoNormal\" style=\"margin: 0cm 0cm 0.0001pt;\">Certificat CE<\/p>\n<p class=\"MsoNormal\" style=\"margin: 0cm 0cm 0.0001pt;\">Vopsea acrilica, speciala pentru copii<\/p>\n<p class=\"MsoNormal\" style=\"margin: 0cm 0cm 0.0001pt;\">\n<p class=\"MsoNormal\" style=\"margin: 0cm 0cm 0.0001pt;\">\n<p class=\"MsoNormal\" style=\"margin: 0cm 0cm 0.0001pt;\">Termen de livrare: 15 zile lucratoare<\/p>\n<p class=\"MsoNormal\" style=\"margin: 0cm 0cm 0.0001pt; font-size: 12pt; font-family: Cambria;\">\n","protected":false},"excerpt":{"rendered":"<p>Lampa de veghe cu design deosebit care va aduce veselie si culoare camerei celui mic. L\u0103mpile r o o m G A G A sunt create cu pasiune \u0219i dragoste pentru lucruri unice. Acestea sunt realizate \u00eentr-un atelier local din Pozna\u0144, Polonia. \u00centregul proces al crea\u021biei lor, de la t\u0103ierea lor din lemn masiv de [&hellip;]<\/p>\n","protected":false},"featured_media":3077,"comment_status":"open","ping_status":"closed","template":"","meta":{"site-sidebar-layout":"default","site-content-layout":"","ast-site-content-layout":"default","site-content-style":"default","site-sidebar-style":"default","ast-global-header-display":"","ast-banner-title-visibility":"","ast-main-header-display":"","ast-hfb-above-header-display":"","ast-hfb-below-header-display":"","ast-hfb-mobile-header-display":"","site-post-title":"","ast-breadcrumbs-content":"","ast-featured-img":"","footer-sml-layout":"","theme-transparent-header-meta":"default","adv-header-id-meta":"","stick-header-meta":"default","header-above-stick-meta":"","header-main-stick-meta":"","header-below-stick-meta":"","astra-migrate-meta-layouts":"set","ast-page-background-enabled":"default","ast-page-background-meta":{"desktop":{"background-color":"","background-image":"","background-repeat":"repeat","background-position":"center center","background-size":"auto","background-attachment":"scroll","background-type":"","background-media":"","overlay-type":"","overlay-color":"","overlay-opacity":"","overlay-gradient":""},"tablet":{"background-color":"","background-image":"","background-repeat":"repeat","background-position":"center center","background-size":"auto","background-attachment":"scroll","background-type":"","background-media":"","overlay-type":"","overlay-color":"","overlay-opacity":"","overlay-gradient":""},"mobile":{"background-color":"","background-image":"","background-repeat":"repeat","background-position":"center center","background-size":"auto","background-attachment":"scroll","background-type":"","background-media":"","overlay-type":"","overlay-color":"","overlay-opacity":"","overlay-gradient":""}},"ast-content-background-meta":{"desktop":{"background-color":"var(--ast-global-color-5)","background-image":"","background-repeat":"repeat","background-position":"center center","background-size":"auto","background-attachment":"scroll","background-type":"","background-media":"","overlay-type":"","overlay-color":"","overlay-opacity":"","overlay-gradient":""},"tablet":{"background-color":"var(--ast-global-color-5)","background-image":"","background-repeat":"repeat","background-position":"center center","background-size":"auto","background-attachment":"scroll","background-type":"","background-media":"","overlay-type":"","overlay-color":"","overlay-opacity":"","overlay-gradient":""},"mobile":{"background-color":"var(--ast-global-color-5)","background-image":"","background-repeat":"repeat","background-position":"center center","background-size":"auto","background-attachment":"scroll","background-type":"","background-media":"","overlay-type":"","overlay-color":"","overlay-opacity":"","overlay-gradient":""}}},"product_brand":[],"product_cat":[53,132],"product_tag":[],"class_list":{"0":"post-3080","1":"product","2":"type-product","3":"status-publish","4":"has-post-thumbnail","6":"product_cat-somn-linistit-pentru-puiul-tau","7":"product_cat-reduceri-pentru-tine","8":"desktop-align-left","9":"tablet-align-left","10":"mobile-align-left","11":"ast-product-gallery-layout-horizontal-slider","12":"ast-product-tabs-layout-vertical","13":"ast-qv-on-image","15":"first","16":"instock","17":"sale","18":"shipping-taxable","19":"purchasable","20":"product-type-simple"},"yoast_head":"<!-- This site is optimized with the Yoast SEO plugin v22.6 - https:\/\/yoast.com\/wordpress\/plugins\/seo\/ -->\n<title>Lampa de veghe Hippie Van<\/title>\n<meta name=\"robots\" content=\"index, follow, max-snippet:-1, max-image-preview:large, max-video-preview:-1\" \/>\n<link rel=\"canonical\" href=\"https:\/\/bunnyboo.ro\/produs\/lampa-de-veghe-hippie-van\/\" \/>\n<meta property=\"og:locale\" content=\"en_US\" \/>\n<meta property=\"og:type\" content=\"article\" \/>\n<meta property=\"og:title\" content=\"Lampa de veghe Hippie Van\" \/>\n<meta property=\"og:description\" content=\"Lampa de veghe cu design deosebit care va aduce veselie si culoare camerei celui mic. L\u0103mpile r o o m G A G A sunt create cu pasiune \u0219i dragoste pentru lucruri unice. Acestea sunt realizate \u00eentr-un atelier local din Pozna\u0144, Polonia. \u00centregul proces al crea\u021biei lor, de la t\u0103ierea lor din lemn masiv de [&hellip;]\" \/>\n<meta property=\"og:url\" content=\"https:\/\/bunnyboo.ro\/produs\/lampa-de-veghe-hippie-van\/\" \/>\n<meta property=\"og:site_name\" content=\"Bunny Boo\" \/>\n<meta property=\"article:modified_time\" content=\"2026-02-04T13:19:18+00:00\" \/>\n<meta property=\"og:image\" content=\"https:\/\/bunnyboo.ro\/wp-content\/uploads\/2021\/08\/lampka-van-handmade-1536x1536.jpeg\" \/>\n\t<meta property=\"og:image:width\" content=\"1536\" \/>\n\t<meta property=\"og:image:height\" content=\"1536\" \/>\n\t<meta property=\"og:image:type\" content=\"image\/jpeg\" \/>\n<meta name=\"twitter:card\" content=\"summary_large_image\" \/>\n<meta name=\"twitter:label1\" content=\"Est. reading time\" \/>\n\t<meta name=\"twitter:data1\" content=\"1 minute\" \/>\n<script type=\"application\/ld+json\" class=\"yoast-schema-graph\">{\"@context\":\"https:\/\/schema.org\",\"@graph\":[{\"@type\":\"WebPage\",\"@id\":\"https:\/\/bunnyboo.ro\/produs\/lampa-de-veghe-hippie-van\/\",\"url\":\"https:\/\/bunnyboo.ro\/produs\/lampa-de-veghe-hippie-van\/\",\"name\":\"Lampa de veghe Hippie Van\",\"isPartOf\":{\"@id\":\"https:\/\/bunnyboo.ro\/#website\"},\"primaryImageOfPage\":{\"@id\":\"https:\/\/bunnyboo.ro\/produs\/lampa-de-veghe-hippie-van\/#primaryimage\"},\"image\":{\"@id\":\"https:\/\/bunnyboo.ro\/produs\/lampa-de-veghe-hippie-van\/#primaryimage\"},\"thumbnailUrl\":\"https:\/\/bunnyboo.ro\/wp-content\/uploads\/2021\/08\/lampka-van-handmade-1536x1536.jpeg\",\"datePublished\":\"2021-08-06T13:31:50+00:00\",\"dateModified\":\"2026-02-04T13:19:18+00:00\",\"breadcrumb\":{\"@id\":\"https:\/\/bunnyboo.ro\/produs\/lampa-de-veghe-hippie-van\/#breadcrumb\"},\"inLanguage\":\"en-US\",\"potentialAction\":[{\"@type\":\"ReadAction\",\"target\":[\"https:\/\/bunnyboo.ro\/produs\/lampa-de-veghe-hippie-van\/\"]}]},{\"@type\":\"ImageObject\",\"inLanguage\":\"en-US\",\"@id\":\"https:\/\/bunnyboo.ro\/produs\/lampa-de-veghe-hippie-van\/#primaryimage\",\"url\":\"https:\/\/bunnyboo.ro\/wp-content\/uploads\/2021\/08\/lampka-van-handmade-1536x1536.jpeg\",\"contentUrl\":\"https:\/\/bunnyboo.ro\/wp-content\/uploads\/2021\/08\/lampka-van-handmade-1536x1536.jpeg\",\"width\":1536,\"height\":1536,\"caption\":\"lampka-van-handmade-1536x1536\"},{\"@type\":\"BreadcrumbList\",\"@id\":\"https:\/\/bunnyboo.ro\/produs\/lampa-de-veghe-hippie-van\/#breadcrumb\",\"itemListElement\":[{\"@type\":\"ListItem\",\"position\":1,\"name\":\"Home\",\"item\":\"https:\/\/bunnyboo.ro\/en\/\"},{\"@type\":\"ListItem\",\"position\":2,\"name\":\"New\",\"item\":\"https:\/\/bunnyboo.ro\/en\/shop\/\"},{\"@type\":\"ListItem\",\"position\":3,\"name\":\"Lampa de veghe Hippie Van\"}]},{\"@type\":\"WebSite\",\"@id\":\"https:\/\/bunnyboo.ro\/#website\",\"url\":\"https:\/\/bunnyboo.ro\/\",\"name\":\"Bunny Boo\",\"description\":\"Bunny Boo\",\"publisher\":{\"@id\":\"https:\/\/bunnyboo.ro\/#organization\"},\"potentialAction\":[{\"@type\":\"SearchAction\",\"target\":{\"@type\":\"EntryPoint\",\"urlTemplate\":\"https:\/\/bunnyboo.ro\/?s={search_term_string}\"},\"query-input\":\"required name=search_term_string\"}],\"inLanguage\":\"en-US\"},{\"@type\":\"Organization\",\"@id\":\"https:\/\/bunnyboo.ro\/#organization\",\"name\":\"Bunny Boo\",\"url\":\"https:\/\/bunnyboo.ro\/\",\"logo\":{\"@type\":\"ImageObject\",\"inLanguage\":\"en-US\",\"@id\":\"https:\/\/bunnyboo.ro\/#\/schema\/logo\/image\/\",\"url\":\"https:\/\/bunnyboo.ro\/wp-content\/uploads\/2024\/03\/Logo-website-black.png\",\"contentUrl\":\"https:\/\/bunnyboo.ro\/wp-content\/uploads\/2024\/03\/Logo-website-black.png\",\"width\":2422,\"height\":946,\"caption\":\"Bunny Boo\"},\"image\":{\"@id\":\"https:\/\/bunnyboo.ro\/#\/schema\/logo\/image\/\"}}]}<\/script>\n<!-- \/ Yoast SEO plugin. -->","yoast_head_json":{"title":"Lampa de veghe Hippie Van","robots":{"index":"index","follow":"follow","max-snippet":"max-snippet:-1","max-image-preview":"max-image-preview:large","max-video-preview":"max-video-preview:-1"},"canonical":"https:\/\/bunnyboo.ro\/produs\/lampa-de-veghe-hippie-van\/","og_locale":"en_US","og_type":"article","og_title":"Lampa de veghe Hippie Van","og_description":"Lampa de veghe cu design deosebit care va aduce veselie si culoare camerei celui mic. L\u0103mpile r o o m G A G A sunt create cu pasiune \u0219i dragoste pentru lucruri unice. Acestea sunt realizate \u00eentr-un atelier local din Pozna\u0144, Polonia. \u00centregul proces al crea\u021biei lor, de la t\u0103ierea lor din lemn masiv de [&hellip;]","og_url":"https:\/\/bunnyboo.ro\/produs\/lampa-de-veghe-hippie-van\/","og_site_name":"Bunny Boo","article_modified_time":"2026-02-04T13:19:18+00:00","og_image":[{"width":1536,"height":1536,"url":"https:\/\/bunnyboo.ro\/wp-content\/uploads\/2021\/08\/lampka-van-handmade-1536x1536.jpeg","type":"image\/jpeg"}],"twitter_card":"summary_large_image","twitter_misc":{"Est. reading time":"1 minute"},"schema":{"@context":"https:\/\/schema.org","@graph":[{"@type":"WebPage","@id":"https:\/\/bunnyboo.ro\/produs\/lampa-de-veghe-hippie-van\/","url":"https:\/\/bunnyboo.ro\/produs\/lampa-de-veghe-hippie-van\/","name":"Lampa de veghe Hippie Van","isPartOf":{"@id":"https:\/\/bunnyboo.ro\/#website"},"primaryImageOfPage":{"@id":"https:\/\/bunnyboo.ro\/produs\/lampa-de-veghe-hippie-van\/#primaryimage"},"image":{"@id":"https:\/\/bunnyboo.ro\/produs\/lampa-de-veghe-hippie-van\/#primaryimage"},"thumbnailUrl":"https:\/\/bunnyboo.ro\/wp-content\/uploads\/2021\/08\/lampka-van-handmade-1536x1536.jpeg","datePublished":"2021-08-06T13:31:50+00:00","dateModified":"2026-02-04T13:19:18+00:00","breadcrumb":{"@id":"https:\/\/bunnyboo.ro\/produs\/lampa-de-veghe-hippie-van\/#breadcrumb"},"inLanguage":"en-US","potentialAction":[{"@type":"ReadAction","target":["https:\/\/bunnyboo.ro\/produs\/lampa-de-veghe-hippie-van\/"]}]},{"@type":"ImageObject","inLanguage":"en-US","@id":"https:\/\/bunnyboo.ro\/produs\/lampa-de-veghe-hippie-van\/#primaryimage","url":"https:\/\/bunnyboo.ro\/wp-content\/uploads\/2021\/08\/lampka-van-handmade-1536x1536.jpeg","contentUrl":"https:\/\/bunnyboo.ro\/wp-content\/uploads\/2021\/08\/lampka-van-handmade-1536x1536.jpeg","width":1536,"height":1536,"caption":"lampka-van-handmade-1536x1536"},{"@type":"BreadcrumbList","@id":"https:\/\/bunnyboo.ro\/produs\/lampa-de-veghe-hippie-van\/#breadcrumb","itemListElement":[{"@type":"ListItem","position":1,"name":"Home","item":"https:\/\/bunnyboo.ro\/en\/"},{"@type":"ListItem","position":2,"name":"New","item":"https:\/\/bunnyboo.ro\/en\/shop\/"},{"@type":"ListItem","position":3,"name":"Lampa de veghe Hippie Van"}]},{"@type":"WebSite","@id":"https:\/\/bunnyboo.ro\/#website","url":"https:\/\/bunnyboo.ro\/","name":"Bunny Boo","description":"Bunny Boo","publisher":{"@id":"https:\/\/bunnyboo.ro\/#organization"},"potentialAction":[{"@type":"SearchAction","target":{"@type":"EntryPoint","urlTemplate":"https:\/\/bunnyboo.ro\/?s={search_term_string}"},"query-input":"required name=search_term_string"}],"inLanguage":"en-US"},{"@type":"Organization","@id":"https:\/\/bunnyboo.ro\/#organization","name":"Bunny Boo","url":"https:\/\/bunnyboo.ro\/","logo":{"@type":"ImageObject","inLanguage":"en-US","@id":"https:\/\/bunnyboo.ro\/#\/schema\/logo\/image\/","url":"https:\/\/bunnyboo.ro\/wp-content\/uploads\/2024\/03\/Logo-website-black.png","contentUrl":"https:\/\/bunnyboo.ro\/wp-content\/uploads\/2024\/03\/Logo-website-black.png","width":2422,"height":946,"caption":"Bunny Boo"},"image":{"@id":"https:\/\/bunnyboo.ro\/#\/schema\/logo\/image\/"}}]}},"_links":{"self":[{"href":"https:\/\/bunnyboo.ro\/en\/wp-json\/wp\/v2\/product\/3080","targetHints":{"allow":["GET"]}}],"collection":[{"href":"https:\/\/bunnyboo.ro\/en\/wp-json\/wp\/v2\/product"}],"about":[{"href":"https:\/\/bunnyboo.ro\/en\/wp-json\/wp\/v2\/types\/product"}],"replies":[{"embeddable":true,"href":"https:\/\/bunnyboo.ro\/en\/wp-json\/wp\/v2\/comments?post=3080"}],"wp:featuredmedia":[{"embeddable":true,"href":"https:\/\/bunnyboo.ro\/en\/wp-json\/wp\/v2\/media\/3077"}],"wp:attachment":[{"href":"https:\/\/bunnyboo.ro\/en\/wp-json\/wp\/v2\/media?parent=3080"}],"wp:term":[{"taxonomy":"product_brand","embeddable":true,"href":"https:\/\/bunnyboo.ro\/en\/wp-json\/wp\/v2\/product_brand?post=3080"},{"taxonomy":"product_cat","embeddable":true,"href":"https:\/\/bunnyboo.ro\/en\/wp-json\/wp\/v2\/product_cat?post=3080"},{"taxonomy":"product_tag","embeddable":true,"href":"https:\/\/bunnyboo.ro\/en\/wp-json\/wp\/v2\/product_tag?post=3080"}],"curies":[{"name":"wp","href":"https:\/\/api.w.org\/{rel}","templated":true}]}}