{"id":30551,"date":"2025-04-02T09:34:21","date_gmt":"2025-04-02T06:34:21","guid":{"rendered":"https:\/\/bunnyboo.ro\/?post_type=product&#038;p=30551"},"modified":"2026-02-17T20:42:10","modified_gmt":"2026-02-17T18:42:10","slug":"balon-decorativ-flight-30-cm-natural-sand","status":"publish","type":"product","link":"https:\/\/bunnyboo.ro\/en\/produs\/balon-decorativ-flight-30-cm-natural-sand\/","title":{"rendered":"Balon decorativ Flight 30 cm &#8211; Natural Sand"},"content":{"rendered":"<p>Baloo Flight este un balon cu aer cald cu un co\u0219 de r\u0103chit\u0103\/rafie care con\u021bine o mica giraf\u0103. Tu alegi culoarea balonului t\u0103u.<br \/>\nBalonul at\u00e2rn\u0103 deja de un fir de nailon lung invizibil pe care \u00eel pute\u021bi lega cu u\u0219urin\u021b\u0103 de un c\u00e2rlig furnizat, astfel \u00eenc\u00e2t balonul s\u0103 poat\u0103 pluti la \u00een\u0103l\u021bimea dorit\u0103 \u00een camer\u0103. G\u0103uri\u021bi un \u0219urub cu un ochi \u00een tavan sau \u00eentr-o grind\u0103. (Nu este inclus) Aici ag\u0103\u021ba\u021bi c\u00e2rligul cu balonul. De asemenea, \u00eel pute\u021bi at\u00e2rna pe o \u0219in\u0103 de perdea sau ceva similar.<\/p>\n<p>Articolul \u00een sine, de la partea de sus a balonului p\u00e2n\u0103 la partea de jos a co\u0219ului, are aproximativ 45 cm.<\/p>\n","protected":false},"excerpt":{"rendered":"<p>Baloo Flight este un balon cu aer cald cu un co\u0219 de r\u0103chit\u0103\/rafie care con\u021bine o mica giraf\u0103. Tu alegi culoarea balonului t\u0103u. Balonul at\u00e2rn\u0103 deja de un fir de nailon lung invizibil pe care \u00eel pute\u021bi lega cu u\u0219urin\u021b\u0103 de un c\u00e2rlig furnizat, astfel \u00eenc\u00e2t balonul s\u0103 poat\u0103 pluti la \u00een\u0103l\u021bimea dorit\u0103 \u00een camer\u0103. [&hellip;]<\/p>\n","protected":false},"featured_media":30514,"comment_status":"open","ping_status":"closed","template":"","meta":{"site-sidebar-layout":"default","site-content-layout":"","ast-site-content-layout":"default","site-content-style":"default","site-sidebar-style":"default","ast-global-header-display":"","ast-banner-title-visibility":"","ast-main-header-display":"","ast-hfb-above-header-display":"","ast-hfb-below-header-display":"","ast-hfb-mobile-header-display":"","site-post-title":"","ast-breadcrumbs-content":"","ast-featured-img":"","footer-sml-layout":"","theme-transparent-header-meta":"default","adv-header-id-meta":"","stick-header-meta":"default","header-above-stick-meta":"","header-main-stick-meta":"","header-below-stick-meta":"","astra-migrate-meta-layouts":"set","ast-page-background-enabled":"default","ast-page-background-meta":{"desktop":{"background-color":"","background-image":"","background-repeat":"repeat","background-position":"center center","background-size":"auto","background-attachment":"scroll","background-type":"","background-media":"","overlay-type":"","overlay-color":"","overlay-opacity":"","overlay-gradient":""},"tablet":{"background-color":"","background-image":"","background-repeat":"repeat","background-position":"center center","background-size":"auto","background-attachment":"scroll","background-type":"","background-media":"","overlay-type":"","overlay-color":"","overlay-opacity":"","overlay-gradient":""},"mobile":{"background-color":"","background-image":"","background-repeat":"repeat","background-position":"center center","background-size":"auto","background-attachment":"scroll","background-type":"","background-media":"","overlay-type":"","overlay-color":"","overlay-opacity":"","overlay-gradient":""}},"ast-content-background-meta":{"desktop":{"background-color":"var(--ast-global-color-5)","background-image":"","background-repeat":"repeat","background-position":"center center","background-size":"auto","background-attachment":"scroll","background-type":"","background-media":"","overlay-type":"","overlay-color":"","overlay-opacity":"","overlay-gradient":""},"tablet":{"background-color":"var(--ast-global-color-5)","background-image":"","background-repeat":"repeat","background-position":"center center","background-size":"auto","background-attachment":"scroll","background-type":"","background-media":"","overlay-type":"","overlay-color":"","overlay-opacity":"","overlay-gradient":""},"mobile":{"background-color":"var(--ast-global-color-5)","background-image":"","background-repeat":"repeat","background-position":"center center","background-size":"auto","background-attachment":"scroll","background-type":"","background-media":"","overlay-type":"","overlay-color":"","overlay-opacity":"","overlay-gradient":""}}},"product_brand":[],"product_cat":[82],"product_tag":[],"class_list":{"0":"post-30551","1":"product","2":"type-product","3":"status-publish","4":"has-post-thumbnail","6":"product_cat-balon-decorativ-pentru-camera-micutului-tau","7":"desktop-align-left","8":"tablet-align-left","9":"mobile-align-left","10":"ast-product-gallery-layout-horizontal-slider","11":"ast-product-tabs-layout-vertical","12":"ast-qv-on-image","14":"first","15":"instock","16":"shipping-taxable","17":"purchasable","18":"product-type-simple"},"yoast_head":"<!-- This site is optimized with the Yoast SEO plugin v22.6 - https:\/\/yoast.com\/wordpress\/plugins\/seo\/ -->\n<title>Balon decorativ Flight 30 cm - Natural Sand<\/title>\n<meta name=\"robots\" content=\"index, follow, max-snippet:-1, max-image-preview:large, max-video-preview:-1\" \/>\n<link rel=\"canonical\" href=\"https:\/\/bunnyboo.ro\/produs\/balon-decorativ-flight-30-cm-natural-sand\/\" \/>\n<meta property=\"og:locale\" content=\"en_US\" \/>\n<meta property=\"og:type\" content=\"article\" \/>\n<meta property=\"og:title\" content=\"Balon decorativ Flight 30 cm - Natural Sand\" \/>\n<meta property=\"og:description\" content=\"Baloo Flight este un balon cu aer cald cu un co\u0219 de r\u0103chit\u0103\/rafie care con\u021bine o mica giraf\u0103. Tu alegi culoarea balonului t\u0103u. Balonul at\u00e2rn\u0103 deja de un fir de nailon lung invizibil pe care \u00eel pute\u021bi lega cu u\u0219urin\u021b\u0103 de un c\u00e2rlig furnizat, astfel \u00eenc\u00e2t balonul s\u0103 poat\u0103 pluti la \u00een\u0103l\u021bimea dorit\u0103 \u00een camer\u0103. [&hellip;]\" \/>\n<meta property=\"og:url\" content=\"https:\/\/bunnyboo.ro\/produs\/balon-decorativ-flight-30-cm-natural-sand\/\" \/>\n<meta property=\"og:site_name\" content=\"Bunny Boo\" \/>\n<meta property=\"article:modified_time\" content=\"2026-02-17T18:42:10+00:00\" \/>\n<meta property=\"og:image\" content=\"https:\/\/bunnyboo.ro\/wp-content\/uploads\/2025\/04\/image00101-scaled.jpeg\" \/>\n\t<meta property=\"og:image:width\" content=\"1920\" \/>\n\t<meta property=\"og:image:height\" content=\"2560\" \/>\n\t<meta property=\"og:image:type\" content=\"image\/jpeg\" \/>\n<meta name=\"twitter:card\" content=\"summary_large_image\" \/>\n<meta name=\"twitter:label1\" content=\"Est. reading time\" \/>\n\t<meta name=\"twitter:data1\" content=\"1 minute\" \/>\n<script type=\"application\/ld+json\" class=\"yoast-schema-graph\">{\"@context\":\"https:\/\/schema.org\",\"@graph\":[{\"@type\":\"WebPage\",\"@id\":\"https:\/\/bunnyboo.ro\/produs\/balon-decorativ-flight-30-cm-natural-sand\/\",\"url\":\"https:\/\/bunnyboo.ro\/produs\/balon-decorativ-flight-30-cm-natural-sand\/\",\"name\":\"Balon decorativ Flight 30 cm - Natural Sand\",\"isPartOf\":{\"@id\":\"https:\/\/bunnyboo.ro\/#website\"},\"primaryImageOfPage\":{\"@id\":\"https:\/\/bunnyboo.ro\/produs\/balon-decorativ-flight-30-cm-natural-sand\/#primaryimage\"},\"image\":{\"@id\":\"https:\/\/bunnyboo.ro\/produs\/balon-decorativ-flight-30-cm-natural-sand\/#primaryimage\"},\"thumbnailUrl\":\"https:\/\/bunnyboo.ro\/wp-content\/uploads\/2025\/04\/image00101-scaled.jpeg\",\"datePublished\":\"2025-04-02T06:34:21+00:00\",\"dateModified\":\"2026-02-17T18:42:10+00:00\",\"breadcrumb\":{\"@id\":\"https:\/\/bunnyboo.ro\/produs\/balon-decorativ-flight-30-cm-natural-sand\/#breadcrumb\"},\"inLanguage\":\"en-US\",\"potentialAction\":[{\"@type\":\"ReadAction\",\"target\":[\"https:\/\/bunnyboo.ro\/produs\/balon-decorativ-flight-30-cm-natural-sand\/\"]}]},{\"@type\":\"ImageObject\",\"inLanguage\":\"en-US\",\"@id\":\"https:\/\/bunnyboo.ro\/produs\/balon-decorativ-flight-30-cm-natural-sand\/#primaryimage\",\"url\":\"https:\/\/bunnyboo.ro\/wp-content\/uploads\/2025\/04\/image00101-scaled.jpeg\",\"contentUrl\":\"https:\/\/bunnyboo.ro\/wp-content\/uploads\/2025\/04\/image00101-scaled.jpeg\",\"width\":1920,\"height\":2560,\"caption\":\"Balon decorativ Flight 45cm Natural Sand\"},{\"@type\":\"BreadcrumbList\",\"@id\":\"https:\/\/bunnyboo.ro\/produs\/balon-decorativ-flight-30-cm-natural-sand\/#breadcrumb\",\"itemListElement\":[{\"@type\":\"ListItem\",\"position\":1,\"name\":\"Home\",\"item\":\"https:\/\/bunnyboo.ro\/en\/\"},{\"@type\":\"ListItem\",\"position\":2,\"name\":\"New\",\"item\":\"https:\/\/bunnyboo.ro\/en\/shop\/\"},{\"@type\":\"ListItem\",\"position\":3,\"name\":\"Balon decorativ Flight 30 cm &#8211; Natural Sand\"}]},{\"@type\":\"WebSite\",\"@id\":\"https:\/\/bunnyboo.ro\/#website\",\"url\":\"https:\/\/bunnyboo.ro\/\",\"name\":\"Bunny Boo\",\"description\":\"Bunny Boo\",\"publisher\":{\"@id\":\"https:\/\/bunnyboo.ro\/#organization\"},\"potentialAction\":[{\"@type\":\"SearchAction\",\"target\":{\"@type\":\"EntryPoint\",\"urlTemplate\":\"https:\/\/bunnyboo.ro\/?s={search_term_string}\"},\"query-input\":\"required name=search_term_string\"}],\"inLanguage\":\"en-US\"},{\"@type\":\"Organization\",\"@id\":\"https:\/\/bunnyboo.ro\/#organization\",\"name\":\"Bunny Boo\",\"url\":\"https:\/\/bunnyboo.ro\/\",\"logo\":{\"@type\":\"ImageObject\",\"inLanguage\":\"en-US\",\"@id\":\"https:\/\/bunnyboo.ro\/#\/schema\/logo\/image\/\",\"url\":\"https:\/\/bunnyboo.ro\/wp-content\/uploads\/2024\/03\/Logo-website-black.png\",\"contentUrl\":\"https:\/\/bunnyboo.ro\/wp-content\/uploads\/2024\/03\/Logo-website-black.png\",\"width\":2422,\"height\":946,\"caption\":\"Bunny Boo\"},\"image\":{\"@id\":\"https:\/\/bunnyboo.ro\/#\/schema\/logo\/image\/\"}}]}<\/script>\n<!-- \/ Yoast SEO plugin. -->","yoast_head_json":{"title":"Balon decorativ Flight 30 cm - Natural Sand","robots":{"index":"index","follow":"follow","max-snippet":"max-snippet:-1","max-image-preview":"max-image-preview:large","max-video-preview":"max-video-preview:-1"},"canonical":"https:\/\/bunnyboo.ro\/produs\/balon-decorativ-flight-30-cm-natural-sand\/","og_locale":"en_US","og_type":"article","og_title":"Balon decorativ Flight 30 cm - Natural Sand","og_description":"Baloo Flight este un balon cu aer cald cu un co\u0219 de r\u0103chit\u0103\/rafie care con\u021bine o mica giraf\u0103. Tu alegi culoarea balonului t\u0103u. Balonul at\u00e2rn\u0103 deja de un fir de nailon lung invizibil pe care \u00eel pute\u021bi lega cu u\u0219urin\u021b\u0103 de un c\u00e2rlig furnizat, astfel \u00eenc\u00e2t balonul s\u0103 poat\u0103 pluti la \u00een\u0103l\u021bimea dorit\u0103 \u00een camer\u0103. [&hellip;]","og_url":"https:\/\/bunnyboo.ro\/produs\/balon-decorativ-flight-30-cm-natural-sand\/","og_site_name":"Bunny Boo","article_modified_time":"2026-02-17T18:42:10+00:00","og_image":[{"width":1920,"height":2560,"url":"https:\/\/bunnyboo.ro\/wp-content\/uploads\/2025\/04\/image00101-scaled.jpeg","type":"image\/jpeg"}],"twitter_card":"summary_large_image","twitter_misc":{"Est. reading time":"1 minute"},"schema":{"@context":"https:\/\/schema.org","@graph":[{"@type":"WebPage","@id":"https:\/\/bunnyboo.ro\/produs\/balon-decorativ-flight-30-cm-natural-sand\/","url":"https:\/\/bunnyboo.ro\/produs\/balon-decorativ-flight-30-cm-natural-sand\/","name":"Balon decorativ Flight 30 cm - Natural Sand","isPartOf":{"@id":"https:\/\/bunnyboo.ro\/#website"},"primaryImageOfPage":{"@id":"https:\/\/bunnyboo.ro\/produs\/balon-decorativ-flight-30-cm-natural-sand\/#primaryimage"},"image":{"@id":"https:\/\/bunnyboo.ro\/produs\/balon-decorativ-flight-30-cm-natural-sand\/#primaryimage"},"thumbnailUrl":"https:\/\/bunnyboo.ro\/wp-content\/uploads\/2025\/04\/image00101-scaled.jpeg","datePublished":"2025-04-02T06:34:21+00:00","dateModified":"2026-02-17T18:42:10+00:00","breadcrumb":{"@id":"https:\/\/bunnyboo.ro\/produs\/balon-decorativ-flight-30-cm-natural-sand\/#breadcrumb"},"inLanguage":"en-US","potentialAction":[{"@type":"ReadAction","target":["https:\/\/bunnyboo.ro\/produs\/balon-decorativ-flight-30-cm-natural-sand\/"]}]},{"@type":"ImageObject","inLanguage":"en-US","@id":"https:\/\/bunnyboo.ro\/produs\/balon-decorativ-flight-30-cm-natural-sand\/#primaryimage","url":"https:\/\/bunnyboo.ro\/wp-content\/uploads\/2025\/04\/image00101-scaled.jpeg","contentUrl":"https:\/\/bunnyboo.ro\/wp-content\/uploads\/2025\/04\/image00101-scaled.jpeg","width":1920,"height":2560,"caption":"Balon decorativ Flight 45cm Natural Sand"},{"@type":"BreadcrumbList","@id":"https:\/\/bunnyboo.ro\/produs\/balon-decorativ-flight-30-cm-natural-sand\/#breadcrumb","itemListElement":[{"@type":"ListItem","position":1,"name":"Home","item":"https:\/\/bunnyboo.ro\/en\/"},{"@type":"ListItem","position":2,"name":"New","item":"https:\/\/bunnyboo.ro\/en\/shop\/"},{"@type":"ListItem","position":3,"name":"Balon decorativ Flight 30 cm &#8211; Natural Sand"}]},{"@type":"WebSite","@id":"https:\/\/bunnyboo.ro\/#website","url":"https:\/\/bunnyboo.ro\/","name":"Bunny Boo","description":"Bunny Boo","publisher":{"@id":"https:\/\/bunnyboo.ro\/#organization"},"potentialAction":[{"@type":"SearchAction","target":{"@type":"EntryPoint","urlTemplate":"https:\/\/bunnyboo.ro\/?s={search_term_string}"},"query-input":"required name=search_term_string"}],"inLanguage":"en-US"},{"@type":"Organization","@id":"https:\/\/bunnyboo.ro\/#organization","name":"Bunny Boo","url":"https:\/\/bunnyboo.ro\/","logo":{"@type":"ImageObject","inLanguage":"en-US","@id":"https:\/\/bunnyboo.ro\/#\/schema\/logo\/image\/","url":"https:\/\/bunnyboo.ro\/wp-content\/uploads\/2024\/03\/Logo-website-black.png","contentUrl":"https:\/\/bunnyboo.ro\/wp-content\/uploads\/2024\/03\/Logo-website-black.png","width":2422,"height":946,"caption":"Bunny Boo"},"image":{"@id":"https:\/\/bunnyboo.ro\/#\/schema\/logo\/image\/"}}]}},"_links":{"self":[{"href":"https:\/\/bunnyboo.ro\/en\/wp-json\/wp\/v2\/product\/30551","targetHints":{"allow":["GET"]}}],"collection":[{"href":"https:\/\/bunnyboo.ro\/en\/wp-json\/wp\/v2\/product"}],"about":[{"href":"https:\/\/bunnyboo.ro\/en\/wp-json\/wp\/v2\/types\/product"}],"replies":[{"embeddable":true,"href":"https:\/\/bunnyboo.ro\/en\/wp-json\/wp\/v2\/comments?post=30551"}],"wp:featuredmedia":[{"embeddable":true,"href":"https:\/\/bunnyboo.ro\/en\/wp-json\/wp\/v2\/media\/30514"}],"wp:attachment":[{"href":"https:\/\/bunnyboo.ro\/en\/wp-json\/wp\/v2\/media?parent=30551"}],"wp:term":[{"taxonomy":"product_brand","embeddable":true,"href":"https:\/\/bunnyboo.ro\/en\/wp-json\/wp\/v2\/product_brand?post=30551"},{"taxonomy":"product_cat","embeddable":true,"href":"https:\/\/bunnyboo.ro\/en\/wp-json\/wp\/v2\/product_cat?post=30551"},{"taxonomy":"product_tag","embeddable":true,"href":"https:\/\/bunnyboo.ro\/en\/wp-json\/wp\/v2\/product_tag?post=30551"}],"curies":[{"name":"wp","href":"https:\/\/api.w.org\/{rel}","templated":true}]}}