{"id":30546,"date":"2025-04-02T08:52:34","date_gmt":"2025-04-02T05:52:34","guid":{"rendered":"https:\/\/bunnyboo.ro\/?post_type=product&#038;p=30546"},"modified":"2026-03-26T14:43:27","modified_gmt":"2026-03-26T12:43:27","slug":"balon-decorativ-cu-girafa-20-cm-natural","status":"publish","type":"product","link":"https:\/\/bunnyboo.ro\/en\/produs\/balon-decorativ-cu-girafa-20-cm-natural\/","title":{"rendered":"Balon decorativ cu girafa, 20 cm &#8211; Natural"},"content":{"rendered":"<p>Baloo large, este un balon unic de 20 cm, realizat cu fire Bobbiny. Animalul at\u00e2rn\u0103 de balon pe un \u0219nur de 60 cm si este usor de agatat in camera.. Balonul at\u00e2rn\u0103 de un fir de nailon lung, invizibil. Un c\u00e2rlig este inclus \u0219i \u00eel pute\u021bi lega cu u\u0219urin\u021b\u0103 (\u0219i apoi \u00eel t\u0103ia\u021bi). \u00cen acest fel, po\u021bi determina singur \u00een\u0103l\u021bimea de suspendare a Baloo-ului t\u0103u. G\u0103uri\u021bi un \u0219urub cu un ochi \u00een tavan sau \u00eentr-o grind\u0103. (Nu este inclus) si ag\u0103\u021ba\u021bi c\u00e2rligul cu balonul. De asemenea, \u00eel pute\u021bi at\u00e2rna pe o \u0219in\u0103 de perdea.<\/p>\n<p>Un cadou unic realizat manual.<\/p>\n<p>Acum pute\u021bi comanda \u0219i o combina\u021bie cu celelalte 2 m\u0103rimi si puteti combina culori diferite.<\/p>\n","protected":false},"excerpt":{"rendered":"<p>Baloo large, este un balon unic de 20 cm, realizat cu fire Bobbiny. Animalul at\u00e2rn\u0103 de balon pe un \u0219nur de 60 cm si este usor de agatat in camera.. Balonul at\u00e2rn\u0103 de un fir de nailon lung, invizibil. Un c\u00e2rlig este inclus \u0219i \u00eel pute\u021bi lega cu u\u0219urin\u021b\u0103 (\u0219i apoi \u00eel t\u0103ia\u021bi). \u00cen acest [&hellip;]<\/p>\n","protected":false},"featured_media":30536,"comment_status":"open","ping_status":"closed","template":"","meta":{"site-sidebar-layout":"default","site-content-layout":"","ast-site-content-layout":"default","site-content-style":"default","site-sidebar-style":"default","ast-global-header-display":"","ast-banner-title-visibility":"","ast-main-header-display":"","ast-hfb-above-header-display":"","ast-hfb-below-header-display":"","ast-hfb-mobile-header-display":"","site-post-title":"","ast-breadcrumbs-content":"","ast-featured-img":"","footer-sml-layout":"","theme-transparent-header-meta":"default","adv-header-id-meta":"","stick-header-meta":"default","header-above-stick-meta":"","header-main-stick-meta":"","header-below-stick-meta":"","astra-migrate-meta-layouts":"set","ast-page-background-enabled":"default","ast-page-background-meta":{"desktop":{"background-color":"","background-image":"","background-repeat":"repeat","background-position":"center center","background-size":"auto","background-attachment":"scroll","background-type":"","background-media":"","overlay-type":"","overlay-color":"","overlay-opacity":"","overlay-gradient":""},"tablet":{"background-color":"","background-image":"","background-repeat":"repeat","background-position":"center center","background-size":"auto","background-attachment":"scroll","background-type":"","background-media":"","overlay-type":"","overlay-color":"","overlay-opacity":"","overlay-gradient":""},"mobile":{"background-color":"","background-image":"","background-repeat":"repeat","background-position":"center center","background-size":"auto","background-attachment":"scroll","background-type":"","background-media":"","overlay-type":"","overlay-color":"","overlay-opacity":"","overlay-gradient":""}},"ast-content-background-meta":{"desktop":{"background-color":"var(--ast-global-color-5)","background-image":"","background-repeat":"repeat","background-position":"center center","background-size":"auto","background-attachment":"scroll","background-type":"","background-media":"","overlay-type":"","overlay-color":"","overlay-opacity":"","overlay-gradient":""},"tablet":{"background-color":"var(--ast-global-color-5)","background-image":"","background-repeat":"repeat","background-position":"center center","background-size":"auto","background-attachment":"scroll","background-type":"","background-media":"","overlay-type":"","overlay-color":"","overlay-opacity":"","overlay-gradient":""},"mobile":{"background-color":"var(--ast-global-color-5)","background-image":"","background-repeat":"repeat","background-position":"center center","background-size":"auto","background-attachment":"scroll","background-type":"","background-media":"","overlay-type":"","overlay-color":"","overlay-opacity":"","overlay-gradient":""}}},"product_brand":[],"product_cat":[82,132],"product_tag":[],"class_list":{"0":"post-30546","1":"product","2":"type-product","3":"status-publish","4":"has-post-thumbnail","6":"product_cat-balon-decorativ-pentru-camera-micutului-tau","7":"product_cat-reduceri-pentru-tine","8":"desktop-align-left","9":"tablet-align-left","10":"mobile-align-left","11":"ast-product-gallery-layout-horizontal-slider","12":"ast-product-tabs-layout-vertical","13":"ast-qv-on-image","15":"first","16":"instock","17":"sale","18":"shipping-taxable","19":"purchasable","20":"product-type-simple"},"yoast_head":"<!-- This site is optimized with the Yoast SEO plugin v22.6 - https:\/\/yoast.com\/wordpress\/plugins\/seo\/ -->\n<title>Balon decorativ cu girafa, 20 cm - Natural<\/title>\n<meta name=\"robots\" content=\"index, follow, max-snippet:-1, max-image-preview:large, max-video-preview:-1\" \/>\n<link rel=\"canonical\" href=\"https:\/\/bunnyboo.ro\/produs\/balon-decorativ-cu-girafa-20-cm-natural\/\" \/>\n<meta property=\"og:locale\" content=\"en_US\" \/>\n<meta property=\"og:type\" content=\"article\" \/>\n<meta property=\"og:title\" content=\"Balon decorativ cu girafa, 20 cm - Natural\" \/>\n<meta property=\"og:description\" content=\"Baloo large, este un balon unic de 20 cm, realizat cu fire Bobbiny. Animalul at\u00e2rn\u0103 de balon pe un \u0219nur de 60 cm si este usor de agatat in camera.. Balonul at\u00e2rn\u0103 de un fir de nailon lung, invizibil. Un c\u00e2rlig este inclus \u0219i \u00eel pute\u021bi lega cu u\u0219urin\u021b\u0103 (\u0219i apoi \u00eel t\u0103ia\u021bi). \u00cen acest [&hellip;]\" \/>\n<meta property=\"og:url\" content=\"https:\/\/bunnyboo.ro\/produs\/balon-decorativ-cu-girafa-20-cm-natural\/\" \/>\n<meta property=\"og:site_name\" content=\"Bunny Boo\" \/>\n<meta property=\"article:modified_time\" content=\"2026-03-26T12:43:27+00:00\" \/>\n<meta property=\"og:image\" content=\"https:\/\/bunnyboo.ro\/wp-content\/uploads\/2025\/04\/image00227-scaled.jpeg\" \/>\n\t<meta property=\"og:image:width\" content=\"1920\" \/>\n\t<meta property=\"og:image:height\" content=\"2560\" \/>\n\t<meta property=\"og:image:type\" content=\"image\/jpeg\" \/>\n<meta name=\"twitter:card\" content=\"summary_large_image\" \/>\n<meta name=\"twitter:label1\" content=\"Est. reading time\" \/>\n\t<meta name=\"twitter:data1\" content=\"1 minute\" \/>\n<script type=\"application\/ld+json\" class=\"yoast-schema-graph\">{\"@context\":\"https:\/\/schema.org\",\"@graph\":[{\"@type\":\"WebPage\",\"@id\":\"https:\/\/bunnyboo.ro\/produs\/balon-decorativ-cu-girafa-20-cm-natural\/\",\"url\":\"https:\/\/bunnyboo.ro\/produs\/balon-decorativ-cu-girafa-20-cm-natural\/\",\"name\":\"Balon decorativ cu girafa, 20 cm - Natural\",\"isPartOf\":{\"@id\":\"https:\/\/bunnyboo.ro\/#website\"},\"primaryImageOfPage\":{\"@id\":\"https:\/\/bunnyboo.ro\/produs\/balon-decorativ-cu-girafa-20-cm-natural\/#primaryimage\"},\"image\":{\"@id\":\"https:\/\/bunnyboo.ro\/produs\/balon-decorativ-cu-girafa-20-cm-natural\/#primaryimage\"},\"thumbnailUrl\":\"https:\/\/bunnyboo.ro\/wp-content\/uploads\/2025\/04\/image00227-scaled.jpeg\",\"datePublished\":\"2025-04-02T05:52:34+00:00\",\"dateModified\":\"2026-03-26T12:43:27+00:00\",\"breadcrumb\":{\"@id\":\"https:\/\/bunnyboo.ro\/produs\/balon-decorativ-cu-girafa-20-cm-natural\/#breadcrumb\"},\"inLanguage\":\"en-US\",\"potentialAction\":[{\"@type\":\"ReadAction\",\"target\":[\"https:\/\/bunnyboo.ro\/produs\/balon-decorativ-cu-girafa-20-cm-natural\/\"]}]},{\"@type\":\"ImageObject\",\"inLanguage\":\"en-US\",\"@id\":\"https:\/\/bunnyboo.ro\/produs\/balon-decorativ-cu-girafa-20-cm-natural\/#primaryimage\",\"url\":\"https:\/\/bunnyboo.ro\/wp-content\/uploads\/2025\/04\/image00227-scaled.jpeg\",\"contentUrl\":\"https:\/\/bunnyboo.ro\/wp-content\/uploads\/2025\/04\/image00227-scaled.jpeg\",\"width\":1920,\"height\":2560,\"caption\":\"Balon decorativ cu girafa 2 cm Natural\"},{\"@type\":\"BreadcrumbList\",\"@id\":\"https:\/\/bunnyboo.ro\/produs\/balon-decorativ-cu-girafa-20-cm-natural\/#breadcrumb\",\"itemListElement\":[{\"@type\":\"ListItem\",\"position\":1,\"name\":\"Home\",\"item\":\"https:\/\/bunnyboo.ro\/en\/\"},{\"@type\":\"ListItem\",\"position\":2,\"name\":\"New\",\"item\":\"https:\/\/bunnyboo.ro\/en\/shop\/\"},{\"@type\":\"ListItem\",\"position\":3,\"name\":\"Balon decorativ cu girafa, 20 cm &#8211; Natural\"}]},{\"@type\":\"WebSite\",\"@id\":\"https:\/\/bunnyboo.ro\/#website\",\"url\":\"https:\/\/bunnyboo.ro\/\",\"name\":\"Bunny Boo\",\"description\":\"Bunny Boo\",\"publisher\":{\"@id\":\"https:\/\/bunnyboo.ro\/#organization\"},\"potentialAction\":[{\"@type\":\"SearchAction\",\"target\":{\"@type\":\"EntryPoint\",\"urlTemplate\":\"https:\/\/bunnyboo.ro\/?s={search_term_string}\"},\"query-input\":\"required name=search_term_string\"}],\"inLanguage\":\"en-US\"},{\"@type\":\"Organization\",\"@id\":\"https:\/\/bunnyboo.ro\/#organization\",\"name\":\"Bunny Boo\",\"url\":\"https:\/\/bunnyboo.ro\/\",\"logo\":{\"@type\":\"ImageObject\",\"inLanguage\":\"en-US\",\"@id\":\"https:\/\/bunnyboo.ro\/#\/schema\/logo\/image\/\",\"url\":\"https:\/\/bunnyboo.ro\/wp-content\/uploads\/2024\/03\/Logo-website-black.png\",\"contentUrl\":\"https:\/\/bunnyboo.ro\/wp-content\/uploads\/2024\/03\/Logo-website-black.png\",\"width\":2422,\"height\":946,\"caption\":\"Bunny Boo\"},\"image\":{\"@id\":\"https:\/\/bunnyboo.ro\/#\/schema\/logo\/image\/\"}}]}<\/script>\n<!-- \/ Yoast SEO plugin. -->","yoast_head_json":{"title":"Balon decorativ cu girafa, 20 cm - Natural","robots":{"index":"index","follow":"follow","max-snippet":"max-snippet:-1","max-image-preview":"max-image-preview:large","max-video-preview":"max-video-preview:-1"},"canonical":"https:\/\/bunnyboo.ro\/produs\/balon-decorativ-cu-girafa-20-cm-natural\/","og_locale":"en_US","og_type":"article","og_title":"Balon decorativ cu girafa, 20 cm - Natural","og_description":"Baloo large, este un balon unic de 20 cm, realizat cu fire Bobbiny. Animalul at\u00e2rn\u0103 de balon pe un \u0219nur de 60 cm si este usor de agatat in camera.. Balonul at\u00e2rn\u0103 de un fir de nailon lung, invizibil. Un c\u00e2rlig este inclus \u0219i \u00eel pute\u021bi lega cu u\u0219urin\u021b\u0103 (\u0219i apoi \u00eel t\u0103ia\u021bi). \u00cen acest [&hellip;]","og_url":"https:\/\/bunnyboo.ro\/produs\/balon-decorativ-cu-girafa-20-cm-natural\/","og_site_name":"Bunny Boo","article_modified_time":"2026-03-26T12:43:27+00:00","og_image":[{"width":1920,"height":2560,"url":"https:\/\/bunnyboo.ro\/wp-content\/uploads\/2025\/04\/image00227-scaled.jpeg","type":"image\/jpeg"}],"twitter_card":"summary_large_image","twitter_misc":{"Est. reading time":"1 minute"},"schema":{"@context":"https:\/\/schema.org","@graph":[{"@type":"WebPage","@id":"https:\/\/bunnyboo.ro\/produs\/balon-decorativ-cu-girafa-20-cm-natural\/","url":"https:\/\/bunnyboo.ro\/produs\/balon-decorativ-cu-girafa-20-cm-natural\/","name":"Balon decorativ cu girafa, 20 cm - Natural","isPartOf":{"@id":"https:\/\/bunnyboo.ro\/#website"},"primaryImageOfPage":{"@id":"https:\/\/bunnyboo.ro\/produs\/balon-decorativ-cu-girafa-20-cm-natural\/#primaryimage"},"image":{"@id":"https:\/\/bunnyboo.ro\/produs\/balon-decorativ-cu-girafa-20-cm-natural\/#primaryimage"},"thumbnailUrl":"https:\/\/bunnyboo.ro\/wp-content\/uploads\/2025\/04\/image00227-scaled.jpeg","datePublished":"2025-04-02T05:52:34+00:00","dateModified":"2026-03-26T12:43:27+00:00","breadcrumb":{"@id":"https:\/\/bunnyboo.ro\/produs\/balon-decorativ-cu-girafa-20-cm-natural\/#breadcrumb"},"inLanguage":"en-US","potentialAction":[{"@type":"ReadAction","target":["https:\/\/bunnyboo.ro\/produs\/balon-decorativ-cu-girafa-20-cm-natural\/"]}]},{"@type":"ImageObject","inLanguage":"en-US","@id":"https:\/\/bunnyboo.ro\/produs\/balon-decorativ-cu-girafa-20-cm-natural\/#primaryimage","url":"https:\/\/bunnyboo.ro\/wp-content\/uploads\/2025\/04\/image00227-scaled.jpeg","contentUrl":"https:\/\/bunnyboo.ro\/wp-content\/uploads\/2025\/04\/image00227-scaled.jpeg","width":1920,"height":2560,"caption":"Balon decorativ cu girafa 2 cm Natural"},{"@type":"BreadcrumbList","@id":"https:\/\/bunnyboo.ro\/produs\/balon-decorativ-cu-girafa-20-cm-natural\/#breadcrumb","itemListElement":[{"@type":"ListItem","position":1,"name":"Home","item":"https:\/\/bunnyboo.ro\/en\/"},{"@type":"ListItem","position":2,"name":"New","item":"https:\/\/bunnyboo.ro\/en\/shop\/"},{"@type":"ListItem","position":3,"name":"Balon decorativ cu girafa, 20 cm &#8211; Natural"}]},{"@type":"WebSite","@id":"https:\/\/bunnyboo.ro\/#website","url":"https:\/\/bunnyboo.ro\/","name":"Bunny Boo","description":"Bunny Boo","publisher":{"@id":"https:\/\/bunnyboo.ro\/#organization"},"potentialAction":[{"@type":"SearchAction","target":{"@type":"EntryPoint","urlTemplate":"https:\/\/bunnyboo.ro\/?s={search_term_string}"},"query-input":"required name=search_term_string"}],"inLanguage":"en-US"},{"@type":"Organization","@id":"https:\/\/bunnyboo.ro\/#organization","name":"Bunny Boo","url":"https:\/\/bunnyboo.ro\/","logo":{"@type":"ImageObject","inLanguage":"en-US","@id":"https:\/\/bunnyboo.ro\/#\/schema\/logo\/image\/","url":"https:\/\/bunnyboo.ro\/wp-content\/uploads\/2024\/03\/Logo-website-black.png","contentUrl":"https:\/\/bunnyboo.ro\/wp-content\/uploads\/2024\/03\/Logo-website-black.png","width":2422,"height":946,"caption":"Bunny Boo"},"image":{"@id":"https:\/\/bunnyboo.ro\/#\/schema\/logo\/image\/"}}]}},"_links":{"self":[{"href":"https:\/\/bunnyboo.ro\/en\/wp-json\/wp\/v2\/product\/30546","targetHints":{"allow":["GET"]}}],"collection":[{"href":"https:\/\/bunnyboo.ro\/en\/wp-json\/wp\/v2\/product"}],"about":[{"href":"https:\/\/bunnyboo.ro\/en\/wp-json\/wp\/v2\/types\/product"}],"replies":[{"embeddable":true,"href":"https:\/\/bunnyboo.ro\/en\/wp-json\/wp\/v2\/comments?post=30546"}],"wp:featuredmedia":[{"embeddable":true,"href":"https:\/\/bunnyboo.ro\/en\/wp-json\/wp\/v2\/media\/30536"}],"wp:attachment":[{"href":"https:\/\/bunnyboo.ro\/en\/wp-json\/wp\/v2\/media?parent=30546"}],"wp:term":[{"taxonomy":"product_brand","embeddable":true,"href":"https:\/\/bunnyboo.ro\/en\/wp-json\/wp\/v2\/product_brand?post=30546"},{"taxonomy":"product_cat","embeddable":true,"href":"https:\/\/bunnyboo.ro\/en\/wp-json\/wp\/v2\/product_cat?post=30546"},{"taxonomy":"product_tag","embeddable":true,"href":"https:\/\/bunnyboo.ro\/en\/wp-json\/wp\/v2\/product_tag?post=30546"}],"curies":[{"name":"wp","href":"https:\/\/api.w.org\/{rel}","templated":true}]}}