{"id":30467,"date":"2025-03-21T13:41:06","date_gmt":"2025-03-21T11:41:06","guid":{"rendered":"https:\/\/bunnyboo.ro\/?post_type=product&#038;p=30467"},"modified":"2026-04-08T13:35:38","modified_gmt":"2026-04-08T10:35:38","slug":"sort-baie-duke-liewood-dinosaurs-mist","status":"publish","type":"product","link":"https:\/\/bunnyboo.ro\/en\/produs\/sort-baie-duke-liewood-dinosaurs-mist\/","title":{"rendered":"Sort Baie Duke Liewood &#8211; Dinosaurs\/Mist"},"content":{"rendered":"<p>Las\u0103-l pe micul t\u0103u s\u0103 sar\u0103 \u00een piscin\u0103 sau prin valuri \u00een \u0219orturile de baie de tip surfer, sportiv. Designul cool \u0219i confortabil este potrivit pentru a fi purtat c\u00e2nd mergi la \u00eenot, te joci l\u00e2ng\u0103 piscin\u0103 sau pe plaj\u0103 sau c\u00e2nd mergi s\u0103 iei \u00eenghe\u021bat\u0103. Cu \u0219nur in talie, \u0219orturile de baie Duke se potrivesc perfect, iar materialul respirabil care se usuc\u0103 rapid le face un must-have al sezonului.<\/p>\n<p>\u0218ort imprimat cu protec\u021bie UV40+<\/p>\n<div class=\"s4\"><span class=\"s3\">&#8211; <\/span>Amestec de poliester reciclat \u0219i nylon certificat GRS<\/div>\n<div class=\"s4\"><span class=\"s3\">&#8211; <\/span>Buzunare laterale \u0219i pantaloni cu plasa interni<\/div>\n<div class=\"s4\"><span class=\"s3\">&#8211; <\/span>Material elastic \u0219i cu uscare rapid\u0103<\/div>\n<div class=\"s4\"><span class=\"s3\">&#8211; <\/span>Talia elastic\u0103 cu ajustare cu \u0219nur<\/div>\n<div class=\"s4\"><span class=\"s3\">&#8211; <\/span>Design clasic \u0219i versatil<\/div>\n<p>Ingrijire: sp\u0103lare la ma\u0219in\u0103 30\u00b0, nu folosi\u021bi balsam de rufe, nu usca\u021bi \u00een uscator, nu c\u0103lca\u021bi, nu \u00een\u0103lbi\u021bi.<\/p>\n","protected":false},"excerpt":{"rendered":"<p>Las\u0103-l pe micul t\u0103u s\u0103 sar\u0103 \u00een piscin\u0103 sau prin valuri \u00een \u0219orturile de baie de tip surfer, sportiv. Designul cool \u0219i confortabil este potrivit pentru a fi purtat c\u00e2nd mergi la \u00eenot, te joci l\u00e2ng\u0103 piscin\u0103 sau pe plaj\u0103 sau c\u00e2nd mergi s\u0103 iei \u00eenghe\u021bat\u0103. Cu \u0219nur in talie, \u0219orturile de baie Duke se [&hellip;]<\/p>\n","protected":false},"featured_media":30463,"comment_status":"open","ping_status":"closed","template":"","meta":{"site-sidebar-layout":"default","site-content-layout":"","ast-site-content-layout":"default","site-content-style":"default","site-sidebar-style":"default","ast-global-header-display":"","ast-banner-title-visibility":"","ast-main-header-display":"","ast-hfb-above-header-display":"","ast-hfb-below-header-display":"","ast-hfb-mobile-header-display":"","site-post-title":"","ast-breadcrumbs-content":"","ast-featured-img":"","footer-sml-layout":"","theme-transparent-header-meta":"default","adv-header-id-meta":"","stick-header-meta":"default","header-above-stick-meta":"","header-main-stick-meta":"","header-below-stick-meta":"","astra-migrate-meta-layouts":"set","ast-page-background-enabled":"default","ast-page-background-meta":{"desktop":{"background-color":"","background-image":"","background-repeat":"repeat","background-position":"center center","background-size":"auto","background-attachment":"scroll","background-type":"","background-media":"","overlay-type":"","overlay-color":"","overlay-opacity":"","overlay-gradient":""},"tablet":{"background-color":"","background-image":"","background-repeat":"repeat","background-position":"center center","background-size":"auto","background-attachment":"scroll","background-type":"","background-media":"","overlay-type":"","overlay-color":"","overlay-opacity":"","overlay-gradient":""},"mobile":{"background-color":"","background-image":"","background-repeat":"repeat","background-position":"center center","background-size":"auto","background-attachment":"scroll","background-type":"","background-media":"","overlay-type":"","overlay-color":"","overlay-opacity":"","overlay-gradient":""}},"ast-content-background-meta":{"desktop":{"background-color":"var(--ast-global-color-5)","background-image":"","background-repeat":"repeat","background-position":"center center","background-size":"auto","background-attachment":"scroll","background-type":"","background-media":"","overlay-type":"","overlay-color":"","overlay-opacity":"","overlay-gradient":""},"tablet":{"background-color":"var(--ast-global-color-5)","background-image":"","background-repeat":"repeat","background-position":"center center","background-size":"auto","background-attachment":"scroll","background-type":"","background-media":"","overlay-type":"","overlay-color":"","overlay-opacity":"","overlay-gradient":""},"mobile":{"background-color":"var(--ast-global-color-5)","background-image":"","background-repeat":"repeat","background-position":"center center","background-size":"auto","background-attachment":"scroll","background-type":"","background-media":"","overlay-type":"","overlay-color":"","overlay-opacity":"","overlay-gradient":""}}},"product_brand":[],"product_cat":[65,84,106,132],"product_tag":[],"class_list":{"0":"post-30467","1":"product","2":"type-product","3":"status-publish","4":"has-post-thumbnail","6":"product_cat-noutati-minunate-pentru-puiul-tau","7":"product_cat-esentiale-pentru-plaja","8":"product_cat-esentiale-pentru-vara","9":"product_cat-reduceri-pentru-tine","10":"pa_marime-213","11":"pa_marime-280","12":"pa_marime-281","13":"pa_marime-122-2","14":"pa_marime-283","15":"desktop-align-left","16":"tablet-align-left","17":"mobile-align-left","18":"ast-product-gallery-layout-horizontal-slider","19":"ast-product-single-variable","20":"ast-product-tabs-layout-vertical","21":"ast-qv-on-image","23":"first","24":"instock","25":"sale","26":"shipping-taxable","27":"purchasable","28":"product-type-variable"},"yoast_head":"<!-- This site is optimized with the Yoast SEO plugin v22.6 - https:\/\/yoast.com\/wordpress\/plugins\/seo\/ -->\n<title>Sort Baie Duke Liewood - Dinosaurs\/Mist<\/title>\n<meta name=\"robots\" content=\"index, follow, max-snippet:-1, max-image-preview:large, max-video-preview:-1\" \/>\n<link rel=\"canonical\" href=\"https:\/\/bunnyboo.ro\/produs\/sort-baie-duke-liewood-dinosaurs-mist\/\" \/>\n<meta property=\"og:locale\" content=\"en_US\" \/>\n<meta property=\"og:type\" content=\"article\" \/>\n<meta property=\"og:title\" content=\"Sort Baie Duke Liewood - Dinosaurs\/Mist\" \/>\n<meta property=\"og:description\" content=\"Las\u0103-l pe micul t\u0103u s\u0103 sar\u0103 \u00een piscin\u0103 sau prin valuri \u00een \u0219orturile de baie de tip surfer, sportiv. Designul cool \u0219i confortabil este potrivit pentru a fi purtat c\u00e2nd mergi la \u00eenot, te joci l\u00e2ng\u0103 piscin\u0103 sau pe plaj\u0103 sau c\u00e2nd mergi s\u0103 iei \u00eenghe\u021bat\u0103. Cu \u0219nur in talie, \u0219orturile de baie Duke se [&hellip;]\" \/>\n<meta property=\"og:url\" content=\"https:\/\/bunnyboo.ro\/produs\/sort-baie-duke-liewood-dinosaurs-mist\/\" \/>\n<meta property=\"og:site_name\" content=\"Bunny Boo\" \/>\n<meta property=\"article:modified_time\" content=\"2026-04-08T10:35:38+00:00\" \/>\n<meta property=\"og:image\" content=\"https:\/\/bunnyboo.ro\/wp-content\/uploads\/2025\/03\/IMG_2362.png\" \/>\n\t<meta property=\"og:image:width\" content=\"2000\" \/>\n\t<meta property=\"og:image:height\" content=\"2000\" \/>\n\t<meta property=\"og:image:type\" content=\"image\/png\" \/>\n<meta name=\"twitter:card\" content=\"summary_large_image\" \/>\n<meta name=\"twitter:label1\" content=\"Est. reading time\" \/>\n\t<meta name=\"twitter:data1\" content=\"1 minute\" \/>\n<script type=\"application\/ld+json\" class=\"yoast-schema-graph\">{\"@context\":\"https:\/\/schema.org\",\"@graph\":[{\"@type\":\"WebPage\",\"@id\":\"https:\/\/bunnyboo.ro\/produs\/sort-baie-duke-liewood-dinosaurs-mist\/\",\"url\":\"https:\/\/bunnyboo.ro\/produs\/sort-baie-duke-liewood-dinosaurs-mist\/\",\"name\":\"Sort Baie Duke Liewood - Dinosaurs\/Mist\",\"isPartOf\":{\"@id\":\"https:\/\/bunnyboo.ro\/#website\"},\"primaryImageOfPage\":{\"@id\":\"https:\/\/bunnyboo.ro\/produs\/sort-baie-duke-liewood-dinosaurs-mist\/#primaryimage\"},\"image\":{\"@id\":\"https:\/\/bunnyboo.ro\/produs\/sort-baie-duke-liewood-dinosaurs-mist\/#primaryimage\"},\"thumbnailUrl\":\"https:\/\/bunnyboo.ro\/wp-content\/uploads\/2025\/03\/IMG_2362.png\",\"datePublished\":\"2025-03-21T11:41:06+00:00\",\"dateModified\":\"2026-04-08T10:35:38+00:00\",\"breadcrumb\":{\"@id\":\"https:\/\/bunnyboo.ro\/produs\/sort-baie-duke-liewood-dinosaurs-mist\/#breadcrumb\"},\"inLanguage\":\"en-US\",\"potentialAction\":[{\"@type\":\"ReadAction\",\"target\":[\"https:\/\/bunnyboo.ro\/produs\/sort-baie-duke-liewood-dinosaurs-mist\/\"]}]},{\"@type\":\"ImageObject\",\"inLanguage\":\"en-US\",\"@id\":\"https:\/\/bunnyboo.ro\/produs\/sort-baie-duke-liewood-dinosaurs-mist\/#primaryimage\",\"url\":\"https:\/\/bunnyboo.ro\/wp-content\/uploads\/2025\/03\/IMG_2362.png\",\"contentUrl\":\"https:\/\/bunnyboo.ro\/wp-content\/uploads\/2025\/03\/IMG_2362.png\",\"width\":2000,\"height\":2000,\"caption\":\"Sort Baie Duke Liewood - Dinosaurs\/Mist\"},{\"@type\":\"BreadcrumbList\",\"@id\":\"https:\/\/bunnyboo.ro\/produs\/sort-baie-duke-liewood-dinosaurs-mist\/#breadcrumb\",\"itemListElement\":[{\"@type\":\"ListItem\",\"position\":1,\"name\":\"Home\",\"item\":\"https:\/\/bunnyboo.ro\/en\/\"},{\"@type\":\"ListItem\",\"position\":2,\"name\":\"New\",\"item\":\"https:\/\/bunnyboo.ro\/en\/shop\/\"},{\"@type\":\"ListItem\",\"position\":3,\"name\":\"Sort Baie Duke Liewood &#8211; Dinosaurs\/Mist\"}]},{\"@type\":\"WebSite\",\"@id\":\"https:\/\/bunnyboo.ro\/#website\",\"url\":\"https:\/\/bunnyboo.ro\/\",\"name\":\"Bunny Boo\",\"description\":\"Bunny Boo\",\"publisher\":{\"@id\":\"https:\/\/bunnyboo.ro\/#organization\"},\"potentialAction\":[{\"@type\":\"SearchAction\",\"target\":{\"@type\":\"EntryPoint\",\"urlTemplate\":\"https:\/\/bunnyboo.ro\/?s={search_term_string}\"},\"query-input\":\"required name=search_term_string\"}],\"inLanguage\":\"en-US\"},{\"@type\":\"Organization\",\"@id\":\"https:\/\/bunnyboo.ro\/#organization\",\"name\":\"Bunny Boo\",\"url\":\"https:\/\/bunnyboo.ro\/\",\"logo\":{\"@type\":\"ImageObject\",\"inLanguage\":\"en-US\",\"@id\":\"https:\/\/bunnyboo.ro\/#\/schema\/logo\/image\/\",\"url\":\"https:\/\/bunnyboo.ro\/wp-content\/uploads\/2024\/03\/Logo-website-black.png\",\"contentUrl\":\"https:\/\/bunnyboo.ro\/wp-content\/uploads\/2024\/03\/Logo-website-black.png\",\"width\":2422,\"height\":946,\"caption\":\"Bunny Boo\"},\"image\":{\"@id\":\"https:\/\/bunnyboo.ro\/#\/schema\/logo\/image\/\"}}]}<\/script>\n<!-- \/ Yoast SEO plugin. -->","yoast_head_json":{"title":"Sort Baie Duke Liewood - Dinosaurs\/Mist","robots":{"index":"index","follow":"follow","max-snippet":"max-snippet:-1","max-image-preview":"max-image-preview:large","max-video-preview":"max-video-preview:-1"},"canonical":"https:\/\/bunnyboo.ro\/produs\/sort-baie-duke-liewood-dinosaurs-mist\/","og_locale":"en_US","og_type":"article","og_title":"Sort Baie Duke Liewood - Dinosaurs\/Mist","og_description":"Las\u0103-l pe micul t\u0103u s\u0103 sar\u0103 \u00een piscin\u0103 sau prin valuri \u00een \u0219orturile de baie de tip surfer, sportiv. Designul cool \u0219i confortabil este potrivit pentru a fi purtat c\u00e2nd mergi la \u00eenot, te joci l\u00e2ng\u0103 piscin\u0103 sau pe plaj\u0103 sau c\u00e2nd mergi s\u0103 iei \u00eenghe\u021bat\u0103. Cu \u0219nur in talie, \u0219orturile de baie Duke se [&hellip;]","og_url":"https:\/\/bunnyboo.ro\/produs\/sort-baie-duke-liewood-dinosaurs-mist\/","og_site_name":"Bunny Boo","article_modified_time":"2026-04-08T10:35:38+00:00","og_image":[{"width":2000,"height":2000,"url":"https:\/\/bunnyboo.ro\/wp-content\/uploads\/2025\/03\/IMG_2362.png","type":"image\/png"}],"twitter_card":"summary_large_image","twitter_misc":{"Est. reading time":"1 minute"},"schema":{"@context":"https:\/\/schema.org","@graph":[{"@type":"WebPage","@id":"https:\/\/bunnyboo.ro\/produs\/sort-baie-duke-liewood-dinosaurs-mist\/","url":"https:\/\/bunnyboo.ro\/produs\/sort-baie-duke-liewood-dinosaurs-mist\/","name":"Sort Baie Duke Liewood - Dinosaurs\/Mist","isPartOf":{"@id":"https:\/\/bunnyboo.ro\/#website"},"primaryImageOfPage":{"@id":"https:\/\/bunnyboo.ro\/produs\/sort-baie-duke-liewood-dinosaurs-mist\/#primaryimage"},"image":{"@id":"https:\/\/bunnyboo.ro\/produs\/sort-baie-duke-liewood-dinosaurs-mist\/#primaryimage"},"thumbnailUrl":"https:\/\/bunnyboo.ro\/wp-content\/uploads\/2025\/03\/IMG_2362.png","datePublished":"2025-03-21T11:41:06+00:00","dateModified":"2026-04-08T10:35:38+00:00","breadcrumb":{"@id":"https:\/\/bunnyboo.ro\/produs\/sort-baie-duke-liewood-dinosaurs-mist\/#breadcrumb"},"inLanguage":"en-US","potentialAction":[{"@type":"ReadAction","target":["https:\/\/bunnyboo.ro\/produs\/sort-baie-duke-liewood-dinosaurs-mist\/"]}]},{"@type":"ImageObject","inLanguage":"en-US","@id":"https:\/\/bunnyboo.ro\/produs\/sort-baie-duke-liewood-dinosaurs-mist\/#primaryimage","url":"https:\/\/bunnyboo.ro\/wp-content\/uploads\/2025\/03\/IMG_2362.png","contentUrl":"https:\/\/bunnyboo.ro\/wp-content\/uploads\/2025\/03\/IMG_2362.png","width":2000,"height":2000,"caption":"Sort Baie Duke Liewood - Dinosaurs\/Mist"},{"@type":"BreadcrumbList","@id":"https:\/\/bunnyboo.ro\/produs\/sort-baie-duke-liewood-dinosaurs-mist\/#breadcrumb","itemListElement":[{"@type":"ListItem","position":1,"name":"Home","item":"https:\/\/bunnyboo.ro\/en\/"},{"@type":"ListItem","position":2,"name":"New","item":"https:\/\/bunnyboo.ro\/en\/shop\/"},{"@type":"ListItem","position":3,"name":"Sort Baie Duke Liewood &#8211; Dinosaurs\/Mist"}]},{"@type":"WebSite","@id":"https:\/\/bunnyboo.ro\/#website","url":"https:\/\/bunnyboo.ro\/","name":"Bunny Boo","description":"Bunny Boo","publisher":{"@id":"https:\/\/bunnyboo.ro\/#organization"},"potentialAction":[{"@type":"SearchAction","target":{"@type":"EntryPoint","urlTemplate":"https:\/\/bunnyboo.ro\/?s={search_term_string}"},"query-input":"required name=search_term_string"}],"inLanguage":"en-US"},{"@type":"Organization","@id":"https:\/\/bunnyboo.ro\/#organization","name":"Bunny Boo","url":"https:\/\/bunnyboo.ro\/","logo":{"@type":"ImageObject","inLanguage":"en-US","@id":"https:\/\/bunnyboo.ro\/#\/schema\/logo\/image\/","url":"https:\/\/bunnyboo.ro\/wp-content\/uploads\/2024\/03\/Logo-website-black.png","contentUrl":"https:\/\/bunnyboo.ro\/wp-content\/uploads\/2024\/03\/Logo-website-black.png","width":2422,"height":946,"caption":"Bunny Boo"},"image":{"@id":"https:\/\/bunnyboo.ro\/#\/schema\/logo\/image\/"}}]}},"_links":{"self":[{"href":"https:\/\/bunnyboo.ro\/en\/wp-json\/wp\/v2\/product\/30467","targetHints":{"allow":["GET"]}}],"collection":[{"href":"https:\/\/bunnyboo.ro\/en\/wp-json\/wp\/v2\/product"}],"about":[{"href":"https:\/\/bunnyboo.ro\/en\/wp-json\/wp\/v2\/types\/product"}],"replies":[{"embeddable":true,"href":"https:\/\/bunnyboo.ro\/en\/wp-json\/wp\/v2\/comments?post=30467"}],"wp:featuredmedia":[{"embeddable":true,"href":"https:\/\/bunnyboo.ro\/en\/wp-json\/wp\/v2\/media\/30463"}],"wp:attachment":[{"href":"https:\/\/bunnyboo.ro\/en\/wp-json\/wp\/v2\/media?parent=30467"}],"wp:term":[{"taxonomy":"product_brand","embeddable":true,"href":"https:\/\/bunnyboo.ro\/en\/wp-json\/wp\/v2\/product_brand?post=30467"},{"taxonomy":"product_cat","embeddable":true,"href":"https:\/\/bunnyboo.ro\/en\/wp-json\/wp\/v2\/product_cat?post=30467"},{"taxonomy":"product_tag","embeddable":true,"href":"https:\/\/bunnyboo.ro\/en\/wp-json\/wp\/v2\/product_tag?post=30467"}],"curies":[{"name":"wp","href":"https:\/\/api.w.org\/{rel}","templated":true}]}}