{"id":30454,"date":"2025-03-21T13:36:10","date_gmt":"2025-03-21T11:36:10","guid":{"rendered":"https:\/\/bunnyboo.ro\/?post_type=product&#038;p=30454"},"modified":"2026-03-09T09:06:55","modified_gmt":"2026-03-09T07:06:55","slug":"baveta-cu-maneca-lunga-merle-liewood-circus-sandy","status":"publish","type":"product","link":"https:\/\/bunnyboo.ro\/en\/produs\/baveta-cu-maneca-lunga-merle-liewood-circus-sandy\/","title":{"rendered":"Baveta cu maneca lunga Merle Liewood &#8211; Circus\/Sandy"},"content":{"rendered":"<p style=\"text-align: left;\">Bavet\u0103 u\u0219oar\u0103 pentru copiii care \u00eenva\u021b\u0103 s\u0103 m\u0103n\u00e2nce. Materialul reciclat \u00eel face reutilizabil instantaneu: pur \u0219i simplu cl\u0103ti\u021bi \u0219i \u0219terge\u021bi.<\/p>\n<p style=\"text-align: left;\">Salopet\u0103 practic\u0103<\/p>\n<p style=\"text-align: left;\">Material: 100% poliester reciclat<\/p>\n<p style=\"text-align: left;\">M\u00e2neci lungi<\/p>\n<p style=\"text-align: left;\">Impermeabil\u0103 \u0219i u\u0219oar\u0103<\/p>\n<p style=\"text-align: left;\">Man\u0219ete elastice<\/p>\n<p style=\"text-align: left;\">Buzunar frontal catch-all<\/p>\n<p style=\"text-align: left;\">Lavabil la ma\u0219in\u0103<\/p>\n<p style=\"text-align: left;\">STANDARD 100 by OEKO-TEX\u00ae BJ020 153910 TESTEX<\/p>\n<p style=\"text-align: left;\">Dimensiuni: Lungime (cm) 43, Latime (cm) 82<\/p>\n","protected":false},"excerpt":{"rendered":"<p>Bavet\u0103 u\u0219oar\u0103 pentru copiii care \u00eenva\u021b\u0103 s\u0103 m\u0103n\u00e2nce. Materialul reciclat \u00eel face reutilizabil instantaneu: pur \u0219i simplu cl\u0103ti\u021bi \u0219i \u0219terge\u021bi. Salopet\u0103 practic\u0103 Material: 100% poliester reciclat M\u00e2neci lungi Impermeabil\u0103 \u0219i u\u0219oar\u0103 Man\u0219ete elastice Buzunar frontal catch-all Lavabil la ma\u0219in\u0103 STANDARD 100 by OEKO-TEX\u00ae BJ020 153910 TESTEX Dimensiuni: Lungime (cm) 43, Latime (cm) 82<\/p>\n","protected":false},"featured_media":30455,"comment_status":"open","ping_status":"closed","template":"","meta":{"site-sidebar-layout":"default","site-content-layout":"","ast-site-content-layout":"default","site-content-style":"default","site-sidebar-style":"default","ast-global-header-display":"","ast-banner-title-visibility":"","ast-main-header-display":"","ast-hfb-above-header-display":"","ast-hfb-below-header-display":"","ast-hfb-mobile-header-display":"","site-post-title":"","ast-breadcrumbs-content":"","ast-featured-img":"","footer-sml-layout":"","theme-transparent-header-meta":"default","adv-header-id-meta":"","stick-header-meta":"default","header-above-stick-meta":"","header-main-stick-meta":"","header-below-stick-meta":"","astra-migrate-meta-layouts":"set","ast-page-background-enabled":"default","ast-page-background-meta":{"desktop":{"background-color":"","background-image":"","background-repeat":"repeat","background-position":"center center","background-size":"auto","background-attachment":"scroll","background-type":"","background-media":"","overlay-type":"","overlay-color":"","overlay-opacity":"","overlay-gradient":""},"tablet":{"background-color":"","background-image":"","background-repeat":"repeat","background-position":"center center","background-size":"auto","background-attachment":"scroll","background-type":"","background-media":"","overlay-type":"","overlay-color":"","overlay-opacity":"","overlay-gradient":""},"mobile":{"background-color":"","background-image":"","background-repeat":"repeat","background-position":"center center","background-size":"auto","background-attachment":"scroll","background-type":"","background-media":"","overlay-type":"","overlay-color":"","overlay-opacity":"","overlay-gradient":""}},"ast-content-background-meta":{"desktop":{"background-color":"var(--ast-global-color-5)","background-image":"","background-repeat":"repeat","background-position":"center center","background-size":"auto","background-attachment":"scroll","background-type":"","background-media":"","overlay-type":"","overlay-color":"","overlay-opacity":"","overlay-gradient":""},"tablet":{"background-color":"var(--ast-global-color-5)","background-image":"","background-repeat":"repeat","background-position":"center center","background-size":"auto","background-attachment":"scroll","background-type":"","background-media":"","overlay-type":"","overlay-color":"","overlay-opacity":"","overlay-gradient":""},"mobile":{"background-color":"var(--ast-global-color-5)","background-image":"","background-repeat":"repeat","background-position":"center center","background-size":"auto","background-attachment":"scroll","background-type":"","background-media":"","overlay-type":"","overlay-color":"","overlay-opacity":"","overlay-gradient":""}}},"product_brand":[],"product_cat":[63,65],"product_tag":[],"class_list":{"0":"post-30454","1":"product","2":"type-product","3":"status-publish","4":"has-post-thumbnail","6":"product_cat-inceput-de-diversificare-distractiv","7":"product_cat-noutati-minunate-pentru-puiul-tau","8":"desktop-align-left","9":"tablet-align-left","10":"mobile-align-left","11":"ast-product-gallery-layout-horizontal-slider","12":"ast-product-tabs-layout-vertical","13":"ast-qv-on-image","15":"first","16":"instock","17":"sale","18":"shipping-taxable","19":"purchasable","20":"product-type-simple"},"yoast_head":"<!-- This site is optimized with the Yoast SEO plugin v22.6 - https:\/\/yoast.com\/wordpress\/plugins\/seo\/ -->\n<title>Baveta cu maneca lunga Merle Liewood - Circus\/Sandy<\/title>\n<meta name=\"robots\" content=\"index, follow, max-snippet:-1, max-image-preview:large, max-video-preview:-1\" \/>\n<link rel=\"canonical\" href=\"https:\/\/bunnyboo.ro\/produs\/baveta-cu-maneca-lunga-merle-liewood-circus-sandy\/\" \/>\n<meta property=\"og:locale\" content=\"en_US\" \/>\n<meta property=\"og:type\" content=\"article\" \/>\n<meta property=\"og:title\" content=\"Baveta cu maneca lunga Merle Liewood - Circus\/Sandy\" \/>\n<meta property=\"og:description\" content=\"Bavet\u0103 u\u0219oar\u0103 pentru copiii care \u00eenva\u021b\u0103 s\u0103 m\u0103n\u00e2nce. Materialul reciclat \u00eel face reutilizabil instantaneu: pur \u0219i simplu cl\u0103ti\u021bi \u0219i \u0219terge\u021bi. Salopet\u0103 practic\u0103 Material: 100% poliester reciclat M\u00e2neci lungi Impermeabil\u0103 \u0219i u\u0219oar\u0103 Man\u0219ete elastice Buzunar frontal catch-all Lavabil la ma\u0219in\u0103 STANDARD 100 by OEKO-TEX\u00ae BJ020 153910 TESTEX Dimensiuni: Lungime (cm) 43, Latime (cm) 82\" \/>\n<meta property=\"og:url\" content=\"https:\/\/bunnyboo.ro\/produs\/baveta-cu-maneca-lunga-merle-liewood-circus-sandy\/\" \/>\n<meta property=\"og:site_name\" content=\"Bunny Boo\" \/>\n<meta property=\"article:modified_time\" content=\"2026-03-09T07:06:55+00:00\" \/>\n<meta property=\"og:image\" content=\"https:\/\/bunnyboo.ro\/wp-content\/uploads\/2025\/03\/IMG_2359.png\" \/>\n\t<meta property=\"og:image:width\" content=\"2000\" \/>\n\t<meta property=\"og:image:height\" content=\"2000\" \/>\n\t<meta property=\"og:image:type\" content=\"image\/png\" \/>\n<meta name=\"twitter:card\" content=\"summary_large_image\" \/>\n<meta name=\"twitter:label1\" content=\"Est. reading time\" \/>\n\t<meta name=\"twitter:data1\" content=\"1 minute\" \/>\n<script type=\"application\/ld+json\" class=\"yoast-schema-graph\">{\"@context\":\"https:\/\/schema.org\",\"@graph\":[{\"@type\":\"WebPage\",\"@id\":\"https:\/\/bunnyboo.ro\/produs\/baveta-cu-maneca-lunga-merle-liewood-circus-sandy\/\",\"url\":\"https:\/\/bunnyboo.ro\/produs\/baveta-cu-maneca-lunga-merle-liewood-circus-sandy\/\",\"name\":\"Baveta cu maneca lunga Merle Liewood - Circus\/Sandy\",\"isPartOf\":{\"@id\":\"https:\/\/bunnyboo.ro\/#website\"},\"primaryImageOfPage\":{\"@id\":\"https:\/\/bunnyboo.ro\/produs\/baveta-cu-maneca-lunga-merle-liewood-circus-sandy\/#primaryimage\"},\"image\":{\"@id\":\"https:\/\/bunnyboo.ro\/produs\/baveta-cu-maneca-lunga-merle-liewood-circus-sandy\/#primaryimage\"},\"thumbnailUrl\":\"https:\/\/bunnyboo.ro\/wp-content\/uploads\/2025\/03\/IMG_2359.png\",\"datePublished\":\"2025-03-21T11:36:10+00:00\",\"dateModified\":\"2026-03-09T07:06:55+00:00\",\"breadcrumb\":{\"@id\":\"https:\/\/bunnyboo.ro\/produs\/baveta-cu-maneca-lunga-merle-liewood-circus-sandy\/#breadcrumb\"},\"inLanguage\":\"en-US\",\"potentialAction\":[{\"@type\":\"ReadAction\",\"target\":[\"https:\/\/bunnyboo.ro\/produs\/baveta-cu-maneca-lunga-merle-liewood-circus-sandy\/\"]}]},{\"@type\":\"ImageObject\",\"inLanguage\":\"en-US\",\"@id\":\"https:\/\/bunnyboo.ro\/produs\/baveta-cu-maneca-lunga-merle-liewood-circus-sandy\/#primaryimage\",\"url\":\"https:\/\/bunnyboo.ro\/wp-content\/uploads\/2025\/03\/IMG_2359.png\",\"contentUrl\":\"https:\/\/bunnyboo.ro\/wp-content\/uploads\/2025\/03\/IMG_2359.png\",\"width\":2000,\"height\":2000},{\"@type\":\"BreadcrumbList\",\"@id\":\"https:\/\/bunnyboo.ro\/produs\/baveta-cu-maneca-lunga-merle-liewood-circus-sandy\/#breadcrumb\",\"itemListElement\":[{\"@type\":\"ListItem\",\"position\":1,\"name\":\"Home\",\"item\":\"https:\/\/bunnyboo.ro\/en\/\"},{\"@type\":\"ListItem\",\"position\":2,\"name\":\"New\",\"item\":\"https:\/\/bunnyboo.ro\/en\/shop\/\"},{\"@type\":\"ListItem\",\"position\":3,\"name\":\"Baveta cu maneca lunga Merle Liewood &#8211; Circus\/Sandy\"}]},{\"@type\":\"WebSite\",\"@id\":\"https:\/\/bunnyboo.ro\/#website\",\"url\":\"https:\/\/bunnyboo.ro\/\",\"name\":\"Bunny Boo\",\"description\":\"Bunny Boo\",\"publisher\":{\"@id\":\"https:\/\/bunnyboo.ro\/#organization\"},\"potentialAction\":[{\"@type\":\"SearchAction\",\"target\":{\"@type\":\"EntryPoint\",\"urlTemplate\":\"https:\/\/bunnyboo.ro\/?s={search_term_string}\"},\"query-input\":\"required name=search_term_string\"}],\"inLanguage\":\"en-US\"},{\"@type\":\"Organization\",\"@id\":\"https:\/\/bunnyboo.ro\/#organization\",\"name\":\"Bunny Boo\",\"url\":\"https:\/\/bunnyboo.ro\/\",\"logo\":{\"@type\":\"ImageObject\",\"inLanguage\":\"en-US\",\"@id\":\"https:\/\/bunnyboo.ro\/#\/schema\/logo\/image\/\",\"url\":\"https:\/\/bunnyboo.ro\/wp-content\/uploads\/2024\/03\/Logo-website-black.png\",\"contentUrl\":\"https:\/\/bunnyboo.ro\/wp-content\/uploads\/2024\/03\/Logo-website-black.png\",\"width\":2422,\"height\":946,\"caption\":\"Bunny Boo\"},\"image\":{\"@id\":\"https:\/\/bunnyboo.ro\/#\/schema\/logo\/image\/\"}}]}<\/script>\n<!-- \/ Yoast SEO plugin. -->","yoast_head_json":{"title":"Baveta cu maneca lunga Merle Liewood - Circus\/Sandy","robots":{"index":"index","follow":"follow","max-snippet":"max-snippet:-1","max-image-preview":"max-image-preview:large","max-video-preview":"max-video-preview:-1"},"canonical":"https:\/\/bunnyboo.ro\/produs\/baveta-cu-maneca-lunga-merle-liewood-circus-sandy\/","og_locale":"en_US","og_type":"article","og_title":"Baveta cu maneca lunga Merle Liewood - Circus\/Sandy","og_description":"Bavet\u0103 u\u0219oar\u0103 pentru copiii care \u00eenva\u021b\u0103 s\u0103 m\u0103n\u00e2nce. Materialul reciclat \u00eel face reutilizabil instantaneu: pur \u0219i simplu cl\u0103ti\u021bi \u0219i \u0219terge\u021bi. Salopet\u0103 practic\u0103 Material: 100% poliester reciclat M\u00e2neci lungi Impermeabil\u0103 \u0219i u\u0219oar\u0103 Man\u0219ete elastice Buzunar frontal catch-all Lavabil la ma\u0219in\u0103 STANDARD 100 by OEKO-TEX\u00ae BJ020 153910 TESTEX Dimensiuni: Lungime (cm) 43, Latime (cm) 82","og_url":"https:\/\/bunnyboo.ro\/produs\/baveta-cu-maneca-lunga-merle-liewood-circus-sandy\/","og_site_name":"Bunny Boo","article_modified_time":"2026-03-09T07:06:55+00:00","og_image":[{"width":2000,"height":2000,"url":"https:\/\/bunnyboo.ro\/wp-content\/uploads\/2025\/03\/IMG_2359.png","type":"image\/png"}],"twitter_card":"summary_large_image","twitter_misc":{"Est. reading time":"1 minute"},"schema":{"@context":"https:\/\/schema.org","@graph":[{"@type":"WebPage","@id":"https:\/\/bunnyboo.ro\/produs\/baveta-cu-maneca-lunga-merle-liewood-circus-sandy\/","url":"https:\/\/bunnyboo.ro\/produs\/baveta-cu-maneca-lunga-merle-liewood-circus-sandy\/","name":"Baveta cu maneca lunga Merle Liewood - Circus\/Sandy","isPartOf":{"@id":"https:\/\/bunnyboo.ro\/#website"},"primaryImageOfPage":{"@id":"https:\/\/bunnyboo.ro\/produs\/baveta-cu-maneca-lunga-merle-liewood-circus-sandy\/#primaryimage"},"image":{"@id":"https:\/\/bunnyboo.ro\/produs\/baveta-cu-maneca-lunga-merle-liewood-circus-sandy\/#primaryimage"},"thumbnailUrl":"https:\/\/bunnyboo.ro\/wp-content\/uploads\/2025\/03\/IMG_2359.png","datePublished":"2025-03-21T11:36:10+00:00","dateModified":"2026-03-09T07:06:55+00:00","breadcrumb":{"@id":"https:\/\/bunnyboo.ro\/produs\/baveta-cu-maneca-lunga-merle-liewood-circus-sandy\/#breadcrumb"},"inLanguage":"en-US","potentialAction":[{"@type":"ReadAction","target":["https:\/\/bunnyboo.ro\/produs\/baveta-cu-maneca-lunga-merle-liewood-circus-sandy\/"]}]},{"@type":"ImageObject","inLanguage":"en-US","@id":"https:\/\/bunnyboo.ro\/produs\/baveta-cu-maneca-lunga-merle-liewood-circus-sandy\/#primaryimage","url":"https:\/\/bunnyboo.ro\/wp-content\/uploads\/2025\/03\/IMG_2359.png","contentUrl":"https:\/\/bunnyboo.ro\/wp-content\/uploads\/2025\/03\/IMG_2359.png","width":2000,"height":2000},{"@type":"BreadcrumbList","@id":"https:\/\/bunnyboo.ro\/produs\/baveta-cu-maneca-lunga-merle-liewood-circus-sandy\/#breadcrumb","itemListElement":[{"@type":"ListItem","position":1,"name":"Home","item":"https:\/\/bunnyboo.ro\/en\/"},{"@type":"ListItem","position":2,"name":"New","item":"https:\/\/bunnyboo.ro\/en\/shop\/"},{"@type":"ListItem","position":3,"name":"Baveta cu maneca lunga Merle Liewood &#8211; Circus\/Sandy"}]},{"@type":"WebSite","@id":"https:\/\/bunnyboo.ro\/#website","url":"https:\/\/bunnyboo.ro\/","name":"Bunny Boo","description":"Bunny Boo","publisher":{"@id":"https:\/\/bunnyboo.ro\/#organization"},"potentialAction":[{"@type":"SearchAction","target":{"@type":"EntryPoint","urlTemplate":"https:\/\/bunnyboo.ro\/?s={search_term_string}"},"query-input":"required name=search_term_string"}],"inLanguage":"en-US"},{"@type":"Organization","@id":"https:\/\/bunnyboo.ro\/#organization","name":"Bunny Boo","url":"https:\/\/bunnyboo.ro\/","logo":{"@type":"ImageObject","inLanguage":"en-US","@id":"https:\/\/bunnyboo.ro\/#\/schema\/logo\/image\/","url":"https:\/\/bunnyboo.ro\/wp-content\/uploads\/2024\/03\/Logo-website-black.png","contentUrl":"https:\/\/bunnyboo.ro\/wp-content\/uploads\/2024\/03\/Logo-website-black.png","width":2422,"height":946,"caption":"Bunny Boo"},"image":{"@id":"https:\/\/bunnyboo.ro\/#\/schema\/logo\/image\/"}}]}},"_links":{"self":[{"href":"https:\/\/bunnyboo.ro\/en\/wp-json\/wp\/v2\/product\/30454","targetHints":{"allow":["GET"]}}],"collection":[{"href":"https:\/\/bunnyboo.ro\/en\/wp-json\/wp\/v2\/product"}],"about":[{"href":"https:\/\/bunnyboo.ro\/en\/wp-json\/wp\/v2\/types\/product"}],"replies":[{"embeddable":true,"href":"https:\/\/bunnyboo.ro\/en\/wp-json\/wp\/v2\/comments?post=30454"}],"wp:featuredmedia":[{"embeddable":true,"href":"https:\/\/bunnyboo.ro\/en\/wp-json\/wp\/v2\/media\/30455"}],"wp:attachment":[{"href":"https:\/\/bunnyboo.ro\/en\/wp-json\/wp\/v2\/media?parent=30454"}],"wp:term":[{"taxonomy":"product_brand","embeddable":true,"href":"https:\/\/bunnyboo.ro\/en\/wp-json\/wp\/v2\/product_brand?post=30454"},{"taxonomy":"product_cat","embeddable":true,"href":"https:\/\/bunnyboo.ro\/en\/wp-json\/wp\/v2\/product_cat?post=30454"},{"taxonomy":"product_tag","embeddable":true,"href":"https:\/\/bunnyboo.ro\/en\/wp-json\/wp\/v2\/product_tag?post=30454"}],"curies":[{"name":"wp","href":"https:\/\/api.w.org\/{rel}","templated":true}]}}