{"id":3045,"date":"2021-07-28T13:34:11","date_gmt":"2021-07-28T13:34:11","guid":{"rendered":"https:\/\/bunnyboo.ro\/product\/cort-boho-cu-salteluta-cu-saltea-seashell-beige\/"},"modified":"2025-05-07T18:20:43","modified_gmt":"2025-05-07T15:20:43","slug":"cort-boho-cu-salteluta-cu-saltea-seashell-beige","status":"publish","type":"product","link":"https:\/\/bunnyboo.ro\/en\/produs\/cort-boho-cu-salteluta-cu-saltea-seashell-beige\/","title":{"rendered":"Cort Boho cu saltea Seashell Beige"},"content":{"rendered":"<div>Cort de joaca confortabil, casual, relaxat. Micuta ta aventuriera isi poate petrece ore intregi explor\u00e2nd lumea \u0219i juc\u00e2ndu-se, iar la \u00eentoarcere are nevoie de un loc unde s\u0103 se odihneasc\u0103 \u0219i s\u0103-\u0219i fac\u0103 planuri pentru alte aventuri. Un cort teepee \u00eenseamn\u0103 literalmente o locuinta, un spatiu propriu \u0219i este un cuv\u00e2nt folosit de Sioux, poporul indigen din Marile C\u00e2mpii. Acesta constituie un spa\u021biu perfect pentru joaca si distrac\u021bie.<\/div>\n<div><\/div>\n<div>C\u00e2nd joaca se termina, pute\u021bi pune cortul \u00eenapoi \u00een husa \u0219i lasa \u00een col\u021bul camerei, de exemplu. Nu ocup\u0103 mult spa\u021biu c\u00e2nd este pliat, iar husa v\u0103 permite s\u0103 \u00eel lua\u021bi cu u\u0219urin\u021b\u0103 cu voi peste tot \u00een aer liber. Cortul este prevazut cu buzunar \u00een interiorul c\u0103ruia copiii \u00ee\u0219i pot ascunde juc\u0103riile, c\u0103r\u021bile \u0219i alte comori.<\/div>\n<div><\/div>\n<div>O saltea confortabil\u0103 face parte din necesarul fiec\u0103rui aventurier: este, de asemenea, practica \u00een timpul petrecut \u00een teepee \u0219i este utila ca o barc\u0103 atunci c\u00e2nd traverseaz\u0103 r\u00e2urile. Salteaua poate fi folosita atat ca accesoriu la cort, baldachin sau colt pentru citit si joaca cat si ca si covor confortabil \u00een camera micutilor. Aceasta poate fi folosita \u0219i \u00een gr\u0103din\u0103 sau la un picnic.&nbsp;<\/div>\n<div><\/div>\n<div>Boho este un stil artistic boem ghidat de confort, var\u0103 \u0219i libertate. Materialul are brodate cateva motive etnice si flori care simbolizeaza naturaletea si apropierea catre natura.&nbsp;<\/div>\n<div><\/div>\n<div>Cortul este robust, fiind realizat din bumbac crem dens. Datorit\u0103 structurii sale cu cinci stalpi, cortul este deosebit de stabil. St\u00e2lpii sunt rotunji\u021bi pentru siguranta celui mic. Setul este completat de o saltea matlasat\u0103 cu dou\u0103 fe\u021be, care adaug\u0103 o not\u0103 de fantezie, confort \u0219i un farmec unic oric\u0103rui interior.<\/div>\n<div><\/div>\n<div>Setul include:<\/div>\n<div>&#8211; Cort de joac\u0103<\/div>\n<div>&#8211; Saltea de joaca<\/div>\n<div>&#8211; St\u00e2lpi din lemn de pin<\/div>\n<div>&#8211; Hus\u0103 de bumbac<\/div>\n<div><\/div>\n<div>Specifica\u021bii:<\/div>\n<div>&#8211; Material cort: 100% bumbac certificat OEKO-TEX.&nbsp;<\/div>\n<div>&#8211; Greutatea: 260 g.&nbsp;<\/div>\n<div>&#8211; Temperatura de sp\u0103lare: p\u00e2n\u0103 la 30\u00b0C.&nbsp;<\/div>\n<div>&#8211; St\u00e2lpi de pin: 180 cm.&nbsp;<\/div>\n<div>&#8211; Diametrul bazei: 120\/130 cm.&nbsp;<\/div>\n<div>&#8211; Diametru saltea: 120\/130 cm; material: 100% bumbac, 100% in certificat OEKO-TEX.<\/div>\n<div><\/div>\n<div><\/div>\n","protected":false},"excerpt":{"rendered":"<p>Cort de joaca confortabil, casual, relaxat. Micuta ta aventuriera isi poate petrece ore intregi explor\u00e2nd lumea \u0219i juc\u00e2ndu-se, iar la \u00eentoarcere are nevoie de un loc unde s\u0103 se odihneasc\u0103 \u0219i s\u0103-\u0219i fac\u0103 planuri pentru alte aventuri. Un cort teepee \u00eenseamn\u0103 literalmente o locuinta, un spatiu propriu \u0219i este un cuv\u00e2nt folosit de Sioux, poporul [&hellip;]<\/p>\n","protected":false},"featured_media":3036,"comment_status":"open","ping_status":"closed","template":"","meta":{"site-sidebar-layout":"default","site-content-layout":"","ast-site-content-layout":"","site-content-style":"default","site-sidebar-style":"default","ast-global-header-display":"","ast-banner-title-visibility":"","ast-main-header-display":"","ast-hfb-above-header-display":"","ast-hfb-below-header-display":"","ast-hfb-mobile-header-display":"","site-post-title":"","ast-breadcrumbs-content":"","ast-featured-img":"","footer-sml-layout":"","theme-transparent-header-meta":"","adv-header-id-meta":"","stick-header-meta":"","header-above-stick-meta":"","header-main-stick-meta":"","header-below-stick-meta":"","astra-migrate-meta-layouts":"default","ast-page-background-enabled":"default","ast-page-background-meta":{"desktop":{"background-color":"","background-image":"","background-repeat":"repeat","background-position":"center center","background-size":"auto","background-attachment":"scroll","background-type":"","background-media":"","overlay-type":"","overlay-color":"","overlay-opacity":"","overlay-gradient":""},"tablet":{"background-color":"","background-image":"","background-repeat":"repeat","background-position":"center center","background-size":"auto","background-attachment":"scroll","background-type":"","background-media":"","overlay-type":"","overlay-color":"","overlay-opacity":"","overlay-gradient":""},"mobile":{"background-color":"","background-image":"","background-repeat":"repeat","background-position":"center center","background-size":"auto","background-attachment":"scroll","background-type":"","background-media":"","overlay-type":"","overlay-color":"","overlay-opacity":"","overlay-gradient":""}},"ast-content-background-meta":{"desktop":{"background-color":"var(--ast-global-color-5)","background-image":"","background-repeat":"repeat","background-position":"center center","background-size":"auto","background-attachment":"scroll","background-type":"","background-media":"","overlay-type":"","overlay-color":"","overlay-opacity":"","overlay-gradient":""},"tablet":{"background-color":"var(--ast-global-color-5)","background-image":"","background-repeat":"repeat","background-position":"center center","background-size":"auto","background-attachment":"scroll","background-type":"","background-media":"","overlay-type":"","overlay-color":"","overlay-opacity":"","overlay-gradient":""},"mobile":{"background-color":"var(--ast-global-color-5)","background-image":"","background-repeat":"repeat","background-position":"center center","background-size":"auto","background-attachment":"scroll","background-type":"","background-media":"","overlay-type":"","overlay-color":"","overlay-opacity":"","overlay-gradient":""}}},"product_brand":[],"product_cat":[112],"product_tag":[],"class_list":{"0":"post-3045","1":"product","2":"type-product","3":"status-publish","4":"has-post-thumbnail","6":"product_cat-primul-cort-al-puiului-tau","7":"desktop-align-left","8":"tablet-align-left","9":"mobile-align-left","10":"ast-product-gallery-layout-horizontal-slider","11":"ast-product-tabs-layout-vertical","12":"ast-qv-on-image","14":"first","15":"onbackorder","16":"shipping-taxable","17":"purchasable","18":"product-type-simple"},"yoast_head":"<!-- This site is optimized with the Yoast SEO plugin v22.6 - https:\/\/yoast.com\/wordpress\/plugins\/seo\/ -->\n<title>Cort Boho cu saltea Seashell Beige<\/title>\n<meta name=\"robots\" content=\"index, follow, max-snippet:-1, max-image-preview:large, max-video-preview:-1\" \/>\n<link rel=\"canonical\" href=\"https:\/\/bunnyboo.ro\/produs\/cort-boho-cu-salteluta-cu-saltea-seashell-beige\/\" \/>\n<meta property=\"og:locale\" content=\"en_US\" \/>\n<meta property=\"og:type\" content=\"article\" \/>\n<meta property=\"og:title\" content=\"Cort Boho cu saltea Seashell Beige\" \/>\n<meta property=\"og:description\" content=\"Cort de joaca confortabil, casual, relaxat. Micuta ta aventuriera isi poate petrece ore intregi explor\u00e2nd lumea \u0219i juc\u00e2ndu-se, iar la \u00eentoarcere are nevoie de un loc unde s\u0103 se odihneasc\u0103 \u0219i s\u0103-\u0219i fac\u0103 planuri pentru alte aventuri. Un cort teepee \u00eenseamn\u0103 literalmente o locuinta, un spatiu propriu \u0219i este un cuv\u00e2nt folosit de Sioux, poporul [&hellip;]\" \/>\n<meta property=\"og:url\" content=\"https:\/\/bunnyboo.ro\/produs\/cort-boho-cu-salteluta-cu-saltea-seashell-beige\/\" \/>\n<meta property=\"og:site_name\" content=\"Bunny Boo\" \/>\n<meta property=\"article:modified_time\" content=\"2025-05-07T15:20:43+00:00\" \/>\n<meta property=\"og:image\" content=\"https:\/\/bunnyboo.ro\/wp-content\/uploads\/2021\/07\/boho-teepee-with-frills-and-seashell-mat-set-115664_2000x2000.jpeg\" \/>\n\t<meta property=\"og:image:width\" content=\"971\" \/>\n\t<meta property=\"og:image:height\" content=\"1457\" \/>\n\t<meta property=\"og:image:type\" content=\"image\/jpeg\" \/>\n<meta name=\"twitter:card\" content=\"summary_large_image\" \/>\n<meta name=\"twitter:label1\" content=\"Est. reading time\" \/>\n\t<meta name=\"twitter:data1\" content=\"2 minutes\" \/>\n<script type=\"application\/ld+json\" class=\"yoast-schema-graph\">{\"@context\":\"https:\/\/schema.org\",\"@graph\":[{\"@type\":\"WebPage\",\"@id\":\"https:\/\/bunnyboo.ro\/produs\/cort-boho-cu-salteluta-cu-saltea-seashell-beige\/\",\"url\":\"https:\/\/bunnyboo.ro\/produs\/cort-boho-cu-salteluta-cu-saltea-seashell-beige\/\",\"name\":\"Cort Boho cu saltea Seashell Beige\",\"isPartOf\":{\"@id\":\"https:\/\/bunnyboo.ro\/#website\"},\"primaryImageOfPage\":{\"@id\":\"https:\/\/bunnyboo.ro\/produs\/cort-boho-cu-salteluta-cu-saltea-seashell-beige\/#primaryimage\"},\"image\":{\"@id\":\"https:\/\/bunnyboo.ro\/produs\/cort-boho-cu-salteluta-cu-saltea-seashell-beige\/#primaryimage\"},\"thumbnailUrl\":\"https:\/\/bunnyboo.ro\/wp-content\/uploads\/2021\/07\/boho-teepee-with-frills-and-seashell-mat-set-115664_2000x2000.jpeg\",\"datePublished\":\"2021-07-28T13:34:11+00:00\",\"dateModified\":\"2025-05-07T15:20:43+00:00\",\"breadcrumb\":{\"@id\":\"https:\/\/bunnyboo.ro\/produs\/cort-boho-cu-salteluta-cu-saltea-seashell-beige\/#breadcrumb\"},\"inLanguage\":\"en-US\",\"potentialAction\":[{\"@type\":\"ReadAction\",\"target\":[\"https:\/\/bunnyboo.ro\/produs\/cort-boho-cu-salteluta-cu-saltea-seashell-beige\/\"]}]},{\"@type\":\"ImageObject\",\"inLanguage\":\"en-US\",\"@id\":\"https:\/\/bunnyboo.ro\/produs\/cort-boho-cu-salteluta-cu-saltea-seashell-beige\/#primaryimage\",\"url\":\"https:\/\/bunnyboo.ro\/wp-content\/uploads\/2021\/07\/boho-teepee-with-frills-and-seashell-mat-set-115664_2000x2000.jpeg\",\"contentUrl\":\"https:\/\/bunnyboo.ro\/wp-content\/uploads\/2021\/07\/boho-teepee-with-frills-and-seashell-mat-set-115664_2000x2000.jpeg\",\"width\":971,\"height\":1457,\"caption\":\"boho-teepee-with-frills-and-seashell-mat-set-115664_2000x2000\"},{\"@type\":\"BreadcrumbList\",\"@id\":\"https:\/\/bunnyboo.ro\/produs\/cort-boho-cu-salteluta-cu-saltea-seashell-beige\/#breadcrumb\",\"itemListElement\":[{\"@type\":\"ListItem\",\"position\":1,\"name\":\"Home\",\"item\":\"https:\/\/bunnyboo.ro\/en\/\"},{\"@type\":\"ListItem\",\"position\":2,\"name\":\"New\",\"item\":\"https:\/\/bunnyboo.ro\/en\/shop\/\"},{\"@type\":\"ListItem\",\"position\":3,\"name\":\"Cort Boho cu saltea Seashell Beige\"}]},{\"@type\":\"WebSite\",\"@id\":\"https:\/\/bunnyboo.ro\/#website\",\"url\":\"https:\/\/bunnyboo.ro\/\",\"name\":\"Bunny Boo\",\"description\":\"Bunny Boo\",\"publisher\":{\"@id\":\"https:\/\/bunnyboo.ro\/#organization\"},\"potentialAction\":[{\"@type\":\"SearchAction\",\"target\":{\"@type\":\"EntryPoint\",\"urlTemplate\":\"https:\/\/bunnyboo.ro\/?s={search_term_string}\"},\"query-input\":\"required name=search_term_string\"}],\"inLanguage\":\"en-US\"},{\"@type\":\"Organization\",\"@id\":\"https:\/\/bunnyboo.ro\/#organization\",\"name\":\"Bunny Boo\",\"url\":\"https:\/\/bunnyboo.ro\/\",\"logo\":{\"@type\":\"ImageObject\",\"inLanguage\":\"en-US\",\"@id\":\"https:\/\/bunnyboo.ro\/#\/schema\/logo\/image\/\",\"url\":\"https:\/\/bunnyboo.ro\/wp-content\/uploads\/2024\/03\/Logo-website-black.png\",\"contentUrl\":\"https:\/\/bunnyboo.ro\/wp-content\/uploads\/2024\/03\/Logo-website-black.png\",\"width\":2422,\"height\":946,\"caption\":\"Bunny Boo\"},\"image\":{\"@id\":\"https:\/\/bunnyboo.ro\/#\/schema\/logo\/image\/\"}}]}<\/script>\n<!-- \/ Yoast SEO plugin. -->","yoast_head_json":{"title":"Cort Boho cu saltea Seashell Beige","robots":{"index":"index","follow":"follow","max-snippet":"max-snippet:-1","max-image-preview":"max-image-preview:large","max-video-preview":"max-video-preview:-1"},"canonical":"https:\/\/bunnyboo.ro\/produs\/cort-boho-cu-salteluta-cu-saltea-seashell-beige\/","og_locale":"en_US","og_type":"article","og_title":"Cort Boho cu saltea Seashell Beige","og_description":"Cort de joaca confortabil, casual, relaxat. Micuta ta aventuriera isi poate petrece ore intregi explor\u00e2nd lumea \u0219i juc\u00e2ndu-se, iar la \u00eentoarcere are nevoie de un loc unde s\u0103 se odihneasc\u0103 \u0219i s\u0103-\u0219i fac\u0103 planuri pentru alte aventuri. Un cort teepee \u00eenseamn\u0103 literalmente o locuinta, un spatiu propriu \u0219i este un cuv\u00e2nt folosit de Sioux, poporul [&hellip;]","og_url":"https:\/\/bunnyboo.ro\/produs\/cort-boho-cu-salteluta-cu-saltea-seashell-beige\/","og_site_name":"Bunny Boo","article_modified_time":"2025-05-07T15:20:43+00:00","og_image":[{"width":971,"height":1457,"url":"https:\/\/bunnyboo.ro\/wp-content\/uploads\/2021\/07\/boho-teepee-with-frills-and-seashell-mat-set-115664_2000x2000.jpeg","type":"image\/jpeg"}],"twitter_card":"summary_large_image","twitter_misc":{"Est. reading time":"2 minutes"},"schema":{"@context":"https:\/\/schema.org","@graph":[{"@type":"WebPage","@id":"https:\/\/bunnyboo.ro\/produs\/cort-boho-cu-salteluta-cu-saltea-seashell-beige\/","url":"https:\/\/bunnyboo.ro\/produs\/cort-boho-cu-salteluta-cu-saltea-seashell-beige\/","name":"Cort Boho cu saltea Seashell Beige","isPartOf":{"@id":"https:\/\/bunnyboo.ro\/#website"},"primaryImageOfPage":{"@id":"https:\/\/bunnyboo.ro\/produs\/cort-boho-cu-salteluta-cu-saltea-seashell-beige\/#primaryimage"},"image":{"@id":"https:\/\/bunnyboo.ro\/produs\/cort-boho-cu-salteluta-cu-saltea-seashell-beige\/#primaryimage"},"thumbnailUrl":"https:\/\/bunnyboo.ro\/wp-content\/uploads\/2021\/07\/boho-teepee-with-frills-and-seashell-mat-set-115664_2000x2000.jpeg","datePublished":"2021-07-28T13:34:11+00:00","dateModified":"2025-05-07T15:20:43+00:00","breadcrumb":{"@id":"https:\/\/bunnyboo.ro\/produs\/cort-boho-cu-salteluta-cu-saltea-seashell-beige\/#breadcrumb"},"inLanguage":"en-US","potentialAction":[{"@type":"ReadAction","target":["https:\/\/bunnyboo.ro\/produs\/cort-boho-cu-salteluta-cu-saltea-seashell-beige\/"]}]},{"@type":"ImageObject","inLanguage":"en-US","@id":"https:\/\/bunnyboo.ro\/produs\/cort-boho-cu-salteluta-cu-saltea-seashell-beige\/#primaryimage","url":"https:\/\/bunnyboo.ro\/wp-content\/uploads\/2021\/07\/boho-teepee-with-frills-and-seashell-mat-set-115664_2000x2000.jpeg","contentUrl":"https:\/\/bunnyboo.ro\/wp-content\/uploads\/2021\/07\/boho-teepee-with-frills-and-seashell-mat-set-115664_2000x2000.jpeg","width":971,"height":1457,"caption":"boho-teepee-with-frills-and-seashell-mat-set-115664_2000x2000"},{"@type":"BreadcrumbList","@id":"https:\/\/bunnyboo.ro\/produs\/cort-boho-cu-salteluta-cu-saltea-seashell-beige\/#breadcrumb","itemListElement":[{"@type":"ListItem","position":1,"name":"Home","item":"https:\/\/bunnyboo.ro\/en\/"},{"@type":"ListItem","position":2,"name":"New","item":"https:\/\/bunnyboo.ro\/en\/shop\/"},{"@type":"ListItem","position":3,"name":"Cort Boho cu saltea Seashell Beige"}]},{"@type":"WebSite","@id":"https:\/\/bunnyboo.ro\/#website","url":"https:\/\/bunnyboo.ro\/","name":"Bunny Boo","description":"Bunny Boo","publisher":{"@id":"https:\/\/bunnyboo.ro\/#organization"},"potentialAction":[{"@type":"SearchAction","target":{"@type":"EntryPoint","urlTemplate":"https:\/\/bunnyboo.ro\/?s={search_term_string}"},"query-input":"required name=search_term_string"}],"inLanguage":"en-US"},{"@type":"Organization","@id":"https:\/\/bunnyboo.ro\/#organization","name":"Bunny Boo","url":"https:\/\/bunnyboo.ro\/","logo":{"@type":"ImageObject","inLanguage":"en-US","@id":"https:\/\/bunnyboo.ro\/#\/schema\/logo\/image\/","url":"https:\/\/bunnyboo.ro\/wp-content\/uploads\/2024\/03\/Logo-website-black.png","contentUrl":"https:\/\/bunnyboo.ro\/wp-content\/uploads\/2024\/03\/Logo-website-black.png","width":2422,"height":946,"caption":"Bunny Boo"},"image":{"@id":"https:\/\/bunnyboo.ro\/#\/schema\/logo\/image\/"}}]}},"_links":{"self":[{"href":"https:\/\/bunnyboo.ro\/en\/wp-json\/wp\/v2\/product\/3045","targetHints":{"allow":["GET"]}}],"collection":[{"href":"https:\/\/bunnyboo.ro\/en\/wp-json\/wp\/v2\/product"}],"about":[{"href":"https:\/\/bunnyboo.ro\/en\/wp-json\/wp\/v2\/types\/product"}],"replies":[{"embeddable":true,"href":"https:\/\/bunnyboo.ro\/en\/wp-json\/wp\/v2\/comments?post=3045"}],"wp:featuredmedia":[{"embeddable":true,"href":"https:\/\/bunnyboo.ro\/en\/wp-json\/wp\/v2\/media\/3036"}],"wp:attachment":[{"href":"https:\/\/bunnyboo.ro\/en\/wp-json\/wp\/v2\/media?parent=3045"}],"wp:term":[{"taxonomy":"product_brand","embeddable":true,"href":"https:\/\/bunnyboo.ro\/en\/wp-json\/wp\/v2\/product_brand?post=3045"},{"taxonomy":"product_cat","embeddable":true,"href":"https:\/\/bunnyboo.ro\/en\/wp-json\/wp\/v2\/product_cat?post=3045"},{"taxonomy":"product_tag","embeddable":true,"href":"https:\/\/bunnyboo.ro\/en\/wp-json\/wp\/v2\/product_tag?post=3045"}],"curies":[{"name":"wp","href":"https:\/\/api.w.org\/{rel}","templated":true}]}}