{"id":30382,"date":"2025-03-20T14:14:12","date_gmt":"2025-03-20T12:14:12","guid":{"rendered":"https:\/\/bunnyboo.ro\/?post_type=product&#038;p=30382"},"modified":"2026-02-24T11:00:21","modified_gmt":"2026-02-24T09:00:21","slug":"casca-de-protectie-pentru-copii-liewood-s-dinosaurs","status":"publish","type":"product","link":"https:\/\/bunnyboo.ro\/en\/produs\/casca-de-protectie-pentru-copii-liewood-s-dinosaurs\/","title":{"rendered":"Casc\u0103 de protec\u021bie pentru copii Liewood S, 48-52 cm &#8211; Dinosaurs"},"content":{"rendered":"<p>Face\u021bi cuno\u0219tin\u021b\u0103 cu HILARY &#8211; un accesoriu de \u00eencredere \u00een care siguran\u021ba \u00eent\u00e2lne\u0219te stilul. Fabricat\u0103 \u00een conformitate cu standardele de siguran\u021b\u0103 ale UE, aceast\u0103 casc\u0103 este fabricat\u0103 din policarbonat durabil \u0219i are o \u00eenchidere sigur\u0103 cu cataram\u0103, curele reglabile \u0219i o carcas\u0103 de suprafa\u021b\u0103 mat\u0103. Cu perne moi pentru confort \u0219i un sistem de reglare u\u0219oar\u0103 cu func\u021bie de \u0219urub la spate, este at\u00e2t cu rol protector, c\u00e2t \u0219i deosebit de confortabila.<\/p>\n<p>Casc\u0103 de biciclet\u0103 cu deisgn modern:<br \/>\n&#8211; Fabricata din policarbonat durabil<br \/>\n&#8211; Cu \u00eenchidere cu cataram\u0103 \u0219i curele reglabile<br \/>\n&#8211; Parte exterioara cu suprafa\u021b\u0103 mat\u0103 \u0219i amortizare interioar\u0103 moale pentru confort<br \/>\n&#8211; Sistem de reglare cu func\u021bie de \u0219urub \u00een spate<br \/>\n&#8211; Proiectat \u00een conformitate cu standardele de siguran\u021b\u0103 ale UE<br \/>\nDimensiuni: Diametru (cm) 0; l\u0103\u021bime (cm) 54; lungime (cm) 37; Ad\u00e2ncime (cm) 0<\/p>\n<p>&nbsp;<\/p>\n","protected":false},"excerpt":{"rendered":"<p>Face\u021bi cuno\u0219tin\u021b\u0103 cu HILARY &#8211; un accesoriu de \u00eencredere \u00een care siguran\u021ba \u00eent\u00e2lne\u0219te stilul. Fabricat\u0103 \u00een conformitate cu standardele de siguran\u021b\u0103 ale UE, aceast\u0103 casc\u0103 este fabricat\u0103 din policarbonat durabil \u0219i are o \u00eenchidere sigur\u0103 cu cataram\u0103, curele reglabile \u0219i o carcas\u0103 de suprafa\u021b\u0103 mat\u0103. Cu perne moi pentru confort \u0219i un sistem de reglare [&hellip;]<\/p>\n","protected":false},"featured_media":30383,"comment_status":"open","ping_status":"closed","template":"","meta":{"site-sidebar-layout":"default","site-content-layout":"","ast-site-content-layout":"default","site-content-style":"default","site-sidebar-style":"default","ast-global-header-display":"","ast-banner-title-visibility":"","ast-main-header-display":"","ast-hfb-above-header-display":"","ast-hfb-below-header-display":"","ast-hfb-mobile-header-display":"","site-post-title":"","ast-breadcrumbs-content":"","ast-featured-img":"","footer-sml-layout":"","theme-transparent-header-meta":"default","adv-header-id-meta":"","stick-header-meta":"default","header-above-stick-meta":"","header-main-stick-meta":"","header-below-stick-meta":"","astra-migrate-meta-layouts":"set","ast-page-background-enabled":"default","ast-page-background-meta":{"desktop":{"background-color":"","background-image":"","background-repeat":"repeat","background-position":"center center","background-size":"auto","background-attachment":"scroll","background-type":"","background-media":"","overlay-type":"","overlay-color":"","overlay-opacity":"","overlay-gradient":""},"tablet":{"background-color":"","background-image":"","background-repeat":"repeat","background-position":"center center","background-size":"auto","background-attachment":"scroll","background-type":"","background-media":"","overlay-type":"","overlay-color":"","overlay-opacity":"","overlay-gradient":""},"mobile":{"background-color":"","background-image":"","background-repeat":"repeat","background-position":"center center","background-size":"auto","background-attachment":"scroll","background-type":"","background-media":"","overlay-type":"","overlay-color":"","overlay-opacity":"","overlay-gradient":""}},"ast-content-background-meta":{"desktop":{"background-color":"var(--ast-global-color-5)","background-image":"","background-repeat":"repeat","background-position":"center center","background-size":"auto","background-attachment":"scroll","background-type":"","background-media":"","overlay-type":"","overlay-color":"","overlay-opacity":"","overlay-gradient":""},"tablet":{"background-color":"var(--ast-global-color-5)","background-image":"","background-repeat":"repeat","background-position":"center center","background-size":"auto","background-attachment":"scroll","background-type":"","background-media":"","overlay-type":"","overlay-color":"","overlay-opacity":"","overlay-gradient":""},"mobile":{"background-color":"var(--ast-global-color-5)","background-image":"","background-repeat":"repeat","background-position":"center center","background-size":"auto","background-attachment":"scroll","background-type":"","background-media":"","overlay-type":"","overlay-color":"","overlay-opacity":"","overlay-gradient":""}}},"product_brand":[],"product_cat":[65,94,100,132],"product_tag":[],"class_list":{"0":"post-30382","1":"product","2":"type-product","3":"status-publish","4":"has-post-thumbnail","6":"product_cat-noutati-minunate-pentru-puiul-tau","7":"product_cat-distractie-in-natura","8":"product_cat-trotinete-pentru-distractie-garantata","9":"product_cat-reduceri-pentru-tine","10":"desktop-align-left","11":"tablet-align-left","12":"mobile-align-left","13":"ast-product-gallery-layout-horizontal-slider","14":"ast-product-tabs-layout-vertical","15":"ast-qv-on-image","17":"first","18":"instock","19":"sale","20":"shipping-taxable","21":"purchasable","22":"product-type-simple"},"yoast_head":"<!-- This site is optimized with the Yoast SEO plugin v22.6 - https:\/\/yoast.com\/wordpress\/plugins\/seo\/ -->\n<title>Casc\u0103 de protec\u021bie pentru copii Liewood S, 48-52 cm - Dinosaurs<\/title>\n<meta name=\"robots\" content=\"index, follow, max-snippet:-1, max-image-preview:large, max-video-preview:-1\" \/>\n<link rel=\"canonical\" href=\"https:\/\/bunnyboo.ro\/produs\/casca-de-protectie-pentru-copii-liewood-s-dinosaurs\/\" \/>\n<meta property=\"og:locale\" content=\"en_US\" \/>\n<meta property=\"og:type\" content=\"article\" \/>\n<meta property=\"og:title\" content=\"Casc\u0103 de protec\u021bie pentru copii Liewood S, 48-52 cm - Dinosaurs\" \/>\n<meta property=\"og:description\" content=\"Face\u021bi cuno\u0219tin\u021b\u0103 cu HILARY &#8211; un accesoriu de \u00eencredere \u00een care siguran\u021ba \u00eent\u00e2lne\u0219te stilul. Fabricat\u0103 \u00een conformitate cu standardele de siguran\u021b\u0103 ale UE, aceast\u0103 casc\u0103 este fabricat\u0103 din policarbonat durabil \u0219i are o \u00eenchidere sigur\u0103 cu cataram\u0103, curele reglabile \u0219i o carcas\u0103 de suprafa\u021b\u0103 mat\u0103. Cu perne moi pentru confort \u0219i un sistem de reglare [&hellip;]\" \/>\n<meta property=\"og:url\" content=\"https:\/\/bunnyboo.ro\/produs\/casca-de-protectie-pentru-copii-liewood-s-dinosaurs\/\" \/>\n<meta property=\"og:site_name\" content=\"Bunny Boo\" \/>\n<meta property=\"article:modified_time\" content=\"2026-02-24T09:00:21+00:00\" \/>\n<meta property=\"og:image\" content=\"https:\/\/bunnyboo.ro\/wp-content\/uploads\/2025\/03\/Hilary_Bike_Helmet_LW19370_2168_Dinosaurs_Mist_1.png\" \/>\n\t<meta property=\"og:image:width\" content=\"2000\" \/>\n\t<meta property=\"og:image:height\" content=\"2000\" \/>\n\t<meta property=\"og:image:type\" content=\"image\/png\" \/>\n<meta name=\"twitter:card\" content=\"summary_large_image\" \/>\n<meta name=\"twitter:label1\" content=\"Est. reading time\" \/>\n\t<meta name=\"twitter:data1\" content=\"1 minute\" \/>\n<script type=\"application\/ld+json\" class=\"yoast-schema-graph\">{\"@context\":\"https:\/\/schema.org\",\"@graph\":[{\"@type\":\"WebPage\",\"@id\":\"https:\/\/bunnyboo.ro\/produs\/casca-de-protectie-pentru-copii-liewood-s-dinosaurs\/\",\"url\":\"https:\/\/bunnyboo.ro\/produs\/casca-de-protectie-pentru-copii-liewood-s-dinosaurs\/\",\"name\":\"Casc\u0103 de protec\u021bie pentru copii Liewood S, 48-52 cm - Dinosaurs\",\"isPartOf\":{\"@id\":\"https:\/\/bunnyboo.ro\/#website\"},\"primaryImageOfPage\":{\"@id\":\"https:\/\/bunnyboo.ro\/produs\/casca-de-protectie-pentru-copii-liewood-s-dinosaurs\/#primaryimage\"},\"image\":{\"@id\":\"https:\/\/bunnyboo.ro\/produs\/casca-de-protectie-pentru-copii-liewood-s-dinosaurs\/#primaryimage\"},\"thumbnailUrl\":\"https:\/\/bunnyboo.ro\/wp-content\/uploads\/2025\/03\/Hilary_Bike_Helmet_LW19370_2168_Dinosaurs_Mist_1.png\",\"datePublished\":\"2025-03-20T12:14:12+00:00\",\"dateModified\":\"2026-02-24T09:00:21+00:00\",\"breadcrumb\":{\"@id\":\"https:\/\/bunnyboo.ro\/produs\/casca-de-protectie-pentru-copii-liewood-s-dinosaurs\/#breadcrumb\"},\"inLanguage\":\"en-US\",\"potentialAction\":[{\"@type\":\"ReadAction\",\"target\":[\"https:\/\/bunnyboo.ro\/produs\/casca-de-protectie-pentru-copii-liewood-s-dinosaurs\/\"]}]},{\"@type\":\"ImageObject\",\"inLanguage\":\"en-US\",\"@id\":\"https:\/\/bunnyboo.ro\/produs\/casca-de-protectie-pentru-copii-liewood-s-dinosaurs\/#primaryimage\",\"url\":\"https:\/\/bunnyboo.ro\/wp-content\/uploads\/2025\/03\/Hilary_Bike_Helmet_LW19370_2168_Dinosaurs_Mist_1.png\",\"contentUrl\":\"https:\/\/bunnyboo.ro\/wp-content\/uploads\/2025\/03\/Hilary_Bike_Helmet_LW19370_2168_Dinosaurs_Mist_1.png\",\"width\":2000,\"height\":2000,\"caption\":\"Casc\u0103 de protec\u021bie pentru copii Liewood\"},{\"@type\":\"BreadcrumbList\",\"@id\":\"https:\/\/bunnyboo.ro\/produs\/casca-de-protectie-pentru-copii-liewood-s-dinosaurs\/#breadcrumb\",\"itemListElement\":[{\"@type\":\"ListItem\",\"position\":1,\"name\":\"Home\",\"item\":\"https:\/\/bunnyboo.ro\/en\/\"},{\"@type\":\"ListItem\",\"position\":2,\"name\":\"New\",\"item\":\"https:\/\/bunnyboo.ro\/en\/shop\/\"},{\"@type\":\"ListItem\",\"position\":3,\"name\":\"Casc\u0103 de protec\u021bie pentru copii Liewood S, 48-52 cm &#8211; Dinosaurs\"}]},{\"@type\":\"WebSite\",\"@id\":\"https:\/\/bunnyboo.ro\/#website\",\"url\":\"https:\/\/bunnyboo.ro\/\",\"name\":\"Bunny Boo\",\"description\":\"Bunny Boo\",\"publisher\":{\"@id\":\"https:\/\/bunnyboo.ro\/#organization\"},\"potentialAction\":[{\"@type\":\"SearchAction\",\"target\":{\"@type\":\"EntryPoint\",\"urlTemplate\":\"https:\/\/bunnyboo.ro\/?s={search_term_string}\"},\"query-input\":\"required name=search_term_string\"}],\"inLanguage\":\"en-US\"},{\"@type\":\"Organization\",\"@id\":\"https:\/\/bunnyboo.ro\/#organization\",\"name\":\"Bunny Boo\",\"url\":\"https:\/\/bunnyboo.ro\/\",\"logo\":{\"@type\":\"ImageObject\",\"inLanguage\":\"en-US\",\"@id\":\"https:\/\/bunnyboo.ro\/#\/schema\/logo\/image\/\",\"url\":\"https:\/\/bunnyboo.ro\/wp-content\/uploads\/2024\/03\/Logo-website-black.png\",\"contentUrl\":\"https:\/\/bunnyboo.ro\/wp-content\/uploads\/2024\/03\/Logo-website-black.png\",\"width\":2422,\"height\":946,\"caption\":\"Bunny Boo\"},\"image\":{\"@id\":\"https:\/\/bunnyboo.ro\/#\/schema\/logo\/image\/\"}}]}<\/script>\n<!-- \/ Yoast SEO plugin. -->","yoast_head_json":{"title":"Casc\u0103 de protec\u021bie pentru copii Liewood S, 48-52 cm - Dinosaurs","robots":{"index":"index","follow":"follow","max-snippet":"max-snippet:-1","max-image-preview":"max-image-preview:large","max-video-preview":"max-video-preview:-1"},"canonical":"https:\/\/bunnyboo.ro\/produs\/casca-de-protectie-pentru-copii-liewood-s-dinosaurs\/","og_locale":"en_US","og_type":"article","og_title":"Casc\u0103 de protec\u021bie pentru copii Liewood S, 48-52 cm - Dinosaurs","og_description":"Face\u021bi cuno\u0219tin\u021b\u0103 cu HILARY &#8211; un accesoriu de \u00eencredere \u00een care siguran\u021ba \u00eent\u00e2lne\u0219te stilul. Fabricat\u0103 \u00een conformitate cu standardele de siguran\u021b\u0103 ale UE, aceast\u0103 casc\u0103 este fabricat\u0103 din policarbonat durabil \u0219i are o \u00eenchidere sigur\u0103 cu cataram\u0103, curele reglabile \u0219i o carcas\u0103 de suprafa\u021b\u0103 mat\u0103. Cu perne moi pentru confort \u0219i un sistem de reglare [&hellip;]","og_url":"https:\/\/bunnyboo.ro\/produs\/casca-de-protectie-pentru-copii-liewood-s-dinosaurs\/","og_site_name":"Bunny Boo","article_modified_time":"2026-02-24T09:00:21+00:00","og_image":[{"width":2000,"height":2000,"url":"https:\/\/bunnyboo.ro\/wp-content\/uploads\/2025\/03\/Hilary_Bike_Helmet_LW19370_2168_Dinosaurs_Mist_1.png","type":"image\/png"}],"twitter_card":"summary_large_image","twitter_misc":{"Est. reading time":"1 minute"},"schema":{"@context":"https:\/\/schema.org","@graph":[{"@type":"WebPage","@id":"https:\/\/bunnyboo.ro\/produs\/casca-de-protectie-pentru-copii-liewood-s-dinosaurs\/","url":"https:\/\/bunnyboo.ro\/produs\/casca-de-protectie-pentru-copii-liewood-s-dinosaurs\/","name":"Casc\u0103 de protec\u021bie pentru copii Liewood S, 48-52 cm - Dinosaurs","isPartOf":{"@id":"https:\/\/bunnyboo.ro\/#website"},"primaryImageOfPage":{"@id":"https:\/\/bunnyboo.ro\/produs\/casca-de-protectie-pentru-copii-liewood-s-dinosaurs\/#primaryimage"},"image":{"@id":"https:\/\/bunnyboo.ro\/produs\/casca-de-protectie-pentru-copii-liewood-s-dinosaurs\/#primaryimage"},"thumbnailUrl":"https:\/\/bunnyboo.ro\/wp-content\/uploads\/2025\/03\/Hilary_Bike_Helmet_LW19370_2168_Dinosaurs_Mist_1.png","datePublished":"2025-03-20T12:14:12+00:00","dateModified":"2026-02-24T09:00:21+00:00","breadcrumb":{"@id":"https:\/\/bunnyboo.ro\/produs\/casca-de-protectie-pentru-copii-liewood-s-dinosaurs\/#breadcrumb"},"inLanguage":"en-US","potentialAction":[{"@type":"ReadAction","target":["https:\/\/bunnyboo.ro\/produs\/casca-de-protectie-pentru-copii-liewood-s-dinosaurs\/"]}]},{"@type":"ImageObject","inLanguage":"en-US","@id":"https:\/\/bunnyboo.ro\/produs\/casca-de-protectie-pentru-copii-liewood-s-dinosaurs\/#primaryimage","url":"https:\/\/bunnyboo.ro\/wp-content\/uploads\/2025\/03\/Hilary_Bike_Helmet_LW19370_2168_Dinosaurs_Mist_1.png","contentUrl":"https:\/\/bunnyboo.ro\/wp-content\/uploads\/2025\/03\/Hilary_Bike_Helmet_LW19370_2168_Dinosaurs_Mist_1.png","width":2000,"height":2000,"caption":"Casc\u0103 de protec\u021bie pentru copii Liewood"},{"@type":"BreadcrumbList","@id":"https:\/\/bunnyboo.ro\/produs\/casca-de-protectie-pentru-copii-liewood-s-dinosaurs\/#breadcrumb","itemListElement":[{"@type":"ListItem","position":1,"name":"Home","item":"https:\/\/bunnyboo.ro\/en\/"},{"@type":"ListItem","position":2,"name":"New","item":"https:\/\/bunnyboo.ro\/en\/shop\/"},{"@type":"ListItem","position":3,"name":"Casc\u0103 de protec\u021bie pentru copii Liewood S, 48-52 cm &#8211; Dinosaurs"}]},{"@type":"WebSite","@id":"https:\/\/bunnyboo.ro\/#website","url":"https:\/\/bunnyboo.ro\/","name":"Bunny Boo","description":"Bunny Boo","publisher":{"@id":"https:\/\/bunnyboo.ro\/#organization"},"potentialAction":[{"@type":"SearchAction","target":{"@type":"EntryPoint","urlTemplate":"https:\/\/bunnyboo.ro\/?s={search_term_string}"},"query-input":"required name=search_term_string"}],"inLanguage":"en-US"},{"@type":"Organization","@id":"https:\/\/bunnyboo.ro\/#organization","name":"Bunny Boo","url":"https:\/\/bunnyboo.ro\/","logo":{"@type":"ImageObject","inLanguage":"en-US","@id":"https:\/\/bunnyboo.ro\/#\/schema\/logo\/image\/","url":"https:\/\/bunnyboo.ro\/wp-content\/uploads\/2024\/03\/Logo-website-black.png","contentUrl":"https:\/\/bunnyboo.ro\/wp-content\/uploads\/2024\/03\/Logo-website-black.png","width":2422,"height":946,"caption":"Bunny Boo"},"image":{"@id":"https:\/\/bunnyboo.ro\/#\/schema\/logo\/image\/"}}]}},"_links":{"self":[{"href":"https:\/\/bunnyboo.ro\/en\/wp-json\/wp\/v2\/product\/30382","targetHints":{"allow":["GET"]}}],"collection":[{"href":"https:\/\/bunnyboo.ro\/en\/wp-json\/wp\/v2\/product"}],"about":[{"href":"https:\/\/bunnyboo.ro\/en\/wp-json\/wp\/v2\/types\/product"}],"replies":[{"embeddable":true,"href":"https:\/\/bunnyboo.ro\/en\/wp-json\/wp\/v2\/comments?post=30382"}],"wp:featuredmedia":[{"embeddable":true,"href":"https:\/\/bunnyboo.ro\/en\/wp-json\/wp\/v2\/media\/30383"}],"wp:attachment":[{"href":"https:\/\/bunnyboo.ro\/en\/wp-json\/wp\/v2\/media?parent=30382"}],"wp:term":[{"taxonomy":"product_brand","embeddable":true,"href":"https:\/\/bunnyboo.ro\/en\/wp-json\/wp\/v2\/product_brand?post=30382"},{"taxonomy":"product_cat","embeddable":true,"href":"https:\/\/bunnyboo.ro\/en\/wp-json\/wp\/v2\/product_cat?post=30382"},{"taxonomy":"product_tag","embeddable":true,"href":"https:\/\/bunnyboo.ro\/en\/wp-json\/wp\/v2\/product_tag?post=30382"}],"curies":[{"name":"wp","href":"https:\/\/api.w.org\/{rel}","templated":true}]}}