{"id":30273,"date":"2025-03-14T13:01:09","date_gmt":"2025-03-14T11:01:09","guid":{"rendered":"https:\/\/bunnyboo.ro\/?post_type=product&#038;p=30273"},"modified":"2025-05-05T20:15:34","modified_gmt":"2025-05-05T17:15:34","slug":"shappy-playset-sky-blue","status":"publish","type":"product","link":"https:\/\/bunnyboo.ro\/en\/produs\/shappy-playset-sky-blue\/","title":{"rendered":"SHAPPY PLAYSET &#8211; Sky Blue"},"content":{"rendered":"<p>Acest set de joac\u0103 versatil promoveaz\u0103 dezvoltarea fizic\u0103 \u0219i jocul imaginativ cu designul s\u0103u multifunc\u021bional, inclusiv un tobogan care func\u021bioneaz\u0103 ca o plac\u0103 de echilibru, piese transformabile pentru distrac\u021bie f\u0103r\u0103 sf\u00e2r\u0219it.<\/p>\n<p>Fabricat din spum\u0103 de \u00eenalt\u0103 densitate pentru siguran\u021b\u0103 \u0219i stabilitate, este u\u0219or de cur\u0103\u021bat \u0219i perfect pentru copiii activi. Aceast\u0103 pies\u0103 multifunc\u021bional\u0103 sus\u021bine dezvoltarea fizic\u0103 \u0219i jocul imaginativ. Ideal at\u00e2t pentru timpul de joac\u0103, c\u00e2t \u0219i pentru utilizare practic\u0103, este perfect pentru orice camer\u0103 de joac\u0103.<\/p>\n<p>Acest set este format din 4 piese:<\/p>\n<p>Tobogan cu dubl\u0103 utilizare: Acest tobogan func\u021bioneaz\u0103 ca o plac\u0103 de echilibru, oferind copiilor o modalitate distractiv\u0103 de a-\u0219i dezvolta abilit\u0103\u021bile de coordonare \u0219i echilibru.<\/p>\n<p>Puf multifunc\u021bional: Perfect ca rol\u0103 pentru a ajuta copiii s\u0103-\u0219i \u00eent\u0103reasc\u0103 mu\u0219chii de baz\u0103 \u0219i s\u0103-\u0219i \u00eembun\u0103t\u0103\u021beasc\u0103 echilibrul. Este, de asemenea, un puf confortabil, care poate suporta greutatea unui adult, oferind o op\u021biune de a\u0219ezare confortabil\u0103.<\/p>\n<p>Cub transformator: Acest cub se transform\u0103 \u00eentr-un tunel, ascunz\u0103toare sau chiar \u00eentr-o mini-piscina cu bile.<\/p>\n<p>Treptele: Sunt un plus util la rutina ta zilnic\u0103, permi\u021b\u00e2nd copiilor s\u0103 ajung\u0103 \u00een locuri unde altfel nu ar putea.<\/p>\n<p>Fabricat din spum\u0103 de \u00eenalt\u0103 densitate, acest set de joac\u0103 este conceput pentru a asigura stabilitate \u0219i siguran\u021b\u0103 \u00een timpul jocului.<\/p>\n<p>Husele deta\u0219abile sunt u\u0219or de cur\u0103\u021bat, f\u0103c\u00e2nd \u00eentre\u021binerea simpl\u0103.<\/p>\n<p>Fabricat din spum\u0103 de \u00eenalt\u0103 densitate, acest set de joac\u0103 este conceput pentru a asigura stabilitate \u0219i siguran\u021b\u0103 \u00een timpul jocului.<\/p>\n<p>Husele deta\u0219abile sunt u\u0219or de cur\u0103\u021bat, f\u0103c\u00e2nd \u00eentre\u021binerea simpl\u0103.<\/p>\n<p>Dimensiuni:<\/p>\n<p>Tobogan: 80 cm x 40 cm x 60 cm<br \/>\nTrepte: 40 cm x 40 cm x 40 cm<br \/>\nPuf: 38 cm x 40 cm<br \/>\nCub: 60 cm x 40 cm x 60 cm<br \/>\nAsamblat: 180 cm x 40 cm x 60 cm<\/p>\n","protected":false},"excerpt":{"rendered":"<p>Acest set de joac\u0103 versatil promoveaz\u0103 dezvoltarea fizic\u0103 \u0219i jocul imaginativ cu designul s\u0103u multifunc\u021bional, inclusiv un tobogan care func\u021bioneaz\u0103 ca o plac\u0103 de echilibru, piese transformabile pentru distrac\u021bie f\u0103r\u0103 sf\u00e2r\u0219it. Fabricat din spum\u0103 de \u00eenalt\u0103 densitate pentru siguran\u021b\u0103 \u0219i stabilitate, este u\u0219or de cur\u0103\u021bat \u0219i perfect pentru copiii activi. Aceast\u0103 pies\u0103 multifunc\u021bional\u0103 sus\u021bine dezvoltarea [&hellip;]<\/p>\n","protected":false},"featured_media":30274,"comment_status":"open","ping_status":"closed","template":"","meta":{"site-sidebar-layout":"default","site-content-layout":"","ast-site-content-layout":"default","site-content-style":"default","site-sidebar-style":"default","ast-global-header-display":"","ast-banner-title-visibility":"","ast-main-header-display":"","ast-hfb-above-header-display":"","ast-hfb-below-header-display":"","ast-hfb-mobile-header-display":"","site-post-title":"","ast-breadcrumbs-content":"","ast-featured-img":"","footer-sml-layout":"","theme-transparent-header-meta":"default","adv-header-id-meta":"","stick-header-meta":"default","header-above-stick-meta":"","header-main-stick-meta":"","header-below-stick-meta":"","astra-migrate-meta-layouts":"set","ast-page-background-enabled":"default","ast-page-background-meta":{"desktop":{"background-color":"","background-image":"","background-repeat":"repeat","background-position":"center center","background-size":"auto","background-attachment":"scroll","background-type":"","background-media":"","overlay-type":"","overlay-color":"","overlay-opacity":"","overlay-gradient":""},"tablet":{"background-color":"","background-image":"","background-repeat":"repeat","background-position":"center center","background-size":"auto","background-attachment":"scroll","background-type":"","background-media":"","overlay-type":"","overlay-color":"","overlay-opacity":"","overlay-gradient":""},"mobile":{"background-color":"","background-image":"","background-repeat":"repeat","background-position":"center center","background-size":"auto","background-attachment":"scroll","background-type":"","background-media":"","overlay-type":"","overlay-color":"","overlay-opacity":"","overlay-gradient":""}},"ast-content-background-meta":{"desktop":{"background-color":"var(--ast-global-color-5)","background-image":"","background-repeat":"repeat","background-position":"center center","background-size":"auto","background-attachment":"scroll","background-type":"","background-media":"","overlay-type":"","overlay-color":"","overlay-opacity":"","overlay-gradient":""},"tablet":{"background-color":"var(--ast-global-color-5)","background-image":"","background-repeat":"repeat","background-position":"center center","background-size":"auto","background-attachment":"scroll","background-type":"","background-media":"","overlay-type":"","overlay-color":"","overlay-opacity":"","overlay-gradient":""},"mobile":{"background-color":"var(--ast-global-color-5)","background-image":"","background-repeat":"repeat","background-position":"center center","background-size":"auto","background-attachment":"scroll","background-type":"","background-media":"","overlay-type":"","overlay-color":"","overlay-opacity":"","overlay-gradient":""}}},"product_brand":[],"product_cat":[253,65,123],"product_tag":[],"class_list":{"0":"post-30273","1":"product","2":"type-product","3":"status-publish","4":"has-post-thumbnail","6":"product_cat-distractie-si-confort-cu-canapele-modulare","7":"product_cat-noutati-minunate-pentru-puiul-tau","8":"product_cat-mobilier-pentru-casa-sau-gradina-ta","9":"desktop-align-left","10":"tablet-align-left","11":"mobile-align-left","12":"ast-product-gallery-layout-horizontal-slider","13":"ast-product-tabs-layout-vertical","14":"ast-qv-on-image","16":"first","17":"onbackorder","18":"shipping-taxable","19":"purchasable","20":"product-type-simple"},"yoast_head":"<!-- This site is optimized with the Yoast SEO plugin v22.6 - https:\/\/yoast.com\/wordpress\/plugins\/seo\/ -->\n<title>SHAPPY PLAYSET - Sky Blue<\/title>\n<meta name=\"robots\" content=\"index, follow, max-snippet:-1, max-image-preview:large, max-video-preview:-1\" \/>\n<link rel=\"canonical\" href=\"https:\/\/bunnyboo.ro\/produs\/shappy-playset-sky-blue\/\" \/>\n<meta property=\"og:locale\" content=\"en_US\" \/>\n<meta property=\"og:type\" content=\"article\" \/>\n<meta property=\"og:title\" content=\"SHAPPY PLAYSET - Sky Blue\" \/>\n<meta property=\"og:description\" content=\"Acest set de joac\u0103 versatil promoveaz\u0103 dezvoltarea fizic\u0103 \u0219i jocul imaginativ cu designul s\u0103u multifunc\u021bional, inclusiv un tobogan care func\u021bioneaz\u0103 ca o plac\u0103 de echilibru, piese transformabile pentru distrac\u021bie f\u0103r\u0103 sf\u00e2r\u0219it. Fabricat din spum\u0103 de \u00eenalt\u0103 densitate pentru siguran\u021b\u0103 \u0219i stabilitate, este u\u0219or de cur\u0103\u021bat \u0219i perfect pentru copiii activi. Aceast\u0103 pies\u0103 multifunc\u021bional\u0103 sus\u021bine dezvoltarea [&hellip;]\" \/>\n<meta property=\"og:url\" content=\"https:\/\/bunnyboo.ro\/produs\/shappy-playset-sky-blue\/\" \/>\n<meta property=\"og:site_name\" content=\"Bunny Boo\" \/>\n<meta property=\"article:modified_time\" content=\"2025-05-05T17:15:34+00:00\" \/>\n<meta property=\"og:image\" content=\"https:\/\/bunnyboo.ro\/wp-content\/uploads\/2025\/03\/Playset-Sky-Blue-Front_1200x.jpeg\" \/>\n\t<meta property=\"og:image:width\" content=\"1000\" \/>\n\t<meta property=\"og:image:height\" content=\"667\" \/>\n\t<meta property=\"og:image:type\" content=\"image\/jpeg\" \/>\n<meta name=\"twitter:card\" content=\"summary_large_image\" \/>\n<meta name=\"twitter:label1\" content=\"Est. reading time\" \/>\n\t<meta name=\"twitter:data1\" content=\"2 minutes\" \/>\n<script type=\"application\/ld+json\" class=\"yoast-schema-graph\">{\"@context\":\"https:\/\/schema.org\",\"@graph\":[{\"@type\":\"WebPage\",\"@id\":\"https:\/\/bunnyboo.ro\/produs\/shappy-playset-sky-blue\/\",\"url\":\"https:\/\/bunnyboo.ro\/produs\/shappy-playset-sky-blue\/\",\"name\":\"SHAPPY PLAYSET - Sky Blue\",\"isPartOf\":{\"@id\":\"https:\/\/bunnyboo.ro\/#website\"},\"primaryImageOfPage\":{\"@id\":\"https:\/\/bunnyboo.ro\/produs\/shappy-playset-sky-blue\/#primaryimage\"},\"image\":{\"@id\":\"https:\/\/bunnyboo.ro\/produs\/shappy-playset-sky-blue\/#primaryimage\"},\"thumbnailUrl\":\"https:\/\/bunnyboo.ro\/wp-content\/uploads\/2025\/03\/Playset-Sky-Blue-Front_1200x.jpeg\",\"datePublished\":\"2025-03-14T11:01:09+00:00\",\"dateModified\":\"2025-05-05T17:15:34+00:00\",\"breadcrumb\":{\"@id\":\"https:\/\/bunnyboo.ro\/produs\/shappy-playset-sky-blue\/#breadcrumb\"},\"inLanguage\":\"en-US\",\"potentialAction\":[{\"@type\":\"ReadAction\",\"target\":[\"https:\/\/bunnyboo.ro\/produs\/shappy-playset-sky-blue\/\"]}]},{\"@type\":\"ImageObject\",\"inLanguage\":\"en-US\",\"@id\":\"https:\/\/bunnyboo.ro\/produs\/shappy-playset-sky-blue\/#primaryimage\",\"url\":\"https:\/\/bunnyboo.ro\/wp-content\/uploads\/2025\/03\/Playset-Sky-Blue-Front_1200x.jpeg\",\"contentUrl\":\"https:\/\/bunnyboo.ro\/wp-content\/uploads\/2025\/03\/Playset-Sky-Blue-Front_1200x.jpeg\",\"width\":1000,\"height\":667,\"caption\":\"SHAPPY PLAYSET - Sky Blue\"},{\"@type\":\"BreadcrumbList\",\"@id\":\"https:\/\/bunnyboo.ro\/produs\/shappy-playset-sky-blue\/#breadcrumb\",\"itemListElement\":[{\"@type\":\"ListItem\",\"position\":1,\"name\":\"Home\",\"item\":\"https:\/\/bunnyboo.ro\/en\/\"},{\"@type\":\"ListItem\",\"position\":2,\"name\":\"New\",\"item\":\"https:\/\/bunnyboo.ro\/en\/shop\/\"},{\"@type\":\"ListItem\",\"position\":3,\"name\":\"SHAPPY PLAYSET &#8211; Sky Blue\"}]},{\"@type\":\"WebSite\",\"@id\":\"https:\/\/bunnyboo.ro\/#website\",\"url\":\"https:\/\/bunnyboo.ro\/\",\"name\":\"Bunny Boo\",\"description\":\"Bunny Boo\",\"publisher\":{\"@id\":\"https:\/\/bunnyboo.ro\/#organization\"},\"potentialAction\":[{\"@type\":\"SearchAction\",\"target\":{\"@type\":\"EntryPoint\",\"urlTemplate\":\"https:\/\/bunnyboo.ro\/?s={search_term_string}\"},\"query-input\":\"required name=search_term_string\"}],\"inLanguage\":\"en-US\"},{\"@type\":\"Organization\",\"@id\":\"https:\/\/bunnyboo.ro\/#organization\",\"name\":\"Bunny Boo\",\"url\":\"https:\/\/bunnyboo.ro\/\",\"logo\":{\"@type\":\"ImageObject\",\"inLanguage\":\"en-US\",\"@id\":\"https:\/\/bunnyboo.ro\/#\/schema\/logo\/image\/\",\"url\":\"https:\/\/bunnyboo.ro\/wp-content\/uploads\/2024\/03\/Logo-website-black.png\",\"contentUrl\":\"https:\/\/bunnyboo.ro\/wp-content\/uploads\/2024\/03\/Logo-website-black.png\",\"width\":2422,\"height\":946,\"caption\":\"Bunny Boo\"},\"image\":{\"@id\":\"https:\/\/bunnyboo.ro\/#\/schema\/logo\/image\/\"}}]}<\/script>\n<!-- \/ Yoast SEO plugin. -->","yoast_head_json":{"title":"SHAPPY PLAYSET - Sky Blue","robots":{"index":"index","follow":"follow","max-snippet":"max-snippet:-1","max-image-preview":"max-image-preview:large","max-video-preview":"max-video-preview:-1"},"canonical":"https:\/\/bunnyboo.ro\/produs\/shappy-playset-sky-blue\/","og_locale":"en_US","og_type":"article","og_title":"SHAPPY PLAYSET - Sky Blue","og_description":"Acest set de joac\u0103 versatil promoveaz\u0103 dezvoltarea fizic\u0103 \u0219i jocul imaginativ cu designul s\u0103u multifunc\u021bional, inclusiv un tobogan care func\u021bioneaz\u0103 ca o plac\u0103 de echilibru, piese transformabile pentru distrac\u021bie f\u0103r\u0103 sf\u00e2r\u0219it. Fabricat din spum\u0103 de \u00eenalt\u0103 densitate pentru siguran\u021b\u0103 \u0219i stabilitate, este u\u0219or de cur\u0103\u021bat \u0219i perfect pentru copiii activi. Aceast\u0103 pies\u0103 multifunc\u021bional\u0103 sus\u021bine dezvoltarea [&hellip;]","og_url":"https:\/\/bunnyboo.ro\/produs\/shappy-playset-sky-blue\/","og_site_name":"Bunny Boo","article_modified_time":"2025-05-05T17:15:34+00:00","og_image":[{"width":1000,"height":667,"url":"https:\/\/bunnyboo.ro\/wp-content\/uploads\/2025\/03\/Playset-Sky-Blue-Front_1200x.jpeg","type":"image\/jpeg"}],"twitter_card":"summary_large_image","twitter_misc":{"Est. reading time":"2 minutes"},"schema":{"@context":"https:\/\/schema.org","@graph":[{"@type":"WebPage","@id":"https:\/\/bunnyboo.ro\/produs\/shappy-playset-sky-blue\/","url":"https:\/\/bunnyboo.ro\/produs\/shappy-playset-sky-blue\/","name":"SHAPPY PLAYSET - Sky Blue","isPartOf":{"@id":"https:\/\/bunnyboo.ro\/#website"},"primaryImageOfPage":{"@id":"https:\/\/bunnyboo.ro\/produs\/shappy-playset-sky-blue\/#primaryimage"},"image":{"@id":"https:\/\/bunnyboo.ro\/produs\/shappy-playset-sky-blue\/#primaryimage"},"thumbnailUrl":"https:\/\/bunnyboo.ro\/wp-content\/uploads\/2025\/03\/Playset-Sky-Blue-Front_1200x.jpeg","datePublished":"2025-03-14T11:01:09+00:00","dateModified":"2025-05-05T17:15:34+00:00","breadcrumb":{"@id":"https:\/\/bunnyboo.ro\/produs\/shappy-playset-sky-blue\/#breadcrumb"},"inLanguage":"en-US","potentialAction":[{"@type":"ReadAction","target":["https:\/\/bunnyboo.ro\/produs\/shappy-playset-sky-blue\/"]}]},{"@type":"ImageObject","inLanguage":"en-US","@id":"https:\/\/bunnyboo.ro\/produs\/shappy-playset-sky-blue\/#primaryimage","url":"https:\/\/bunnyboo.ro\/wp-content\/uploads\/2025\/03\/Playset-Sky-Blue-Front_1200x.jpeg","contentUrl":"https:\/\/bunnyboo.ro\/wp-content\/uploads\/2025\/03\/Playset-Sky-Blue-Front_1200x.jpeg","width":1000,"height":667,"caption":"SHAPPY PLAYSET - Sky Blue"},{"@type":"BreadcrumbList","@id":"https:\/\/bunnyboo.ro\/produs\/shappy-playset-sky-blue\/#breadcrumb","itemListElement":[{"@type":"ListItem","position":1,"name":"Home","item":"https:\/\/bunnyboo.ro\/en\/"},{"@type":"ListItem","position":2,"name":"New","item":"https:\/\/bunnyboo.ro\/en\/shop\/"},{"@type":"ListItem","position":3,"name":"SHAPPY PLAYSET &#8211; Sky Blue"}]},{"@type":"WebSite","@id":"https:\/\/bunnyboo.ro\/#website","url":"https:\/\/bunnyboo.ro\/","name":"Bunny Boo","description":"Bunny Boo","publisher":{"@id":"https:\/\/bunnyboo.ro\/#organization"},"potentialAction":[{"@type":"SearchAction","target":{"@type":"EntryPoint","urlTemplate":"https:\/\/bunnyboo.ro\/?s={search_term_string}"},"query-input":"required name=search_term_string"}],"inLanguage":"en-US"},{"@type":"Organization","@id":"https:\/\/bunnyboo.ro\/#organization","name":"Bunny Boo","url":"https:\/\/bunnyboo.ro\/","logo":{"@type":"ImageObject","inLanguage":"en-US","@id":"https:\/\/bunnyboo.ro\/#\/schema\/logo\/image\/","url":"https:\/\/bunnyboo.ro\/wp-content\/uploads\/2024\/03\/Logo-website-black.png","contentUrl":"https:\/\/bunnyboo.ro\/wp-content\/uploads\/2024\/03\/Logo-website-black.png","width":2422,"height":946,"caption":"Bunny Boo"},"image":{"@id":"https:\/\/bunnyboo.ro\/#\/schema\/logo\/image\/"}}]}},"_links":{"self":[{"href":"https:\/\/bunnyboo.ro\/en\/wp-json\/wp\/v2\/product\/30273","targetHints":{"allow":["GET"]}}],"collection":[{"href":"https:\/\/bunnyboo.ro\/en\/wp-json\/wp\/v2\/product"}],"about":[{"href":"https:\/\/bunnyboo.ro\/en\/wp-json\/wp\/v2\/types\/product"}],"replies":[{"embeddable":true,"href":"https:\/\/bunnyboo.ro\/en\/wp-json\/wp\/v2\/comments?post=30273"}],"wp:featuredmedia":[{"embeddable":true,"href":"https:\/\/bunnyboo.ro\/en\/wp-json\/wp\/v2\/media\/30274"}],"wp:attachment":[{"href":"https:\/\/bunnyboo.ro\/en\/wp-json\/wp\/v2\/media?parent=30273"}],"wp:term":[{"taxonomy":"product_brand","embeddable":true,"href":"https:\/\/bunnyboo.ro\/en\/wp-json\/wp\/v2\/product_brand?post=30273"},{"taxonomy":"product_cat","embeddable":true,"href":"https:\/\/bunnyboo.ro\/en\/wp-json\/wp\/v2\/product_cat?post=30273"},{"taxonomy":"product_tag","embeddable":true,"href":"https:\/\/bunnyboo.ro\/en\/wp-json\/wp\/v2\/product_tag?post=30273"}],"curies":[{"name":"wp","href":"https:\/\/api.w.org\/{rel}","templated":true}]}}