{"id":30183,"date":"2025-03-12T10:16:52","date_gmt":"2025-03-12T08:16:52","guid":{"rendered":"https:\/\/bunnyboo.ro\/?post_type=product&#038;p=30183"},"modified":"2025-11-12T13:27:56","modified_gmt":"2025-11-12T11:27:56","slug":"casca-de-protectie-pentru-copii-banwood-ivory","status":"publish","type":"product","link":"https:\/\/bunnyboo.ro\/en\/produs\/casca-de-protectie-pentru-copii-banwood-ivory\/","title":{"rendered":"Casc\u0103 de protec\u021bie pentru copii BANWOOD &#8211; IVORY"},"content":{"rendered":"<p>C\u0103\u0219tile de protectie pentru copii Banwood, concepute cu un finisaj mat, sunt ideale pentru cei mici, pentru a se p\u0103stra \u00een siguran\u021b\u0103 atunci c\u00e2nd se al\u0103tur\u0103 la plimbare. Aceast\u0103 casc\u0103 pentru copii are o carcas\u0103 exterioar\u0103 durabil\u0103 din ABS pentru protec\u021bie maxim\u0103 \u0219i c\u0103ptu\u0219it\u0103 cu o spum\u0103 interioar\u0103 moale.<\/p>\n<p>C\u0103\u0219tile noastre pentru copii sunt disponibile \u00eentr-o singur\u0103 m\u0103rime \u0219i au un sistem de reglare cu cadran \u00een spate \u0219i au barbie reglabil\u0103, care asigur\u0103 o potrivire exact\u0103 a c\u0103\u0219tii, pentru confort maxim \u0219i potrivire sigur\u0103.<\/p>\n<p>Detalii produs:<\/p>\n<p>Carcas\u0103 durabil\u0103 din ABS.<\/p>\n<p>Captuseala interioara de protectie din spuma.<\/p>\n<p>Sistem de reglare cu cadran pentru potrivire confortabil\u0103.<\/p>\n<p>Greutate: 360-380g<\/p>\n<p>50-54 cm.<\/p>\n<p>Barbie reglabil\u0103.<\/p>\n<p>Ventilatie fata, sus si spate.<\/p>\n<p>Logo Banwood imprimat pe fa\u021b\u0103.<\/p>\n<p>Marcat CE pentru conformitate \u0219i siguran\u021b\u0103.<\/p>\n","protected":false},"excerpt":{"rendered":"<p>C\u0103\u0219tile de protectie pentru copii Banwood, concepute cu un finisaj mat, sunt ideale pentru cei mici, pentru a se p\u0103stra \u00een siguran\u021b\u0103 atunci c\u00e2nd se al\u0103tur\u0103 la plimbare. Aceast\u0103 casc\u0103 pentru copii are o carcas\u0103 exterioar\u0103 durabil\u0103 din ABS pentru protec\u021bie maxim\u0103 \u0219i c\u0103ptu\u0219it\u0103 cu o spum\u0103 interioar\u0103 moale. C\u0103\u0219tile noastre pentru copii sunt disponibile [&hellip;]<\/p>\n","protected":false},"featured_media":30184,"comment_status":"open","ping_status":"closed","template":"","meta":{"site-sidebar-layout":"default","site-content-layout":"","ast-site-content-layout":"default","site-content-style":"default","site-sidebar-style":"default","ast-global-header-display":"","ast-banner-title-visibility":"","ast-main-header-display":"","ast-hfb-above-header-display":"","ast-hfb-below-header-display":"","ast-hfb-mobile-header-display":"","site-post-title":"","ast-breadcrumbs-content":"","ast-featured-img":"","footer-sml-layout":"","theme-transparent-header-meta":"default","adv-header-id-meta":"","stick-header-meta":"default","header-above-stick-meta":"","header-main-stick-meta":"","header-below-stick-meta":"","astra-migrate-meta-layouts":"set","ast-page-background-enabled":"default","ast-page-background-meta":{"desktop":{"background-color":"","background-image":"","background-repeat":"repeat","background-position":"center center","background-size":"auto","background-attachment":"scroll","background-type":"","background-media":"","overlay-type":"","overlay-color":"","overlay-opacity":"","overlay-gradient":""},"tablet":{"background-color":"","background-image":"","background-repeat":"repeat","background-position":"center center","background-size":"auto","background-attachment":"scroll","background-type":"","background-media":"","overlay-type":"","overlay-color":"","overlay-opacity":"","overlay-gradient":""},"mobile":{"background-color":"","background-image":"","background-repeat":"repeat","background-position":"center center","background-size":"auto","background-attachment":"scroll","background-type":"","background-media":"","overlay-type":"","overlay-color":"","overlay-opacity":"","overlay-gradient":""}},"ast-content-background-meta":{"desktop":{"background-color":"var(--ast-global-color-5)","background-image":"","background-repeat":"repeat","background-position":"center center","background-size":"auto","background-attachment":"scroll","background-type":"","background-media":"","overlay-type":"","overlay-color":"","overlay-opacity":"","overlay-gradient":""},"tablet":{"background-color":"var(--ast-global-color-5)","background-image":"","background-repeat":"repeat","background-position":"center center","background-size":"auto","background-attachment":"scroll","background-type":"","background-media":"","overlay-type":"","overlay-color":"","overlay-opacity":"","overlay-gradient":""},"mobile":{"background-color":"var(--ast-global-color-5)","background-image":"","background-repeat":"repeat","background-position":"center center","background-size":"auto","background-attachment":"scroll","background-type":"","background-media":"","overlay-type":"","overlay-color":"","overlay-opacity":"","overlay-gradient":""}}},"product_brand":[],"product_cat":[94,100,132],"product_tag":[],"class_list":{"0":"post-30183","1":"product","2":"type-product","3":"status-publish","4":"has-post-thumbnail","6":"product_cat-distractie-in-natura","7":"product_cat-trotinete-pentru-distractie-garantata","8":"product_cat-reduceri-pentru-tine","9":"desktop-align-left","10":"tablet-align-left","11":"mobile-align-left","12":"ast-product-gallery-layout-horizontal-slider","13":"ast-product-tabs-layout-vertical","14":"ast-qv-on-image","16":"first","17":"instock","18":"sale","19":"shipping-taxable","20":"purchasable","21":"product-type-simple"},"yoast_head":"<!-- This site is optimized with the Yoast SEO plugin v22.6 - https:\/\/yoast.com\/wordpress\/plugins\/seo\/ -->\n<title>Casc\u0103 de protec\u021bie pentru copii BANWOOD - IVORY<\/title>\n<meta name=\"robots\" content=\"index, follow, max-snippet:-1, max-image-preview:large, max-video-preview:-1\" \/>\n<link rel=\"canonical\" href=\"https:\/\/bunnyboo.ro\/produs\/casca-de-protectie-pentru-copii-banwood-ivory\/\" \/>\n<meta property=\"og:locale\" content=\"en_US\" \/>\n<meta property=\"og:type\" content=\"article\" \/>\n<meta property=\"og:title\" content=\"Casc\u0103 de protec\u021bie pentru copii BANWOOD - IVORY\" \/>\n<meta property=\"og:description\" content=\"C\u0103\u0219tile de protectie pentru copii Banwood, concepute cu un finisaj mat, sunt ideale pentru cei mici, pentru a se p\u0103stra \u00een siguran\u021b\u0103 atunci c\u00e2nd se al\u0103tur\u0103 la plimbare. Aceast\u0103 casc\u0103 pentru copii are o carcas\u0103 exterioar\u0103 durabil\u0103 din ABS pentru protec\u021bie maxim\u0103 \u0219i c\u0103ptu\u0219it\u0103 cu o spum\u0103 interioar\u0103 moale. C\u0103\u0219tile noastre pentru copii sunt disponibile [&hellip;]\" \/>\n<meta property=\"og:url\" content=\"https:\/\/bunnyboo.ro\/produs\/casca-de-protectie-pentru-copii-banwood-ivory\/\" \/>\n<meta property=\"og:site_name\" content=\"Bunny Boo\" \/>\n<meta property=\"article:modified_time\" content=\"2025-11-12T11:27:56+00:00\" \/>\n<meta property=\"og:image\" content=\"https:\/\/bunnyboo.ro\/wp-content\/uploads\/2025\/03\/BW-HELMET-IVORY-01.jpeg\" \/>\n\t<meta property=\"og:image:width\" content=\"1500\" \/>\n\t<meta property=\"og:image:height\" content=\"1500\" \/>\n\t<meta property=\"og:image:type\" content=\"image\/jpeg\" \/>\n<meta name=\"twitter:card\" content=\"summary_large_image\" \/>\n<meta name=\"twitter:label1\" content=\"Est. reading time\" \/>\n\t<meta name=\"twitter:data1\" content=\"1 minute\" \/>\n<script type=\"application\/ld+json\" class=\"yoast-schema-graph\">{\"@context\":\"https:\/\/schema.org\",\"@graph\":[{\"@type\":\"WebPage\",\"@id\":\"https:\/\/bunnyboo.ro\/produs\/casca-de-protectie-pentru-copii-banwood-ivory\/\",\"url\":\"https:\/\/bunnyboo.ro\/produs\/casca-de-protectie-pentru-copii-banwood-ivory\/\",\"name\":\"Casc\u0103 de protec\u021bie pentru copii BANWOOD - IVORY\",\"isPartOf\":{\"@id\":\"https:\/\/bunnyboo.ro\/#website\"},\"primaryImageOfPage\":{\"@id\":\"https:\/\/bunnyboo.ro\/produs\/casca-de-protectie-pentru-copii-banwood-ivory\/#primaryimage\"},\"image\":{\"@id\":\"https:\/\/bunnyboo.ro\/produs\/casca-de-protectie-pentru-copii-banwood-ivory\/#primaryimage\"},\"thumbnailUrl\":\"https:\/\/bunnyboo.ro\/wp-content\/uploads\/2025\/03\/BW-HELMET-IVORY-01.jpeg\",\"datePublished\":\"2025-03-12T08:16:52+00:00\",\"dateModified\":\"2025-11-12T11:27:56+00:00\",\"breadcrumb\":{\"@id\":\"https:\/\/bunnyboo.ro\/produs\/casca-de-protectie-pentru-copii-banwood-ivory\/#breadcrumb\"},\"inLanguage\":\"en-US\",\"potentialAction\":[{\"@type\":\"ReadAction\",\"target\":[\"https:\/\/bunnyboo.ro\/produs\/casca-de-protectie-pentru-copii-banwood-ivory\/\"]}]},{\"@type\":\"ImageObject\",\"inLanguage\":\"en-US\",\"@id\":\"https:\/\/bunnyboo.ro\/produs\/casca-de-protectie-pentru-copii-banwood-ivory\/#primaryimage\",\"url\":\"https:\/\/bunnyboo.ro\/wp-content\/uploads\/2025\/03\/BW-HELMET-IVORY-01.jpeg\",\"contentUrl\":\"https:\/\/bunnyboo.ro\/wp-content\/uploads\/2025\/03\/BW-HELMET-IVORY-01.jpeg\",\"width\":1500,\"height\":1500},{\"@type\":\"BreadcrumbList\",\"@id\":\"https:\/\/bunnyboo.ro\/produs\/casca-de-protectie-pentru-copii-banwood-ivory\/#breadcrumb\",\"itemListElement\":[{\"@type\":\"ListItem\",\"position\":1,\"name\":\"Home\",\"item\":\"https:\/\/bunnyboo.ro\/en\/\"},{\"@type\":\"ListItem\",\"position\":2,\"name\":\"New\",\"item\":\"https:\/\/bunnyboo.ro\/en\/shop\/\"},{\"@type\":\"ListItem\",\"position\":3,\"name\":\"Casc\u0103 de protec\u021bie pentru copii BANWOOD &#8211; IVORY\"}]},{\"@type\":\"WebSite\",\"@id\":\"https:\/\/bunnyboo.ro\/#website\",\"url\":\"https:\/\/bunnyboo.ro\/\",\"name\":\"Bunny Boo\",\"description\":\"Bunny Boo\",\"publisher\":{\"@id\":\"https:\/\/bunnyboo.ro\/#organization\"},\"potentialAction\":[{\"@type\":\"SearchAction\",\"target\":{\"@type\":\"EntryPoint\",\"urlTemplate\":\"https:\/\/bunnyboo.ro\/?s={search_term_string}\"},\"query-input\":\"required name=search_term_string\"}],\"inLanguage\":\"en-US\"},{\"@type\":\"Organization\",\"@id\":\"https:\/\/bunnyboo.ro\/#organization\",\"name\":\"Bunny Boo\",\"url\":\"https:\/\/bunnyboo.ro\/\",\"logo\":{\"@type\":\"ImageObject\",\"inLanguage\":\"en-US\",\"@id\":\"https:\/\/bunnyboo.ro\/#\/schema\/logo\/image\/\",\"url\":\"https:\/\/bunnyboo.ro\/wp-content\/uploads\/2024\/03\/Logo-website-black.png\",\"contentUrl\":\"https:\/\/bunnyboo.ro\/wp-content\/uploads\/2024\/03\/Logo-website-black.png\",\"width\":2422,\"height\":946,\"caption\":\"Bunny Boo\"},\"image\":{\"@id\":\"https:\/\/bunnyboo.ro\/#\/schema\/logo\/image\/\"}}]}<\/script>\n<!-- \/ Yoast SEO plugin. -->","yoast_head_json":{"title":"Casc\u0103 de protec\u021bie pentru copii BANWOOD - IVORY","robots":{"index":"index","follow":"follow","max-snippet":"max-snippet:-1","max-image-preview":"max-image-preview:large","max-video-preview":"max-video-preview:-1"},"canonical":"https:\/\/bunnyboo.ro\/produs\/casca-de-protectie-pentru-copii-banwood-ivory\/","og_locale":"en_US","og_type":"article","og_title":"Casc\u0103 de protec\u021bie pentru copii BANWOOD - IVORY","og_description":"C\u0103\u0219tile de protectie pentru copii Banwood, concepute cu un finisaj mat, sunt ideale pentru cei mici, pentru a se p\u0103stra \u00een siguran\u021b\u0103 atunci c\u00e2nd se al\u0103tur\u0103 la plimbare. Aceast\u0103 casc\u0103 pentru copii are o carcas\u0103 exterioar\u0103 durabil\u0103 din ABS pentru protec\u021bie maxim\u0103 \u0219i c\u0103ptu\u0219it\u0103 cu o spum\u0103 interioar\u0103 moale. C\u0103\u0219tile noastre pentru copii sunt disponibile [&hellip;]","og_url":"https:\/\/bunnyboo.ro\/produs\/casca-de-protectie-pentru-copii-banwood-ivory\/","og_site_name":"Bunny Boo","article_modified_time":"2025-11-12T11:27:56+00:00","og_image":[{"width":1500,"height":1500,"url":"https:\/\/bunnyboo.ro\/wp-content\/uploads\/2025\/03\/BW-HELMET-IVORY-01.jpeg","type":"image\/jpeg"}],"twitter_card":"summary_large_image","twitter_misc":{"Est. reading time":"1 minute"},"schema":{"@context":"https:\/\/schema.org","@graph":[{"@type":"WebPage","@id":"https:\/\/bunnyboo.ro\/produs\/casca-de-protectie-pentru-copii-banwood-ivory\/","url":"https:\/\/bunnyboo.ro\/produs\/casca-de-protectie-pentru-copii-banwood-ivory\/","name":"Casc\u0103 de protec\u021bie pentru copii BANWOOD - IVORY","isPartOf":{"@id":"https:\/\/bunnyboo.ro\/#website"},"primaryImageOfPage":{"@id":"https:\/\/bunnyboo.ro\/produs\/casca-de-protectie-pentru-copii-banwood-ivory\/#primaryimage"},"image":{"@id":"https:\/\/bunnyboo.ro\/produs\/casca-de-protectie-pentru-copii-banwood-ivory\/#primaryimage"},"thumbnailUrl":"https:\/\/bunnyboo.ro\/wp-content\/uploads\/2025\/03\/BW-HELMET-IVORY-01.jpeg","datePublished":"2025-03-12T08:16:52+00:00","dateModified":"2025-11-12T11:27:56+00:00","breadcrumb":{"@id":"https:\/\/bunnyboo.ro\/produs\/casca-de-protectie-pentru-copii-banwood-ivory\/#breadcrumb"},"inLanguage":"en-US","potentialAction":[{"@type":"ReadAction","target":["https:\/\/bunnyboo.ro\/produs\/casca-de-protectie-pentru-copii-banwood-ivory\/"]}]},{"@type":"ImageObject","inLanguage":"en-US","@id":"https:\/\/bunnyboo.ro\/produs\/casca-de-protectie-pentru-copii-banwood-ivory\/#primaryimage","url":"https:\/\/bunnyboo.ro\/wp-content\/uploads\/2025\/03\/BW-HELMET-IVORY-01.jpeg","contentUrl":"https:\/\/bunnyboo.ro\/wp-content\/uploads\/2025\/03\/BW-HELMET-IVORY-01.jpeg","width":1500,"height":1500},{"@type":"BreadcrumbList","@id":"https:\/\/bunnyboo.ro\/produs\/casca-de-protectie-pentru-copii-banwood-ivory\/#breadcrumb","itemListElement":[{"@type":"ListItem","position":1,"name":"Home","item":"https:\/\/bunnyboo.ro\/en\/"},{"@type":"ListItem","position":2,"name":"New","item":"https:\/\/bunnyboo.ro\/en\/shop\/"},{"@type":"ListItem","position":3,"name":"Casc\u0103 de protec\u021bie pentru copii BANWOOD &#8211; IVORY"}]},{"@type":"WebSite","@id":"https:\/\/bunnyboo.ro\/#website","url":"https:\/\/bunnyboo.ro\/","name":"Bunny Boo","description":"Bunny Boo","publisher":{"@id":"https:\/\/bunnyboo.ro\/#organization"},"potentialAction":[{"@type":"SearchAction","target":{"@type":"EntryPoint","urlTemplate":"https:\/\/bunnyboo.ro\/?s={search_term_string}"},"query-input":"required name=search_term_string"}],"inLanguage":"en-US"},{"@type":"Organization","@id":"https:\/\/bunnyboo.ro\/#organization","name":"Bunny Boo","url":"https:\/\/bunnyboo.ro\/","logo":{"@type":"ImageObject","inLanguage":"en-US","@id":"https:\/\/bunnyboo.ro\/#\/schema\/logo\/image\/","url":"https:\/\/bunnyboo.ro\/wp-content\/uploads\/2024\/03\/Logo-website-black.png","contentUrl":"https:\/\/bunnyboo.ro\/wp-content\/uploads\/2024\/03\/Logo-website-black.png","width":2422,"height":946,"caption":"Bunny Boo"},"image":{"@id":"https:\/\/bunnyboo.ro\/#\/schema\/logo\/image\/"}}]}},"_links":{"self":[{"href":"https:\/\/bunnyboo.ro\/en\/wp-json\/wp\/v2\/product\/30183","targetHints":{"allow":["GET"]}}],"collection":[{"href":"https:\/\/bunnyboo.ro\/en\/wp-json\/wp\/v2\/product"}],"about":[{"href":"https:\/\/bunnyboo.ro\/en\/wp-json\/wp\/v2\/types\/product"}],"replies":[{"embeddable":true,"href":"https:\/\/bunnyboo.ro\/en\/wp-json\/wp\/v2\/comments?post=30183"}],"wp:featuredmedia":[{"embeddable":true,"href":"https:\/\/bunnyboo.ro\/en\/wp-json\/wp\/v2\/media\/30184"}],"wp:attachment":[{"href":"https:\/\/bunnyboo.ro\/en\/wp-json\/wp\/v2\/media?parent=30183"}],"wp:term":[{"taxonomy":"product_brand","embeddable":true,"href":"https:\/\/bunnyboo.ro\/en\/wp-json\/wp\/v2\/product_brand?post=30183"},{"taxonomy":"product_cat","embeddable":true,"href":"https:\/\/bunnyboo.ro\/en\/wp-json\/wp\/v2\/product_cat?post=30183"},{"taxonomy":"product_tag","embeddable":true,"href":"https:\/\/bunnyboo.ro\/en\/wp-json\/wp\/v2\/product_tag?post=30183"}],"curies":[{"name":"wp","href":"https:\/\/api.w.org\/{rel}","templated":true}]}}