{"id":29331,"date":"2024-11-05T13:58:55","date_gmt":"2024-11-05T11:58:55","guid":{"rendered":"https:\/\/bunnyboo.ro\/?post_type=product&#038;p=29331"},"modified":"2026-03-05T12:02:03","modified_gmt":"2026-03-05T10:02:03","slug":"saltea-de-joaca-cu-activitati-fairy-garden","status":"publish","type":"product","link":"https:\/\/bunnyboo.ro\/en\/produs\/saltea-de-joaca-cu-activitati-fairy-garden\/","title":{"rendered":"Saltea de joaca cu activitati &#8211; Fairy Garden"},"content":{"rendered":"<p>At\u00e2t de multe de v\u0103zut, de atins \u0219i de auzit! Fiecare zi este o aventur\u0103 cu aceasta saltea de joac\u0103 \u00een form\u0103 de floare. Redat\u0103 \u00eentr-o nuan\u021b\u0103 de roz soft, are dou\u0103 arcade din catifea cu cinci juc\u0103rii moi diferite din colec\u021bia Fairy Garden. Cerbul mic, pas\u0103rea, floarea, ciuperca \u0219i capsuna vor ajuta la dezvoltarea abilit\u0103\u021bilor senzoriale \u0219i a coordon\u0103rii m\u00e2n\u0103-ochi.<\/p>\n<p>Varsta minima recomandata 0+ luni<\/p>\n<p>Producator:<span style=\"font-family: Comfortaa, cursive;\">\u00a0<\/span>Little Dutch<\/p>\n","protected":false},"excerpt":{"rendered":"<p>At\u00e2t de multe de v\u0103zut, de atins \u0219i de auzit! Fiecare zi este o aventur\u0103 cu aceasta saltea de joac\u0103 \u00een form\u0103 de floare. Redat\u0103 \u00eentr-o nuan\u021b\u0103 de roz soft, are dou\u0103 arcade din catifea cu cinci juc\u0103rii moi diferite din colec\u021bia Fairy Garden. Cerbul mic, pas\u0103rea, floarea, ciuperca \u0219i capsuna vor ajuta la dezvoltarea [&hellip;]<\/p>\n","protected":false},"featured_media":29404,"comment_status":"open","ping_status":"closed","template":"","meta":{"site-sidebar-layout":"default","site-content-layout":"","ast-site-content-layout":"default","site-content-style":"default","site-sidebar-style":"default","ast-global-header-display":"","ast-banner-title-visibility":"","ast-main-header-display":"","ast-hfb-above-header-display":"","ast-hfb-below-header-display":"","ast-hfb-mobile-header-display":"","site-post-title":"","ast-breadcrumbs-content":"","ast-featured-img":"","footer-sml-layout":"","theme-transparent-header-meta":"default","adv-header-id-meta":"","stick-header-meta":"default","header-above-stick-meta":"","header-main-stick-meta":"","header-below-stick-meta":"","astra-migrate-meta-layouts":"set","ast-page-background-enabled":"default","ast-page-background-meta":{"desktop":{"background-color":"","background-image":"","background-repeat":"repeat","background-position":"center center","background-size":"auto","background-attachment":"scroll","background-type":"","background-media":"","overlay-type":"","overlay-color":"","overlay-opacity":"","overlay-gradient":""},"tablet":{"background-color":"","background-image":"","background-repeat":"repeat","background-position":"center center","background-size":"auto","background-attachment":"scroll","background-type":"","background-media":"","overlay-type":"","overlay-color":"","overlay-opacity":"","overlay-gradient":""},"mobile":{"background-color":"","background-image":"","background-repeat":"repeat","background-position":"center center","background-size":"auto","background-attachment":"scroll","background-type":"","background-media":"","overlay-type":"","overlay-color":"","overlay-opacity":"","overlay-gradient":""}},"ast-content-background-meta":{"desktop":{"background-color":"var(--ast-global-color-5)","background-image":"","background-repeat":"repeat","background-position":"center center","background-size":"auto","background-attachment":"scroll","background-type":"","background-media":"","overlay-type":"","overlay-color":"","overlay-opacity":"","overlay-gradient":""},"tablet":{"background-color":"var(--ast-global-color-5)","background-image":"","background-repeat":"repeat","background-position":"center center","background-size":"auto","background-attachment":"scroll","background-type":"","background-media":"","overlay-type":"","overlay-color":"","overlay-opacity":"","overlay-gradient":""},"mobile":{"background-color":"var(--ast-global-color-5)","background-image":"","background-repeat":"repeat","background-position":"center center","background-size":"auto","background-attachment":"scroll","background-type":"","background-media":"","overlay-type":"","overlay-color":"","overlay-opacity":"","overlay-gradient":""}}},"product_brand":[],"product_cat":[51,65,114],"product_tag":[],"class_list":{"0":"post-29331","1":"product","2":"type-product","3":"status-publish","4":"has-post-thumbnail","6":"product_cat-jucarii-pentru-puiul-tau-mic","7":"product_cat-noutati-minunate-pentru-puiul-tau","8":"product_cat-saltea-de-joaca-moale-pentru-bebe","9":"desktop-align-left","10":"tablet-align-left","11":"mobile-align-left","12":"ast-product-gallery-layout-horizontal-slider","13":"ast-product-tabs-layout-vertical","14":"ast-qv-on-image","16":"first","17":"instock","18":"shipping-taxable","19":"purchasable","20":"product-type-simple"},"yoast_head":"<!-- This site is optimized with the Yoast SEO plugin v22.6 - https:\/\/yoast.com\/wordpress\/plugins\/seo\/ -->\n<title>Saltea de joaca cu activitati - Fairy Garden<\/title>\n<meta name=\"robots\" content=\"index, follow, max-snippet:-1, max-image-preview:large, max-video-preview:-1\" \/>\n<link rel=\"canonical\" href=\"https:\/\/bunnyboo.ro\/produs\/saltea-de-joaca-cu-activitati-fairy-garden\/\" \/>\n<meta property=\"og:locale\" content=\"en_US\" \/>\n<meta property=\"og:type\" content=\"article\" \/>\n<meta property=\"og:title\" content=\"Saltea de joaca cu activitati - Fairy Garden\" \/>\n<meta property=\"og:description\" content=\"At\u00e2t de multe de v\u0103zut, de atins \u0219i de auzit! Fiecare zi este o aventur\u0103 cu aceasta saltea de joac\u0103 \u00een form\u0103 de floare. Redat\u0103 \u00eentr-o nuan\u021b\u0103 de roz soft, are dou\u0103 arcade din catifea cu cinci juc\u0103rii moi diferite din colec\u021bia Fairy Garden. Cerbul mic, pas\u0103rea, floarea, ciuperca \u0219i capsuna vor ajuta la dezvoltarea [&hellip;]\" \/>\n<meta property=\"og:url\" content=\"https:\/\/bunnyboo.ro\/produs\/saltea-de-joaca-cu-activitati-fairy-garden\/\" \/>\n<meta property=\"og:site_name\" content=\"Bunny Boo\" \/>\n<meta property=\"article:modified_time\" content=\"2026-03-05T10:02:03+00:00\" \/>\n<meta property=\"og:image\" content=\"https:\/\/bunnyboo.ro\/wp-content\/uploads\/2024\/11\/LD9017-Product-Activity-play-mat-Fairy-Garden-1-scaled.jpeg\" \/>\n\t<meta property=\"og:image:width\" content=\"2560\" \/>\n\t<meta property=\"og:image:height\" content=\"2560\" \/>\n\t<meta property=\"og:image:type\" content=\"image\/jpeg\" \/>\n<meta name=\"twitter:card\" content=\"summary_large_image\" \/>\n<script type=\"application\/ld+json\" class=\"yoast-schema-graph\">{\"@context\":\"https:\/\/schema.org\",\"@graph\":[{\"@type\":\"WebPage\",\"@id\":\"https:\/\/bunnyboo.ro\/produs\/saltea-de-joaca-cu-activitati-fairy-garden\/\",\"url\":\"https:\/\/bunnyboo.ro\/produs\/saltea-de-joaca-cu-activitati-fairy-garden\/\",\"name\":\"Saltea de joaca cu activitati - Fairy Garden\",\"isPartOf\":{\"@id\":\"https:\/\/bunnyboo.ro\/#website\"},\"primaryImageOfPage\":{\"@id\":\"https:\/\/bunnyboo.ro\/produs\/saltea-de-joaca-cu-activitati-fairy-garden\/#primaryimage\"},\"image\":{\"@id\":\"https:\/\/bunnyboo.ro\/produs\/saltea-de-joaca-cu-activitati-fairy-garden\/#primaryimage\"},\"thumbnailUrl\":\"https:\/\/bunnyboo.ro\/wp-content\/uploads\/2024\/11\/LD9017-Product-Activity-play-mat-Fairy-Garden-1-scaled.jpeg\",\"datePublished\":\"2024-11-05T11:58:55+00:00\",\"dateModified\":\"2026-03-05T10:02:03+00:00\",\"breadcrumb\":{\"@id\":\"https:\/\/bunnyboo.ro\/produs\/saltea-de-joaca-cu-activitati-fairy-garden\/#breadcrumb\"},\"inLanguage\":\"en-US\",\"potentialAction\":[{\"@type\":\"ReadAction\",\"target\":[\"https:\/\/bunnyboo.ro\/produs\/saltea-de-joaca-cu-activitati-fairy-garden\/\"]}]},{\"@type\":\"ImageObject\",\"inLanguage\":\"en-US\",\"@id\":\"https:\/\/bunnyboo.ro\/produs\/saltea-de-joaca-cu-activitati-fairy-garden\/#primaryimage\",\"url\":\"https:\/\/bunnyboo.ro\/wp-content\/uploads\/2024\/11\/LD9017-Product-Activity-play-mat-Fairy-Garden-1-scaled.jpeg\",\"contentUrl\":\"https:\/\/bunnyboo.ro\/wp-content\/uploads\/2024\/11\/LD9017-Product-Activity-play-mat-Fairy-Garden-1-scaled.jpeg\",\"width\":2560,\"height\":2560},{\"@type\":\"BreadcrumbList\",\"@id\":\"https:\/\/bunnyboo.ro\/produs\/saltea-de-joaca-cu-activitati-fairy-garden\/#breadcrumb\",\"itemListElement\":[{\"@type\":\"ListItem\",\"position\":1,\"name\":\"Home\",\"item\":\"https:\/\/bunnyboo.ro\/en\/\"},{\"@type\":\"ListItem\",\"position\":2,\"name\":\"New\",\"item\":\"https:\/\/bunnyboo.ro\/en\/shop\/\"},{\"@type\":\"ListItem\",\"position\":3,\"name\":\"Saltea de joaca cu activitati &#8211; Fairy Garden\"}]},{\"@type\":\"WebSite\",\"@id\":\"https:\/\/bunnyboo.ro\/#website\",\"url\":\"https:\/\/bunnyboo.ro\/\",\"name\":\"Bunny Boo\",\"description\":\"Bunny Boo\",\"publisher\":{\"@id\":\"https:\/\/bunnyboo.ro\/#organization\"},\"potentialAction\":[{\"@type\":\"SearchAction\",\"target\":{\"@type\":\"EntryPoint\",\"urlTemplate\":\"https:\/\/bunnyboo.ro\/?s={search_term_string}\"},\"query-input\":\"required name=search_term_string\"}],\"inLanguage\":\"en-US\"},{\"@type\":\"Organization\",\"@id\":\"https:\/\/bunnyboo.ro\/#organization\",\"name\":\"Bunny Boo\",\"url\":\"https:\/\/bunnyboo.ro\/\",\"logo\":{\"@type\":\"ImageObject\",\"inLanguage\":\"en-US\",\"@id\":\"https:\/\/bunnyboo.ro\/#\/schema\/logo\/image\/\",\"url\":\"https:\/\/bunnyboo.ro\/wp-content\/uploads\/2024\/03\/Logo-website-black.png\",\"contentUrl\":\"https:\/\/bunnyboo.ro\/wp-content\/uploads\/2024\/03\/Logo-website-black.png\",\"width\":2422,\"height\":946,\"caption\":\"Bunny Boo\"},\"image\":{\"@id\":\"https:\/\/bunnyboo.ro\/#\/schema\/logo\/image\/\"}}]}<\/script>\n<!-- \/ Yoast SEO plugin. -->","yoast_head_json":{"title":"Saltea de joaca cu activitati - Fairy Garden","robots":{"index":"index","follow":"follow","max-snippet":"max-snippet:-1","max-image-preview":"max-image-preview:large","max-video-preview":"max-video-preview:-1"},"canonical":"https:\/\/bunnyboo.ro\/produs\/saltea-de-joaca-cu-activitati-fairy-garden\/","og_locale":"en_US","og_type":"article","og_title":"Saltea de joaca cu activitati - Fairy Garden","og_description":"At\u00e2t de multe de v\u0103zut, de atins \u0219i de auzit! Fiecare zi este o aventur\u0103 cu aceasta saltea de joac\u0103 \u00een form\u0103 de floare. Redat\u0103 \u00eentr-o nuan\u021b\u0103 de roz soft, are dou\u0103 arcade din catifea cu cinci juc\u0103rii moi diferite din colec\u021bia Fairy Garden. Cerbul mic, pas\u0103rea, floarea, ciuperca \u0219i capsuna vor ajuta la dezvoltarea [&hellip;]","og_url":"https:\/\/bunnyboo.ro\/produs\/saltea-de-joaca-cu-activitati-fairy-garden\/","og_site_name":"Bunny Boo","article_modified_time":"2026-03-05T10:02:03+00:00","og_image":[{"width":2560,"height":2560,"url":"https:\/\/bunnyboo.ro\/wp-content\/uploads\/2024\/11\/LD9017-Product-Activity-play-mat-Fairy-Garden-1-scaled.jpeg","type":"image\/jpeg"}],"twitter_card":"summary_large_image","schema":{"@context":"https:\/\/schema.org","@graph":[{"@type":"WebPage","@id":"https:\/\/bunnyboo.ro\/produs\/saltea-de-joaca-cu-activitati-fairy-garden\/","url":"https:\/\/bunnyboo.ro\/produs\/saltea-de-joaca-cu-activitati-fairy-garden\/","name":"Saltea de joaca cu activitati - Fairy Garden","isPartOf":{"@id":"https:\/\/bunnyboo.ro\/#website"},"primaryImageOfPage":{"@id":"https:\/\/bunnyboo.ro\/produs\/saltea-de-joaca-cu-activitati-fairy-garden\/#primaryimage"},"image":{"@id":"https:\/\/bunnyboo.ro\/produs\/saltea-de-joaca-cu-activitati-fairy-garden\/#primaryimage"},"thumbnailUrl":"https:\/\/bunnyboo.ro\/wp-content\/uploads\/2024\/11\/LD9017-Product-Activity-play-mat-Fairy-Garden-1-scaled.jpeg","datePublished":"2024-11-05T11:58:55+00:00","dateModified":"2026-03-05T10:02:03+00:00","breadcrumb":{"@id":"https:\/\/bunnyboo.ro\/produs\/saltea-de-joaca-cu-activitati-fairy-garden\/#breadcrumb"},"inLanguage":"en-US","potentialAction":[{"@type":"ReadAction","target":["https:\/\/bunnyboo.ro\/produs\/saltea-de-joaca-cu-activitati-fairy-garden\/"]}]},{"@type":"ImageObject","inLanguage":"en-US","@id":"https:\/\/bunnyboo.ro\/produs\/saltea-de-joaca-cu-activitati-fairy-garden\/#primaryimage","url":"https:\/\/bunnyboo.ro\/wp-content\/uploads\/2024\/11\/LD9017-Product-Activity-play-mat-Fairy-Garden-1-scaled.jpeg","contentUrl":"https:\/\/bunnyboo.ro\/wp-content\/uploads\/2024\/11\/LD9017-Product-Activity-play-mat-Fairy-Garden-1-scaled.jpeg","width":2560,"height":2560},{"@type":"BreadcrumbList","@id":"https:\/\/bunnyboo.ro\/produs\/saltea-de-joaca-cu-activitati-fairy-garden\/#breadcrumb","itemListElement":[{"@type":"ListItem","position":1,"name":"Home","item":"https:\/\/bunnyboo.ro\/en\/"},{"@type":"ListItem","position":2,"name":"New","item":"https:\/\/bunnyboo.ro\/en\/shop\/"},{"@type":"ListItem","position":3,"name":"Saltea de joaca cu activitati &#8211; Fairy Garden"}]},{"@type":"WebSite","@id":"https:\/\/bunnyboo.ro\/#website","url":"https:\/\/bunnyboo.ro\/","name":"Bunny Boo","description":"Bunny Boo","publisher":{"@id":"https:\/\/bunnyboo.ro\/#organization"},"potentialAction":[{"@type":"SearchAction","target":{"@type":"EntryPoint","urlTemplate":"https:\/\/bunnyboo.ro\/?s={search_term_string}"},"query-input":"required name=search_term_string"}],"inLanguage":"en-US"},{"@type":"Organization","@id":"https:\/\/bunnyboo.ro\/#organization","name":"Bunny Boo","url":"https:\/\/bunnyboo.ro\/","logo":{"@type":"ImageObject","inLanguage":"en-US","@id":"https:\/\/bunnyboo.ro\/#\/schema\/logo\/image\/","url":"https:\/\/bunnyboo.ro\/wp-content\/uploads\/2024\/03\/Logo-website-black.png","contentUrl":"https:\/\/bunnyboo.ro\/wp-content\/uploads\/2024\/03\/Logo-website-black.png","width":2422,"height":946,"caption":"Bunny Boo"},"image":{"@id":"https:\/\/bunnyboo.ro\/#\/schema\/logo\/image\/"}}]}},"_links":{"self":[{"href":"https:\/\/bunnyboo.ro\/en\/wp-json\/wp\/v2\/product\/29331","targetHints":{"allow":["GET"]}}],"collection":[{"href":"https:\/\/bunnyboo.ro\/en\/wp-json\/wp\/v2\/product"}],"about":[{"href":"https:\/\/bunnyboo.ro\/en\/wp-json\/wp\/v2\/types\/product"}],"replies":[{"embeddable":true,"href":"https:\/\/bunnyboo.ro\/en\/wp-json\/wp\/v2\/comments?post=29331"}],"wp:featuredmedia":[{"embeddable":true,"href":"https:\/\/bunnyboo.ro\/en\/wp-json\/wp\/v2\/media\/29404"}],"wp:attachment":[{"href":"https:\/\/bunnyboo.ro\/en\/wp-json\/wp\/v2\/media?parent=29331"}],"wp:term":[{"taxonomy":"product_brand","embeddable":true,"href":"https:\/\/bunnyboo.ro\/en\/wp-json\/wp\/v2\/product_brand?post=29331"},{"taxonomy":"product_cat","embeddable":true,"href":"https:\/\/bunnyboo.ro\/en\/wp-json\/wp\/v2\/product_cat?post=29331"},{"taxonomy":"product_tag","embeddable":true,"href":"https:\/\/bunnyboo.ro\/en\/wp-json\/wp\/v2\/product_tag?post=29331"}],"curies":[{"name":"wp","href":"https:\/\/api.w.org\/{rel}","templated":true}]}}