{"id":29300,"date":"2024-11-05T13:15:47","date_gmt":"2024-11-05T11:15:47","guid":{"rendered":"https:\/\/bunnyboo.ro\/?post_type=product&#038;p=29300"},"modified":"2026-01-12T03:48:06","modified_gmt":"2026-01-12T01:48:06","slug":"cuburi-din-lemn-little-dutch-fairy-garden","status":"publish","type":"product","link":"https:\/\/bunnyboo.ro\/en\/produs\/cuburi-din-lemn-little-dutch-fairy-garden\/","title":{"rendered":"Cuburi din lemn Little Dutch &#8211; Fairy Garden"},"content":{"rendered":"<p>Dezl\u0103n\u021bui\u021bi-v\u0103 imagina\u021bia! Stivui\u021bi cuburile unul c\u00e2te unul pentru a le crea<br \/>\no gr\u0103din\u0103 uimitoare \u00eempodobit\u0103 cu flori, frunze \u0219i insecte, sau poate un<br \/>\nsat fermec\u0103tor \u00een care z\u00e2nele mici c\u00e2nt\u0103 \u0219i danseaz\u0103 \u2014 folose\u0219te-\u021bi creativitatea pentru a seta<br \/>\nscena. Exersa\u021bi-v\u0103 coordonarea m\u00e2n\u0103-ochi \u00een timp ce aranja\u021bi cu aten\u021bie fiecare cub.<br \/>\nConstruie\u0219te-\u021bi lumea magic\u0103! Acest set con\u021bine nu mai pu\u021bin de 50 de cuburi din lemn,<br \/>\nelemente feerice din colec\u021bia Fairy Garden. C\u00e2nd timpul de joac\u0103 se termin\u0103, cuburile pot fi depozitate cu u\u0219urin\u021b\u0103 \u00een butoi.<br \/>\nDimensiuni: 18 x 18 x 26 cm<\/p>\n<p>Compozitie: lemn<\/p>\n<p>Produsul este vopsit cu vopsea speciala pentru copii realizata pe baza de apa.<\/p>\n<p>Varsta recomandata: + 2 ani<\/p>\n<p>Brand: Little Dutch<\/p>\n","protected":false},"excerpt":{"rendered":"<p>Dezl\u0103n\u021bui\u021bi-v\u0103 imagina\u021bia! Stivui\u021bi cuburile unul c\u00e2te unul pentru a le crea o gr\u0103din\u0103 uimitoare \u00eempodobit\u0103 cu flori, frunze \u0219i insecte, sau poate un sat fermec\u0103tor \u00een care z\u00e2nele mici c\u00e2nt\u0103 \u0219i danseaz\u0103 \u2014 folose\u0219te-\u021bi creativitatea pentru a seta scena. Exersa\u021bi-v\u0103 coordonarea m\u00e2n\u0103-ochi \u00een timp ce aranja\u021bi cu aten\u021bie fiecare cub. Construie\u0219te-\u021bi lumea magic\u0103! Acest set [&hellip;]<\/p>\n","protected":false},"featured_media":29308,"comment_status":"open","ping_status":"closed","template":"","meta":{"site-sidebar-layout":"default","site-content-layout":"","ast-site-content-layout":"default","site-content-style":"default","site-sidebar-style":"default","ast-global-header-display":"","ast-banner-title-visibility":"","ast-main-header-display":"","ast-hfb-above-header-display":"","ast-hfb-below-header-display":"","ast-hfb-mobile-header-display":"","site-post-title":"","ast-breadcrumbs-content":"","ast-featured-img":"","footer-sml-layout":"","theme-transparent-header-meta":"default","adv-header-id-meta":"","stick-header-meta":"default","header-above-stick-meta":"","header-main-stick-meta":"","header-below-stick-meta":"","astra-migrate-meta-layouts":"set","ast-page-background-enabled":"default","ast-page-background-meta":{"desktop":{"background-color":"","background-image":"","background-repeat":"repeat","background-position":"center center","background-size":"auto","background-attachment":"scroll","background-type":"","background-media":"","overlay-type":"","overlay-color":"","overlay-opacity":"","overlay-gradient":""},"tablet":{"background-color":"","background-image":"","background-repeat":"repeat","background-position":"center center","background-size":"auto","background-attachment":"scroll","background-type":"","background-media":"","overlay-type":"","overlay-color":"","overlay-opacity":"","overlay-gradient":""},"mobile":{"background-color":"","background-image":"","background-repeat":"repeat","background-position":"center center","background-size":"auto","background-attachment":"scroll","background-type":"","background-media":"","overlay-type":"","overlay-color":"","overlay-opacity":"","overlay-gradient":""}},"ast-content-background-meta":{"desktop":{"background-color":"var(--ast-global-color-5)","background-image":"","background-repeat":"repeat","background-position":"center center","background-size":"auto","background-attachment":"scroll","background-type":"","background-media":"","overlay-type":"","overlay-color":"","overlay-opacity":"","overlay-gradient":""},"tablet":{"background-color":"var(--ast-global-color-5)","background-image":"","background-repeat":"repeat","background-position":"center center","background-size":"auto","background-attachment":"scroll","background-type":"","background-media":"","overlay-type":"","overlay-color":"","overlay-opacity":"","overlay-gradient":""},"mobile":{"background-color":"var(--ast-global-color-5)","background-image":"","background-repeat":"repeat","background-position":"center center","background-size":"auto","background-attachment":"scroll","background-type":"","background-media":"","overlay-type":"","overlay-color":"","overlay-opacity":"","overlay-gradient":""}}},"product_brand":[],"product_cat":[50,65],"product_tag":[],"class_list":{"0":"post-29300","1":"product","2":"type-product","3":"status-publish","4":"has-post-thumbnail","6":"product_cat-jucarii-din-lemn-pentru-puiul-tau","7":"product_cat-noutati-minunate-pentru-puiul-tau","8":"desktop-align-left","9":"tablet-align-left","10":"mobile-align-left","11":"ast-product-gallery-layout-horizontal-slider","12":"ast-product-tabs-layout-vertical","13":"ast-qv-on-image","15":"first","16":"instock","17":"shipping-taxable","18":"purchasable","19":"product-type-simple"},"yoast_head":"<!-- This site is optimized with the Yoast SEO plugin v22.6 - https:\/\/yoast.com\/wordpress\/plugins\/seo\/ -->\n<title>Cuburi din lemn Little Dutch - Fairy Garden<\/title>\n<meta name=\"robots\" content=\"index, follow, max-snippet:-1, max-image-preview:large, max-video-preview:-1\" \/>\n<link rel=\"canonical\" href=\"https:\/\/bunnyboo.ro\/produs\/cuburi-din-lemn-little-dutch-fairy-garden\/\" \/>\n<meta property=\"og:locale\" content=\"en_US\" \/>\n<meta property=\"og:type\" content=\"article\" \/>\n<meta property=\"og:title\" content=\"Cuburi din lemn Little Dutch - Fairy Garden\" \/>\n<meta property=\"og:description\" content=\"Dezl\u0103n\u021bui\u021bi-v\u0103 imagina\u021bia! Stivui\u021bi cuburile unul c\u00e2te unul pentru a le crea o gr\u0103din\u0103 uimitoare \u00eempodobit\u0103 cu flori, frunze \u0219i insecte, sau poate un sat fermec\u0103tor \u00een care z\u00e2nele mici c\u00e2nt\u0103 \u0219i danseaz\u0103 \u2014 folose\u0219te-\u021bi creativitatea pentru a seta scena. Exersa\u021bi-v\u0103 coordonarea m\u00e2n\u0103-ochi \u00een timp ce aranja\u021bi cu aten\u021bie fiecare cub. Construie\u0219te-\u021bi lumea magic\u0103! Acest set [&hellip;]\" \/>\n<meta property=\"og:url\" content=\"https:\/\/bunnyboo.ro\/produs\/cuburi-din-lemn-little-dutch-fairy-garden\/\" \/>\n<meta property=\"og:site_name\" content=\"Bunny Boo\" \/>\n<meta property=\"article:modified_time\" content=\"2026-01-12T01:48:06+00:00\" \/>\n<meta property=\"og:image\" content=\"https:\/\/bunnyboo.ro\/wp-content\/uploads\/2024\/11\/LD7345-Product-WoodenBuildingBlocks-FairyGarden_1.webp\" \/>\n\t<meta property=\"og:image:width\" content=\"1346\" \/>\n\t<meta property=\"og:image:height\" content=\"1346\" \/>\n\t<meta property=\"og:image:type\" content=\"image\/webp\" \/>\n<meta name=\"twitter:card\" content=\"summary_large_image\" \/>\n<meta name=\"twitter:label1\" content=\"Est. reading time\" \/>\n\t<meta name=\"twitter:data1\" content=\"1 minute\" \/>\n<script type=\"application\/ld+json\" class=\"yoast-schema-graph\">{\"@context\":\"https:\/\/schema.org\",\"@graph\":[{\"@type\":\"WebPage\",\"@id\":\"https:\/\/bunnyboo.ro\/produs\/cuburi-din-lemn-little-dutch-fairy-garden\/\",\"url\":\"https:\/\/bunnyboo.ro\/produs\/cuburi-din-lemn-little-dutch-fairy-garden\/\",\"name\":\"Cuburi din lemn Little Dutch - Fairy Garden\",\"isPartOf\":{\"@id\":\"https:\/\/bunnyboo.ro\/#website\"},\"primaryImageOfPage\":{\"@id\":\"https:\/\/bunnyboo.ro\/produs\/cuburi-din-lemn-little-dutch-fairy-garden\/#primaryimage\"},\"image\":{\"@id\":\"https:\/\/bunnyboo.ro\/produs\/cuburi-din-lemn-little-dutch-fairy-garden\/#primaryimage\"},\"thumbnailUrl\":\"https:\/\/bunnyboo.ro\/wp-content\/uploads\/2024\/11\/LD7345-Product-WoodenBuildingBlocks-FairyGarden_1.webp\",\"datePublished\":\"2024-11-05T11:15:47+00:00\",\"dateModified\":\"2026-01-12T01:48:06+00:00\",\"breadcrumb\":{\"@id\":\"https:\/\/bunnyboo.ro\/produs\/cuburi-din-lemn-little-dutch-fairy-garden\/#breadcrumb\"},\"inLanguage\":\"en-US\",\"potentialAction\":[{\"@type\":\"ReadAction\",\"target\":[\"https:\/\/bunnyboo.ro\/produs\/cuburi-din-lemn-little-dutch-fairy-garden\/\"]}]},{\"@type\":\"ImageObject\",\"inLanguage\":\"en-US\",\"@id\":\"https:\/\/bunnyboo.ro\/produs\/cuburi-din-lemn-little-dutch-fairy-garden\/#primaryimage\",\"url\":\"https:\/\/bunnyboo.ro\/wp-content\/uploads\/2024\/11\/LD7345-Product-WoodenBuildingBlocks-FairyGarden_1.webp\",\"contentUrl\":\"https:\/\/bunnyboo.ro\/wp-content\/uploads\/2024\/11\/LD7345-Product-WoodenBuildingBlocks-FairyGarden_1.webp\",\"width\":1346,\"height\":1346},{\"@type\":\"BreadcrumbList\",\"@id\":\"https:\/\/bunnyboo.ro\/produs\/cuburi-din-lemn-little-dutch-fairy-garden\/#breadcrumb\",\"itemListElement\":[{\"@type\":\"ListItem\",\"position\":1,\"name\":\"Home\",\"item\":\"https:\/\/bunnyboo.ro\/en\/\"},{\"@type\":\"ListItem\",\"position\":2,\"name\":\"New\",\"item\":\"https:\/\/bunnyboo.ro\/en\/shop\/\"},{\"@type\":\"ListItem\",\"position\":3,\"name\":\"Cuburi din lemn Little Dutch &#8211; Fairy Garden\"}]},{\"@type\":\"WebSite\",\"@id\":\"https:\/\/bunnyboo.ro\/#website\",\"url\":\"https:\/\/bunnyboo.ro\/\",\"name\":\"Bunny Boo\",\"description\":\"Bunny Boo\",\"publisher\":{\"@id\":\"https:\/\/bunnyboo.ro\/#organization\"},\"potentialAction\":[{\"@type\":\"SearchAction\",\"target\":{\"@type\":\"EntryPoint\",\"urlTemplate\":\"https:\/\/bunnyboo.ro\/?s={search_term_string}\"},\"query-input\":\"required name=search_term_string\"}],\"inLanguage\":\"en-US\"},{\"@type\":\"Organization\",\"@id\":\"https:\/\/bunnyboo.ro\/#organization\",\"name\":\"Bunny Boo\",\"url\":\"https:\/\/bunnyboo.ro\/\",\"logo\":{\"@type\":\"ImageObject\",\"inLanguage\":\"en-US\",\"@id\":\"https:\/\/bunnyboo.ro\/#\/schema\/logo\/image\/\",\"url\":\"https:\/\/bunnyboo.ro\/wp-content\/uploads\/2024\/03\/Logo-website-black.png\",\"contentUrl\":\"https:\/\/bunnyboo.ro\/wp-content\/uploads\/2024\/03\/Logo-website-black.png\",\"width\":2422,\"height\":946,\"caption\":\"Bunny Boo\"},\"image\":{\"@id\":\"https:\/\/bunnyboo.ro\/#\/schema\/logo\/image\/\"}}]}<\/script>\n<!-- \/ Yoast SEO plugin. -->","yoast_head_json":{"title":"Cuburi din lemn Little Dutch - Fairy Garden","robots":{"index":"index","follow":"follow","max-snippet":"max-snippet:-1","max-image-preview":"max-image-preview:large","max-video-preview":"max-video-preview:-1"},"canonical":"https:\/\/bunnyboo.ro\/produs\/cuburi-din-lemn-little-dutch-fairy-garden\/","og_locale":"en_US","og_type":"article","og_title":"Cuburi din lemn Little Dutch - Fairy Garden","og_description":"Dezl\u0103n\u021bui\u021bi-v\u0103 imagina\u021bia! Stivui\u021bi cuburile unul c\u00e2te unul pentru a le crea o gr\u0103din\u0103 uimitoare \u00eempodobit\u0103 cu flori, frunze \u0219i insecte, sau poate un sat fermec\u0103tor \u00een care z\u00e2nele mici c\u00e2nt\u0103 \u0219i danseaz\u0103 \u2014 folose\u0219te-\u021bi creativitatea pentru a seta scena. Exersa\u021bi-v\u0103 coordonarea m\u00e2n\u0103-ochi \u00een timp ce aranja\u021bi cu aten\u021bie fiecare cub. Construie\u0219te-\u021bi lumea magic\u0103! Acest set [&hellip;]","og_url":"https:\/\/bunnyboo.ro\/produs\/cuburi-din-lemn-little-dutch-fairy-garden\/","og_site_name":"Bunny Boo","article_modified_time":"2026-01-12T01:48:06+00:00","og_image":[{"width":1346,"height":1346,"url":"https:\/\/bunnyboo.ro\/wp-content\/uploads\/2024\/11\/LD7345-Product-WoodenBuildingBlocks-FairyGarden_1.webp","type":"image\/webp"}],"twitter_card":"summary_large_image","twitter_misc":{"Est. reading time":"1 minute"},"schema":{"@context":"https:\/\/schema.org","@graph":[{"@type":"WebPage","@id":"https:\/\/bunnyboo.ro\/produs\/cuburi-din-lemn-little-dutch-fairy-garden\/","url":"https:\/\/bunnyboo.ro\/produs\/cuburi-din-lemn-little-dutch-fairy-garden\/","name":"Cuburi din lemn Little Dutch - Fairy Garden","isPartOf":{"@id":"https:\/\/bunnyboo.ro\/#website"},"primaryImageOfPage":{"@id":"https:\/\/bunnyboo.ro\/produs\/cuburi-din-lemn-little-dutch-fairy-garden\/#primaryimage"},"image":{"@id":"https:\/\/bunnyboo.ro\/produs\/cuburi-din-lemn-little-dutch-fairy-garden\/#primaryimage"},"thumbnailUrl":"https:\/\/bunnyboo.ro\/wp-content\/uploads\/2024\/11\/LD7345-Product-WoodenBuildingBlocks-FairyGarden_1.webp","datePublished":"2024-11-05T11:15:47+00:00","dateModified":"2026-01-12T01:48:06+00:00","breadcrumb":{"@id":"https:\/\/bunnyboo.ro\/produs\/cuburi-din-lemn-little-dutch-fairy-garden\/#breadcrumb"},"inLanguage":"en-US","potentialAction":[{"@type":"ReadAction","target":["https:\/\/bunnyboo.ro\/produs\/cuburi-din-lemn-little-dutch-fairy-garden\/"]}]},{"@type":"ImageObject","inLanguage":"en-US","@id":"https:\/\/bunnyboo.ro\/produs\/cuburi-din-lemn-little-dutch-fairy-garden\/#primaryimage","url":"https:\/\/bunnyboo.ro\/wp-content\/uploads\/2024\/11\/LD7345-Product-WoodenBuildingBlocks-FairyGarden_1.webp","contentUrl":"https:\/\/bunnyboo.ro\/wp-content\/uploads\/2024\/11\/LD7345-Product-WoodenBuildingBlocks-FairyGarden_1.webp","width":1346,"height":1346},{"@type":"BreadcrumbList","@id":"https:\/\/bunnyboo.ro\/produs\/cuburi-din-lemn-little-dutch-fairy-garden\/#breadcrumb","itemListElement":[{"@type":"ListItem","position":1,"name":"Home","item":"https:\/\/bunnyboo.ro\/en\/"},{"@type":"ListItem","position":2,"name":"New","item":"https:\/\/bunnyboo.ro\/en\/shop\/"},{"@type":"ListItem","position":3,"name":"Cuburi din lemn Little Dutch &#8211; Fairy Garden"}]},{"@type":"WebSite","@id":"https:\/\/bunnyboo.ro\/#website","url":"https:\/\/bunnyboo.ro\/","name":"Bunny Boo","description":"Bunny Boo","publisher":{"@id":"https:\/\/bunnyboo.ro\/#organization"},"potentialAction":[{"@type":"SearchAction","target":{"@type":"EntryPoint","urlTemplate":"https:\/\/bunnyboo.ro\/?s={search_term_string}"},"query-input":"required name=search_term_string"}],"inLanguage":"en-US"},{"@type":"Organization","@id":"https:\/\/bunnyboo.ro\/#organization","name":"Bunny Boo","url":"https:\/\/bunnyboo.ro\/","logo":{"@type":"ImageObject","inLanguage":"en-US","@id":"https:\/\/bunnyboo.ro\/#\/schema\/logo\/image\/","url":"https:\/\/bunnyboo.ro\/wp-content\/uploads\/2024\/03\/Logo-website-black.png","contentUrl":"https:\/\/bunnyboo.ro\/wp-content\/uploads\/2024\/03\/Logo-website-black.png","width":2422,"height":946,"caption":"Bunny Boo"},"image":{"@id":"https:\/\/bunnyboo.ro\/#\/schema\/logo\/image\/"}}]}},"_links":{"self":[{"href":"https:\/\/bunnyboo.ro\/en\/wp-json\/wp\/v2\/product\/29300","targetHints":{"allow":["GET"]}}],"collection":[{"href":"https:\/\/bunnyboo.ro\/en\/wp-json\/wp\/v2\/product"}],"about":[{"href":"https:\/\/bunnyboo.ro\/en\/wp-json\/wp\/v2\/types\/product"}],"replies":[{"embeddable":true,"href":"https:\/\/bunnyboo.ro\/en\/wp-json\/wp\/v2\/comments?post=29300"}],"wp:featuredmedia":[{"embeddable":true,"href":"https:\/\/bunnyboo.ro\/en\/wp-json\/wp\/v2\/media\/29308"}],"wp:attachment":[{"href":"https:\/\/bunnyboo.ro\/en\/wp-json\/wp\/v2\/media?parent=29300"}],"wp:term":[{"taxonomy":"product_brand","embeddable":true,"href":"https:\/\/bunnyboo.ro\/en\/wp-json\/wp\/v2\/product_brand?post=29300"},{"taxonomy":"product_cat","embeddable":true,"href":"https:\/\/bunnyboo.ro\/en\/wp-json\/wp\/v2\/product_cat?post=29300"},{"taxonomy":"product_tag","embeddable":true,"href":"https:\/\/bunnyboo.ro\/en\/wp-json\/wp\/v2\/product_tag?post=29300"}],"curies":[{"name":"wp","href":"https:\/\/api.w.org\/{rel}","templated":true}]}}