{"id":29254,"date":"2024-11-05T11:38:55","date_gmt":"2024-11-05T09:38:55","guid":{"rendered":"https:\/\/bunnyboo.ro\/?post_type=product&#038;p=29254"},"modified":"2026-02-16T11:06:49","modified_gmt":"2026-02-16T09:06:49","slug":"antemergator-premergator-cu-activitati-forest-friends","status":"publish","type":"product","link":"https:\/\/bunnyboo.ro\/en\/produs\/antemergator-premergator-cu-activitati-forest-friends\/","title":{"rendered":"Antemergator\/ Premergator cu activitati &#8211; Forest Friends"},"content":{"rendered":"<p>Plimba\u021bi-v\u0103, juca\u021bi-v\u0103 \u0219i \u00eenv\u0103\u021ba\u021bi! Te vei distra at\u00e2t de mult explor\u00e2nd toate activit\u0103\u021bile acestui premerg\u0103tor pentru copii Forest Friends. Roti\u021bi ro\u021bile pentru a face bufni\u021ba \u0219i ghinda s\u0103 se \u00eenv\u00e2rt\u0103! \u00cenv\u00e2rte oglinda! \u0218i \u00eenva\u021b\u0103 s\u0103 numere cu melcul \u0219i ariciul. Acest premerg\u0103tor din lemn ofer\u0103 diverse activit\u0103\u021bi provocatoare care sprijin\u0103 dezvoltarea abilit\u0103\u021bilor motorii ale copilului dumneavoastr\u0103. Provoca\u021bi-v\u0103 micu\u021bul cu numeroasele activit\u0103\u021bi pe acest premerg\u0103tor frumos decorat. Exist\u0103 8 activit\u0103\u021bi de descoperit \u0219i de st\u0103p\u00e2nit. Cu designul s\u0103u robust, premerg\u0103torul este potrivit pentru copiii cu v\u00e2rsta de 12 luni \u0219i peste care sunt preg\u0103ti\u021bi pentru primii pa\u0219i. Preg\u0103te\u0219te-te pentru \u00eencuraj\u0103ri entuziaste \u00een timp ce micu\u021bul t\u0103u navigheaz\u0103 prin cas\u0103 cu acest premerg\u0103tor. Ro\u021bile de cauciuc nu vor face urme pe podea \u0219i sunt sigure pentru utilizare \u00een interior.<\/p>\n<p>&nbsp;<\/p>\n<p>Dimensiuni: 32,5 x 35,5 x 49 cm<\/p>\n<p>Material: Lemn FSC<\/p>\n<p>Varsta recomandata: 12 luni+<span style=\"color: #474747; font-family: Poppins; font-size: 15px;\"><br \/>\n<\/span><\/p>\n<p>&nbsp;<\/p>\n","protected":false},"excerpt":{"rendered":"<p>Plimba\u021bi-v\u0103, juca\u021bi-v\u0103 \u0219i \u00eenv\u0103\u021ba\u021bi! Te vei distra at\u00e2t de mult explor\u00e2nd toate activit\u0103\u021bile acestui premerg\u0103tor pentru copii Forest Friends. Roti\u021bi ro\u021bile pentru a face bufni\u021ba \u0219i ghinda s\u0103 se \u00eenv\u00e2rt\u0103! \u00cenv\u00e2rte oglinda! \u0218i \u00eenva\u021b\u0103 s\u0103 numere cu melcul \u0219i ariciul. Acest premerg\u0103tor din lemn ofer\u0103 diverse activit\u0103\u021bi provocatoare care sprijin\u0103 dezvoltarea abilit\u0103\u021bilor motorii ale copilului [&hellip;]<\/p>\n","protected":false},"featured_media":29267,"comment_status":"open","ping_status":"closed","template":"","meta":{"site-sidebar-layout":"default","site-content-layout":"","ast-site-content-layout":"default","site-content-style":"default","site-sidebar-style":"default","ast-global-header-display":"","ast-banner-title-visibility":"","ast-main-header-display":"","ast-hfb-above-header-display":"","ast-hfb-below-header-display":"","ast-hfb-mobile-header-display":"","site-post-title":"","ast-breadcrumbs-content":"","ast-featured-img":"","footer-sml-layout":"","theme-transparent-header-meta":"default","adv-header-id-meta":"","stick-header-meta":"default","header-above-stick-meta":"","header-main-stick-meta":"","header-below-stick-meta":"","astra-migrate-meta-layouts":"set","ast-page-background-enabled":"default","ast-page-background-meta":{"desktop":{"background-color":"","background-image":"","background-repeat":"repeat","background-position":"center center","background-size":"auto","background-attachment":"scroll","background-type":"","background-media":"","overlay-type":"","overlay-color":"","overlay-opacity":"","overlay-gradient":""},"tablet":{"background-color":"","background-image":"","background-repeat":"repeat","background-position":"center center","background-size":"auto","background-attachment":"scroll","background-type":"","background-media":"","overlay-type":"","overlay-color":"","overlay-opacity":"","overlay-gradient":""},"mobile":{"background-color":"","background-image":"","background-repeat":"repeat","background-position":"center center","background-size":"auto","background-attachment":"scroll","background-type":"","background-media":"","overlay-type":"","overlay-color":"","overlay-opacity":"","overlay-gradient":""}},"ast-content-background-meta":{"desktop":{"background-color":"var(--ast-global-color-5)","background-image":"","background-repeat":"repeat","background-position":"center center","background-size":"auto","background-attachment":"scroll","background-type":"","background-media":"","overlay-type":"","overlay-color":"","overlay-opacity":"","overlay-gradient":""},"tablet":{"background-color":"var(--ast-global-color-5)","background-image":"","background-repeat":"repeat","background-position":"center center","background-size":"auto","background-attachment":"scroll","background-type":"","background-media":"","overlay-type":"","overlay-color":"","overlay-opacity":"","overlay-gradient":""},"mobile":{"background-color":"var(--ast-global-color-5)","background-image":"","background-repeat":"repeat","background-position":"center center","background-size":"auto","background-attachment":"scroll","background-type":"","background-media":"","overlay-type":"","overlay-color":"","overlay-opacity":"","overlay-gradient":""}}},"product_brand":[],"product_cat":[50],"product_tag":[],"class_list":{"0":"post-29254","1":"product","2":"type-product","3":"status-publish","4":"has-post-thumbnail","6":"product_cat-jucarii-din-lemn-pentru-puiul-tau","7":"desktop-align-left","8":"tablet-align-left","9":"mobile-align-left","10":"ast-product-gallery-layout-horizontal-slider","11":"ast-product-tabs-layout-vertical","12":"ast-qv-on-image","14":"first","15":"instock","16":"shipping-taxable","17":"purchasable","18":"product-type-simple"},"yoast_head":"<!-- This site is optimized with the Yoast SEO plugin v22.6 - https:\/\/yoast.com\/wordpress\/plugins\/seo\/ -->\n<title>Antemergator\/ Premergator cu activitati - Forest Friends<\/title>\n<meta name=\"robots\" content=\"index, follow, max-snippet:-1, max-image-preview:large, max-video-preview:-1\" \/>\n<link rel=\"canonical\" href=\"https:\/\/bunnyboo.ro\/produs\/antemergator-premergator-cu-activitati-forest-friends\/\" \/>\n<meta property=\"og:locale\" content=\"en_US\" \/>\n<meta property=\"og:type\" content=\"article\" \/>\n<meta property=\"og:title\" content=\"Antemergator\/ Premergator cu activitati - Forest Friends\" \/>\n<meta property=\"og:description\" content=\"Plimba\u021bi-v\u0103, juca\u021bi-v\u0103 \u0219i \u00eenv\u0103\u021ba\u021bi! Te vei distra at\u00e2t de mult explor\u00e2nd toate activit\u0103\u021bile acestui premerg\u0103tor pentru copii Forest Friends. Roti\u021bi ro\u021bile pentru a face bufni\u021ba \u0219i ghinda s\u0103 se \u00eenv\u00e2rt\u0103! \u00cenv\u00e2rte oglinda! \u0218i \u00eenva\u021b\u0103 s\u0103 numere cu melcul \u0219i ariciul. Acest premerg\u0103tor din lemn ofer\u0103 diverse activit\u0103\u021bi provocatoare care sprijin\u0103 dezvoltarea abilit\u0103\u021bilor motorii ale copilului [&hellip;]\" \/>\n<meta property=\"og:url\" content=\"https:\/\/bunnyboo.ro\/produs\/antemergator-premergator-cu-activitati-forest-friends\/\" \/>\n<meta property=\"og:site_name\" content=\"Bunny Boo\" \/>\n<meta property=\"article:modified_time\" content=\"2026-02-16T09:06:49+00:00\" \/>\n<meta property=\"og:image\" content=\"https:\/\/bunnyboo.ro\/wp-content\/uploads\/2024\/11\/LD7232-Product-Multi-activityBabyWalker-ForestFriends_1-1.webp\" \/>\n\t<meta property=\"og:image:width\" content=\"1200\" \/>\n\t<meta property=\"og:image:height\" content=\"1428\" \/>\n\t<meta property=\"og:image:type\" content=\"image\/webp\" \/>\n<meta name=\"twitter:card\" content=\"summary_large_image\" \/>\n<meta name=\"twitter:label1\" content=\"Est. reading time\" \/>\n\t<meta name=\"twitter:data1\" content=\"1 minute\" \/>\n<script type=\"application\/ld+json\" class=\"yoast-schema-graph\">{\"@context\":\"https:\/\/schema.org\",\"@graph\":[{\"@type\":\"WebPage\",\"@id\":\"https:\/\/bunnyboo.ro\/produs\/antemergator-premergator-cu-activitati-forest-friends\/\",\"url\":\"https:\/\/bunnyboo.ro\/produs\/antemergator-premergator-cu-activitati-forest-friends\/\",\"name\":\"Antemergator\/ Premergator cu activitati - Forest Friends\",\"isPartOf\":{\"@id\":\"https:\/\/bunnyboo.ro\/#website\"},\"primaryImageOfPage\":{\"@id\":\"https:\/\/bunnyboo.ro\/produs\/antemergator-premergator-cu-activitati-forest-friends\/#primaryimage\"},\"image\":{\"@id\":\"https:\/\/bunnyboo.ro\/produs\/antemergator-premergator-cu-activitati-forest-friends\/#primaryimage\"},\"thumbnailUrl\":\"https:\/\/bunnyboo.ro\/wp-content\/uploads\/2024\/11\/LD7232-Product-Multi-activityBabyWalker-ForestFriends_1-1.webp\",\"datePublished\":\"2024-11-05T09:38:55+00:00\",\"dateModified\":\"2026-02-16T09:06:49+00:00\",\"breadcrumb\":{\"@id\":\"https:\/\/bunnyboo.ro\/produs\/antemergator-premergator-cu-activitati-forest-friends\/#breadcrumb\"},\"inLanguage\":\"en-US\",\"potentialAction\":[{\"@type\":\"ReadAction\",\"target\":[\"https:\/\/bunnyboo.ro\/produs\/antemergator-premergator-cu-activitati-forest-friends\/\"]}]},{\"@type\":\"ImageObject\",\"inLanguage\":\"en-US\",\"@id\":\"https:\/\/bunnyboo.ro\/produs\/antemergator-premergator-cu-activitati-forest-friends\/#primaryimage\",\"url\":\"https:\/\/bunnyboo.ro\/wp-content\/uploads\/2024\/11\/LD7232-Product-Multi-activityBabyWalker-ForestFriends_1-1.webp\",\"contentUrl\":\"https:\/\/bunnyboo.ro\/wp-content\/uploads\/2024\/11\/LD7232-Product-Multi-activityBabyWalker-ForestFriends_1-1.webp\",\"width\":1200,\"height\":1428},{\"@type\":\"BreadcrumbList\",\"@id\":\"https:\/\/bunnyboo.ro\/produs\/antemergator-premergator-cu-activitati-forest-friends\/#breadcrumb\",\"itemListElement\":[{\"@type\":\"ListItem\",\"position\":1,\"name\":\"Home\",\"item\":\"https:\/\/bunnyboo.ro\/en\/\"},{\"@type\":\"ListItem\",\"position\":2,\"name\":\"New\",\"item\":\"https:\/\/bunnyboo.ro\/en\/shop\/\"},{\"@type\":\"ListItem\",\"position\":3,\"name\":\"Antemergator\/ Premergator cu activitati &#8211; Forest Friends\"}]},{\"@type\":\"WebSite\",\"@id\":\"https:\/\/bunnyboo.ro\/#website\",\"url\":\"https:\/\/bunnyboo.ro\/\",\"name\":\"Bunny Boo\",\"description\":\"Bunny Boo\",\"publisher\":{\"@id\":\"https:\/\/bunnyboo.ro\/#organization\"},\"potentialAction\":[{\"@type\":\"SearchAction\",\"target\":{\"@type\":\"EntryPoint\",\"urlTemplate\":\"https:\/\/bunnyboo.ro\/?s={search_term_string}\"},\"query-input\":\"required name=search_term_string\"}],\"inLanguage\":\"en-US\"},{\"@type\":\"Organization\",\"@id\":\"https:\/\/bunnyboo.ro\/#organization\",\"name\":\"Bunny Boo\",\"url\":\"https:\/\/bunnyboo.ro\/\",\"logo\":{\"@type\":\"ImageObject\",\"inLanguage\":\"en-US\",\"@id\":\"https:\/\/bunnyboo.ro\/#\/schema\/logo\/image\/\",\"url\":\"https:\/\/bunnyboo.ro\/wp-content\/uploads\/2024\/03\/Logo-website-black.png\",\"contentUrl\":\"https:\/\/bunnyboo.ro\/wp-content\/uploads\/2024\/03\/Logo-website-black.png\",\"width\":2422,\"height\":946,\"caption\":\"Bunny Boo\"},\"image\":{\"@id\":\"https:\/\/bunnyboo.ro\/#\/schema\/logo\/image\/\"}}]}<\/script>\n<!-- \/ Yoast SEO plugin. -->","yoast_head_json":{"title":"Antemergator\/ Premergator cu activitati - Forest Friends","robots":{"index":"index","follow":"follow","max-snippet":"max-snippet:-1","max-image-preview":"max-image-preview:large","max-video-preview":"max-video-preview:-1"},"canonical":"https:\/\/bunnyboo.ro\/produs\/antemergator-premergator-cu-activitati-forest-friends\/","og_locale":"en_US","og_type":"article","og_title":"Antemergator\/ Premergator cu activitati - Forest Friends","og_description":"Plimba\u021bi-v\u0103, juca\u021bi-v\u0103 \u0219i \u00eenv\u0103\u021ba\u021bi! Te vei distra at\u00e2t de mult explor\u00e2nd toate activit\u0103\u021bile acestui premerg\u0103tor pentru copii Forest Friends. Roti\u021bi ro\u021bile pentru a face bufni\u021ba \u0219i ghinda s\u0103 se \u00eenv\u00e2rt\u0103! \u00cenv\u00e2rte oglinda! \u0218i \u00eenva\u021b\u0103 s\u0103 numere cu melcul \u0219i ariciul. Acest premerg\u0103tor din lemn ofer\u0103 diverse activit\u0103\u021bi provocatoare care sprijin\u0103 dezvoltarea abilit\u0103\u021bilor motorii ale copilului [&hellip;]","og_url":"https:\/\/bunnyboo.ro\/produs\/antemergator-premergator-cu-activitati-forest-friends\/","og_site_name":"Bunny Boo","article_modified_time":"2026-02-16T09:06:49+00:00","og_image":[{"width":1200,"height":1428,"url":"https:\/\/bunnyboo.ro\/wp-content\/uploads\/2024\/11\/LD7232-Product-Multi-activityBabyWalker-ForestFriends_1-1.webp","type":"image\/webp"}],"twitter_card":"summary_large_image","twitter_misc":{"Est. reading time":"1 minute"},"schema":{"@context":"https:\/\/schema.org","@graph":[{"@type":"WebPage","@id":"https:\/\/bunnyboo.ro\/produs\/antemergator-premergator-cu-activitati-forest-friends\/","url":"https:\/\/bunnyboo.ro\/produs\/antemergator-premergator-cu-activitati-forest-friends\/","name":"Antemergator\/ Premergator cu activitati - Forest Friends","isPartOf":{"@id":"https:\/\/bunnyboo.ro\/#website"},"primaryImageOfPage":{"@id":"https:\/\/bunnyboo.ro\/produs\/antemergator-premergator-cu-activitati-forest-friends\/#primaryimage"},"image":{"@id":"https:\/\/bunnyboo.ro\/produs\/antemergator-premergator-cu-activitati-forest-friends\/#primaryimage"},"thumbnailUrl":"https:\/\/bunnyboo.ro\/wp-content\/uploads\/2024\/11\/LD7232-Product-Multi-activityBabyWalker-ForestFriends_1-1.webp","datePublished":"2024-11-05T09:38:55+00:00","dateModified":"2026-02-16T09:06:49+00:00","breadcrumb":{"@id":"https:\/\/bunnyboo.ro\/produs\/antemergator-premergator-cu-activitati-forest-friends\/#breadcrumb"},"inLanguage":"en-US","potentialAction":[{"@type":"ReadAction","target":["https:\/\/bunnyboo.ro\/produs\/antemergator-premergator-cu-activitati-forest-friends\/"]}]},{"@type":"ImageObject","inLanguage":"en-US","@id":"https:\/\/bunnyboo.ro\/produs\/antemergator-premergator-cu-activitati-forest-friends\/#primaryimage","url":"https:\/\/bunnyboo.ro\/wp-content\/uploads\/2024\/11\/LD7232-Product-Multi-activityBabyWalker-ForestFriends_1-1.webp","contentUrl":"https:\/\/bunnyboo.ro\/wp-content\/uploads\/2024\/11\/LD7232-Product-Multi-activityBabyWalker-ForestFriends_1-1.webp","width":1200,"height":1428},{"@type":"BreadcrumbList","@id":"https:\/\/bunnyboo.ro\/produs\/antemergator-premergator-cu-activitati-forest-friends\/#breadcrumb","itemListElement":[{"@type":"ListItem","position":1,"name":"Home","item":"https:\/\/bunnyboo.ro\/en\/"},{"@type":"ListItem","position":2,"name":"New","item":"https:\/\/bunnyboo.ro\/en\/shop\/"},{"@type":"ListItem","position":3,"name":"Antemergator\/ Premergator cu activitati &#8211; Forest Friends"}]},{"@type":"WebSite","@id":"https:\/\/bunnyboo.ro\/#website","url":"https:\/\/bunnyboo.ro\/","name":"Bunny Boo","description":"Bunny Boo","publisher":{"@id":"https:\/\/bunnyboo.ro\/#organization"},"potentialAction":[{"@type":"SearchAction","target":{"@type":"EntryPoint","urlTemplate":"https:\/\/bunnyboo.ro\/?s={search_term_string}"},"query-input":"required name=search_term_string"}],"inLanguage":"en-US"},{"@type":"Organization","@id":"https:\/\/bunnyboo.ro\/#organization","name":"Bunny Boo","url":"https:\/\/bunnyboo.ro\/","logo":{"@type":"ImageObject","inLanguage":"en-US","@id":"https:\/\/bunnyboo.ro\/#\/schema\/logo\/image\/","url":"https:\/\/bunnyboo.ro\/wp-content\/uploads\/2024\/03\/Logo-website-black.png","contentUrl":"https:\/\/bunnyboo.ro\/wp-content\/uploads\/2024\/03\/Logo-website-black.png","width":2422,"height":946,"caption":"Bunny Boo"},"image":{"@id":"https:\/\/bunnyboo.ro\/#\/schema\/logo\/image\/"}}]}},"_links":{"self":[{"href":"https:\/\/bunnyboo.ro\/en\/wp-json\/wp\/v2\/product\/29254","targetHints":{"allow":["GET"]}}],"collection":[{"href":"https:\/\/bunnyboo.ro\/en\/wp-json\/wp\/v2\/product"}],"about":[{"href":"https:\/\/bunnyboo.ro\/en\/wp-json\/wp\/v2\/types\/product"}],"replies":[{"embeddable":true,"href":"https:\/\/bunnyboo.ro\/en\/wp-json\/wp\/v2\/comments?post=29254"}],"wp:featuredmedia":[{"embeddable":true,"href":"https:\/\/bunnyboo.ro\/en\/wp-json\/wp\/v2\/media\/29267"}],"wp:attachment":[{"href":"https:\/\/bunnyboo.ro\/en\/wp-json\/wp\/v2\/media?parent=29254"}],"wp:term":[{"taxonomy":"product_brand","embeddable":true,"href":"https:\/\/bunnyboo.ro\/en\/wp-json\/wp\/v2\/product_brand?post=29254"},{"taxonomy":"product_cat","embeddable":true,"href":"https:\/\/bunnyboo.ro\/en\/wp-json\/wp\/v2\/product_cat?post=29254"},{"taxonomy":"product_tag","embeddable":true,"href":"https:\/\/bunnyboo.ro\/en\/wp-json\/wp\/v2\/product_tag?post=29254"}],"curies":[{"name":"wp","href":"https:\/\/api.w.org\/{rel}","templated":true}]}}