{"id":28789,"date":"2024-10-03T10:21:47","date_gmt":"2024-10-03T07:21:47","guid":{"rendered":"https:\/\/bunnyboo.ro\/?post_type=product&#038;p=28789"},"modified":"2026-03-26T12:28:01","modified_gmt":"2026-03-26T10:28:01","slug":"manusi-leokid-black","status":"publish","type":"product","link":"https:\/\/bunnyboo.ro\/en\/produs\/manusi-leokid-black\/","title":{"rendered":"Manusi Leokid Black"},"content":{"rendered":"<p>Manusile Leokid sunt concepute pentru a proteja mainile de frig, vant si precipitatii in timpul plimbarilor cu cel mic. Acestea pot fi folosite cu majoritatea carucioarelor. Sunt prinse de m\u00e2nerele c\u0103ruciorului cu scai velcro. M\u0103rimea este universal\u0103, a\u0219a c\u0103 sunt potrivite at\u00e2t pentru m\u00e2inile b\u0103rba\u021bilor, c\u00e2t \u0219i ale femeilor. Manusile au prev\u0103zut un sistem de prindere pentru a le \u021bine \u00eempreun\u0103.<\/p>\n<p>Caracteristici:<\/p>\n<ul>\n<li>Marime: one size<\/li>\n<li>Lungime: 33 cm<\/li>\n<li>Latime: 15 cm<\/li>\n<li>Greutate: 225 g<\/li>\n<\/ul>\n<p>Material:<\/p>\n<ul>\n<li>Partea superioar\u0103: \u021bes\u0103tur\u0103 rezistent\u0103 la ap\u0103 de 8.000 mm,\u00a0<span style=\"text-size-adjust: 100%;\">5.000g\/m2\/24 ore membran\u0103 permeabil\u0103 la vapori<\/span><\/li>\n<li>C\u0103ptu\u0219eal\u0103: 100% poliester<\/li>\n<li>Umplutur\u0103: vat\u0103 de nailon ultramodern\u0103, din fibre ultrafine<\/li>\n<\/ul>\n<p>&nbsp;<\/p>\n<p>&nbsp;<\/p>\n","protected":false},"excerpt":{"rendered":"<p>Manusile Leokid sunt concepute pentru a proteja mainile de frig, vant si precipitatii in timpul plimbarilor cu cel mic. Acestea pot fi folosite cu majoritatea carucioarelor. Sunt prinse de m\u00e2nerele c\u0103ruciorului cu scai velcro. M\u0103rimea este universal\u0103, a\u0219a c\u0103 sunt potrivite at\u00e2t pentru m\u00e2inile b\u0103rba\u021bilor, c\u00e2t \u0219i ale femeilor. Manusile au prev\u0103zut un sistem de [&hellip;]<\/p>\n","protected":false},"featured_media":28790,"comment_status":"open","ping_status":"closed","template":"","meta":{"site-sidebar-layout":"default","site-content-layout":"","ast-site-content-layout":"default","site-content-style":"default","site-sidebar-style":"default","ast-global-header-display":"","ast-banner-title-visibility":"","ast-main-header-display":"","ast-hfb-above-header-display":"","ast-hfb-below-header-display":"","ast-hfb-mobile-header-display":"","site-post-title":"","ast-breadcrumbs-content":"","ast-featured-img":"","footer-sml-layout":"","theme-transparent-header-meta":"default","adv-header-id-meta":"","stick-header-meta":"default","header-above-stick-meta":"","header-main-stick-meta":"","header-below-stick-meta":"","astra-migrate-meta-layouts":"set","ast-page-background-enabled":"default","ast-page-background-meta":{"desktop":{"background-color":"","background-image":"","background-repeat":"repeat","background-position":"center center","background-size":"auto","background-attachment":"scroll","background-type":"","background-media":"","overlay-type":"","overlay-color":"","overlay-opacity":"","overlay-gradient":""},"tablet":{"background-color":"","background-image":"","background-repeat":"repeat","background-position":"center center","background-size":"auto","background-attachment":"scroll","background-type":"","background-media":"","overlay-type":"","overlay-color":"","overlay-opacity":"","overlay-gradient":""},"mobile":{"background-color":"","background-image":"","background-repeat":"repeat","background-position":"center center","background-size":"auto","background-attachment":"scroll","background-type":"","background-media":"","overlay-type":"","overlay-color":"","overlay-opacity":"","overlay-gradient":""}},"ast-content-background-meta":{"desktop":{"background-color":"var(--ast-global-color-5)","background-image":"","background-repeat":"repeat","background-position":"center center","background-size":"auto","background-attachment":"scroll","background-type":"","background-media":"","overlay-type":"","overlay-color":"","overlay-opacity":"","overlay-gradient":""},"tablet":{"background-color":"var(--ast-global-color-5)","background-image":"","background-repeat":"repeat","background-position":"center center","background-size":"auto","background-attachment":"scroll","background-type":"","background-media":"","overlay-type":"","overlay-color":"","overlay-opacity":"","overlay-gradient":""},"mobile":{"background-color":"var(--ast-global-color-5)","background-image":"","background-repeat":"repeat","background-position":"center center","background-size":"auto","background-attachment":"scroll","background-type":"","background-media":"","overlay-type":"","overlay-color":"","overlay-opacity":"","overlay-gradient":""}}},"product_brand":[],"product_cat":[92,101],"product_tag":[],"class_list":{"0":"post-28789","1":"product","2":"type-product","3":"status-publish","4":"has-post-thumbnail","6":"product_cat-plimbari-confortabile-in-sezonul-rece","7":"product_cat-accesoriul-perfect-exista","8":"desktop-align-left","9":"tablet-align-left","10":"mobile-align-left","11":"ast-product-gallery-layout-horizontal-slider","12":"ast-product-tabs-layout-vertical","13":"ast-qv-on-image","15":"first","16":"instock","17":"shipping-taxable","18":"purchasable","19":"product-type-simple"},"yoast_head":"<!-- This site is optimized with the Yoast SEO plugin v22.6 - https:\/\/yoast.com\/wordpress\/plugins\/seo\/ -->\n<title>Manusi Leokid Black<\/title>\n<meta name=\"robots\" content=\"index, follow, max-snippet:-1, max-image-preview:large, max-video-preview:-1\" \/>\n<link rel=\"canonical\" href=\"https:\/\/bunnyboo.ro\/produs\/manusi-leokid-black\/\" \/>\n<meta property=\"og:locale\" content=\"en_US\" \/>\n<meta property=\"og:type\" content=\"article\" \/>\n<meta property=\"og:title\" content=\"Manusi Leokid Black\" \/>\n<meta property=\"og:description\" content=\"Manusile Leokid sunt concepute pentru a proteja mainile de frig, vant si precipitatii in timpul plimbarilor cu cel mic. Acestea pot fi folosite cu majoritatea carucioarelor. Sunt prinse de m\u00e2nerele c\u0103ruciorului cu scai velcro. M\u0103rimea este universal\u0103, a\u0219a c\u0103 sunt potrivite at\u00e2t pentru m\u00e2inile b\u0103rba\u021bilor, c\u00e2t \u0219i ale femeilor. Manusile au prev\u0103zut un sistem de [&hellip;]\" \/>\n<meta property=\"og:url\" content=\"https:\/\/bunnyboo.ro\/produs\/manusi-leokid-black\/\" \/>\n<meta property=\"og:site_name\" content=\"Bunny Boo\" \/>\n<meta property=\"article:modified_time\" content=\"2026-03-26T10:28:01+00:00\" \/>\n<meta property=\"og:image\" content=\"https:\/\/bunnyboo.ro\/wp-content\/uploads\/2024\/10\/leokid-hand-muffs-black.jpeg\" \/>\n\t<meta property=\"og:image:width\" content=\"330\" \/>\n\t<meta property=\"og:image:height\" content=\"440\" \/>\n\t<meta property=\"og:image:type\" content=\"image\/jpeg\" \/>\n<meta name=\"twitter:card\" content=\"summary_large_image\" \/>\n<meta name=\"twitter:label1\" content=\"Est. reading time\" \/>\n\t<meta name=\"twitter:data1\" content=\"1 minute\" \/>\n<script type=\"application\/ld+json\" class=\"yoast-schema-graph\">{\"@context\":\"https:\/\/schema.org\",\"@graph\":[{\"@type\":\"WebPage\",\"@id\":\"https:\/\/bunnyboo.ro\/produs\/manusi-leokid-black\/\",\"url\":\"https:\/\/bunnyboo.ro\/produs\/manusi-leokid-black\/\",\"name\":\"Manusi Leokid Black\",\"isPartOf\":{\"@id\":\"https:\/\/bunnyboo.ro\/#website\"},\"primaryImageOfPage\":{\"@id\":\"https:\/\/bunnyboo.ro\/produs\/manusi-leokid-black\/#primaryimage\"},\"image\":{\"@id\":\"https:\/\/bunnyboo.ro\/produs\/manusi-leokid-black\/#primaryimage\"},\"thumbnailUrl\":\"https:\/\/bunnyboo.ro\/wp-content\/uploads\/2024\/10\/leokid-hand-muffs-black.jpeg\",\"datePublished\":\"2024-10-03T07:21:47+00:00\",\"dateModified\":\"2026-03-26T10:28:01+00:00\",\"breadcrumb\":{\"@id\":\"https:\/\/bunnyboo.ro\/produs\/manusi-leokid-black\/#breadcrumb\"},\"inLanguage\":\"en-US\",\"potentialAction\":[{\"@type\":\"ReadAction\",\"target\":[\"https:\/\/bunnyboo.ro\/produs\/manusi-leokid-black\/\"]}]},{\"@type\":\"ImageObject\",\"inLanguage\":\"en-US\",\"@id\":\"https:\/\/bunnyboo.ro\/produs\/manusi-leokid-black\/#primaryimage\",\"url\":\"https:\/\/bunnyboo.ro\/wp-content\/uploads\/2024\/10\/leokid-hand-muffs-black.jpeg\",\"contentUrl\":\"https:\/\/bunnyboo.ro\/wp-content\/uploads\/2024\/10\/leokid-hand-muffs-black.jpeg\",\"width\":330,\"height\":440,\"caption\":\"Manusi Leokid Black\"},{\"@type\":\"BreadcrumbList\",\"@id\":\"https:\/\/bunnyboo.ro\/produs\/manusi-leokid-black\/#breadcrumb\",\"itemListElement\":[{\"@type\":\"ListItem\",\"position\":1,\"name\":\"Home\",\"item\":\"https:\/\/bunnyboo.ro\/en\/\"},{\"@type\":\"ListItem\",\"position\":2,\"name\":\"New\",\"item\":\"https:\/\/bunnyboo.ro\/en\/shop\/\"},{\"@type\":\"ListItem\",\"position\":3,\"name\":\"Manusi Leokid Black\"}]},{\"@type\":\"WebSite\",\"@id\":\"https:\/\/bunnyboo.ro\/#website\",\"url\":\"https:\/\/bunnyboo.ro\/\",\"name\":\"Bunny Boo\",\"description\":\"Bunny Boo\",\"publisher\":{\"@id\":\"https:\/\/bunnyboo.ro\/#organization\"},\"potentialAction\":[{\"@type\":\"SearchAction\",\"target\":{\"@type\":\"EntryPoint\",\"urlTemplate\":\"https:\/\/bunnyboo.ro\/?s={search_term_string}\"},\"query-input\":\"required name=search_term_string\"}],\"inLanguage\":\"en-US\"},{\"@type\":\"Organization\",\"@id\":\"https:\/\/bunnyboo.ro\/#organization\",\"name\":\"Bunny Boo\",\"url\":\"https:\/\/bunnyboo.ro\/\",\"logo\":{\"@type\":\"ImageObject\",\"inLanguage\":\"en-US\",\"@id\":\"https:\/\/bunnyboo.ro\/#\/schema\/logo\/image\/\",\"url\":\"https:\/\/bunnyboo.ro\/wp-content\/uploads\/2024\/03\/Logo-website-black.png\",\"contentUrl\":\"https:\/\/bunnyboo.ro\/wp-content\/uploads\/2024\/03\/Logo-website-black.png\",\"width\":2422,\"height\":946,\"caption\":\"Bunny Boo\"},\"image\":{\"@id\":\"https:\/\/bunnyboo.ro\/#\/schema\/logo\/image\/\"}}]}<\/script>\n<!-- \/ Yoast SEO plugin. -->","yoast_head_json":{"title":"Manusi Leokid Black","robots":{"index":"index","follow":"follow","max-snippet":"max-snippet:-1","max-image-preview":"max-image-preview:large","max-video-preview":"max-video-preview:-1"},"canonical":"https:\/\/bunnyboo.ro\/produs\/manusi-leokid-black\/","og_locale":"en_US","og_type":"article","og_title":"Manusi Leokid Black","og_description":"Manusile Leokid sunt concepute pentru a proteja mainile de frig, vant si precipitatii in timpul plimbarilor cu cel mic. Acestea pot fi folosite cu majoritatea carucioarelor. Sunt prinse de m\u00e2nerele c\u0103ruciorului cu scai velcro. M\u0103rimea este universal\u0103, a\u0219a c\u0103 sunt potrivite at\u00e2t pentru m\u00e2inile b\u0103rba\u021bilor, c\u00e2t \u0219i ale femeilor. Manusile au prev\u0103zut un sistem de [&hellip;]","og_url":"https:\/\/bunnyboo.ro\/produs\/manusi-leokid-black\/","og_site_name":"Bunny Boo","article_modified_time":"2026-03-26T10:28:01+00:00","og_image":[{"width":330,"height":440,"url":"https:\/\/bunnyboo.ro\/wp-content\/uploads\/2024\/10\/leokid-hand-muffs-black.jpeg","type":"image\/jpeg"}],"twitter_card":"summary_large_image","twitter_misc":{"Est. reading time":"1 minute"},"schema":{"@context":"https:\/\/schema.org","@graph":[{"@type":"WebPage","@id":"https:\/\/bunnyboo.ro\/produs\/manusi-leokid-black\/","url":"https:\/\/bunnyboo.ro\/produs\/manusi-leokid-black\/","name":"Manusi Leokid Black","isPartOf":{"@id":"https:\/\/bunnyboo.ro\/#website"},"primaryImageOfPage":{"@id":"https:\/\/bunnyboo.ro\/produs\/manusi-leokid-black\/#primaryimage"},"image":{"@id":"https:\/\/bunnyboo.ro\/produs\/manusi-leokid-black\/#primaryimage"},"thumbnailUrl":"https:\/\/bunnyboo.ro\/wp-content\/uploads\/2024\/10\/leokid-hand-muffs-black.jpeg","datePublished":"2024-10-03T07:21:47+00:00","dateModified":"2026-03-26T10:28:01+00:00","breadcrumb":{"@id":"https:\/\/bunnyboo.ro\/produs\/manusi-leokid-black\/#breadcrumb"},"inLanguage":"en-US","potentialAction":[{"@type":"ReadAction","target":["https:\/\/bunnyboo.ro\/produs\/manusi-leokid-black\/"]}]},{"@type":"ImageObject","inLanguage":"en-US","@id":"https:\/\/bunnyboo.ro\/produs\/manusi-leokid-black\/#primaryimage","url":"https:\/\/bunnyboo.ro\/wp-content\/uploads\/2024\/10\/leokid-hand-muffs-black.jpeg","contentUrl":"https:\/\/bunnyboo.ro\/wp-content\/uploads\/2024\/10\/leokid-hand-muffs-black.jpeg","width":330,"height":440,"caption":"Manusi Leokid Black"},{"@type":"BreadcrumbList","@id":"https:\/\/bunnyboo.ro\/produs\/manusi-leokid-black\/#breadcrumb","itemListElement":[{"@type":"ListItem","position":1,"name":"Home","item":"https:\/\/bunnyboo.ro\/en\/"},{"@type":"ListItem","position":2,"name":"New","item":"https:\/\/bunnyboo.ro\/en\/shop\/"},{"@type":"ListItem","position":3,"name":"Manusi Leokid Black"}]},{"@type":"WebSite","@id":"https:\/\/bunnyboo.ro\/#website","url":"https:\/\/bunnyboo.ro\/","name":"Bunny Boo","description":"Bunny Boo","publisher":{"@id":"https:\/\/bunnyboo.ro\/#organization"},"potentialAction":[{"@type":"SearchAction","target":{"@type":"EntryPoint","urlTemplate":"https:\/\/bunnyboo.ro\/?s={search_term_string}"},"query-input":"required name=search_term_string"}],"inLanguage":"en-US"},{"@type":"Organization","@id":"https:\/\/bunnyboo.ro\/#organization","name":"Bunny Boo","url":"https:\/\/bunnyboo.ro\/","logo":{"@type":"ImageObject","inLanguage":"en-US","@id":"https:\/\/bunnyboo.ro\/#\/schema\/logo\/image\/","url":"https:\/\/bunnyboo.ro\/wp-content\/uploads\/2024\/03\/Logo-website-black.png","contentUrl":"https:\/\/bunnyboo.ro\/wp-content\/uploads\/2024\/03\/Logo-website-black.png","width":2422,"height":946,"caption":"Bunny Boo"},"image":{"@id":"https:\/\/bunnyboo.ro\/#\/schema\/logo\/image\/"}}]}},"_links":{"self":[{"href":"https:\/\/bunnyboo.ro\/en\/wp-json\/wp\/v2\/product\/28789","targetHints":{"allow":["GET"]}}],"collection":[{"href":"https:\/\/bunnyboo.ro\/en\/wp-json\/wp\/v2\/product"}],"about":[{"href":"https:\/\/bunnyboo.ro\/en\/wp-json\/wp\/v2\/types\/product"}],"replies":[{"embeddable":true,"href":"https:\/\/bunnyboo.ro\/en\/wp-json\/wp\/v2\/comments?post=28789"}],"wp:featuredmedia":[{"embeddable":true,"href":"https:\/\/bunnyboo.ro\/en\/wp-json\/wp\/v2\/media\/28790"}],"wp:attachment":[{"href":"https:\/\/bunnyboo.ro\/en\/wp-json\/wp\/v2\/media?parent=28789"}],"wp:term":[{"taxonomy":"product_brand","embeddable":true,"href":"https:\/\/bunnyboo.ro\/en\/wp-json\/wp\/v2\/product_brand?post=28789"},{"taxonomy":"product_cat","embeddable":true,"href":"https:\/\/bunnyboo.ro\/en\/wp-json\/wp\/v2\/product_cat?post=28789"},{"taxonomy":"product_tag","embeddable":true,"href":"https:\/\/bunnyboo.ro\/en\/wp-json\/wp\/v2\/product_tag?post=28789"}],"curies":[{"name":"wp","href":"https:\/\/api.w.org\/{rel}","templated":true}]}}