{"id":28621,"date":"2024-09-30T10:45:22","date_gmt":"2024-09-30T07:45:22","guid":{"rendered":"https:\/\/bunnyboo.ro\/?post_type=product&#038;p=28621"},"modified":"2026-03-26T14:33:19","modified_gmt":"2026-03-26T12:33:19","slug":"caciula-liewood-bravo-mist","status":"publish","type":"product","link":"https:\/\/bunnyboo.ro\/en\/produs\/caciula-liewood-bravo-mist\/","title":{"rendered":"Caciula Liewood Bravo &#8211; Mist"},"content":{"rendered":"<p style=\"text-align: right;\">P\u0103stra\u021bi urechile la caldura, \u00een timp ce ar\u0103ta\u021bi elegant pe timpul iernii cu p\u0103l\u0103ria Bravo. Caciula de iarn\u0103 \u00een stil pilot are clape pentru urechi cu bretele reglabile, cu butoane snap pentru a se \u00eenchide sub b\u0103rbie sau deasupra, pentru o potrivire perfect\u0103. Fabricat din poliester 100% reciclat moale \u0219i cald, cu c\u0103ptu\u0219eal\u0103 moale din fleece.<\/p>\n<ul>\n<li>P\u0103l\u0103rie moale de iarn\u0103 \u00een stil pilot<\/li>\n<li>Material: 100% poliester reciclat<\/li>\n<li>Certificat OEKOTEX\u00ae conform standardului 100 \u2022 C\u0103ptu\u0219eal\u0103 moale din l\u00e2n\u0103<\/li>\n<li>Rabatabil \u00een fa\u021b\u0103<\/li>\n<li>Clape pentru urechi cu bretele reglabile cu butoane rapide \u2013 se \u00eenchid sub b\u0103rbie sau deasupra, pentru o potrivire perfect\u0103<\/li>\n<\/ul>\n","protected":false},"excerpt":{"rendered":"<p>P\u0103stra\u021bi urechile la caldura, \u00een timp ce ar\u0103ta\u021bi elegant pe timpul iernii cu p\u0103l\u0103ria Bravo. Caciula de iarn\u0103 \u00een stil pilot are clape pentru urechi cu bretele reglabile, cu butoane snap pentru a se \u00eenchide sub b\u0103rbie sau deasupra, pentru o potrivire perfect\u0103. Fabricat din poliester 100% reciclat moale \u0219i cald, cu c\u0103ptu\u0219eal\u0103 moale din [&hellip;]<\/p>\n","protected":false},"featured_media":28622,"comment_status":"open","ping_status":"closed","template":"","meta":{"site-sidebar-layout":"default","site-content-layout":"","ast-site-content-layout":"default","site-content-style":"default","site-sidebar-style":"default","ast-global-header-display":"","ast-banner-title-visibility":"","ast-main-header-display":"","ast-hfb-above-header-display":"","ast-hfb-below-header-display":"","ast-hfb-mobile-header-display":"","site-post-title":"","ast-breadcrumbs-content":"","ast-featured-img":"","footer-sml-layout":"","theme-transparent-header-meta":"default","adv-header-id-meta":"","stick-header-meta":"default","header-above-stick-meta":"","header-main-stick-meta":"","header-below-stick-meta":"","astra-migrate-meta-layouts":"set","ast-page-background-enabled":"default","ast-page-background-meta":{"desktop":{"background-color":"","background-image":"","background-repeat":"repeat","background-position":"center center","background-size":"auto","background-attachment":"scroll","background-type":"","background-media":"","overlay-type":"","overlay-color":"","overlay-opacity":"","overlay-gradient":""},"tablet":{"background-color":"","background-image":"","background-repeat":"repeat","background-position":"center center","background-size":"auto","background-attachment":"scroll","background-type":"","background-media":"","overlay-type":"","overlay-color":"","overlay-opacity":"","overlay-gradient":""},"mobile":{"background-color":"","background-image":"","background-repeat":"repeat","background-position":"center center","background-size":"auto","background-attachment":"scroll","background-type":"","background-media":"","overlay-type":"","overlay-color":"","overlay-opacity":"","overlay-gradient":""}},"ast-content-background-meta":{"desktop":{"background-color":"var(--ast-global-color-5)","background-image":"","background-repeat":"repeat","background-position":"center center","background-size":"auto","background-attachment":"scroll","background-type":"","background-media":"","overlay-type":"","overlay-color":"","overlay-opacity":"","overlay-gradient":""},"tablet":{"background-color":"var(--ast-global-color-5)","background-image":"","background-repeat":"repeat","background-position":"center center","background-size":"auto","background-attachment":"scroll","background-type":"","background-media":"","overlay-type":"","overlay-color":"","overlay-opacity":"","overlay-gradient":""},"mobile":{"background-color":"var(--ast-global-color-5)","background-image":"","background-repeat":"repeat","background-position":"center center","background-size":"auto","background-attachment":"scroll","background-type":"","background-media":"","overlay-type":"","overlay-color":"","overlay-opacity":"","overlay-gradient":""}}},"product_brand":[],"product_cat":[65,101],"product_tag":[],"class_list":{"0":"post-28621","1":"product","2":"type-product","3":"status-publish","4":"has-post-thumbnail","6":"product_cat-noutati-minunate-pentru-puiul-tau","7":"product_cat-accesoriul-perfect-exista","8":"pa_marime-3_4ani","9":"pa_marime-5_6ani","10":"desktop-align-left","11":"tablet-align-left","12":"mobile-align-left","13":"ast-product-gallery-layout-horizontal-slider","14":"ast-product-single-variable","15":"ast-product-tabs-layout-vertical","16":"ast-qv-on-image","18":"first","19":"instock","20":"shipping-taxable","21":"purchasable","22":"product-type-variable"},"yoast_head":"<!-- This site is optimized with the Yoast SEO plugin v22.6 - https:\/\/yoast.com\/wordpress\/plugins\/seo\/ -->\n<title>Caciula Liewood Bravo - Mist<\/title>\n<meta name=\"robots\" content=\"index, follow, max-snippet:-1, max-image-preview:large, max-video-preview:-1\" \/>\n<link rel=\"canonical\" href=\"https:\/\/bunnyboo.ro\/produs\/caciula-liewood-bravo-mist\/\" \/>\n<meta property=\"og:locale\" content=\"en_US\" \/>\n<meta property=\"og:type\" content=\"article\" \/>\n<meta property=\"og:title\" content=\"Caciula Liewood Bravo - Mist\" \/>\n<meta property=\"og:description\" content=\"P\u0103stra\u021bi urechile la caldura, \u00een timp ce ar\u0103ta\u021bi elegant pe timpul iernii cu p\u0103l\u0103ria Bravo. Caciula de iarn\u0103 \u00een stil pilot are clape pentru urechi cu bretele reglabile, cu butoane snap pentru a se \u00eenchide sub b\u0103rbie sau deasupra, pentru o potrivire perfect\u0103. Fabricat din poliester 100% reciclat moale \u0219i cald, cu c\u0103ptu\u0219eal\u0103 moale din [&hellip;]\" \/>\n<meta property=\"og:url\" content=\"https:\/\/bunnyboo.ro\/produs\/caciula-liewood-bravo-mist\/\" \/>\n<meta property=\"og:site_name\" content=\"Bunny Boo\" \/>\n<meta property=\"article:modified_time\" content=\"2026-03-26T12:33:19+00:00\" \/>\n<meta property=\"og:image\" content=\"https:\/\/bunnyboo.ro\/wp-content\/uploads\/2024\/09\/LW18673_Bravo-pile-hat_1500_Pack_1-1015x1024.png\" \/>\n\t<meta property=\"og:image:width\" content=\"1015\" \/>\n\t<meta property=\"og:image:height\" content=\"1024\" \/>\n\t<meta property=\"og:image:type\" content=\"image\/png\" \/>\n<meta name=\"twitter:card\" content=\"summary_large_image\" \/>\n<meta name=\"twitter:label1\" content=\"Est. reading time\" \/>\n\t<meta name=\"twitter:data1\" content=\"1 minute\" \/>\n<script type=\"application\/ld+json\" class=\"yoast-schema-graph\">{\"@context\":\"https:\/\/schema.org\",\"@graph\":[{\"@type\":\"WebPage\",\"@id\":\"https:\/\/bunnyboo.ro\/produs\/caciula-liewood-bravo-mist\/\",\"url\":\"https:\/\/bunnyboo.ro\/produs\/caciula-liewood-bravo-mist\/\",\"name\":\"Caciula Liewood Bravo - Mist\",\"isPartOf\":{\"@id\":\"https:\/\/bunnyboo.ro\/#website\"},\"primaryImageOfPage\":{\"@id\":\"https:\/\/bunnyboo.ro\/produs\/caciula-liewood-bravo-mist\/#primaryimage\"},\"image\":{\"@id\":\"https:\/\/bunnyboo.ro\/produs\/caciula-liewood-bravo-mist\/#primaryimage\"},\"thumbnailUrl\":\"https:\/\/bunnyboo.ro\/wp-content\/uploads\/2024\/09\/LW18673_Bravo-pile-hat_1500_Pack_1-scaled.png\",\"datePublished\":\"2024-09-30T07:45:22+00:00\",\"dateModified\":\"2026-03-26T12:33:19+00:00\",\"breadcrumb\":{\"@id\":\"https:\/\/bunnyboo.ro\/produs\/caciula-liewood-bravo-mist\/#breadcrumb\"},\"inLanguage\":\"en-US\",\"potentialAction\":[{\"@type\":\"ReadAction\",\"target\":[\"https:\/\/bunnyboo.ro\/produs\/caciula-liewood-bravo-mist\/\"]}]},{\"@type\":\"ImageObject\",\"inLanguage\":\"en-US\",\"@id\":\"https:\/\/bunnyboo.ro\/produs\/caciula-liewood-bravo-mist\/#primaryimage\",\"url\":\"https:\/\/bunnyboo.ro\/wp-content\/uploads\/2024\/09\/LW18673_Bravo-pile-hat_1500_Pack_1-scaled.png\",\"contentUrl\":\"https:\/\/bunnyboo.ro\/wp-content\/uploads\/2024\/09\/LW18673_Bravo-pile-hat_1500_Pack_1-scaled.png\",\"width\":2537,\"height\":2560},{\"@type\":\"BreadcrumbList\",\"@id\":\"https:\/\/bunnyboo.ro\/produs\/caciula-liewood-bravo-mist\/#breadcrumb\",\"itemListElement\":[{\"@type\":\"ListItem\",\"position\":1,\"name\":\"Home\",\"item\":\"https:\/\/bunnyboo.ro\/en\/\"},{\"@type\":\"ListItem\",\"position\":2,\"name\":\"New\",\"item\":\"https:\/\/bunnyboo.ro\/en\/shop\/\"},{\"@type\":\"ListItem\",\"position\":3,\"name\":\"Caciula Liewood Bravo &#8211; Mist\"}]},{\"@type\":\"WebSite\",\"@id\":\"https:\/\/bunnyboo.ro\/#website\",\"url\":\"https:\/\/bunnyboo.ro\/\",\"name\":\"Bunny Boo\",\"description\":\"Bunny Boo\",\"publisher\":{\"@id\":\"https:\/\/bunnyboo.ro\/#organization\"},\"potentialAction\":[{\"@type\":\"SearchAction\",\"target\":{\"@type\":\"EntryPoint\",\"urlTemplate\":\"https:\/\/bunnyboo.ro\/?s={search_term_string}\"},\"query-input\":\"required name=search_term_string\"}],\"inLanguage\":\"en-US\"},{\"@type\":\"Organization\",\"@id\":\"https:\/\/bunnyboo.ro\/#organization\",\"name\":\"Bunny Boo\",\"url\":\"https:\/\/bunnyboo.ro\/\",\"logo\":{\"@type\":\"ImageObject\",\"inLanguage\":\"en-US\",\"@id\":\"https:\/\/bunnyboo.ro\/#\/schema\/logo\/image\/\",\"url\":\"https:\/\/bunnyboo.ro\/wp-content\/uploads\/2024\/03\/Logo-website-black.png\",\"contentUrl\":\"https:\/\/bunnyboo.ro\/wp-content\/uploads\/2024\/03\/Logo-website-black.png\",\"width\":2422,\"height\":946,\"caption\":\"Bunny Boo\"},\"image\":{\"@id\":\"https:\/\/bunnyboo.ro\/#\/schema\/logo\/image\/\"}}]}<\/script>\n<!-- \/ Yoast SEO plugin. -->","yoast_head_json":{"title":"Caciula Liewood Bravo - Mist","robots":{"index":"index","follow":"follow","max-snippet":"max-snippet:-1","max-image-preview":"max-image-preview:large","max-video-preview":"max-video-preview:-1"},"canonical":"https:\/\/bunnyboo.ro\/produs\/caciula-liewood-bravo-mist\/","og_locale":"en_US","og_type":"article","og_title":"Caciula Liewood Bravo - Mist","og_description":"P\u0103stra\u021bi urechile la caldura, \u00een timp ce ar\u0103ta\u021bi elegant pe timpul iernii cu p\u0103l\u0103ria Bravo. Caciula de iarn\u0103 \u00een stil pilot are clape pentru urechi cu bretele reglabile, cu butoane snap pentru a se \u00eenchide sub b\u0103rbie sau deasupra, pentru o potrivire perfect\u0103. Fabricat din poliester 100% reciclat moale \u0219i cald, cu c\u0103ptu\u0219eal\u0103 moale din [&hellip;]","og_url":"https:\/\/bunnyboo.ro\/produs\/caciula-liewood-bravo-mist\/","og_site_name":"Bunny Boo","article_modified_time":"2026-03-26T12:33:19+00:00","og_image":[{"width":1015,"height":1024,"url":"https:\/\/bunnyboo.ro\/wp-content\/uploads\/2024\/09\/LW18673_Bravo-pile-hat_1500_Pack_1-1015x1024.png","type":"image\/png"}],"twitter_card":"summary_large_image","twitter_misc":{"Est. reading time":"1 minute"},"schema":{"@context":"https:\/\/schema.org","@graph":[{"@type":"WebPage","@id":"https:\/\/bunnyboo.ro\/produs\/caciula-liewood-bravo-mist\/","url":"https:\/\/bunnyboo.ro\/produs\/caciula-liewood-bravo-mist\/","name":"Caciula Liewood Bravo - Mist","isPartOf":{"@id":"https:\/\/bunnyboo.ro\/#website"},"primaryImageOfPage":{"@id":"https:\/\/bunnyboo.ro\/produs\/caciula-liewood-bravo-mist\/#primaryimage"},"image":{"@id":"https:\/\/bunnyboo.ro\/produs\/caciula-liewood-bravo-mist\/#primaryimage"},"thumbnailUrl":"https:\/\/bunnyboo.ro\/wp-content\/uploads\/2024\/09\/LW18673_Bravo-pile-hat_1500_Pack_1-scaled.png","datePublished":"2024-09-30T07:45:22+00:00","dateModified":"2026-03-26T12:33:19+00:00","breadcrumb":{"@id":"https:\/\/bunnyboo.ro\/produs\/caciula-liewood-bravo-mist\/#breadcrumb"},"inLanguage":"en-US","potentialAction":[{"@type":"ReadAction","target":["https:\/\/bunnyboo.ro\/produs\/caciula-liewood-bravo-mist\/"]}]},{"@type":"ImageObject","inLanguage":"en-US","@id":"https:\/\/bunnyboo.ro\/produs\/caciula-liewood-bravo-mist\/#primaryimage","url":"https:\/\/bunnyboo.ro\/wp-content\/uploads\/2024\/09\/LW18673_Bravo-pile-hat_1500_Pack_1-scaled.png","contentUrl":"https:\/\/bunnyboo.ro\/wp-content\/uploads\/2024\/09\/LW18673_Bravo-pile-hat_1500_Pack_1-scaled.png","width":2537,"height":2560},{"@type":"BreadcrumbList","@id":"https:\/\/bunnyboo.ro\/produs\/caciula-liewood-bravo-mist\/#breadcrumb","itemListElement":[{"@type":"ListItem","position":1,"name":"Home","item":"https:\/\/bunnyboo.ro\/en\/"},{"@type":"ListItem","position":2,"name":"New","item":"https:\/\/bunnyboo.ro\/en\/shop\/"},{"@type":"ListItem","position":3,"name":"Caciula Liewood Bravo &#8211; Mist"}]},{"@type":"WebSite","@id":"https:\/\/bunnyboo.ro\/#website","url":"https:\/\/bunnyboo.ro\/","name":"Bunny Boo","description":"Bunny Boo","publisher":{"@id":"https:\/\/bunnyboo.ro\/#organization"},"potentialAction":[{"@type":"SearchAction","target":{"@type":"EntryPoint","urlTemplate":"https:\/\/bunnyboo.ro\/?s={search_term_string}"},"query-input":"required name=search_term_string"}],"inLanguage":"en-US"},{"@type":"Organization","@id":"https:\/\/bunnyboo.ro\/#organization","name":"Bunny Boo","url":"https:\/\/bunnyboo.ro\/","logo":{"@type":"ImageObject","inLanguage":"en-US","@id":"https:\/\/bunnyboo.ro\/#\/schema\/logo\/image\/","url":"https:\/\/bunnyboo.ro\/wp-content\/uploads\/2024\/03\/Logo-website-black.png","contentUrl":"https:\/\/bunnyboo.ro\/wp-content\/uploads\/2024\/03\/Logo-website-black.png","width":2422,"height":946,"caption":"Bunny Boo"},"image":{"@id":"https:\/\/bunnyboo.ro\/#\/schema\/logo\/image\/"}}]}},"_links":{"self":[{"href":"https:\/\/bunnyboo.ro\/en\/wp-json\/wp\/v2\/product\/28621","targetHints":{"allow":["GET"]}}],"collection":[{"href":"https:\/\/bunnyboo.ro\/en\/wp-json\/wp\/v2\/product"}],"about":[{"href":"https:\/\/bunnyboo.ro\/en\/wp-json\/wp\/v2\/types\/product"}],"replies":[{"embeddable":true,"href":"https:\/\/bunnyboo.ro\/en\/wp-json\/wp\/v2\/comments?post=28621"}],"wp:featuredmedia":[{"embeddable":true,"href":"https:\/\/bunnyboo.ro\/en\/wp-json\/wp\/v2\/media\/28622"}],"wp:attachment":[{"href":"https:\/\/bunnyboo.ro\/en\/wp-json\/wp\/v2\/media?parent=28621"}],"wp:term":[{"taxonomy":"product_brand","embeddable":true,"href":"https:\/\/bunnyboo.ro\/en\/wp-json\/wp\/v2\/product_brand?post=28621"},{"taxonomy":"product_cat","embeddable":true,"href":"https:\/\/bunnyboo.ro\/en\/wp-json\/wp\/v2\/product_cat?post=28621"},{"taxonomy":"product_tag","embeddable":true,"href":"https:\/\/bunnyboo.ro\/en\/wp-json\/wp\/v2\/product_tag?post=28621"}],"curies":[{"name":"wp","href":"https:\/\/api.w.org\/{rel}","templated":true}]}}