{"id":28575,"date":"2024-09-30T09:26:34","date_gmt":"2024-09-30T06:26:34","guid":{"rendered":"https:\/\/bunnyboo.ro\/?post_type=product&#038;p=28575"},"modified":"2026-02-10T23:30:30","modified_gmt":"2026-02-10T21:30:30","slug":"miranda-printed-food-feeder-set-de-2-all-together-sandy","status":"publish","type":"product","link":"https:\/\/bunnyboo.ro\/en\/produs\/miranda-printed-food-feeder-set-de-2-all-together-sandy\/","title":{"rendered":"Miranda Printed Food Feeder &#8211; set de 2 &#8211; All together\/Sandy"},"content":{"rendered":"<p class=\"MsoNormal\" style=\"margin: 0cm 0cm 0.0001pt;\"><span lang=\"RO\">\u00cen timp ce toate \u00eenceputurile pot fi dificile, lumea alimentelor solide desf\u0103\u0219oar\u0103 o aventur\u0103 plin\u0103 de gust. Hr\u0103nitorul Miranda este accesoriul perfect pentru a introduce alimente solide celor mai micuti. Un recipient u\u0219or pentru alimente mici, cu blaturi perforate pentru a l\u0103sa doar pu\u021bin\u0103 m\u00e2ncare s\u0103 treac\u0103 \u0219i un design juc\u0103u\u0219.\u00a0<\/span><\/p>\n<p>&nbsp;<\/p>\n<p class=\"MsoNormal\" style=\"margin: 0cm 0cm 0.0001pt;\"><span lang=\"RO\">&#8211; Accesoriu perfect pentru introducerea alimentelor solide<\/span><\/p>\n<p class=\"MsoNormal\" style=\"margin: 0cm 0cm 0.0001pt;\"><span lang=\"RO\">&#8211; Un recipient u\u0219or pentru alimente mici<\/span><\/p>\n<p class=\"MsoNormal\" style=\"margin: 0cm 0cm 0.0001pt;\"><span lang=\"RO\">&#8211; Cu blaturi de hr\u0103nire perforate \u00een 2 m\u0103rimi<\/span><\/p>\n<p class=\"MsoNormal\" style=\"margin: 0cm 0cm 0.0001pt;\"><span lang=\"RO\">&#8211; Cu o func\u021bie juc\u0103u\u0219\u0103 de jucarie de denti\u021bie<\/span><\/p>\n<p class=\"MsoNormal\" style=\"margin: 0cm 0cm 0.0001pt;\"><span lang=\"RO\">&#8211; Se poate sp\u0103la \u00een ma\u0219ina de sp\u0103lat vase<\/span><\/p>\n<p class=\"MsoNormal\" style=\"margin: 0cm 0cm 0.0001pt;\"><span lang=\"RO\">&#8211; Dimensiuni: Diametru (cm) 5, Inaltime (cm) 10<\/span><\/p>\n<p>&nbsp;<\/p>\n<p class=\"MsoNormal\" style=\"margin: 0cm 0cm 0.0001pt;\"><span lang=\"RO\">Brand: Liewood<\/span><\/p>\n","protected":false},"excerpt":{"rendered":"<p>\u00cen timp ce toate \u00eenceputurile pot fi dificile, lumea alimentelor solide desf\u0103\u0219oar\u0103 o aventur\u0103 plin\u0103 de gust. Hr\u0103nitorul Miranda este accesoriul perfect pentru a introduce alimente solide celor mai micuti. Un recipient u\u0219or pentru alimente mici, cu blaturi perforate pentru a l\u0103sa doar pu\u021bin\u0103 m\u00e2ncare s\u0103 treac\u0103 \u0219i un design juc\u0103u\u0219.\u00a0 &nbsp; &#8211; Accesoriu perfect [&hellip;]<\/p>\n","protected":false},"featured_media":28576,"comment_status":"open","ping_status":"closed","template":"","meta":{"site-sidebar-layout":"default","site-content-layout":"","ast-site-content-layout":"default","site-content-style":"default","site-sidebar-style":"default","ast-global-header-display":"","ast-banner-title-visibility":"","ast-main-header-display":"","ast-hfb-above-header-display":"","ast-hfb-below-header-display":"","ast-hfb-mobile-header-display":"","site-post-title":"","ast-breadcrumbs-content":"","ast-featured-img":"","footer-sml-layout":"","theme-transparent-header-meta":"default","adv-header-id-meta":"","stick-header-meta":"default","header-above-stick-meta":"","header-main-stick-meta":"","header-below-stick-meta":"","astra-migrate-meta-layouts":"set","ast-page-background-enabled":"default","ast-page-background-meta":{"desktop":{"background-color":"","background-image":"","background-repeat":"repeat","background-position":"center center","background-size":"auto","background-attachment":"scroll","background-type":"","background-media":"","overlay-type":"","overlay-color":"","overlay-opacity":"","overlay-gradient":""},"tablet":{"background-color":"","background-image":"","background-repeat":"repeat","background-position":"center center","background-size":"auto","background-attachment":"scroll","background-type":"","background-media":"","overlay-type":"","overlay-color":"","overlay-opacity":"","overlay-gradient":""},"mobile":{"background-color":"","background-image":"","background-repeat":"repeat","background-position":"center center","background-size":"auto","background-attachment":"scroll","background-type":"","background-media":"","overlay-type":"","overlay-color":"","overlay-opacity":"","overlay-gradient":""}},"ast-content-background-meta":{"desktop":{"background-color":"var(--ast-global-color-5)","background-image":"","background-repeat":"repeat","background-position":"center center","background-size":"auto","background-attachment":"scroll","background-type":"","background-media":"","overlay-type":"","overlay-color":"","overlay-opacity":"","overlay-gradient":""},"tablet":{"background-color":"var(--ast-global-color-5)","background-image":"","background-repeat":"repeat","background-position":"center center","background-size":"auto","background-attachment":"scroll","background-type":"","background-media":"","overlay-type":"","overlay-color":"","overlay-opacity":"","overlay-gradient":""},"mobile":{"background-color":"var(--ast-global-color-5)","background-image":"","background-repeat":"repeat","background-position":"center center","background-size":"auto","background-attachment":"scroll","background-type":"","background-media":"","overlay-type":"","overlay-color":"","overlay-opacity":"","overlay-gradient":""}}},"product_brand":[],"product_cat":[65,83,86,132],"product_tag":[],"class_list":{"0":"post-28575","1":"product","2":"type-product","3":"status-publish","4":"has-post-thumbnail","6":"product_cat-noutati-minunate-pentru-puiul-tau","7":"product_cat-seturi-de-masa-moderne","8":"product_cat-ingrijire-pentru-puiul-tau-mic","9":"product_cat-reduceri-pentru-tine","10":"desktop-align-left","11":"tablet-align-left","12":"mobile-align-left","13":"ast-product-gallery-layout-horizontal-slider","14":"ast-product-tabs-layout-vertical","15":"ast-qv-on-image","17":"first","18":"instock","19":"sale","20":"shipping-taxable","21":"purchasable","22":"product-type-simple"},"yoast_head":"<!-- This site is optimized with the Yoast SEO plugin v22.6 - https:\/\/yoast.com\/wordpress\/plugins\/seo\/ -->\n<title>Miranda Printed Food Feeder - set de 2 - All together\/Sandy<\/title>\n<meta name=\"robots\" content=\"index, follow, max-snippet:-1, max-image-preview:large, max-video-preview:-1\" \/>\n<link rel=\"canonical\" href=\"https:\/\/bunnyboo.ro\/produs\/miranda-printed-food-feeder-set-de-2-all-together-sandy\/\" \/>\n<meta property=\"og:locale\" content=\"en_US\" \/>\n<meta property=\"og:type\" content=\"article\" \/>\n<meta property=\"og:title\" content=\"Miranda Printed Food Feeder - set de 2 - All together\/Sandy\" \/>\n<meta property=\"og:description\" content=\"\u00cen timp ce toate \u00eenceputurile pot fi dificile, lumea alimentelor solide desf\u0103\u0219oar\u0103 o aventur\u0103 plin\u0103 de gust. Hr\u0103nitorul Miranda este accesoriul perfect pentru a introduce alimente solide celor mai micuti. Un recipient u\u0219or pentru alimente mici, cu blaturi perforate pentru a l\u0103sa doar pu\u021bin\u0103 m\u00e2ncare s\u0103 treac\u0103 \u0219i un design juc\u0103u\u0219.\u00a0 &nbsp; &#8211; Accesoriu perfect [&hellip;]\" \/>\n<meta property=\"og:url\" content=\"https:\/\/bunnyboo.ro\/produs\/miranda-printed-food-feeder-set-de-2-all-together-sandy\/\" \/>\n<meta property=\"og:site_name\" content=\"Bunny Boo\" \/>\n<meta property=\"article:modified_time\" content=\"2026-02-10T21:30:30+00:00\" \/>\n<meta property=\"og:image\" content=\"https:\/\/bunnyboo.ro\/wp-content\/uploads\/2024\/09\/Miranda_Printed_Food_Feeder_2-Pack_LW19549_1499_All_together_Sandy_1.png\" \/>\n\t<meta property=\"og:image:width\" content=\"1200\" \/>\n\t<meta property=\"og:image:height\" content=\"717\" \/>\n\t<meta property=\"og:image:type\" content=\"image\/png\" \/>\n<meta name=\"twitter:card\" content=\"summary_large_image\" \/>\n<meta name=\"twitter:label1\" content=\"Est. reading time\" \/>\n\t<meta name=\"twitter:data1\" content=\"1 minute\" \/>\n<script type=\"application\/ld+json\" class=\"yoast-schema-graph\">{\"@context\":\"https:\/\/schema.org\",\"@graph\":[{\"@type\":\"WebPage\",\"@id\":\"https:\/\/bunnyboo.ro\/produs\/miranda-printed-food-feeder-set-de-2-all-together-sandy\/\",\"url\":\"https:\/\/bunnyboo.ro\/produs\/miranda-printed-food-feeder-set-de-2-all-together-sandy\/\",\"name\":\"Miranda Printed Food Feeder - set de 2 - All together\/Sandy\",\"isPartOf\":{\"@id\":\"https:\/\/bunnyboo.ro\/#website\"},\"primaryImageOfPage\":{\"@id\":\"https:\/\/bunnyboo.ro\/produs\/miranda-printed-food-feeder-set-de-2-all-together-sandy\/#primaryimage\"},\"image\":{\"@id\":\"https:\/\/bunnyboo.ro\/produs\/miranda-printed-food-feeder-set-de-2-all-together-sandy\/#primaryimage\"},\"thumbnailUrl\":\"https:\/\/bunnyboo.ro\/wp-content\/uploads\/2024\/09\/Miranda_Printed_Food_Feeder_2-Pack_LW19549_1499_All_together_Sandy_1.png\",\"datePublished\":\"2024-09-30T06:26:34+00:00\",\"dateModified\":\"2026-02-10T21:30:30+00:00\",\"breadcrumb\":{\"@id\":\"https:\/\/bunnyboo.ro\/produs\/miranda-printed-food-feeder-set-de-2-all-together-sandy\/#breadcrumb\"},\"inLanguage\":\"en-US\",\"potentialAction\":[{\"@type\":\"ReadAction\",\"target\":[\"https:\/\/bunnyboo.ro\/produs\/miranda-printed-food-feeder-set-de-2-all-together-sandy\/\"]}]},{\"@type\":\"ImageObject\",\"inLanguage\":\"en-US\",\"@id\":\"https:\/\/bunnyboo.ro\/produs\/miranda-printed-food-feeder-set-de-2-all-together-sandy\/#primaryimage\",\"url\":\"https:\/\/bunnyboo.ro\/wp-content\/uploads\/2024\/09\/Miranda_Printed_Food_Feeder_2-Pack_LW19549_1499_All_together_Sandy_1.png\",\"contentUrl\":\"https:\/\/bunnyboo.ro\/wp-content\/uploads\/2024\/09\/Miranda_Printed_Food_Feeder_2-Pack_LW19549_1499_All_together_Sandy_1.png\",\"width\":1200,\"height\":717},{\"@type\":\"BreadcrumbList\",\"@id\":\"https:\/\/bunnyboo.ro\/produs\/miranda-printed-food-feeder-set-de-2-all-together-sandy\/#breadcrumb\",\"itemListElement\":[{\"@type\":\"ListItem\",\"position\":1,\"name\":\"Home\",\"item\":\"https:\/\/bunnyboo.ro\/en\/\"},{\"@type\":\"ListItem\",\"position\":2,\"name\":\"New\",\"item\":\"https:\/\/bunnyboo.ro\/en\/shop\/\"},{\"@type\":\"ListItem\",\"position\":3,\"name\":\"Miranda Printed Food Feeder &#8211; set de 2 &#8211; All together\/Sandy\"}]},{\"@type\":\"WebSite\",\"@id\":\"https:\/\/bunnyboo.ro\/#website\",\"url\":\"https:\/\/bunnyboo.ro\/\",\"name\":\"Bunny Boo\",\"description\":\"Bunny Boo\",\"publisher\":{\"@id\":\"https:\/\/bunnyboo.ro\/#organization\"},\"potentialAction\":[{\"@type\":\"SearchAction\",\"target\":{\"@type\":\"EntryPoint\",\"urlTemplate\":\"https:\/\/bunnyboo.ro\/?s={search_term_string}\"},\"query-input\":\"required name=search_term_string\"}],\"inLanguage\":\"en-US\"},{\"@type\":\"Organization\",\"@id\":\"https:\/\/bunnyboo.ro\/#organization\",\"name\":\"Bunny Boo\",\"url\":\"https:\/\/bunnyboo.ro\/\",\"logo\":{\"@type\":\"ImageObject\",\"inLanguage\":\"en-US\",\"@id\":\"https:\/\/bunnyboo.ro\/#\/schema\/logo\/image\/\",\"url\":\"https:\/\/bunnyboo.ro\/wp-content\/uploads\/2024\/03\/Logo-website-black.png\",\"contentUrl\":\"https:\/\/bunnyboo.ro\/wp-content\/uploads\/2024\/03\/Logo-website-black.png\",\"width\":2422,\"height\":946,\"caption\":\"Bunny Boo\"},\"image\":{\"@id\":\"https:\/\/bunnyboo.ro\/#\/schema\/logo\/image\/\"}}]}<\/script>\n<!-- \/ Yoast SEO plugin. -->","yoast_head_json":{"title":"Miranda Printed Food Feeder - set de 2 - All together\/Sandy","robots":{"index":"index","follow":"follow","max-snippet":"max-snippet:-1","max-image-preview":"max-image-preview:large","max-video-preview":"max-video-preview:-1"},"canonical":"https:\/\/bunnyboo.ro\/produs\/miranda-printed-food-feeder-set-de-2-all-together-sandy\/","og_locale":"en_US","og_type":"article","og_title":"Miranda Printed Food Feeder - set de 2 - All together\/Sandy","og_description":"\u00cen timp ce toate \u00eenceputurile pot fi dificile, lumea alimentelor solide desf\u0103\u0219oar\u0103 o aventur\u0103 plin\u0103 de gust. Hr\u0103nitorul Miranda este accesoriul perfect pentru a introduce alimente solide celor mai micuti. Un recipient u\u0219or pentru alimente mici, cu blaturi perforate pentru a l\u0103sa doar pu\u021bin\u0103 m\u00e2ncare s\u0103 treac\u0103 \u0219i un design juc\u0103u\u0219.\u00a0 &nbsp; &#8211; Accesoriu perfect [&hellip;]","og_url":"https:\/\/bunnyboo.ro\/produs\/miranda-printed-food-feeder-set-de-2-all-together-sandy\/","og_site_name":"Bunny Boo","article_modified_time":"2026-02-10T21:30:30+00:00","og_image":[{"width":1200,"height":717,"url":"https:\/\/bunnyboo.ro\/wp-content\/uploads\/2024\/09\/Miranda_Printed_Food_Feeder_2-Pack_LW19549_1499_All_together_Sandy_1.png","type":"image\/png"}],"twitter_card":"summary_large_image","twitter_misc":{"Est. reading time":"1 minute"},"schema":{"@context":"https:\/\/schema.org","@graph":[{"@type":"WebPage","@id":"https:\/\/bunnyboo.ro\/produs\/miranda-printed-food-feeder-set-de-2-all-together-sandy\/","url":"https:\/\/bunnyboo.ro\/produs\/miranda-printed-food-feeder-set-de-2-all-together-sandy\/","name":"Miranda Printed Food Feeder - set de 2 - All together\/Sandy","isPartOf":{"@id":"https:\/\/bunnyboo.ro\/#website"},"primaryImageOfPage":{"@id":"https:\/\/bunnyboo.ro\/produs\/miranda-printed-food-feeder-set-de-2-all-together-sandy\/#primaryimage"},"image":{"@id":"https:\/\/bunnyboo.ro\/produs\/miranda-printed-food-feeder-set-de-2-all-together-sandy\/#primaryimage"},"thumbnailUrl":"https:\/\/bunnyboo.ro\/wp-content\/uploads\/2024\/09\/Miranda_Printed_Food_Feeder_2-Pack_LW19549_1499_All_together_Sandy_1.png","datePublished":"2024-09-30T06:26:34+00:00","dateModified":"2026-02-10T21:30:30+00:00","breadcrumb":{"@id":"https:\/\/bunnyboo.ro\/produs\/miranda-printed-food-feeder-set-de-2-all-together-sandy\/#breadcrumb"},"inLanguage":"en-US","potentialAction":[{"@type":"ReadAction","target":["https:\/\/bunnyboo.ro\/produs\/miranda-printed-food-feeder-set-de-2-all-together-sandy\/"]}]},{"@type":"ImageObject","inLanguage":"en-US","@id":"https:\/\/bunnyboo.ro\/produs\/miranda-printed-food-feeder-set-de-2-all-together-sandy\/#primaryimage","url":"https:\/\/bunnyboo.ro\/wp-content\/uploads\/2024\/09\/Miranda_Printed_Food_Feeder_2-Pack_LW19549_1499_All_together_Sandy_1.png","contentUrl":"https:\/\/bunnyboo.ro\/wp-content\/uploads\/2024\/09\/Miranda_Printed_Food_Feeder_2-Pack_LW19549_1499_All_together_Sandy_1.png","width":1200,"height":717},{"@type":"BreadcrumbList","@id":"https:\/\/bunnyboo.ro\/produs\/miranda-printed-food-feeder-set-de-2-all-together-sandy\/#breadcrumb","itemListElement":[{"@type":"ListItem","position":1,"name":"Home","item":"https:\/\/bunnyboo.ro\/en\/"},{"@type":"ListItem","position":2,"name":"New","item":"https:\/\/bunnyboo.ro\/en\/shop\/"},{"@type":"ListItem","position":3,"name":"Miranda Printed Food Feeder &#8211; set de 2 &#8211; All together\/Sandy"}]},{"@type":"WebSite","@id":"https:\/\/bunnyboo.ro\/#website","url":"https:\/\/bunnyboo.ro\/","name":"Bunny Boo","description":"Bunny Boo","publisher":{"@id":"https:\/\/bunnyboo.ro\/#organization"},"potentialAction":[{"@type":"SearchAction","target":{"@type":"EntryPoint","urlTemplate":"https:\/\/bunnyboo.ro\/?s={search_term_string}"},"query-input":"required name=search_term_string"}],"inLanguage":"en-US"},{"@type":"Organization","@id":"https:\/\/bunnyboo.ro\/#organization","name":"Bunny Boo","url":"https:\/\/bunnyboo.ro\/","logo":{"@type":"ImageObject","inLanguage":"en-US","@id":"https:\/\/bunnyboo.ro\/#\/schema\/logo\/image\/","url":"https:\/\/bunnyboo.ro\/wp-content\/uploads\/2024\/03\/Logo-website-black.png","contentUrl":"https:\/\/bunnyboo.ro\/wp-content\/uploads\/2024\/03\/Logo-website-black.png","width":2422,"height":946,"caption":"Bunny Boo"},"image":{"@id":"https:\/\/bunnyboo.ro\/#\/schema\/logo\/image\/"}}]}},"_links":{"self":[{"href":"https:\/\/bunnyboo.ro\/en\/wp-json\/wp\/v2\/product\/28575","targetHints":{"allow":["GET"]}}],"collection":[{"href":"https:\/\/bunnyboo.ro\/en\/wp-json\/wp\/v2\/product"}],"about":[{"href":"https:\/\/bunnyboo.ro\/en\/wp-json\/wp\/v2\/types\/product"}],"replies":[{"embeddable":true,"href":"https:\/\/bunnyboo.ro\/en\/wp-json\/wp\/v2\/comments?post=28575"}],"wp:featuredmedia":[{"embeddable":true,"href":"https:\/\/bunnyboo.ro\/en\/wp-json\/wp\/v2\/media\/28576"}],"wp:attachment":[{"href":"https:\/\/bunnyboo.ro\/en\/wp-json\/wp\/v2\/media?parent=28575"}],"wp:term":[{"taxonomy":"product_brand","embeddable":true,"href":"https:\/\/bunnyboo.ro\/en\/wp-json\/wp\/v2\/product_brand?post=28575"},{"taxonomy":"product_cat","embeddable":true,"href":"https:\/\/bunnyboo.ro\/en\/wp-json\/wp\/v2\/product_cat?post=28575"},{"taxonomy":"product_tag","embeddable":true,"href":"https:\/\/bunnyboo.ro\/en\/wp-json\/wp\/v2\/product_tag?post=28575"}],"curies":[{"name":"wp","href":"https:\/\/api.w.org\/{rel}","templated":true}]}}