{"id":28404,"date":"2024-09-12T13:29:57","date_gmt":"2024-09-12T10:29:57","guid":{"rendered":"https:\/\/bunnyboo.ro\/?post_type=product&#038;p=28404"},"modified":"2025-11-09T21:21:35","modified_gmt":"2025-11-09T19:21:35","slug":"teether-din-cauciuc-natural-bear-honey","status":"publish","type":"product","link":"https:\/\/bunnyboo.ro\/en\/produs\/teether-din-cauciuc-natural-bear-honey\/","title":{"rendered":"Teether din cauciuc natural Moonie &#8211; Bear Honey"},"content":{"rendered":"<p>Jucaria de dentitie din cauciuc natural MOONIE a fost proiectat\u0103 cu atentie pentru a calma gingiile dureroase in timpul eruptiilor dentare, oferind in acelasi timp o experienta senzoriala sigura si placuta.<\/p>\n<p>Fabricat 100% din cauciuc natural, ofer\u0103 o varietate de texturi pentru a ajuta la calmarea micu\u021bului dvs., devenind astfel un instrument esen\u021bial pentru p\u0103rin\u021bi.<\/p>\n<p>Caracteristici cheie:<\/p>\n<p>Ameliorarea durerii: dispozitivul de dentitie este conceput pentru a oferi alinare in timpul dentitiei prin calmarea gingiilor dureroase.<\/p>\n<p>Stimularea senzorial\u0103: O varietate de texturi \u0219i forme lini\u0219te\u0219te copilul, sus\u021bin\u00e2nd dezvoltarea senzorial\u0103 a acestuia.<\/p>\n<p>Prietenos pentru bebelu\u0219i: Dimensiunea mic\u0103 \u0219i forma ergonomic\u0103 sunt dimensionate perfect pentru m\u00e2ini mici, f\u0103c\u00e2ndu-l u\u0219or de prins \u0219i confortabil de utilizat.<\/p>\n<p>Igienic: Este rezistent in mod natural la bacterii si mucegai, asigurand un nivel ridicat de igiena. U\u0219or de cur\u0103\u021bat, ceea ce \u00eel face o alegere practic\u0103 pentru p\u0103rin\u021bi.<\/p>\n<p>Natural \u0219i sigur: Fabricat din latex natural pur ob\u021binut din seva arborelui de cauciuc HEVEA, este complet biodegradabil \u0219i bl\u00e2nd cu pielea bebelu\u0219ului. F\u0103r\u0103 BPA, ftala\u021bi \u0219i nitrozamine.<\/p>\n<p>Siguran\u021b\u0103 certificat\u0103: Pictat manual cu vopsele non-toxice de calitate alimentar\u0103, fiecare dispozitiv de denti\u021bie este unic. Produsul \u00eendepline\u0219te standardele stricte de siguran\u021b\u0103 EN71 \u0219i ASTM F963-11.<\/p>\n<p>Prietenos cu mediul: Procesul de produc\u021bie este sustenabil \u0219i certificat conform standardelor FSC \u0219i GOLS, asigur\u00e2ndu-se c\u0103 fiecare dispozitiv de denti\u021bie este at\u00e2t ecologic, c\u00e2t \u0219i sigur pentru bebelu\u0219ul t\u0103u.<\/p>\n<p>Perfect pentru:<\/p>\n<p>Bebelu\u0219i de la 0 luni \u00een sus.<\/p>\n<p>P\u0103rin\u021bii care caut\u0103 o solu\u021bie sigur\u0103, natural\u0103 \u0219i ecologic\u0103 pentru denti\u021bie.<\/p>\n<p>Instruc\u021biuni de \u00eengrijire:<\/p>\n<p>Este u\u0219or de cur\u0103\u021bat cu ap\u0103 cald\u0103 \u0219i s\u0103pun delicat. Evita\u021bi expunerea prelungit\u0103 la lumina direct\u0103 a soarelui sau la c\u0103ldur\u0103, care poate provoca deteriorarea cauciucului natural.<\/p>\n","protected":false},"excerpt":{"rendered":"<p>Jucaria de dentitie din cauciuc natural MOONIE a fost proiectat\u0103 cu atentie pentru a calma gingiile dureroase in timpul eruptiilor dentare, oferind in acelasi timp o experienta senzoriala sigura si placuta. Fabricat 100% din cauciuc natural, ofer\u0103 o varietate de texturi pentru a ajuta la calmarea micu\u021bului dvs., devenind astfel un instrument esen\u021bial pentru p\u0103rin\u021bi. [&hellip;]<\/p>\n","protected":false},"featured_media":28409,"comment_status":"open","ping_status":"closed","template":"","meta":{"site-sidebar-layout":"default","site-content-layout":"","ast-site-content-layout":"default","site-content-style":"default","site-sidebar-style":"default","ast-global-header-display":"","ast-banner-title-visibility":"","ast-main-header-display":"","ast-hfb-above-header-display":"","ast-hfb-below-header-display":"","ast-hfb-mobile-header-display":"","site-post-title":"","ast-breadcrumbs-content":"","ast-featured-img":"","footer-sml-layout":"","theme-transparent-header-meta":"default","adv-header-id-meta":"","stick-header-meta":"default","header-above-stick-meta":"","header-main-stick-meta":"","header-below-stick-meta":"","astra-migrate-meta-layouts":"set","ast-page-background-enabled":"default","ast-page-background-meta":{"desktop":{"background-color":"","background-image":"","background-repeat":"repeat","background-position":"center center","background-size":"auto","background-attachment":"scroll","background-type":"","background-media":"","overlay-type":"","overlay-color":"","overlay-opacity":"","overlay-gradient":""},"tablet":{"background-color":"","background-image":"","background-repeat":"repeat","background-position":"center center","background-size":"auto","background-attachment":"scroll","background-type":"","background-media":"","overlay-type":"","overlay-color":"","overlay-opacity":"","overlay-gradient":""},"mobile":{"background-color":"","background-image":"","background-repeat":"repeat","background-position":"center center","background-size":"auto","background-attachment":"scroll","background-type":"","background-media":"","overlay-type":"","overlay-color":"","overlay-opacity":"","overlay-gradient":""}},"ast-content-background-meta":{"desktop":{"background-color":"var(--ast-global-color-5)","background-image":"","background-repeat":"repeat","background-position":"center center","background-size":"auto","background-attachment":"scroll","background-type":"","background-media":"","overlay-type":"","overlay-color":"","overlay-opacity":"","overlay-gradient":""},"tablet":{"background-color":"var(--ast-global-color-5)","background-image":"","background-repeat":"repeat","background-position":"center center","background-size":"auto","background-attachment":"scroll","background-type":"","background-media":"","overlay-type":"","overlay-color":"","overlay-opacity":"","overlay-gradient":""},"mobile":{"background-color":"var(--ast-global-color-5)","background-image":"","background-repeat":"repeat","background-position":"center center","background-size":"auto","background-attachment":"scroll","background-type":"","background-media":"","overlay-type":"","overlay-color":"","overlay-opacity":"","overlay-gradient":""}}},"product_brand":[],"product_cat":[51,65],"product_tag":[],"class_list":{"0":"post-28404","1":"product","2":"type-product","3":"status-publish","4":"has-post-thumbnail","6":"product_cat-jucarii-pentru-puiul-tau-mic","7":"product_cat-noutati-minunate-pentru-puiul-tau","8":"desktop-align-left","9":"tablet-align-left","10":"mobile-align-left","11":"ast-product-gallery-layout-horizontal-slider","12":"ast-product-tabs-layout-vertical","13":"ast-qv-on-image","15":"first","16":"instock","17":"shipping-taxable","18":"purchasable","19":"product-type-simple"},"yoast_head":"<!-- This site is optimized with the Yoast SEO plugin v22.6 - https:\/\/yoast.com\/wordpress\/plugins\/seo\/ -->\n<title>Teether din cauciuc natural Moonie - Bear Honey<\/title>\n<meta name=\"robots\" content=\"index, follow, max-snippet:-1, max-image-preview:large, max-video-preview:-1\" \/>\n<link rel=\"canonical\" href=\"https:\/\/bunnyboo.ro\/produs\/teether-din-cauciuc-natural-bear-honey\/\" \/>\n<meta property=\"og:locale\" content=\"en_US\" \/>\n<meta property=\"og:type\" content=\"article\" \/>\n<meta property=\"og:title\" content=\"Teether din cauciuc natural Moonie - Bear Honey\" \/>\n<meta property=\"og:description\" content=\"Jucaria de dentitie din cauciuc natural MOONIE a fost proiectat\u0103 cu atentie pentru a calma gingiile dureroase in timpul eruptiilor dentare, oferind in acelasi timp o experienta senzoriala sigura si placuta. Fabricat 100% din cauciuc natural, ofer\u0103 o varietate de texturi pentru a ajuta la calmarea micu\u021bului dvs., devenind astfel un instrument esen\u021bial pentru p\u0103rin\u021bi. [&hellip;]\" \/>\n<meta property=\"og:url\" content=\"https:\/\/bunnyboo.ro\/produs\/teether-din-cauciuc-natural-bear-honey\/\" \/>\n<meta property=\"og:site_name\" content=\"Bunny Boo\" \/>\n<meta property=\"article:modified_time\" content=\"2025-11-09T19:21:35+00:00\" \/>\n<meta property=\"og:image\" content=\"https:\/\/bunnyboo.ro\/wp-content\/uploads\/2024\/09\/843.jpeg\" \/>\n\t<meta property=\"og:image:width\" content=\"500\" \/>\n\t<meta property=\"og:image:height\" content=\"500\" \/>\n\t<meta property=\"og:image:type\" content=\"image\/jpeg\" \/>\n<meta name=\"twitter:card\" content=\"summary_large_image\" \/>\n<meta name=\"twitter:label1\" content=\"Est. reading time\" \/>\n\t<meta name=\"twitter:data1\" content=\"2 minutes\" \/>\n<script type=\"application\/ld+json\" class=\"yoast-schema-graph\">{\"@context\":\"https:\/\/schema.org\",\"@graph\":[{\"@type\":\"WebPage\",\"@id\":\"https:\/\/bunnyboo.ro\/produs\/teether-din-cauciuc-natural-bear-honey\/\",\"url\":\"https:\/\/bunnyboo.ro\/produs\/teether-din-cauciuc-natural-bear-honey\/\",\"name\":\"Teether din cauciuc natural Moonie - Bear Honey\",\"isPartOf\":{\"@id\":\"https:\/\/bunnyboo.ro\/#website\"},\"primaryImageOfPage\":{\"@id\":\"https:\/\/bunnyboo.ro\/produs\/teether-din-cauciuc-natural-bear-honey\/#primaryimage\"},\"image\":{\"@id\":\"https:\/\/bunnyboo.ro\/produs\/teether-din-cauciuc-natural-bear-honey\/#primaryimage\"},\"thumbnailUrl\":\"https:\/\/bunnyboo.ro\/wp-content\/uploads\/2024\/09\/843.jpeg\",\"datePublished\":\"2024-09-12T10:29:57+00:00\",\"dateModified\":\"2025-11-09T19:21:35+00:00\",\"breadcrumb\":{\"@id\":\"https:\/\/bunnyboo.ro\/produs\/teether-din-cauciuc-natural-bear-honey\/#breadcrumb\"},\"inLanguage\":\"en-US\",\"potentialAction\":[{\"@type\":\"ReadAction\",\"target\":[\"https:\/\/bunnyboo.ro\/produs\/teether-din-cauciuc-natural-bear-honey\/\"]}]},{\"@type\":\"ImageObject\",\"inLanguage\":\"en-US\",\"@id\":\"https:\/\/bunnyboo.ro\/produs\/teether-din-cauciuc-natural-bear-honey\/#primaryimage\",\"url\":\"https:\/\/bunnyboo.ro\/wp-content\/uploads\/2024\/09\/843.jpeg\",\"contentUrl\":\"https:\/\/bunnyboo.ro\/wp-content\/uploads\/2024\/09\/843.jpeg\",\"width\":500,\"height\":500,\"caption\":\"Teether din cauciuc natural Moonie Bear\"},{\"@type\":\"BreadcrumbList\",\"@id\":\"https:\/\/bunnyboo.ro\/produs\/teether-din-cauciuc-natural-bear-honey\/#breadcrumb\",\"itemListElement\":[{\"@type\":\"ListItem\",\"position\":1,\"name\":\"Home\",\"item\":\"https:\/\/bunnyboo.ro\/en\/\"},{\"@type\":\"ListItem\",\"position\":2,\"name\":\"New\",\"item\":\"https:\/\/bunnyboo.ro\/en\/shop\/\"},{\"@type\":\"ListItem\",\"position\":3,\"name\":\"Teether din cauciuc natural Moonie &#8211; Bear Honey\"}]},{\"@type\":\"WebSite\",\"@id\":\"https:\/\/bunnyboo.ro\/#website\",\"url\":\"https:\/\/bunnyboo.ro\/\",\"name\":\"Bunny Boo\",\"description\":\"Bunny Boo\",\"publisher\":{\"@id\":\"https:\/\/bunnyboo.ro\/#organization\"},\"potentialAction\":[{\"@type\":\"SearchAction\",\"target\":{\"@type\":\"EntryPoint\",\"urlTemplate\":\"https:\/\/bunnyboo.ro\/?s={search_term_string}\"},\"query-input\":\"required name=search_term_string\"}],\"inLanguage\":\"en-US\"},{\"@type\":\"Organization\",\"@id\":\"https:\/\/bunnyboo.ro\/#organization\",\"name\":\"Bunny Boo\",\"url\":\"https:\/\/bunnyboo.ro\/\",\"logo\":{\"@type\":\"ImageObject\",\"inLanguage\":\"en-US\",\"@id\":\"https:\/\/bunnyboo.ro\/#\/schema\/logo\/image\/\",\"url\":\"https:\/\/bunnyboo.ro\/wp-content\/uploads\/2024\/03\/Logo-website-black.png\",\"contentUrl\":\"https:\/\/bunnyboo.ro\/wp-content\/uploads\/2024\/03\/Logo-website-black.png\",\"width\":2422,\"height\":946,\"caption\":\"Bunny Boo\"},\"image\":{\"@id\":\"https:\/\/bunnyboo.ro\/#\/schema\/logo\/image\/\"}}]}<\/script>\n<!-- \/ Yoast SEO plugin. -->","yoast_head_json":{"title":"Teether din cauciuc natural Moonie - Bear Honey","robots":{"index":"index","follow":"follow","max-snippet":"max-snippet:-1","max-image-preview":"max-image-preview:large","max-video-preview":"max-video-preview:-1"},"canonical":"https:\/\/bunnyboo.ro\/produs\/teether-din-cauciuc-natural-bear-honey\/","og_locale":"en_US","og_type":"article","og_title":"Teether din cauciuc natural Moonie - Bear Honey","og_description":"Jucaria de dentitie din cauciuc natural MOONIE a fost proiectat\u0103 cu atentie pentru a calma gingiile dureroase in timpul eruptiilor dentare, oferind in acelasi timp o experienta senzoriala sigura si placuta. Fabricat 100% din cauciuc natural, ofer\u0103 o varietate de texturi pentru a ajuta la calmarea micu\u021bului dvs., devenind astfel un instrument esen\u021bial pentru p\u0103rin\u021bi. [&hellip;]","og_url":"https:\/\/bunnyboo.ro\/produs\/teether-din-cauciuc-natural-bear-honey\/","og_site_name":"Bunny Boo","article_modified_time":"2025-11-09T19:21:35+00:00","og_image":[{"width":500,"height":500,"url":"https:\/\/bunnyboo.ro\/wp-content\/uploads\/2024\/09\/843.jpeg","type":"image\/jpeg"}],"twitter_card":"summary_large_image","twitter_misc":{"Est. reading time":"2 minutes"},"schema":{"@context":"https:\/\/schema.org","@graph":[{"@type":"WebPage","@id":"https:\/\/bunnyboo.ro\/produs\/teether-din-cauciuc-natural-bear-honey\/","url":"https:\/\/bunnyboo.ro\/produs\/teether-din-cauciuc-natural-bear-honey\/","name":"Teether din cauciuc natural Moonie - Bear Honey","isPartOf":{"@id":"https:\/\/bunnyboo.ro\/#website"},"primaryImageOfPage":{"@id":"https:\/\/bunnyboo.ro\/produs\/teether-din-cauciuc-natural-bear-honey\/#primaryimage"},"image":{"@id":"https:\/\/bunnyboo.ro\/produs\/teether-din-cauciuc-natural-bear-honey\/#primaryimage"},"thumbnailUrl":"https:\/\/bunnyboo.ro\/wp-content\/uploads\/2024\/09\/843.jpeg","datePublished":"2024-09-12T10:29:57+00:00","dateModified":"2025-11-09T19:21:35+00:00","breadcrumb":{"@id":"https:\/\/bunnyboo.ro\/produs\/teether-din-cauciuc-natural-bear-honey\/#breadcrumb"},"inLanguage":"en-US","potentialAction":[{"@type":"ReadAction","target":["https:\/\/bunnyboo.ro\/produs\/teether-din-cauciuc-natural-bear-honey\/"]}]},{"@type":"ImageObject","inLanguage":"en-US","@id":"https:\/\/bunnyboo.ro\/produs\/teether-din-cauciuc-natural-bear-honey\/#primaryimage","url":"https:\/\/bunnyboo.ro\/wp-content\/uploads\/2024\/09\/843.jpeg","contentUrl":"https:\/\/bunnyboo.ro\/wp-content\/uploads\/2024\/09\/843.jpeg","width":500,"height":500,"caption":"Teether din cauciuc natural Moonie Bear"},{"@type":"BreadcrumbList","@id":"https:\/\/bunnyboo.ro\/produs\/teether-din-cauciuc-natural-bear-honey\/#breadcrumb","itemListElement":[{"@type":"ListItem","position":1,"name":"Home","item":"https:\/\/bunnyboo.ro\/en\/"},{"@type":"ListItem","position":2,"name":"New","item":"https:\/\/bunnyboo.ro\/en\/shop\/"},{"@type":"ListItem","position":3,"name":"Teether din cauciuc natural Moonie &#8211; Bear Honey"}]},{"@type":"WebSite","@id":"https:\/\/bunnyboo.ro\/#website","url":"https:\/\/bunnyboo.ro\/","name":"Bunny Boo","description":"Bunny Boo","publisher":{"@id":"https:\/\/bunnyboo.ro\/#organization"},"potentialAction":[{"@type":"SearchAction","target":{"@type":"EntryPoint","urlTemplate":"https:\/\/bunnyboo.ro\/?s={search_term_string}"},"query-input":"required name=search_term_string"}],"inLanguage":"en-US"},{"@type":"Organization","@id":"https:\/\/bunnyboo.ro\/#organization","name":"Bunny Boo","url":"https:\/\/bunnyboo.ro\/","logo":{"@type":"ImageObject","inLanguage":"en-US","@id":"https:\/\/bunnyboo.ro\/#\/schema\/logo\/image\/","url":"https:\/\/bunnyboo.ro\/wp-content\/uploads\/2024\/03\/Logo-website-black.png","contentUrl":"https:\/\/bunnyboo.ro\/wp-content\/uploads\/2024\/03\/Logo-website-black.png","width":2422,"height":946,"caption":"Bunny Boo"},"image":{"@id":"https:\/\/bunnyboo.ro\/#\/schema\/logo\/image\/"}}]}},"_links":{"self":[{"href":"https:\/\/bunnyboo.ro\/en\/wp-json\/wp\/v2\/product\/28404","targetHints":{"allow":["GET"]}}],"collection":[{"href":"https:\/\/bunnyboo.ro\/en\/wp-json\/wp\/v2\/product"}],"about":[{"href":"https:\/\/bunnyboo.ro\/en\/wp-json\/wp\/v2\/types\/product"}],"replies":[{"embeddable":true,"href":"https:\/\/bunnyboo.ro\/en\/wp-json\/wp\/v2\/comments?post=28404"}],"wp:featuredmedia":[{"embeddable":true,"href":"https:\/\/bunnyboo.ro\/en\/wp-json\/wp\/v2\/media\/28409"}],"wp:attachment":[{"href":"https:\/\/bunnyboo.ro\/en\/wp-json\/wp\/v2\/media?parent=28404"}],"wp:term":[{"taxonomy":"product_brand","embeddable":true,"href":"https:\/\/bunnyboo.ro\/en\/wp-json\/wp\/v2\/product_brand?post=28404"},{"taxonomy":"product_cat","embeddable":true,"href":"https:\/\/bunnyboo.ro\/en\/wp-json\/wp\/v2\/product_cat?post=28404"},{"taxonomy":"product_tag","embeddable":true,"href":"https:\/\/bunnyboo.ro\/en\/wp-json\/wp\/v2\/product_tag?post=28404"}],"curies":[{"name":"wp","href":"https:\/\/api.w.org\/{rel}","templated":true}]}}