{"id":28215,"date":"2024-08-27T13:16:23","date_gmt":"2024-08-27T10:16:23","guid":{"rendered":"https:\/\/bunnyboo.ro\/?post_type=product&#038;p=28215"},"modified":"2026-02-04T15:25:30","modified_gmt":"2026-02-04T13:25:30","slug":"jucarie-cu-activitati-angie-liewood-mist-mix","status":"publish","type":"product","link":"https:\/\/bunnyboo.ro\/en\/produs\/jucarie-cu-activitati-angie-liewood-mist-mix\/","title":{"rendered":"Jucarie cu activitati Angie Liewood &#8211; Mist mix"},"content":{"rendered":"<p>Angie Classic Activity Toy este juc\u0103ria perfect\u0103 pentru copiii curio\u0219i care doresc s\u0103-\u0219i dezvolte abilit\u0103\u021bile motorii \u0219i s\u0103-\u0219i dezl\u0103n\u021buie imagina\u021bia. Aceast\u0103 juc\u0103rie versatil\u0103 ofer\u0103 o multitudine de elemente interactive \u0219i ofer\u0103 ore de distrac\u021bie educa\u021bional\u0103. Designul atr\u0103g\u0103tor \u0219i func\u021biile bine g\u00e2ndite \u00eel fac un \u00eenso\u021bitor indispensabil. Juc\u0103rie de activitate pentru joac\u0103 senzorial\u0103 \u0219i divertisment pentru bebelu\u0219i.<\/p>\n<p>\u00ce\u021bi \u021bine copilul ocupat atunci c\u00e2nd este \u00een deplasare<\/p>\n<p>U\u0219or de \u021binut pentru m\u00e2inile mici<\/p>\n<p>Exterior: 100% poliester reciclat;<\/p>\n<p>Umplutura: 100% poliester reciclat<\/p>\n<p>Varsta: 0m+<\/p>\n<p>LUNGIME (CM) 34<\/p>\n","protected":false},"excerpt":{"rendered":"<p>Angie Classic Activity Toy este juc\u0103ria perfect\u0103 pentru copiii curio\u0219i care doresc s\u0103-\u0219i dezvolte abilit\u0103\u021bile motorii \u0219i s\u0103-\u0219i dezl\u0103n\u021buie imagina\u021bia. Aceast\u0103 juc\u0103rie versatil\u0103 ofer\u0103 o multitudine de elemente interactive \u0219i ofer\u0103 ore de distrac\u021bie educa\u021bional\u0103. Designul atr\u0103g\u0103tor \u0219i func\u021biile bine g\u00e2ndite \u00eel fac un \u00eenso\u021bitor indispensabil. Juc\u0103rie de activitate pentru joac\u0103 senzorial\u0103 \u0219i divertisment pentru [&hellip;]<\/p>\n","protected":false},"featured_media":28216,"comment_status":"open","ping_status":"closed","template":"","meta":{"site-sidebar-layout":"default","site-content-layout":"","ast-site-content-layout":"default","site-content-style":"default","site-sidebar-style":"default","ast-global-header-display":"","ast-banner-title-visibility":"","ast-main-header-display":"","ast-hfb-above-header-display":"","ast-hfb-below-header-display":"","ast-hfb-mobile-header-display":"","site-post-title":"","ast-breadcrumbs-content":"","ast-featured-img":"","footer-sml-layout":"","theme-transparent-header-meta":"default","adv-header-id-meta":"","stick-header-meta":"default","header-above-stick-meta":"","header-main-stick-meta":"","header-below-stick-meta":"","astra-migrate-meta-layouts":"set","ast-page-background-enabled":"default","ast-page-background-meta":{"desktop":{"background-color":"","background-image":"","background-repeat":"repeat","background-position":"center center","background-size":"auto","background-attachment":"scroll","background-type":"","background-media":"","overlay-type":"","overlay-color":"","overlay-opacity":"","overlay-gradient":""},"tablet":{"background-color":"","background-image":"","background-repeat":"repeat","background-position":"center center","background-size":"auto","background-attachment":"scroll","background-type":"","background-media":"","overlay-type":"","overlay-color":"","overlay-opacity":"","overlay-gradient":""},"mobile":{"background-color":"","background-image":"","background-repeat":"repeat","background-position":"center center","background-size":"auto","background-attachment":"scroll","background-type":"","background-media":"","overlay-type":"","overlay-color":"","overlay-opacity":"","overlay-gradient":""}},"ast-content-background-meta":{"desktop":{"background-color":"var(--ast-global-color-5)","background-image":"","background-repeat":"repeat","background-position":"center center","background-size":"auto","background-attachment":"scroll","background-type":"","background-media":"","overlay-type":"","overlay-color":"","overlay-opacity":"","overlay-gradient":""},"tablet":{"background-color":"var(--ast-global-color-5)","background-image":"","background-repeat":"repeat","background-position":"center center","background-size":"auto","background-attachment":"scroll","background-type":"","background-media":"","overlay-type":"","overlay-color":"","overlay-opacity":"","overlay-gradient":""},"mobile":{"background-color":"var(--ast-global-color-5)","background-image":"","background-repeat":"repeat","background-position":"center center","background-size":"auto","background-attachment":"scroll","background-type":"","background-media":"","overlay-type":"","overlay-color":"","overlay-opacity":"","overlay-gradient":""}}},"product_brand":[],"product_cat":[51,65,124,132],"product_tag":[],"class_list":{"0":"post-28215","1":"product","2":"type-product","3":"status-publish","4":"has-post-thumbnail","6":"product_cat-jucarii-pentru-puiul-tau-mic","7":"product_cat-noutati-minunate-pentru-puiul-tau","8":"product_cat-jucarii-noi-si-moderne","9":"product_cat-reduceri-pentru-tine","10":"desktop-align-left","11":"tablet-align-left","12":"mobile-align-left","13":"ast-product-gallery-layout-horizontal-slider","14":"ast-product-tabs-layout-vertical","15":"ast-qv-on-image","17":"first","18":"instock","19":"sale","20":"shipping-taxable","21":"purchasable","22":"product-type-simple"},"yoast_head":"<!-- This site is optimized with the Yoast SEO plugin v22.6 - https:\/\/yoast.com\/wordpress\/plugins\/seo\/ -->\n<title>Jucarie cu activitati Angie Liewood - Mist mix<\/title>\n<meta name=\"robots\" content=\"index, follow, max-snippet:-1, max-image-preview:large, max-video-preview:-1\" \/>\n<link rel=\"canonical\" href=\"https:\/\/bunnyboo.ro\/produs\/jucarie-cu-activitati-angie-liewood-mist-mix\/\" \/>\n<meta property=\"og:locale\" content=\"en_US\" \/>\n<meta property=\"og:type\" content=\"article\" \/>\n<meta property=\"og:title\" content=\"Jucarie cu activitati Angie Liewood - Mist mix\" \/>\n<meta property=\"og:description\" content=\"Angie Classic Activity Toy este juc\u0103ria perfect\u0103 pentru copiii curio\u0219i care doresc s\u0103-\u0219i dezvolte abilit\u0103\u021bile motorii \u0219i s\u0103-\u0219i dezl\u0103n\u021buie imagina\u021bia. Aceast\u0103 juc\u0103rie versatil\u0103 ofer\u0103 o multitudine de elemente interactive \u0219i ofer\u0103 ore de distrac\u021bie educa\u021bional\u0103. Designul atr\u0103g\u0103tor \u0219i func\u021biile bine g\u00e2ndite \u00eel fac un \u00eenso\u021bitor indispensabil. Juc\u0103rie de activitate pentru joac\u0103 senzorial\u0103 \u0219i divertisment pentru [&hellip;]\" \/>\n<meta property=\"og:url\" content=\"https:\/\/bunnyboo.ro\/produs\/jucarie-cu-activitati-angie-liewood-mist-mix\/\" \/>\n<meta property=\"og:site_name\" content=\"Bunny Boo\" \/>\n<meta property=\"article:modified_time\" content=\"2026-02-04T13:25:30+00:00\" \/>\n<meta property=\"og:image\" content=\"https:\/\/bunnyboo.ro\/wp-content\/uploads\/2024\/08\/Angie_Classic_Activity_Toy_LW19498_1924_Mist_mix_1.png\" \/>\n\t<meta property=\"og:image:width\" content=\"2000\" \/>\n\t<meta property=\"og:image:height\" content=\"2000\" \/>\n\t<meta property=\"og:image:type\" content=\"image\/png\" \/>\n<meta name=\"twitter:card\" content=\"summary_large_image\" \/>\n<meta name=\"twitter:label1\" content=\"Est. reading time\" \/>\n\t<meta name=\"twitter:data1\" content=\"1 minute\" \/>\n<script type=\"application\/ld+json\" class=\"yoast-schema-graph\">{\"@context\":\"https:\/\/schema.org\",\"@graph\":[{\"@type\":\"WebPage\",\"@id\":\"https:\/\/bunnyboo.ro\/produs\/jucarie-cu-activitati-angie-liewood-mist-mix\/\",\"url\":\"https:\/\/bunnyboo.ro\/produs\/jucarie-cu-activitati-angie-liewood-mist-mix\/\",\"name\":\"Jucarie cu activitati Angie Liewood - Mist mix\",\"isPartOf\":{\"@id\":\"https:\/\/bunnyboo.ro\/#website\"},\"primaryImageOfPage\":{\"@id\":\"https:\/\/bunnyboo.ro\/produs\/jucarie-cu-activitati-angie-liewood-mist-mix\/#primaryimage\"},\"image\":{\"@id\":\"https:\/\/bunnyboo.ro\/produs\/jucarie-cu-activitati-angie-liewood-mist-mix\/#primaryimage\"},\"thumbnailUrl\":\"https:\/\/bunnyboo.ro\/wp-content\/uploads\/2024\/08\/Angie_Classic_Activity_Toy_LW19498_1924_Mist_mix_1.png\",\"datePublished\":\"2024-08-27T10:16:23+00:00\",\"dateModified\":\"2026-02-04T13:25:30+00:00\",\"breadcrumb\":{\"@id\":\"https:\/\/bunnyboo.ro\/produs\/jucarie-cu-activitati-angie-liewood-mist-mix\/#breadcrumb\"},\"inLanguage\":\"en-US\",\"potentialAction\":[{\"@type\":\"ReadAction\",\"target\":[\"https:\/\/bunnyboo.ro\/produs\/jucarie-cu-activitati-angie-liewood-mist-mix\/\"]}]},{\"@type\":\"ImageObject\",\"inLanguage\":\"en-US\",\"@id\":\"https:\/\/bunnyboo.ro\/produs\/jucarie-cu-activitati-angie-liewood-mist-mix\/#primaryimage\",\"url\":\"https:\/\/bunnyboo.ro\/wp-content\/uploads\/2024\/08\/Angie_Classic_Activity_Toy_LW19498_1924_Mist_mix_1.png\",\"contentUrl\":\"https:\/\/bunnyboo.ro\/wp-content\/uploads\/2024\/08\/Angie_Classic_Activity_Toy_LW19498_1924_Mist_mix_1.png\",\"width\":2000,\"height\":2000,\"caption\":\"Jucarie cu activitati Angie Liewood\"},{\"@type\":\"BreadcrumbList\",\"@id\":\"https:\/\/bunnyboo.ro\/produs\/jucarie-cu-activitati-angie-liewood-mist-mix\/#breadcrumb\",\"itemListElement\":[{\"@type\":\"ListItem\",\"position\":1,\"name\":\"Home\",\"item\":\"https:\/\/bunnyboo.ro\/en\/\"},{\"@type\":\"ListItem\",\"position\":2,\"name\":\"New\",\"item\":\"https:\/\/bunnyboo.ro\/en\/shop\/\"},{\"@type\":\"ListItem\",\"position\":3,\"name\":\"Jucarie cu activitati Angie Liewood &#8211; Mist mix\"}]},{\"@type\":\"WebSite\",\"@id\":\"https:\/\/bunnyboo.ro\/#website\",\"url\":\"https:\/\/bunnyboo.ro\/\",\"name\":\"Bunny Boo\",\"description\":\"Bunny Boo\",\"publisher\":{\"@id\":\"https:\/\/bunnyboo.ro\/#organization\"},\"potentialAction\":[{\"@type\":\"SearchAction\",\"target\":{\"@type\":\"EntryPoint\",\"urlTemplate\":\"https:\/\/bunnyboo.ro\/?s={search_term_string}\"},\"query-input\":\"required name=search_term_string\"}],\"inLanguage\":\"en-US\"},{\"@type\":\"Organization\",\"@id\":\"https:\/\/bunnyboo.ro\/#organization\",\"name\":\"Bunny Boo\",\"url\":\"https:\/\/bunnyboo.ro\/\",\"logo\":{\"@type\":\"ImageObject\",\"inLanguage\":\"en-US\",\"@id\":\"https:\/\/bunnyboo.ro\/#\/schema\/logo\/image\/\",\"url\":\"https:\/\/bunnyboo.ro\/wp-content\/uploads\/2024\/03\/Logo-website-black.png\",\"contentUrl\":\"https:\/\/bunnyboo.ro\/wp-content\/uploads\/2024\/03\/Logo-website-black.png\",\"width\":2422,\"height\":946,\"caption\":\"Bunny Boo\"},\"image\":{\"@id\":\"https:\/\/bunnyboo.ro\/#\/schema\/logo\/image\/\"}}]}<\/script>\n<!-- \/ Yoast SEO plugin. -->","yoast_head_json":{"title":"Jucarie cu activitati Angie Liewood - Mist mix","robots":{"index":"index","follow":"follow","max-snippet":"max-snippet:-1","max-image-preview":"max-image-preview:large","max-video-preview":"max-video-preview:-1"},"canonical":"https:\/\/bunnyboo.ro\/produs\/jucarie-cu-activitati-angie-liewood-mist-mix\/","og_locale":"en_US","og_type":"article","og_title":"Jucarie cu activitati Angie Liewood - Mist mix","og_description":"Angie Classic Activity Toy este juc\u0103ria perfect\u0103 pentru copiii curio\u0219i care doresc s\u0103-\u0219i dezvolte abilit\u0103\u021bile motorii \u0219i s\u0103-\u0219i dezl\u0103n\u021buie imagina\u021bia. Aceast\u0103 juc\u0103rie versatil\u0103 ofer\u0103 o multitudine de elemente interactive \u0219i ofer\u0103 ore de distrac\u021bie educa\u021bional\u0103. Designul atr\u0103g\u0103tor \u0219i func\u021biile bine g\u00e2ndite \u00eel fac un \u00eenso\u021bitor indispensabil. Juc\u0103rie de activitate pentru joac\u0103 senzorial\u0103 \u0219i divertisment pentru [&hellip;]","og_url":"https:\/\/bunnyboo.ro\/produs\/jucarie-cu-activitati-angie-liewood-mist-mix\/","og_site_name":"Bunny Boo","article_modified_time":"2026-02-04T13:25:30+00:00","og_image":[{"width":2000,"height":2000,"url":"https:\/\/bunnyboo.ro\/wp-content\/uploads\/2024\/08\/Angie_Classic_Activity_Toy_LW19498_1924_Mist_mix_1.png","type":"image\/png"}],"twitter_card":"summary_large_image","twitter_misc":{"Est. reading time":"1 minute"},"schema":{"@context":"https:\/\/schema.org","@graph":[{"@type":"WebPage","@id":"https:\/\/bunnyboo.ro\/produs\/jucarie-cu-activitati-angie-liewood-mist-mix\/","url":"https:\/\/bunnyboo.ro\/produs\/jucarie-cu-activitati-angie-liewood-mist-mix\/","name":"Jucarie cu activitati Angie Liewood - Mist mix","isPartOf":{"@id":"https:\/\/bunnyboo.ro\/#website"},"primaryImageOfPage":{"@id":"https:\/\/bunnyboo.ro\/produs\/jucarie-cu-activitati-angie-liewood-mist-mix\/#primaryimage"},"image":{"@id":"https:\/\/bunnyboo.ro\/produs\/jucarie-cu-activitati-angie-liewood-mist-mix\/#primaryimage"},"thumbnailUrl":"https:\/\/bunnyboo.ro\/wp-content\/uploads\/2024\/08\/Angie_Classic_Activity_Toy_LW19498_1924_Mist_mix_1.png","datePublished":"2024-08-27T10:16:23+00:00","dateModified":"2026-02-04T13:25:30+00:00","breadcrumb":{"@id":"https:\/\/bunnyboo.ro\/produs\/jucarie-cu-activitati-angie-liewood-mist-mix\/#breadcrumb"},"inLanguage":"en-US","potentialAction":[{"@type":"ReadAction","target":["https:\/\/bunnyboo.ro\/produs\/jucarie-cu-activitati-angie-liewood-mist-mix\/"]}]},{"@type":"ImageObject","inLanguage":"en-US","@id":"https:\/\/bunnyboo.ro\/produs\/jucarie-cu-activitati-angie-liewood-mist-mix\/#primaryimage","url":"https:\/\/bunnyboo.ro\/wp-content\/uploads\/2024\/08\/Angie_Classic_Activity_Toy_LW19498_1924_Mist_mix_1.png","contentUrl":"https:\/\/bunnyboo.ro\/wp-content\/uploads\/2024\/08\/Angie_Classic_Activity_Toy_LW19498_1924_Mist_mix_1.png","width":2000,"height":2000,"caption":"Jucarie cu activitati Angie Liewood"},{"@type":"BreadcrumbList","@id":"https:\/\/bunnyboo.ro\/produs\/jucarie-cu-activitati-angie-liewood-mist-mix\/#breadcrumb","itemListElement":[{"@type":"ListItem","position":1,"name":"Home","item":"https:\/\/bunnyboo.ro\/en\/"},{"@type":"ListItem","position":2,"name":"New","item":"https:\/\/bunnyboo.ro\/en\/shop\/"},{"@type":"ListItem","position":3,"name":"Jucarie cu activitati Angie Liewood &#8211; Mist mix"}]},{"@type":"WebSite","@id":"https:\/\/bunnyboo.ro\/#website","url":"https:\/\/bunnyboo.ro\/","name":"Bunny Boo","description":"Bunny Boo","publisher":{"@id":"https:\/\/bunnyboo.ro\/#organization"},"potentialAction":[{"@type":"SearchAction","target":{"@type":"EntryPoint","urlTemplate":"https:\/\/bunnyboo.ro\/?s={search_term_string}"},"query-input":"required name=search_term_string"}],"inLanguage":"en-US"},{"@type":"Organization","@id":"https:\/\/bunnyboo.ro\/#organization","name":"Bunny Boo","url":"https:\/\/bunnyboo.ro\/","logo":{"@type":"ImageObject","inLanguage":"en-US","@id":"https:\/\/bunnyboo.ro\/#\/schema\/logo\/image\/","url":"https:\/\/bunnyboo.ro\/wp-content\/uploads\/2024\/03\/Logo-website-black.png","contentUrl":"https:\/\/bunnyboo.ro\/wp-content\/uploads\/2024\/03\/Logo-website-black.png","width":2422,"height":946,"caption":"Bunny Boo"},"image":{"@id":"https:\/\/bunnyboo.ro\/#\/schema\/logo\/image\/"}}]}},"_links":{"self":[{"href":"https:\/\/bunnyboo.ro\/en\/wp-json\/wp\/v2\/product\/28215","targetHints":{"allow":["GET"]}}],"collection":[{"href":"https:\/\/bunnyboo.ro\/en\/wp-json\/wp\/v2\/product"}],"about":[{"href":"https:\/\/bunnyboo.ro\/en\/wp-json\/wp\/v2\/types\/product"}],"replies":[{"embeddable":true,"href":"https:\/\/bunnyboo.ro\/en\/wp-json\/wp\/v2\/comments?post=28215"}],"wp:featuredmedia":[{"embeddable":true,"href":"https:\/\/bunnyboo.ro\/en\/wp-json\/wp\/v2\/media\/28216"}],"wp:attachment":[{"href":"https:\/\/bunnyboo.ro\/en\/wp-json\/wp\/v2\/media?parent=28215"}],"wp:term":[{"taxonomy":"product_brand","embeddable":true,"href":"https:\/\/bunnyboo.ro\/en\/wp-json\/wp\/v2\/product_brand?post=28215"},{"taxonomy":"product_cat","embeddable":true,"href":"https:\/\/bunnyboo.ro\/en\/wp-json\/wp\/v2\/product_cat?post=28215"},{"taxonomy":"product_tag","embeddable":true,"href":"https:\/\/bunnyboo.ro\/en\/wp-json\/wp\/v2\/product_tag?post=28215"}],"curies":[{"name":"wp","href":"https:\/\/api.w.org\/{rel}","templated":true}]}}