{"id":28157,"date":"2024-08-19T13:18:23","date_gmt":"2024-08-19T10:18:23","guid":{"rendered":"https:\/\/bunnyboo.ro\/?post_type=product&#038;p=28157"},"modified":"2026-02-10T23:30:30","modified_gmt":"2026-02-10T21:30:30","slug":"farfurie-cu-ventuza-liewood-2-pack-tuscany-rose-apple-blossom","status":"publish","type":"product","link":"https:\/\/bunnyboo.ro\/en\/produs\/farfurie-cu-ventuza-liewood-2-pack-tuscany-rose-apple-blossom\/","title":{"rendered":"Farfurie cu ventuz\u0103 Liewood 2 pack &#8211; Tuscany Rose\/Apple Blossom"},"content":{"rendered":"<p>STACY DIVIDER SUCTION PLATE 2-PACK<\/p>\n<p>Farfuria cu ventuza Stacy, cu detalii de animale dr\u0103gu\u021be are o baz\u0103 sub\u021bire din silicon care se lipe\u0219te de diferite suprafe\u021be. Acest aspect o face aproape imposibil de ridicat si de rasturnat de catre copil, dar alunec\u0103 cu u\u0219urin\u021b\u0103 peste mas\u0103.<\/p>\n<p>Material: 100% silicon<\/p>\n<p>Prindere sigur\u0103 pe toate suprafe\u021bele<\/p>\n<p>Material durabil \u0219i de lung\u0103 durat\u0103<\/p>\n<p>Se poate sp\u0103la \u00een ma\u0219ina de sp\u0103lat vase<\/p>\n<p>pachet de 2 bucati<\/p>\n<p>Dimensiuni: Diametru (cm) 17, Inaltime (cm) 2,7<\/p>\n","protected":false},"excerpt":{"rendered":"<p>STACY DIVIDER SUCTION PLATE 2-PACK Farfuria cu ventuza Stacy, cu detalii de animale dr\u0103gu\u021be are o baz\u0103 sub\u021bire din silicon care se lipe\u0219te de diferite suprafe\u021be. Acest aspect o face aproape imposibil de ridicat si de rasturnat de catre copil, dar alunec\u0103 cu u\u0219urin\u021b\u0103 peste mas\u0103. Material: 100% silicon Prindere sigur\u0103 pe toate suprafe\u021bele Material [&hellip;]<\/p>\n","protected":false},"featured_media":28158,"comment_status":"open","ping_status":"closed","template":"","meta":{"site-sidebar-layout":"default","site-content-layout":"","ast-site-content-layout":"default","site-content-style":"default","site-sidebar-style":"default","ast-global-header-display":"","ast-banner-title-visibility":"","ast-main-header-display":"","ast-hfb-above-header-display":"","ast-hfb-below-header-display":"","ast-hfb-mobile-header-display":"","site-post-title":"","ast-breadcrumbs-content":"","ast-featured-img":"","footer-sml-layout":"","theme-transparent-header-meta":"default","adv-header-id-meta":"","stick-header-meta":"default","header-above-stick-meta":"","header-main-stick-meta":"","header-below-stick-meta":"","astra-migrate-meta-layouts":"set","ast-page-background-enabled":"default","ast-page-background-meta":{"desktop":{"background-color":"","background-image":"","background-repeat":"repeat","background-position":"center center","background-size":"auto","background-attachment":"scroll","background-type":"","background-media":"","overlay-type":"","overlay-color":"","overlay-opacity":"","overlay-gradient":""},"tablet":{"background-color":"","background-image":"","background-repeat":"repeat","background-position":"center center","background-size":"auto","background-attachment":"scroll","background-type":"","background-media":"","overlay-type":"","overlay-color":"","overlay-opacity":"","overlay-gradient":""},"mobile":{"background-color":"","background-image":"","background-repeat":"repeat","background-position":"center center","background-size":"auto","background-attachment":"scroll","background-type":"","background-media":"","overlay-type":"","overlay-color":"","overlay-opacity":"","overlay-gradient":""}},"ast-content-background-meta":{"desktop":{"background-color":"var(--ast-global-color-5)","background-image":"","background-repeat":"repeat","background-position":"center center","background-size":"auto","background-attachment":"scroll","background-type":"","background-media":"","overlay-type":"","overlay-color":"","overlay-opacity":"","overlay-gradient":""},"tablet":{"background-color":"var(--ast-global-color-5)","background-image":"","background-repeat":"repeat","background-position":"center center","background-size":"auto","background-attachment":"scroll","background-type":"","background-media":"","overlay-type":"","overlay-color":"","overlay-opacity":"","overlay-gradient":""},"mobile":{"background-color":"var(--ast-global-color-5)","background-image":"","background-repeat":"repeat","background-position":"center center","background-size":"auto","background-attachment":"scroll","background-type":"","background-media":"","overlay-type":"","overlay-color":"","overlay-opacity":"","overlay-gradient":""}}},"product_brand":[],"product_cat":[65,83,130,132],"product_tag":[],"class_list":{"0":"post-28157","1":"product","2":"type-product","3":"status-publish","4":"has-post-thumbnail","6":"product_cat-noutati-minunate-pentru-puiul-tau","7":"product_cat-seturi-de-masa-moderne","8":"product_cat-articole-pentru-masa-esentiale-puiului-tau-mic","9":"product_cat-reduceri-pentru-tine","10":"desktop-align-left","11":"tablet-align-left","12":"mobile-align-left","13":"ast-product-gallery-layout-horizontal-slider","14":"ast-product-tabs-layout-vertical","15":"ast-qv-on-image","17":"first","18":"instock","19":"sale","20":"shipping-taxable","21":"purchasable","22":"product-type-simple"},"yoast_head":"<!-- This site is optimized with the Yoast SEO plugin v22.6 - https:\/\/yoast.com\/wordpress\/plugins\/seo\/ -->\n<title>Farfurie cu ventuz\u0103 Liewood 2 pack - Tuscany Rose\/Apple Blossom<\/title>\n<meta name=\"robots\" content=\"index, follow, max-snippet:-1, max-image-preview:large, max-video-preview:-1\" \/>\n<link rel=\"canonical\" href=\"https:\/\/bunnyboo.ro\/produs\/farfurie-cu-ventuza-liewood-2-pack-tuscany-rose-apple-blossom\/\" \/>\n<meta property=\"og:locale\" content=\"en_US\" \/>\n<meta property=\"og:type\" content=\"article\" \/>\n<meta property=\"og:title\" content=\"Farfurie cu ventuz\u0103 Liewood 2 pack - Tuscany Rose\/Apple Blossom\" \/>\n<meta property=\"og:description\" content=\"STACY DIVIDER SUCTION PLATE 2-PACK Farfuria cu ventuza Stacy, cu detalii de animale dr\u0103gu\u021be are o baz\u0103 sub\u021bire din silicon care se lipe\u0219te de diferite suprafe\u021be. Acest aspect o face aproape imposibil de ridicat si de rasturnat de catre copil, dar alunec\u0103 cu u\u0219urin\u021b\u0103 peste mas\u0103. Material: 100% silicon Prindere sigur\u0103 pe toate suprafe\u021bele Material [&hellip;]\" \/>\n<meta property=\"og:url\" content=\"https:\/\/bunnyboo.ro\/produs\/farfurie-cu-ventuza-liewood-2-pack-tuscany-rose-apple-blossom\/\" \/>\n<meta property=\"og:site_name\" content=\"Bunny Boo\" \/>\n<meta property=\"article:modified_time\" content=\"2026-02-10T21:30:30+00:00\" \/>\n<meta property=\"og:image\" content=\"https:\/\/bunnyboo.ro\/wp-content\/uploads\/2024\/08\/Stacy_Divider_Suction_Plate_2-Pack_LW15122_1037_Tuscany_rose_Apple_blossom_1.png\" \/>\n\t<meta property=\"og:image:width\" content=\"2000\" \/>\n\t<meta property=\"og:image:height\" content=\"2000\" \/>\n\t<meta property=\"og:image:type\" content=\"image\/png\" \/>\n<meta name=\"twitter:card\" content=\"summary_large_image\" \/>\n<script type=\"application\/ld+json\" class=\"yoast-schema-graph\">{\"@context\":\"https:\/\/schema.org\",\"@graph\":[{\"@type\":\"WebPage\",\"@id\":\"https:\/\/bunnyboo.ro\/produs\/farfurie-cu-ventuza-liewood-2-pack-tuscany-rose-apple-blossom\/\",\"url\":\"https:\/\/bunnyboo.ro\/produs\/farfurie-cu-ventuza-liewood-2-pack-tuscany-rose-apple-blossom\/\",\"name\":\"Farfurie cu ventuz\u0103 Liewood 2 pack - Tuscany Rose\/Apple Blossom\",\"isPartOf\":{\"@id\":\"https:\/\/bunnyboo.ro\/#website\"},\"primaryImageOfPage\":{\"@id\":\"https:\/\/bunnyboo.ro\/produs\/farfurie-cu-ventuza-liewood-2-pack-tuscany-rose-apple-blossom\/#primaryimage\"},\"image\":{\"@id\":\"https:\/\/bunnyboo.ro\/produs\/farfurie-cu-ventuza-liewood-2-pack-tuscany-rose-apple-blossom\/#primaryimage\"},\"thumbnailUrl\":\"https:\/\/bunnyboo.ro\/wp-content\/uploads\/2024\/08\/Stacy_Divider_Suction_Plate_2-Pack_LW15122_1037_Tuscany_rose_Apple_blossom_1.png\",\"datePublished\":\"2024-08-19T10:18:23+00:00\",\"dateModified\":\"2026-02-10T21:30:30+00:00\",\"breadcrumb\":{\"@id\":\"https:\/\/bunnyboo.ro\/produs\/farfurie-cu-ventuza-liewood-2-pack-tuscany-rose-apple-blossom\/#breadcrumb\"},\"inLanguage\":\"en-US\",\"potentialAction\":[{\"@type\":\"ReadAction\",\"target\":[\"https:\/\/bunnyboo.ro\/produs\/farfurie-cu-ventuza-liewood-2-pack-tuscany-rose-apple-blossom\/\"]}]},{\"@type\":\"ImageObject\",\"inLanguage\":\"en-US\",\"@id\":\"https:\/\/bunnyboo.ro\/produs\/farfurie-cu-ventuza-liewood-2-pack-tuscany-rose-apple-blossom\/#primaryimage\",\"url\":\"https:\/\/bunnyboo.ro\/wp-content\/uploads\/2024\/08\/Stacy_Divider_Suction_Plate_2-Pack_LW15122_1037_Tuscany_rose_Apple_blossom_1.png\",\"contentUrl\":\"https:\/\/bunnyboo.ro\/wp-content\/uploads\/2024\/08\/Stacy_Divider_Suction_Plate_2-Pack_LW15122_1037_Tuscany_rose_Apple_blossom_1.png\",\"width\":2000,\"height\":2000,\"caption\":\"Farfurie cu ventuz\u0103 Liewood 2 pack\"},{\"@type\":\"BreadcrumbList\",\"@id\":\"https:\/\/bunnyboo.ro\/produs\/farfurie-cu-ventuza-liewood-2-pack-tuscany-rose-apple-blossom\/#breadcrumb\",\"itemListElement\":[{\"@type\":\"ListItem\",\"position\":1,\"name\":\"Home\",\"item\":\"https:\/\/bunnyboo.ro\/en\/\"},{\"@type\":\"ListItem\",\"position\":2,\"name\":\"New\",\"item\":\"https:\/\/bunnyboo.ro\/en\/shop\/\"},{\"@type\":\"ListItem\",\"position\":3,\"name\":\"Farfurie cu ventuz\u0103 Liewood 2 pack &#8211; Tuscany Rose\/Apple Blossom\"}]},{\"@type\":\"WebSite\",\"@id\":\"https:\/\/bunnyboo.ro\/#website\",\"url\":\"https:\/\/bunnyboo.ro\/\",\"name\":\"Bunny Boo\",\"description\":\"Bunny Boo\",\"publisher\":{\"@id\":\"https:\/\/bunnyboo.ro\/#organization\"},\"potentialAction\":[{\"@type\":\"SearchAction\",\"target\":{\"@type\":\"EntryPoint\",\"urlTemplate\":\"https:\/\/bunnyboo.ro\/?s={search_term_string}\"},\"query-input\":\"required name=search_term_string\"}],\"inLanguage\":\"en-US\"},{\"@type\":\"Organization\",\"@id\":\"https:\/\/bunnyboo.ro\/#organization\",\"name\":\"Bunny Boo\",\"url\":\"https:\/\/bunnyboo.ro\/\",\"logo\":{\"@type\":\"ImageObject\",\"inLanguage\":\"en-US\",\"@id\":\"https:\/\/bunnyboo.ro\/#\/schema\/logo\/image\/\",\"url\":\"https:\/\/bunnyboo.ro\/wp-content\/uploads\/2024\/03\/Logo-website-black.png\",\"contentUrl\":\"https:\/\/bunnyboo.ro\/wp-content\/uploads\/2024\/03\/Logo-website-black.png\",\"width\":2422,\"height\":946,\"caption\":\"Bunny Boo\"},\"image\":{\"@id\":\"https:\/\/bunnyboo.ro\/#\/schema\/logo\/image\/\"}}]}<\/script>\n<!-- \/ Yoast SEO plugin. -->","yoast_head_json":{"title":"Farfurie cu ventuz\u0103 Liewood 2 pack - Tuscany Rose\/Apple Blossom","robots":{"index":"index","follow":"follow","max-snippet":"max-snippet:-1","max-image-preview":"max-image-preview:large","max-video-preview":"max-video-preview:-1"},"canonical":"https:\/\/bunnyboo.ro\/produs\/farfurie-cu-ventuza-liewood-2-pack-tuscany-rose-apple-blossom\/","og_locale":"en_US","og_type":"article","og_title":"Farfurie cu ventuz\u0103 Liewood 2 pack - Tuscany Rose\/Apple Blossom","og_description":"STACY DIVIDER SUCTION PLATE 2-PACK Farfuria cu ventuza Stacy, cu detalii de animale dr\u0103gu\u021be are o baz\u0103 sub\u021bire din silicon care se lipe\u0219te de diferite suprafe\u021be. Acest aspect o face aproape imposibil de ridicat si de rasturnat de catre copil, dar alunec\u0103 cu u\u0219urin\u021b\u0103 peste mas\u0103. Material: 100% silicon Prindere sigur\u0103 pe toate suprafe\u021bele Material [&hellip;]","og_url":"https:\/\/bunnyboo.ro\/produs\/farfurie-cu-ventuza-liewood-2-pack-tuscany-rose-apple-blossom\/","og_site_name":"Bunny Boo","article_modified_time":"2026-02-10T21:30:30+00:00","og_image":[{"width":2000,"height":2000,"url":"https:\/\/bunnyboo.ro\/wp-content\/uploads\/2024\/08\/Stacy_Divider_Suction_Plate_2-Pack_LW15122_1037_Tuscany_rose_Apple_blossom_1.png","type":"image\/png"}],"twitter_card":"summary_large_image","schema":{"@context":"https:\/\/schema.org","@graph":[{"@type":"WebPage","@id":"https:\/\/bunnyboo.ro\/produs\/farfurie-cu-ventuza-liewood-2-pack-tuscany-rose-apple-blossom\/","url":"https:\/\/bunnyboo.ro\/produs\/farfurie-cu-ventuza-liewood-2-pack-tuscany-rose-apple-blossom\/","name":"Farfurie cu ventuz\u0103 Liewood 2 pack - Tuscany Rose\/Apple Blossom","isPartOf":{"@id":"https:\/\/bunnyboo.ro\/#website"},"primaryImageOfPage":{"@id":"https:\/\/bunnyboo.ro\/produs\/farfurie-cu-ventuza-liewood-2-pack-tuscany-rose-apple-blossom\/#primaryimage"},"image":{"@id":"https:\/\/bunnyboo.ro\/produs\/farfurie-cu-ventuza-liewood-2-pack-tuscany-rose-apple-blossom\/#primaryimage"},"thumbnailUrl":"https:\/\/bunnyboo.ro\/wp-content\/uploads\/2024\/08\/Stacy_Divider_Suction_Plate_2-Pack_LW15122_1037_Tuscany_rose_Apple_blossom_1.png","datePublished":"2024-08-19T10:18:23+00:00","dateModified":"2026-02-10T21:30:30+00:00","breadcrumb":{"@id":"https:\/\/bunnyboo.ro\/produs\/farfurie-cu-ventuza-liewood-2-pack-tuscany-rose-apple-blossom\/#breadcrumb"},"inLanguage":"en-US","potentialAction":[{"@type":"ReadAction","target":["https:\/\/bunnyboo.ro\/produs\/farfurie-cu-ventuza-liewood-2-pack-tuscany-rose-apple-blossom\/"]}]},{"@type":"ImageObject","inLanguage":"en-US","@id":"https:\/\/bunnyboo.ro\/produs\/farfurie-cu-ventuza-liewood-2-pack-tuscany-rose-apple-blossom\/#primaryimage","url":"https:\/\/bunnyboo.ro\/wp-content\/uploads\/2024\/08\/Stacy_Divider_Suction_Plate_2-Pack_LW15122_1037_Tuscany_rose_Apple_blossom_1.png","contentUrl":"https:\/\/bunnyboo.ro\/wp-content\/uploads\/2024\/08\/Stacy_Divider_Suction_Plate_2-Pack_LW15122_1037_Tuscany_rose_Apple_blossom_1.png","width":2000,"height":2000,"caption":"Farfurie cu ventuz\u0103 Liewood 2 pack"},{"@type":"BreadcrumbList","@id":"https:\/\/bunnyboo.ro\/produs\/farfurie-cu-ventuza-liewood-2-pack-tuscany-rose-apple-blossom\/#breadcrumb","itemListElement":[{"@type":"ListItem","position":1,"name":"Home","item":"https:\/\/bunnyboo.ro\/en\/"},{"@type":"ListItem","position":2,"name":"New","item":"https:\/\/bunnyboo.ro\/en\/shop\/"},{"@type":"ListItem","position":3,"name":"Farfurie cu ventuz\u0103 Liewood 2 pack &#8211; Tuscany Rose\/Apple Blossom"}]},{"@type":"WebSite","@id":"https:\/\/bunnyboo.ro\/#website","url":"https:\/\/bunnyboo.ro\/","name":"Bunny Boo","description":"Bunny Boo","publisher":{"@id":"https:\/\/bunnyboo.ro\/#organization"},"potentialAction":[{"@type":"SearchAction","target":{"@type":"EntryPoint","urlTemplate":"https:\/\/bunnyboo.ro\/?s={search_term_string}"},"query-input":"required name=search_term_string"}],"inLanguage":"en-US"},{"@type":"Organization","@id":"https:\/\/bunnyboo.ro\/#organization","name":"Bunny Boo","url":"https:\/\/bunnyboo.ro\/","logo":{"@type":"ImageObject","inLanguage":"en-US","@id":"https:\/\/bunnyboo.ro\/#\/schema\/logo\/image\/","url":"https:\/\/bunnyboo.ro\/wp-content\/uploads\/2024\/03\/Logo-website-black.png","contentUrl":"https:\/\/bunnyboo.ro\/wp-content\/uploads\/2024\/03\/Logo-website-black.png","width":2422,"height":946,"caption":"Bunny Boo"},"image":{"@id":"https:\/\/bunnyboo.ro\/#\/schema\/logo\/image\/"}}]}},"_links":{"self":[{"href":"https:\/\/bunnyboo.ro\/en\/wp-json\/wp\/v2\/product\/28157","targetHints":{"allow":["GET"]}}],"collection":[{"href":"https:\/\/bunnyboo.ro\/en\/wp-json\/wp\/v2\/product"}],"about":[{"href":"https:\/\/bunnyboo.ro\/en\/wp-json\/wp\/v2\/types\/product"}],"replies":[{"embeddable":true,"href":"https:\/\/bunnyboo.ro\/en\/wp-json\/wp\/v2\/comments?post=28157"}],"wp:featuredmedia":[{"embeddable":true,"href":"https:\/\/bunnyboo.ro\/en\/wp-json\/wp\/v2\/media\/28158"}],"wp:attachment":[{"href":"https:\/\/bunnyboo.ro\/en\/wp-json\/wp\/v2\/media?parent=28157"}],"wp:term":[{"taxonomy":"product_brand","embeddable":true,"href":"https:\/\/bunnyboo.ro\/en\/wp-json\/wp\/v2\/product_brand?post=28157"},{"taxonomy":"product_cat","embeddable":true,"href":"https:\/\/bunnyboo.ro\/en\/wp-json\/wp\/v2\/product_cat?post=28157"},{"taxonomy":"product_tag","embeddable":true,"href":"https:\/\/bunnyboo.ro\/en\/wp-json\/wp\/v2\/product_tag?post=28157"}],"curies":[{"name":"wp","href":"https:\/\/api.w.org\/{rel}","templated":true}]}}