{"id":27929,"date":"2024-07-26T10:59:09","date_gmt":"2024-07-26T07:59:09","guid":{"rendered":"https:\/\/bunnyboo.ro\/?post_type=product&#038;p=27929"},"modified":"2025-11-04T10:42:11","modified_gmt":"2025-11-04T08:42:11","slug":"baby-nest-ola-liewood-double-dot-silver-lining","status":"publish","type":"product","link":"https:\/\/bunnyboo.ro\/en\/produs\/baby-nest-ola-liewood-double-dot-silver-lining\/","title":{"rendered":"Baby Nest Ola Liewood &#8211; Double dot\/Silver Lining"},"content":{"rendered":"<p>Cuibul nostru de activit\u0103\u021bi Ola este fabricat din bumbac organic 100% \u0219i poate fi folosit at\u00e2t ca si cuib pentru copii, c\u00e2t \u0219i ca \u0219i p\u0103tur\u0103 de activitate c\u00e2nd este desf\u0103\u0219urat. Cu p\u0103r\u021bile laterale care pot fi ajustate cu \u0219iruri ascunse \u00eentr-un buzunar mic \u00een spatele unei huse, Ola este un set suplimentar de m\u00e2ini util atunci c\u00e2nd sunte\u021bi \u00een mi\u0219care.<\/p>\n<p>Cuib moale \u0219i sigur pentru copii<\/p>\n<p>Cuib pentru bebelu\u0219i \u0219i p\u0103tur\u0103 de activitate c\u00e2nd este desf\u0103\u0219urat\u0103.<\/p>\n<p>Mediu linistitor pentru bebelus<\/p>\n<p>Fabricat din bumbac organic 100%.<\/p>\n<p>Snururi reglabile pe laterale, care sunt ascunse \u00eentr-un buzunar mic \u00een spatele unei huse<\/p>\n<p>AVERTISMENT: Nu l\u0103sa\u021bi copilul f\u0103r\u0103 supraveghere<\/p>\n<p>Dimensiuni: Diametru interior (cm) 65, Inaltime (cm) laturilor: 27<\/p>\n","protected":false},"excerpt":{"rendered":"<p>Cuibul nostru de activit\u0103\u021bi Ola este fabricat din bumbac organic 100% \u0219i poate fi folosit at\u00e2t ca si cuib pentru copii, c\u00e2t \u0219i ca \u0219i p\u0103tur\u0103 de activitate c\u00e2nd este desf\u0103\u0219urat. Cu p\u0103r\u021bile laterale care pot fi ajustate cu \u0219iruri ascunse \u00eentr-un buzunar mic \u00een spatele unei huse, Ola este un set suplimentar de m\u00e2ini [&hellip;]<\/p>\n","protected":false},"featured_media":27930,"comment_status":"open","ping_status":"closed","template":"","meta":{"site-sidebar-layout":"default","site-content-layout":"","ast-site-content-layout":"default","site-content-style":"default","site-sidebar-style":"default","ast-global-header-display":"","ast-banner-title-visibility":"","ast-main-header-display":"","ast-hfb-above-header-display":"","ast-hfb-below-header-display":"","ast-hfb-mobile-header-display":"","site-post-title":"","ast-breadcrumbs-content":"","ast-featured-img":"","footer-sml-layout":"","theme-transparent-header-meta":"default","adv-header-id-meta":"","stick-header-meta":"default","header-above-stick-meta":"","header-main-stick-meta":"","header-below-stick-meta":"","astra-migrate-meta-layouts":"set","ast-page-background-enabled":"default","ast-page-background-meta":{"desktop":{"background-color":"","background-image":"","background-repeat":"repeat","background-position":"center center","background-size":"auto","background-attachment":"scroll","background-type":"","background-media":"","overlay-type":"","overlay-color":"","overlay-opacity":"","overlay-gradient":""},"tablet":{"background-color":"","background-image":"","background-repeat":"repeat","background-position":"center center","background-size":"auto","background-attachment":"scroll","background-type":"","background-media":"","overlay-type":"","overlay-color":"","overlay-opacity":"","overlay-gradient":""},"mobile":{"background-color":"","background-image":"","background-repeat":"repeat","background-position":"center center","background-size":"auto","background-attachment":"scroll","background-type":"","background-media":"","overlay-type":"","overlay-color":"","overlay-opacity":"","overlay-gradient":""}},"ast-content-background-meta":{"desktop":{"background-color":"var(--ast-global-color-5)","background-image":"","background-repeat":"repeat","background-position":"center center","background-size":"auto","background-attachment":"scroll","background-type":"","background-media":"","overlay-type":"","overlay-color":"","overlay-opacity":"","overlay-gradient":""},"tablet":{"background-color":"var(--ast-global-color-5)","background-image":"","background-repeat":"repeat","background-position":"center center","background-size":"auto","background-attachment":"scroll","background-type":"","background-media":"","overlay-type":"","overlay-color":"","overlay-opacity":"","overlay-gradient":""},"mobile":{"background-color":"var(--ast-global-color-5)","background-image":"","background-repeat":"repeat","background-position":"center center","background-size":"auto","background-attachment":"scroll","background-type":"","background-media":"","overlay-type":"","overlay-color":"","overlay-opacity":"","overlay-gradient":""}}},"product_brand":[],"product_cat":[65,74,132],"product_tag":[],"class_list":{"0":"post-27929","1":"product","2":"type-product","3":"status-publish","4":"has-post-thumbnail","6":"product_cat-noutati-minunate-pentru-puiul-tau","7":"product_cat-baby-lift-si-wrapping-cape","8":"product_cat-reduceri-pentru-tine","9":"desktop-align-left","10":"tablet-align-left","11":"mobile-align-left","12":"ast-product-gallery-layout-horizontal-slider","13":"ast-product-tabs-layout-vertical","14":"ast-qv-on-image","16":"first","17":"instock","18":"sale","19":"shipping-taxable","20":"purchasable","21":"product-type-simple"},"yoast_head":"<!-- This site is optimized with the Yoast SEO plugin v22.6 - https:\/\/yoast.com\/wordpress\/plugins\/seo\/ -->\n<title>Baby Nest Ola Liewood - Double dot\/Silver Lining<\/title>\n<meta name=\"robots\" content=\"index, follow, max-snippet:-1, max-image-preview:large, max-video-preview:-1\" \/>\n<link rel=\"canonical\" href=\"https:\/\/bunnyboo.ro\/produs\/baby-nest-ola-liewood-double-dot-silver-lining\/\" \/>\n<meta property=\"og:locale\" content=\"en_US\" \/>\n<meta property=\"og:type\" content=\"article\" \/>\n<meta property=\"og:title\" content=\"Baby Nest Ola Liewood - Double dot\/Silver Lining\" \/>\n<meta property=\"og:description\" content=\"Cuibul nostru de activit\u0103\u021bi Ola este fabricat din bumbac organic 100% \u0219i poate fi folosit at\u00e2t ca si cuib pentru copii, c\u00e2t \u0219i ca \u0219i p\u0103tur\u0103 de activitate c\u00e2nd este desf\u0103\u0219urat. Cu p\u0103r\u021bile laterale care pot fi ajustate cu \u0219iruri ascunse \u00eentr-un buzunar mic \u00een spatele unei huse, Ola este un set suplimentar de m\u00e2ini [&hellip;]\" \/>\n<meta property=\"og:url\" content=\"https:\/\/bunnyboo.ro\/produs\/baby-nest-ola-liewood-double-dot-silver-lining\/\" \/>\n<meta property=\"og:site_name\" content=\"Bunny Boo\" \/>\n<meta property=\"article:modified_time\" content=\"2025-11-04T08:42:11+00:00\" \/>\n<meta property=\"og:image\" content=\"https:\/\/bunnyboo.ro\/wp-content\/uploads\/2024\/07\/Ola_Baby_Nest_LW17415_2186_Double_dot_SIlver_lining_1-1024x1024.png\" \/>\n\t<meta property=\"og:image:width\" content=\"1024\" \/>\n\t<meta property=\"og:image:height\" content=\"1024\" \/>\n\t<meta property=\"og:image:type\" content=\"image\/png\" \/>\n<meta name=\"twitter:card\" content=\"summary_large_image\" \/>\n<meta name=\"twitter:label1\" content=\"Est. reading time\" \/>\n\t<meta name=\"twitter:data1\" content=\"1 minute\" \/>\n<script type=\"application\/ld+json\" class=\"yoast-schema-graph\">{\"@context\":\"https:\/\/schema.org\",\"@graph\":[{\"@type\":\"WebPage\",\"@id\":\"https:\/\/bunnyboo.ro\/produs\/baby-nest-ola-liewood-double-dot-silver-lining\/\",\"url\":\"https:\/\/bunnyboo.ro\/produs\/baby-nest-ola-liewood-double-dot-silver-lining\/\",\"name\":\"Baby Nest Ola Liewood - Double dot\/Silver Lining\",\"isPartOf\":{\"@id\":\"https:\/\/bunnyboo.ro\/#website\"},\"primaryImageOfPage\":{\"@id\":\"https:\/\/bunnyboo.ro\/produs\/baby-nest-ola-liewood-double-dot-silver-lining\/#primaryimage\"},\"image\":{\"@id\":\"https:\/\/bunnyboo.ro\/produs\/baby-nest-ola-liewood-double-dot-silver-lining\/#primaryimage\"},\"thumbnailUrl\":\"https:\/\/bunnyboo.ro\/wp-content\/uploads\/2024\/07\/Ola_Baby_Nest_LW17415_2186_Double_dot_SIlver_lining_1.png\",\"datePublished\":\"2024-07-26T07:59:09+00:00\",\"dateModified\":\"2025-11-04T08:42:11+00:00\",\"breadcrumb\":{\"@id\":\"https:\/\/bunnyboo.ro\/produs\/baby-nest-ola-liewood-double-dot-silver-lining\/#breadcrumb\"},\"inLanguage\":\"en-US\",\"potentialAction\":[{\"@type\":\"ReadAction\",\"target\":[\"https:\/\/bunnyboo.ro\/produs\/baby-nest-ola-liewood-double-dot-silver-lining\/\"]}]},{\"@type\":\"ImageObject\",\"inLanguage\":\"en-US\",\"@id\":\"https:\/\/bunnyboo.ro\/produs\/baby-nest-ola-liewood-double-dot-silver-lining\/#primaryimage\",\"url\":\"https:\/\/bunnyboo.ro\/wp-content\/uploads\/2024\/07\/Ola_Baby_Nest_LW17415_2186_Double_dot_SIlver_lining_1.png\",\"contentUrl\":\"https:\/\/bunnyboo.ro\/wp-content\/uploads\/2024\/07\/Ola_Baby_Nest_LW17415_2186_Double_dot_SIlver_lining_1.png\",\"width\":2000,\"height\":2000},{\"@type\":\"BreadcrumbList\",\"@id\":\"https:\/\/bunnyboo.ro\/produs\/baby-nest-ola-liewood-double-dot-silver-lining\/#breadcrumb\",\"itemListElement\":[{\"@type\":\"ListItem\",\"position\":1,\"name\":\"Home\",\"item\":\"https:\/\/bunnyboo.ro\/en\/\"},{\"@type\":\"ListItem\",\"position\":2,\"name\":\"New\",\"item\":\"https:\/\/bunnyboo.ro\/en\/shop\/\"},{\"@type\":\"ListItem\",\"position\":3,\"name\":\"Baby Nest Ola Liewood &#8211; Double dot\/Silver Lining\"}]},{\"@type\":\"WebSite\",\"@id\":\"https:\/\/bunnyboo.ro\/#website\",\"url\":\"https:\/\/bunnyboo.ro\/\",\"name\":\"Bunny Boo\",\"description\":\"Bunny Boo\",\"publisher\":{\"@id\":\"https:\/\/bunnyboo.ro\/#organization\"},\"potentialAction\":[{\"@type\":\"SearchAction\",\"target\":{\"@type\":\"EntryPoint\",\"urlTemplate\":\"https:\/\/bunnyboo.ro\/?s={search_term_string}\"},\"query-input\":\"required name=search_term_string\"}],\"inLanguage\":\"en-US\"},{\"@type\":\"Organization\",\"@id\":\"https:\/\/bunnyboo.ro\/#organization\",\"name\":\"Bunny Boo\",\"url\":\"https:\/\/bunnyboo.ro\/\",\"logo\":{\"@type\":\"ImageObject\",\"inLanguage\":\"en-US\",\"@id\":\"https:\/\/bunnyboo.ro\/#\/schema\/logo\/image\/\",\"url\":\"https:\/\/bunnyboo.ro\/wp-content\/uploads\/2024\/03\/Logo-website-black.png\",\"contentUrl\":\"https:\/\/bunnyboo.ro\/wp-content\/uploads\/2024\/03\/Logo-website-black.png\",\"width\":2422,\"height\":946,\"caption\":\"Bunny Boo\"},\"image\":{\"@id\":\"https:\/\/bunnyboo.ro\/#\/schema\/logo\/image\/\"}}]}<\/script>\n<!-- \/ Yoast SEO plugin. -->","yoast_head_json":{"title":"Baby Nest Ola Liewood - Double dot\/Silver Lining","robots":{"index":"index","follow":"follow","max-snippet":"max-snippet:-1","max-image-preview":"max-image-preview:large","max-video-preview":"max-video-preview:-1"},"canonical":"https:\/\/bunnyboo.ro\/produs\/baby-nest-ola-liewood-double-dot-silver-lining\/","og_locale":"en_US","og_type":"article","og_title":"Baby Nest Ola Liewood - Double dot\/Silver Lining","og_description":"Cuibul nostru de activit\u0103\u021bi Ola este fabricat din bumbac organic 100% \u0219i poate fi folosit at\u00e2t ca si cuib pentru copii, c\u00e2t \u0219i ca \u0219i p\u0103tur\u0103 de activitate c\u00e2nd este desf\u0103\u0219urat. Cu p\u0103r\u021bile laterale care pot fi ajustate cu \u0219iruri ascunse \u00eentr-un buzunar mic \u00een spatele unei huse, Ola este un set suplimentar de m\u00e2ini [&hellip;]","og_url":"https:\/\/bunnyboo.ro\/produs\/baby-nest-ola-liewood-double-dot-silver-lining\/","og_site_name":"Bunny Boo","article_modified_time":"2025-11-04T08:42:11+00:00","og_image":[{"width":1024,"height":1024,"url":"https:\/\/bunnyboo.ro\/wp-content\/uploads\/2024\/07\/Ola_Baby_Nest_LW17415_2186_Double_dot_SIlver_lining_1-1024x1024.png","type":"image\/png"}],"twitter_card":"summary_large_image","twitter_misc":{"Est. reading time":"1 minute"},"schema":{"@context":"https:\/\/schema.org","@graph":[{"@type":"WebPage","@id":"https:\/\/bunnyboo.ro\/produs\/baby-nest-ola-liewood-double-dot-silver-lining\/","url":"https:\/\/bunnyboo.ro\/produs\/baby-nest-ola-liewood-double-dot-silver-lining\/","name":"Baby Nest Ola Liewood - Double dot\/Silver Lining","isPartOf":{"@id":"https:\/\/bunnyboo.ro\/#website"},"primaryImageOfPage":{"@id":"https:\/\/bunnyboo.ro\/produs\/baby-nest-ola-liewood-double-dot-silver-lining\/#primaryimage"},"image":{"@id":"https:\/\/bunnyboo.ro\/produs\/baby-nest-ola-liewood-double-dot-silver-lining\/#primaryimage"},"thumbnailUrl":"https:\/\/bunnyboo.ro\/wp-content\/uploads\/2024\/07\/Ola_Baby_Nest_LW17415_2186_Double_dot_SIlver_lining_1.png","datePublished":"2024-07-26T07:59:09+00:00","dateModified":"2025-11-04T08:42:11+00:00","breadcrumb":{"@id":"https:\/\/bunnyboo.ro\/produs\/baby-nest-ola-liewood-double-dot-silver-lining\/#breadcrumb"},"inLanguage":"en-US","potentialAction":[{"@type":"ReadAction","target":["https:\/\/bunnyboo.ro\/produs\/baby-nest-ola-liewood-double-dot-silver-lining\/"]}]},{"@type":"ImageObject","inLanguage":"en-US","@id":"https:\/\/bunnyboo.ro\/produs\/baby-nest-ola-liewood-double-dot-silver-lining\/#primaryimage","url":"https:\/\/bunnyboo.ro\/wp-content\/uploads\/2024\/07\/Ola_Baby_Nest_LW17415_2186_Double_dot_SIlver_lining_1.png","contentUrl":"https:\/\/bunnyboo.ro\/wp-content\/uploads\/2024\/07\/Ola_Baby_Nest_LW17415_2186_Double_dot_SIlver_lining_1.png","width":2000,"height":2000},{"@type":"BreadcrumbList","@id":"https:\/\/bunnyboo.ro\/produs\/baby-nest-ola-liewood-double-dot-silver-lining\/#breadcrumb","itemListElement":[{"@type":"ListItem","position":1,"name":"Home","item":"https:\/\/bunnyboo.ro\/en\/"},{"@type":"ListItem","position":2,"name":"New","item":"https:\/\/bunnyboo.ro\/en\/shop\/"},{"@type":"ListItem","position":3,"name":"Baby Nest Ola Liewood &#8211; Double dot\/Silver Lining"}]},{"@type":"WebSite","@id":"https:\/\/bunnyboo.ro\/#website","url":"https:\/\/bunnyboo.ro\/","name":"Bunny Boo","description":"Bunny Boo","publisher":{"@id":"https:\/\/bunnyboo.ro\/#organization"},"potentialAction":[{"@type":"SearchAction","target":{"@type":"EntryPoint","urlTemplate":"https:\/\/bunnyboo.ro\/?s={search_term_string}"},"query-input":"required name=search_term_string"}],"inLanguage":"en-US"},{"@type":"Organization","@id":"https:\/\/bunnyboo.ro\/#organization","name":"Bunny Boo","url":"https:\/\/bunnyboo.ro\/","logo":{"@type":"ImageObject","inLanguage":"en-US","@id":"https:\/\/bunnyboo.ro\/#\/schema\/logo\/image\/","url":"https:\/\/bunnyboo.ro\/wp-content\/uploads\/2024\/03\/Logo-website-black.png","contentUrl":"https:\/\/bunnyboo.ro\/wp-content\/uploads\/2024\/03\/Logo-website-black.png","width":2422,"height":946,"caption":"Bunny Boo"},"image":{"@id":"https:\/\/bunnyboo.ro\/#\/schema\/logo\/image\/"}}]}},"_links":{"self":[{"href":"https:\/\/bunnyboo.ro\/en\/wp-json\/wp\/v2\/product\/27929","targetHints":{"allow":["GET"]}}],"collection":[{"href":"https:\/\/bunnyboo.ro\/en\/wp-json\/wp\/v2\/product"}],"about":[{"href":"https:\/\/bunnyboo.ro\/en\/wp-json\/wp\/v2\/types\/product"}],"replies":[{"embeddable":true,"href":"https:\/\/bunnyboo.ro\/en\/wp-json\/wp\/v2\/comments?post=27929"}],"wp:featuredmedia":[{"embeddable":true,"href":"https:\/\/bunnyboo.ro\/en\/wp-json\/wp\/v2\/media\/27930"}],"wp:attachment":[{"href":"https:\/\/bunnyboo.ro\/en\/wp-json\/wp\/v2\/media?parent=27929"}],"wp:term":[{"taxonomy":"product_brand","embeddable":true,"href":"https:\/\/bunnyboo.ro\/en\/wp-json\/wp\/v2\/product_brand?post=27929"},{"taxonomy":"product_cat","embeddable":true,"href":"https:\/\/bunnyboo.ro\/en\/wp-json\/wp\/v2\/product_cat?post=27929"},{"taxonomy":"product_tag","embeddable":true,"href":"https:\/\/bunnyboo.ro\/en\/wp-json\/wp\/v2\/product_tag?post=27929"}],"curies":[{"name":"wp","href":"https:\/\/api.w.org\/{rel}","templated":true}]}}