{"id":27893,"date":"2024-07-19T10:57:49","date_gmt":"2024-07-19T07:57:49","guid":{"rendered":"https:\/\/bunnyboo.ro\/?post_type=product&#038;p=27893"},"modified":"2026-01-27T09:55:38","modified_gmt":"2026-01-27T07:55:38","slug":"snoopy-first-light","status":"publish","type":"product","link":"https:\/\/bunnyboo.ro\/en\/produs\/snoopy-first-light\/","title":{"rendered":"Snoopy Prima mea lampa"},"content":{"rendered":"<p>SNOOPY! \u00cen aceast\u0103 edi\u021bie complet alb\u0103, cu lumini de noapte, Snoopy este cool ca \u00eentotdeauna, prietenul perfect de birou \u0219i o muz\u0103 inspirat\u0103 pentru aventurile tale de zi cu zi.<\/p>\n<p>Aceast\u0103 lampa Snoopy este fabricat\u0103 din silicon moale f\u0103r\u0103 BPA, ceea ce o face rezistent\u0103 la ma\u0219ina de sp\u0103lat vase. Scoate\u021bi lampa LED din carcasa din silicon \u0219i sp\u0103la\u021bi carcasa cu restul articolelor din silicon pentru bebelu\u0219i. De asemenea, pute\u021bi folosi pur \u0219i simplu o c\u00e2rp\u0103 umed\u0103 pentru a cur\u0103\u021ba produsul.<\/p>\n<p>Pentru a asigura o utilizare de lung\u0103 durat\u0103, v\u0103 rug\u0103m s\u0103 ave\u021bi grij\u0103 \u0219i de LED-ul re\u00eenc\u0103rcabil. Nu-l l\u0103sa\u021bi la \u00eenc\u0103rcare mai mult dec\u00e2t este necesar, \u00eenc\u0103rca\u021bi doar c\u00e2nd este necesar.<\/p>\n<p>Material: Silicon moale, nu con\u021bine BPA<\/p>\n<p>Dimensiuni: 15 x 22 cm<\/p>\n<p>Brand: Mr Maria<\/p>\n","protected":false},"excerpt":{"rendered":"<p>SNOOPY! \u00cen aceast\u0103 edi\u021bie complet alb\u0103, cu lumini de noapte, Snoopy este cool ca \u00eentotdeauna, prietenul perfect de birou \u0219i o muz\u0103 inspirat\u0103 pentru aventurile tale de zi cu zi. Aceast\u0103 lampa Snoopy este fabricat\u0103 din silicon moale f\u0103r\u0103 BPA, ceea ce o face rezistent\u0103 la ma\u0219ina de sp\u0103lat vase. Scoate\u021bi lampa LED din carcasa [&hellip;]<\/p>\n","protected":false},"featured_media":27894,"comment_status":"open","ping_status":"closed","template":"","meta":{"site-sidebar-layout":"default","site-content-layout":"","ast-site-content-layout":"default","site-content-style":"default","site-sidebar-style":"default","ast-global-header-display":"","ast-banner-title-visibility":"","ast-main-header-display":"","ast-hfb-above-header-display":"","ast-hfb-below-header-display":"","ast-hfb-mobile-header-display":"","site-post-title":"","ast-breadcrumbs-content":"","ast-featured-img":"","footer-sml-layout":"","theme-transparent-header-meta":"default","adv-header-id-meta":"","stick-header-meta":"default","header-above-stick-meta":"","header-main-stick-meta":"","header-below-stick-meta":"","astra-migrate-meta-layouts":"set","ast-page-background-enabled":"default","ast-page-background-meta":{"desktop":{"background-color":"","background-image":"","background-repeat":"repeat","background-position":"center center","background-size":"auto","background-attachment":"scroll","background-type":"","background-media":"","overlay-type":"","overlay-color":"","overlay-opacity":"","overlay-gradient":""},"tablet":{"background-color":"","background-image":"","background-repeat":"repeat","background-position":"center center","background-size":"auto","background-attachment":"scroll","background-type":"","background-media":"","overlay-type":"","overlay-color":"","overlay-opacity":"","overlay-gradient":""},"mobile":{"background-color":"","background-image":"","background-repeat":"repeat","background-position":"center center","background-size":"auto","background-attachment":"scroll","background-type":"","background-media":"","overlay-type":"","overlay-color":"","overlay-opacity":"","overlay-gradient":""}},"ast-content-background-meta":{"desktop":{"background-color":"var(--ast-global-color-5)","background-image":"","background-repeat":"repeat","background-position":"center center","background-size":"auto","background-attachment":"scroll","background-type":"","background-media":"","overlay-type":"","overlay-color":"","overlay-opacity":"","overlay-gradient":""},"tablet":{"background-color":"var(--ast-global-color-5)","background-image":"","background-repeat":"repeat","background-position":"center center","background-size":"auto","background-attachment":"scroll","background-type":"","background-media":"","overlay-type":"","overlay-color":"","overlay-opacity":"","overlay-gradient":""},"mobile":{"background-color":"var(--ast-global-color-5)","background-image":"","background-repeat":"repeat","background-position":"center center","background-size":"auto","background-attachment":"scroll","background-type":"","background-media":"","overlay-type":"","overlay-color":"","overlay-opacity":"","overlay-gradient":""}}},"product_brand":[],"product_cat":[53,132],"product_tag":[],"class_list":{"0":"post-27893","1":"product","2":"type-product","3":"status-publish","4":"has-post-thumbnail","6":"product_cat-somn-linistit-pentru-puiul-tau","7":"product_cat-reduceri-pentru-tine","8":"desktop-align-left","9":"tablet-align-left","10":"mobile-align-left","11":"ast-product-gallery-layout-horizontal-slider","12":"ast-product-tabs-layout-vertical","13":"ast-qv-on-image","15":"first","16":"instock","17":"sale","18":"shipping-taxable","19":"purchasable","20":"product-type-simple"},"yoast_head":"<!-- This site is optimized with the Yoast SEO plugin v22.6 - https:\/\/yoast.com\/wordpress\/plugins\/seo\/ -->\n<title>Snoopy Prima mea lampa<\/title>\n<meta name=\"robots\" content=\"index, follow, max-snippet:-1, max-image-preview:large, max-video-preview:-1\" \/>\n<link rel=\"canonical\" href=\"https:\/\/bunnyboo.ro\/produs\/snoopy-first-light\/\" \/>\n<meta property=\"og:locale\" content=\"en_US\" \/>\n<meta property=\"og:type\" content=\"article\" \/>\n<meta property=\"og:title\" content=\"Snoopy Prima mea lampa\" \/>\n<meta property=\"og:description\" content=\"SNOOPY! \u00cen aceast\u0103 edi\u021bie complet alb\u0103, cu lumini de noapte, Snoopy este cool ca \u00eentotdeauna, prietenul perfect de birou \u0219i o muz\u0103 inspirat\u0103 pentru aventurile tale de zi cu zi. Aceast\u0103 lampa Snoopy este fabricat\u0103 din silicon moale f\u0103r\u0103 BPA, ceea ce o face rezistent\u0103 la ma\u0219ina de sp\u0103lat vase. Scoate\u021bi lampa LED din carcasa [&hellip;]\" \/>\n<meta property=\"og:url\" content=\"https:\/\/bunnyboo.ro\/produs\/snoopy-first-light\/\" \/>\n<meta property=\"og:site_name\" content=\"Bunny Boo\" \/>\n<meta property=\"article:modified_time\" content=\"2026-01-27T07:55:38+00:00\" \/>\n<meta property=\"og:image\" content=\"https:\/\/bunnyboo.ro\/wp-content\/uploads\/2024\/07\/mrmariaxsnoopy_packshotoff-ezgif.com-webp-to-jpg-converter.jpg\" \/>\n\t<meta property=\"og:image:width\" content=\"800\" \/>\n\t<meta property=\"og:image:height\" content=\"800\" \/>\n\t<meta property=\"og:image:type\" content=\"image\/jpeg\" \/>\n<meta name=\"twitter:card\" content=\"summary_large_image\" \/>\n<meta name=\"twitter:label1\" content=\"Est. reading time\" \/>\n\t<meta name=\"twitter:data1\" content=\"1 minute\" \/>\n<script type=\"application\/ld+json\" class=\"yoast-schema-graph\">{\"@context\":\"https:\/\/schema.org\",\"@graph\":[{\"@type\":\"WebPage\",\"@id\":\"https:\/\/bunnyboo.ro\/produs\/snoopy-first-light\/\",\"url\":\"https:\/\/bunnyboo.ro\/produs\/snoopy-first-light\/\",\"name\":\"Snoopy Prima mea lampa\",\"isPartOf\":{\"@id\":\"https:\/\/bunnyboo.ro\/#website\"},\"primaryImageOfPage\":{\"@id\":\"https:\/\/bunnyboo.ro\/produs\/snoopy-first-light\/#primaryimage\"},\"image\":{\"@id\":\"https:\/\/bunnyboo.ro\/produs\/snoopy-first-light\/#primaryimage\"},\"thumbnailUrl\":\"https:\/\/bunnyboo.ro\/wp-content\/uploads\/2024\/07\/mrmariaxsnoopy_packshotoff-ezgif.com-webp-to-jpg-converter.jpg\",\"datePublished\":\"2024-07-19T07:57:49+00:00\",\"dateModified\":\"2026-01-27T07:55:38+00:00\",\"breadcrumb\":{\"@id\":\"https:\/\/bunnyboo.ro\/produs\/snoopy-first-light\/#breadcrumb\"},\"inLanguage\":\"en-US\",\"potentialAction\":[{\"@type\":\"ReadAction\",\"target\":[\"https:\/\/bunnyboo.ro\/produs\/snoopy-first-light\/\"]}]},{\"@type\":\"ImageObject\",\"inLanguage\":\"en-US\",\"@id\":\"https:\/\/bunnyboo.ro\/produs\/snoopy-first-light\/#primaryimage\",\"url\":\"https:\/\/bunnyboo.ro\/wp-content\/uploads\/2024\/07\/mrmariaxsnoopy_packshotoff-ezgif.com-webp-to-jpg-converter.jpg\",\"contentUrl\":\"https:\/\/bunnyboo.ro\/wp-content\/uploads\/2024\/07\/mrmariaxsnoopy_packshotoff-ezgif.com-webp-to-jpg-converter.jpg\",\"width\":800,\"height\":800},{\"@type\":\"BreadcrumbList\",\"@id\":\"https:\/\/bunnyboo.ro\/produs\/snoopy-first-light\/#breadcrumb\",\"itemListElement\":[{\"@type\":\"ListItem\",\"position\":1,\"name\":\"Home\",\"item\":\"https:\/\/bunnyboo.ro\/en\/\"},{\"@type\":\"ListItem\",\"position\":2,\"name\":\"New\",\"item\":\"https:\/\/bunnyboo.ro\/en\/shop\/\"},{\"@type\":\"ListItem\",\"position\":3,\"name\":\"Snoopy Prima mea lampa\"}]},{\"@type\":\"WebSite\",\"@id\":\"https:\/\/bunnyboo.ro\/#website\",\"url\":\"https:\/\/bunnyboo.ro\/\",\"name\":\"Bunny Boo\",\"description\":\"Bunny Boo\",\"publisher\":{\"@id\":\"https:\/\/bunnyboo.ro\/#organization\"},\"potentialAction\":[{\"@type\":\"SearchAction\",\"target\":{\"@type\":\"EntryPoint\",\"urlTemplate\":\"https:\/\/bunnyboo.ro\/?s={search_term_string}\"},\"query-input\":\"required name=search_term_string\"}],\"inLanguage\":\"en-US\"},{\"@type\":\"Organization\",\"@id\":\"https:\/\/bunnyboo.ro\/#organization\",\"name\":\"Bunny Boo\",\"url\":\"https:\/\/bunnyboo.ro\/\",\"logo\":{\"@type\":\"ImageObject\",\"inLanguage\":\"en-US\",\"@id\":\"https:\/\/bunnyboo.ro\/#\/schema\/logo\/image\/\",\"url\":\"https:\/\/bunnyboo.ro\/wp-content\/uploads\/2024\/03\/Logo-website-black.png\",\"contentUrl\":\"https:\/\/bunnyboo.ro\/wp-content\/uploads\/2024\/03\/Logo-website-black.png\",\"width\":2422,\"height\":946,\"caption\":\"Bunny Boo\"},\"image\":{\"@id\":\"https:\/\/bunnyboo.ro\/#\/schema\/logo\/image\/\"}}]}<\/script>\n<!-- \/ Yoast SEO plugin. -->","yoast_head_json":{"title":"Snoopy Prima mea lampa","robots":{"index":"index","follow":"follow","max-snippet":"max-snippet:-1","max-image-preview":"max-image-preview:large","max-video-preview":"max-video-preview:-1"},"canonical":"https:\/\/bunnyboo.ro\/produs\/snoopy-first-light\/","og_locale":"en_US","og_type":"article","og_title":"Snoopy Prima mea lampa","og_description":"SNOOPY! \u00cen aceast\u0103 edi\u021bie complet alb\u0103, cu lumini de noapte, Snoopy este cool ca \u00eentotdeauna, prietenul perfect de birou \u0219i o muz\u0103 inspirat\u0103 pentru aventurile tale de zi cu zi. Aceast\u0103 lampa Snoopy este fabricat\u0103 din silicon moale f\u0103r\u0103 BPA, ceea ce o face rezistent\u0103 la ma\u0219ina de sp\u0103lat vase. Scoate\u021bi lampa LED din carcasa [&hellip;]","og_url":"https:\/\/bunnyboo.ro\/produs\/snoopy-first-light\/","og_site_name":"Bunny Boo","article_modified_time":"2026-01-27T07:55:38+00:00","og_image":[{"width":800,"height":800,"url":"https:\/\/bunnyboo.ro\/wp-content\/uploads\/2024\/07\/mrmariaxsnoopy_packshotoff-ezgif.com-webp-to-jpg-converter.jpg","type":"image\/jpeg"}],"twitter_card":"summary_large_image","twitter_misc":{"Est. reading time":"1 minute"},"schema":{"@context":"https:\/\/schema.org","@graph":[{"@type":"WebPage","@id":"https:\/\/bunnyboo.ro\/produs\/snoopy-first-light\/","url":"https:\/\/bunnyboo.ro\/produs\/snoopy-first-light\/","name":"Snoopy Prima mea lampa","isPartOf":{"@id":"https:\/\/bunnyboo.ro\/#website"},"primaryImageOfPage":{"@id":"https:\/\/bunnyboo.ro\/produs\/snoopy-first-light\/#primaryimage"},"image":{"@id":"https:\/\/bunnyboo.ro\/produs\/snoopy-first-light\/#primaryimage"},"thumbnailUrl":"https:\/\/bunnyboo.ro\/wp-content\/uploads\/2024\/07\/mrmariaxsnoopy_packshotoff-ezgif.com-webp-to-jpg-converter.jpg","datePublished":"2024-07-19T07:57:49+00:00","dateModified":"2026-01-27T07:55:38+00:00","breadcrumb":{"@id":"https:\/\/bunnyboo.ro\/produs\/snoopy-first-light\/#breadcrumb"},"inLanguage":"en-US","potentialAction":[{"@type":"ReadAction","target":["https:\/\/bunnyboo.ro\/produs\/snoopy-first-light\/"]}]},{"@type":"ImageObject","inLanguage":"en-US","@id":"https:\/\/bunnyboo.ro\/produs\/snoopy-first-light\/#primaryimage","url":"https:\/\/bunnyboo.ro\/wp-content\/uploads\/2024\/07\/mrmariaxsnoopy_packshotoff-ezgif.com-webp-to-jpg-converter.jpg","contentUrl":"https:\/\/bunnyboo.ro\/wp-content\/uploads\/2024\/07\/mrmariaxsnoopy_packshotoff-ezgif.com-webp-to-jpg-converter.jpg","width":800,"height":800},{"@type":"BreadcrumbList","@id":"https:\/\/bunnyboo.ro\/produs\/snoopy-first-light\/#breadcrumb","itemListElement":[{"@type":"ListItem","position":1,"name":"Home","item":"https:\/\/bunnyboo.ro\/en\/"},{"@type":"ListItem","position":2,"name":"New","item":"https:\/\/bunnyboo.ro\/en\/shop\/"},{"@type":"ListItem","position":3,"name":"Snoopy Prima mea lampa"}]},{"@type":"WebSite","@id":"https:\/\/bunnyboo.ro\/#website","url":"https:\/\/bunnyboo.ro\/","name":"Bunny Boo","description":"Bunny Boo","publisher":{"@id":"https:\/\/bunnyboo.ro\/#organization"},"potentialAction":[{"@type":"SearchAction","target":{"@type":"EntryPoint","urlTemplate":"https:\/\/bunnyboo.ro\/?s={search_term_string}"},"query-input":"required name=search_term_string"}],"inLanguage":"en-US"},{"@type":"Organization","@id":"https:\/\/bunnyboo.ro\/#organization","name":"Bunny Boo","url":"https:\/\/bunnyboo.ro\/","logo":{"@type":"ImageObject","inLanguage":"en-US","@id":"https:\/\/bunnyboo.ro\/#\/schema\/logo\/image\/","url":"https:\/\/bunnyboo.ro\/wp-content\/uploads\/2024\/03\/Logo-website-black.png","contentUrl":"https:\/\/bunnyboo.ro\/wp-content\/uploads\/2024\/03\/Logo-website-black.png","width":2422,"height":946,"caption":"Bunny Boo"},"image":{"@id":"https:\/\/bunnyboo.ro\/#\/schema\/logo\/image\/"}}]}},"_links":{"self":[{"href":"https:\/\/bunnyboo.ro\/en\/wp-json\/wp\/v2\/product\/27893","targetHints":{"allow":["GET"]}}],"collection":[{"href":"https:\/\/bunnyboo.ro\/en\/wp-json\/wp\/v2\/product"}],"about":[{"href":"https:\/\/bunnyboo.ro\/en\/wp-json\/wp\/v2\/types\/product"}],"replies":[{"embeddable":true,"href":"https:\/\/bunnyboo.ro\/en\/wp-json\/wp\/v2\/comments?post=27893"}],"wp:featuredmedia":[{"embeddable":true,"href":"https:\/\/bunnyboo.ro\/en\/wp-json\/wp\/v2\/media\/27894"}],"wp:attachment":[{"href":"https:\/\/bunnyboo.ro\/en\/wp-json\/wp\/v2\/media?parent=27893"}],"wp:term":[{"taxonomy":"product_brand","embeddable":true,"href":"https:\/\/bunnyboo.ro\/en\/wp-json\/wp\/v2\/product_brand?post=27893"},{"taxonomy":"product_cat","embeddable":true,"href":"https:\/\/bunnyboo.ro\/en\/wp-json\/wp\/v2\/product_cat?post=27893"},{"taxonomy":"product_tag","embeddable":true,"href":"https:\/\/bunnyboo.ro\/en\/wp-json\/wp\/v2\/product_tag?post=27893"}],"curies":[{"name":"wp","href":"https:\/\/api.w.org\/{rel}","templated":true}]}}