{"id":27834,"date":"2024-07-12T13:14:59","date_gmt":"2024-07-12T10:14:59","guid":{"rendered":"https:\/\/bunnyboo.ro\/?post_type=product&#038;p=27834"},"modified":"2025-11-17T14:09:26","modified_gmt":"2025-11-17T12:09:26","slug":"set-4-cosuri-de-depozitare-s-liewood-sandy","status":"publish","type":"product","link":"https:\/\/bunnyboo.ro\/en\/produs\/set-4-cosuri-de-depozitare-s-liewood-sandy\/","title":{"rendered":"Set 4 cosuri de depozitare Makeeva S Liewood &#8211; Sandy"},"content":{"rendered":"<p>Cosurile ce se stivuiesc, Makeeva ofer\u0103 solu\u021bia perfect\u0103 pentru depozitare deschis\u0103 \u0219i accesibil\u0103. Este stivuibil atunci c\u00e2nd este gol \u0219i u\u0219or de \u00eencadrat \u00een dulapuri pentru depozitare. Ideal pentru accesorii, juc\u0103rii mai mici \u0219i multe altele. Acest design simplist \u0219i perforat are m\u00e2nere pentru un transport u\u0219or \u00een casa, at\u00e2t de catre membrii mici ai familiei, c\u00e2t \u0219i de catre cei mai mari.<\/p>\n<p>Co\u0219 de plastic stivuibil &#8211; mic<\/p>\n<p>Cu m\u00e2nere simpliste<\/p>\n<p>Fabricat din 60% PP reciclat<\/p>\n<p>Cu laturile perforate<\/p>\n<p>pachet de 4<\/p>\n<p>Dimensiuni: Inaltime (cm) 14,5, Lungime (cm) 21,5, Latime (cm) 30<\/p>\n","protected":false},"excerpt":{"rendered":"<p>Cosurile ce se stivuiesc, Makeeva ofer\u0103 solu\u021bia perfect\u0103 pentru depozitare deschis\u0103 \u0219i accesibil\u0103. Este stivuibil atunci c\u00e2nd este gol \u0219i u\u0219or de \u00eencadrat \u00een dulapuri pentru depozitare. Ideal pentru accesorii, juc\u0103rii mai mici \u0219i multe altele. Acest design simplist \u0219i perforat are m\u00e2nere pentru un transport u\u0219or \u00een casa, at\u00e2t de catre membrii mici ai [&hellip;]<\/p>\n","protected":false},"featured_media":27835,"comment_status":"open","ping_status":"closed","template":"","meta":{"site-sidebar-layout":"default","site-content-layout":"","ast-site-content-layout":"default","site-content-style":"default","site-sidebar-style":"default","ast-global-header-display":"","ast-banner-title-visibility":"","ast-main-header-display":"","ast-hfb-above-header-display":"","ast-hfb-below-header-display":"","ast-hfb-mobile-header-display":"","site-post-title":"","ast-breadcrumbs-content":"","ast-featured-img":"","footer-sml-layout":"","theme-transparent-header-meta":"default","adv-header-id-meta":"","stick-header-meta":"default","header-above-stick-meta":"","header-main-stick-meta":"","header-below-stick-meta":"","astra-migrate-meta-layouts":"set","ast-page-background-enabled":"default","ast-page-background-meta":{"desktop":{"background-color":"","background-image":"","background-repeat":"repeat","background-position":"center center","background-size":"auto","background-attachment":"scroll","background-type":"","background-media":"","overlay-type":"","overlay-color":"","overlay-opacity":"","overlay-gradient":""},"tablet":{"background-color":"","background-image":"","background-repeat":"repeat","background-position":"center center","background-size":"auto","background-attachment":"scroll","background-type":"","background-media":"","overlay-type":"","overlay-color":"","overlay-opacity":"","overlay-gradient":""},"mobile":{"background-color":"","background-image":"","background-repeat":"repeat","background-position":"center center","background-size":"auto","background-attachment":"scroll","background-type":"","background-media":"","overlay-type":"","overlay-color":"","overlay-opacity":"","overlay-gradient":""}},"ast-content-background-meta":{"desktop":{"background-color":"var(--ast-global-color-5)","background-image":"","background-repeat":"repeat","background-position":"center center","background-size":"auto","background-attachment":"scroll","background-type":"","background-media":"","overlay-type":"","overlay-color":"","overlay-opacity":"","overlay-gradient":""},"tablet":{"background-color":"var(--ast-global-color-5)","background-image":"","background-repeat":"repeat","background-position":"center center","background-size":"auto","background-attachment":"scroll","background-type":"","background-media":"","overlay-type":"","overlay-color":"","overlay-opacity":"","overlay-gradient":""},"mobile":{"background-color":"var(--ast-global-color-5)","background-image":"","background-repeat":"repeat","background-position":"center center","background-size":"auto","background-attachment":"scroll","background-type":"","background-media":"","overlay-type":"","overlay-color":"","overlay-opacity":"","overlay-gradient":""}}},"product_brand":[],"product_cat":[56,65],"product_tag":[],"class_list":{"0":"post-27834","1":"product","2":"type-product","3":"status-publish","4":"has-post-thumbnail","6":"product_cat-casuta-jucariilor-voastre-este-aici","7":"product_cat-noutati-minunate-pentru-puiul-tau","8":"desktop-align-left","9":"tablet-align-left","10":"mobile-align-left","11":"ast-product-gallery-layout-horizontal-slider","12":"ast-product-tabs-layout-vertical","13":"ast-qv-on-image","15":"first","16":"instock","17":"shipping-taxable","18":"purchasable","19":"product-type-simple"},"yoast_head":"<!-- This site is optimized with the Yoast SEO plugin v22.6 - https:\/\/yoast.com\/wordpress\/plugins\/seo\/ -->\n<title>Set 4 cosuri de depozitare Makeeva S Liewood - Sandy<\/title>\n<meta name=\"robots\" content=\"index, follow, max-snippet:-1, max-image-preview:large, max-video-preview:-1\" \/>\n<link rel=\"canonical\" href=\"https:\/\/bunnyboo.ro\/produs\/set-4-cosuri-de-depozitare-s-liewood-sandy\/\" \/>\n<meta property=\"og:locale\" content=\"en_US\" \/>\n<meta property=\"og:type\" content=\"article\" \/>\n<meta property=\"og:title\" content=\"Set 4 cosuri de depozitare Makeeva S Liewood - Sandy\" \/>\n<meta property=\"og:description\" content=\"Cosurile ce se stivuiesc, Makeeva ofer\u0103 solu\u021bia perfect\u0103 pentru depozitare deschis\u0103 \u0219i accesibil\u0103. Este stivuibil atunci c\u00e2nd este gol \u0219i u\u0219or de \u00eencadrat \u00een dulapuri pentru depozitare. Ideal pentru accesorii, juc\u0103rii mai mici \u0219i multe altele. Acest design simplist \u0219i perforat are m\u00e2nere pentru un transport u\u0219or \u00een casa, at\u00e2t de catre membrii mici ai [&hellip;]\" \/>\n<meta property=\"og:url\" content=\"https:\/\/bunnyboo.ro\/produs\/set-4-cosuri-de-depozitare-s-liewood-sandy\/\" \/>\n<meta property=\"og:site_name\" content=\"Bunny Boo\" \/>\n<meta property=\"article:modified_time\" content=\"2025-11-17T12:09:26+00:00\" \/>\n<meta property=\"og:image\" content=\"https:\/\/bunnyboo.ro\/wp-content\/uploads\/2024\/07\/Makeeva-baskets-S-4-pack_LW17445_5060_Sandy_1-scaled.png\" \/>\n\t<meta property=\"og:image:width\" content=\"2560\" \/>\n\t<meta property=\"og:image:height\" content=\"1572\" \/>\n\t<meta property=\"og:image:type\" content=\"image\/png\" \/>\n<meta name=\"twitter:card\" content=\"summary_large_image\" \/>\n<script type=\"application\/ld+json\" class=\"yoast-schema-graph\">{\"@context\":\"https:\/\/schema.org\",\"@graph\":[{\"@type\":\"WebPage\",\"@id\":\"https:\/\/bunnyboo.ro\/produs\/set-4-cosuri-de-depozitare-s-liewood-sandy\/\",\"url\":\"https:\/\/bunnyboo.ro\/produs\/set-4-cosuri-de-depozitare-s-liewood-sandy\/\",\"name\":\"Set 4 cosuri de depozitare Makeeva S Liewood - Sandy\",\"isPartOf\":{\"@id\":\"https:\/\/bunnyboo.ro\/#website\"},\"primaryImageOfPage\":{\"@id\":\"https:\/\/bunnyboo.ro\/produs\/set-4-cosuri-de-depozitare-s-liewood-sandy\/#primaryimage\"},\"image\":{\"@id\":\"https:\/\/bunnyboo.ro\/produs\/set-4-cosuri-de-depozitare-s-liewood-sandy\/#primaryimage\"},\"thumbnailUrl\":\"https:\/\/bunnyboo.ro\/wp-content\/uploads\/2024\/07\/Makeeva-baskets-S-4-pack_LW17445_5060_Sandy_1-scaled.png\",\"datePublished\":\"2024-07-12T10:14:59+00:00\",\"dateModified\":\"2025-11-17T12:09:26+00:00\",\"breadcrumb\":{\"@id\":\"https:\/\/bunnyboo.ro\/produs\/set-4-cosuri-de-depozitare-s-liewood-sandy\/#breadcrumb\"},\"inLanguage\":\"en-US\",\"potentialAction\":[{\"@type\":\"ReadAction\",\"target\":[\"https:\/\/bunnyboo.ro\/produs\/set-4-cosuri-de-depozitare-s-liewood-sandy\/\"]}]},{\"@type\":\"ImageObject\",\"inLanguage\":\"en-US\",\"@id\":\"https:\/\/bunnyboo.ro\/produs\/set-4-cosuri-de-depozitare-s-liewood-sandy\/#primaryimage\",\"url\":\"https:\/\/bunnyboo.ro\/wp-content\/uploads\/2024\/07\/Makeeva-baskets-S-4-pack_LW17445_5060_Sandy_1-scaled.png\",\"contentUrl\":\"https:\/\/bunnyboo.ro\/wp-content\/uploads\/2024\/07\/Makeeva-baskets-S-4-pack_LW17445_5060_Sandy_1-scaled.png\",\"width\":2560,\"height\":1572},{\"@type\":\"BreadcrumbList\",\"@id\":\"https:\/\/bunnyboo.ro\/produs\/set-4-cosuri-de-depozitare-s-liewood-sandy\/#breadcrumb\",\"itemListElement\":[{\"@type\":\"ListItem\",\"position\":1,\"name\":\"Home\",\"item\":\"https:\/\/bunnyboo.ro\/en\/\"},{\"@type\":\"ListItem\",\"position\":2,\"name\":\"New\",\"item\":\"https:\/\/bunnyboo.ro\/en\/shop\/\"},{\"@type\":\"ListItem\",\"position\":3,\"name\":\"Set 4 cosuri de depozitare Makeeva S Liewood &#8211; Sandy\"}]},{\"@type\":\"WebSite\",\"@id\":\"https:\/\/bunnyboo.ro\/#website\",\"url\":\"https:\/\/bunnyboo.ro\/\",\"name\":\"Bunny Boo\",\"description\":\"Bunny Boo\",\"publisher\":{\"@id\":\"https:\/\/bunnyboo.ro\/#organization\"},\"potentialAction\":[{\"@type\":\"SearchAction\",\"target\":{\"@type\":\"EntryPoint\",\"urlTemplate\":\"https:\/\/bunnyboo.ro\/?s={search_term_string}\"},\"query-input\":\"required name=search_term_string\"}],\"inLanguage\":\"en-US\"},{\"@type\":\"Organization\",\"@id\":\"https:\/\/bunnyboo.ro\/#organization\",\"name\":\"Bunny Boo\",\"url\":\"https:\/\/bunnyboo.ro\/\",\"logo\":{\"@type\":\"ImageObject\",\"inLanguage\":\"en-US\",\"@id\":\"https:\/\/bunnyboo.ro\/#\/schema\/logo\/image\/\",\"url\":\"https:\/\/bunnyboo.ro\/wp-content\/uploads\/2024\/03\/Logo-website-black.png\",\"contentUrl\":\"https:\/\/bunnyboo.ro\/wp-content\/uploads\/2024\/03\/Logo-website-black.png\",\"width\":2422,\"height\":946,\"caption\":\"Bunny Boo\"},\"image\":{\"@id\":\"https:\/\/bunnyboo.ro\/#\/schema\/logo\/image\/\"}}]}<\/script>\n<!-- \/ Yoast SEO plugin. -->","yoast_head_json":{"title":"Set 4 cosuri de depozitare Makeeva S Liewood - Sandy","robots":{"index":"index","follow":"follow","max-snippet":"max-snippet:-1","max-image-preview":"max-image-preview:large","max-video-preview":"max-video-preview:-1"},"canonical":"https:\/\/bunnyboo.ro\/produs\/set-4-cosuri-de-depozitare-s-liewood-sandy\/","og_locale":"en_US","og_type":"article","og_title":"Set 4 cosuri de depozitare Makeeva S Liewood - Sandy","og_description":"Cosurile ce se stivuiesc, Makeeva ofer\u0103 solu\u021bia perfect\u0103 pentru depozitare deschis\u0103 \u0219i accesibil\u0103. Este stivuibil atunci c\u00e2nd este gol \u0219i u\u0219or de \u00eencadrat \u00een dulapuri pentru depozitare. Ideal pentru accesorii, juc\u0103rii mai mici \u0219i multe altele. Acest design simplist \u0219i perforat are m\u00e2nere pentru un transport u\u0219or \u00een casa, at\u00e2t de catre membrii mici ai [&hellip;]","og_url":"https:\/\/bunnyboo.ro\/produs\/set-4-cosuri-de-depozitare-s-liewood-sandy\/","og_site_name":"Bunny Boo","article_modified_time":"2025-11-17T12:09:26+00:00","og_image":[{"width":2560,"height":1572,"url":"https:\/\/bunnyboo.ro\/wp-content\/uploads\/2024\/07\/Makeeva-baskets-S-4-pack_LW17445_5060_Sandy_1-scaled.png","type":"image\/png"}],"twitter_card":"summary_large_image","schema":{"@context":"https:\/\/schema.org","@graph":[{"@type":"WebPage","@id":"https:\/\/bunnyboo.ro\/produs\/set-4-cosuri-de-depozitare-s-liewood-sandy\/","url":"https:\/\/bunnyboo.ro\/produs\/set-4-cosuri-de-depozitare-s-liewood-sandy\/","name":"Set 4 cosuri de depozitare Makeeva S Liewood - Sandy","isPartOf":{"@id":"https:\/\/bunnyboo.ro\/#website"},"primaryImageOfPage":{"@id":"https:\/\/bunnyboo.ro\/produs\/set-4-cosuri-de-depozitare-s-liewood-sandy\/#primaryimage"},"image":{"@id":"https:\/\/bunnyboo.ro\/produs\/set-4-cosuri-de-depozitare-s-liewood-sandy\/#primaryimage"},"thumbnailUrl":"https:\/\/bunnyboo.ro\/wp-content\/uploads\/2024\/07\/Makeeva-baskets-S-4-pack_LW17445_5060_Sandy_1-scaled.png","datePublished":"2024-07-12T10:14:59+00:00","dateModified":"2025-11-17T12:09:26+00:00","breadcrumb":{"@id":"https:\/\/bunnyboo.ro\/produs\/set-4-cosuri-de-depozitare-s-liewood-sandy\/#breadcrumb"},"inLanguage":"en-US","potentialAction":[{"@type":"ReadAction","target":["https:\/\/bunnyboo.ro\/produs\/set-4-cosuri-de-depozitare-s-liewood-sandy\/"]}]},{"@type":"ImageObject","inLanguage":"en-US","@id":"https:\/\/bunnyboo.ro\/produs\/set-4-cosuri-de-depozitare-s-liewood-sandy\/#primaryimage","url":"https:\/\/bunnyboo.ro\/wp-content\/uploads\/2024\/07\/Makeeva-baskets-S-4-pack_LW17445_5060_Sandy_1-scaled.png","contentUrl":"https:\/\/bunnyboo.ro\/wp-content\/uploads\/2024\/07\/Makeeva-baskets-S-4-pack_LW17445_5060_Sandy_1-scaled.png","width":2560,"height":1572},{"@type":"BreadcrumbList","@id":"https:\/\/bunnyboo.ro\/produs\/set-4-cosuri-de-depozitare-s-liewood-sandy\/#breadcrumb","itemListElement":[{"@type":"ListItem","position":1,"name":"Home","item":"https:\/\/bunnyboo.ro\/en\/"},{"@type":"ListItem","position":2,"name":"New","item":"https:\/\/bunnyboo.ro\/en\/shop\/"},{"@type":"ListItem","position":3,"name":"Set 4 cosuri de depozitare Makeeva S Liewood &#8211; Sandy"}]},{"@type":"WebSite","@id":"https:\/\/bunnyboo.ro\/#website","url":"https:\/\/bunnyboo.ro\/","name":"Bunny Boo","description":"Bunny Boo","publisher":{"@id":"https:\/\/bunnyboo.ro\/#organization"},"potentialAction":[{"@type":"SearchAction","target":{"@type":"EntryPoint","urlTemplate":"https:\/\/bunnyboo.ro\/?s={search_term_string}"},"query-input":"required name=search_term_string"}],"inLanguage":"en-US"},{"@type":"Organization","@id":"https:\/\/bunnyboo.ro\/#organization","name":"Bunny Boo","url":"https:\/\/bunnyboo.ro\/","logo":{"@type":"ImageObject","inLanguage":"en-US","@id":"https:\/\/bunnyboo.ro\/#\/schema\/logo\/image\/","url":"https:\/\/bunnyboo.ro\/wp-content\/uploads\/2024\/03\/Logo-website-black.png","contentUrl":"https:\/\/bunnyboo.ro\/wp-content\/uploads\/2024\/03\/Logo-website-black.png","width":2422,"height":946,"caption":"Bunny Boo"},"image":{"@id":"https:\/\/bunnyboo.ro\/#\/schema\/logo\/image\/"}}]}},"_links":{"self":[{"href":"https:\/\/bunnyboo.ro\/en\/wp-json\/wp\/v2\/product\/27834","targetHints":{"allow":["GET"]}}],"collection":[{"href":"https:\/\/bunnyboo.ro\/en\/wp-json\/wp\/v2\/product"}],"about":[{"href":"https:\/\/bunnyboo.ro\/en\/wp-json\/wp\/v2\/types\/product"}],"replies":[{"embeddable":true,"href":"https:\/\/bunnyboo.ro\/en\/wp-json\/wp\/v2\/comments?post=27834"}],"wp:featuredmedia":[{"embeddable":true,"href":"https:\/\/bunnyboo.ro\/en\/wp-json\/wp\/v2\/media\/27835"}],"wp:attachment":[{"href":"https:\/\/bunnyboo.ro\/en\/wp-json\/wp\/v2\/media?parent=27834"}],"wp:term":[{"taxonomy":"product_brand","embeddable":true,"href":"https:\/\/bunnyboo.ro\/en\/wp-json\/wp\/v2\/product_brand?post=27834"},{"taxonomy":"product_cat","embeddable":true,"href":"https:\/\/bunnyboo.ro\/en\/wp-json\/wp\/v2\/product_cat?post=27834"},{"taxonomy":"product_tag","embeddable":true,"href":"https:\/\/bunnyboo.ro\/en\/wp-json\/wp\/v2\/product_tag?post=27834"}],"curies":[{"name":"wp","href":"https:\/\/api.w.org\/{rel}","templated":true}]}}