{"id":27798,"date":"2024-07-12T12:45:28","date_gmt":"2024-07-12T09:45:28","guid":{"rendered":"https:\/\/bunnyboo.ro\/?post_type=product&#038;p=27798"},"modified":"2026-03-26T14:35:42","modified_gmt":"2026-03-26T12:35:42","slug":"sticla-de-apa-kimmie-din-otel-cu-manere-250-ml-unicorn","status":"publish","type":"product","link":"https:\/\/bunnyboo.ro\/en\/produs\/sticla-de-apa-kimmie-din-otel-cu-manere-250-ml-unicorn\/","title":{"rendered":"Sticla de apa Kimmie din otel, cu manere 250 ml- Unicorn"},"content":{"rendered":"<p>O versiune inovatoare, prietenoasa pentru copii mici, sticla de apa Kimmie are doua manere usoare pe capac, un pai incorporat si este realizata din otel inoxidabil 18\/8. Capacul se potrive\u0219te tuturor sticlelor Falk, f\u0103c\u00e2ndu-l \u00eenso\u021bitorul perfect pentru nevoile de hidratare ale micu\u021bului t\u0103u.<\/p>\n<p>O versiune prietenoas\u0103 pentru copiii mici a sticlei Falk<\/p>\n<p>\u2022 Men\u021bine lichidele reci p\u00e2n\u0103 la 12 ore<br \/>\n\u2022 Men\u021bine lichidele calde p\u00e2n\u0103 la 6 ore<br \/>\n\u2022 Fabricat\u0103 din sticla de ap\u0103 din o\u021bel inoxidabil 18\/8<br \/>\n\u2022 Cu dou\u0103 m\u00e2nere u\u0219oare pe capac<br \/>\n\u2022 Are un \u00een paie<br \/>\n\u2022 Capacul este compatibil cu toate sticlele Falk<br \/>\nDimensiuni: diametru (cm) 6,5, \u00een\u0103l\u021bime (cm) 16, l\u0103\u021bime (cm) 11,5<\/p>\n","protected":false},"excerpt":{"rendered":"<p>O versiune inovatoare, prietenoasa pentru copii mici, sticla de apa Kimmie are doua manere usoare pe capac, un pai incorporat si este realizata din otel inoxidabil 18\/8. Capacul se potrive\u0219te tuturor sticlelor Falk, f\u0103c\u00e2ndu-l \u00eenso\u021bitorul perfect pentru nevoile de hidratare ale micu\u021bului t\u0103u. O versiune prietenoas\u0103 pentru copiii mici a sticlei Falk \u2022 Men\u021bine lichidele [&hellip;]<\/p>\n","protected":false},"featured_media":27799,"comment_status":"open","ping_status":"closed","template":"","meta":{"site-sidebar-layout":"default","site-content-layout":"","ast-site-content-layout":"default","site-content-style":"default","site-sidebar-style":"default","ast-global-header-display":"","ast-banner-title-visibility":"","ast-main-header-display":"","ast-hfb-above-header-display":"","ast-hfb-below-header-display":"","ast-hfb-mobile-header-display":"","site-post-title":"","ast-breadcrumbs-content":"","ast-featured-img":"","footer-sml-layout":"","theme-transparent-header-meta":"default","adv-header-id-meta":"","stick-header-meta":"default","header-above-stick-meta":"","header-main-stick-meta":"","header-below-stick-meta":"","astra-migrate-meta-layouts":"set","ast-page-background-enabled":"default","ast-page-background-meta":{"desktop":{"background-color":"","background-image":"","background-repeat":"repeat","background-position":"center center","background-size":"auto","background-attachment":"scroll","background-type":"","background-media":"","overlay-type":"","overlay-color":"","overlay-opacity":"","overlay-gradient":""},"tablet":{"background-color":"","background-image":"","background-repeat":"repeat","background-position":"center center","background-size":"auto","background-attachment":"scroll","background-type":"","background-media":"","overlay-type":"","overlay-color":"","overlay-opacity":"","overlay-gradient":""},"mobile":{"background-color":"","background-image":"","background-repeat":"repeat","background-position":"center center","background-size":"auto","background-attachment":"scroll","background-type":"","background-media":"","overlay-type":"","overlay-color":"","overlay-opacity":"","overlay-gradient":""}},"ast-content-background-meta":{"desktop":{"background-color":"var(--ast-global-color-5)","background-image":"","background-repeat":"repeat","background-position":"center center","background-size":"auto","background-attachment":"scroll","background-type":"","background-media":"","overlay-type":"","overlay-color":"","overlay-opacity":"","overlay-gradient":""},"tablet":{"background-color":"var(--ast-global-color-5)","background-image":"","background-repeat":"repeat","background-position":"center center","background-size":"auto","background-attachment":"scroll","background-type":"","background-media":"","overlay-type":"","overlay-color":"","overlay-opacity":"","overlay-gradient":""},"mobile":{"background-color":"var(--ast-global-color-5)","background-image":"","background-repeat":"repeat","background-position":"center center","background-size":"auto","background-attachment":"scroll","background-type":"","background-media":"","overlay-type":"","overlay-color":"","overlay-opacity":"","overlay-gradient":""}}},"product_brand":[],"product_cat":[65,75,130],"product_tag":[],"class_list":{"0":"post-27798","1":"product","2":"type-product","3":"status-publish","4":"has-post-thumbnail","6":"product_cat-noutati-minunate-pentru-puiul-tau","7":"product_cat-sticla-de-apa-favorita","8":"product_cat-articole-pentru-masa-esentiale-puiului-tau-mic","9":"desktop-align-left","10":"tablet-align-left","11":"mobile-align-left","12":"ast-product-gallery-layout-horizontal-slider","13":"ast-product-tabs-layout-vertical","14":"ast-qv-on-image","16":"first","17":"instock","18":"shipping-taxable","19":"purchasable","20":"product-type-simple"},"yoast_head":"<!-- This site is optimized with the Yoast SEO plugin v22.6 - https:\/\/yoast.com\/wordpress\/plugins\/seo\/ -->\n<title>Sticla de apa Kimmie din otel, cu manere 250 ml- Unicorn<\/title>\n<meta name=\"robots\" content=\"index, follow, max-snippet:-1, max-image-preview:large, max-video-preview:-1\" \/>\n<link rel=\"canonical\" href=\"https:\/\/bunnyboo.ro\/produs\/sticla-de-apa-kimmie-din-otel-cu-manere-250-ml-unicorn\/\" \/>\n<meta property=\"og:locale\" content=\"en_US\" \/>\n<meta property=\"og:type\" content=\"article\" \/>\n<meta property=\"og:title\" content=\"Sticla de apa Kimmie din otel, cu manere 250 ml- Unicorn\" \/>\n<meta property=\"og:description\" content=\"O versiune inovatoare, prietenoasa pentru copii mici, sticla de apa Kimmie are doua manere usoare pe capac, un pai incorporat si este realizata din otel inoxidabil 18\/8. Capacul se potrive\u0219te tuturor sticlelor Falk, f\u0103c\u00e2ndu-l \u00eenso\u021bitorul perfect pentru nevoile de hidratare ale micu\u021bului t\u0103u. O versiune prietenoas\u0103 pentru copiii mici a sticlei Falk \u2022 Men\u021bine lichidele [&hellip;]\" \/>\n<meta property=\"og:url\" content=\"https:\/\/bunnyboo.ro\/produs\/sticla-de-apa-kimmie-din-otel-cu-manere-250-ml-unicorn\/\" \/>\n<meta property=\"og:site_name\" content=\"Bunny Boo\" \/>\n<meta property=\"article:modified_time\" content=\"2026-03-26T12:35:42+00:00\" \/>\n<meta property=\"og:image\" content=\"https:\/\/bunnyboo.ro\/wp-content\/uploads\/2024\/07\/Kimmie_printed_bottle_250_ml_LW19618_2190_Unicorn_Pale_tuscany_1.png\" \/>\n\t<meta property=\"og:image:width\" content=\"2000\" \/>\n\t<meta property=\"og:image:height\" content=\"2000\" \/>\n\t<meta property=\"og:image:type\" content=\"image\/png\" \/>\n<meta name=\"twitter:card\" content=\"summary_large_image\" \/>\n<meta name=\"twitter:label1\" content=\"Est. reading time\" \/>\n\t<meta name=\"twitter:data1\" content=\"1 minute\" \/>\n<script type=\"application\/ld+json\" class=\"yoast-schema-graph\">{\"@context\":\"https:\/\/schema.org\",\"@graph\":[{\"@type\":\"WebPage\",\"@id\":\"https:\/\/bunnyboo.ro\/produs\/sticla-de-apa-kimmie-din-otel-cu-manere-250-ml-unicorn\/\",\"url\":\"https:\/\/bunnyboo.ro\/produs\/sticla-de-apa-kimmie-din-otel-cu-manere-250-ml-unicorn\/\",\"name\":\"Sticla de apa Kimmie din otel, cu manere 250 ml- Unicorn\",\"isPartOf\":{\"@id\":\"https:\/\/bunnyboo.ro\/#website\"},\"primaryImageOfPage\":{\"@id\":\"https:\/\/bunnyboo.ro\/produs\/sticla-de-apa-kimmie-din-otel-cu-manere-250-ml-unicorn\/#primaryimage\"},\"image\":{\"@id\":\"https:\/\/bunnyboo.ro\/produs\/sticla-de-apa-kimmie-din-otel-cu-manere-250-ml-unicorn\/#primaryimage\"},\"thumbnailUrl\":\"https:\/\/bunnyboo.ro\/wp-content\/uploads\/2024\/07\/Kimmie_printed_bottle_250_ml_LW19618_2190_Unicorn_Pale_tuscany_1.png\",\"datePublished\":\"2024-07-12T09:45:28+00:00\",\"dateModified\":\"2026-03-26T12:35:42+00:00\",\"breadcrumb\":{\"@id\":\"https:\/\/bunnyboo.ro\/produs\/sticla-de-apa-kimmie-din-otel-cu-manere-250-ml-unicorn\/#breadcrumb\"},\"inLanguage\":\"en-US\",\"potentialAction\":[{\"@type\":\"ReadAction\",\"target\":[\"https:\/\/bunnyboo.ro\/produs\/sticla-de-apa-kimmie-din-otel-cu-manere-250-ml-unicorn\/\"]}]},{\"@type\":\"ImageObject\",\"inLanguage\":\"en-US\",\"@id\":\"https:\/\/bunnyboo.ro\/produs\/sticla-de-apa-kimmie-din-otel-cu-manere-250-ml-unicorn\/#primaryimage\",\"url\":\"https:\/\/bunnyboo.ro\/wp-content\/uploads\/2024\/07\/Kimmie_printed_bottle_250_ml_LW19618_2190_Unicorn_Pale_tuscany_1.png\",\"contentUrl\":\"https:\/\/bunnyboo.ro\/wp-content\/uploads\/2024\/07\/Kimmie_printed_bottle_250_ml_LW19618_2190_Unicorn_Pale_tuscany_1.png\",\"width\":2000,\"height\":2000},{\"@type\":\"BreadcrumbList\",\"@id\":\"https:\/\/bunnyboo.ro\/produs\/sticla-de-apa-kimmie-din-otel-cu-manere-250-ml-unicorn\/#breadcrumb\",\"itemListElement\":[{\"@type\":\"ListItem\",\"position\":1,\"name\":\"Home\",\"item\":\"https:\/\/bunnyboo.ro\/en\/\"},{\"@type\":\"ListItem\",\"position\":2,\"name\":\"New\",\"item\":\"https:\/\/bunnyboo.ro\/en\/shop\/\"},{\"@type\":\"ListItem\",\"position\":3,\"name\":\"Sticla de apa Kimmie din otel, cu manere 250 ml- Unicorn\"}]},{\"@type\":\"WebSite\",\"@id\":\"https:\/\/bunnyboo.ro\/#website\",\"url\":\"https:\/\/bunnyboo.ro\/\",\"name\":\"Bunny Boo\",\"description\":\"Bunny Boo\",\"publisher\":{\"@id\":\"https:\/\/bunnyboo.ro\/#organization\"},\"potentialAction\":[{\"@type\":\"SearchAction\",\"target\":{\"@type\":\"EntryPoint\",\"urlTemplate\":\"https:\/\/bunnyboo.ro\/?s={search_term_string}\"},\"query-input\":\"required name=search_term_string\"}],\"inLanguage\":\"en-US\"},{\"@type\":\"Organization\",\"@id\":\"https:\/\/bunnyboo.ro\/#organization\",\"name\":\"Bunny Boo\",\"url\":\"https:\/\/bunnyboo.ro\/\",\"logo\":{\"@type\":\"ImageObject\",\"inLanguage\":\"en-US\",\"@id\":\"https:\/\/bunnyboo.ro\/#\/schema\/logo\/image\/\",\"url\":\"https:\/\/bunnyboo.ro\/wp-content\/uploads\/2024\/03\/Logo-website-black.png\",\"contentUrl\":\"https:\/\/bunnyboo.ro\/wp-content\/uploads\/2024\/03\/Logo-website-black.png\",\"width\":2422,\"height\":946,\"caption\":\"Bunny Boo\"},\"image\":{\"@id\":\"https:\/\/bunnyboo.ro\/#\/schema\/logo\/image\/\"}}]}<\/script>\n<!-- \/ Yoast SEO plugin. -->","yoast_head_json":{"title":"Sticla de apa Kimmie din otel, cu manere 250 ml- Unicorn","robots":{"index":"index","follow":"follow","max-snippet":"max-snippet:-1","max-image-preview":"max-image-preview:large","max-video-preview":"max-video-preview:-1"},"canonical":"https:\/\/bunnyboo.ro\/produs\/sticla-de-apa-kimmie-din-otel-cu-manere-250-ml-unicorn\/","og_locale":"en_US","og_type":"article","og_title":"Sticla de apa Kimmie din otel, cu manere 250 ml- Unicorn","og_description":"O versiune inovatoare, prietenoasa pentru copii mici, sticla de apa Kimmie are doua manere usoare pe capac, un pai incorporat si este realizata din otel inoxidabil 18\/8. Capacul se potrive\u0219te tuturor sticlelor Falk, f\u0103c\u00e2ndu-l \u00eenso\u021bitorul perfect pentru nevoile de hidratare ale micu\u021bului t\u0103u. O versiune prietenoas\u0103 pentru copiii mici a sticlei Falk \u2022 Men\u021bine lichidele [&hellip;]","og_url":"https:\/\/bunnyboo.ro\/produs\/sticla-de-apa-kimmie-din-otel-cu-manere-250-ml-unicorn\/","og_site_name":"Bunny Boo","article_modified_time":"2026-03-26T12:35:42+00:00","og_image":[{"width":2000,"height":2000,"url":"https:\/\/bunnyboo.ro\/wp-content\/uploads\/2024\/07\/Kimmie_printed_bottle_250_ml_LW19618_2190_Unicorn_Pale_tuscany_1.png","type":"image\/png"}],"twitter_card":"summary_large_image","twitter_misc":{"Est. reading time":"1 minute"},"schema":{"@context":"https:\/\/schema.org","@graph":[{"@type":"WebPage","@id":"https:\/\/bunnyboo.ro\/produs\/sticla-de-apa-kimmie-din-otel-cu-manere-250-ml-unicorn\/","url":"https:\/\/bunnyboo.ro\/produs\/sticla-de-apa-kimmie-din-otel-cu-manere-250-ml-unicorn\/","name":"Sticla de apa Kimmie din otel, cu manere 250 ml- Unicorn","isPartOf":{"@id":"https:\/\/bunnyboo.ro\/#website"},"primaryImageOfPage":{"@id":"https:\/\/bunnyboo.ro\/produs\/sticla-de-apa-kimmie-din-otel-cu-manere-250-ml-unicorn\/#primaryimage"},"image":{"@id":"https:\/\/bunnyboo.ro\/produs\/sticla-de-apa-kimmie-din-otel-cu-manere-250-ml-unicorn\/#primaryimage"},"thumbnailUrl":"https:\/\/bunnyboo.ro\/wp-content\/uploads\/2024\/07\/Kimmie_printed_bottle_250_ml_LW19618_2190_Unicorn_Pale_tuscany_1.png","datePublished":"2024-07-12T09:45:28+00:00","dateModified":"2026-03-26T12:35:42+00:00","breadcrumb":{"@id":"https:\/\/bunnyboo.ro\/produs\/sticla-de-apa-kimmie-din-otel-cu-manere-250-ml-unicorn\/#breadcrumb"},"inLanguage":"en-US","potentialAction":[{"@type":"ReadAction","target":["https:\/\/bunnyboo.ro\/produs\/sticla-de-apa-kimmie-din-otel-cu-manere-250-ml-unicorn\/"]}]},{"@type":"ImageObject","inLanguage":"en-US","@id":"https:\/\/bunnyboo.ro\/produs\/sticla-de-apa-kimmie-din-otel-cu-manere-250-ml-unicorn\/#primaryimage","url":"https:\/\/bunnyboo.ro\/wp-content\/uploads\/2024\/07\/Kimmie_printed_bottle_250_ml_LW19618_2190_Unicorn_Pale_tuscany_1.png","contentUrl":"https:\/\/bunnyboo.ro\/wp-content\/uploads\/2024\/07\/Kimmie_printed_bottle_250_ml_LW19618_2190_Unicorn_Pale_tuscany_1.png","width":2000,"height":2000},{"@type":"BreadcrumbList","@id":"https:\/\/bunnyboo.ro\/produs\/sticla-de-apa-kimmie-din-otel-cu-manere-250-ml-unicorn\/#breadcrumb","itemListElement":[{"@type":"ListItem","position":1,"name":"Home","item":"https:\/\/bunnyboo.ro\/en\/"},{"@type":"ListItem","position":2,"name":"New","item":"https:\/\/bunnyboo.ro\/en\/shop\/"},{"@type":"ListItem","position":3,"name":"Sticla de apa Kimmie din otel, cu manere 250 ml- Unicorn"}]},{"@type":"WebSite","@id":"https:\/\/bunnyboo.ro\/#website","url":"https:\/\/bunnyboo.ro\/","name":"Bunny Boo","description":"Bunny Boo","publisher":{"@id":"https:\/\/bunnyboo.ro\/#organization"},"potentialAction":[{"@type":"SearchAction","target":{"@type":"EntryPoint","urlTemplate":"https:\/\/bunnyboo.ro\/?s={search_term_string}"},"query-input":"required name=search_term_string"}],"inLanguage":"en-US"},{"@type":"Organization","@id":"https:\/\/bunnyboo.ro\/#organization","name":"Bunny Boo","url":"https:\/\/bunnyboo.ro\/","logo":{"@type":"ImageObject","inLanguage":"en-US","@id":"https:\/\/bunnyboo.ro\/#\/schema\/logo\/image\/","url":"https:\/\/bunnyboo.ro\/wp-content\/uploads\/2024\/03\/Logo-website-black.png","contentUrl":"https:\/\/bunnyboo.ro\/wp-content\/uploads\/2024\/03\/Logo-website-black.png","width":2422,"height":946,"caption":"Bunny Boo"},"image":{"@id":"https:\/\/bunnyboo.ro\/#\/schema\/logo\/image\/"}}]}},"_links":{"self":[{"href":"https:\/\/bunnyboo.ro\/en\/wp-json\/wp\/v2\/product\/27798","targetHints":{"allow":["GET"]}}],"collection":[{"href":"https:\/\/bunnyboo.ro\/en\/wp-json\/wp\/v2\/product"}],"about":[{"href":"https:\/\/bunnyboo.ro\/en\/wp-json\/wp\/v2\/types\/product"}],"replies":[{"embeddable":true,"href":"https:\/\/bunnyboo.ro\/en\/wp-json\/wp\/v2\/comments?post=27798"}],"wp:featuredmedia":[{"embeddable":true,"href":"https:\/\/bunnyboo.ro\/en\/wp-json\/wp\/v2\/media\/27799"}],"wp:attachment":[{"href":"https:\/\/bunnyboo.ro\/en\/wp-json\/wp\/v2\/media?parent=27798"}],"wp:term":[{"taxonomy":"product_brand","embeddable":true,"href":"https:\/\/bunnyboo.ro\/en\/wp-json\/wp\/v2\/product_brand?post=27798"},{"taxonomy":"product_cat","embeddable":true,"href":"https:\/\/bunnyboo.ro\/en\/wp-json\/wp\/v2\/product_cat?post=27798"},{"taxonomy":"product_tag","embeddable":true,"href":"https:\/\/bunnyboo.ro\/en\/wp-json\/wp\/v2\/product_tag?post=27798"}],"curies":[{"name":"wp","href":"https:\/\/api.w.org\/{rel}","templated":true}]}}